{"id":7144,"date":"2023-06-19T16:50:53","date_gmt":"2023-06-19T16:50:53","guid":{"rendered":"https:\/\/ksproducts.ca\/?page_id=7144"},"modified":"2026-02-03T17:58:14","modified_gmt":"2026-02-03T17:58:14","slug":"politique-dexpedition","status":"publish","type":"page","link":"https:\/\/ksproducts.ca\/fr\/shipping-policy\/","title":{"rendered":"Politique d'exp\u00e9dition"},"content":{"rendered":"<div data-elementor-type=\"wp-page\" data-elementor-id=\"7144\" class=\"elementor elementor-7144\">\n\t\t\t\t<div class=\"elementor-element elementor-element-6e1c23ef e-flex e-con-boxed e-con e-parent\" data-id=\"6e1c23ef\" data-element_type=\"container\" data-e-type=\"container\">\n\t\t\t\t\t<div class=\"e-con-inner\">\n\t\t\t\t<div class=\"elementor-element elementor-element-54e27fac elementor-widget elementor-widget-text-editor\" data-id=\"54e27fac\" data-element_type=\"widget\" data-e-type=\"widget\" data-widget_type=\"text-editor.default\">\n\t\t\t\t<div class=\"elementor-widget-container\">\n\t\t\t\t\t\t\t\t\t<h2 class=\"fusion-responsive-typography-calculated\" data-fontsize=\"50\" data-lineheight=\"63px\">Exp\u00e9dition et livraison<\/h2><p><b>Politique d'exp\u00e9dition<\/b><\/p><p>Chez Kennedy Sales, nous mettons tout en \u0153uvre pour que votre commande soit trait\u00e9e et livr\u00e9e le plus rapidement et le plus facilement possible. Veuillez consulter les d\u00e9tails ci-dessous concernant nos pratiques d'exp\u00e9dition, nos d\u00e9lais et nos frais.<\/p><p><b>D\u00e9lai de traitement des commandes<\/b><\/p><p>Toutes les commandes sont trait\u00e9es dans un d\u00e9lai de 2 \u00e0 3 jours ouvrables (hors week-ends et jours f\u00e9ri\u00e9s) apr\u00e8s r\u00e9ception de l'e-mail de confirmation de votre commande. Vous recevrez une autre notification lorsque votre commande aura \u00e9t\u00e9 exp\u00e9di\u00e9e.<\/p><p>Remarque : en p\u00e9riode de forte affluence, les d\u00e9lais de traitement peuvent \u00eatre l\u00e9g\u00e8rement allong\u00e9s.<\/p><p><b>M\u00e9thodes d'exp\u00e9dition<\/b><\/p><p>Nous nous associons \u00e0 des transporteurs de confiance pour assurer une livraison fiable et rapide dans tout le Canada :<\/p><ul><li aria-level=\"1\">Postes Canada<\/li><li aria-level=\"1\">Purolator<\/li><li aria-level=\"1\">FedEx<\/li><li aria-level=\"1\">UPS<\/li><li aria-level=\"1\">Day &amp; Ross<\/li><\/ul><p>Une fois votre commande exp\u00e9di\u00e9e, vous recevrez un courrier \u00e9lectronique contenant les informations de suivi (le cas \u00e9ch\u00e9ant) afin que vous puissiez suivre l'\u00e9volution de la livraison.<\/p><p><b>Tarifs d'exp\u00e9dition<\/b><\/p><p>Les frais d'exp\u00e9dition sont calcul\u00e9s en fonction de la taille et du poids de votre commande, ainsi que du lieu de livraison. Nos frais d'exp\u00e9dition standard varient actuellement de $9.99 \u00e0 $149.99 en fonction des dimensions du colis et de la destination.<\/p><p>Remarque : dans certains cas, les livraisons dans des r\u00e9gions \u00e9loign\u00e9es ou difficiles d'acc\u00e8s peuvent faire l'objet de frais d'exp\u00e9dition suppl\u00e9mentaires. Pour l'instant, ces frais sont d\u00e9termin\u00e9s une fois que votre commande est en cours de traitement. Si votre adresse se trouve dans l'une de ces zones, notre \u00e9quipe d'assistance \u00e0 la client\u00e8le vous contactera rapidement pour vous communiquer les d\u00e9tails et les options avant que votre commande ne soit exp\u00e9di\u00e9e.<\/p><p><b>R\u00e9gions d'exp\u00e9dition<\/b><\/p><p>Nous n'exp\u00e9dions actuellement qu'\u00e0 l'int\u00e9rieur du Canada.<\/p><p><b>Pickups<\/b><\/p><p>Pour l'instant, le ramassage local n'est pas possible, sauf accord contraire. Veuillez appeler ou envoyer un courriel \u00e0 notre \u00e9quipe d'assistance \u00e0 la client\u00e8le avant de passer votre commande pour savoir si l'enl\u00e8vement est possible.<\/p><p><b>Estimations de livraison<\/b><\/p><p>Les d\u00e9lais de livraison estim\u00e9s varient en fonction de la destination et de la m\u00e9thode d'exp\u00e9dition. Une fois exp\u00e9di\u00e9es, la plupart des livraisons standard arrivent dans un d\u00e9lai de 3 \u00e0 7 jours ouvrables, en fonction de votre lieu de r\u00e9sidence.<\/p><p>Remarque : les d\u00e9lais d'exp\u00e9dition sont des estimations et ne sont pas garantis, car ils d\u00e9pendent des conditions de service du transporteur et de facteurs externes tels que les conditions m\u00e9t\u00e9orologiques ou les retards logistiques.<\/p><p><b>Colis endommag\u00e9s, perdus ou retard\u00e9s<\/b><\/p><p>Si votre commande arrive endommag\u00e9e, ou si vous pensez qu'elle a \u00e9t\u00e9 perdue ou retard\u00e9e pendant le transport, veuillez nous contacter dans les 7 jours suivant la date de livraison pr\u00e9vue \u00e0 l'adresse suivante <a href=\"https:\/\/ksproducts.ca\/fr\/nous-contacter\/\"><span style=\"text-decoration: underline;\">ksproducts.ca\/contact-us\/<\/span><\/a>\u00a0 Nous travaillerons avec le transporteur pour enqu\u00eater sur le probl\u00e8me et le r\u00e9soudre.<\/p>\t\t\t\t\t\t\t\t<\/div>\n\t\t\t\t<\/div>\n\t\t\t\t\t<\/div>\n\t\t\t\t<\/div>\n\t\t\t\t<\/div>","protected":false},"excerpt":{"rendered":"<p>Shipping &amp; Delivery Shipping Policy At Kennedy Sales, we work hard to ensure your order is processed and delivered as quickly and smoothly as possible. Please review the details below<\/p>","protected":false},"author":1,"featured_media":0,"parent":0,"menu_order":0,"comment_status":"closed","ping_status":"closed","template":"","meta":{"footnotes":""},"class_list":["post-7144","page","type-page","status-publish","hentry"],"yoast_head":"<!-- This site is optimized with the Yoast SEO plugin v27.4 - https:\/\/yoast.com\/product\/yoast-seo-wordpress\/ -->\n<title>Shipping Policy - Ks Products<\/title>\n<meta name=\"robots\" content=\"index, follow, max-snippet:-1, max-image-preview:large, max-video-preview:-1\" \/>\n<link rel=\"canonical\" href=\"https:\/\/ksproducts.ca\/fr\/politique-dexpedition\/\" \/>\n<meta property=\"og:locale\" content=\"fr_CA\" \/>\n<meta property=\"og:type\" content=\"article\" \/>\n<meta property=\"og:title\" content=\"Shipping Policy - Ks Products\" \/>\n<meta property=\"og:description\" content=\"Shipping &amp; Delivery Shipping Policy At Kennedy Sales, we work hard to ensure your order is processed and delivered as quickly and smoothly as possible. Please review the details below\" \/>\n<meta property=\"og:url\" content=\"https:\/\/ksproducts.ca\/fr\/politique-dexpedition\/\" \/>\n<meta property=\"og:site_name\" content=\"Ks Products\" \/>\n<meta property=\"article:modified_time\" content=\"2026-02-03T17:58:14+00:00\" \/>\n<meta property=\"og:image\" content=\"https:\/\/ksproducts.ca\/wp-content\/uploads\/2023\/09\/Kennedy-Sales-Logo-header-1.png\" \/>\n\t<meta property=\"og:image:width\" content=\"150\" \/>\n\t<meta property=\"og:image:height\" content=\"77\" \/>\n\t<meta property=\"og:image:type\" content=\"image\/png\" \/>\n<meta name=\"twitter:card\" content=\"summary_large_image\" \/>\n<meta name=\"twitter:label1\" content=\"Estimation du temps de lecture\" \/>\n\t<meta name=\"twitter:data1\" content=\"2 minutes\" \/>\n<script type=\"application\/ld+json\" class=\"yoast-schema-graph\">{\"@context\":\"https:\\\/\\\/schema.org\",\"@graph\":[{\"@type\":\"WebPage\",\"@id\":\"https:\\\/\\\/ksproducts.ca\\\/shipping-policy\\\/\",\"url\":\"https:\\\/\\\/ksproducts.ca\\\/shipping-policy\\\/\",\"name\":\"Shipping Policy - Ks Products\",\"isPartOf\":{\"@id\":\"https:\\\/\\\/ksproducts.ca\\\/#website\"},\"datePublished\":\"2023-06-19T16:50:53+00:00\",\"dateModified\":\"2026-02-03T17:58:14+00:00\",\"breadcrumb\":{\"@id\":\"https:\\\/\\\/ksproducts.ca\\\/shipping-policy\\\/#breadcrumb\"},\"inLanguage\":\"fr-CA\",\"potentialAction\":[{\"@type\":\"ReadAction\",\"target\":[\"https:\\\/\\\/ksproducts.ca\\\/shipping-policy\\\/\"]}]},{\"@type\":\"BreadcrumbList\",\"@id\":\"https:\\\/\\\/ksproducts.ca\\\/shipping-policy\\\/#breadcrumb\",\"itemListElement\":[{\"@type\":\"ListItem\",\"position\":1,\"name\":\"Home\",\"item\":\"https:\\\/\\\/ksproducts.ca\\\/\"},{\"@type\":\"ListItem\",\"position\":2,\"name\":\"Shipping Policy\"}]},{\"@type\":\"WebSite\",\"@id\":\"https:\\\/\\\/ksproducts.ca\\\/#website\",\"url\":\"https:\\\/\\\/ksproducts.ca\\\/\",\"name\":\"Ks Products\",\"description\":\"Outdoor cooking and living, made easy in Canada\",\"publisher\":{\"@id\":\"https:\\\/\\\/ksproducts.ca\\\/#organization\"},\"potentialAction\":[{\"@type\":\"SearchAction\",\"target\":{\"@type\":\"EntryPoint\",\"urlTemplate\":\"https:\\\/\\\/ksproducts.ca\\\/?s={search_term_string}\"},\"query-input\":{\"@type\":\"PropertyValueSpecification\",\"valueRequired\":true,\"valueName\":\"search_term_string\"}}],\"inLanguage\":\"fr-CA\"},{\"@type\":\"Organization\",\"@id\":\"https:\\\/\\\/ksproducts.ca\\\/#organization\",\"name\":\"Ks Products\",\"url\":\"https:\\\/\\\/ksproducts.ca\\\/\",\"logo\":{\"@type\":\"ImageObject\",\"inLanguage\":\"fr-CA\",\"@id\":\"https:\\\/\\\/ksproducts.ca\\\/#\\\/schema\\\/logo\\\/image\\\/\",\"url\":\"https:\\\/\\\/ksproducts.ca\\\/wp-content\\\/uploads\\\/2023\\\/09\\\/Kennedy-Sales-Logo-header-1.png\",\"contentUrl\":\"https:\\\/\\\/ksproducts.ca\\\/wp-content\\\/uploads\\\/2023\\\/09\\\/Kennedy-Sales-Logo-header-1.png\",\"width\":150,\"height\":77,\"caption\":\"Ks Products\"},\"image\":{\"@id\":\"https:\\\/\\\/ksproducts.ca\\\/#\\\/schema\\\/logo\\\/image\\\/\"}}]}<\/script>\n<!-- \/ Yoast SEO plugin. -->","yoast_head_json":{"title":"Politique d'exp\u00e9dition - Ks Products","robots":{"index":"index","follow":"follow","max-snippet":"max-snippet:-1","max-image-preview":"max-image-preview:large","max-video-preview":"max-video-preview:-1"},"canonical":"https:\/\/ksproducts.ca\/fr\/politique-dexpedition\/","og_locale":"fr_CA","og_type":"article","og_title":"Shipping Policy - Ks Products","og_description":"Shipping &amp; Delivery Shipping Policy At Kennedy Sales, we work hard to ensure your order is processed and delivered as quickly and smoothly as possible. Please review the details below","og_url":"https:\/\/ksproducts.ca\/fr\/politique-dexpedition\/","og_site_name":"Ks Products","article_modified_time":"2026-02-03T17:58:14+00:00","og_image":[{"width":150,"height":77,"url":"https:\/\/ksproducts.ca\/wp-content\/uploads\/2023\/09\/Kennedy-Sales-Logo-header-1.png","type":"image\/png"}],"twitter_card":"summary_large_image","twitter_misc":{"Estimation du temps de lecture":"2 minutes"},"schema":{"@context":"https:\/\/schema.org","@graph":[{"@type":"WebPage","@id":"https:\/\/ksproducts.ca\/shipping-policy\/","url":"https:\/\/ksproducts.ca\/shipping-policy\/","name":"Politique d'exp\u00e9dition - Ks Products","isPartOf":{"@id":"https:\/\/ksproducts.ca\/#website"},"datePublished":"2023-06-19T16:50:53+00:00","dateModified":"2026-02-03T17:58:14+00:00","breadcrumb":{"@id":"https:\/\/ksproducts.ca\/shipping-policy\/#breadcrumb"},"inLanguage":"fr-CA","potentialAction":[{"@type":"ReadAction","target":["https:\/\/ksproducts.ca\/shipping-policy\/"]}]},{"@type":"BreadcrumbList","@id":"https:\/\/ksproducts.ca\/shipping-policy\/#breadcrumb","itemListElement":[{"@type":"ListItem","position":1,"name":"Home","item":"https:\/\/ksproducts.ca\/"},{"@type":"ListItem","position":2,"name":"Shipping Policy"}]},{"@type":"WebSite","@id":"https:\/\/ksproducts.ca\/#website","url":"https:\/\/ksproducts.ca\/","name":"Produits Ks","description":"Cuisiner et vivre en plein air, c'est facile au Canada","publisher":{"@id":"https:\/\/ksproducts.ca\/#organization"},"potentialAction":[{"@type":"SearchAction","target":{"@type":"EntryPoint","urlTemplate":"https:\/\/ksproducts.ca\/?s={search_term_string}"},"query-input":{"@type":"PropertyValueSpecification","valueRequired":true,"valueName":"search_term_string"}}],"inLanguage":"fr-CA"},{"@type":"Organization","@id":"https:\/\/ksproducts.ca\/#organization","name":"Produits Ks","url":"https:\/\/ksproducts.ca\/","logo":{"@type":"ImageObject","inLanguage":"fr-CA","@id":"https:\/\/ksproducts.ca\/#\/schema\/logo\/image\/","url":"https:\/\/ksproducts.ca\/wp-content\/uploads\/2023\/09\/Kennedy-Sales-Logo-header-1.png","contentUrl":"https:\/\/ksproducts.ca\/wp-content\/uploads\/2023\/09\/Kennedy-Sales-Logo-header-1.png","width":150,"height":77,"caption":"Ks Products"},"image":{"@id":"https:\/\/ksproducts.ca\/#\/schema\/logo\/image\/"}}]}},"_links":{"self":[{"href":"https:\/\/ksproducts.ca\/fr\/wp-json\/wp\/v2\/pages\/7144","targetHints":{"allow":["GET"]}}],"collection":[{"href":"https:\/\/ksproducts.ca\/fr\/wp-json\/wp\/v2\/pages"}],"about":[{"href":"https:\/\/ksproducts.ca\/fr\/wp-json\/wp\/v2\/types\/page"}],"author":[{"embeddable":true,"href":"https:\/\/ksproducts.ca\/fr\/wp-json\/wp\/v2\/users\/1"}],"replies":[{"embeddable":true,"href":"https:\/\/ksproducts.ca\/fr\/wp-json\/wp\/v2\/comments?post=7144"}],"version-history":[{"count":6,"href":"https:\/\/ksproducts.ca\/fr\/wp-json\/wp\/v2\/pages\/7144\/revisions"}],"predecessor-version":[{"id":10723,"href":"https:\/\/ksproducts.ca\/fr\/wp-json\/wp\/v2\/pages\/7144\/revisions\/10723"}],"wp:attachment":[{"href":"https:\/\/ksproducts.ca\/fr\/wp-json\/wp\/v2\/media?parent=7144"}],"curies":[{"name":"wp","href":"https:\/\/api.w.org\/{rel}","templated":true}]}}