{"id":7146,"date":"2023-06-19T16:59:09","date_gmt":"2023-06-19T16:59:09","guid":{"rendered":"https:\/\/ksproducts.ca\/?page_id=7146"},"modified":"2023-06-19T16:59:09","modified_gmt":"2023-06-19T16:59:09","slug":"politique-de-confidentialite","status":"publish","type":"page","link":"https:\/\/ksproducts.ca\/fr\/privacy-policy\/","title":{"rendered":"Politique de confidentialit\u00e9"},"content":{"rendered":"<h2>Quelles sont les informations que nous recueillons ?<\/h2>\n<p>Nous recueillons des informations aupr\u00e8s de vous lorsque vous vous inscrivez sur notre site, passez une commande, vous abonnez \u00e0 notre bulletin d'information ou remplissez un formulaire. Lorsque vous passez une commande ou que vous vous inscrivez sur notre site, selon le cas, il peut vous \u00eatre demand\u00e9 de saisir votre nom, votre adresse \u00e9lectronique, votre adresse postale ou les informations relatives \u00e0 votre carte de cr\u00e9dit. Vous pouvez toutefois visiter notre site de mani\u00e8re anonyme.<\/p>\n<h2>\u00c0 quelles fins utilisons-nous vos informations ?<\/h2>\n<p>Les informations que nous recueillons aupr\u00e8s de vous peuvent \u00eatre utilis\u00e9es de l'une des mani\u00e8res suivantes :<\/p>\n<h2>Am\u00e9liorer notre site web<\/h2>\n<p>Nous nous effor\u00e7ons en permanence d'am\u00e9liorer les offres de notre site web en fonction des informations et des r\u00e9actions que vous nous communiquez.<\/p>\n<h2>Am\u00e9liorer le service \u00e0 la client\u00e8le<\/h2>\n<p>Vos informations nous aident \u00e0 r\u00e9pondre plus efficacement \u00e0 vos demandes de service \u00e0 la client\u00e8le et \u00e0 vos besoins d'assistance.<\/p>\n<h2>Traiter les transactions<\/h2>\n<p>Vos informations, qu'elles soient publiques ou priv\u00e9es, ne seront pas vendues, \u00e9chang\u00e9es, transf\u00e9r\u00e9es ou donn\u00e9es \u00e0 une autre soci\u00e9t\u00e9 pour quelque raison que ce soit, sans votre consentement, sauf dans le but expr\u00e8s de fournir le produit achet\u00e9 ou le service demand\u00e9.<\/p>\n<h2>Comment prot\u00e9geons-nous vos informations ?<\/h2>\n<p>Nous mettons en \u0153uvre diverses mesures de s\u00e9curit\u00e9 pour pr\u00e9server la s\u00e9curit\u00e9 de vos informations personnelles lorsque vous passez une commande ou lorsque vous entrez, soumettez ou acc\u00e9dez \u00e0 vos informations personnelles.<\/p>\n<p>Nous proposons l'utilisation d'un serveur s\u00e9curis\u00e9. Toutes les informations sensibles\/de cr\u00e9dit fournies sont transmises via la technologie Secure Socket Layer (SSL), puis crypt\u00e9es dans la base de donn\u00e9es de nos fournisseurs de passerelles de paiement, et ne sont accessibles que par les personnes autoris\u00e9es disposant de droits d'acc\u00e8s sp\u00e9ciaux \u00e0 ces syst\u00e8mes, et qui sont tenues de garder les informations confidentielles.<\/p>\n<p>Nous sommes prot\u00e9g\u00e9s par un pare-feu afin de garantir la s\u00e9curit\u00e9 et la fiabilit\u00e9 de ce site web.<\/p>\n<p>Apr\u00e8s une transaction, vos informations priv\u00e9es (cartes de cr\u00e9dit, donn\u00e9es financi\u00e8res, etc.) ne sont pas stock\u00e9es sur nos serveurs.<\/p>\n<p>Tous les paiements sont trait\u00e9s en toute s\u00e9curit\u00e9 via Paypal.<\/p>\n<h2>Utilisons-nous des cookies ?<\/h2>\n<p>Nous utilisons des cookies uniquement pour suivre les donn\u00e9es relatives au site.<\/p>\n<h2>Divulguons-nous des informations \u00e0 des tiers ?<\/h2>\n<p>Nous ne vendons pas, n'\u00e9changeons pas et ne transf\u00e9rons pas de quelque mani\u00e8re que ce soit \u00e0 des tiers vos informations personnelles identifiables. Cela n'inclut pas les tiers de confiance qui nous aident \u00e0 exploiter notre site web, \u00e0 mener nos activit\u00e9s ou \u00e0 vous fournir des services, pour autant que ces parties acceptent de garder ces informations confidentielles. Nous pouvons \u00e9galement divulguer vos informations lorsque nous estimons qu'il est appropri\u00e9 de le faire pour respecter la loi, appliquer les politiques de notre site ou prot\u00e9ger nos droits, notre propri\u00e9t\u00e9 ou notre s\u00e9curit\u00e9, ainsi que ceux d'autres personnes. Toutefois, des informations non personnellement identifiables sur les visiteurs peuvent \u00eatre fournies \u00e0 d'autres parties \u00e0 des fins de marketing, de publicit\u00e9 ou autres.<\/p>\n<h2>Liens avec des tiers<\/h2>\n<p>Occasionnellement, \u00e0 notre discr\u00e9tion, nous pouvons inclure ou offrir des produits ou services de tiers sur notre site web. Ces sites tiers ont des politiques de confidentialit\u00e9 distinctes et ind\u00e9pendantes. Nous ne sommes donc pas responsables du contenu et des activit\u00e9s de ces sites. N\u00e9anmoins, nous cherchons \u00e0 prot\u00e9ger l'int\u00e9grit\u00e9 de notre site et nous accueillons volontiers tout retour d'information concernant ces sites.<\/p>\n<p>&nbsp;<\/p>\n<h2>Conformit\u00e9 \u00e0 la loi sur la protection de la vie priv\u00e9e des enfants en ligne<\/h2>\n<p>Nous respectons les exigences de la loi COPPA (Childrens Online Privacy Protection Act), nous ne collectons aucune information aupr\u00e8s de personnes \u00e2g\u00e9es de moins de 13 ans. Notre site web, nos produits et nos services s'adressent \u00e0 des personnes \u00e2g\u00e9es d'au moins 13 ans.<\/p>\n<h2>Votre consentement<\/h2>\n<p>En utilisant notre site, vous acceptez notre politique de confidentialit\u00e9.<\/p>\n<h2>Modifications de notre politique de confidentialit\u00e9<\/h2>\n<p>Si nous d\u00e9cidons de modifier notre politique de confidentialit\u00e9, nous publierons ces changements sur cette page, nous vous enverrons un courrier \u00e9lectronique vous informant de ces changements et\/ou nous mettrons \u00e0 jour la date de modification de la politique de confidentialit\u00e9 ci-dessous.<\/p>\n<h2>Retours et remplacements<\/h2>\n<p>Blackstone s'engage \u00e0 offrir des produits de qualit\u00e9 et un service rapide. Si vous rencontrez un probl\u00e8me avec un produit que vous avez command\u00e9, veuillez nous contacter par courriel ou par t\u00e9l\u00e9phone et nous serons heureux de vous aider. Veuillez consulter notre page de contact pour plus de d\u00e9tails sur la mani\u00e8re de nous contacter.<\/p>\n<h2>Commande<\/h2>\n<p>La commande de produits sur BlackstoneProducts.com est con\u00e7ue pour \u00eatre facile et efficace.<\/p>\n<p>Toutes les commandes sont trait\u00e9es et exp\u00e9di\u00e9es dans un d\u00e9lai de 3 jours ouvrables, dans la mesure du possible. Toutes les commandes sont re\u00e7ues par l'interm\u00e9diaire de notre site web <a href=\"https:\/\/www.blackstonegriddles.ca\">www.blackstongriddles.ca<\/a>. Les commandes par t\u00e9l\u00e9phone ne sont pas accept\u00e9es pour le moment.<\/p>","protected":false},"excerpt":{"rendered":"<p>Quelles sont les informations que nous recueillons ? Nous recueillons des informations lorsque vous vous inscrivez sur notre site, passez une commande, vous abonnez \u00e0 notre bulletin d'information ou remplissez un formulaire. Lors d'une commande<\/p>","protected":false},"author":1,"featured_media":0,"parent":0,"menu_order":0,"comment_status":"closed","ping_status":"closed","template":"","meta":{"footnotes":""},"class_list":["post-7146","page","type-page","status-publish","hentry"],"yoast_head":"<!-- This site is optimized with the Yoast SEO plugin v27.4 - https:\/\/yoast.com\/product\/yoast-seo-wordpress\/ -->\n<title>Privacy Policy - Ks Products<\/title>\n<meta name=\"robots\" content=\"index, follow, max-snippet:-1, max-image-preview:large, max-video-preview:-1\" \/>\n<link rel=\"canonical\" href=\"https:\/\/ksproducts.ca\/fr\/politique-de-confidentialite\/\" \/>\n<meta property=\"og:locale\" content=\"fr_CA\" \/>\n<meta property=\"og:type\" content=\"article\" \/>\n<meta property=\"og:title\" content=\"Privacy Policy - Ks Products\" \/>\n<meta property=\"og:description\" content=\"What information do we collect? We collect information from you when you register on our site, place an order, subscribe to our newsletter or fill out a form. When ordering\" \/>\n<meta property=\"og:url\" content=\"https:\/\/ksproducts.ca\/fr\/politique-de-confidentialite\/\" \/>\n<meta property=\"og:site_name\" content=\"Ks Products\" \/>\n<meta property=\"og:image\" content=\"https:\/\/ksproducts.ca\/wp-content\/uploads\/2023\/09\/Kennedy-Sales-Logo-header-1.png\" \/>\n\t<meta property=\"og:image:width\" content=\"150\" \/>\n\t<meta property=\"og:image:height\" content=\"77\" \/>\n\t<meta property=\"og:image:type\" content=\"image\/png\" \/>\n<meta name=\"twitter:card\" content=\"summary_large_image\" \/>\n<meta name=\"twitter:label1\" content=\"Estimation du temps de lecture\" \/>\n\t<meta name=\"twitter:data1\" content=\"3 minutes\" \/>\n<script type=\"application\/ld+json\" class=\"yoast-schema-graph\">{\"@context\":\"https:\\\/\\\/schema.org\",\"@graph\":[{\"@type\":\"WebPage\",\"@id\":\"https:\\\/\\\/ksproducts.ca\\\/privacy-policy\\\/\",\"url\":\"https:\\\/\\\/ksproducts.ca\\\/privacy-policy\\\/\",\"name\":\"Privacy Policy - Ks Products\",\"isPartOf\":{\"@id\":\"https:\\\/\\\/ksproducts.ca\\\/#website\"},\"datePublished\":\"2023-06-19T16:59:09+00:00\",\"breadcrumb\":{\"@id\":\"https:\\\/\\\/ksproducts.ca\\\/privacy-policy\\\/#breadcrumb\"},\"inLanguage\":\"fr-CA\",\"potentialAction\":[{\"@type\":\"ReadAction\",\"target\":[\"https:\\\/\\\/ksproducts.ca\\\/privacy-policy\\\/\"]}]},{\"@type\":\"BreadcrumbList\",\"@id\":\"https:\\\/\\\/ksproducts.ca\\\/privacy-policy\\\/#breadcrumb\",\"itemListElement\":[{\"@type\":\"ListItem\",\"position\":1,\"name\":\"Home\",\"item\":\"https:\\\/\\\/ksproducts.ca\\\/\"},{\"@type\":\"ListItem\",\"position\":2,\"name\":\"Privacy Policy\"}]},{\"@type\":\"WebSite\",\"@id\":\"https:\\\/\\\/ksproducts.ca\\\/#website\",\"url\":\"https:\\\/\\\/ksproducts.ca\\\/\",\"name\":\"Ks Products\",\"description\":\"Outdoor cooking and living, made easy in Canada\",\"publisher\":{\"@id\":\"https:\\\/\\\/ksproducts.ca\\\/#organization\"},\"potentialAction\":[{\"@type\":\"SearchAction\",\"target\":{\"@type\":\"EntryPoint\",\"urlTemplate\":\"https:\\\/\\\/ksproducts.ca\\\/?s={search_term_string}\"},\"query-input\":{\"@type\":\"PropertyValueSpecification\",\"valueRequired\":true,\"valueName\":\"search_term_string\"}}],\"inLanguage\":\"fr-CA\"},{\"@type\":\"Organization\",\"@id\":\"https:\\\/\\\/ksproducts.ca\\\/#organization\",\"name\":\"Ks Products\",\"url\":\"https:\\\/\\\/ksproducts.ca\\\/\",\"logo\":{\"@type\":\"ImageObject\",\"inLanguage\":\"fr-CA\",\"@id\":\"https:\\\/\\\/ksproducts.ca\\\/#\\\/schema\\\/logo\\\/image\\\/\",\"url\":\"https:\\\/\\\/ksproducts.ca\\\/wp-content\\\/uploads\\\/2023\\\/09\\\/Kennedy-Sales-Logo-header-1.png\",\"contentUrl\":\"https:\\\/\\\/ksproducts.ca\\\/wp-content\\\/uploads\\\/2023\\\/09\\\/Kennedy-Sales-Logo-header-1.png\",\"width\":150,\"height\":77,\"caption\":\"Ks Products\"},\"image\":{\"@id\":\"https:\\\/\\\/ksproducts.ca\\\/#\\\/schema\\\/logo\\\/image\\\/\"}}]}<\/script>\n<!-- \/ Yoast SEO plugin. -->","yoast_head_json":{"title":"Politique de confidentialit\u00e9 - Ks Products","robots":{"index":"index","follow":"follow","max-snippet":"max-snippet:-1","max-image-preview":"max-image-preview:large","max-video-preview":"max-video-preview:-1"},"canonical":"https:\/\/ksproducts.ca\/fr\/politique-de-confidentialite\/","og_locale":"fr_CA","og_type":"article","og_title":"Privacy Policy - Ks Products","og_description":"What information do we collect? We collect information from you when you register on our site, place an order, subscribe to our newsletter or fill out a form. When ordering","og_url":"https:\/\/ksproducts.ca\/fr\/politique-de-confidentialite\/","og_site_name":"Ks Products","og_image":[{"width":150,"height":77,"url":"https:\/\/ksproducts.ca\/wp-content\/uploads\/2023\/09\/Kennedy-Sales-Logo-header-1.png","type":"image\/png"}],"twitter_card":"summary_large_image","twitter_misc":{"Estimation du temps de lecture":"3 minutes"},"schema":{"@context":"https:\/\/schema.org","@graph":[{"@type":"WebPage","@id":"https:\/\/ksproducts.ca\/privacy-policy\/","url":"https:\/\/ksproducts.ca\/privacy-policy\/","name":"Politique de confidentialit\u00e9 - Ks Products","isPartOf":{"@id":"https:\/\/ksproducts.ca\/#website"},"datePublished":"2023-06-19T16:59:09+00:00","breadcrumb":{"@id":"https:\/\/ksproducts.ca\/privacy-policy\/#breadcrumb"},"inLanguage":"fr-CA","potentialAction":[{"@type":"ReadAction","target":["https:\/\/ksproducts.ca\/privacy-policy\/"]}]},{"@type":"BreadcrumbList","@id":"https:\/\/ksproducts.ca\/privacy-policy\/#breadcrumb","itemListElement":[{"@type":"ListItem","position":1,"name":"Home","item":"https:\/\/ksproducts.ca\/"},{"@type":"ListItem","position":2,"name":"Privacy Policy"}]},{"@type":"WebSite","@id":"https:\/\/ksproducts.ca\/#website","url":"https:\/\/ksproducts.ca\/","name":"Produits Ks","description":"Cuisiner et vivre en plein air, c'est facile au Canada","publisher":{"@id":"https:\/\/ksproducts.ca\/#organization"},"potentialAction":[{"@type":"SearchAction","target":{"@type":"EntryPoint","urlTemplate":"https:\/\/ksproducts.ca\/?s={search_term_string}"},"query-input":{"@type":"PropertyValueSpecification","valueRequired":true,"valueName":"search_term_string"}}],"inLanguage":"fr-CA"},{"@type":"Organization","@id":"https:\/\/ksproducts.ca\/#organization","name":"Produits Ks","url":"https:\/\/ksproducts.ca\/","logo":{"@type":"ImageObject","inLanguage":"fr-CA","@id":"https:\/\/ksproducts.ca\/#\/schema\/logo\/image\/","url":"https:\/\/ksproducts.ca\/wp-content\/uploads\/2023\/09\/Kennedy-Sales-Logo-header-1.png","contentUrl":"https:\/\/ksproducts.ca\/wp-content\/uploads\/2023\/09\/Kennedy-Sales-Logo-header-1.png","width":150,"height":77,"caption":"Ks Products"},"image":{"@id":"https:\/\/ksproducts.ca\/#\/schema\/logo\/image\/"}}]}},"_links":{"self":[{"href":"https:\/\/ksproducts.ca\/fr\/wp-json\/wp\/v2\/pages\/7146","targetHints":{"allow":["GET"]}}],"collection":[{"href":"https:\/\/ksproducts.ca\/fr\/wp-json\/wp\/v2\/pages"}],"about":[{"href":"https:\/\/ksproducts.ca\/fr\/wp-json\/wp\/v2\/types\/page"}],"author":[{"embeddable":true,"href":"https:\/\/ksproducts.ca\/fr\/wp-json\/wp\/v2\/users\/1"}],"replies":[{"embeddable":true,"href":"https:\/\/ksproducts.ca\/fr\/wp-json\/wp\/v2\/comments?post=7146"}],"version-history":[{"count":1,"href":"https:\/\/ksproducts.ca\/fr\/wp-json\/wp\/v2\/pages\/7146\/revisions"}],"predecessor-version":[{"id":7147,"href":"https:\/\/ksproducts.ca\/fr\/wp-json\/wp\/v2\/pages\/7146\/revisions\/7147"}],"wp:attachment":[{"href":"https:\/\/ksproducts.ca\/fr\/wp-json\/wp\/v2\/media?parent=7146"}],"curies":[{"name":"wp","href":"https:\/\/api.w.org\/{rel}","templated":true}]}}