{"id":10011,"date":"2025-09-12T17:14:05","date_gmt":"2025-09-12T17:14:05","guid":{"rendered":"https:\/\/ksproducts.ca\/?post_type=product&#038;p=10011"},"modified":"2026-04-10T21:32:28","modified_gmt":"2026-04-10T21:32:28","slug":"heat-storm-phoenix-1500w-wifi-smart-heater-with-infrared-heating-and-digital-thermostat-control","status":"publish","type":"product","link":"https:\/\/ksproducts.ca\/fr\/product\/heat-storm-phoenix-1500w-wifi-smart-heater-with-infrared-heating-and-digital-thermostat-control\/","title":{"rendered":"Heat Storm Phoenix 1500W WiFi Smart Heater avec chauffage infrarouge et thermostat digital"},"content":{"rendered":"<section id=\"shopify-section-template--16513614774333__rich_text_FDDTg9\" class=\"shopify-section section\">\n<div class=\"isolate\">\n<div class=\"rich-text content-container color-scheme-1 gradient rich-text--full-width content-container--full-width section-template--16513614774333__rich_text_FDDTg9-padding\">\n<div class=\"rich-text__wrapper rich-text__wrapper--left page-width\">\n<div class=\"rich-text__blocks left\">\n<div class=\"rich-text__text rte scroll-trigger animate--slide-in\" data-cascade=\"\">\n<div class=\"metafield-rich_text_field\">\n<p>Le<strong>\u00a0Heat Storm Phoenix 1500 Watt, compatible Wi-Fi<\/strong>, Le radiateur mural \u00e0 infrarouge de la s\u00e9rie C est la solution de chauffage id\u00e9ale pour les salles de bains, les chambres, les bureaux ou les petites pi\u00e8ces o\u00f9 l'espace au sol est limit\u00e9. Le Wi-Fi int\u00e9gr\u00e9 vous permet de le contr\u00f4ler depuis n'importe o\u00f9 et vous pouvez m\u00eame d\u00e9finir vos propres programmes de chauffage personnalis\u00e9s pour une commodit\u00e9 et une efficacit\u00e9 \u00e9nerg\u00e9tique optimales.<\/p>\n<p>Se connecte facilement au Wi-Fi gr\u00e2ce \u00e0 une touche de connexion Bluetooth. Avec ses 1 500 watts, ce radiateur chauffera facilement votre pi\u00e8ce et ne d\u00e9clenchera pas votre disjoncteur. Il est extr\u00eamement facile \u00e0 installer sur votre mur et se branche sur n'importe quelle prise de courant ordinaire. Son thermostat num\u00e9rique vous permet de s\u00e9lectionner la temp\u00e9rature ambiante souhait\u00e9e. Le mode de verrouillage enfant permet de s'assurer que vos enfants ne peuvent pas modifier les r\u00e9glages. La commande de luminosit\u00e9 de l'\u00e9cran permet de r\u00e9duire l'intensit\u00e9 de l'affichage pour les dormeurs sensibles. Ce radiateur ne pr\u00e9sente aucun danger au toucher, m\u00eame sur la grille, ce qui en fait un excellent choix pour tous, m\u00eame pour les personnes ayant des enfants ou des animaux de compagnie. Ce chauffage dispose de trois modes d'alimentation : 1 500 watts \u00e0 pleine puissance, 750 watts \u00e0 demi-puissance et le mode Eco choisit automatiquement entre la demi-puissance et la pleine puissance. Le chauffage contient notre \u00e9changeur de chaleur brevet\u00e9 avec la technologie HMS qui permet une efficacit\u00e9 maximale de la chaleur des ampoules infrarouges \u00e0 quartz sans aucune perte de chaleur du chauffage.<\/p>\n<\/div>\n<\/div>\n<\/div>\n<\/div>\n<\/div>\n<\/div>\n<\/section>\n<section id=\"shopify-section-template--16513614774333__rich_text_GkQeAA\" class=\"shopify-section section\">\n<div class=\"isolate\">\n<div class=\"rich-text content-container color-scheme-1 gradient rich-text--full-width content-container--full-width section-template--16513614774333__rich_text_GkQeAA-padding\">\n<div class=\"rich-text__wrapper rich-text__wrapper--left page-width\">\n<div class=\"rich-text__blocks left\">\n<h2 class=\"rich-text__heading rte inline-richtext h2 scroll-trigger animate--slide-in\" data-cascade=\"\">Sp\u00e9cifications<\/h2>\n<div class=\"rich-text__text rte scroll-trigger animate--slide-in\" data-cascade=\"\">\n<div class=\"metafield-rich_text_field\">\n<ul>\n<li>Puissance : 750-1500<\/li>\n<li>AMP\u00c8RES : 6,25 - 12,5<\/li>\n<li>Son : 42-47 d\u00e9cibels<\/li>\n<li>BTU : 5200<\/li>\n<li>Chauffage principal : chauffe jusqu'\u00e0 150 m\u00b2.<\/li>\n<li>Chauffage d'appoint : chauffe jusqu'\u00e0 750 m\u00b2.<\/li>\n<li>Plage de chauffage : 40-99 degr\u00e9s F<\/li>\n<li>Dimensions de l'unit\u00e9 : 19\u201d L x 4\u201d L x 16\u201d H<\/li>\n<li>Poids : 8.45 lbs<\/li>\n<li>Tension : 120 V<\/li>\n<li>Longueur du cordon : 3 ft<\/li>\n<\/ul>\n<\/div>\n<\/div>\n<h2 class=\"rich-text__heading rte inline-richtext h2 scroll-trigger animate--slide-in\" data-cascade=\"\">Caract\u00e9ristiques sp\u00e9ciales<\/h2>\n<div class=\"rich-text__text rte scroll-trigger animate--slide-in\" data-cascade=\"\">\n<div class=\"metafield-rich_text_field\">\n<ul>\n<li>Le Wi-Fi int\u00e9gr\u00e9 vous permet de contr\u00f4ler votre chauffage depuis n'importe o\u00f9 et de programmer les horaires de chauffage de vos clients.<\/li>\n<li>Installation Wi-Fi sans souci gr\u00e2ce \u00e0 la connexion Bluetooth par simple pression d'une touche<\/li>\n<li>Grille s\u00fbre au toucher. Puissance de chauffage infrarouge de 1500 watts<\/li>\n<li>Conception peu encombrante. Fixation murale uniquement (pieds non inclus)<\/li>\n<li>Arr\u00eat de s\u00e9curit\u00e9 en cas de basculement<\/li>\n<li>\u00c9cran tactile avec thermostat num\u00e9rique<\/li>\n<\/ul>\n<\/div>\n<\/div>\n<h2 class=\"rich-text__heading rte inline-richtext h2 scroll-trigger animate--slide-in\" data-cascade=\"\">Contenu de la bo\u00eete<\/h2>\n<div class=\"rich-text__text rte scroll-trigger animate--slide-in\" data-cascade=\"\">\n<div class=\"metafield-rich_text_field\">\n<ul>\n<li>Phoenix Wi-Fi heater<\/li>\n<li>T\u00e9l\u00e9commande (avec piles incluses)<\/li>\n<li>Quincaillerie de suspension<\/li>\n<\/ul>\n<\/div>\n<\/div>\n<\/div>\n<\/div>\n<\/div>\n<\/div>\n<\/section>","protected":false},"excerpt":{"rendered":"<p>The\u00a0Heat Storm Phoenix 1500 Watt, Wi-Fi enabled, infrared wall heater is the perfect heating solution for any bathroom, bedroom, office, or small room where floor space is limited. It&#8217;s built<\/p>","protected":false},"featured_media":10013,"comment_status":"open","ping_status":"closed","template":"","meta":[],"product_cat":[432],"product_tag":[],"class_list":{"0":"post-10011","1":"product","2":"type-product","3":"status-publish","4":"has-post-thumbnail","6":"product_cat-indoor-heaters","7":"product_shipping_class-class-2","9":"first","10":"instock","11":"taxable","12":"shipping-taxable","13":"purchasable","14":"product-type-simple"},"yoast_head":"<!-- This site is optimized with the Yoast SEO plugin v27.3 - https:\/\/yoast.com\/product\/yoast-seo-wordpress\/ -->\n<title>Heat Storm Phoenix 1500W WiFi Smart Heater with Infrared Heating and Digital Thermostat Control - Ks Products<\/title>\n<meta name=\"robots\" content=\"index, follow, max-snippet:-1, max-image-preview:large, max-video-preview:-1\" \/>\n<link rel=\"canonical\" href=\"https:\/\/ksproducts.ca\/fr\/product\/heat-storm-phoenix-1500w-wifi-smart-heater-with-infrared-heating-and-digital-thermostat-control\/\" \/>\n<meta property=\"og:locale\" content=\"fr_CA\" \/>\n<meta property=\"og:type\" content=\"article\" \/>\n<meta property=\"og:title\" content=\"Heat Storm Phoenix 1500W WiFi Smart Heater with Infrared Heating and Digital Thermostat Control - Ks Products\" \/>\n<meta property=\"og:description\" content=\"The\u00a0Heat Storm Phoenix 1500 Watt, Wi-Fi enabled, infrared wall heater is the perfect heating solution for any bathroom, bedroom, office, or small room where floor space is limited. It&#8217;s built\" \/>\n<meta property=\"og:url\" content=\"https:\/\/ksproducts.ca\/fr\/product\/heat-storm-phoenix-1500w-wifi-smart-heater-with-infrared-heating-and-digital-thermostat-control\/\" \/>\n<meta property=\"og:site_name\" content=\"Ks Products\" \/>\n<meta property=\"article:modified_time\" content=\"2026-04-10T21:32:28+00:00\" \/>\n<meta property=\"og:image\" content=\"https:\/\/ksproducts.ca\/wp-content\/uploads\/2025\/09\/HS-1500-PHX-WIFI_main.jpg\" \/>\n\t<meta property=\"og:image:width\" content=\"465\" \/>\n\t<meta property=\"og:image:height\" content=\"313\" \/>\n\t<meta property=\"og:image:type\" content=\"image\/jpeg\" \/>\n<meta name=\"twitter:card\" content=\"summary_large_image\" \/>\n<meta name=\"twitter:label1\" content=\"Estimation du temps de lecture\" \/>\n\t<meta name=\"twitter:data1\" content=\"2 minutes\" \/>\n<script type=\"application\/ld+json\" class=\"yoast-schema-graph\">{\"@context\":\"https:\\\/\\\/schema.org\",\"@graph\":[{\"@type\":\"WebPage\",\"@id\":\"https:\\\/\\\/ksproducts.ca\\\/product\\\/heat-storm-phoenix-1500w-wifi-smart-heater-with-infrared-heating-and-digital-thermostat-control\\\/\",\"url\":\"https:\\\/\\\/ksproducts.ca\\\/product\\\/heat-storm-phoenix-1500w-wifi-smart-heater-with-infrared-heating-and-digital-thermostat-control\\\/\",\"name\":\"Heat Storm Phoenix 1500W WiFi Smart Heater with Infrared Heating and Digital Thermostat Control - Ks Products\",\"isPartOf\":{\"@id\":\"https:\\\/\\\/ksproducts.ca\\\/#website\"},\"primaryImageOfPage\":{\"@id\":\"https:\\\/\\\/ksproducts.ca\\\/product\\\/heat-storm-phoenix-1500w-wifi-smart-heater-with-infrared-heating-and-digital-thermostat-control\\\/#primaryimage\"},\"image\":{\"@id\":\"https:\\\/\\\/ksproducts.ca\\\/product\\\/heat-storm-phoenix-1500w-wifi-smart-heater-with-infrared-heating-and-digital-thermostat-control\\\/#primaryimage\"},\"thumbnailUrl\":\"https:\\\/\\\/ksproducts.ca\\\/wp-content\\\/uploads\\\/2025\\\/09\\\/HS-1500-PHX-WIFI_main.jpg\",\"datePublished\":\"2025-09-12T17:14:05+00:00\",\"dateModified\":\"2026-04-10T21:32:28+00:00\",\"breadcrumb\":{\"@id\":\"https:\\\/\\\/ksproducts.ca\\\/product\\\/heat-storm-phoenix-1500w-wifi-smart-heater-with-infrared-heating-and-digital-thermostat-control\\\/#breadcrumb\"},\"inLanguage\":\"fr-CA\",\"potentialAction\":[{\"@type\":\"ReadAction\",\"target\":[\"https:\\\/\\\/ksproducts.ca\\\/product\\\/heat-storm-phoenix-1500w-wifi-smart-heater-with-infrared-heating-and-digital-thermostat-control\\\/\"]}]},{\"@type\":\"ImageObject\",\"inLanguage\":\"fr-CA\",\"@id\":\"https:\\\/\\\/ksproducts.ca\\\/product\\\/heat-storm-phoenix-1500w-wifi-smart-heater-with-infrared-heating-and-digital-thermostat-control\\\/#primaryimage\",\"url\":\"https:\\\/\\\/ksproducts.ca\\\/wp-content\\\/uploads\\\/2025\\\/09\\\/HS-1500-PHX-WIFI_main.jpg\",\"contentUrl\":\"https:\\\/\\\/ksproducts.ca\\\/wp-content\\\/uploads\\\/2025\\\/09\\\/HS-1500-PHX-WIFI_main.jpg\",\"width\":465,\"height\":313,\"caption\":\"HS 1500 PHX WIFI main\"},{\"@type\":\"BreadcrumbList\",\"@id\":\"https:\\\/\\\/ksproducts.ca\\\/product\\\/heat-storm-phoenix-1500w-wifi-smart-heater-with-infrared-heating-and-digital-thermostat-control\\\/#breadcrumb\",\"itemListElement\":[{\"@type\":\"ListItem\",\"position\":1,\"name\":\"Home\",\"item\":\"https:\\\/\\\/ksproducts.ca\\\/\"},{\"@type\":\"ListItem\",\"position\":2,\"name\":\"Shop\",\"item\":\"https:\\\/\\\/ksproducts.ca\\\/shop\\\/\"},{\"@type\":\"ListItem\",\"position\":3,\"name\":\"Heat Storm Phoenix 1500W WiFi Smart Heater with Infrared Heating and Digital Thermostat Control\"}]},{\"@type\":\"WebSite\",\"@id\":\"https:\\\/\\\/ksproducts.ca\\\/#website\",\"url\":\"https:\\\/\\\/ksproducts.ca\\\/\",\"name\":\"Ks Products\",\"description\":\"Outdoor cooking and living, made easy in Canada\",\"publisher\":{\"@id\":\"https:\\\/\\\/ksproducts.ca\\\/#organization\"},\"potentialAction\":[{\"@type\":\"SearchAction\",\"target\":{\"@type\":\"EntryPoint\",\"urlTemplate\":\"https:\\\/\\\/ksproducts.ca\\\/?s={search_term_string}\"},\"query-input\":{\"@type\":\"PropertyValueSpecification\",\"valueRequired\":true,\"valueName\":\"search_term_string\"}}],\"inLanguage\":\"fr-CA\"},{\"@type\":\"Organization\",\"@id\":\"https:\\\/\\\/ksproducts.ca\\\/#organization\",\"name\":\"Ks Products\",\"url\":\"https:\\\/\\\/ksproducts.ca\\\/\",\"logo\":{\"@type\":\"ImageObject\",\"inLanguage\":\"fr-CA\",\"@id\":\"https:\\\/\\\/ksproducts.ca\\\/#\\\/schema\\\/logo\\\/image\\\/\",\"url\":\"https:\\\/\\\/ksproducts.ca\\\/wp-content\\\/uploads\\\/2023\\\/09\\\/Kennedy-Sales-Logo-header-1.png\",\"contentUrl\":\"https:\\\/\\\/ksproducts.ca\\\/wp-content\\\/uploads\\\/2023\\\/09\\\/Kennedy-Sales-Logo-header-1.png\",\"width\":150,\"height\":77,\"caption\":\"Ks Products\"},\"image\":{\"@id\":\"https:\\\/\\\/ksproducts.ca\\\/#\\\/schema\\\/logo\\\/image\\\/\"}}]}<\/script>\n<!-- \/ Yoast SEO plugin. -->","yoast_head_json":{"title":"Heat Storm Phoenix 1500W WiFi Smart Heater avec chauffage infrarouge et thermostat num\u00e9rique - Ks Products","robots":{"index":"index","follow":"follow","max-snippet":"max-snippet:-1","max-image-preview":"max-image-preview:large","max-video-preview":"max-video-preview:-1"},"canonical":"https:\/\/ksproducts.ca\/fr\/product\/heat-storm-phoenix-1500w-wifi-smart-heater-with-infrared-heating-and-digital-thermostat-control\/","og_locale":"fr_CA","og_type":"article","og_title":"Heat Storm Phoenix 1500W WiFi Smart Heater with Infrared Heating and Digital Thermostat Control - Ks Products","og_description":"The\u00a0Heat Storm Phoenix 1500 Watt, Wi-Fi enabled, infrared wall heater is the perfect heating solution for any bathroom, bedroom, office, or small room where floor space is limited. It&#8217;s built","og_url":"https:\/\/ksproducts.ca\/fr\/product\/heat-storm-phoenix-1500w-wifi-smart-heater-with-infrared-heating-and-digital-thermostat-control\/","og_site_name":"Ks Products","article_modified_time":"2026-04-10T21:32:28+00:00","og_image":[{"width":465,"height":313,"url":"https:\/\/ksproducts.ca\/wp-content\/uploads\/2025\/09\/HS-1500-PHX-WIFI_main.jpg","type":"image\/jpeg"}],"twitter_card":"summary_large_image","twitter_misc":{"Estimation du temps de lecture":"2 minutes"},"schema":{"@context":"https:\/\/schema.org","@graph":[{"@type":"WebPage","@id":"https:\/\/ksproducts.ca\/product\/heat-storm-phoenix-1500w-wifi-smart-heater-with-infrared-heating-and-digital-thermostat-control\/","url":"https:\/\/ksproducts.ca\/product\/heat-storm-phoenix-1500w-wifi-smart-heater-with-infrared-heating-and-digital-thermostat-control\/","name":"Heat Storm Phoenix 1500W WiFi Smart Heater avec chauffage infrarouge et thermostat num\u00e9rique - Ks Products","isPartOf":{"@id":"https:\/\/ksproducts.ca\/#website"},"primaryImageOfPage":{"@id":"https:\/\/ksproducts.ca\/product\/heat-storm-phoenix-1500w-wifi-smart-heater-with-infrared-heating-and-digital-thermostat-control\/#primaryimage"},"image":{"@id":"https:\/\/ksproducts.ca\/product\/heat-storm-phoenix-1500w-wifi-smart-heater-with-infrared-heating-and-digital-thermostat-control\/#primaryimage"},"thumbnailUrl":"https:\/\/ksproducts.ca\/wp-content\/uploads\/2025\/09\/HS-1500-PHX-WIFI_main.jpg","datePublished":"2025-09-12T17:14:05+00:00","dateModified":"2026-04-10T21:32:28+00:00","breadcrumb":{"@id":"https:\/\/ksproducts.ca\/product\/heat-storm-phoenix-1500w-wifi-smart-heater-with-infrared-heating-and-digital-thermostat-control\/#breadcrumb"},"inLanguage":"fr-CA","potentialAction":[{"@type":"ReadAction","target":["https:\/\/ksproducts.ca\/product\/heat-storm-phoenix-1500w-wifi-smart-heater-with-infrared-heating-and-digital-thermostat-control\/"]}]},{"@type":"ImageObject","inLanguage":"fr-CA","@id":"https:\/\/ksproducts.ca\/product\/heat-storm-phoenix-1500w-wifi-smart-heater-with-infrared-heating-and-digital-thermostat-control\/#primaryimage","url":"https:\/\/ksproducts.ca\/wp-content\/uploads\/2025\/09\/HS-1500-PHX-WIFI_main.jpg","contentUrl":"https:\/\/ksproducts.ca\/wp-content\/uploads\/2025\/09\/HS-1500-PHX-WIFI_main.jpg","width":465,"height":313,"caption":"HS 1500 PHX WIFI main"},{"@type":"BreadcrumbList","@id":"https:\/\/ksproducts.ca\/product\/heat-storm-phoenix-1500w-wifi-smart-heater-with-infrared-heating-and-digital-thermostat-control\/#breadcrumb","itemListElement":[{"@type":"ListItem","position":1,"name":"Home","item":"https:\/\/ksproducts.ca\/"},{"@type":"ListItem","position":2,"name":"Shop","item":"https:\/\/ksproducts.ca\/shop\/"},{"@type":"ListItem","position":3,"name":"Heat Storm Phoenix 1500W WiFi Smart Heater with Infrared Heating and Digital Thermostat Control"}]},{"@type":"WebSite","@id":"https:\/\/ksproducts.ca\/#website","url":"https:\/\/ksproducts.ca\/","name":"Produits Ks","description":"Cuisiner et vivre en plein air, c'est facile au Canada","publisher":{"@id":"https:\/\/ksproducts.ca\/#organization"},"potentialAction":[{"@type":"SearchAction","target":{"@type":"EntryPoint","urlTemplate":"https:\/\/ksproducts.ca\/?s={search_term_string}"},"query-input":{"@type":"PropertyValueSpecification","valueRequired":true,"valueName":"search_term_string"}}],"inLanguage":"fr-CA"},{"@type":"Organization","@id":"https:\/\/ksproducts.ca\/#organization","name":"Produits Ks","url":"https:\/\/ksproducts.ca\/","logo":{"@type":"ImageObject","inLanguage":"fr-CA","@id":"https:\/\/ksproducts.ca\/#\/schema\/logo\/image\/","url":"https:\/\/ksproducts.ca\/wp-content\/uploads\/2023\/09\/Kennedy-Sales-Logo-header-1.png","contentUrl":"https:\/\/ksproducts.ca\/wp-content\/uploads\/2023\/09\/Kennedy-Sales-Logo-header-1.png","width":150,"height":77,"caption":"Ks Products"},"image":{"@id":"https:\/\/ksproducts.ca\/#\/schema\/logo\/image\/"}}]}},"_links":{"self":[{"href":"https:\/\/ksproducts.ca\/fr\/wp-json\/wp\/v2\/product\/10011","targetHints":{"allow":["GET"]}}],"collection":[{"href":"https:\/\/ksproducts.ca\/fr\/wp-json\/wp\/v2\/product"}],"about":[{"href":"https:\/\/ksproducts.ca\/fr\/wp-json\/wp\/v2\/types\/product"}],"replies":[{"embeddable":true,"href":"https:\/\/ksproducts.ca\/fr\/wp-json\/wp\/v2\/comments?post=10011"}],"version-history":[{"count":1,"href":"https:\/\/ksproducts.ca\/fr\/wp-json\/wp\/v2\/product\/10011\/revisions"}],"predecessor-version":[{"id":10014,"href":"https:\/\/ksproducts.ca\/fr\/wp-json\/wp\/v2\/product\/10011\/revisions\/10014"}],"wp:featuredmedia":[{"embeddable":true,"href":"https:\/\/ksproducts.ca\/fr\/wp-json\/wp\/v2\/media\/10013"}],"wp:attachment":[{"href":"https:\/\/ksproducts.ca\/fr\/wp-json\/wp\/v2\/media?parent=10011"}],"wp:term":[{"taxonomy":"product_cat","embeddable":true,"href":"https:\/\/ksproducts.ca\/fr\/wp-json\/wp\/v2\/product_cat?post=10011"},{"taxonomy":"product_tag","embeddable":true,"href":"https:\/\/ksproducts.ca\/fr\/wp-json\/wp\/v2\/product_tag?post=10011"}],"curies":[{"name":"wp","href":"https:\/\/api.w.org\/{rel}","templated":true}]}}