{"id":10015,"date":"2025-09-12T17:16:40","date_gmt":"2025-09-12T17:16:40","guid":{"rendered":"https:\/\/ksproducts.ca\/?post_type=product&#038;p=10015"},"modified":"2026-04-15T03:03:49","modified_gmt":"2026-04-15T03:03:49","slug":"heat-storm-1500w-infrared-cabinet-heater-with-remote-control-and-safe-touch-design","status":"publish","type":"product","link":"https:\/\/ksproducts.ca\/fr\/product\/heat-storm-1500w-infrared-cabinet-heater-with-remote-control-and-safe-touch-design\/","title":{"rendered":"Heat Storm 1500W Chauffe-armoire infrarouge avec t\u00e9l\u00e9commande et design Safe Touch"},"content":{"rendered":"<ul class=\"a-unordered-list a-vertical a-spacing-mini\">\n<li class=\"a-spacing-mini\"><span class=\"a-list-item\">Ce radiateur infrarouge portable de 1500 watts est capable de chauffer une petite pi\u00e8ce ou un bureau gr\u00e2ce \u00e0 sa puissance de 5200 BTU. Deux modes d'alimentation, l'un utilisant la puissance totale de 1 500 watts, l'autre n'utilisant que 750 watts.<\/span><\/li>\n<li class=\"a-spacing-mini\"><span class=\"a-list-item\">Notre \u00e9changeur de chaleur brevet\u00e9 avec la technologie HMS se combine avec l'humidit\u00e9 de la pi\u00e8ce pour fournir une chaleur douce et s\u00fbre sans r\u00e9duire l'oxyg\u00e8ne ou l'humidit\u00e9. Sans danger pour le toucher, m\u00eame pour le gril.<\/span><\/li>\n<li class=\"a-spacing-mini\"><span class=\"a-list-item\">Gr\u00e2ce \u00e0 sa petite taille pratique, il convient parfaitement \u00e0 toutes les pi\u00e8ces de la maison. Accrochez-le au mur ou posez-le au sol gr\u00e2ce aux pieds amovibles et aux points de fixation murale situ\u00e9s \u00e0 l'arri\u00e8re de l'appareil.<\/span><\/li>\n<li class=\"a-spacing-mini\"><span class=\"a-list-item\">Le thermostat int\u00e9gr\u00e9 avec affichage LED vous indique la temp\u00e9rature ambiante et vous aide \u00e0 r\u00e9guler la temp\u00e9rature efficacement. La t\u00e9l\u00e9commande incluse vous permet de contr\u00f4ler la temp\u00e9rature en toute simplicit\u00e9.<\/span><\/li>\n<li class=\"a-spacing-mini\"><span class=\"a-list-item\">Ce chauffage est assorti d'une garantie du fabricant d'un an.<\/span><\/li>\n<\/ul>","protected":false},"excerpt":{"rendered":"<p>Ce radiateur infrarouge portable de 1500 watts est capable de chauffer une petite pi\u00e8ce ou un bureau gr\u00e2ce \u00e0 sa puissance de 5200 BTU. Deux modes d'alimentation, l'un utilisant la totalit\u00e9 de la puissance de l'appareil, l'autre la totalit\u00e9 de la puissance de l'appareil.<\/p>","protected":false},"featured_media":10012,"comment_status":"open","ping_status":"closed","template":"","meta":[],"product_cat":[432],"product_tag":[],"class_list":{"0":"post-10015","1":"product","2":"type-product","3":"status-publish","4":"has-post-thumbnail","6":"product_cat-indoor-heaters","7":"product_shipping_class-class-2","9":"first","10":"instock","11":"taxable","12":"shipping-taxable","13":"purchasable","14":"product-type-simple"},"yoast_head":"<!-- This site is optimized with the Yoast SEO plugin v27.4 - https:\/\/yoast.com\/product\/yoast-seo-wordpress\/ -->\n<title>Heat Storm 1500W Infrared Cabinet Heater with Remote Control and Safe Touch Design - Ks Products<\/title>\n<meta name=\"robots\" content=\"index, follow, max-snippet:-1, max-image-preview:large, max-video-preview:-1\" \/>\n<link rel=\"canonical\" href=\"https:\/\/ksproducts.ca\/fr\/product\/heat-storm-1500w-infrared-cabinet-heater-with-remote-control-and-safe-touch-design\/\" \/>\n<meta property=\"og:locale\" content=\"fr_CA\" \/>\n<meta property=\"og:type\" content=\"article\" \/>\n<meta property=\"og:title\" content=\"Heat Storm 1500W Infrared Cabinet Heater with Remote Control and Safe Touch Design - Ks Products\" \/>\n<meta property=\"og:description\" content=\"This portable 1500 watt infrared heater has the power to heat up a small room or office with its 5200 BTU heat output. Two power modes, one uses the full\" \/>\n<meta property=\"og:url\" content=\"https:\/\/ksproducts.ca\/fr\/product\/heat-storm-1500w-infrared-cabinet-heater-with-remote-control-and-safe-touch-design\/\" \/>\n<meta property=\"og:site_name\" content=\"Ks Products\" \/>\n<meta property=\"article:modified_time\" content=\"2026-04-15T03:03:49+00:00\" \/>\n<meta property=\"og:image\" content=\"https:\/\/ksproducts.ca\/wp-content\/uploads\/2025\/09\/HS-1500-PHX_main.jpg\" \/>\n\t<meta property=\"og:image:width\" content=\"441\" \/>\n\t<meta property=\"og:image:height\" content=\"309\" \/>\n\t<meta property=\"og:image:type\" content=\"image\/jpeg\" \/>\n<meta name=\"twitter:card\" content=\"summary_large_image\" \/>\n<meta name=\"twitter:label1\" content=\"Estimation du temps de lecture\" \/>\n\t<meta name=\"twitter:data1\" content=\"1 minute\" \/>\n<script type=\"application\/ld+json\" class=\"yoast-schema-graph\">{\"@context\":\"https:\\\/\\\/schema.org\",\"@graph\":[{\"@type\":\"WebPage\",\"@id\":\"https:\\\/\\\/ksproducts.ca\\\/product\\\/heat-storm-1500w-infrared-cabinet-heater-with-remote-control-and-safe-touch-design\\\/\",\"url\":\"https:\\\/\\\/ksproducts.ca\\\/product\\\/heat-storm-1500w-infrared-cabinet-heater-with-remote-control-and-safe-touch-design\\\/\",\"name\":\"Heat Storm 1500W Infrared Cabinet Heater with Remote Control and Safe Touch Design - Ks Products\",\"isPartOf\":{\"@id\":\"https:\\\/\\\/ksproducts.ca\\\/#website\"},\"primaryImageOfPage\":{\"@id\":\"https:\\\/\\\/ksproducts.ca\\\/product\\\/heat-storm-1500w-infrared-cabinet-heater-with-remote-control-and-safe-touch-design\\\/#primaryimage\"},\"image\":{\"@id\":\"https:\\\/\\\/ksproducts.ca\\\/product\\\/heat-storm-1500w-infrared-cabinet-heater-with-remote-control-and-safe-touch-design\\\/#primaryimage\"},\"thumbnailUrl\":\"https:\\\/\\\/ksproducts.ca\\\/wp-content\\\/uploads\\\/2025\\\/09\\\/HS-1500-PHX_main.jpg\",\"datePublished\":\"2025-09-12T17:16:40+00:00\",\"dateModified\":\"2026-04-15T03:03:49+00:00\",\"breadcrumb\":{\"@id\":\"https:\\\/\\\/ksproducts.ca\\\/product\\\/heat-storm-1500w-infrared-cabinet-heater-with-remote-control-and-safe-touch-design\\\/#breadcrumb\"},\"inLanguage\":\"fr-CA\",\"potentialAction\":[{\"@type\":\"ReadAction\",\"target\":[\"https:\\\/\\\/ksproducts.ca\\\/product\\\/heat-storm-1500w-infrared-cabinet-heater-with-remote-control-and-safe-touch-design\\\/\"]}]},{\"@type\":\"ImageObject\",\"inLanguage\":\"fr-CA\",\"@id\":\"https:\\\/\\\/ksproducts.ca\\\/product\\\/heat-storm-1500w-infrared-cabinet-heater-with-remote-control-and-safe-touch-design\\\/#primaryimage\",\"url\":\"https:\\\/\\\/ksproducts.ca\\\/wp-content\\\/uploads\\\/2025\\\/09\\\/HS-1500-PHX_main.jpg\",\"contentUrl\":\"https:\\\/\\\/ksproducts.ca\\\/wp-content\\\/uploads\\\/2025\\\/09\\\/HS-1500-PHX_main.jpg\",\"width\":441,\"height\":309,\"caption\":\"Heat Storm Phoenix 1500W WiFi Smart Heater with Infrared Heating and Digital Thermostat Control\"},{\"@type\":\"BreadcrumbList\",\"@id\":\"https:\\\/\\\/ksproducts.ca\\\/product\\\/heat-storm-1500w-infrared-cabinet-heater-with-remote-control-and-safe-touch-design\\\/#breadcrumb\",\"itemListElement\":[{\"@type\":\"ListItem\",\"position\":1,\"name\":\"Home\",\"item\":\"https:\\\/\\\/ksproducts.ca\\\/\"},{\"@type\":\"ListItem\",\"position\":2,\"name\":\"Shop\",\"item\":\"https:\\\/\\\/ksproducts.ca\\\/shop\\\/\"},{\"@type\":\"ListItem\",\"position\":3,\"name\":\"Heat Storm 1500W Infrared Cabinet Heater with Remote Control and Safe Touch Design\"}]},{\"@type\":\"WebSite\",\"@id\":\"https:\\\/\\\/ksproducts.ca\\\/#website\",\"url\":\"https:\\\/\\\/ksproducts.ca\\\/\",\"name\":\"Ks Products\",\"description\":\"Outdoor cooking and living, made easy in Canada\",\"publisher\":{\"@id\":\"https:\\\/\\\/ksproducts.ca\\\/#organization\"},\"potentialAction\":[{\"@type\":\"SearchAction\",\"target\":{\"@type\":\"EntryPoint\",\"urlTemplate\":\"https:\\\/\\\/ksproducts.ca\\\/?s={search_term_string}\"},\"query-input\":{\"@type\":\"PropertyValueSpecification\",\"valueRequired\":true,\"valueName\":\"search_term_string\"}}],\"inLanguage\":\"fr-CA\"},{\"@type\":\"Organization\",\"@id\":\"https:\\\/\\\/ksproducts.ca\\\/#organization\",\"name\":\"Ks Products\",\"url\":\"https:\\\/\\\/ksproducts.ca\\\/\",\"logo\":{\"@type\":\"ImageObject\",\"inLanguage\":\"fr-CA\",\"@id\":\"https:\\\/\\\/ksproducts.ca\\\/#\\\/schema\\\/logo\\\/image\\\/\",\"url\":\"https:\\\/\\\/ksproducts.ca\\\/wp-content\\\/uploads\\\/2023\\\/09\\\/Kennedy-Sales-Logo-header-1.png\",\"contentUrl\":\"https:\\\/\\\/ksproducts.ca\\\/wp-content\\\/uploads\\\/2023\\\/09\\\/Kennedy-Sales-Logo-header-1.png\",\"width\":150,\"height\":77,\"caption\":\"Ks Products\"},\"image\":{\"@id\":\"https:\\\/\\\/ksproducts.ca\\\/#\\\/schema\\\/logo\\\/image\\\/\"}}]}<\/script>\n<!-- \/ Yoast SEO plugin. -->","yoast_head_json":{"title":"Heat Storm 1500W chauffage d'armoire \u00e0 infrarouge avec t\u00e9l\u00e9commande et design Safe Touch - Ks Products","robots":{"index":"index","follow":"follow","max-snippet":"max-snippet:-1","max-image-preview":"max-image-preview:large","max-video-preview":"max-video-preview:-1"},"canonical":"https:\/\/ksproducts.ca\/fr\/product\/heat-storm-1500w-infrared-cabinet-heater-with-remote-control-and-safe-touch-design\/","og_locale":"fr_CA","og_type":"article","og_title":"Heat Storm 1500W Infrared Cabinet Heater with Remote Control and Safe Touch Design - Ks Products","og_description":"This portable 1500 watt infrared heater has the power to heat up a small room or office with its 5200 BTU heat output. Two power modes, one uses the full","og_url":"https:\/\/ksproducts.ca\/fr\/product\/heat-storm-1500w-infrared-cabinet-heater-with-remote-control-and-safe-touch-design\/","og_site_name":"Ks Products","article_modified_time":"2026-04-15T03:03:49+00:00","og_image":[{"width":441,"height":309,"url":"https:\/\/ksproducts.ca\/wp-content\/uploads\/2025\/09\/HS-1500-PHX_main.jpg","type":"image\/jpeg"}],"twitter_card":"summary_large_image","twitter_misc":{"Estimation du temps de lecture":"1 minute"},"schema":{"@context":"https:\/\/schema.org","@graph":[{"@type":"WebPage","@id":"https:\/\/ksproducts.ca\/product\/heat-storm-1500w-infrared-cabinet-heater-with-remote-control-and-safe-touch-design\/","url":"https:\/\/ksproducts.ca\/product\/heat-storm-1500w-infrared-cabinet-heater-with-remote-control-and-safe-touch-design\/","name":"Heat Storm 1500W chauffage d'armoire \u00e0 infrarouge avec t\u00e9l\u00e9commande et design Safe Touch - Ks Products","isPartOf":{"@id":"https:\/\/ksproducts.ca\/#website"},"primaryImageOfPage":{"@id":"https:\/\/ksproducts.ca\/product\/heat-storm-1500w-infrared-cabinet-heater-with-remote-control-and-safe-touch-design\/#primaryimage"},"image":{"@id":"https:\/\/ksproducts.ca\/product\/heat-storm-1500w-infrared-cabinet-heater-with-remote-control-and-safe-touch-design\/#primaryimage"},"thumbnailUrl":"https:\/\/ksproducts.ca\/wp-content\/uploads\/2025\/09\/HS-1500-PHX_main.jpg","datePublished":"2025-09-12T17:16:40+00:00","dateModified":"2026-04-15T03:03:49+00:00","breadcrumb":{"@id":"https:\/\/ksproducts.ca\/product\/heat-storm-1500w-infrared-cabinet-heater-with-remote-control-and-safe-touch-design\/#breadcrumb"},"inLanguage":"fr-CA","potentialAction":[{"@type":"ReadAction","target":["https:\/\/ksproducts.ca\/product\/heat-storm-1500w-infrared-cabinet-heater-with-remote-control-and-safe-touch-design\/"]}]},{"@type":"ImageObject","inLanguage":"fr-CA","@id":"https:\/\/ksproducts.ca\/product\/heat-storm-1500w-infrared-cabinet-heater-with-remote-control-and-safe-touch-design\/#primaryimage","url":"https:\/\/ksproducts.ca\/wp-content\/uploads\/2025\/09\/HS-1500-PHX_main.jpg","contentUrl":"https:\/\/ksproducts.ca\/wp-content\/uploads\/2025\/09\/HS-1500-PHX_main.jpg","width":441,"height":309,"caption":"Heat Storm Phoenix 1500W WiFi Smart Heater with Infrared Heating and Digital Thermostat Control"},{"@type":"BreadcrumbList","@id":"https:\/\/ksproducts.ca\/product\/heat-storm-1500w-infrared-cabinet-heater-with-remote-control-and-safe-touch-design\/#breadcrumb","itemListElement":[{"@type":"ListItem","position":1,"name":"Home","item":"https:\/\/ksproducts.ca\/"},{"@type":"ListItem","position":2,"name":"Shop","item":"https:\/\/ksproducts.ca\/shop\/"},{"@type":"ListItem","position":3,"name":"Heat Storm 1500W Infrared Cabinet Heater with Remote Control and Safe Touch Design"}]},{"@type":"WebSite","@id":"https:\/\/ksproducts.ca\/#website","url":"https:\/\/ksproducts.ca\/","name":"Produits Ks","description":"Cuisiner et vivre en plein air, c'est facile au Canada","publisher":{"@id":"https:\/\/ksproducts.ca\/#organization"},"potentialAction":[{"@type":"SearchAction","target":{"@type":"EntryPoint","urlTemplate":"https:\/\/ksproducts.ca\/?s={search_term_string}"},"query-input":{"@type":"PropertyValueSpecification","valueRequired":true,"valueName":"search_term_string"}}],"inLanguage":"fr-CA"},{"@type":"Organization","@id":"https:\/\/ksproducts.ca\/#organization","name":"Produits Ks","url":"https:\/\/ksproducts.ca\/","logo":{"@type":"ImageObject","inLanguage":"fr-CA","@id":"https:\/\/ksproducts.ca\/#\/schema\/logo\/image\/","url":"https:\/\/ksproducts.ca\/wp-content\/uploads\/2023\/09\/Kennedy-Sales-Logo-header-1.png","contentUrl":"https:\/\/ksproducts.ca\/wp-content\/uploads\/2023\/09\/Kennedy-Sales-Logo-header-1.png","width":150,"height":77,"caption":"Ks Products"},"image":{"@id":"https:\/\/ksproducts.ca\/#\/schema\/logo\/image\/"}}]}},"_links":{"self":[{"href":"https:\/\/ksproducts.ca\/fr\/wp-json\/wp\/v2\/product\/10015","targetHints":{"allow":["GET"]}}],"collection":[{"href":"https:\/\/ksproducts.ca\/fr\/wp-json\/wp\/v2\/product"}],"about":[{"href":"https:\/\/ksproducts.ca\/fr\/wp-json\/wp\/v2\/types\/product"}],"replies":[{"embeddable":true,"href":"https:\/\/ksproducts.ca\/fr\/wp-json\/wp\/v2\/comments?post=10015"}],"version-history":[{"count":1,"href":"https:\/\/ksproducts.ca\/fr\/wp-json\/wp\/v2\/product\/10015\/revisions"}],"predecessor-version":[{"id":10016,"href":"https:\/\/ksproducts.ca\/fr\/wp-json\/wp\/v2\/product\/10015\/revisions\/10016"}],"wp:featuredmedia":[{"embeddable":true,"href":"https:\/\/ksproducts.ca\/fr\/wp-json\/wp\/v2\/media\/10012"}],"wp:attachment":[{"href":"https:\/\/ksproducts.ca\/fr\/wp-json\/wp\/v2\/media?parent=10015"}],"wp:term":[{"taxonomy":"product_cat","embeddable":true,"href":"https:\/\/ksproducts.ca\/fr\/wp-json\/wp\/v2\/product_cat?post=10015"},{"taxonomy":"product_tag","embeddable":true,"href":"https:\/\/ksproducts.ca\/fr\/wp-json\/wp\/v2\/product_tag?post=10015"}],"curies":[{"name":"wp","href":"https:\/\/api.w.org\/{rel}","templated":true}]}}