{"id":10517,"date":"2026-01-30T13:43:51","date_gmt":"2026-01-30T13:43:51","guid":{"rendered":"https:\/\/ksproducts.ca\/?post_type=product&#038;p=10517"},"modified":"2026-03-04T14:10:11","modified_gmt":"2026-03-04T14:10:11","slug":"rightline-gear-ace-jr-car-top-carrier-weatherproof-9cu-ft","status":"publish","type":"product","link":"https:\/\/ksproducts.ca\/fr\/product\/rightline-gear-ace-jr-weatherproof-car-top-carrier-9cu-ft\/","title":{"rendered":"Rightline Gear Ace Jr Car Top Carrier r\u00e9sistant aux intemp\u00e9ries - 9cu ft"},"content":{"rendered":"<ul class=\"a-unordered-list a-vertical a-spacing-mini\">\n<li class=\"a-spacing-mini\"><span class=\"a-list-item\">Porte-bagages de toit : Notre porte-bagages de toit pratique vous permet de garder votre \u00e9quipement en haut, de sorte que vous pouvez transporter des biens et des passagers sans compromettre la s\u00e9curit\u00e9, le confort ou la commodit\u00e9.<\/span><\/li>\n<li class=\"a-spacing-mini\"><span class=\"a-list-item\">Caract\u00e9ristiques intuitives : Sp\u00e9cialement con\u00e7u pour garder votre mat\u00e9riel au sec, notre porte-bagages \u00e9tanche pour toit de voiture est dot\u00e9 de coutures soud\u00e9es, d'une fermeture \u00e0 glissi\u00e8re recouverte d'ur\u00e9thane et d'un rabat de fermeture \u00e0 glissi\u00e8re avec bande auto-agrippante.<\/span><\/li>\n<li class=\"a-spacing-mini\"><span class=\"a-list-item\">Construction de qualit\u00e9 : Fabriqu\u00e9s en maille PVC semi-couch\u00e9e prot\u00e9g\u00e9e contre les UV, nos porte-bagages durables sont con\u00e7us pour garder vos biens au sec et ne s'envoleront pas de votre toit.<\/span><\/li>\n<li class=\"a-spacing-mini\"><span class=\"a-list-item\">Installation simple : Attachez simplement les sangles du sac de toit \u00e0 la galerie de votre v\u00e9hicule ou utilisez les clips de voiture inclus pour attacher les sangles \u00e0 la moulure d'\u00e9tanch\u00e9it\u00e9 du cadre de la porte de votre v\u00e9hicule.<\/span><\/li>\n<li class=\"a-spacing-mini\"><span class=\"a-list-item\">Rangement sans faille : Notre sac de transport se replie pour \u00eatre rang\u00e9 dans le sac de rangement inclus ; sac de toit pour voiture, 4 sangles de fixation, 4 clips pour voiture et sac de rangement avec guide d'installation cousu inclus.<\/span><\/li>\n<\/ul>","protected":false},"excerpt":{"rendered":"<p><strong data-start=\"86\" data-end=\"213\">Maximisez l'espace de rangement de votre v\u00e9hicule avec ce porte-bagages durable, con\u00e7u pour garder votre \u00e9quipement en s\u00e9curit\u00e9 et au sec lors de chaque voyage.<\/strong> Dot\u00e9 de coutures soud\u00e9es, d'une fermeture \u00e0 glissi\u00e8re imperm\u00e9able recouverte d'ur\u00e9thane et d'un rabat de fermeture \u00e0 glissi\u00e8re \u00e0 bande auto-agrippante, il prot\u00e8ge vos effets personnels des intemp\u00e9ries. Fabriqu\u00e9 en maille PVC semi-rev\u00eatue et prot\u00e9g\u00e9e contre les UV, ce sac de transport est con\u00e7u pour rester fermement en place et r\u00e9sister aux longs trajets. L'installation est rapide et flexible gr\u00e2ce aux sangles de galerie de toit ou aux clips de voiture inclus pour le montage sur le cadre de la porte.<\/p>","protected":false},"featured_media":10518,"comment_status":"open","ping_status":"closed","template":"","meta":[],"product_cat":[430,431],"product_tag":[],"class_list":{"0":"post-10517","1":"product","2":"type-product","3":"status-publish","4":"has-post-thumbnail","6":"product_brand-rightline-gear","7":"product_cat-automotive-gear","8":"product_cat-camping-rv-essentials","9":"product_shipping_class-class-2","11":"first","12":"instock","13":"taxable","14":"shipping-taxable","15":"purchasable","16":"product-type-simple"},"yoast_head":"<!-- This site is optimized with the Yoast SEO plugin v27.4 - https:\/\/yoast.com\/product\/yoast-seo-wordpress\/ -->\n<title>Rightline Gear Ace Jr Weatherproof Car Top Carrier - 9cu ft - Ks Products<\/title>\n<meta name=\"robots\" content=\"index, follow, max-snippet:-1, max-image-preview:large, max-video-preview:-1\" \/>\n<link rel=\"canonical\" href=\"https:\/\/ksproducts.ca\/fr\/product\/rightline-gear-ace-jr-car-top-carrier-weatherproof-9cu-ft\/\" \/>\n<meta property=\"og:locale\" content=\"fr_CA\" \/>\n<meta property=\"og:type\" content=\"article\" \/>\n<meta property=\"og:title\" content=\"Rightline Gear Ace Jr Weatherproof Car Top Carrier - 9cu ft - Ks Products\" \/>\n<meta property=\"og:description\" content=\"Maximize your vehicle\u2019s storage with this durable Car Top Carrier, designed to keep your gear secure and dry on every trip. Featuring welded seams, a waterproof urethane-coated zipper, and a hook-and-loop zipper flap, it protects your belongings from the elements. Made from UV-protected PVC semi-coated mesh, this cargo bag is built to stay firmly in place and stand up to long journeys. Setup is quick and flexible using roof rack straps or the included car clips for door frame mounting.\" \/>\n<meta property=\"og:url\" content=\"https:\/\/ksproducts.ca\/fr\/product\/rightline-gear-ace-jr-car-top-carrier-weatherproof-9cu-ft\/\" \/>\n<meta property=\"og:site_name\" content=\"Ks Products\" \/>\n<meta property=\"article:modified_time\" content=\"2026-03-04T14:10:11+00:00\" \/>\n<meta property=\"og:image\" content=\"https:\/\/ksproducts.ca\/wp-content\/uploads\/2026\/01\/100A50.jpg\" \/>\n\t<meta property=\"og:image:width\" content=\"653\" \/>\n\t<meta property=\"og:image:height\" content=\"634\" \/>\n\t<meta property=\"og:image:type\" content=\"image\/jpeg\" \/>\n<meta name=\"twitter:card\" content=\"summary_large_image\" \/>\n<meta name=\"twitter:label1\" content=\"Estimation du temps de lecture\" \/>\n\t<meta name=\"twitter:data1\" content=\"1 minute\" \/>\n<script type=\"application\/ld+json\" class=\"yoast-schema-graph\">{\"@context\":\"https:\\\/\\\/schema.org\",\"@graph\":[{\"@type\":\"WebPage\",\"@id\":\"https:\\\/\\\/ksproducts.ca\\\/product\\\/rightline-gear-ace-jr-weatherproof-car-top-carrier-9cu-ft\\\/\",\"url\":\"https:\\\/\\\/ksproducts.ca\\\/product\\\/rightline-gear-ace-jr-weatherproof-car-top-carrier-9cu-ft\\\/\",\"name\":\"Rightline Gear Ace Jr Weatherproof Car Top Carrier - 9cu ft - Ks Products\",\"isPartOf\":{\"@id\":\"https:\\\/\\\/ksproducts.ca\\\/#website\"},\"primaryImageOfPage\":{\"@id\":\"https:\\\/\\\/ksproducts.ca\\\/product\\\/rightline-gear-ace-jr-weatherproof-car-top-carrier-9cu-ft\\\/#primaryimage\"},\"image\":{\"@id\":\"https:\\\/\\\/ksproducts.ca\\\/product\\\/rightline-gear-ace-jr-weatherproof-car-top-carrier-9cu-ft\\\/#primaryimage\"},\"thumbnailUrl\":\"https:\\\/\\\/ksproducts.ca\\\/wp-content\\\/uploads\\\/2026\\\/01\\\/100A50.jpg\",\"datePublished\":\"2026-01-30T13:43:51+00:00\",\"dateModified\":\"2026-03-04T14:10:11+00:00\",\"breadcrumb\":{\"@id\":\"https:\\\/\\\/ksproducts.ca\\\/product\\\/rightline-gear-ace-jr-weatherproof-car-top-carrier-9cu-ft\\\/#breadcrumb\"},\"inLanguage\":\"fr-CA\",\"potentialAction\":[{\"@type\":\"ReadAction\",\"target\":[\"https:\\\/\\\/ksproducts.ca\\\/product\\\/rightline-gear-ace-jr-weatherproof-car-top-carrier-9cu-ft\\\/\"]}]},{\"@type\":\"ImageObject\",\"inLanguage\":\"fr-CA\",\"@id\":\"https:\\\/\\\/ksproducts.ca\\\/product\\\/rightline-gear-ace-jr-weatherproof-car-top-carrier-9cu-ft\\\/#primaryimage\",\"url\":\"https:\\\/\\\/ksproducts.ca\\\/wp-content\\\/uploads\\\/2026\\\/01\\\/100A50.jpg\",\"contentUrl\":\"https:\\\/\\\/ksproducts.ca\\\/wp-content\\\/uploads\\\/2026\\\/01\\\/100A50.jpg\",\"width\":653,\"height\":634,\"caption\":\"Rightline Gear Ace Jr Weatherproof Car Top Carrier - 9cu ft\"},{\"@type\":\"BreadcrumbList\",\"@id\":\"https:\\\/\\\/ksproducts.ca\\\/product\\\/rightline-gear-ace-jr-weatherproof-car-top-carrier-9cu-ft\\\/#breadcrumb\",\"itemListElement\":[{\"@type\":\"ListItem\",\"position\":1,\"name\":\"Home\",\"item\":\"https:\\\/\\\/ksproducts.ca\\\/\"},{\"@type\":\"ListItem\",\"position\":2,\"name\":\"Shop\",\"item\":\"https:\\\/\\\/ksproducts.ca\\\/shop\\\/\"},{\"@type\":\"ListItem\",\"position\":3,\"name\":\"Rightline Gear Ace Jr Weatherproof Car Top Carrier &#8211; 9cu ft\"}]},{\"@type\":\"WebSite\",\"@id\":\"https:\\\/\\\/ksproducts.ca\\\/#website\",\"url\":\"https:\\\/\\\/ksproducts.ca\\\/\",\"name\":\"Ks Products\",\"description\":\"Outdoor cooking and living, made easy in Canada\",\"publisher\":{\"@id\":\"https:\\\/\\\/ksproducts.ca\\\/#organization\"},\"potentialAction\":[{\"@type\":\"SearchAction\",\"target\":{\"@type\":\"EntryPoint\",\"urlTemplate\":\"https:\\\/\\\/ksproducts.ca\\\/?s={search_term_string}\"},\"query-input\":{\"@type\":\"PropertyValueSpecification\",\"valueRequired\":true,\"valueName\":\"search_term_string\"}}],\"inLanguage\":\"fr-CA\"},{\"@type\":\"Organization\",\"@id\":\"https:\\\/\\\/ksproducts.ca\\\/#organization\",\"name\":\"Ks Products\",\"url\":\"https:\\\/\\\/ksproducts.ca\\\/\",\"logo\":{\"@type\":\"ImageObject\",\"inLanguage\":\"fr-CA\",\"@id\":\"https:\\\/\\\/ksproducts.ca\\\/#\\\/schema\\\/logo\\\/image\\\/\",\"url\":\"https:\\\/\\\/ksproducts.ca\\\/wp-content\\\/uploads\\\/2023\\\/09\\\/Kennedy-Sales-Logo-header-1.png\",\"contentUrl\":\"https:\\\/\\\/ksproducts.ca\\\/wp-content\\\/uploads\\\/2023\\\/09\\\/Kennedy-Sales-Logo-header-1.png\",\"width\":150,\"height\":77,\"caption\":\"Ks Products\"},\"image\":{\"@id\":\"https:\\\/\\\/ksproducts.ca\\\/#\\\/schema\\\/logo\\\/image\\\/\"}}]}<\/script>\n<!-- \/ Yoast SEO plugin. -->","yoast_head_json":{"title":"Porte-bagages de voiture \u00e0 l'\u00e9preuve des intemp\u00e9ries Rightline Gear Ace Jr - 9 pi3 - Ks Products","robots":{"index":"index","follow":"follow","max-snippet":"max-snippet:-1","max-image-preview":"max-image-preview:large","max-video-preview":"max-video-preview:-1"},"canonical":"https:\/\/ksproducts.ca\/fr\/product\/rightline-gear-ace-jr-car-top-carrier-weatherproof-9cu-ft\/","og_locale":"fr_CA","og_type":"article","og_title":"Rightline Gear Ace Jr Weatherproof Car Top Carrier - 9cu ft - Ks Products","og_description":"Maximize your vehicle\u2019s storage with this durable Car Top Carrier, designed to keep your gear secure and dry on every trip. Featuring welded seams, a waterproof urethane-coated zipper, and a hook-and-loop zipper flap, it protects your belongings from the elements. Made from UV-protected PVC semi-coated mesh, this cargo bag is built to stay firmly in place and stand up to long journeys. Setup is quick and flexible using roof rack straps or the included car clips for door frame mounting.","og_url":"https:\/\/ksproducts.ca\/fr\/product\/rightline-gear-ace-jr-car-top-carrier-weatherproof-9cu-ft\/","og_site_name":"Ks Products","article_modified_time":"2026-03-04T14:10:11+00:00","og_image":[{"width":653,"height":634,"url":"https:\/\/ksproducts.ca\/wp-content\/uploads\/2026\/01\/100A50.jpg","type":"image\/jpeg"}],"twitter_card":"summary_large_image","twitter_misc":{"Estimation du temps de lecture":"1 minute"},"schema":{"@context":"https:\/\/schema.org","@graph":[{"@type":"WebPage","@id":"https:\/\/ksproducts.ca\/product\/rightline-gear-ace-jr-weatherproof-car-top-carrier-9cu-ft\/","url":"https:\/\/ksproducts.ca\/product\/rightline-gear-ace-jr-weatherproof-car-top-carrier-9cu-ft\/","name":"Porte-bagages de voiture \u00e0 l'\u00e9preuve des intemp\u00e9ries Rightline Gear Ace Jr - 9 pi3 - Ks Products","isPartOf":{"@id":"https:\/\/ksproducts.ca\/#website"},"primaryImageOfPage":{"@id":"https:\/\/ksproducts.ca\/product\/rightline-gear-ace-jr-weatherproof-car-top-carrier-9cu-ft\/#primaryimage"},"image":{"@id":"https:\/\/ksproducts.ca\/product\/rightline-gear-ace-jr-weatherproof-car-top-carrier-9cu-ft\/#primaryimage"},"thumbnailUrl":"https:\/\/ksproducts.ca\/wp-content\/uploads\/2026\/01\/100A50.jpg","datePublished":"2026-01-30T13:43:51+00:00","dateModified":"2026-03-04T14:10:11+00:00","breadcrumb":{"@id":"https:\/\/ksproducts.ca\/product\/rightline-gear-ace-jr-weatherproof-car-top-carrier-9cu-ft\/#breadcrumb"},"inLanguage":"fr-CA","potentialAction":[{"@type":"ReadAction","target":["https:\/\/ksproducts.ca\/product\/rightline-gear-ace-jr-weatherproof-car-top-carrier-9cu-ft\/"]}]},{"@type":"ImageObject","inLanguage":"fr-CA","@id":"https:\/\/ksproducts.ca\/product\/rightline-gear-ace-jr-weatherproof-car-top-carrier-9cu-ft\/#primaryimage","url":"https:\/\/ksproducts.ca\/wp-content\/uploads\/2026\/01\/100A50.jpg","contentUrl":"https:\/\/ksproducts.ca\/wp-content\/uploads\/2026\/01\/100A50.jpg","width":653,"height":634,"caption":"Rightline Gear Ace Jr Weatherproof Car Top Carrier - 9cu ft"},{"@type":"BreadcrumbList","@id":"https:\/\/ksproducts.ca\/product\/rightline-gear-ace-jr-weatherproof-car-top-carrier-9cu-ft\/#breadcrumb","itemListElement":[{"@type":"ListItem","position":1,"name":"Home","item":"https:\/\/ksproducts.ca\/"},{"@type":"ListItem","position":2,"name":"Shop","item":"https:\/\/ksproducts.ca\/shop\/"},{"@type":"ListItem","position":3,"name":"Rightline Gear Ace Jr Weatherproof Car Top Carrier &#8211; 9cu ft"}]},{"@type":"WebSite","@id":"https:\/\/ksproducts.ca\/#website","url":"https:\/\/ksproducts.ca\/","name":"Produits Ks","description":"Cuisiner et vivre en plein air, c'est facile au Canada","publisher":{"@id":"https:\/\/ksproducts.ca\/#organization"},"potentialAction":[{"@type":"SearchAction","target":{"@type":"EntryPoint","urlTemplate":"https:\/\/ksproducts.ca\/?s={search_term_string}"},"query-input":{"@type":"PropertyValueSpecification","valueRequired":true,"valueName":"search_term_string"}}],"inLanguage":"fr-CA"},{"@type":"Organization","@id":"https:\/\/ksproducts.ca\/#organization","name":"Produits Ks","url":"https:\/\/ksproducts.ca\/","logo":{"@type":"ImageObject","inLanguage":"fr-CA","@id":"https:\/\/ksproducts.ca\/#\/schema\/logo\/image\/","url":"https:\/\/ksproducts.ca\/wp-content\/uploads\/2023\/09\/Kennedy-Sales-Logo-header-1.png","contentUrl":"https:\/\/ksproducts.ca\/wp-content\/uploads\/2023\/09\/Kennedy-Sales-Logo-header-1.png","width":150,"height":77,"caption":"Ks Products"},"image":{"@id":"https:\/\/ksproducts.ca\/#\/schema\/logo\/image\/"}}]}},"_links":{"self":[{"href":"https:\/\/ksproducts.ca\/fr\/wp-json\/wp\/v2\/product\/10517","targetHints":{"allow":["GET"]}}],"collection":[{"href":"https:\/\/ksproducts.ca\/fr\/wp-json\/wp\/v2\/product"}],"about":[{"href":"https:\/\/ksproducts.ca\/fr\/wp-json\/wp\/v2\/types\/product"}],"replies":[{"embeddable":true,"href":"https:\/\/ksproducts.ca\/fr\/wp-json\/wp\/v2\/comments?post=10517"}],"version-history":[{"count":1,"href":"https:\/\/ksproducts.ca\/fr\/wp-json\/wp\/v2\/product\/10517\/revisions"}],"predecessor-version":[{"id":10521,"href":"https:\/\/ksproducts.ca\/fr\/wp-json\/wp\/v2\/product\/10517\/revisions\/10521"}],"wp:featuredmedia":[{"embeddable":true,"href":"https:\/\/ksproducts.ca\/fr\/wp-json\/wp\/v2\/media\/10518"}],"wp:attachment":[{"href":"https:\/\/ksproducts.ca\/fr\/wp-json\/wp\/v2\/media?parent=10517"}],"wp:term":[{"taxonomy":"product_cat","embeddable":true,"href":"https:\/\/ksproducts.ca\/fr\/wp-json\/wp\/v2\/product_cat?post=10517"},{"taxonomy":"product_tag","embeddable":true,"href":"https:\/\/ksproducts.ca\/fr\/wp-json\/wp\/v2\/product_tag?post=10517"}],"curies":[{"name":"wp","href":"https:\/\/api.w.org\/{rel}","templated":true}]}}