{"id":10522,"date":"2026-01-30T13:56:05","date_gmt":"2026-01-30T13:56:05","guid":{"rendered":"https:\/\/ksproducts.ca\/?post_type=product&#038;p=10522"},"modified":"2026-03-04T14:09:30","modified_gmt":"2026-03-04T14:09:30","slug":"rightline-gear-ace-2-weatherproof-car-top-carrier-15cu-ft","status":"publish","type":"product","link":"https:\/\/ksproducts.ca\/fr\/product\/rightline-gear-ace-2-weatherproof-car-top-carrier-15cu-ft\/","title":{"rendered":"Rightline Gear Ace 2 Car Top Carrier r\u00e9sistant aux intemp\u00e9ries - 15cu ft"},"content":{"rendered":"<ul class=\"a-unordered-list a-vertical a-spacing-mini\">\n<li class=\"a-spacing-mini\"><span class=\"a-list-item\">Capacit\u00e9 : 15 pieds cubes ; dimensions : 44 pouces de longueur x 34 pouces de largeur x 17 pouces de hauteur<\/span><\/li>\n<li class=\"a-spacing-mini\"><span class=\"a-list-item\">R\u00e9sistant \u00e0 l'eau avec coutures cousues et rabat \u00e0 glissi\u00e8re<\/span><\/li>\n<li class=\"a-spacing-mini\"><span class=\"a-list-item\">Con\u00e7u pour les SUV, les crossovers et les monospaces, avec ou sans galerie de toit.<\/span><\/li>\n<li class=\"a-spacing-mini\"><span class=\"a-list-item\">Fabriqu\u00e9 en hydrotuff, un polyester imperm\u00e9able et r\u00e9sistant aux UV, doubl\u00e9 de PVC.<\/span><\/li>\n<li class=\"a-spacing-mini\"><span class=\"a-list-item\">Comprend : un porte-b\u00e9b\u00e9, 4 sangles et un guide d'installation complet.<\/span><\/li>\n<\/ul>","protected":false},"excerpt":{"rendered":"<p><strong data-start=\"76\" data-end=\"233\">Ajoutez de l'espace de rangement \u00e0 votre v\u00e9hicule avec ce porte-bagages de toit de 15 pieds cubes, de dimensions 44\u201d x 34\u201d x 17\u201d, pour transporter facilement les objets essentiels \u00e0 votre voyage.<\/strong> Fabriqu\u00e9 \u00e0 partir du mat\u00e9riau Hydrotuff, un polyester \u00e9tanche soutenu par du PVC et r\u00e9sistant aux UV, il est con\u00e7u pour r\u00e9sister aux \u00e9l\u00e9ments. Les coutures r\u00e9sistantes \u00e0 l'eau et le rabat protecteur de la fermeture \u00e9clair permettent de garder l'\u00e9quipement au sec, tandis que le design polyvalent s'adapte aux SUV, aux crossovers et aux monospaces avec ou sans galerie de toit. Le porte-bagages comprend quatre sangles de fixation et un guide d'installation complet pour une installation rapide et sans souci.<\/p>","protected":false},"featured_media":10523,"comment_status":"open","ping_status":"closed","template":"","meta":[],"product_cat":[430,431],"product_tag":[],"class_list":{"0":"post-10522","1":"product","2":"type-product","3":"status-publish","4":"has-post-thumbnail","6":"product_brand-rightline-gear","7":"product_cat-automotive-gear","8":"product_cat-camping-rv-essentials","9":"product_shipping_class-class-2","11":"first","12":"instock","13":"taxable","14":"shipping-taxable","15":"purchasable","16":"product-type-simple"},"yoast_head":"<!-- This site is optimized with the Yoast SEO plugin v27.4 - https:\/\/yoast.com\/product\/yoast-seo-wordpress\/ -->\n<title>Rightline Gear Ace 2 Weatherproof Car Top Carrier - 15cu ft - Ks Products<\/title>\n<meta name=\"robots\" content=\"index, follow, max-snippet:-1, max-image-preview:large, max-video-preview:-1\" \/>\n<link rel=\"canonical\" href=\"https:\/\/ksproducts.ca\/fr\/product\/rightline-gear-ace-2-weatherproof-car-top-carrier-15cu-ft\/\" \/>\n<meta property=\"og:locale\" content=\"fr_CA\" \/>\n<meta property=\"og:type\" content=\"article\" \/>\n<meta property=\"og:title\" content=\"Rightline Gear Ace 2 Weatherproof Car Top Carrier - 15cu ft - Ks Products\" \/>\n<meta property=\"og:description\" content=\"Add extra storage space to your vehicle with this 15-cubic-foot rooftop cargo carrier, sized at 44\u201d x 34\u201d x 17\u201d to handle road-trip essentials with ease. Made from durable Hydrotuff material\u2014a UV-resistant, waterproof PVC-backed polyester\u2014it\u2019s built to stand up to the elements. Water-resistant sewn seams and a protective zipper flap help keep gear dry, while the versatile design fits SUVs, crossovers, and minivans with or without a roof rack. The carrier includes four attachment straps and a complete setup guide for quick, hassle-free installation\" \/>\n<meta property=\"og:url\" content=\"https:\/\/ksproducts.ca\/fr\/product\/rightline-gear-ace-2-weatherproof-car-top-carrier-15cu-ft\/\" \/>\n<meta property=\"og:site_name\" content=\"Ks Products\" \/>\n<meta property=\"article:modified_time\" content=\"2026-03-04T14:09:30+00:00\" \/>\n<meta property=\"og:image\" content=\"https:\/\/ksproducts.ca\/wp-content\/uploads\/2026\/01\/100A20.jpg\" \/>\n\t<meta property=\"og:image:width\" content=\"800\" \/>\n\t<meta property=\"og:image:height\" content=\"536\" \/>\n\t<meta property=\"og:image:type\" content=\"image\/jpeg\" \/>\n<meta name=\"twitter:card\" content=\"summary_large_image\" \/>\n<meta name=\"twitter:label1\" content=\"Estimation du temps de lecture\" \/>\n\t<meta name=\"twitter:data1\" content=\"1 minute\" \/>\n<script type=\"application\/ld+json\" class=\"yoast-schema-graph\">{\"@context\":\"https:\\\/\\\/schema.org\",\"@graph\":[{\"@type\":\"WebPage\",\"@id\":\"https:\\\/\\\/ksproducts.ca\\\/product\\\/rightline-gear-ace-2-weatherproof-car-top-carrier-15cu-ft\\\/\",\"url\":\"https:\\\/\\\/ksproducts.ca\\\/product\\\/rightline-gear-ace-2-weatherproof-car-top-carrier-15cu-ft\\\/\",\"name\":\"Rightline Gear Ace 2 Weatherproof Car Top Carrier - 15cu ft - Ks Products\",\"isPartOf\":{\"@id\":\"https:\\\/\\\/ksproducts.ca\\\/#website\"},\"primaryImageOfPage\":{\"@id\":\"https:\\\/\\\/ksproducts.ca\\\/product\\\/rightline-gear-ace-2-weatherproof-car-top-carrier-15cu-ft\\\/#primaryimage\"},\"image\":{\"@id\":\"https:\\\/\\\/ksproducts.ca\\\/product\\\/rightline-gear-ace-2-weatherproof-car-top-carrier-15cu-ft\\\/#primaryimage\"},\"thumbnailUrl\":\"https:\\\/\\\/ksproducts.ca\\\/wp-content\\\/uploads\\\/2026\\\/01\\\/100A20.jpg\",\"datePublished\":\"2026-01-30T13:56:05+00:00\",\"dateModified\":\"2026-03-04T14:09:30+00:00\",\"breadcrumb\":{\"@id\":\"https:\\\/\\\/ksproducts.ca\\\/product\\\/rightline-gear-ace-2-weatherproof-car-top-carrier-15cu-ft\\\/#breadcrumb\"},\"inLanguage\":\"fr-CA\",\"potentialAction\":[{\"@type\":\"ReadAction\",\"target\":[\"https:\\\/\\\/ksproducts.ca\\\/product\\\/rightline-gear-ace-2-weatherproof-car-top-carrier-15cu-ft\\\/\"]}]},{\"@type\":\"ImageObject\",\"inLanguage\":\"fr-CA\",\"@id\":\"https:\\\/\\\/ksproducts.ca\\\/product\\\/rightline-gear-ace-2-weatherproof-car-top-carrier-15cu-ft\\\/#primaryimage\",\"url\":\"https:\\\/\\\/ksproducts.ca\\\/wp-content\\\/uploads\\\/2026\\\/01\\\/100A20.jpg\",\"contentUrl\":\"https:\\\/\\\/ksproducts.ca\\\/wp-content\\\/uploads\\\/2026\\\/01\\\/100A20.jpg\",\"width\":800,\"height\":536,\"caption\":\"Rightline Gear Ace 2 Weatherproof Car Top Carrier - 15cu ft\"},{\"@type\":\"BreadcrumbList\",\"@id\":\"https:\\\/\\\/ksproducts.ca\\\/product\\\/rightline-gear-ace-2-weatherproof-car-top-carrier-15cu-ft\\\/#breadcrumb\",\"itemListElement\":[{\"@type\":\"ListItem\",\"position\":1,\"name\":\"Home\",\"item\":\"https:\\\/\\\/ksproducts.ca\\\/\"},{\"@type\":\"ListItem\",\"position\":2,\"name\":\"Shop\",\"item\":\"https:\\\/\\\/ksproducts.ca\\\/shop\\\/\"},{\"@type\":\"ListItem\",\"position\":3,\"name\":\"Rightline Gear Ace 2 Weatherproof Car Top Carrier &#8211; 15cu ft\"}]},{\"@type\":\"WebSite\",\"@id\":\"https:\\\/\\\/ksproducts.ca\\\/#website\",\"url\":\"https:\\\/\\\/ksproducts.ca\\\/\",\"name\":\"Ks Products\",\"description\":\"Outdoor cooking and living, made easy in Canada\",\"publisher\":{\"@id\":\"https:\\\/\\\/ksproducts.ca\\\/#organization\"},\"potentialAction\":[{\"@type\":\"SearchAction\",\"target\":{\"@type\":\"EntryPoint\",\"urlTemplate\":\"https:\\\/\\\/ksproducts.ca\\\/?s={search_term_string}\"},\"query-input\":{\"@type\":\"PropertyValueSpecification\",\"valueRequired\":true,\"valueName\":\"search_term_string\"}}],\"inLanguage\":\"fr-CA\"},{\"@type\":\"Organization\",\"@id\":\"https:\\\/\\\/ksproducts.ca\\\/#organization\",\"name\":\"Ks Products\",\"url\":\"https:\\\/\\\/ksproducts.ca\\\/\",\"logo\":{\"@type\":\"ImageObject\",\"inLanguage\":\"fr-CA\",\"@id\":\"https:\\\/\\\/ksproducts.ca\\\/#\\\/schema\\\/logo\\\/image\\\/\",\"url\":\"https:\\\/\\\/ksproducts.ca\\\/wp-content\\\/uploads\\\/2023\\\/09\\\/Kennedy-Sales-Logo-header-1.png\",\"contentUrl\":\"https:\\\/\\\/ksproducts.ca\\\/wp-content\\\/uploads\\\/2023\\\/09\\\/Kennedy-Sales-Logo-header-1.png\",\"width\":150,\"height\":77,\"caption\":\"Ks Products\"},\"image\":{\"@id\":\"https:\\\/\\\/ksproducts.ca\\\/#\\\/schema\\\/logo\\\/image\\\/\"}}]}<\/script>\n<!-- \/ Yoast SEO plugin. -->","yoast_head_json":{"title":"Porte-bagages de voiture \u00e0 l'\u00e9preuve des intemp\u00e9ries Rightline Gear Ace 2 - 15 pi3 - Ks Products","robots":{"index":"index","follow":"follow","max-snippet":"max-snippet:-1","max-image-preview":"max-image-preview:large","max-video-preview":"max-video-preview:-1"},"canonical":"https:\/\/ksproducts.ca\/fr\/product\/rightline-gear-ace-2-weatherproof-car-top-carrier-15cu-ft\/","og_locale":"fr_CA","og_type":"article","og_title":"Rightline Gear Ace 2 Weatherproof Car Top Carrier - 15cu ft - Ks Products","og_description":"Add extra storage space to your vehicle with this 15-cubic-foot rooftop cargo carrier, sized at 44\u201d x 34\u201d x 17\u201d to handle road-trip essentials with ease. Made from durable Hydrotuff material\u2014a UV-resistant, waterproof PVC-backed polyester\u2014it\u2019s built to stand up to the elements. Water-resistant sewn seams and a protective zipper flap help keep gear dry, while the versatile design fits SUVs, crossovers, and minivans with or without a roof rack. The carrier includes four attachment straps and a complete setup guide for quick, hassle-free installation","og_url":"https:\/\/ksproducts.ca\/fr\/product\/rightline-gear-ace-2-weatherproof-car-top-carrier-15cu-ft\/","og_site_name":"Ks Products","article_modified_time":"2026-03-04T14:09:30+00:00","og_image":[{"width":800,"height":536,"url":"https:\/\/ksproducts.ca\/wp-content\/uploads\/2026\/01\/100A20.jpg","type":"image\/jpeg"}],"twitter_card":"summary_large_image","twitter_misc":{"Estimation du temps de lecture":"1 minute"},"schema":{"@context":"https:\/\/schema.org","@graph":[{"@type":"WebPage","@id":"https:\/\/ksproducts.ca\/product\/rightline-gear-ace-2-weatherproof-car-top-carrier-15cu-ft\/","url":"https:\/\/ksproducts.ca\/product\/rightline-gear-ace-2-weatherproof-car-top-carrier-15cu-ft\/","name":"Porte-bagages de voiture \u00e0 l'\u00e9preuve des intemp\u00e9ries Rightline Gear Ace 2 - 15 pi3 - Ks Products","isPartOf":{"@id":"https:\/\/ksproducts.ca\/#website"},"primaryImageOfPage":{"@id":"https:\/\/ksproducts.ca\/product\/rightline-gear-ace-2-weatherproof-car-top-carrier-15cu-ft\/#primaryimage"},"image":{"@id":"https:\/\/ksproducts.ca\/product\/rightline-gear-ace-2-weatherproof-car-top-carrier-15cu-ft\/#primaryimage"},"thumbnailUrl":"https:\/\/ksproducts.ca\/wp-content\/uploads\/2026\/01\/100A20.jpg","datePublished":"2026-01-30T13:56:05+00:00","dateModified":"2026-03-04T14:09:30+00:00","breadcrumb":{"@id":"https:\/\/ksproducts.ca\/product\/rightline-gear-ace-2-weatherproof-car-top-carrier-15cu-ft\/#breadcrumb"},"inLanguage":"fr-CA","potentialAction":[{"@type":"ReadAction","target":["https:\/\/ksproducts.ca\/product\/rightline-gear-ace-2-weatherproof-car-top-carrier-15cu-ft\/"]}]},{"@type":"ImageObject","inLanguage":"fr-CA","@id":"https:\/\/ksproducts.ca\/product\/rightline-gear-ace-2-weatherproof-car-top-carrier-15cu-ft\/#primaryimage","url":"https:\/\/ksproducts.ca\/wp-content\/uploads\/2026\/01\/100A20.jpg","contentUrl":"https:\/\/ksproducts.ca\/wp-content\/uploads\/2026\/01\/100A20.jpg","width":800,"height":536,"caption":"Rightline Gear Ace 2 Weatherproof Car Top Carrier - 15cu ft"},{"@type":"BreadcrumbList","@id":"https:\/\/ksproducts.ca\/product\/rightline-gear-ace-2-weatherproof-car-top-carrier-15cu-ft\/#breadcrumb","itemListElement":[{"@type":"ListItem","position":1,"name":"Home","item":"https:\/\/ksproducts.ca\/"},{"@type":"ListItem","position":2,"name":"Shop","item":"https:\/\/ksproducts.ca\/shop\/"},{"@type":"ListItem","position":3,"name":"Rightline Gear Ace 2 Weatherproof Car Top Carrier &#8211; 15cu ft"}]},{"@type":"WebSite","@id":"https:\/\/ksproducts.ca\/#website","url":"https:\/\/ksproducts.ca\/","name":"Produits Ks","description":"Cuisiner et vivre en plein air, c'est facile au Canada","publisher":{"@id":"https:\/\/ksproducts.ca\/#organization"},"potentialAction":[{"@type":"SearchAction","target":{"@type":"EntryPoint","urlTemplate":"https:\/\/ksproducts.ca\/?s={search_term_string}"},"query-input":{"@type":"PropertyValueSpecification","valueRequired":true,"valueName":"search_term_string"}}],"inLanguage":"fr-CA"},{"@type":"Organization","@id":"https:\/\/ksproducts.ca\/#organization","name":"Produits Ks","url":"https:\/\/ksproducts.ca\/","logo":{"@type":"ImageObject","inLanguage":"fr-CA","@id":"https:\/\/ksproducts.ca\/#\/schema\/logo\/image\/","url":"https:\/\/ksproducts.ca\/wp-content\/uploads\/2023\/09\/Kennedy-Sales-Logo-header-1.png","contentUrl":"https:\/\/ksproducts.ca\/wp-content\/uploads\/2023\/09\/Kennedy-Sales-Logo-header-1.png","width":150,"height":77,"caption":"Ks Products"},"image":{"@id":"https:\/\/ksproducts.ca\/#\/schema\/logo\/image\/"}}]}},"_links":{"self":[{"href":"https:\/\/ksproducts.ca\/fr\/wp-json\/wp\/v2\/product\/10522","targetHints":{"allow":["GET"]}}],"collection":[{"href":"https:\/\/ksproducts.ca\/fr\/wp-json\/wp\/v2\/product"}],"about":[{"href":"https:\/\/ksproducts.ca\/fr\/wp-json\/wp\/v2\/types\/product"}],"replies":[{"embeddable":true,"href":"https:\/\/ksproducts.ca\/fr\/wp-json\/wp\/v2\/comments?post=10522"}],"version-history":[{"count":1,"href":"https:\/\/ksproducts.ca\/fr\/wp-json\/wp\/v2\/product\/10522\/revisions"}],"predecessor-version":[{"id":10526,"href":"https:\/\/ksproducts.ca\/fr\/wp-json\/wp\/v2\/product\/10522\/revisions\/10526"}],"wp:featuredmedia":[{"embeddable":true,"href":"https:\/\/ksproducts.ca\/fr\/wp-json\/wp\/v2\/media\/10523"}],"wp:attachment":[{"href":"https:\/\/ksproducts.ca\/fr\/wp-json\/wp\/v2\/media?parent=10522"}],"wp:term":[{"taxonomy":"product_cat","embeddable":true,"href":"https:\/\/ksproducts.ca\/fr\/wp-json\/wp\/v2\/product_cat?post=10522"},{"taxonomy":"product_tag","embeddable":true,"href":"https:\/\/ksproducts.ca\/fr\/wp-json\/wp\/v2\/product_tag?post=10522"}],"curies":[{"name":"wp","href":"https:\/\/api.w.org\/{rel}","templated":true}]}}