{"id":10660,"date":"2026-02-02T16:52:28","date_gmt":"2026-02-02T16:52:28","guid":{"rendered":"https:\/\/ksproducts.ca\/?post_type=product&#038;p=10660"},"modified":"2026-03-02T19:18:43","modified_gmt":"2026-03-02T19:18:43","slug":"blackstone-gourmet-series-spice-pack-3","status":"publish","type":"product","link":"https:\/\/ksproducts.ca\/fr\/product\/blackstone-gourmet-series-spice-pack-3\/","title":{"rendered":"Blackstone Gourmet Series Pack d'\u00e9pices 3"},"content":{"rendered":"<p>Cette offre group\u00e9e comprend<\/p>\n<ul>\n<li>Assaisonnement Blackstone Bayou Blend<\/li>\n<li>Assaisonnement Blackstone Outlaw BBQ<\/li>\n<li>Assaisonnement aux herbes toscanes Blackstone<\/li>\n<\/ul>","protected":false},"excerpt":{"rendered":"<p><b>Des saveurs audacieuses avec un c\u00f4t\u00e9 sauvage.<\/b><\/p>\n<p><span style=\"font-weight: 400;\">Ce set de 3 \u00e9pices comprend <\/span><b>Bayou<\/b><span style=\"font-weight: 400;\">, <\/span><b>Outlaw BBQ<\/b><span style=\"font-weight: 400;\">, et <\/span><b>Herbes de Toscane<\/b><span style=\"font-weight: 400;\"> qui associent la chaleur cajun, l'audace du fumage et la saveur classique des herbes. Parfait pour les viandes, les fruits de mer, les p\u00e2tes et les l\u00e9gumes, ce trio donne de la profondeur et de la personnalit\u00e9 \u00e0 tous les plats, qu'il s'agisse de plats r\u00e9confortants ou de plats rustiques.<\/span><\/p>","protected":false},"featured_media":10661,"comment_status":"open","ping_status":"closed","template":"","meta":[],"product_cat":[436,441,428],"product_tag":[],"class_list":{"0":"post-10660","1":"product","2":"type-product","3":"status-publish","4":"has-post-thumbnail","6":"product_brand-blackstone","7":"product_cat-accessories","8":"product_cat-essential-extras","9":"product_cat-outdoor-cooking","10":"product_shipping_class-class-1","12":"first","13":"outofstock","14":"taxable","15":"shipping-taxable","16":"purchasable","17":"product-type-simple"},"yoast_head":"<!-- This site is optimized with the Yoast SEO plugin v27.4 - https:\/\/yoast.com\/product\/yoast-seo-wordpress\/ -->\n<title>Blackstone Gourmet Series Spice Pack 3 - Ks Products<\/title>\n<meta name=\"robots\" content=\"index, follow, max-snippet:-1, max-image-preview:large, max-video-preview:-1\" \/>\n<link rel=\"canonical\" href=\"https:\/\/ksproducts.ca\/fr\/product\/blackstone-gourmet-series-spice-pack-3\/\" \/>\n<meta property=\"og:locale\" content=\"fr_CA\" \/>\n<meta property=\"og:type\" content=\"article\" \/>\n<meta property=\"og:title\" content=\"Blackstone Gourmet Series Spice Pack 3 - Ks Products\" \/>\n<meta property=\"og:description\" content=\"Bold flavors with a wild side.  This 3-pack spice set includes Bayou, Outlaw BBQ, and Tuscan Herb seasonings\u2014bringing together Cajun heat, smoky boldness, and classic herb-forward flavor. Perfect for meats, seafood, pasta, and vegetables, this trio adds depth and personality to any dish, from comfort food to rustic favorites.\" \/>\n<meta property=\"og:url\" content=\"https:\/\/ksproducts.ca\/fr\/product\/blackstone-gourmet-series-spice-pack-3\/\" \/>\n<meta property=\"og:site_name\" content=\"Ks Products\" \/>\n<meta property=\"article:modified_time\" content=\"2026-03-02T19:18:43+00:00\" \/>\n<meta property=\"og:image\" content=\"https:\/\/ksproducts.ca\/wp-content\/uploads\/2026\/02\/SpicePackC.jpg\" \/>\n\t<meta property=\"og:image:width\" content=\"618\" \/>\n\t<meta property=\"og:image:height\" content=\"496\" \/>\n\t<meta property=\"og:image:type\" content=\"image\/jpeg\" \/>\n<meta name=\"twitter:card\" content=\"summary_large_image\" \/>\n<meta name=\"twitter:label1\" content=\"Estimation du temps de lecture\" \/>\n\t<meta name=\"twitter:data1\" content=\"1 minute\" \/>\n<script type=\"application\/ld+json\" class=\"yoast-schema-graph\">{\"@context\":\"https:\\\/\\\/schema.org\",\"@graph\":[{\"@type\":\"WebPage\",\"@id\":\"https:\\\/\\\/ksproducts.ca\\\/product\\\/blackstone-gourmet-series-spice-pack-3\\\/\",\"url\":\"https:\\\/\\\/ksproducts.ca\\\/product\\\/blackstone-gourmet-series-spice-pack-3\\\/\",\"name\":\"Blackstone Gourmet Series Spice Pack 3 - Ks Products\",\"isPartOf\":{\"@id\":\"https:\\\/\\\/ksproducts.ca\\\/#website\"},\"primaryImageOfPage\":{\"@id\":\"https:\\\/\\\/ksproducts.ca\\\/product\\\/blackstone-gourmet-series-spice-pack-3\\\/#primaryimage\"},\"image\":{\"@id\":\"https:\\\/\\\/ksproducts.ca\\\/product\\\/blackstone-gourmet-series-spice-pack-3\\\/#primaryimage\"},\"thumbnailUrl\":\"https:\\\/\\\/ksproducts.ca\\\/wp-content\\\/uploads\\\/2026\\\/02\\\/SpicePackC.jpg\",\"datePublished\":\"2026-02-02T16:52:28+00:00\",\"dateModified\":\"2026-03-02T19:18:43+00:00\",\"breadcrumb\":{\"@id\":\"https:\\\/\\\/ksproducts.ca\\\/product\\\/blackstone-gourmet-series-spice-pack-3\\\/#breadcrumb\"},\"inLanguage\":\"fr-CA\",\"potentialAction\":[{\"@type\":\"ReadAction\",\"target\":[\"https:\\\/\\\/ksproducts.ca\\\/product\\\/blackstone-gourmet-series-spice-pack-3\\\/\"]}]},{\"@type\":\"ImageObject\",\"inLanguage\":\"fr-CA\",\"@id\":\"https:\\\/\\\/ksproducts.ca\\\/product\\\/blackstone-gourmet-series-spice-pack-3\\\/#primaryimage\",\"url\":\"https:\\\/\\\/ksproducts.ca\\\/wp-content\\\/uploads\\\/2026\\\/02\\\/SpicePackC.jpg\",\"contentUrl\":\"https:\\\/\\\/ksproducts.ca\\\/wp-content\\\/uploads\\\/2026\\\/02\\\/SpicePackC.jpg\",\"width\":618,\"height\":496,\"caption\":\"Blackstone SpicePackC-Bayou blend, Outlaw BBQ, Tuscan Herb\"},{\"@type\":\"BreadcrumbList\",\"@id\":\"https:\\\/\\\/ksproducts.ca\\\/product\\\/blackstone-gourmet-series-spice-pack-3\\\/#breadcrumb\",\"itemListElement\":[{\"@type\":\"ListItem\",\"position\":1,\"name\":\"Home\",\"item\":\"https:\\\/\\\/ksproducts.ca\\\/\"},{\"@type\":\"ListItem\",\"position\":2,\"name\":\"Shop\",\"item\":\"https:\\\/\\\/ksproducts.ca\\\/shop\\\/\"},{\"@type\":\"ListItem\",\"position\":3,\"name\":\"Blackstone Gourmet Series Spice Pack 3\"}]},{\"@type\":\"WebSite\",\"@id\":\"https:\\\/\\\/ksproducts.ca\\\/#website\",\"url\":\"https:\\\/\\\/ksproducts.ca\\\/\",\"name\":\"Ks Products\",\"description\":\"Outdoor cooking and living, made easy in Canada\",\"publisher\":{\"@id\":\"https:\\\/\\\/ksproducts.ca\\\/#organization\"},\"potentialAction\":[{\"@type\":\"SearchAction\",\"target\":{\"@type\":\"EntryPoint\",\"urlTemplate\":\"https:\\\/\\\/ksproducts.ca\\\/?s={search_term_string}\"},\"query-input\":{\"@type\":\"PropertyValueSpecification\",\"valueRequired\":true,\"valueName\":\"search_term_string\"}}],\"inLanguage\":\"fr-CA\"},{\"@type\":\"Organization\",\"@id\":\"https:\\\/\\\/ksproducts.ca\\\/#organization\",\"name\":\"Ks Products\",\"url\":\"https:\\\/\\\/ksproducts.ca\\\/\",\"logo\":{\"@type\":\"ImageObject\",\"inLanguage\":\"fr-CA\",\"@id\":\"https:\\\/\\\/ksproducts.ca\\\/#\\\/schema\\\/logo\\\/image\\\/\",\"url\":\"https:\\\/\\\/ksproducts.ca\\\/wp-content\\\/uploads\\\/2023\\\/09\\\/Kennedy-Sales-Logo-header-1.png\",\"contentUrl\":\"https:\\\/\\\/ksproducts.ca\\\/wp-content\\\/uploads\\\/2023\\\/09\\\/Kennedy-Sales-Logo-header-1.png\",\"width\":150,\"height\":77,\"caption\":\"Ks Products\"},\"image\":{\"@id\":\"https:\\\/\\\/ksproducts.ca\\\/#\\\/schema\\\/logo\\\/image\\\/\"}}]}<\/script>\n<!-- \/ Yoast SEO plugin. -->","yoast_head_json":{"title":"Blackstone Gourmet Series Pack d'\u00e9pices 3 - Ks Products","robots":{"index":"index","follow":"follow","max-snippet":"max-snippet:-1","max-image-preview":"max-image-preview:large","max-video-preview":"max-video-preview:-1"},"canonical":"https:\/\/ksproducts.ca\/fr\/product\/blackstone-gourmet-series-spice-pack-3\/","og_locale":"fr_CA","og_type":"article","og_title":"Blackstone Gourmet Series Spice Pack 3 - Ks Products","og_description":"Bold flavors with a wild side.  This 3-pack spice set includes Bayou, Outlaw BBQ, and Tuscan Herb seasonings\u2014bringing together Cajun heat, smoky boldness, and classic herb-forward flavor. Perfect for meats, seafood, pasta, and vegetables, this trio adds depth and personality to any dish, from comfort food to rustic favorites.","og_url":"https:\/\/ksproducts.ca\/fr\/product\/blackstone-gourmet-series-spice-pack-3\/","og_site_name":"Ks Products","article_modified_time":"2026-03-02T19:18:43+00:00","og_image":[{"width":618,"height":496,"url":"https:\/\/ksproducts.ca\/wp-content\/uploads\/2026\/02\/SpicePackC.jpg","type":"image\/jpeg"}],"twitter_card":"summary_large_image","twitter_misc":{"Estimation du temps de lecture":"1 minute"},"schema":{"@context":"https:\/\/schema.org","@graph":[{"@type":"WebPage","@id":"https:\/\/ksproducts.ca\/product\/blackstone-gourmet-series-spice-pack-3\/","url":"https:\/\/ksproducts.ca\/product\/blackstone-gourmet-series-spice-pack-3\/","name":"Blackstone Gourmet Series Pack d'\u00e9pices 3 - Ks Products","isPartOf":{"@id":"https:\/\/ksproducts.ca\/#website"},"primaryImageOfPage":{"@id":"https:\/\/ksproducts.ca\/product\/blackstone-gourmet-series-spice-pack-3\/#primaryimage"},"image":{"@id":"https:\/\/ksproducts.ca\/product\/blackstone-gourmet-series-spice-pack-3\/#primaryimage"},"thumbnailUrl":"https:\/\/ksproducts.ca\/wp-content\/uploads\/2026\/02\/SpicePackC.jpg","datePublished":"2026-02-02T16:52:28+00:00","dateModified":"2026-03-02T19:18:43+00:00","breadcrumb":{"@id":"https:\/\/ksproducts.ca\/product\/blackstone-gourmet-series-spice-pack-3\/#breadcrumb"},"inLanguage":"fr-CA","potentialAction":[{"@type":"ReadAction","target":["https:\/\/ksproducts.ca\/product\/blackstone-gourmet-series-spice-pack-3\/"]}]},{"@type":"ImageObject","inLanguage":"fr-CA","@id":"https:\/\/ksproducts.ca\/product\/blackstone-gourmet-series-spice-pack-3\/#primaryimage","url":"https:\/\/ksproducts.ca\/wp-content\/uploads\/2026\/02\/SpicePackC.jpg","contentUrl":"https:\/\/ksproducts.ca\/wp-content\/uploads\/2026\/02\/SpicePackC.jpg","width":618,"height":496,"caption":"Blackstone SpicePackC-Bayou blend, Outlaw BBQ, Tuscan Herb"},{"@type":"BreadcrumbList","@id":"https:\/\/ksproducts.ca\/product\/blackstone-gourmet-series-spice-pack-3\/#breadcrumb","itemListElement":[{"@type":"ListItem","position":1,"name":"Home","item":"https:\/\/ksproducts.ca\/"},{"@type":"ListItem","position":2,"name":"Shop","item":"https:\/\/ksproducts.ca\/shop\/"},{"@type":"ListItem","position":3,"name":"Blackstone Gourmet Series Spice Pack 3"}]},{"@type":"WebSite","@id":"https:\/\/ksproducts.ca\/#website","url":"https:\/\/ksproducts.ca\/","name":"Produits Ks","description":"Cuisiner et vivre en plein air, c'est facile au Canada","publisher":{"@id":"https:\/\/ksproducts.ca\/#organization"},"potentialAction":[{"@type":"SearchAction","target":{"@type":"EntryPoint","urlTemplate":"https:\/\/ksproducts.ca\/?s={search_term_string}"},"query-input":{"@type":"PropertyValueSpecification","valueRequired":true,"valueName":"search_term_string"}}],"inLanguage":"fr-CA"},{"@type":"Organization","@id":"https:\/\/ksproducts.ca\/#organization","name":"Produits Ks","url":"https:\/\/ksproducts.ca\/","logo":{"@type":"ImageObject","inLanguage":"fr-CA","@id":"https:\/\/ksproducts.ca\/#\/schema\/logo\/image\/","url":"https:\/\/ksproducts.ca\/wp-content\/uploads\/2023\/09\/Kennedy-Sales-Logo-header-1.png","contentUrl":"https:\/\/ksproducts.ca\/wp-content\/uploads\/2023\/09\/Kennedy-Sales-Logo-header-1.png","width":150,"height":77,"caption":"Ks Products"},"image":{"@id":"https:\/\/ksproducts.ca\/#\/schema\/logo\/image\/"}}]}},"_links":{"self":[{"href":"https:\/\/ksproducts.ca\/fr\/wp-json\/wp\/v2\/product\/10660","targetHints":{"allow":["GET"]}}],"collection":[{"href":"https:\/\/ksproducts.ca\/fr\/wp-json\/wp\/v2\/product"}],"about":[{"href":"https:\/\/ksproducts.ca\/fr\/wp-json\/wp\/v2\/types\/product"}],"replies":[{"embeddable":true,"href":"https:\/\/ksproducts.ca\/fr\/wp-json\/wp\/v2\/comments?post=10660"}],"version-history":[{"count":2,"href":"https:\/\/ksproducts.ca\/fr\/wp-json\/wp\/v2\/product\/10660\/revisions"}],"predecessor-version":[{"id":10666,"href":"https:\/\/ksproducts.ca\/fr\/wp-json\/wp\/v2\/product\/10660\/revisions\/10666"}],"wp:featuredmedia":[{"embeddable":true,"href":"https:\/\/ksproducts.ca\/fr\/wp-json\/wp\/v2\/media\/10661"}],"wp:attachment":[{"href":"https:\/\/ksproducts.ca\/fr\/wp-json\/wp\/v2\/media?parent=10660"}],"wp:term":[{"taxonomy":"product_cat","embeddable":true,"href":"https:\/\/ksproducts.ca\/fr\/wp-json\/wp\/v2\/product_cat?post=10660"},{"taxonomy":"product_tag","embeddable":true,"href":"https:\/\/ksproducts.ca\/fr\/wp-json\/wp\/v2\/product_tag?post=10660"}],"curies":[{"name":"wp","href":"https:\/\/api.w.org\/{rel}","templated":true}]}}