{"id":10672,"date":"2026-02-02T18:17:20","date_gmt":"2026-02-02T18:17:20","guid":{"rendered":"https:\/\/ksproducts.ca\/?post_type=product&#038;p=10672"},"modified":"2026-03-02T19:20:12","modified_gmt":"2026-03-02T19:20:12","slug":"blackstone-gourmet-series-spice-pack-5","status":"publish","type":"product","link":"https:\/\/ksproducts.ca\/fr\/product\/blackstone-gourmet-series-spice-pack-5\/","title":{"rendered":"Blackstone Gourmet Series Pack d'\u00e9pices 5"},"content":{"rendered":"<p>Cette offre group\u00e9e comprend<\/p>\n<ul>\n<li>Assaisonnement Blackstone Citrus Garlic Mojo<\/li>\n<li>Assaisonnement pour tacos de Blackstone Street<\/li>\n<li>Assaisonnement Blackstone Parmesan Ranch<\/li>\n<\/ul>","protected":false},"excerpt":{"rendered":"<p><b>Des saveurs fra\u00eeches et audacieuses pour toutes les envies.<\/b><\/p>\n<p><span style=\"font-weight: 400;\">Ce set de 3 \u00e9pices comprend <\/span><b>Ail aux agrumes<\/b><span style=\"font-weight: 400;\">, <\/span><b>Taco de rue<\/b><span style=\"font-weight: 400;\">, et <\/span><b>Ranch au parmesan<\/b><span style=\"font-weight: 400;\"> qui r\u00e9unissent des notes d'agrumes vives, une saveur savoureuse pour les tacos et un go\u00fbt cr\u00e9meux d'herbes. Parfait pour le poulet, les fruits de mer, les l\u00e9gumes, les tacos et bien plus encore... ce trio permet d'ajouter facilement une grande saveur aux repas de tous les jours.<\/span><\/p>","protected":false},"featured_media":10673,"comment_status":"open","ping_status":"closed","template":"","meta":[],"product_cat":[436,441,428],"product_tag":[],"class_list":{"0":"post-10672","1":"product","2":"type-product","3":"status-publish","4":"has-post-thumbnail","6":"product_brand-blackstone","7":"product_cat-accessories","8":"product_cat-essential-extras","9":"product_cat-outdoor-cooking","10":"product_shipping_class-class-1","12":"first","13":"outofstock","14":"taxable","15":"shipping-taxable","16":"purchasable","17":"product-type-simple"},"yoast_head":"<!-- This site is optimized with the Yoast SEO plugin v27.4 - https:\/\/yoast.com\/product\/yoast-seo-wordpress\/ -->\n<title>Blackstone Gourmet Series Spice Pack 5 - Ks Products<\/title>\n<meta name=\"robots\" content=\"index, follow, max-snippet:-1, max-image-preview:large, max-video-preview:-1\" \/>\n<link rel=\"canonical\" href=\"https:\/\/ksproducts.ca\/fr\/product\/blackstone-gourmet-series-spice-pack-5\/\" \/>\n<meta property=\"og:locale\" content=\"fr_CA\" \/>\n<meta property=\"og:type\" content=\"article\" \/>\n<meta property=\"og:title\" content=\"Blackstone Gourmet Series Spice Pack 5 - Ks Products\" \/>\n<meta property=\"og:description\" content=\"Fresh, bold flavor for every craving.  This 3-pack spice set includes Citrus Garlic, Street Taco, and Parmesan Ranch seasonings\u2014bringing together bright citrus notes, savory taco-stand flavor, and creamy herb goodness. Perfect for chicken, seafood, veggies, tacos and more...this trio makes it easy to add big flavor to everyday meals.\" \/>\n<meta property=\"og:url\" content=\"https:\/\/ksproducts.ca\/fr\/product\/blackstone-gourmet-series-spice-pack-5\/\" \/>\n<meta property=\"og:site_name\" content=\"Ks Products\" \/>\n<meta property=\"article:modified_time\" content=\"2026-03-02T19:20:12+00:00\" \/>\n<meta property=\"og:image\" content=\"https:\/\/ksproducts.ca\/wp-content\/uploads\/2026\/02\/SpicePackE.jpg\" \/>\n\t<meta property=\"og:image:width\" content=\"630\" \/>\n\t<meta property=\"og:image:height\" content=\"482\" \/>\n\t<meta property=\"og:image:type\" content=\"image\/jpeg\" \/>\n<meta name=\"twitter:card\" content=\"summary_large_image\" \/>\n<meta name=\"twitter:label1\" content=\"Estimation du temps de lecture\" \/>\n\t<meta name=\"twitter:data1\" content=\"1 minute\" \/>\n<script type=\"application\/ld+json\" class=\"yoast-schema-graph\">{\"@context\":\"https:\\\/\\\/schema.org\",\"@graph\":[{\"@type\":\"WebPage\",\"@id\":\"https:\\\/\\\/ksproducts.ca\\\/product\\\/blackstone-gourmet-series-spice-pack-5\\\/\",\"url\":\"https:\\\/\\\/ksproducts.ca\\\/product\\\/blackstone-gourmet-series-spice-pack-5\\\/\",\"name\":\"Blackstone Gourmet Series Spice Pack 5 - Ks Products\",\"isPartOf\":{\"@id\":\"https:\\\/\\\/ksproducts.ca\\\/#website\"},\"primaryImageOfPage\":{\"@id\":\"https:\\\/\\\/ksproducts.ca\\\/product\\\/blackstone-gourmet-series-spice-pack-5\\\/#primaryimage\"},\"image\":{\"@id\":\"https:\\\/\\\/ksproducts.ca\\\/product\\\/blackstone-gourmet-series-spice-pack-5\\\/#primaryimage\"},\"thumbnailUrl\":\"https:\\\/\\\/ksproducts.ca\\\/wp-content\\\/uploads\\\/2026\\\/02\\\/SpicePackE.jpg\",\"datePublished\":\"2026-02-02T18:17:20+00:00\",\"dateModified\":\"2026-03-02T19:20:12+00:00\",\"breadcrumb\":{\"@id\":\"https:\\\/\\\/ksproducts.ca\\\/product\\\/blackstone-gourmet-series-spice-pack-5\\\/#breadcrumb\"},\"inLanguage\":\"fr-CA\",\"potentialAction\":[{\"@type\":\"ReadAction\",\"target\":[\"https:\\\/\\\/ksproducts.ca\\\/product\\\/blackstone-gourmet-series-spice-pack-5\\\/\"]}]},{\"@type\":\"ImageObject\",\"inLanguage\":\"fr-CA\",\"@id\":\"https:\\\/\\\/ksproducts.ca\\\/product\\\/blackstone-gourmet-series-spice-pack-5\\\/#primaryimage\",\"url\":\"https:\\\/\\\/ksproducts.ca\\\/wp-content\\\/uploads\\\/2026\\\/02\\\/SpicePackE.jpg\",\"contentUrl\":\"https:\\\/\\\/ksproducts.ca\\\/wp-content\\\/uploads\\\/2026\\\/02\\\/SpicePackE.jpg\",\"width\":630,\"height\":482,\"caption\":\"BlackstoneSpicePackE-Citrus gralic Mojo, Street taco, Parmesan ranch\"},{\"@type\":\"BreadcrumbList\",\"@id\":\"https:\\\/\\\/ksproducts.ca\\\/product\\\/blackstone-gourmet-series-spice-pack-5\\\/#breadcrumb\",\"itemListElement\":[{\"@type\":\"ListItem\",\"position\":1,\"name\":\"Home\",\"item\":\"https:\\\/\\\/ksproducts.ca\\\/\"},{\"@type\":\"ListItem\",\"position\":2,\"name\":\"Shop\",\"item\":\"https:\\\/\\\/ksproducts.ca\\\/shop\\\/\"},{\"@type\":\"ListItem\",\"position\":3,\"name\":\"Blackstone Gourmet Series Spice Pack 5\"}]},{\"@type\":\"WebSite\",\"@id\":\"https:\\\/\\\/ksproducts.ca\\\/#website\",\"url\":\"https:\\\/\\\/ksproducts.ca\\\/\",\"name\":\"Ks Products\",\"description\":\"Outdoor cooking and living, made easy in Canada\",\"publisher\":{\"@id\":\"https:\\\/\\\/ksproducts.ca\\\/#organization\"},\"potentialAction\":[{\"@type\":\"SearchAction\",\"target\":{\"@type\":\"EntryPoint\",\"urlTemplate\":\"https:\\\/\\\/ksproducts.ca\\\/?s={search_term_string}\"},\"query-input\":{\"@type\":\"PropertyValueSpecification\",\"valueRequired\":true,\"valueName\":\"search_term_string\"}}],\"inLanguage\":\"fr-CA\"},{\"@type\":\"Organization\",\"@id\":\"https:\\\/\\\/ksproducts.ca\\\/#organization\",\"name\":\"Ks Products\",\"url\":\"https:\\\/\\\/ksproducts.ca\\\/\",\"logo\":{\"@type\":\"ImageObject\",\"inLanguage\":\"fr-CA\",\"@id\":\"https:\\\/\\\/ksproducts.ca\\\/#\\\/schema\\\/logo\\\/image\\\/\",\"url\":\"https:\\\/\\\/ksproducts.ca\\\/wp-content\\\/uploads\\\/2023\\\/09\\\/Kennedy-Sales-Logo-header-1.png\",\"contentUrl\":\"https:\\\/\\\/ksproducts.ca\\\/wp-content\\\/uploads\\\/2023\\\/09\\\/Kennedy-Sales-Logo-header-1.png\",\"width\":150,\"height\":77,\"caption\":\"Ks Products\"},\"image\":{\"@id\":\"https:\\\/\\\/ksproducts.ca\\\/#\\\/schema\\\/logo\\\/image\\\/\"}}]}<\/script>\n<!-- \/ Yoast SEO plugin. -->","yoast_head_json":{"title":"Blackstone Gourmet Series Pack d'\u00e9pices 5 - Ks Products","robots":{"index":"index","follow":"follow","max-snippet":"max-snippet:-1","max-image-preview":"max-image-preview:large","max-video-preview":"max-video-preview:-1"},"canonical":"https:\/\/ksproducts.ca\/fr\/product\/blackstone-gourmet-series-spice-pack-5\/","og_locale":"fr_CA","og_type":"article","og_title":"Blackstone Gourmet Series Spice Pack 5 - Ks Products","og_description":"Fresh, bold flavor for every craving.  This 3-pack spice set includes Citrus Garlic, Street Taco, and Parmesan Ranch seasonings\u2014bringing together bright citrus notes, savory taco-stand flavor, and creamy herb goodness. Perfect for chicken, seafood, veggies, tacos and more...this trio makes it easy to add big flavor to everyday meals.","og_url":"https:\/\/ksproducts.ca\/fr\/product\/blackstone-gourmet-series-spice-pack-5\/","og_site_name":"Ks Products","article_modified_time":"2026-03-02T19:20:12+00:00","og_image":[{"width":630,"height":482,"url":"https:\/\/ksproducts.ca\/wp-content\/uploads\/2026\/02\/SpicePackE.jpg","type":"image\/jpeg"}],"twitter_card":"summary_large_image","twitter_misc":{"Estimation du temps de lecture":"1 minute"},"schema":{"@context":"https:\/\/schema.org","@graph":[{"@type":"WebPage","@id":"https:\/\/ksproducts.ca\/product\/blackstone-gourmet-series-spice-pack-5\/","url":"https:\/\/ksproducts.ca\/product\/blackstone-gourmet-series-spice-pack-5\/","name":"Blackstone Gourmet Series Pack d'\u00e9pices 5 - Ks Products","isPartOf":{"@id":"https:\/\/ksproducts.ca\/#website"},"primaryImageOfPage":{"@id":"https:\/\/ksproducts.ca\/product\/blackstone-gourmet-series-spice-pack-5\/#primaryimage"},"image":{"@id":"https:\/\/ksproducts.ca\/product\/blackstone-gourmet-series-spice-pack-5\/#primaryimage"},"thumbnailUrl":"https:\/\/ksproducts.ca\/wp-content\/uploads\/2026\/02\/SpicePackE.jpg","datePublished":"2026-02-02T18:17:20+00:00","dateModified":"2026-03-02T19:20:12+00:00","breadcrumb":{"@id":"https:\/\/ksproducts.ca\/product\/blackstone-gourmet-series-spice-pack-5\/#breadcrumb"},"inLanguage":"fr-CA","potentialAction":[{"@type":"ReadAction","target":["https:\/\/ksproducts.ca\/product\/blackstone-gourmet-series-spice-pack-5\/"]}]},{"@type":"ImageObject","inLanguage":"fr-CA","@id":"https:\/\/ksproducts.ca\/product\/blackstone-gourmet-series-spice-pack-5\/#primaryimage","url":"https:\/\/ksproducts.ca\/wp-content\/uploads\/2026\/02\/SpicePackE.jpg","contentUrl":"https:\/\/ksproducts.ca\/wp-content\/uploads\/2026\/02\/SpicePackE.jpg","width":630,"height":482,"caption":"BlackstoneSpicePackE-Citrus gralic Mojo, Street taco, Parmesan ranch"},{"@type":"BreadcrumbList","@id":"https:\/\/ksproducts.ca\/product\/blackstone-gourmet-series-spice-pack-5\/#breadcrumb","itemListElement":[{"@type":"ListItem","position":1,"name":"Home","item":"https:\/\/ksproducts.ca\/"},{"@type":"ListItem","position":2,"name":"Shop","item":"https:\/\/ksproducts.ca\/shop\/"},{"@type":"ListItem","position":3,"name":"Blackstone Gourmet Series Spice Pack 5"}]},{"@type":"WebSite","@id":"https:\/\/ksproducts.ca\/#website","url":"https:\/\/ksproducts.ca\/","name":"Produits Ks","description":"Cuisiner et vivre en plein air, c'est facile au Canada","publisher":{"@id":"https:\/\/ksproducts.ca\/#organization"},"potentialAction":[{"@type":"SearchAction","target":{"@type":"EntryPoint","urlTemplate":"https:\/\/ksproducts.ca\/?s={search_term_string}"},"query-input":{"@type":"PropertyValueSpecification","valueRequired":true,"valueName":"search_term_string"}}],"inLanguage":"fr-CA"},{"@type":"Organization","@id":"https:\/\/ksproducts.ca\/#organization","name":"Produits Ks","url":"https:\/\/ksproducts.ca\/","logo":{"@type":"ImageObject","inLanguage":"fr-CA","@id":"https:\/\/ksproducts.ca\/#\/schema\/logo\/image\/","url":"https:\/\/ksproducts.ca\/wp-content\/uploads\/2023\/09\/Kennedy-Sales-Logo-header-1.png","contentUrl":"https:\/\/ksproducts.ca\/wp-content\/uploads\/2023\/09\/Kennedy-Sales-Logo-header-1.png","width":150,"height":77,"caption":"Ks Products"},"image":{"@id":"https:\/\/ksproducts.ca\/#\/schema\/logo\/image\/"}}]}},"_links":{"self":[{"href":"https:\/\/ksproducts.ca\/fr\/wp-json\/wp\/v2\/product\/10672","targetHints":{"allow":["GET"]}}],"collection":[{"href":"https:\/\/ksproducts.ca\/fr\/wp-json\/wp\/v2\/product"}],"about":[{"href":"https:\/\/ksproducts.ca\/fr\/wp-json\/wp\/v2\/types\/product"}],"replies":[{"embeddable":true,"href":"https:\/\/ksproducts.ca\/fr\/wp-json\/wp\/v2\/comments?post=10672"}],"version-history":[{"count":2,"href":"https:\/\/ksproducts.ca\/fr\/wp-json\/wp\/v2\/product\/10672\/revisions"}],"predecessor-version":[{"id":10678,"href":"https:\/\/ksproducts.ca\/fr\/wp-json\/wp\/v2\/product\/10672\/revisions\/10678"}],"wp:featuredmedia":[{"embeddable":true,"href":"https:\/\/ksproducts.ca\/fr\/wp-json\/wp\/v2\/media\/10673"}],"wp:attachment":[{"href":"https:\/\/ksproducts.ca\/fr\/wp-json\/wp\/v2\/media?parent=10672"}],"wp:term":[{"taxonomy":"product_cat","embeddable":true,"href":"https:\/\/ksproducts.ca\/fr\/wp-json\/wp\/v2\/product_cat?post=10672"},{"taxonomy":"product_tag","embeddable":true,"href":"https:\/\/ksproducts.ca\/fr\/wp-json\/wp\/v2\/product_tag?post=10672"}],"curies":[{"name":"wp","href":"https:\/\/api.w.org\/{rel}","templated":true}]}}