{"id":10683,"date":"2026-02-02T18:38:32","date_gmt":"2026-02-02T18:38:32","guid":{"rendered":"https:\/\/ksproducts.ca\/?post_type=product&#038;p=10683"},"modified":"2026-03-03T16:30:45","modified_gmt":"2026-03-03T16:30:45","slug":"plancha-originale-blackstone-36-pouces-avec-planche-a-decouper","status":"publish","type":"product","link":"https:\/\/ksproducts.ca\/fr\/product\/blackstone-36inch-original-series-griddle-station-with-cutting-board\/","title":{"rendered":"Blackstone 36inch Original Series Griddle Station with Cutting Board (Station de gril de 36 pouces avec planche \u00e0 d\u00e9couper)"},"content":{"rendered":"<ul>\n<li>60 000 BTU de chaleur de quatre br\u00fbleurs<\/li>\n<li>720 pouces carr\u00e9s de surface de cuisson<\/li>\n<li>Plaque de cuisson en acier \u00e9tir\u00e9 de calibre 7<\/li>\n<li>Quatre (4) molettes de r\u00e9glage de la chaleur avec allumage int\u00e9gr\u00e9<\/li>\n<li>Syst\u00e8me de gestion de la graisse \u00e0 l'arri\u00e8re<\/li>\n<li>Cadre en acier thermolaqu\u00e9 avec roulettes de qualit\u00e9 commerciale<\/li>\n<li>Fixations pour r\u00e9servoirs de propane<\/li>\n<li>\u00c9tag\u00e8re lat\u00e9rale et plateau pour servir les repas et stocker des biens<\/li>\n<li>NOUVEAU plateau lat\u00e9ral avec planche \u00e0 d\u00e9couper, porte-serviettes en papier et crochets pour sac poubelle<\/li>\n<li>Dimensions de la bo\u00eete : 54,43\u2033 L x 14,37\u2033 H x 25,6\u2033 P, 134,5 LBS<\/li>\n<li>Dimensions assembl\u00e9es : 62,50\u2033 L x 36\u2033 H x 22\u2033 I, 120 LBS<\/li>\n<\/ul>","protected":false},"excerpt":{"rendered":"<p>La station de cuisson Blackstone 36\u2033 Griddle avec \u00e9tag\u00e8re lat\u00e9rale pour accessoires vous donne le contr\u00f4le dont vous avez besoin pour \u00eatre un pro de la cuisine en plein air. Quatre zones de chaleur contr\u00f4l\u00e9es ind\u00e9pendamment offrent 60 000 BTU de chaleur pour vous donner toute la puissance dont vous avez besoin pour servir \u00e0 toute une foule des steaks de qualit\u00e9 restaurant, ou jusqu'\u00e0 28 hamburgers ou 72 hot-dogs ! Profitez de tous les avantages d'une plaque de cuisson standard de 36\u2033 avec, en plus, une planche \u00e0 d\u00e9couper, un porte-sac \u00e0 ordures et un porte-essuie-tout, pour une pr\u00e9paration et un nettoyage en un clin d'\u0153il. Elle est d\u00e9sormais enti\u00e8rement \u00e9quip\u00e9e du syst\u00e8me brevet\u00e9 de gestion des graisses \u00e0 l'arri\u00e8re. Rejoignez la Griddle Nation et cuisinez n'importe quoi, n'importe quand, n'importe o\u00f9 avec une Blackstone.<\/p>","protected":false},"featured_media":10684,"comment_status":"open","ping_status":"closed","template":"","meta":[],"product_cat":[402,394,428],"product_tag":[],"class_list":{"0":"post-10683","1":"product","2":"type-product","3":"status-publish","4":"has-post-thumbnail","6":"product_brand-blackstone","7":"product_cat-36-inch-griddle","8":"product_cat-griddles-2","9":"product_cat-outdoor-cooking","10":"product_shipping_class-class-5","12":"first","13":"instock","14":"taxable","15":"shipping-taxable","16":"purchasable","17":"product-type-simple"},"yoast_head":"<!-- This site is optimized with the Yoast SEO plugin v27.4 - https:\/\/yoast.com\/product\/yoast-seo-wordpress\/ -->\n<title>Blackstone 36inch Original Series Griddle Station with Cutting Board - Ks Products<\/title>\n<meta name=\"robots\" content=\"index, follow, max-snippet:-1, max-image-preview:large, max-video-preview:-1\" \/>\n<link rel=\"canonical\" href=\"https:\/\/ksproducts.ca\/fr\/product\/plancha-originale-blackstone-36-pouces-avec-planche-a-decouper\/\" \/>\n<meta property=\"og:locale\" content=\"fr_CA\" \/>\n<meta property=\"og:type\" content=\"article\" \/>\n<meta property=\"og:title\" content=\"Blackstone 36inch Original Series Griddle Station with Cutting Board - Ks Products\" \/>\n<meta property=\"og:description\" content=\"The Blackstone 36&quot; Griddle Cooking Station with Accessory Side Shelf gives you the control you need to be an outdoor cooking pro. Four independently-controlled heat zones offer 60,000 BTUs of heat to give you all the power you need to serve an entire crowd with restaurant-quality steaks, or up to 28 burgers or 72 hot dogs! Enjoy all the benefits of a standard 36&quot; griddle with the added convenience of a cutting board, garbage bag hanger, and paper towel holder, making prep and clean-up a cinch. Now fully equipped with the patented rear grease management system. Join the Griddle Nation and cook anything, anytime, anywhere with a Blackstone.\" \/>\n<meta property=\"og:url\" content=\"https:\/\/ksproducts.ca\/fr\/product\/plancha-originale-blackstone-36-pouces-avec-planche-a-decouper\/\" \/>\n<meta property=\"og:site_name\" content=\"Ks Products\" \/>\n<meta property=\"article:modified_time\" content=\"2026-03-03T16:30:45+00:00\" \/>\n<meta property=\"og:image\" content=\"https:\/\/ksproducts.ca\/wp-content\/uploads\/2026\/02\/1825-1.jpg\" \/>\n\t<meta property=\"og:image:width\" content=\"800\" \/>\n\t<meta property=\"og:image:height\" content=\"600\" \/>\n\t<meta property=\"og:image:type\" content=\"image\/jpeg\" \/>\n<meta name=\"twitter:card\" content=\"summary_large_image\" \/>\n<meta name=\"twitter:label1\" content=\"Estimation du temps de lecture\" \/>\n\t<meta name=\"twitter:data1\" content=\"1 minute\" \/>\n<script type=\"application\/ld+json\" class=\"yoast-schema-graph\">{\"@context\":\"https:\\\/\\\/schema.org\",\"@graph\":[{\"@type\":\"WebPage\",\"@id\":\"https:\\\/\\\/ksproducts.ca\\\/product\\\/blackstone-36inch-original-series-griddle-station-with-cutting-board\\\/\",\"url\":\"https:\\\/\\\/ksproducts.ca\\\/product\\\/blackstone-36inch-original-series-griddle-station-with-cutting-board\\\/\",\"name\":\"Blackstone 36inch Original Series Griddle Station with Cutting Board - Ks Products\",\"isPartOf\":{\"@id\":\"https:\\\/\\\/ksproducts.ca\\\/#website\"},\"primaryImageOfPage\":{\"@id\":\"https:\\\/\\\/ksproducts.ca\\\/product\\\/blackstone-36inch-original-series-griddle-station-with-cutting-board\\\/#primaryimage\"},\"image\":{\"@id\":\"https:\\\/\\\/ksproducts.ca\\\/product\\\/blackstone-36inch-original-series-griddle-station-with-cutting-board\\\/#primaryimage\"},\"thumbnailUrl\":\"https:\\\/\\\/ksproducts.ca\\\/wp-content\\\/uploads\\\/2026\\\/02\\\/1825-1.jpg\",\"datePublished\":\"2026-02-02T18:38:32+00:00\",\"dateModified\":\"2026-03-03T16:30:45+00:00\",\"breadcrumb\":{\"@id\":\"https:\\\/\\\/ksproducts.ca\\\/product\\\/blackstone-36inch-original-series-griddle-station-with-cutting-board\\\/#breadcrumb\"},\"inLanguage\":\"fr-CA\",\"potentialAction\":[{\"@type\":\"ReadAction\",\"target\":[\"https:\\\/\\\/ksproducts.ca\\\/product\\\/blackstone-36inch-original-series-griddle-station-with-cutting-board\\\/\"]}]},{\"@type\":\"ImageObject\",\"inLanguage\":\"fr-CA\",\"@id\":\"https:\\\/\\\/ksproducts.ca\\\/product\\\/blackstone-36inch-original-series-griddle-station-with-cutting-board\\\/#primaryimage\",\"url\":\"https:\\\/\\\/ksproducts.ca\\\/wp-content\\\/uploads\\\/2026\\\/02\\\/1825-1.jpg\",\"contentUrl\":\"https:\\\/\\\/ksproducts.ca\\\/wp-content\\\/uploads\\\/2026\\\/02\\\/1825-1.jpg\",\"width\":800,\"height\":600,\"caption\":\"Blackstone 36inch Original Series Griddle Station with Cutting Board\"},{\"@type\":\"BreadcrumbList\",\"@id\":\"https:\\\/\\\/ksproducts.ca\\\/product\\\/blackstone-36inch-original-series-griddle-station-with-cutting-board\\\/#breadcrumb\",\"itemListElement\":[{\"@type\":\"ListItem\",\"position\":1,\"name\":\"Home\",\"item\":\"https:\\\/\\\/ksproducts.ca\\\/\"},{\"@type\":\"ListItem\",\"position\":2,\"name\":\"Shop\",\"item\":\"https:\\\/\\\/ksproducts.ca\\\/shop\\\/\"},{\"@type\":\"ListItem\",\"position\":3,\"name\":\"Blackstone 36inch Original Series Griddle Station with Cutting Board\"}]},{\"@type\":\"WebSite\",\"@id\":\"https:\\\/\\\/ksproducts.ca\\\/#website\",\"url\":\"https:\\\/\\\/ksproducts.ca\\\/\",\"name\":\"Ks Products\",\"description\":\"Outdoor cooking and living, made easy in Canada\",\"publisher\":{\"@id\":\"https:\\\/\\\/ksproducts.ca\\\/#organization\"},\"potentialAction\":[{\"@type\":\"SearchAction\",\"target\":{\"@type\":\"EntryPoint\",\"urlTemplate\":\"https:\\\/\\\/ksproducts.ca\\\/?s={search_term_string}\"},\"query-input\":{\"@type\":\"PropertyValueSpecification\",\"valueRequired\":true,\"valueName\":\"search_term_string\"}}],\"inLanguage\":\"fr-CA\"},{\"@type\":\"Organization\",\"@id\":\"https:\\\/\\\/ksproducts.ca\\\/#organization\",\"name\":\"Ks Products\",\"url\":\"https:\\\/\\\/ksproducts.ca\\\/\",\"logo\":{\"@type\":\"ImageObject\",\"inLanguage\":\"fr-CA\",\"@id\":\"https:\\\/\\\/ksproducts.ca\\\/#\\\/schema\\\/logo\\\/image\\\/\",\"url\":\"https:\\\/\\\/ksproducts.ca\\\/wp-content\\\/uploads\\\/2023\\\/09\\\/Kennedy-Sales-Logo-header-1.png\",\"contentUrl\":\"https:\\\/\\\/ksproducts.ca\\\/wp-content\\\/uploads\\\/2023\\\/09\\\/Kennedy-Sales-Logo-header-1.png\",\"width\":150,\"height\":77,\"caption\":\"Ks Products\"},\"image\":{\"@id\":\"https:\\\/\\\/ksproducts.ca\\\/#\\\/schema\\\/logo\\\/image\\\/\"}}]}<\/script>\n<!-- \/ Yoast SEO plugin. -->","yoast_head_json":{"title":"Plancha Blackstone 36 pouces Original Series avec planche \u00e0 d\u00e9couper - Ks Products","robots":{"index":"index","follow":"follow","max-snippet":"max-snippet:-1","max-image-preview":"max-image-preview:large","max-video-preview":"max-video-preview:-1"},"canonical":"https:\/\/ksproducts.ca\/fr\/product\/plancha-originale-blackstone-36-pouces-avec-planche-a-decouper\/","og_locale":"fr_CA","og_type":"article","og_title":"Blackstone 36inch Original Series Griddle Station with Cutting Board - Ks Products","og_description":"The Blackstone 36\" Griddle Cooking Station with Accessory Side Shelf gives you the control you need to be an outdoor cooking pro. Four independently-controlled heat zones offer 60,000 BTUs of heat to give you all the power you need to serve an entire crowd with restaurant-quality steaks, or up to 28 burgers or 72 hot dogs! Enjoy all the benefits of a standard 36\" griddle with the added convenience of a cutting board, garbage bag hanger, and paper towel holder, making prep and clean-up a cinch. Now fully equipped with the patented rear grease management system. Join the Griddle Nation and cook anything, anytime, anywhere with a Blackstone.","og_url":"https:\/\/ksproducts.ca\/fr\/product\/plancha-originale-blackstone-36-pouces-avec-planche-a-decouper\/","og_site_name":"Ks Products","article_modified_time":"2026-03-03T16:30:45+00:00","og_image":[{"width":800,"height":600,"url":"https:\/\/ksproducts.ca\/wp-content\/uploads\/2026\/02\/1825-1.jpg","type":"image\/jpeg"}],"twitter_card":"summary_large_image","twitter_misc":{"Estimation du temps de lecture":"1 minute"},"schema":{"@context":"https:\/\/schema.org","@graph":[{"@type":"WebPage","@id":"https:\/\/ksproducts.ca\/product\/blackstone-36inch-original-series-griddle-station-with-cutting-board\/","url":"https:\/\/ksproducts.ca\/product\/blackstone-36inch-original-series-griddle-station-with-cutting-board\/","name":"Plancha Blackstone 36 pouces Original Series avec planche \u00e0 d\u00e9couper - Ks Products","isPartOf":{"@id":"https:\/\/ksproducts.ca\/#website"},"primaryImageOfPage":{"@id":"https:\/\/ksproducts.ca\/product\/blackstone-36inch-original-series-griddle-station-with-cutting-board\/#primaryimage"},"image":{"@id":"https:\/\/ksproducts.ca\/product\/blackstone-36inch-original-series-griddle-station-with-cutting-board\/#primaryimage"},"thumbnailUrl":"https:\/\/ksproducts.ca\/wp-content\/uploads\/2026\/02\/1825-1.jpg","datePublished":"2026-02-02T18:38:32+00:00","dateModified":"2026-03-03T16:30:45+00:00","breadcrumb":{"@id":"https:\/\/ksproducts.ca\/product\/blackstone-36inch-original-series-griddle-station-with-cutting-board\/#breadcrumb"},"inLanguage":"fr-CA","potentialAction":[{"@type":"ReadAction","target":["https:\/\/ksproducts.ca\/product\/blackstone-36inch-original-series-griddle-station-with-cutting-board\/"]}]},{"@type":"ImageObject","inLanguage":"fr-CA","@id":"https:\/\/ksproducts.ca\/product\/blackstone-36inch-original-series-griddle-station-with-cutting-board\/#primaryimage","url":"https:\/\/ksproducts.ca\/wp-content\/uploads\/2026\/02\/1825-1.jpg","contentUrl":"https:\/\/ksproducts.ca\/wp-content\/uploads\/2026\/02\/1825-1.jpg","width":800,"height":600,"caption":"Blackstone 36inch Original Series Griddle Station with Cutting Board"},{"@type":"BreadcrumbList","@id":"https:\/\/ksproducts.ca\/product\/blackstone-36inch-original-series-griddle-station-with-cutting-board\/#breadcrumb","itemListElement":[{"@type":"ListItem","position":1,"name":"Home","item":"https:\/\/ksproducts.ca\/"},{"@type":"ListItem","position":2,"name":"Shop","item":"https:\/\/ksproducts.ca\/shop\/"},{"@type":"ListItem","position":3,"name":"Blackstone 36inch Original Series Griddle Station with Cutting Board"}]},{"@type":"WebSite","@id":"https:\/\/ksproducts.ca\/#website","url":"https:\/\/ksproducts.ca\/","name":"Produits Ks","description":"Cuisiner et vivre en plein air, c'est facile au Canada","publisher":{"@id":"https:\/\/ksproducts.ca\/#organization"},"potentialAction":[{"@type":"SearchAction","target":{"@type":"EntryPoint","urlTemplate":"https:\/\/ksproducts.ca\/?s={search_term_string}"},"query-input":{"@type":"PropertyValueSpecification","valueRequired":true,"valueName":"search_term_string"}}],"inLanguage":"fr-CA"},{"@type":"Organization","@id":"https:\/\/ksproducts.ca\/#organization","name":"Produits Ks","url":"https:\/\/ksproducts.ca\/","logo":{"@type":"ImageObject","inLanguage":"fr-CA","@id":"https:\/\/ksproducts.ca\/#\/schema\/logo\/image\/","url":"https:\/\/ksproducts.ca\/wp-content\/uploads\/2023\/09\/Kennedy-Sales-Logo-header-1.png","contentUrl":"https:\/\/ksproducts.ca\/wp-content\/uploads\/2023\/09\/Kennedy-Sales-Logo-header-1.png","width":150,"height":77,"caption":"Ks Products"},"image":{"@id":"https:\/\/ksproducts.ca\/#\/schema\/logo\/image\/"}}]}},"_links":{"self":[{"href":"https:\/\/ksproducts.ca\/fr\/wp-json\/wp\/v2\/product\/10683","targetHints":{"allow":["GET"]}}],"collection":[{"href":"https:\/\/ksproducts.ca\/fr\/wp-json\/wp\/v2\/product"}],"about":[{"href":"https:\/\/ksproducts.ca\/fr\/wp-json\/wp\/v2\/types\/product"}],"replies":[{"embeddable":true,"href":"https:\/\/ksproducts.ca\/fr\/wp-json\/wp\/v2\/comments?post=10683"}],"version-history":[{"count":1,"href":"https:\/\/ksproducts.ca\/fr\/wp-json\/wp\/v2\/product\/10683\/revisions"}],"predecessor-version":[{"id":10688,"href":"https:\/\/ksproducts.ca\/fr\/wp-json\/wp\/v2\/product\/10683\/revisions\/10688"}],"wp:featuredmedia":[{"embeddable":true,"href":"https:\/\/ksproducts.ca\/fr\/wp-json\/wp\/v2\/media\/10684"}],"wp:attachment":[{"href":"https:\/\/ksproducts.ca\/fr\/wp-json\/wp\/v2\/media?parent=10683"}],"wp:term":[{"taxonomy":"product_cat","embeddable":true,"href":"https:\/\/ksproducts.ca\/fr\/wp-json\/wp\/v2\/product_cat?post=10683"},{"taxonomy":"product_tag","embeddable":true,"href":"https:\/\/ksproducts.ca\/fr\/wp-json\/wp\/v2\/product_tag?post=10683"}],"curies":[{"name":"wp","href":"https:\/\/api.w.org\/{rel}","templated":true}]}}