{"id":10800,"date":"2026-02-10T14:44:56","date_gmt":"2026-02-10T14:44:56","guid":{"rendered":"https:\/\/ksproducts.ca\/?post_type=product&#038;p=10800"},"modified":"2026-02-10T14:44:56","modified_gmt":"2026-02-10T14:44:56","slug":"ensemble-de-7-pieces-de-rangement-de-garage-entierement-soude-marque-cat","status":"publish","type":"product","link":"https:\/\/ksproducts.ca\/fr\/product\/cat-fully-welded-7-pc-garage-storage-cabinetry-set\/","title":{"rendered":"Cat\u00ae Ensemble d'armoires de rangement de garage 7 pi\u00e8ces enti\u00e8rement soud\u00e9es"},"content":{"rendered":"<ul>\n<li><strong>Unit\u00e9s soud\u00e9es int\u00e9gralement :\u00a0<\/strong>Les armoires pr\u00e9assembl\u00e9es offrent une int\u00e9grit\u00e9 structurelle instantan\u00e9e sans points faibles ni instabilit\u00e9 due \u00e0 l'assemblage.<\/li>\n<li><strong>Configuration peu encombrante :<\/strong>Parfait pour les garages de taille moyenne, les ateliers ou les zones de stockage exigu\u00ebs.<\/li>\n<li><strong>Armoire haute pour articles volumineux :<\/strong>\u00a0Rangez en toute s\u00e9curit\u00e9 le mat\u00e9riel volumineux, l'\u00e9quipement saisonnier, les outils \u00e9lectriques et les fournitures de grande taille.<\/li>\n<li><strong>\u00c9tag\u00e8res r\u00e9glables :\u00a0<\/strong>Personnalisez les hauteurs d'\u00e9tag\u00e8re pour ranger outils, produits chimiques, bacs ou des articles m\u00e9nagers.<\/li>\n<li><strong>Rev\u00eatement en poudre industriel :<\/strong>Prot\u00e8ge contre la rouille, les rayures, les changements de temp\u00e9rature et l'humidit\u00e9 du garage.<\/li>\n<li><strong>Les meubles muraux am\u00e9liorent l'accessibilit\u00e9 :<\/strong>Gardez les articles essentiels \u00e0 hauteur des yeux, lib\u00e9rant ainsi de l'espace au sol et am\u00e9liorant l'organisation.<\/li>\n<li><strong>Charni\u00e8res et cadres de porte durables :<\/strong>Con\u00e7u pour des ann\u00e9es d'ouverture et de fermeture fr\u00e9quentes sans se desserrer.<\/li>\n<\/ul>","protected":false},"excerpt":{"rendered":"<p>L'ensemble d'armoires de rangement pour garage CAT\u00ae enti\u00e8rement soud\u00e9, compos\u00e9 de 7 pi\u00e8ces, est une solution de rangement compacte mais puissante, con\u00e7ue pour les petits garages ou les installations \u00e0 un seul mur. Construite en acier soud\u00e9 robuste, chaque armoire est livr\u00e9e enti\u00e8rement assembl\u00e9e, ce qui lui conf\u00e8re une solidit\u00e9, une stabilit\u00e9 et une durabilit\u00e9 exceptionnelles. Cet ensemble comprend une armoire haute, une armoire basse, des armoires murales et une unit\u00e9 de rangement pour les outils, les fournitures et les articles m\u00e9nagers.<\/p>\n<div id=\"tab-description\" class=\"woocommerce-Tabs-panel woocommerce-Tabs-panel--description panel entry-content wc-tab\" role=\"tabpanel\" aria-labelledby=\"tab-title-description\">\n<p>Ce syst\u00e8me rationalis\u00e9 est parfait pour les utilisateurs qui abandonnent les \u00e9tag\u00e8res ouvertes ou les armoires de rangement en plastique. Ses \u00e9tag\u00e8res renforc\u00e9es, son rev\u00eatement r\u00e9sistant \u00e0 la corrosion et ses charni\u00e8res robustes garantissent des performances \u00e0 long terme, m\u00eame dans les environnements \u00e0 fort trafic ou \u00e0 forte humidit\u00e9. Avec une disposition \u00e9quilibr\u00e9e qui optimise l'organisation sans encombrer l'espace, cet ensemble offre une v\u00e9ritable durabilit\u00e9 CAT\u00ae dans un encombrement r\u00e9duit.<\/p>\n<\/div>","protected":false},"featured_media":10801,"comment_status":"open","ping_status":"closed","template":"","meta":[],"product_cat":[448,429],"product_tag":[],"class_list":{"0":"post-10800","1":"product","2":"type-product","3":"status-publish","4":"has-post-thumbnail","6":"product_brand-cat","7":"product_cat-garage-cabinetry-sets","8":"product_cat-storage-organization","9":"product_shipping_class-class-5","11":"first","12":"instock","13":"taxable","14":"shipping-taxable","15":"purchasable","16":"product-type-simple"},"yoast_head":"<!-- This site is optimized with the Yoast SEO plugin v27.4 - https:\/\/yoast.com\/product\/yoast-seo-wordpress\/ -->\n<title>Cat\u00ae Fully-Welded 7-pc Garage Storage Cabinetry Set - Ks Products<\/title>\n<meta name=\"robots\" content=\"index, follow, max-snippet:-1, max-image-preview:large, max-video-preview:-1\" \/>\n<link rel=\"canonical\" href=\"https:\/\/ksproducts.ca\/fr\/product\/ensemble-de-7-pieces-de-rangement-de-garage-entierement-soude-marque-cat\/\" \/>\n<meta property=\"og:locale\" content=\"fr_CA\" \/>\n<meta property=\"og:type\" content=\"article\" \/>\n<meta property=\"og:title\" content=\"Cat\u00ae Fully-Welded 7-pc Garage Storage Cabinetry Set - Ks Products\" \/>\n<meta property=\"og:description\" content=\"The CAT\u00ae Fully-Welded 7-Piece Garage Storage Cabinetry Set is a compact yet powerful storage solution designed for smaller garages or single-wall installations. Built from strong welded steel, each cabinet arrives fully assembled, delivering exceptional strength, stability, and durability. This set integrates a tall locker, base cabinet, wall cabinets, and a tool storage unit providing efficient organization for tools, supplies, and household items.   This streamlined system is perfect for users upgrading from open shelving or plastic storage cabinets. Its reinforced shelves, corrosion-resistant coating, and heavy-duty hinges ensure long-term performance even in high-traffic or high-moisture environments. With a balanced layout that maximizes organization without overwhelming your space, this set delivers true CAT\u00ae durability in a compact footprint.\" \/>\n<meta property=\"og:url\" content=\"https:\/\/ksproducts.ca\/fr\/product\/ensemble-de-7-pieces-de-rangement-de-garage-entierement-soude-marque-cat\/\" \/>\n<meta property=\"og:site_name\" content=\"Ks Products\" \/>\n<meta property=\"og:image\" content=\"https:\/\/ksproducts.ca\/wp-content\/uploads\/2026\/02\/CAT-FWSETP.jpg\" \/>\n\t<meta property=\"og:image:width\" content=\"800\" \/>\n\t<meta property=\"og:image:height\" content=\"472\" \/>\n\t<meta property=\"og:image:type\" content=\"image\/jpeg\" \/>\n<meta name=\"twitter:card\" content=\"summary_large_image\" \/>\n<meta name=\"twitter:label1\" content=\"Estimation du temps de lecture\" \/>\n\t<meta name=\"twitter:data1\" content=\"1 minute\" \/>\n<script type=\"application\/ld+json\" class=\"yoast-schema-graph\">{\"@context\":\"https:\\\/\\\/schema.org\",\"@graph\":[{\"@type\":\"WebPage\",\"@id\":\"https:\\\/\\\/ksproducts.ca\\\/product\\\/cat-fully-welded-7-pc-garage-storage-cabinetry-set\\\/\",\"url\":\"https:\\\/\\\/ksproducts.ca\\\/product\\\/cat-fully-welded-7-pc-garage-storage-cabinetry-set\\\/\",\"name\":\"Cat\u00ae Fully-Welded 7-pc Garage Storage Cabinetry Set - Ks Products\",\"isPartOf\":{\"@id\":\"https:\\\/\\\/ksproducts.ca\\\/#website\"},\"primaryImageOfPage\":{\"@id\":\"https:\\\/\\\/ksproducts.ca\\\/product\\\/cat-fully-welded-7-pc-garage-storage-cabinetry-set\\\/#primaryimage\"},\"image\":{\"@id\":\"https:\\\/\\\/ksproducts.ca\\\/product\\\/cat-fully-welded-7-pc-garage-storage-cabinetry-set\\\/#primaryimage\"},\"thumbnailUrl\":\"https:\\\/\\\/ksproducts.ca\\\/wp-content\\\/uploads\\\/2026\\\/02\\\/CAT-FWSETP.jpg\",\"datePublished\":\"2026-02-10T14:44:56+00:00\",\"breadcrumb\":{\"@id\":\"https:\\\/\\\/ksproducts.ca\\\/product\\\/cat-fully-welded-7-pc-garage-storage-cabinetry-set\\\/#breadcrumb\"},\"inLanguage\":\"fr-CA\",\"potentialAction\":[{\"@type\":\"ReadAction\",\"target\":[\"https:\\\/\\\/ksproducts.ca\\\/product\\\/cat-fully-welded-7-pc-garage-storage-cabinetry-set\\\/\"]}]},{\"@type\":\"ImageObject\",\"inLanguage\":\"fr-CA\",\"@id\":\"https:\\\/\\\/ksproducts.ca\\\/product\\\/cat-fully-welded-7-pc-garage-storage-cabinetry-set\\\/#primaryimage\",\"url\":\"https:\\\/\\\/ksproducts.ca\\\/wp-content\\\/uploads\\\/2026\\\/02\\\/CAT-FWSETP.jpg\",\"contentUrl\":\"https:\\\/\\\/ksproducts.ca\\\/wp-content\\\/uploads\\\/2026\\\/02\\\/CAT-FWSETP.jpg\",\"width\":800,\"height\":472,\"caption\":\"Cat\u00ae Fully-Welded 7-pc Garage Storage Cabinetry Set\"},{\"@type\":\"BreadcrumbList\",\"@id\":\"https:\\\/\\\/ksproducts.ca\\\/product\\\/cat-fully-welded-7-pc-garage-storage-cabinetry-set\\\/#breadcrumb\",\"itemListElement\":[{\"@type\":\"ListItem\",\"position\":1,\"name\":\"Home\",\"item\":\"https:\\\/\\\/ksproducts.ca\\\/\"},{\"@type\":\"ListItem\",\"position\":2,\"name\":\"Shop\",\"item\":\"https:\\\/\\\/ksproducts.ca\\\/shop\\\/\"},{\"@type\":\"ListItem\",\"position\":3,\"name\":\"Cat\u00ae Fully-Welded 7-pc Garage Storage Cabinetry Set\"}]},{\"@type\":\"WebSite\",\"@id\":\"https:\\\/\\\/ksproducts.ca\\\/#website\",\"url\":\"https:\\\/\\\/ksproducts.ca\\\/\",\"name\":\"Ks Products\",\"description\":\"Outdoor cooking and living, made easy in Canada\",\"publisher\":{\"@id\":\"https:\\\/\\\/ksproducts.ca\\\/#organization\"},\"potentialAction\":[{\"@type\":\"SearchAction\",\"target\":{\"@type\":\"EntryPoint\",\"urlTemplate\":\"https:\\\/\\\/ksproducts.ca\\\/?s={search_term_string}\"},\"query-input\":{\"@type\":\"PropertyValueSpecification\",\"valueRequired\":true,\"valueName\":\"search_term_string\"}}],\"inLanguage\":\"fr-CA\"},{\"@type\":\"Organization\",\"@id\":\"https:\\\/\\\/ksproducts.ca\\\/#organization\",\"name\":\"Ks Products\",\"url\":\"https:\\\/\\\/ksproducts.ca\\\/\",\"logo\":{\"@type\":\"ImageObject\",\"inLanguage\":\"fr-CA\",\"@id\":\"https:\\\/\\\/ksproducts.ca\\\/#\\\/schema\\\/logo\\\/image\\\/\",\"url\":\"https:\\\/\\\/ksproducts.ca\\\/wp-content\\\/uploads\\\/2023\\\/09\\\/Kennedy-Sales-Logo-header-1.png\",\"contentUrl\":\"https:\\\/\\\/ksproducts.ca\\\/wp-content\\\/uploads\\\/2023\\\/09\\\/Kennedy-Sales-Logo-header-1.png\",\"width\":150,\"height\":77,\"caption\":\"Ks Products\"},\"image\":{\"@id\":\"https:\\\/\\\/ksproducts.ca\\\/#\\\/schema\\\/logo\\\/image\\\/\"}}]}<\/script>\n<!-- \/ Yoast SEO plugin. -->","yoast_head_json":{"title":"Coffre de rangement de garage Cat\u00ae enti\u00e8rement soud\u00e9, 7 pi\u00e8ces - Ks Products","robots":{"index":"index","follow":"follow","max-snippet":"max-snippet:-1","max-image-preview":"max-image-preview:large","max-video-preview":"max-video-preview:-1"},"canonical":"https:\/\/ksproducts.ca\/fr\/product\/ensemble-de-7-pieces-de-rangement-de-garage-entierement-soude-marque-cat\/","og_locale":"fr_CA","og_type":"article","og_title":"Cat\u00ae Fully-Welded 7-pc Garage Storage Cabinetry Set - Ks Products","og_description":"The CAT\u00ae Fully-Welded 7-Piece Garage Storage Cabinetry Set is a compact yet powerful storage solution designed for smaller garages or single-wall installations. Built from strong welded steel, each cabinet arrives fully assembled, delivering exceptional strength, stability, and durability. This set integrates a tall locker, base cabinet, wall cabinets, and a tool storage unit providing efficient organization for tools, supplies, and household items.   This streamlined system is perfect for users upgrading from open shelving or plastic storage cabinets. Its reinforced shelves, corrosion-resistant coating, and heavy-duty hinges ensure long-term performance even in high-traffic or high-moisture environments. With a balanced layout that maximizes organization without overwhelming your space, this set delivers true CAT\u00ae durability in a compact footprint.","og_url":"https:\/\/ksproducts.ca\/fr\/product\/ensemble-de-7-pieces-de-rangement-de-garage-entierement-soude-marque-cat\/","og_site_name":"Ks Products","og_image":[{"width":800,"height":472,"url":"https:\/\/ksproducts.ca\/wp-content\/uploads\/2026\/02\/CAT-FWSETP.jpg","type":"image\/jpeg"}],"twitter_card":"summary_large_image","twitter_misc":{"Estimation du temps de lecture":"1 minute"},"schema":{"@context":"https:\/\/schema.org","@graph":[{"@type":"WebPage","@id":"https:\/\/ksproducts.ca\/product\/cat-fully-welded-7-pc-garage-storage-cabinetry-set\/","url":"https:\/\/ksproducts.ca\/product\/cat-fully-welded-7-pc-garage-storage-cabinetry-set\/","name":"Coffre de rangement de garage Cat\u00ae enti\u00e8rement soud\u00e9, 7 pi\u00e8ces - Ks Products","isPartOf":{"@id":"https:\/\/ksproducts.ca\/#website"},"primaryImageOfPage":{"@id":"https:\/\/ksproducts.ca\/product\/cat-fully-welded-7-pc-garage-storage-cabinetry-set\/#primaryimage"},"image":{"@id":"https:\/\/ksproducts.ca\/product\/cat-fully-welded-7-pc-garage-storage-cabinetry-set\/#primaryimage"},"thumbnailUrl":"https:\/\/ksproducts.ca\/wp-content\/uploads\/2026\/02\/CAT-FWSETP.jpg","datePublished":"2026-02-10T14:44:56+00:00","breadcrumb":{"@id":"https:\/\/ksproducts.ca\/product\/cat-fully-welded-7-pc-garage-storage-cabinetry-set\/#breadcrumb"},"inLanguage":"fr-CA","potentialAction":[{"@type":"ReadAction","target":["https:\/\/ksproducts.ca\/product\/cat-fully-welded-7-pc-garage-storage-cabinetry-set\/"]}]},{"@type":"ImageObject","inLanguage":"fr-CA","@id":"https:\/\/ksproducts.ca\/product\/cat-fully-welded-7-pc-garage-storage-cabinetry-set\/#primaryimage","url":"https:\/\/ksproducts.ca\/wp-content\/uploads\/2026\/02\/CAT-FWSETP.jpg","contentUrl":"https:\/\/ksproducts.ca\/wp-content\/uploads\/2026\/02\/CAT-FWSETP.jpg","width":800,"height":472,"caption":"Cat\u00ae Fully-Welded 7-pc Garage Storage Cabinetry Set"},{"@type":"BreadcrumbList","@id":"https:\/\/ksproducts.ca\/product\/cat-fully-welded-7-pc-garage-storage-cabinetry-set\/#breadcrumb","itemListElement":[{"@type":"ListItem","position":1,"name":"Home","item":"https:\/\/ksproducts.ca\/"},{"@type":"ListItem","position":2,"name":"Shop","item":"https:\/\/ksproducts.ca\/shop\/"},{"@type":"ListItem","position":3,"name":"Cat\u00ae Fully-Welded 7-pc Garage Storage Cabinetry Set"}]},{"@type":"WebSite","@id":"https:\/\/ksproducts.ca\/#website","url":"https:\/\/ksproducts.ca\/","name":"Produits Ks","description":"Cuisiner et vivre en plein air, c'est facile au Canada","publisher":{"@id":"https:\/\/ksproducts.ca\/#organization"},"potentialAction":[{"@type":"SearchAction","target":{"@type":"EntryPoint","urlTemplate":"https:\/\/ksproducts.ca\/?s={search_term_string}"},"query-input":{"@type":"PropertyValueSpecification","valueRequired":true,"valueName":"search_term_string"}}],"inLanguage":"fr-CA"},{"@type":"Organization","@id":"https:\/\/ksproducts.ca\/#organization","name":"Produits Ks","url":"https:\/\/ksproducts.ca\/","logo":{"@type":"ImageObject","inLanguage":"fr-CA","@id":"https:\/\/ksproducts.ca\/#\/schema\/logo\/image\/","url":"https:\/\/ksproducts.ca\/wp-content\/uploads\/2023\/09\/Kennedy-Sales-Logo-header-1.png","contentUrl":"https:\/\/ksproducts.ca\/wp-content\/uploads\/2023\/09\/Kennedy-Sales-Logo-header-1.png","width":150,"height":77,"caption":"Ks Products"},"image":{"@id":"https:\/\/ksproducts.ca\/#\/schema\/logo\/image\/"}}]}},"_links":{"self":[{"href":"https:\/\/ksproducts.ca\/fr\/wp-json\/wp\/v2\/product\/10800","targetHints":{"allow":["GET"]}}],"collection":[{"href":"https:\/\/ksproducts.ca\/fr\/wp-json\/wp\/v2\/product"}],"about":[{"href":"https:\/\/ksproducts.ca\/fr\/wp-json\/wp\/v2\/types\/product"}],"replies":[{"embeddable":true,"href":"https:\/\/ksproducts.ca\/fr\/wp-json\/wp\/v2\/comments?post=10800"}],"version-history":[{"count":1,"href":"https:\/\/ksproducts.ca\/fr\/wp-json\/wp\/v2\/product\/10800\/revisions"}],"predecessor-version":[{"id":10802,"href":"https:\/\/ksproducts.ca\/fr\/wp-json\/wp\/v2\/product\/10800\/revisions\/10802"}],"wp:featuredmedia":[{"embeddable":true,"href":"https:\/\/ksproducts.ca\/fr\/wp-json\/wp\/v2\/media\/10801"}],"wp:attachment":[{"href":"https:\/\/ksproducts.ca\/fr\/wp-json\/wp\/v2\/media?parent=10800"}],"wp:term":[{"taxonomy":"product_cat","embeddable":true,"href":"https:\/\/ksproducts.ca\/fr\/wp-json\/wp\/v2\/product_cat?post=10800"},{"taxonomy":"product_tag","embeddable":true,"href":"https:\/\/ksproducts.ca\/fr\/wp-json\/wp\/v2\/product_tag?post=10800"}],"curies":[{"name":"wp","href":"https:\/\/api.w.org\/{rel}","templated":true}]}}