{"id":10939,"date":"2026-02-12T14:55:38","date_gmt":"2026-02-12T14:55:38","guid":{"rendered":"https:\/\/ksproducts.ca\/?post_type=product&#038;p=10939"},"modified":"2026-02-12T18:44:32","modified_gmt":"2026-02-12T18:44:32","slug":"couvre-sieges-automobiles-pour-chat-avec-technologie-flex-mesh","status":"publish","type":"product","link":"https:\/\/ksproducts.ca\/fr\/product\/cat-automotive-seat-covers-featuring-mesh-flex-technology\/","title":{"rendered":"Cat\u00ae Automotive Seat Covers featuring Mesh Flex Technology (housses de si\u00e8ges automobiles Cat\u00ae dot\u00e9es de la technologie Mesh Flex)"},"content":{"rendered":"<ul>\n<li aria-level=\"1\"><b>Protection en tissu robuste :<\/b>\u00a0Construits \u00e0 partir de mat\u00e9riaux robustes et r\u00e9sistants \u00e0 l'usure qui prot\u00e8gent votre rembourrage d'origine de la salet\u00e9, des dommages caus\u00e9s par le soleil et des abus quotidiens du chantier.<\/li>\n<li aria-level=\"1\"><b>Barri\u00e8re r\u00e9sistante \u00e0 l'eau :<\/b>\u00a0Aide \u00e0 emp\u00eacher les liquides renvers\u00e9s, la transpiration et l'humidit\u00e9 de p\u00e9n\u00e9trer dans le si\u00e8ge, prot\u00e9geant ainsi contre les taches et la d\u00e9t\u00e9rioration \u00e0 long terme.<\/li>\n<li aria-level=\"1\"><b>Compatibilit\u00e9 universelle<\/b>\u00a0Con\u00e7u pour s'adapter \u00e0 la plupart des voitures, camions et VUS, avec des sangles r\u00e9glables qui maintiennent la housse en place pour une adh\u00e9rence ferme et antid\u00e9rapante.<\/li>\n<li aria-level=\"1\"><b>Coutures renforc\u00e9es<\/b>\u00a0Assure des performances durables et r\u00e9siste aux d\u00e9chirures lors d'une utilisation intensive ou d'entr\u00e9es et sorties fr\u00e9quentes du si\u00e8ge.<\/li>\n<li aria-level=\"1\"><b>Tissu respirant et confortable :<\/b>\u00a0R\u00e9duit l'accumulation de chaleur et maintient le confort lors de longs trajets ou par temps chaud.<\/li>\n<li aria-level=\"1\"><b>Installation rapide sans outils :<\/b>\u00a0S'installe en quelques minutes, ce qui en fait une mise \u00e0 niveau pratique pour n'importe quel v\u00e9hicule.<\/li>\n<li aria-level=\"1\"><b>Style Robuste CAT\u00ae :<\/b>\u00a0Ajoute une esth\u00e9tique audacieuse et professionnelle inspir\u00e9e du patrimoine industriel de CAT.<\/li>\n<\/ul>","protected":false},"excerpt":{"rendered":"<p>Les housses de si\u00e8ge Cat\u00ae Automotive sont con\u00e7ues pour prot\u00e9ger l'int\u00e9rieur de votre v\u00e9hicule avec une durabilit\u00e9 \u00e0 long terme et un design robuste con\u00e7u pour une utilisation quotidienne. Que vous soyez entrepreneur, amateur de plein air, propri\u00e9taire d'un animal de compagnie ou que vous fassiez la navette quotidiennement, ces housses de si\u00e8ge sont con\u00e7ues pour r\u00e9sister \u00e0 la salet\u00e9, aux d\u00e9versements, \u00e0 l'abrasion et \u00e0 l'usure intense dans des environnements exigeants. Fabriqu\u00e9es \u00e0 partir de mat\u00e9riaux de premi\u00e8re qualit\u00e9 r\u00e9sistants \u00e0 l'eau, elles prot\u00e8gent votre rev\u00eatement des taches et de l'humidit\u00e9 tout en offrant une surface confortable et respirante pour les longs trajets.<\/p>\n<p>Con\u00e7ue pour une compatibilit\u00e9 universelle, chaque housse s'installe facilement sur la plupart des si\u00e8ges de voiture, de camion et de SUV, offrant un ajustement s\u00fbr et antid\u00e9rapant. Les coutures renforc\u00e9es et les tissus r\u00e9sistants garantissent une fiabilit\u00e9 \u00e0 long terme, et le style CAT\u00ae ajoute un aspect industriel audacieux \u00e0 votre v\u00e9hicule. Parfaites pour les camions de travail, les v\u00e9hicules de flotte et les voitures familiales, ces housses de si\u00e8ge am\u00e9liorent \u00e0 la fois la protection et le confort tout en conservant une apparence propre et professionnelle.<\/p>","protected":false},"featured_media":10940,"comment_status":"open","ping_status":"closed","template":"","meta":[],"product_cat":[430],"product_tag":[],"class_list":{"0":"post-10939","1":"product","2":"type-product","3":"status-publish","4":"has-post-thumbnail","6":"product_brand-cat","7":"product_cat-automotive-gear","8":"product_shipping_class-class-2","10":"first","11":"instock","12":"taxable","13":"shipping-taxable","14":"purchasable","15":"product-type-simple"},"yoast_head":"<!-- This site is optimized with the Yoast SEO plugin v27.4 - https:\/\/yoast.com\/product\/yoast-seo-wordpress\/ -->\n<title>Cat\u00ae Automotive Seat Covers featuring Mesh Flex Technology - Ks Products<\/title>\n<meta name=\"robots\" content=\"index, follow, max-snippet:-1, max-image-preview:large, max-video-preview:-1\" \/>\n<link rel=\"canonical\" href=\"https:\/\/ksproducts.ca\/fr\/product\/couvre-sieges-automobiles-pour-chat-avec-technologie-flex-mesh\/\" \/>\n<meta property=\"og:locale\" content=\"fr_CA\" \/>\n<meta property=\"og:type\" content=\"article\" \/>\n<meta property=\"og:title\" content=\"Cat\u00ae Automotive Seat Covers featuring Mesh Flex Technology - Ks Products\" \/>\n<meta property=\"og:description\" content=\"The Cat\u00ae Automotive Seat Covers are engineered to protect your vehicle\u2019s interior with long-lasting durability and a rugged design built for everyday use. Whether you\u2019re a contractor, outdoor enthusiast, pet owner, or daily commuter, these seat covers are made to withstand dirt, spills, abrasion, and heavy wear in demanding environments. Crafted from premium, water-resistant materials, they guard your upholstery from stains and moisture while providing a comfortable, breathable surface for long drives.  Designed for universal compatibility, each cover installs easily on most car, truck, and SUV seats, offering a secure, slip-resistant fit. Reinforced stitching and heavy-duty fabrics ensure long-term reliability, and the signature CAT\u00ae styling adds a bold, industrial look to your vehicle. Perfect for work trucks, fleet vehicles, and family cars, these seat covers enhance both protection and comfort while maintaining a clean, professional appearance.\" \/>\n<meta property=\"og:url\" content=\"https:\/\/ksproducts.ca\/fr\/product\/couvre-sieges-automobiles-pour-chat-avec-technologie-flex-mesh\/\" \/>\n<meta property=\"og:site_name\" content=\"Ks Products\" \/>\n<meta property=\"article:modified_time\" content=\"2026-02-12T18:44:32+00:00\" \/>\n<meta property=\"og:image\" content=\"https:\/\/ksproducts.ca\/wp-content\/uploads\/2026\/02\/CASC-2284-BK.jpg\" \/>\n\t<meta property=\"og:image:width\" content=\"800\" \/>\n\t<meta property=\"og:image:height\" content=\"726\" \/>\n\t<meta property=\"og:image:type\" content=\"image\/jpeg\" \/>\n<meta name=\"twitter:card\" content=\"summary_large_image\" \/>\n<meta name=\"twitter:label1\" content=\"Estimation du temps de lecture\" \/>\n\t<meta name=\"twitter:data1\" content=\"1 minute\" \/>\n<script type=\"application\/ld+json\" class=\"yoast-schema-graph\">{\"@context\":\"https:\\\/\\\/schema.org\",\"@graph\":[{\"@type\":\"WebPage\",\"@id\":\"https:\\\/\\\/ksproducts.ca\\\/product\\\/cat-automotive-seat-covers-featuring-mesh-flex-technology\\\/\",\"url\":\"https:\\\/\\\/ksproducts.ca\\\/product\\\/cat-automotive-seat-covers-featuring-mesh-flex-technology\\\/\",\"name\":\"Cat\u00ae Automotive Seat Covers featuring Mesh Flex Technology - Ks Products\",\"isPartOf\":{\"@id\":\"https:\\\/\\\/ksproducts.ca\\\/#website\"},\"primaryImageOfPage\":{\"@id\":\"https:\\\/\\\/ksproducts.ca\\\/product\\\/cat-automotive-seat-covers-featuring-mesh-flex-technology\\\/#primaryimage\"},\"image\":{\"@id\":\"https:\\\/\\\/ksproducts.ca\\\/product\\\/cat-automotive-seat-covers-featuring-mesh-flex-technology\\\/#primaryimage\"},\"thumbnailUrl\":\"https:\\\/\\\/ksproducts.ca\\\/wp-content\\\/uploads\\\/2026\\\/02\\\/CASC-2284-BK.jpg\",\"datePublished\":\"2026-02-12T14:55:38+00:00\",\"dateModified\":\"2026-02-12T18:44:32+00:00\",\"breadcrumb\":{\"@id\":\"https:\\\/\\\/ksproducts.ca\\\/product\\\/cat-automotive-seat-covers-featuring-mesh-flex-technology\\\/#breadcrumb\"},\"inLanguage\":\"fr-CA\",\"potentialAction\":[{\"@type\":\"ReadAction\",\"target\":[\"https:\\\/\\\/ksproducts.ca\\\/product\\\/cat-automotive-seat-covers-featuring-mesh-flex-technology\\\/\"]}]},{\"@type\":\"ImageObject\",\"inLanguage\":\"fr-CA\",\"@id\":\"https:\\\/\\\/ksproducts.ca\\\/product\\\/cat-automotive-seat-covers-featuring-mesh-flex-technology\\\/#primaryimage\",\"url\":\"https:\\\/\\\/ksproducts.ca\\\/wp-content\\\/uploads\\\/2026\\\/02\\\/CASC-2284-BK.jpg\",\"contentUrl\":\"https:\\\/\\\/ksproducts.ca\\\/wp-content\\\/uploads\\\/2026\\\/02\\\/CASC-2284-BK.jpg\",\"width\":800,\"height\":726,\"caption\":\"CASC 2284 BK\"},{\"@type\":\"BreadcrumbList\",\"@id\":\"https:\\\/\\\/ksproducts.ca\\\/product\\\/cat-automotive-seat-covers-featuring-mesh-flex-technology\\\/#breadcrumb\",\"itemListElement\":[{\"@type\":\"ListItem\",\"position\":1,\"name\":\"Home\",\"item\":\"https:\\\/\\\/ksproducts.ca\\\/\"},{\"@type\":\"ListItem\",\"position\":2,\"name\":\"Shop\",\"item\":\"https:\\\/\\\/ksproducts.ca\\\/shop\\\/\"},{\"@type\":\"ListItem\",\"position\":3,\"name\":\"Cat\u00ae Automotive Seat Covers featuring Mesh Flex Technology\"}]},{\"@type\":\"WebSite\",\"@id\":\"https:\\\/\\\/ksproducts.ca\\\/#website\",\"url\":\"https:\\\/\\\/ksproducts.ca\\\/\",\"name\":\"Ks Products\",\"description\":\"Outdoor cooking and living, made easy in Canada\",\"publisher\":{\"@id\":\"https:\\\/\\\/ksproducts.ca\\\/#organization\"},\"potentialAction\":[{\"@type\":\"SearchAction\",\"target\":{\"@type\":\"EntryPoint\",\"urlTemplate\":\"https:\\\/\\\/ksproducts.ca\\\/?s={search_term_string}\"},\"query-input\":{\"@type\":\"PropertyValueSpecification\",\"valueRequired\":true,\"valueName\":\"search_term_string\"}}],\"inLanguage\":\"fr-CA\"},{\"@type\":\"Organization\",\"@id\":\"https:\\\/\\\/ksproducts.ca\\\/#organization\",\"name\":\"Ks Products\",\"url\":\"https:\\\/\\\/ksproducts.ca\\\/\",\"logo\":{\"@type\":\"ImageObject\",\"inLanguage\":\"fr-CA\",\"@id\":\"https:\\\/\\\/ksproducts.ca\\\/#\\\/schema\\\/logo\\\/image\\\/\",\"url\":\"https:\\\/\\\/ksproducts.ca\\\/wp-content\\\/uploads\\\/2023\\\/09\\\/Kennedy-Sales-Logo-header-1.png\",\"contentUrl\":\"https:\\\/\\\/ksproducts.ca\\\/wp-content\\\/uploads\\\/2023\\\/09\\\/Kennedy-Sales-Logo-header-1.png\",\"width\":150,\"height\":77,\"caption\":\"Ks Products\"},\"image\":{\"@id\":\"https:\\\/\\\/ksproducts.ca\\\/#\\\/schema\\\/logo\\\/image\\\/\"}}]}<\/script>\n<!-- \/ Yoast SEO plugin. -->","yoast_head_json":{"title":"B\u00e2ches de si\u00e8ge automobiles Cat\u00ae avec technologie Mesh Flex - Ks Products","robots":{"index":"index","follow":"follow","max-snippet":"max-snippet:-1","max-image-preview":"max-image-preview:large","max-video-preview":"max-video-preview:-1"},"canonical":"https:\/\/ksproducts.ca\/fr\/product\/couvre-sieges-automobiles-pour-chat-avec-technologie-flex-mesh\/","og_locale":"fr_CA","og_type":"article","og_title":"Cat\u00ae Automotive Seat Covers featuring Mesh Flex Technology - Ks Products","og_description":"The Cat\u00ae Automotive Seat Covers are engineered to protect your vehicle\u2019s interior with long-lasting durability and a rugged design built for everyday use. Whether you\u2019re a contractor, outdoor enthusiast, pet owner, or daily commuter, these seat covers are made to withstand dirt, spills, abrasion, and heavy wear in demanding environments. Crafted from premium, water-resistant materials, they guard your upholstery from stains and moisture while providing a comfortable, breathable surface for long drives.  Designed for universal compatibility, each cover installs easily on most car, truck, and SUV seats, offering a secure, slip-resistant fit. Reinforced stitching and heavy-duty fabrics ensure long-term reliability, and the signature CAT\u00ae styling adds a bold, industrial look to your vehicle. Perfect for work trucks, fleet vehicles, and family cars, these seat covers enhance both protection and comfort while maintaining a clean, professional appearance.","og_url":"https:\/\/ksproducts.ca\/fr\/product\/couvre-sieges-automobiles-pour-chat-avec-technologie-flex-mesh\/","og_site_name":"Ks Products","article_modified_time":"2026-02-12T18:44:32+00:00","og_image":[{"width":800,"height":726,"url":"https:\/\/ksproducts.ca\/wp-content\/uploads\/2026\/02\/CASC-2284-BK.jpg","type":"image\/jpeg"}],"twitter_card":"summary_large_image","twitter_misc":{"Estimation du temps de lecture":"1 minute"},"schema":{"@context":"https:\/\/schema.org","@graph":[{"@type":"WebPage","@id":"https:\/\/ksproducts.ca\/product\/cat-automotive-seat-covers-featuring-mesh-flex-technology\/","url":"https:\/\/ksproducts.ca\/product\/cat-automotive-seat-covers-featuring-mesh-flex-technology\/","name":"B\u00e2ches de si\u00e8ge automobiles Cat\u00ae avec technologie Mesh Flex - Ks Products","isPartOf":{"@id":"https:\/\/ksproducts.ca\/#website"},"primaryImageOfPage":{"@id":"https:\/\/ksproducts.ca\/product\/cat-automotive-seat-covers-featuring-mesh-flex-technology\/#primaryimage"},"image":{"@id":"https:\/\/ksproducts.ca\/product\/cat-automotive-seat-covers-featuring-mesh-flex-technology\/#primaryimage"},"thumbnailUrl":"https:\/\/ksproducts.ca\/wp-content\/uploads\/2026\/02\/CASC-2284-BK.jpg","datePublished":"2026-02-12T14:55:38+00:00","dateModified":"2026-02-12T18:44:32+00:00","breadcrumb":{"@id":"https:\/\/ksproducts.ca\/product\/cat-automotive-seat-covers-featuring-mesh-flex-technology\/#breadcrumb"},"inLanguage":"fr-CA","potentialAction":[{"@type":"ReadAction","target":["https:\/\/ksproducts.ca\/product\/cat-automotive-seat-covers-featuring-mesh-flex-technology\/"]}]},{"@type":"ImageObject","inLanguage":"fr-CA","@id":"https:\/\/ksproducts.ca\/product\/cat-automotive-seat-covers-featuring-mesh-flex-technology\/#primaryimage","url":"https:\/\/ksproducts.ca\/wp-content\/uploads\/2026\/02\/CASC-2284-BK.jpg","contentUrl":"https:\/\/ksproducts.ca\/wp-content\/uploads\/2026\/02\/CASC-2284-BK.jpg","width":800,"height":726,"caption":"CASC 2284 BK"},{"@type":"BreadcrumbList","@id":"https:\/\/ksproducts.ca\/product\/cat-automotive-seat-covers-featuring-mesh-flex-technology\/#breadcrumb","itemListElement":[{"@type":"ListItem","position":1,"name":"Home","item":"https:\/\/ksproducts.ca\/"},{"@type":"ListItem","position":2,"name":"Shop","item":"https:\/\/ksproducts.ca\/shop\/"},{"@type":"ListItem","position":3,"name":"Cat\u00ae Automotive Seat Covers featuring Mesh Flex Technology"}]},{"@type":"WebSite","@id":"https:\/\/ksproducts.ca\/#website","url":"https:\/\/ksproducts.ca\/","name":"Produits Ks","description":"Cuisiner et vivre en plein air, c'est facile au Canada","publisher":{"@id":"https:\/\/ksproducts.ca\/#organization"},"potentialAction":[{"@type":"SearchAction","target":{"@type":"EntryPoint","urlTemplate":"https:\/\/ksproducts.ca\/?s={search_term_string}"},"query-input":{"@type":"PropertyValueSpecification","valueRequired":true,"valueName":"search_term_string"}}],"inLanguage":"fr-CA"},{"@type":"Organization","@id":"https:\/\/ksproducts.ca\/#organization","name":"Produits Ks","url":"https:\/\/ksproducts.ca\/","logo":{"@type":"ImageObject","inLanguage":"fr-CA","@id":"https:\/\/ksproducts.ca\/#\/schema\/logo\/image\/","url":"https:\/\/ksproducts.ca\/wp-content\/uploads\/2023\/09\/Kennedy-Sales-Logo-header-1.png","contentUrl":"https:\/\/ksproducts.ca\/wp-content\/uploads\/2023\/09\/Kennedy-Sales-Logo-header-1.png","width":150,"height":77,"caption":"Ks Products"},"image":{"@id":"https:\/\/ksproducts.ca\/#\/schema\/logo\/image\/"}}]}},"_links":{"self":[{"href":"https:\/\/ksproducts.ca\/fr\/wp-json\/wp\/v2\/product\/10939","targetHints":{"allow":["GET"]}}],"collection":[{"href":"https:\/\/ksproducts.ca\/fr\/wp-json\/wp\/v2\/product"}],"about":[{"href":"https:\/\/ksproducts.ca\/fr\/wp-json\/wp\/v2\/types\/product"}],"replies":[{"embeddable":true,"href":"https:\/\/ksproducts.ca\/fr\/wp-json\/wp\/v2\/comments?post=10939"}],"version-history":[{"count":3,"href":"https:\/\/ksproducts.ca\/fr\/wp-json\/wp\/v2\/product\/10939\/revisions"}],"predecessor-version":[{"id":11043,"href":"https:\/\/ksproducts.ca\/fr\/wp-json\/wp\/v2\/product\/10939\/revisions\/11043"}],"wp:featuredmedia":[{"embeddable":true,"href":"https:\/\/ksproducts.ca\/fr\/wp-json\/wp\/v2\/media\/10940"}],"wp:attachment":[{"href":"https:\/\/ksproducts.ca\/fr\/wp-json\/wp\/v2\/media?parent=10939"}],"wp:term":[{"taxonomy":"product_cat","embeddable":true,"href":"https:\/\/ksproducts.ca\/fr\/wp-json\/wp\/v2\/product_cat?post=10939"},{"taxonomy":"product_tag","embeddable":true,"href":"https:\/\/ksproducts.ca\/fr\/wp-json\/wp\/v2\/product_tag?post=10939"}],"curies":[{"name":"wp","href":"https:\/\/api.w.org\/{rel}","templated":true}]}}