{"id":10996,"date":"2026-02-12T16:57:52","date_gmt":"2026-02-12T16:57:52","guid":{"rendered":"https:\/\/ksproducts.ca\/?post_type=product&#038;p=10996"},"modified":"2026-03-27T19:41:59","modified_gmt":"2026-03-27T19:41:59","slug":"lame-de-scie-diamantee-tout-usage-7%e2%80%b3-100-valeur-cat-garage","status":"publish","type":"product","link":"https:\/\/ksproducts.ca\/fr\/product\/cat-garage-100-value-general-purpose-diamond-saw-blade-7%e2%80%b3\/","title":{"rendered":"Cat\u00ae Garage 100 Value General Purpose Diamond Saw Blade - 7\u2033 (lame de scie diamant\u00e9e \u00e0 usage g\u00e9n\u00e9ral)"},"content":{"rendered":"<ul>\n<li aria-level=\"1\"><b>Performance du bord segment\u00e9 :<\/b>\u00a0Am\u00e9liore la vitesse de coupe et le refroidissement pour une dur\u00e9e de vie plus longue de la lame.<\/li>\n<li aria-level=\"1\"><b>Polyvalence de 7 pouces de diam\u00e8tre :<\/b>\u00a0Parfait pour les travaux de ma\u00e7onnerie et de construction de milieu de gamme.<\/li>\n<li aria-level=\"1\"><b>Liaison diamant durable<\/b>\u00a0R\u00e9siste aux frott.<\/li>\n<li aria-level=\"1\"><b>D\u00e9coupe Multi-Mat\u00e9riaux :<\/b>\u00a0Manie les pav\u00e9s, les blocs, la pierre et le b\u00e9ton.<\/li>\n<li aria-level=\"1\"><b>Stabilit\u00e9 professionnelle<\/b>\u00a0Une vibration r\u00e9duite am\u00e9liore le maniement et la pr\u00e9cision.<\/li>\n<li aria-level=\"1\"><b>Id\u00e9al pour les r\u00e9novations :<\/b>\u00a0Id\u00e9al pour les travaux de terrasse, les corrections de ma\u00e7onnerie et les travaux de d\u00e9molition.<\/li>\n<\/ul>","protected":false},"excerpt":{"rendered":"<p>La lame de scie diamant\u00e9e \u00e0 usage g\u00e9n\u00e9ral Cat\u00ae 7\u2033 permet une coupe rapide et efficace des mat\u00e9riaux de ma\u00e7onnerie de tous types. Sa conception \u00e0 bord segment\u00e9 permet d'augmenter la vitesse de coupe et le refroidissement lors de la coupe \u00e0 sec, ce qui la rend adapt\u00e9e aux scies portatives et aux scies circulaires \u00e0 carreaux.<\/p>\n<p>Cette lame est id\u00e9ale pour couper les dalles de b\u00e9ton, les briques, les blocs, les pierres et les pav\u00e9s dans le cadre de projets de moyenne envergure.<\/p>","protected":false},"featured_media":12805,"comment_status":"open","ping_status":"closed","template":"","meta":[],"product_cat":[451],"product_tag":[],"class_list":{"0":"post-10996","1":"product","2":"type-product","3":"status-publish","4":"has-post-thumbnail","6":"product_brand-cat","7":"product_cat-tools-equipment","8":"product_shipping_class-class-1","10":"first","11":"instock","12":"taxable","13":"shipping-taxable","14":"purchasable","15":"product-type-simple"},"yoast_head":"<!-- This site is optimized with the Yoast SEO plugin v27.4 - https:\/\/yoast.com\/product\/yoast-seo-wordpress\/ -->\n<title>Cat\u00ae Garage 100 Value General Purpose Diamond Saw Blade \u2013 7\u2033 - Ks Products<\/title>\n<meta name=\"robots\" content=\"index, follow, max-snippet:-1, max-image-preview:large, max-video-preview:-1\" \/>\n<link rel=\"canonical\" href=\"https:\/\/ksproducts.ca\/fr\/product\/lame-de-scie-diamantee-tout-usage-7\u2033-100-valeur-cat-garage\/\" \/>\n<meta property=\"og:locale\" content=\"fr_CA\" \/>\n<meta property=\"og:type\" content=\"article\" \/>\n<meta property=\"og:title\" content=\"Cat\u00ae Garage 100 Value General Purpose Diamond Saw Blade \u2013 7\u2033 - Ks Products\" \/>\n<meta property=\"og:description\" content=\"The Cat\u00ae 7\u2033 General Purpose Diamond Saw Blade offers fast, efficient cutting for masonry materials of all types. Its segmented rim design provides increased cutting speed and cooling during dry cutting, making it suitable for handheld saws and circular tile saws.  A reliable all-purpose option, this blade is ideal for cutting concrete slabs, bricks, blocks, stones, and pavers during medium-scale projects.\" \/>\n<meta property=\"og:url\" content=\"https:\/\/ksproducts.ca\/fr\/product\/lame-de-scie-diamantee-tout-usage-7\u2033-100-valeur-cat-garage\/\" \/>\n<meta property=\"og:site_name\" content=\"Ks Products\" \/>\n<meta property=\"article:modified_time\" content=\"2026-03-27T19:41:59+00:00\" \/>\n<meta property=\"og:image\" content=\"https:\/\/ksproducts.ca\/wp-content\/uploads\/2026\/02\/DA20007C-VX30180.jpg\" \/>\n\t<meta property=\"og:image:width\" content=\"798\" \/>\n\t<meta property=\"og:image:height\" content=\"800\" \/>\n\t<meta property=\"og:image:type\" content=\"image\/jpeg\" \/>\n<meta name=\"twitter:card\" content=\"summary_large_image\" \/>\n<meta name=\"twitter:label1\" content=\"Estimation du temps de lecture\" \/>\n\t<meta name=\"twitter:data1\" content=\"1 minute\" \/>\n<script type=\"application\/ld+json\" class=\"yoast-schema-graph\">{\"@context\":\"https:\\\/\\\/schema.org\",\"@graph\":[{\"@type\":\"WebPage\",\"@id\":\"https:\\\/\\\/ksproducts.ca\\\/product\\\/cat-garage-100-value-general-purpose-diamond-saw-blade-7%e2%80%b3\\\/\",\"url\":\"https:\\\/\\\/ksproducts.ca\\\/product\\\/cat-garage-100-value-general-purpose-diamond-saw-blade-7%e2%80%b3\\\/\",\"name\":\"Cat\u00ae Garage 100 Value General Purpose Diamond Saw Blade \u2013 7\u2033 - Ks Products\",\"isPartOf\":{\"@id\":\"https:\\\/\\\/ksproducts.ca\\\/#website\"},\"primaryImageOfPage\":{\"@id\":\"https:\\\/\\\/ksproducts.ca\\\/product\\\/cat-garage-100-value-general-purpose-diamond-saw-blade-7%e2%80%b3\\\/#primaryimage\"},\"image\":{\"@id\":\"https:\\\/\\\/ksproducts.ca\\\/product\\\/cat-garage-100-value-general-purpose-diamond-saw-blade-7%e2%80%b3\\\/#primaryimage\"},\"thumbnailUrl\":\"https:\\\/\\\/ksproducts.ca\\\/wp-content\\\/uploads\\\/2026\\\/02\\\/DA20007C-VX30180.jpg\",\"datePublished\":\"2026-02-12T16:57:52+00:00\",\"dateModified\":\"2026-03-27T19:41:59+00:00\",\"breadcrumb\":{\"@id\":\"https:\\\/\\\/ksproducts.ca\\\/product\\\/cat-garage-100-value-general-purpose-diamond-saw-blade-7%e2%80%b3\\\/#breadcrumb\"},\"inLanguage\":\"fr-CA\",\"potentialAction\":[{\"@type\":\"ReadAction\",\"target\":[\"https:\\\/\\\/ksproducts.ca\\\/product\\\/cat-garage-100-value-general-purpose-diamond-saw-blade-7%e2%80%b3\\\/\"]}]},{\"@type\":\"ImageObject\",\"inLanguage\":\"fr-CA\",\"@id\":\"https:\\\/\\\/ksproducts.ca\\\/product\\\/cat-garage-100-value-general-purpose-diamond-saw-blade-7%e2%80%b3\\\/#primaryimage\",\"url\":\"https:\\\/\\\/ksproducts.ca\\\/wp-content\\\/uploads\\\/2026\\\/02\\\/DA20007C-VX30180.jpg\",\"contentUrl\":\"https:\\\/\\\/ksproducts.ca\\\/wp-content\\\/uploads\\\/2026\\\/02\\\/DA20007C-VX30180.jpg\",\"width\":798,\"height\":800,\"caption\":\"Cat\u00ae Garage 100 Value General Purpose Diamond Saw Blade \u2013 7\u2033\"},{\"@type\":\"BreadcrumbList\",\"@id\":\"https:\\\/\\\/ksproducts.ca\\\/product\\\/cat-garage-100-value-general-purpose-diamond-saw-blade-7%e2%80%b3\\\/#breadcrumb\",\"itemListElement\":[{\"@type\":\"ListItem\",\"position\":1,\"name\":\"Home\",\"item\":\"https:\\\/\\\/ksproducts.ca\\\/\"},{\"@type\":\"ListItem\",\"position\":2,\"name\":\"Shop\",\"item\":\"https:\\\/\\\/ksproducts.ca\\\/shop\\\/\"},{\"@type\":\"ListItem\",\"position\":3,\"name\":\"Cat\u00ae Garage 100 Value General Purpose Diamond Saw Blade \u2013 7\u2033\"}]},{\"@type\":\"WebSite\",\"@id\":\"https:\\\/\\\/ksproducts.ca\\\/#website\",\"url\":\"https:\\\/\\\/ksproducts.ca\\\/\",\"name\":\"Ks Products\",\"description\":\"Outdoor cooking and living, made easy in Canada\",\"publisher\":{\"@id\":\"https:\\\/\\\/ksproducts.ca\\\/#organization\"},\"potentialAction\":[{\"@type\":\"SearchAction\",\"target\":{\"@type\":\"EntryPoint\",\"urlTemplate\":\"https:\\\/\\\/ksproducts.ca\\\/?s={search_term_string}\"},\"query-input\":{\"@type\":\"PropertyValueSpecification\",\"valueRequired\":true,\"valueName\":\"search_term_string\"}}],\"inLanguage\":\"fr-CA\"},{\"@type\":\"Organization\",\"@id\":\"https:\\\/\\\/ksproducts.ca\\\/#organization\",\"name\":\"Ks Products\",\"url\":\"https:\\\/\\\/ksproducts.ca\\\/\",\"logo\":{\"@type\":\"ImageObject\",\"inLanguage\":\"fr-CA\",\"@id\":\"https:\\\/\\\/ksproducts.ca\\\/#\\\/schema\\\/logo\\\/image\\\/\",\"url\":\"https:\\\/\\\/ksproducts.ca\\\/wp-content\\\/uploads\\\/2023\\\/09\\\/Kennedy-Sales-Logo-header-1.png\",\"contentUrl\":\"https:\\\/\\\/ksproducts.ca\\\/wp-content\\\/uploads\\\/2023\\\/09\\\/Kennedy-Sales-Logo-header-1.png\",\"width\":150,\"height\":77,\"caption\":\"Ks Products\"},\"image\":{\"@id\":\"https:\\\/\\\/ksproducts.ca\\\/#\\\/schema\\\/logo\\\/image\\\/\"}}]}<\/script>\n<!-- \/ Yoast SEO plugin. -->","yoast_head_json":{"title":"Lame de scie diamant\u00e9e Cat\u00ae Garage 100 pour usage g\u00e9n\u00e9ral \u2013 7\u2033 - Ks Products","robots":{"index":"index","follow":"follow","max-snippet":"max-snippet:-1","max-image-preview":"max-image-preview:large","max-video-preview":"max-video-preview:-1"},"canonical":"https:\/\/ksproducts.ca\/fr\/product\/lame-de-scie-diamantee-tout-usage-7\u2033-100-valeur-cat-garage\/","og_locale":"fr_CA","og_type":"article","og_title":"Cat\u00ae Garage 100 Value General Purpose Diamond Saw Blade \u2013 7\u2033 - Ks Products","og_description":"The Cat\u00ae 7\u2033 General Purpose Diamond Saw Blade offers fast, efficient cutting for masonry materials of all types. Its segmented rim design provides increased cutting speed and cooling during dry cutting, making it suitable for handheld saws and circular tile saws.  A reliable all-purpose option, this blade is ideal for cutting concrete slabs, bricks, blocks, stones, and pavers during medium-scale projects.","og_url":"https:\/\/ksproducts.ca\/fr\/product\/lame-de-scie-diamantee-tout-usage-7\u2033-100-valeur-cat-garage\/","og_site_name":"Ks Products","article_modified_time":"2026-03-27T19:41:59+00:00","og_image":[{"width":798,"height":800,"url":"https:\/\/ksproducts.ca\/wp-content\/uploads\/2026\/02\/DA20007C-VX30180.jpg","type":"image\/jpeg"}],"twitter_card":"summary_large_image","twitter_misc":{"Estimation du temps de lecture":"1 minute"},"schema":{"@context":"https:\/\/schema.org","@graph":[{"@type":"WebPage","@id":"https:\/\/ksproducts.ca\/product\/cat-garage-100-value-general-purpose-diamond-saw-blade-7%e2%80%b3\/","url":"https:\/\/ksproducts.ca\/product\/cat-garage-100-value-general-purpose-diamond-saw-blade-7%e2%80%b3\/","name":"Lame de scie diamant\u00e9e Cat\u00ae Garage 100 pour usage g\u00e9n\u00e9ral \u2013 7\u2033 - Ks Products","isPartOf":{"@id":"https:\/\/ksproducts.ca\/#website"},"primaryImageOfPage":{"@id":"https:\/\/ksproducts.ca\/product\/cat-garage-100-value-general-purpose-diamond-saw-blade-7%e2%80%b3\/#primaryimage"},"image":{"@id":"https:\/\/ksproducts.ca\/product\/cat-garage-100-value-general-purpose-diamond-saw-blade-7%e2%80%b3\/#primaryimage"},"thumbnailUrl":"https:\/\/ksproducts.ca\/wp-content\/uploads\/2026\/02\/DA20007C-VX30180.jpg","datePublished":"2026-02-12T16:57:52+00:00","dateModified":"2026-03-27T19:41:59+00:00","breadcrumb":{"@id":"https:\/\/ksproducts.ca\/product\/cat-garage-100-value-general-purpose-diamond-saw-blade-7%e2%80%b3\/#breadcrumb"},"inLanguage":"fr-CA","potentialAction":[{"@type":"ReadAction","target":["https:\/\/ksproducts.ca\/product\/cat-garage-100-value-general-purpose-diamond-saw-blade-7%e2%80%b3\/"]}]},{"@type":"ImageObject","inLanguage":"fr-CA","@id":"https:\/\/ksproducts.ca\/product\/cat-garage-100-value-general-purpose-diamond-saw-blade-7%e2%80%b3\/#primaryimage","url":"https:\/\/ksproducts.ca\/wp-content\/uploads\/2026\/02\/DA20007C-VX30180.jpg","contentUrl":"https:\/\/ksproducts.ca\/wp-content\/uploads\/2026\/02\/DA20007C-VX30180.jpg","width":798,"height":800,"caption":"Cat\u00ae Garage 100 Value General Purpose Diamond Saw Blade \u2013 7\u2033"},{"@type":"BreadcrumbList","@id":"https:\/\/ksproducts.ca\/product\/cat-garage-100-value-general-purpose-diamond-saw-blade-7%e2%80%b3\/#breadcrumb","itemListElement":[{"@type":"ListItem","position":1,"name":"Home","item":"https:\/\/ksproducts.ca\/"},{"@type":"ListItem","position":2,"name":"Shop","item":"https:\/\/ksproducts.ca\/shop\/"},{"@type":"ListItem","position":3,"name":"Cat\u00ae Garage 100 Value General Purpose Diamond Saw Blade \u2013 7\u2033"}]},{"@type":"WebSite","@id":"https:\/\/ksproducts.ca\/#website","url":"https:\/\/ksproducts.ca\/","name":"Produits Ks","description":"Cuisiner et vivre en plein air, c'est facile au Canada","publisher":{"@id":"https:\/\/ksproducts.ca\/#organization"},"potentialAction":[{"@type":"SearchAction","target":{"@type":"EntryPoint","urlTemplate":"https:\/\/ksproducts.ca\/?s={search_term_string}"},"query-input":{"@type":"PropertyValueSpecification","valueRequired":true,"valueName":"search_term_string"}}],"inLanguage":"fr-CA"},{"@type":"Organization","@id":"https:\/\/ksproducts.ca\/#organization","name":"Produits Ks","url":"https:\/\/ksproducts.ca\/","logo":{"@type":"ImageObject","inLanguage":"fr-CA","@id":"https:\/\/ksproducts.ca\/#\/schema\/logo\/image\/","url":"https:\/\/ksproducts.ca\/wp-content\/uploads\/2023\/09\/Kennedy-Sales-Logo-header-1.png","contentUrl":"https:\/\/ksproducts.ca\/wp-content\/uploads\/2023\/09\/Kennedy-Sales-Logo-header-1.png","width":150,"height":77,"caption":"Ks Products"},"image":{"@id":"https:\/\/ksproducts.ca\/#\/schema\/logo\/image\/"}}]}},"_links":{"self":[{"href":"https:\/\/ksproducts.ca\/fr\/wp-json\/wp\/v2\/product\/10996","targetHints":{"allow":["GET"]}}],"collection":[{"href":"https:\/\/ksproducts.ca\/fr\/wp-json\/wp\/v2\/product"}],"about":[{"href":"https:\/\/ksproducts.ca\/fr\/wp-json\/wp\/v2\/types\/product"}],"replies":[{"embeddable":true,"href":"https:\/\/ksproducts.ca\/fr\/wp-json\/wp\/v2\/comments?post=10996"}],"version-history":[{"count":2,"href":"https:\/\/ksproducts.ca\/fr\/wp-json\/wp\/v2\/product\/10996\/revisions"}],"predecessor-version":[{"id":11025,"href":"https:\/\/ksproducts.ca\/fr\/wp-json\/wp\/v2\/product\/10996\/revisions\/11025"}],"wp:featuredmedia":[{"embeddable":true,"href":"https:\/\/ksproducts.ca\/fr\/wp-json\/wp\/v2\/media\/12805"}],"wp:attachment":[{"href":"https:\/\/ksproducts.ca\/fr\/wp-json\/wp\/v2\/media?parent=10996"}],"wp:term":[{"taxonomy":"product_cat","embeddable":true,"href":"https:\/\/ksproducts.ca\/fr\/wp-json\/wp\/v2\/product_cat?post=10996"},{"taxonomy":"product_tag","embeddable":true,"href":"https:\/\/ksproducts.ca\/fr\/wp-json\/wp\/v2\/product_tag?post=10996"}],"curies":[{"name":"wp","href":"https:\/\/api.w.org\/{rel}","templated":true}]}}