{"id":11061,"date":"2026-02-12T19:30:52","date_gmt":"2026-02-12T19:30:52","guid":{"rendered":"https:\/\/ksproducts.ca\/?post_type=product&#038;p=11061"},"modified":"2026-03-02T19:43:57","modified_gmt":"2026-03-02T19:43:57","slug":"lampe-de-travail-led-rechargeable-pour-garage-cat-570-lumens","status":"publish","type":"product","link":"https:\/\/ksproducts.ca\/fr\/product\/cat-garage-rechargeable-led-work-light-570-lumens\/","title":{"rendered":"Cat\u00ae Garage Lampe de travail LED rechargeable - 570 Lumens"},"content":{"rendered":"<ul>\n<li><strong>Luminosit\u00e9 exceptionnelle avec une distance de rayonnement de 300 m\u00e8tres :\u00a0<\/strong>Illuminez n'importe quel espace sans effort avec la lampe stylo rechargeable Cat Garage 570 lumens. \u00c9quip\u00e9e d'une puissante LED CREE\u00ae T6, cette lampe de travail portable d\u00e9livre une puissance lumineuse impressionnante de 570 lumens, garantissant une visibilit\u00e9 exceptionnelle m\u00eame dans les environnements \u00e0 faible luminosit\u00e9. Le faisceau atteint jusqu'\u00e0 300 m\u00e8tres, ce qui en fait la solution d'\u00e9clairage id\u00e9ale pour les travaux de pr\u00e9cision, les activit\u00e9s de plein air ou les situations d'urgence o\u00f9 un \u00e9clairage fiable est essentiel.<\/li>\n<li><strong>Construction durable en aluminium de qualit\u00e9 a\u00e9ronautique :\u00a0<\/strong>Con\u00e7ue pour durer, cette lampe stylo LED est fabriqu\u00e9e en aluminium de qualit\u00e9 a\u00e9ronautique, offrant un design robuste et l\u00e9ger qui r\u00e9siste \u00e0 une utilisation intensive. Sa construction robuste r\u00e9siste \u00e0 l'eau et aux chocs, ce qui en fait le compagnon id\u00e9al pour les t\u00e2ches exigeantes, que ce soit \u00e0 l'int\u00e9rieur ou \u00e0 l'ext\u00e9rieur. Que vous soyez \u00e0 l'atelier, en train d'effectuer des r\u00e9parations ou que vous partiez \u00e0 l'aventure en plein air, cette lampe de poche l\u00e9g\u00e8re est con\u00e7ue pour r\u00e9sister \u00e0 tout.<\/li>\n<li><strong>Batterie rechargeable au lithium-ion avec port de chargement prot\u00e9g\u00e9 :<\/strong>\u00a0Con\u00e7ue pour des performances durables, la batterie offre jusqu'\u00e0 2 heures d'autonomie avec une seule charge. Le port de charge prot\u00e9g\u00e9 assure la durabilit\u00e9 de la lampe en la prot\u00e9geant de la poussi\u00e8re et des d\u00e9bris, tandis que le chargeur inclus permet \u00e0 votre lampe-stylo rechargeable d'\u00eatre pr\u00eate \u00e0 l'emploi d\u00e8s que vous en avez besoin.<\/li>\n<li><strong>Interrupteur polyvalent \u00e0 montage lat\u00e9ral \u00e0 trois positions :\u00a0<\/strong>Adaptez sans effort votre \u00e9clairage \u00e0 la t\u00e2che \u00e0 accomplir gr\u00e2ce \u00e0 l'interrupteur lat\u00e9ral \u00e0 trois positions. Cette lampe de travail \u00e0 LED vous permet de basculer entre diff\u00e9rents modes, ce qui vous assure de toujours avoir le bon niveau de luminosit\u00e9, quelle que soit la situation.<\/li>\n<li><strong>Conception compacte et portable pour une utilisation en d\u00e9placement :\u00a0<\/strong>La lampe \u00e0 faisceau est compacte et facile \u00e0 transporter. Sa conception l\u00e9g\u00e8re vous permet de l'emporter partout, de votre bo\u00eete \u00e0 outils \u00e0 votre bo\u00eete \u00e0 gants, ce qui en fait la lampe de travail portable id\u00e9ale. Que vous l'utilisiez comme lampe \u00e0 faisceau fiable pour les inspections ou comme lampe stylo LED pratique pour les t\u00e2ches quotidiennes, cette lampe de poche offre une portabilit\u00e9 in\u00e9gal\u00e9e sans compromettre les performances.<\/li>\n<\/ul>","protected":false},"excerpt":{"rendered":"<p>B\u00e9n\u00e9ficiez d'un \u00e9clairage de qualit\u00e9 sup\u00e9rieure dans un design compact avec le\u00a0<strong>Cat\u00ae<\/strong>\u00a0<strong>Lampe de travail rechargeable Garage 570 Lumens<\/strong>. Aliment\u00e9e par une LED CREE\u00ae T6 durable, cette lampe de poche haute performance offre une luminosit\u00e9 de 570 lumens et une distance de rayonnement pouvant atteindre 300 m\u00e8tres, ce qui vous permet de ne jamais rester dans l'obscurit\u00e9. Sa construction robuste en aluminium de qualit\u00e9 a\u00e9ronautique est \u00e0 la fois r\u00e9sistante \u00e0 l'eau et aux chocs, ce qui la rend id\u00e9ale pour les environnements difficiles. La batterie lithium-ion rechargeable 18650 et le chargeur inclus sont pratiques et durables, tandis que le port de charge prot\u00e9g\u00e9 garantit la long\u00e9vit\u00e9. Gr\u00e2ce \u00e0 son interrupteur lat\u00e9ral \u00e0 trois positions, cette lampe de travail portable s'adapte \u00e0 toutes les t\u00e2ches, qu'il s'agisse de r\u00e9parations ou d'explorations en plein air. L\u00e9g\u00e8re, portable et con\u00e7ue pour la performance, la lampe de travail \u00e0 LED Cat garage est votre outil ultime pour un \u00e9clairage fiable.<\/p>","protected":false},"featured_media":11062,"comment_status":"open","ping_status":"closed","template":"","meta":[],"product_cat":[431,451],"product_tag":[],"class_list":{"0":"post-11061","1":"product","2":"type-product","3":"status-publish","4":"has-post-thumbnail","6":"product_brand-cat","7":"product_cat-camping-rv-essentials","8":"product_cat-tools-equipment","9":"product_shipping_class-class-1","11":"first","12":"instock","13":"taxable","14":"shipping-taxable","15":"purchasable","16":"product-type-simple"},"yoast_head":"<!-- This site is optimized with the Yoast SEO plugin v27.3 - https:\/\/yoast.com\/product\/yoast-seo-wordpress\/ -->\n<title>Cat\u00ae Garage Rechargeable LED Work Light \u2013 570 Lumens - Ks Products<\/title>\n<meta name=\"robots\" content=\"index, follow, max-snippet:-1, max-image-preview:large, max-video-preview:-1\" \/>\n<link rel=\"canonical\" href=\"https:\/\/ksproducts.ca\/fr\/product\/lampe-de-travail-led-rechargeable-pour-garage-cat-570-lumens\/\" \/>\n<meta property=\"og:locale\" content=\"fr_CA\" \/>\n<meta property=\"og:type\" content=\"article\" \/>\n<meta property=\"og:title\" content=\"Cat\u00ae Garage Rechargeable LED Work Light \u2013 570 Lumens - Ks Products\" \/>\n<meta property=\"og:description\" content=\"Experience superior lighting in a compact design with the\u00a0Cat\u00ae\u00a0Garage 570 Lumens rechargeable Work Light. Powered by a durable CREE\u00ae T6 LED, this high-performance flashlight delivers 570 lumens of brightness and a beam distance of up to 300 meters, ensuring you\u2019re never left in the dark. Its rugged, aircraft-grade aluminum construction is both water and impact-resistant, making it ideal for tough environments. The included 18650 rechargeable lithium-ion battery and charger provide convenience and sustainability, while the protected charging port ensures longevity. With its three-position side-mounted switch, this portable work light adapts to any job, whether you\u2019re tackling repairs or exploring the outdoors. Lightweight, portable, and built for performance, the Cat garage LED work light is your ultimate tool for reliable illumination.\" \/>\n<meta property=\"og:url\" content=\"https:\/\/ksproducts.ca\/fr\/product\/lampe-de-travail-led-rechargeable-pour-garage-cat-570-lumens\/\" \/>\n<meta property=\"og:site_name\" content=\"Ks Products\" \/>\n<meta property=\"article:modified_time\" content=\"2026-03-02T19:43:57+00:00\" \/>\n<meta property=\"og:image\" content=\"https:\/\/ksproducts.ca\/wp-content\/uploads\/2026\/02\/CT1105.jpg\" \/>\n\t<meta property=\"og:image:width\" content=\"679\" \/>\n\t<meta property=\"og:image:height\" content=\"294\" \/>\n\t<meta property=\"og:image:type\" content=\"image\/jpeg\" \/>\n<meta name=\"twitter:card\" content=\"summary_large_image\" \/>\n<meta name=\"twitter:label1\" content=\"Estimation du temps de lecture\" \/>\n\t<meta name=\"twitter:data1\" content=\"2 minutes\" \/>\n<script type=\"application\/ld+json\" class=\"yoast-schema-graph\">{\"@context\":\"https:\\\/\\\/schema.org\",\"@graph\":[{\"@type\":\"WebPage\",\"@id\":\"https:\\\/\\\/ksproducts.ca\\\/product\\\/cat-garage-rechargeable-led-work-light-570-lumens\\\/\",\"url\":\"https:\\\/\\\/ksproducts.ca\\\/product\\\/cat-garage-rechargeable-led-work-light-570-lumens\\\/\",\"name\":\"Cat\u00ae Garage Rechargeable LED Work Light \u2013 570 Lumens - Ks Products\",\"isPartOf\":{\"@id\":\"https:\\\/\\\/ksproducts.ca\\\/#website\"},\"primaryImageOfPage\":{\"@id\":\"https:\\\/\\\/ksproducts.ca\\\/product\\\/cat-garage-rechargeable-led-work-light-570-lumens\\\/#primaryimage\"},\"image\":{\"@id\":\"https:\\\/\\\/ksproducts.ca\\\/product\\\/cat-garage-rechargeable-led-work-light-570-lumens\\\/#primaryimage\"},\"thumbnailUrl\":\"https:\\\/\\\/ksproducts.ca\\\/wp-content\\\/uploads\\\/2026\\\/02\\\/CT1105.jpg\",\"datePublished\":\"2026-02-12T19:30:52+00:00\",\"dateModified\":\"2026-03-02T19:43:57+00:00\",\"breadcrumb\":{\"@id\":\"https:\\\/\\\/ksproducts.ca\\\/product\\\/cat-garage-rechargeable-led-work-light-570-lumens\\\/#breadcrumb\"},\"inLanguage\":\"fr-CA\",\"potentialAction\":[{\"@type\":\"ReadAction\",\"target\":[\"https:\\\/\\\/ksproducts.ca\\\/product\\\/cat-garage-rechargeable-led-work-light-570-lumens\\\/\"]}]},{\"@type\":\"ImageObject\",\"inLanguage\":\"fr-CA\",\"@id\":\"https:\\\/\\\/ksproducts.ca\\\/product\\\/cat-garage-rechargeable-led-work-light-570-lumens\\\/#primaryimage\",\"url\":\"https:\\\/\\\/ksproducts.ca\\\/wp-content\\\/uploads\\\/2026\\\/02\\\/CT1105.jpg\",\"contentUrl\":\"https:\\\/\\\/ksproducts.ca\\\/wp-content\\\/uploads\\\/2026\\\/02\\\/CT1105.jpg\",\"width\":679,\"height\":294,\"caption\":\"Cat\u00ae Garage Rechargeable LED Work Light \u2013 570 Lumens\"},{\"@type\":\"BreadcrumbList\",\"@id\":\"https:\\\/\\\/ksproducts.ca\\\/product\\\/cat-garage-rechargeable-led-work-light-570-lumens\\\/#breadcrumb\",\"itemListElement\":[{\"@type\":\"ListItem\",\"position\":1,\"name\":\"Home\",\"item\":\"https:\\\/\\\/ksproducts.ca\\\/\"},{\"@type\":\"ListItem\",\"position\":2,\"name\":\"Shop\",\"item\":\"https:\\\/\\\/ksproducts.ca\\\/shop\\\/\"},{\"@type\":\"ListItem\",\"position\":3,\"name\":\"Cat\u00ae Garage Rechargeable LED Work Light \u2013 570 Lumens\"}]},{\"@type\":\"WebSite\",\"@id\":\"https:\\\/\\\/ksproducts.ca\\\/#website\",\"url\":\"https:\\\/\\\/ksproducts.ca\\\/\",\"name\":\"Ks Products\",\"description\":\"Outdoor cooking and living, made easy in Canada\",\"publisher\":{\"@id\":\"https:\\\/\\\/ksproducts.ca\\\/#organization\"},\"potentialAction\":[{\"@type\":\"SearchAction\",\"target\":{\"@type\":\"EntryPoint\",\"urlTemplate\":\"https:\\\/\\\/ksproducts.ca\\\/?s={search_term_string}\"},\"query-input\":{\"@type\":\"PropertyValueSpecification\",\"valueRequired\":true,\"valueName\":\"search_term_string\"}}],\"inLanguage\":\"fr-CA\"},{\"@type\":\"Organization\",\"@id\":\"https:\\\/\\\/ksproducts.ca\\\/#organization\",\"name\":\"Ks Products\",\"url\":\"https:\\\/\\\/ksproducts.ca\\\/\",\"logo\":{\"@type\":\"ImageObject\",\"inLanguage\":\"fr-CA\",\"@id\":\"https:\\\/\\\/ksproducts.ca\\\/#\\\/schema\\\/logo\\\/image\\\/\",\"url\":\"https:\\\/\\\/ksproducts.ca\\\/wp-content\\\/uploads\\\/2023\\\/09\\\/Kennedy-Sales-Logo-header-1.png\",\"contentUrl\":\"https:\\\/\\\/ksproducts.ca\\\/wp-content\\\/uploads\\\/2023\\\/09\\\/Kennedy-Sales-Logo-header-1.png\",\"width\":150,\"height\":77,\"caption\":\"Ks Products\"},\"image\":{\"@id\":\"https:\\\/\\\/ksproducts.ca\\\/#\\\/schema\\\/logo\\\/image\\\/\"}}]}<\/script>\n<!-- \/ Yoast SEO plugin. -->","yoast_head_json":{"title":"Lampe de travail LED rechargeable Cat\u00ae \u2013 570 lumens \u2013 Ks Products","robots":{"index":"index","follow":"follow","max-snippet":"max-snippet:-1","max-image-preview":"max-image-preview:large","max-video-preview":"max-video-preview:-1"},"canonical":"https:\/\/ksproducts.ca\/fr\/product\/lampe-de-travail-led-rechargeable-pour-garage-cat-570-lumens\/","og_locale":"fr_CA","og_type":"article","og_title":"Cat\u00ae Garage Rechargeable LED Work Light \u2013 570 Lumens - Ks Products","og_description":"Experience superior lighting in a compact design with the\u00a0Cat\u00ae\u00a0Garage 570 Lumens rechargeable Work Light. Powered by a durable CREE\u00ae T6 LED, this high-performance flashlight delivers 570 lumens of brightness and a beam distance of up to 300 meters, ensuring you\u2019re never left in the dark. Its rugged, aircraft-grade aluminum construction is both water and impact-resistant, making it ideal for tough environments. The included 18650 rechargeable lithium-ion battery and charger provide convenience and sustainability, while the protected charging port ensures longevity. With its three-position side-mounted switch, this portable work light adapts to any job, whether you\u2019re tackling repairs or exploring the outdoors. Lightweight, portable, and built for performance, the Cat garage LED work light is your ultimate tool for reliable illumination.","og_url":"https:\/\/ksproducts.ca\/fr\/product\/lampe-de-travail-led-rechargeable-pour-garage-cat-570-lumens\/","og_site_name":"Ks Products","article_modified_time":"2026-03-02T19:43:57+00:00","og_image":[{"width":679,"height":294,"url":"https:\/\/ksproducts.ca\/wp-content\/uploads\/2026\/02\/CT1105.jpg","type":"image\/jpeg"}],"twitter_card":"summary_large_image","twitter_misc":{"Estimation du temps de lecture":"2 minutes"},"schema":{"@context":"https:\/\/schema.org","@graph":[{"@type":"WebPage","@id":"https:\/\/ksproducts.ca\/product\/cat-garage-rechargeable-led-work-light-570-lumens\/","url":"https:\/\/ksproducts.ca\/product\/cat-garage-rechargeable-led-work-light-570-lumens\/","name":"Lampe de travail LED rechargeable Cat\u00ae \u2013 570 lumens \u2013 Ks Products","isPartOf":{"@id":"https:\/\/ksproducts.ca\/#website"},"primaryImageOfPage":{"@id":"https:\/\/ksproducts.ca\/product\/cat-garage-rechargeable-led-work-light-570-lumens\/#primaryimage"},"image":{"@id":"https:\/\/ksproducts.ca\/product\/cat-garage-rechargeable-led-work-light-570-lumens\/#primaryimage"},"thumbnailUrl":"https:\/\/ksproducts.ca\/wp-content\/uploads\/2026\/02\/CT1105.jpg","datePublished":"2026-02-12T19:30:52+00:00","dateModified":"2026-03-02T19:43:57+00:00","breadcrumb":{"@id":"https:\/\/ksproducts.ca\/product\/cat-garage-rechargeable-led-work-light-570-lumens\/#breadcrumb"},"inLanguage":"fr-CA","potentialAction":[{"@type":"ReadAction","target":["https:\/\/ksproducts.ca\/product\/cat-garage-rechargeable-led-work-light-570-lumens\/"]}]},{"@type":"ImageObject","inLanguage":"fr-CA","@id":"https:\/\/ksproducts.ca\/product\/cat-garage-rechargeable-led-work-light-570-lumens\/#primaryimage","url":"https:\/\/ksproducts.ca\/wp-content\/uploads\/2026\/02\/CT1105.jpg","contentUrl":"https:\/\/ksproducts.ca\/wp-content\/uploads\/2026\/02\/CT1105.jpg","width":679,"height":294,"caption":"Cat\u00ae Garage Rechargeable LED Work Light \u2013 570 Lumens"},{"@type":"BreadcrumbList","@id":"https:\/\/ksproducts.ca\/product\/cat-garage-rechargeable-led-work-light-570-lumens\/#breadcrumb","itemListElement":[{"@type":"ListItem","position":1,"name":"Home","item":"https:\/\/ksproducts.ca\/"},{"@type":"ListItem","position":2,"name":"Shop","item":"https:\/\/ksproducts.ca\/shop\/"},{"@type":"ListItem","position":3,"name":"Cat\u00ae Garage Rechargeable LED Work Light \u2013 570 Lumens"}]},{"@type":"WebSite","@id":"https:\/\/ksproducts.ca\/#website","url":"https:\/\/ksproducts.ca\/","name":"Produits Ks","description":"Cuisiner et vivre en plein air, c'est facile au Canada","publisher":{"@id":"https:\/\/ksproducts.ca\/#organization"},"potentialAction":[{"@type":"SearchAction","target":{"@type":"EntryPoint","urlTemplate":"https:\/\/ksproducts.ca\/?s={search_term_string}"},"query-input":{"@type":"PropertyValueSpecification","valueRequired":true,"valueName":"search_term_string"}}],"inLanguage":"fr-CA"},{"@type":"Organization","@id":"https:\/\/ksproducts.ca\/#organization","name":"Produits Ks","url":"https:\/\/ksproducts.ca\/","logo":{"@type":"ImageObject","inLanguage":"fr-CA","@id":"https:\/\/ksproducts.ca\/#\/schema\/logo\/image\/","url":"https:\/\/ksproducts.ca\/wp-content\/uploads\/2023\/09\/Kennedy-Sales-Logo-header-1.png","contentUrl":"https:\/\/ksproducts.ca\/wp-content\/uploads\/2023\/09\/Kennedy-Sales-Logo-header-1.png","width":150,"height":77,"caption":"Ks Products"},"image":{"@id":"https:\/\/ksproducts.ca\/#\/schema\/logo\/image\/"}}]}},"_links":{"self":[{"href":"https:\/\/ksproducts.ca\/fr\/wp-json\/wp\/v2\/product\/11061","targetHints":{"allow":["GET"]}}],"collection":[{"href":"https:\/\/ksproducts.ca\/fr\/wp-json\/wp\/v2\/product"}],"about":[{"href":"https:\/\/ksproducts.ca\/fr\/wp-json\/wp\/v2\/types\/product"}],"replies":[{"embeddable":true,"href":"https:\/\/ksproducts.ca\/fr\/wp-json\/wp\/v2\/comments?post=11061"}],"version-history":[{"count":1,"href":"https:\/\/ksproducts.ca\/fr\/wp-json\/wp\/v2\/product\/11061\/revisions"}],"predecessor-version":[{"id":11063,"href":"https:\/\/ksproducts.ca\/fr\/wp-json\/wp\/v2\/product\/11061\/revisions\/11063"}],"wp:featuredmedia":[{"embeddable":true,"href":"https:\/\/ksproducts.ca\/fr\/wp-json\/wp\/v2\/media\/11062"}],"wp:attachment":[{"href":"https:\/\/ksproducts.ca\/fr\/wp-json\/wp\/v2\/media?parent=11061"}],"wp:term":[{"taxonomy":"product_cat","embeddable":true,"href":"https:\/\/ksproducts.ca\/fr\/wp-json\/wp\/v2\/product_cat?post=11061"},{"taxonomy":"product_tag","embeddable":true,"href":"https:\/\/ksproducts.ca\/fr\/wp-json\/wp\/v2\/product_tag?post=11061"}],"curies":[{"name":"wp","href":"https:\/\/api.w.org\/{rel}","templated":true}]}}