{"id":11076,"date":"2026-02-12T19:52:34","date_gmt":"2026-02-12T19:52:34","guid":{"rendered":"https:\/\/ksproducts.ca\/?post_type=product&#038;p=11076"},"modified":"2026-03-02T19:36:53","modified_gmt":"2026-03-02T19:36:53","slug":"sangles-elastiques-plates-cat-12-pieces-avec-sac-de-rangement-a-crochets-de-securite","status":"publish","type":"product","link":"https:\/\/ksproducts.ca\/fr\/product\/cat-12-piece-flat-bungee-straps-with-safety-hooks-storage-bag\/","title":{"rendered":"Cat\u00ae 12-piece Flat Bungee Straps with Safety Hooks &amp; Storage Bag"},"content":{"rendered":"<ul>\n<li><strong>Parfait pour tous les travaux, qu'ils soient petits ou grands<\/strong>: Ceci\u00a0<strong>sangles \u00e9lastiques<\/strong>\u00a0l'ensemble comprend 12 cordes \u00e9lastiques de diff\u00e9rentes longueurs, ce qui permet de s\u00e9curiser facilement tout, des petits objets aux grosses cargaisons sur les voitures, les v\u00e9los ou les bateaux.<\/li>\n<li><strong>Design Plat pour la Protection<\/strong>: L'\u00e9lastique de 3\/4 pouce de large<strong>\u00a0sangles \u00e9lastiques plates<\/strong>\u00a0r\u00e9partissent uniform\u00e9ment la pression, de sorte que votre \u00e9quipement de valeur reste en s\u00e9curit\u00e9 sans \u00eatre ray\u00e9, bossel\u00e9 ou endommag\u00e9 pendant le transport.<\/li>\n<li><strong>Crochets robustes et s\u00fbrs pour une utilisation facile<\/strong>: Le\u00a0<strong>sangles \u00e9lastiques plates<\/strong>\u00a0sont dot\u00e9s de crochets en acier plastifi\u00e9 qui maintiennent les sangles fermement en place sans glisser ni rayer les surfaces. La conception du crochet \u00e0 doigt assure une prise ferme pour un serrage en toute s\u00e9curit\u00e9.<\/li>\n<li><strong>Con\u00e7u pour durer par tous les temps<\/strong>: Ces r\u00e9sistants aux UV et aux intemp\u00e9ries\u00a0<strong>sangles \u00e9lastiques avec crochets<\/strong>\u00a0sont suffisamment robustes pour r\u00e9sister \u00e0 la pluie, au soleil et \u00e0 toutes les conditions ext\u00e9rieures, garantissant des performances durables o\u00f9 que vous alliez.<\/li>\n<li><strong>Sac de rangement pratique inclus<\/strong>: Gardez vos sangles \u00e9lastiques nettes, organis\u00e9es et pr\u00eates \u00e0 l'emploi gr\u00e2ce au pratique\u00a0<strong>sac de rangement<\/strong>\u00a0inclus dans le lot \u2014 fini les c\u00e2bles perdus ou emm\u00eal\u00e9s !<\/li>\n<\/ul>","protected":false},"excerpt":{"rendered":"<p>Le jeu de 12 sangles \u00e9lastiques plates Cat vous permet de s\u00e9curiser votre chargement en toute s\u00e9r\u00e9nit\u00e9. Il s'agit de la solution id\u00e9ale pour r\u00e9pondre aux besoins de stockage et de transport polyvalents, fiables et durables. Avec 12 sandows de diff\u00e9rentes longueurs, cet ensemble de sangles plates Cat est la solution id\u00e9ale pour les besoins de stockage et de transport polyvalents, fiables et durables.\u00a0<strong>sangles \u00e9lastiques avec crochets\u00a0<\/strong>est parfait pour s\u00e9curiser une large gamme d'articles, des petites charges aux cargaisons volumineuses sur les voitures, les motos, les bateaux ou m\u00eame \u00e0 la maison. L'attache plate de 3\/4 de pouce\u00a0<strong>corde \u00e9lastique avec crochets<\/strong>\u00a0sont sp\u00e9cialement con\u00e7ues pour r\u00e9partir uniform\u00e9ment la pression, garantissant ainsi que vos articles restent en s\u00e9curit\u00e9 sans bosses, rayures ou dommages. Chaque cordon est \u00e9quip\u00e9 d'un c\u00e2ble en acier plastifi\u00e9.\u00a0<strong>crochets de s\u00e9curit\u00e9<\/strong>\u00a0qui s'agrippent fermement tout en prot\u00e9geant votre v\u00e9hicule ou votre \u00e9quipement des rayures. La conception du crochet pour les doigts facilite et s\u00e9curise la traction et le serrage, vous donnant un contr\u00f4le total sans glisser. Fabriqu\u00e9s avec des mat\u00e9riaux r\u00e9sistants aux UV et aux intemp\u00e9ries, ces cordons sont con\u00e7us pour r\u00e9sister aux conditions ext\u00e9rieures difficiles, garantissant ainsi des performances durables. Pour couronner le tout, les\u00a0<strong>sangles \u00e9lastiques<\/strong>\u00a0L'ensemble comprend un sac de rangement pratique, pour que vos sandows restent organis\u00e9s et ne s'emm\u00ealent pas, pr\u00eats \u00e0 l'emploi.<\/p>","protected":false},"featured_media":11077,"comment_status":"open","ping_status":"closed","template":"","meta":[],"product_cat":[430,451],"product_tag":[],"class_list":{"0":"post-11076","1":"product","2":"type-product","3":"status-publish","4":"has-post-thumbnail","6":"product_brand-cat","7":"product_cat-automotive-gear","8":"product_cat-tools-equipment","9":"product_shipping_class-class-1","11":"first","12":"instock","13":"taxable","14":"shipping-taxable","15":"purchasable","16":"product-type-simple"},"yoast_head":"<!-- This site is optimized with the Yoast SEO plugin v27.4 - https:\/\/yoast.com\/product\/yoast-seo-wordpress\/ -->\n<title>Cat\u00ae 12-piece Flat Bungee Straps with Safety Hooks &amp; Storage Bag - Ks Products<\/title>\n<meta name=\"robots\" content=\"index, follow, max-snippet:-1, max-image-preview:large, max-video-preview:-1\" \/>\n<link rel=\"canonical\" href=\"https:\/\/ksproducts.ca\/fr\/product\/sangles-elastiques-plates-cat-12-pieces-avec-sac-de-rangement-a-crochets-de-securite\/\" \/>\n<meta property=\"og:locale\" content=\"fr_CA\" \/>\n<meta property=\"og:type\" content=\"article\" \/>\n<meta property=\"og:title\" content=\"Cat\u00ae 12-piece Flat Bungee Straps with Safety Hooks &amp; Storage Bag - Ks Products\" \/>\n<meta property=\"og:description\" content=\"Take the stress out of securing your cargo with the Cat 12-piece flat bungee strap set\u2014your go-to solution for versatile, reliable, and durable storage and transport needs. With 12 bungee cords of different lengths, this set of\u00a0bungee straps with hooks\u00a0is perfect for securing a wide range of items, from small loads to bulky cargo on cars, motorcycles, boats, or even at home. The flat 3\/4-inch\u00a0bungee rope with hooks\u00a0are specially designed to evenly distribute pressure, ensuring your items stay secure without any dents, scratches, or damage. Each cord is fitted with plastic-coated steel\u00a0safety hooks\u00a0that grip tightly while protecting your vehicle or gear from scratches. The added finger hook design makes pulling and tightening easier and safer, giving you full control without slipping. Made with UV and weather-resistant materials, these cords are built to withstand harsh outdoor conditions, ensuring long-lasting performance. To top it off, the\u00a0bungee straps\u00a0set includes a practical storage bag, so your bungee cords stay organized and tangle-free, ready whenever you need them.\" \/>\n<meta property=\"og:url\" content=\"https:\/\/ksproducts.ca\/fr\/product\/sangles-elastiques-plates-cat-12-pieces-avec-sac-de-rangement-a-crochets-de-securite\/\" \/>\n<meta property=\"og:site_name\" content=\"Ks Products\" \/>\n<meta property=\"article:modified_time\" content=\"2026-03-02T19:36:53+00:00\" \/>\n<meta property=\"og:image\" content=\"https:\/\/ksproducts.ca\/wp-content\/uploads\/2026\/02\/240334_main.jpg\" \/>\n\t<meta property=\"og:image:width\" content=\"600\" \/>\n\t<meta property=\"og:image:height\" content=\"600\" \/>\n\t<meta property=\"og:image:type\" content=\"image\/jpeg\" \/>\n<meta name=\"twitter:card\" content=\"summary_large_image\" \/>\n<meta name=\"twitter:label1\" content=\"Estimation du temps de lecture\" \/>\n\t<meta name=\"twitter:data1\" content=\"1 minute\" \/>\n<script type=\"application\/ld+json\" class=\"yoast-schema-graph\">{\"@context\":\"https:\\\/\\\/schema.org\",\"@graph\":[{\"@type\":\"WebPage\",\"@id\":\"https:\\\/\\\/ksproducts.ca\\\/product\\\/cat-12-piece-flat-bungee-straps-with-safety-hooks-storage-bag\\\/\",\"url\":\"https:\\\/\\\/ksproducts.ca\\\/product\\\/cat-12-piece-flat-bungee-straps-with-safety-hooks-storage-bag\\\/\",\"name\":\"Cat\u00ae 12-piece Flat Bungee Straps with Safety Hooks & Storage Bag - Ks Products\",\"isPartOf\":{\"@id\":\"https:\\\/\\\/ksproducts.ca\\\/#website\"},\"primaryImageOfPage\":{\"@id\":\"https:\\\/\\\/ksproducts.ca\\\/product\\\/cat-12-piece-flat-bungee-straps-with-safety-hooks-storage-bag\\\/#primaryimage\"},\"image\":{\"@id\":\"https:\\\/\\\/ksproducts.ca\\\/product\\\/cat-12-piece-flat-bungee-straps-with-safety-hooks-storage-bag\\\/#primaryimage\"},\"thumbnailUrl\":\"https:\\\/\\\/ksproducts.ca\\\/wp-content\\\/uploads\\\/2026\\\/02\\\/240334_main.jpg\",\"datePublished\":\"2026-02-12T19:52:34+00:00\",\"dateModified\":\"2026-03-02T19:36:53+00:00\",\"breadcrumb\":{\"@id\":\"https:\\\/\\\/ksproducts.ca\\\/product\\\/cat-12-piece-flat-bungee-straps-with-safety-hooks-storage-bag\\\/#breadcrumb\"},\"inLanguage\":\"fr-CA\",\"potentialAction\":[{\"@type\":\"ReadAction\",\"target\":[\"https:\\\/\\\/ksproducts.ca\\\/product\\\/cat-12-piece-flat-bungee-straps-with-safety-hooks-storage-bag\\\/\"]}]},{\"@type\":\"ImageObject\",\"inLanguage\":\"fr-CA\",\"@id\":\"https:\\\/\\\/ksproducts.ca\\\/product\\\/cat-12-piece-flat-bungee-straps-with-safety-hooks-storage-bag\\\/#primaryimage\",\"url\":\"https:\\\/\\\/ksproducts.ca\\\/wp-content\\\/uploads\\\/2026\\\/02\\\/240334_main.jpg\",\"contentUrl\":\"https:\\\/\\\/ksproducts.ca\\\/wp-content\\\/uploads\\\/2026\\\/02\\\/240334_main.jpg\",\"width\":600,\"height\":600,\"caption\":\"Cat\u00ae 12-piece Flat Bungee Straps with Safety Hooks & Storage Bag\"},{\"@type\":\"BreadcrumbList\",\"@id\":\"https:\\\/\\\/ksproducts.ca\\\/product\\\/cat-12-piece-flat-bungee-straps-with-safety-hooks-storage-bag\\\/#breadcrumb\",\"itemListElement\":[{\"@type\":\"ListItem\",\"position\":1,\"name\":\"Home\",\"item\":\"https:\\\/\\\/ksproducts.ca\\\/\"},{\"@type\":\"ListItem\",\"position\":2,\"name\":\"Shop\",\"item\":\"https:\\\/\\\/ksproducts.ca\\\/shop\\\/\"},{\"@type\":\"ListItem\",\"position\":3,\"name\":\"Cat\u00ae 12-piece Flat Bungee Straps with Safety Hooks &#038; Storage Bag\"}]},{\"@type\":\"WebSite\",\"@id\":\"https:\\\/\\\/ksproducts.ca\\\/#website\",\"url\":\"https:\\\/\\\/ksproducts.ca\\\/\",\"name\":\"Ks Products\",\"description\":\"Outdoor cooking and living, made easy in Canada\",\"publisher\":{\"@id\":\"https:\\\/\\\/ksproducts.ca\\\/#organization\"},\"potentialAction\":[{\"@type\":\"SearchAction\",\"target\":{\"@type\":\"EntryPoint\",\"urlTemplate\":\"https:\\\/\\\/ksproducts.ca\\\/?s={search_term_string}\"},\"query-input\":{\"@type\":\"PropertyValueSpecification\",\"valueRequired\":true,\"valueName\":\"search_term_string\"}}],\"inLanguage\":\"fr-CA\"},{\"@type\":\"Organization\",\"@id\":\"https:\\\/\\\/ksproducts.ca\\\/#organization\",\"name\":\"Ks Products\",\"url\":\"https:\\\/\\\/ksproducts.ca\\\/\",\"logo\":{\"@type\":\"ImageObject\",\"inLanguage\":\"fr-CA\",\"@id\":\"https:\\\/\\\/ksproducts.ca\\\/#\\\/schema\\\/logo\\\/image\\\/\",\"url\":\"https:\\\/\\\/ksproducts.ca\\\/wp-content\\\/uploads\\\/2023\\\/09\\\/Kennedy-Sales-Logo-header-1.png\",\"contentUrl\":\"https:\\\/\\\/ksproducts.ca\\\/wp-content\\\/uploads\\\/2023\\\/09\\\/Kennedy-Sales-Logo-header-1.png\",\"width\":150,\"height\":77,\"caption\":\"Ks Products\"},\"image\":{\"@id\":\"https:\\\/\\\/ksproducts.ca\\\/#\\\/schema\\\/logo\\\/image\\\/\"}}]}<\/script>\n<!-- \/ Yoast SEO plugin. -->","yoast_head_json":{"title":"Sangles \u00e9lastiques plates Cat\u00ae 12 pi\u00e8ces avec crochets de s\u00e9curit\u00e9 et sac de rangement - Produits Ks","robots":{"index":"index","follow":"follow","max-snippet":"max-snippet:-1","max-image-preview":"max-image-preview:large","max-video-preview":"max-video-preview:-1"},"canonical":"https:\/\/ksproducts.ca\/fr\/product\/sangles-elastiques-plates-cat-12-pieces-avec-sac-de-rangement-a-crochets-de-securite\/","og_locale":"fr_CA","og_type":"article","og_title":"Cat\u00ae 12-piece Flat Bungee Straps with Safety Hooks & Storage Bag - Ks Products","og_description":"Take the stress out of securing your cargo with the Cat 12-piece flat bungee strap set\u2014your go-to solution for versatile, reliable, and durable storage and transport needs. With 12 bungee cords of different lengths, this set of\u00a0bungee straps with hooks\u00a0is perfect for securing a wide range of items, from small loads to bulky cargo on cars, motorcycles, boats, or even at home. The flat 3\/4-inch\u00a0bungee rope with hooks\u00a0are specially designed to evenly distribute pressure, ensuring your items stay secure without any dents, scratches, or damage. Each cord is fitted with plastic-coated steel\u00a0safety hooks\u00a0that grip tightly while protecting your vehicle or gear from scratches. The added finger hook design makes pulling and tightening easier and safer, giving you full control without slipping. Made with UV and weather-resistant materials, these cords are built to withstand harsh outdoor conditions, ensuring long-lasting performance. To top it off, the\u00a0bungee straps\u00a0set includes a practical storage bag, so your bungee cords stay organized and tangle-free, ready whenever you need them.","og_url":"https:\/\/ksproducts.ca\/fr\/product\/sangles-elastiques-plates-cat-12-pieces-avec-sac-de-rangement-a-crochets-de-securite\/","og_site_name":"Ks Products","article_modified_time":"2026-03-02T19:36:53+00:00","og_image":[{"width":600,"height":600,"url":"https:\/\/ksproducts.ca\/wp-content\/uploads\/2026\/02\/240334_main.jpg","type":"image\/jpeg"}],"twitter_card":"summary_large_image","twitter_misc":{"Estimation du temps de lecture":"1 minute"},"schema":{"@context":"https:\/\/schema.org","@graph":[{"@type":"WebPage","@id":"https:\/\/ksproducts.ca\/product\/cat-12-piece-flat-bungee-straps-with-safety-hooks-storage-bag\/","url":"https:\/\/ksproducts.ca\/product\/cat-12-piece-flat-bungee-straps-with-safety-hooks-storage-bag\/","name":"Sangles \u00e9lastiques plates Cat\u00ae 12 pi\u00e8ces avec crochets de s\u00e9curit\u00e9 et sac de rangement - Produits Ks","isPartOf":{"@id":"https:\/\/ksproducts.ca\/#website"},"primaryImageOfPage":{"@id":"https:\/\/ksproducts.ca\/product\/cat-12-piece-flat-bungee-straps-with-safety-hooks-storage-bag\/#primaryimage"},"image":{"@id":"https:\/\/ksproducts.ca\/product\/cat-12-piece-flat-bungee-straps-with-safety-hooks-storage-bag\/#primaryimage"},"thumbnailUrl":"https:\/\/ksproducts.ca\/wp-content\/uploads\/2026\/02\/240334_main.jpg","datePublished":"2026-02-12T19:52:34+00:00","dateModified":"2026-03-02T19:36:53+00:00","breadcrumb":{"@id":"https:\/\/ksproducts.ca\/product\/cat-12-piece-flat-bungee-straps-with-safety-hooks-storage-bag\/#breadcrumb"},"inLanguage":"fr-CA","potentialAction":[{"@type":"ReadAction","target":["https:\/\/ksproducts.ca\/product\/cat-12-piece-flat-bungee-straps-with-safety-hooks-storage-bag\/"]}]},{"@type":"ImageObject","inLanguage":"fr-CA","@id":"https:\/\/ksproducts.ca\/product\/cat-12-piece-flat-bungee-straps-with-safety-hooks-storage-bag\/#primaryimage","url":"https:\/\/ksproducts.ca\/wp-content\/uploads\/2026\/02\/240334_main.jpg","contentUrl":"https:\/\/ksproducts.ca\/wp-content\/uploads\/2026\/02\/240334_main.jpg","width":600,"height":600,"caption":"Cat\u00ae 12-piece Flat Bungee Straps with Safety Hooks & Storage Bag"},{"@type":"BreadcrumbList","@id":"https:\/\/ksproducts.ca\/product\/cat-12-piece-flat-bungee-straps-with-safety-hooks-storage-bag\/#breadcrumb","itemListElement":[{"@type":"ListItem","position":1,"name":"Home","item":"https:\/\/ksproducts.ca\/"},{"@type":"ListItem","position":2,"name":"Shop","item":"https:\/\/ksproducts.ca\/shop\/"},{"@type":"ListItem","position":3,"name":"Cat\u00ae 12-piece Flat Bungee Straps with Safety Hooks &#038; Storage Bag"}]},{"@type":"WebSite","@id":"https:\/\/ksproducts.ca\/#website","url":"https:\/\/ksproducts.ca\/","name":"Produits Ks","description":"Cuisiner et vivre en plein air, c'est facile au Canada","publisher":{"@id":"https:\/\/ksproducts.ca\/#organization"},"potentialAction":[{"@type":"SearchAction","target":{"@type":"EntryPoint","urlTemplate":"https:\/\/ksproducts.ca\/?s={search_term_string}"},"query-input":{"@type":"PropertyValueSpecification","valueRequired":true,"valueName":"search_term_string"}}],"inLanguage":"fr-CA"},{"@type":"Organization","@id":"https:\/\/ksproducts.ca\/#organization","name":"Produits Ks","url":"https:\/\/ksproducts.ca\/","logo":{"@type":"ImageObject","inLanguage":"fr-CA","@id":"https:\/\/ksproducts.ca\/#\/schema\/logo\/image\/","url":"https:\/\/ksproducts.ca\/wp-content\/uploads\/2023\/09\/Kennedy-Sales-Logo-header-1.png","contentUrl":"https:\/\/ksproducts.ca\/wp-content\/uploads\/2023\/09\/Kennedy-Sales-Logo-header-1.png","width":150,"height":77,"caption":"Ks Products"},"image":{"@id":"https:\/\/ksproducts.ca\/#\/schema\/logo\/image\/"}}]}},"_links":{"self":[{"href":"https:\/\/ksproducts.ca\/fr\/wp-json\/wp\/v2\/product\/11076","targetHints":{"allow":["GET"]}}],"collection":[{"href":"https:\/\/ksproducts.ca\/fr\/wp-json\/wp\/v2\/product"}],"about":[{"href":"https:\/\/ksproducts.ca\/fr\/wp-json\/wp\/v2\/types\/product"}],"replies":[{"embeddable":true,"href":"https:\/\/ksproducts.ca\/fr\/wp-json\/wp\/v2\/comments?post=11076"}],"version-history":[{"count":1,"href":"https:\/\/ksproducts.ca\/fr\/wp-json\/wp\/v2\/product\/11076\/revisions"}],"predecessor-version":[{"id":11078,"href":"https:\/\/ksproducts.ca\/fr\/wp-json\/wp\/v2\/product\/11076\/revisions\/11078"}],"wp:featuredmedia":[{"embeddable":true,"href":"https:\/\/ksproducts.ca\/fr\/wp-json\/wp\/v2\/media\/11077"}],"wp:attachment":[{"href":"https:\/\/ksproducts.ca\/fr\/wp-json\/wp\/v2\/media?parent=11076"}],"wp:term":[{"taxonomy":"product_cat","embeddable":true,"href":"https:\/\/ksproducts.ca\/fr\/wp-json\/wp\/v2\/product_cat?post=11076"},{"taxonomy":"product_tag","embeddable":true,"href":"https:\/\/ksproducts.ca\/fr\/wp-json\/wp\/v2\/product_tag?post=11076"}],"curies":[{"name":"wp","href":"https:\/\/api.w.org\/{rel}","templated":true}]}}