{"id":11079,"date":"2026-02-12T20:01:35","date_gmt":"2026-02-12T20:01:35","guid":{"rendered":"https:\/\/ksproducts.ca\/?post_type=product&#038;p=11079"},"modified":"2026-03-02T18:54:11","modified_gmt":"2026-03-02T18:54:11","slug":"sangle-a-cliquet-robuste-reglable-de-15-pieds","status":"publish","type":"product","link":"https:\/\/ksproducts.ca\/fr\/product\/cat-15ft-heavy-duty-adjustable-ratchet-tie-down\/","title":{"rendered":"Cat\u00ae 15ft Heavy-Duty Adjustable Ratchet Tie Down"},"content":{"rendered":"<p><strong>R\u00e9sistance in\u00e9gal\u00e9e pour les charges lourdes<\/strong>: L'attache \u00e0 cliquet d\u00e9livre une puissante<strong>\u00a0Force de travail de 1 667 livres et force de rupture incroyable de 5 000 livres<\/strong>, Cette sangle est con\u00e7ue pour garantir une fixation s\u00fbre de votre chargement, m\u00eame lors des t\u00e2ches les plus exigeantes. Que vous transportiez des meubles lourds, des VTT ou de grandes caisses, cette sangle robuste est con\u00e7ue pour offrir une fiabilit\u00e9 sup\u00e9rieure \u00e0 chaque chargement.<\/p>\n<p><strong>Con\u00e7u pour fonctionner partout<\/strong>Fabriqu\u00e9 \u00e0 partir de\u00a0<strong>mat\u00e9riaux de premi\u00e8re qualit\u00e9 et composants en acier robustes<\/strong>, L'arrimage \u00e0 cliquet r\u00e9glable est con\u00e7u pour r\u00e9sister aux environnements difficiles et \u00e0 une utilisation intensive. Il est con\u00e7u pour r\u00e9pondre \u00e0 une large gamme d'applications, garantissant des performances constantes o\u00f9 que vous alliez.<\/p>\n<p><strong>Crochets recouverts de caoutchouc protecteur :\u00a0<\/strong>Con\u00e7us pour prot\u00e9ger \u00e0 la fois votre chargement et votre v\u00e9hicule, les crochets en acier robuste sont recouverts de caoutchouc pour \u00e9viter les rayures, les \u00e9raflures ou tout autre dommage potentiel. En outre, le crochet souple int\u00e9gr\u00e9 offre une protection suppl\u00e9mentaire, ce qui rend cet arrimage \u00e0 cliquet id\u00e9al pour s\u00e9curiser les objets d\u00e9licats ou de grande valeur sans inqui\u00e9tude.<\/p>\n<p><strong>Poign\u00e9e \u00e0 cliquet ergonomique et antid\u00e9rapante<\/strong>le : La poign\u00e9e \u00e0 cliquet surdimensionn\u00e9e est dot\u00e9e d'un rev\u00eatement en caoutchouc et d'une prise ergonomique pour un confort accru et des performances antid\u00e9rapantes. Qu'il s'agisse de serrer la sangle ou de la desserrer apr\u00e8s un long voyage, la poign\u00e9e bien con\u00e7ue rend l'utilisation facile et efficace, m\u00eame dans des conditions difficiles.<\/p>","protected":false},"excerpt":{"rendered":"<p>S\u00e9curisez votre chargement en toute confiance gr\u00e2ce au\u00a0<strong>Attache \u00e0 cliquet de 15 pieds Cat avec crochets recouverts de caoutchouc.<\/strong>\u00a0Dot\u00e9 d'une sangle de 15 pieds de long et de 2 pouces de large, cet arrimage robuste offre une r\u00e9sistance impressionnante de 1 667 livres et une r\u00e9sistance \u00e0 la rupture de 5 000 livres. \u00c9quip\u00e9e d'un double crochet en J pour plus de fiabilit\u00e9, c'est la solution id\u00e9ale pour transporter en toute s\u00e9curit\u00e9 des articles lourds et encombrants. Cette sangle robuste n'est pas seulement r\u00e9sistante, elle est aussi con\u00e7ue pour la commodit\u00e9 et la s\u00e9curit\u00e9. Les crochets rev\u00eatus de caoutchouc et le crochet souple int\u00e9gr\u00e9 \u00e9vitent les rayures et les \u00e9raflures, prot\u00e9geant ainsi votre chargement et votre v\u00e9hicule. La poign\u00e9e \u00e0 cliquet ergonomique rev\u00eatue de caoutchouc assure une prise confortable et antid\u00e9rapante, ce qui facilite les r\u00e9glages. Parfait pour une vari\u00e9t\u00e9 d'applications, cet arrimage \u00e0 cliquet r\u00e9glable est la solution id\u00e9ale pour d\u00e9placer des meubles, s\u00e9curiser des \u00e9quipements sportifs, attacher des VTT ou transporter des planches de surf, des motos et bien plus encore.<\/p>","protected":false},"featured_media":11080,"comment_status":"open","ping_status":"closed","template":"","meta":[],"product_cat":[430,431,451],"product_tag":[],"class_list":{"0":"post-11079","1":"product","2":"type-product","3":"status-publish","4":"has-post-thumbnail","6":"product_brand-cat","7":"product_cat-automotive-gear","8":"product_cat-camping-rv-essentials","9":"product_cat-tools-equipment","10":"product_shipping_class-class-1","12":"first","13":"instock","14":"taxable","15":"shipping-taxable","16":"purchasable","17":"product-type-simple"},"yoast_head":"<!-- This site is optimized with the Yoast SEO plugin v27.4 - https:\/\/yoast.com\/product\/yoast-seo-wordpress\/ -->\n<title>Cat\u00ae 15ft Heavy-Duty Adjustable Ratchet Tie Down - Ks Products<\/title>\n<meta name=\"robots\" content=\"index, follow, max-snippet:-1, max-image-preview:large, max-video-preview:-1\" \/>\n<link rel=\"canonical\" href=\"https:\/\/ksproducts.ca\/fr\/product\/sangle-a-cliquet-robuste-reglable-de-15-pieds\/\" \/>\n<meta property=\"og:locale\" content=\"fr_CA\" \/>\n<meta property=\"og:type\" content=\"article\" \/>\n<meta property=\"og:title\" content=\"Cat\u00ae 15ft Heavy-Duty Adjustable Ratchet Tie Down - Ks Products\" \/>\n<meta property=\"og:description\" content=\"Secure your cargo with confidence using the\u00a0Cat 15ft ratchet tie down with rubber-coated hooks.\u00a0Featuring a 15-foot-long, 2-inch-wide strap, this heavy-duty tie down offers an impressive working strength of 1,667 pounds and a breaking strength of 5,000 pounds. Equipped with a double J hook for added reliability, it\u2019s the ideal solution for secure transportation of heavy and bulky items. This heavy-duty strap isn\u2019t just tough\u2014it\u2019s designed for convenience and safety. The rubber-coated hooks and built-in soft hook prevent scratches or scuffs, protecting both your cargo and your vehicle. The ergonomic, rubber-coated ratchet handle ensures a comfortable and slip-resistant grip, making adjustments effortless. Perfect for a variety of applications, this adjustable ratchet tie down is your go-to solution for moving furniture, securing sports gear, tying down ATVs, or transporting surfboards, motorcycles, and more.\" \/>\n<meta property=\"og:url\" content=\"https:\/\/ksproducts.ca\/fr\/product\/sangle-a-cliquet-robuste-reglable-de-15-pieds\/\" \/>\n<meta property=\"og:site_name\" content=\"Ks Products\" \/>\n<meta property=\"article:modified_time\" content=\"2026-03-02T18:54:11+00:00\" \/>\n<meta property=\"og:image\" content=\"https:\/\/ksproducts.ca\/wp-content\/uploads\/2026\/02\/Screenshot-2025-06-03-114010-1.png\" \/>\n\t<meta property=\"og:image:width\" content=\"567\" \/>\n\t<meta property=\"og:image:height\" content=\"483\" \/>\n\t<meta property=\"og:image:type\" content=\"image\/png\" \/>\n<meta name=\"twitter:card\" content=\"summary_large_image\" \/>\n<meta name=\"twitter:label1\" content=\"Estimation du temps de lecture\" \/>\n\t<meta name=\"twitter:data1\" content=\"2 minutes\" \/>\n<script type=\"application\/ld+json\" class=\"yoast-schema-graph\">{\"@context\":\"https:\\\/\\\/schema.org\",\"@graph\":[{\"@type\":\"WebPage\",\"@id\":\"https:\\\/\\\/ksproducts.ca\\\/product\\\/cat-15ft-heavy-duty-adjustable-ratchet-tie-down\\\/\",\"url\":\"https:\\\/\\\/ksproducts.ca\\\/product\\\/cat-15ft-heavy-duty-adjustable-ratchet-tie-down\\\/\",\"name\":\"Cat\u00ae 15ft Heavy-Duty Adjustable Ratchet Tie Down - Ks Products\",\"isPartOf\":{\"@id\":\"https:\\\/\\\/ksproducts.ca\\\/#website\"},\"primaryImageOfPage\":{\"@id\":\"https:\\\/\\\/ksproducts.ca\\\/product\\\/cat-15ft-heavy-duty-adjustable-ratchet-tie-down\\\/#primaryimage\"},\"image\":{\"@id\":\"https:\\\/\\\/ksproducts.ca\\\/product\\\/cat-15ft-heavy-duty-adjustable-ratchet-tie-down\\\/#primaryimage\"},\"thumbnailUrl\":\"https:\\\/\\\/ksproducts.ca\\\/wp-content\\\/uploads\\\/2026\\\/02\\\/Screenshot-2025-06-03-114010-1.png\",\"datePublished\":\"2026-02-12T20:01:35+00:00\",\"dateModified\":\"2026-03-02T18:54:11+00:00\",\"breadcrumb\":{\"@id\":\"https:\\\/\\\/ksproducts.ca\\\/product\\\/cat-15ft-heavy-duty-adjustable-ratchet-tie-down\\\/#breadcrumb\"},\"inLanguage\":\"fr-CA\",\"potentialAction\":[{\"@type\":\"ReadAction\",\"target\":[\"https:\\\/\\\/ksproducts.ca\\\/product\\\/cat-15ft-heavy-duty-adjustable-ratchet-tie-down\\\/\"]}]},{\"@type\":\"ImageObject\",\"inLanguage\":\"fr-CA\",\"@id\":\"https:\\\/\\\/ksproducts.ca\\\/product\\\/cat-15ft-heavy-duty-adjustable-ratchet-tie-down\\\/#primaryimage\",\"url\":\"https:\\\/\\\/ksproducts.ca\\\/wp-content\\\/uploads\\\/2026\\\/02\\\/Screenshot-2025-06-03-114010-1.png\",\"contentUrl\":\"https:\\\/\\\/ksproducts.ca\\\/wp-content\\\/uploads\\\/2026\\\/02\\\/Screenshot-2025-06-03-114010-1.png\",\"width\":567,\"height\":483,\"caption\":\"Cat\u00ae 15ft Heavy-Duty Adjustable Ratchet Tie Down\"},{\"@type\":\"BreadcrumbList\",\"@id\":\"https:\\\/\\\/ksproducts.ca\\\/product\\\/cat-15ft-heavy-duty-adjustable-ratchet-tie-down\\\/#breadcrumb\",\"itemListElement\":[{\"@type\":\"ListItem\",\"position\":1,\"name\":\"Home\",\"item\":\"https:\\\/\\\/ksproducts.ca\\\/\"},{\"@type\":\"ListItem\",\"position\":2,\"name\":\"Shop\",\"item\":\"https:\\\/\\\/ksproducts.ca\\\/shop\\\/\"},{\"@type\":\"ListItem\",\"position\":3,\"name\":\"Cat\u00ae 15ft Heavy-Duty Adjustable Ratchet Tie Down\"}]},{\"@type\":\"WebSite\",\"@id\":\"https:\\\/\\\/ksproducts.ca\\\/#website\",\"url\":\"https:\\\/\\\/ksproducts.ca\\\/\",\"name\":\"Ks Products\",\"description\":\"Outdoor cooking and living, made easy in Canada\",\"publisher\":{\"@id\":\"https:\\\/\\\/ksproducts.ca\\\/#organization\"},\"potentialAction\":[{\"@type\":\"SearchAction\",\"target\":{\"@type\":\"EntryPoint\",\"urlTemplate\":\"https:\\\/\\\/ksproducts.ca\\\/?s={search_term_string}\"},\"query-input\":{\"@type\":\"PropertyValueSpecification\",\"valueRequired\":true,\"valueName\":\"search_term_string\"}}],\"inLanguage\":\"fr-CA\"},{\"@type\":\"Organization\",\"@id\":\"https:\\\/\\\/ksproducts.ca\\\/#organization\",\"name\":\"Ks Products\",\"url\":\"https:\\\/\\\/ksproducts.ca\\\/\",\"logo\":{\"@type\":\"ImageObject\",\"inLanguage\":\"fr-CA\",\"@id\":\"https:\\\/\\\/ksproducts.ca\\\/#\\\/schema\\\/logo\\\/image\\\/\",\"url\":\"https:\\\/\\\/ksproducts.ca\\\/wp-content\\\/uploads\\\/2023\\\/09\\\/Kennedy-Sales-Logo-header-1.png\",\"contentUrl\":\"https:\\\/\\\/ksproducts.ca\\\/wp-content\\\/uploads\\\/2023\\\/09\\\/Kennedy-Sales-Logo-header-1.png\",\"width\":150,\"height\":77,\"caption\":\"Ks Products\"},\"image\":{\"@id\":\"https:\\\/\\\/ksproducts.ca\\\/#\\\/schema\\\/logo\\\/image\\\/\"}}]}<\/script>\n<!-- \/ Yoast SEO plugin. -->","yoast_head_json":{"title":"Sangle d'arrimage \u00e0 cliquet robuste et r\u00e9glable Cat\u00ae 4,6 m - Ks Products","robots":{"index":"index","follow":"follow","max-snippet":"max-snippet:-1","max-image-preview":"max-image-preview:large","max-video-preview":"max-video-preview:-1"},"canonical":"https:\/\/ksproducts.ca\/fr\/product\/sangle-a-cliquet-robuste-reglable-de-15-pieds\/","og_locale":"fr_CA","og_type":"article","og_title":"Cat\u00ae 15ft Heavy-Duty Adjustable Ratchet Tie Down - Ks Products","og_description":"Secure your cargo with confidence using the\u00a0Cat 15ft ratchet tie down with rubber-coated hooks.\u00a0Featuring a 15-foot-long, 2-inch-wide strap, this heavy-duty tie down offers an impressive working strength of 1,667 pounds and a breaking strength of 5,000 pounds. Equipped with a double J hook for added reliability, it\u2019s the ideal solution for secure transportation of heavy and bulky items. This heavy-duty strap isn\u2019t just tough\u2014it\u2019s designed for convenience and safety. The rubber-coated hooks and built-in soft hook prevent scratches or scuffs, protecting both your cargo and your vehicle. The ergonomic, rubber-coated ratchet handle ensures a comfortable and slip-resistant grip, making adjustments effortless. Perfect for a variety of applications, this adjustable ratchet tie down is your go-to solution for moving furniture, securing sports gear, tying down ATVs, or transporting surfboards, motorcycles, and more.","og_url":"https:\/\/ksproducts.ca\/fr\/product\/sangle-a-cliquet-robuste-reglable-de-15-pieds\/","og_site_name":"Ks Products","article_modified_time":"2026-03-02T18:54:11+00:00","og_image":[{"width":567,"height":483,"url":"https:\/\/ksproducts.ca\/wp-content\/uploads\/2026\/02\/Screenshot-2025-06-03-114010-1.png","type":"image\/png"}],"twitter_card":"summary_large_image","twitter_misc":{"Estimation du temps de lecture":"2 minutes"},"schema":{"@context":"https:\/\/schema.org","@graph":[{"@type":"WebPage","@id":"https:\/\/ksproducts.ca\/product\/cat-15ft-heavy-duty-adjustable-ratchet-tie-down\/","url":"https:\/\/ksproducts.ca\/product\/cat-15ft-heavy-duty-adjustable-ratchet-tie-down\/","name":"Sangle d'arrimage \u00e0 cliquet robuste et r\u00e9glable Cat\u00ae 4,6 m - Ks Products","isPartOf":{"@id":"https:\/\/ksproducts.ca\/#website"},"primaryImageOfPage":{"@id":"https:\/\/ksproducts.ca\/product\/cat-15ft-heavy-duty-adjustable-ratchet-tie-down\/#primaryimage"},"image":{"@id":"https:\/\/ksproducts.ca\/product\/cat-15ft-heavy-duty-adjustable-ratchet-tie-down\/#primaryimage"},"thumbnailUrl":"https:\/\/ksproducts.ca\/wp-content\/uploads\/2026\/02\/Screenshot-2025-06-03-114010-1.png","datePublished":"2026-02-12T20:01:35+00:00","dateModified":"2026-03-02T18:54:11+00:00","breadcrumb":{"@id":"https:\/\/ksproducts.ca\/product\/cat-15ft-heavy-duty-adjustable-ratchet-tie-down\/#breadcrumb"},"inLanguage":"fr-CA","potentialAction":[{"@type":"ReadAction","target":["https:\/\/ksproducts.ca\/product\/cat-15ft-heavy-duty-adjustable-ratchet-tie-down\/"]}]},{"@type":"ImageObject","inLanguage":"fr-CA","@id":"https:\/\/ksproducts.ca\/product\/cat-15ft-heavy-duty-adjustable-ratchet-tie-down\/#primaryimage","url":"https:\/\/ksproducts.ca\/wp-content\/uploads\/2026\/02\/Screenshot-2025-06-03-114010-1.png","contentUrl":"https:\/\/ksproducts.ca\/wp-content\/uploads\/2026\/02\/Screenshot-2025-06-03-114010-1.png","width":567,"height":483,"caption":"Cat\u00ae 15ft Heavy-Duty Adjustable Ratchet Tie Down"},{"@type":"BreadcrumbList","@id":"https:\/\/ksproducts.ca\/product\/cat-15ft-heavy-duty-adjustable-ratchet-tie-down\/#breadcrumb","itemListElement":[{"@type":"ListItem","position":1,"name":"Home","item":"https:\/\/ksproducts.ca\/"},{"@type":"ListItem","position":2,"name":"Shop","item":"https:\/\/ksproducts.ca\/shop\/"},{"@type":"ListItem","position":3,"name":"Cat\u00ae 15ft Heavy-Duty Adjustable Ratchet Tie Down"}]},{"@type":"WebSite","@id":"https:\/\/ksproducts.ca\/#website","url":"https:\/\/ksproducts.ca\/","name":"Produits Ks","description":"Cuisiner et vivre en plein air, c'est facile au Canada","publisher":{"@id":"https:\/\/ksproducts.ca\/#organization"},"potentialAction":[{"@type":"SearchAction","target":{"@type":"EntryPoint","urlTemplate":"https:\/\/ksproducts.ca\/?s={search_term_string}"},"query-input":{"@type":"PropertyValueSpecification","valueRequired":true,"valueName":"search_term_string"}}],"inLanguage":"fr-CA"},{"@type":"Organization","@id":"https:\/\/ksproducts.ca\/#organization","name":"Produits Ks","url":"https:\/\/ksproducts.ca\/","logo":{"@type":"ImageObject","inLanguage":"fr-CA","@id":"https:\/\/ksproducts.ca\/#\/schema\/logo\/image\/","url":"https:\/\/ksproducts.ca\/wp-content\/uploads\/2023\/09\/Kennedy-Sales-Logo-header-1.png","contentUrl":"https:\/\/ksproducts.ca\/wp-content\/uploads\/2023\/09\/Kennedy-Sales-Logo-header-1.png","width":150,"height":77,"caption":"Ks Products"},"image":{"@id":"https:\/\/ksproducts.ca\/#\/schema\/logo\/image\/"}}]}},"_links":{"self":[{"href":"https:\/\/ksproducts.ca\/fr\/wp-json\/wp\/v2\/product\/11079","targetHints":{"allow":["GET"]}}],"collection":[{"href":"https:\/\/ksproducts.ca\/fr\/wp-json\/wp\/v2\/product"}],"about":[{"href":"https:\/\/ksproducts.ca\/fr\/wp-json\/wp\/v2\/types\/product"}],"replies":[{"embeddable":true,"href":"https:\/\/ksproducts.ca\/fr\/wp-json\/wp\/v2\/comments?post=11079"}],"version-history":[{"count":1,"href":"https:\/\/ksproducts.ca\/fr\/wp-json\/wp\/v2\/product\/11079\/revisions"}],"predecessor-version":[{"id":11081,"href":"https:\/\/ksproducts.ca\/fr\/wp-json\/wp\/v2\/product\/11079\/revisions\/11081"}],"wp:featuredmedia":[{"embeddable":true,"href":"https:\/\/ksproducts.ca\/fr\/wp-json\/wp\/v2\/media\/11080"}],"wp:attachment":[{"href":"https:\/\/ksproducts.ca\/fr\/wp-json\/wp\/v2\/media?parent=11079"}],"wp:term":[{"taxonomy":"product_cat","embeddable":true,"href":"https:\/\/ksproducts.ca\/fr\/wp-json\/wp\/v2\/product_cat?post=11079"},{"taxonomy":"product_tag","embeddable":true,"href":"https:\/\/ksproducts.ca\/fr\/wp-json\/wp\/v2\/product_tag?post=11079"}],"curies":[{"name":"wp","href":"https:\/\/api.w.org\/{rel}","templated":true}]}}