{"id":11085,"date":"2026-02-12T20:05:54","date_gmt":"2026-02-12T20:05:54","guid":{"rendered":"https:\/\/ksproducts.ca\/?post_type=product&#038;p=11085"},"modified":"2026-03-02T19:43:15","modified_gmt":"2026-03-02T19:43:15","slug":"sangles-darrimage-a-cliquet-robustes-de-27-pieds-pour-chat-de-garage","status":"publish","type":"product","link":"https:\/\/ksproducts.ca\/fr\/product\/cat-garage-27-ft-heavy-duty-ratchet-tie-down-straps\/","title":{"rendered":"Cat\u00ae Garage - Sangles d'arrimage \u00e0 cliquet ultra-robustes de 27 pieds"},"content":{"rendered":"<p><strong>Une force et une capacit\u00e9 in\u00e9gal\u00e9es<\/strong>: Ces sangles de camion robustes pr\u00e9sentent une r\u00e9sistance impressionnante de 3 300 livres et une r\u00e9sistance \u00e0 la rupture de 10 000 livres, offrant une s\u00e9curit\u00e9 fiable m\u00eame pour les charges les plus lourdes. Parfaites pour les professionnels et les bricoleurs qui s'attaquent \u00e0 des t\u00e2ches de niveau industriel.<\/p>\n<p><strong>Port\u00e9e extra-longue et polyvalence<\/strong>: Avec 27 pieds de long et 2 pouces de large, ces longues sangles d'arrimage sont id\u00e9ales pour s\u00e9curiser les objets de grande taille tels que les meubles, les \u00e9quipements de sport, les motos, les VTT et bien plus encore, assurant ainsi un maintien fiable pendant le transport.<\/p>\n<p><strong>Manipulation confortable et antid\u00e9rapante :\u00a0<\/strong>La poign\u00e9e \u00e0 cliquet surdimensionn\u00e9e et recouverte de caoutchouc a \u00e9t\u00e9 con\u00e7ue dans un souci d'ergonomie. Elle offre une prise confortable et s\u00fbre qui r\u00e9duit la fatigue de la main pendant l'utilisation. Sa surface antid\u00e9rapante assure un contr\u00f4le maximal, m\u00eame dans des conditions humides ou graisseuses, ce qui vous permet d'ajuster et de s\u00e9curiser les charges avec pr\u00e9cision.<strong>.<\/strong><\/p>\n<p><strong>Des mat\u00e9riaux de premi\u00e8re qualit\u00e9 pour une durabilit\u00e9 \u00e0 toute \u00e9preuve<\/strong>: Fabriqu\u00e9es en polyester de qualit\u00e9 industrielle avec des crochets en J doubles en acier recouvert de PE, ces sangles \u00e0 cliquet industrielles sont con\u00e7ues pour r\u00e9sister \u00e0 l'usure et aux d\u00e9chirures, garantissant des performances constantes \u00e0 chaque utilisation.<\/p>\n<p><strong>Un design vibrant et pratique<\/strong>: La sangle jaune avec un anneau de d\u00e9verrouillage rouge et la poign\u00e9e noire moul\u00e9e par injection rendent ces bas de sangle \u00e0 cliquet faciles \u00e0 rep\u00e9rer et \u00e0 utiliser, m\u00eame dans des conditions de faible luminosit\u00e9.<\/p>","protected":false},"excerpt":{"rendered":"<p>Abordez le transport de charges lourdes en toute confiance gr\u00e2ce \u00e0 la\u00a0<strong>Cat\u00ae Garage 27 ft. Heavy-Duty Ratchet Tie-Down<\/strong>\u00a0S<strong>pi\u00e8ges avec double crochet en J<\/strong>. Con\u00e7us pour \u00eatre robustes et polyvalents, ces arrimages \u00e0 cliquet offrent une r\u00e9sistance remarquable de 3 300 livres et une r\u00e9sistance \u00e0 la rupture de 10 000 livres, ce qui en fait le compagnon id\u00e9al pour s\u00e9curiser tout ce qui est encombrant, des meubles aux \u00e9quipements de sport, en passant par les motos et m\u00eame les mat\u00e9riaux de construction. Le crochet souple et les crochets en J rev\u00eatus de caoutchouc prot\u00e8gent votre chargement et votre v\u00e9hicule contre les rayures, garantissant ainsi un transport sans souci. La sangle extra-longue de 27 pieds et la poign\u00e9e \u00e0 cliquet ergonomique offrent une polyvalence et une facilit\u00e9 d'utilisation exceptionnelles, que vous attachiez des VTT, des planches de surf ou des caisses. Fabriqu\u00e9es avec du polyester de qualit\u00e9 industrielle et des crochets en acier recouverts de PE, ces sangles pour camions robustes sont con\u00e7ues pour r\u00e9sister \u00e0 des t\u00e2ches exigeantes et \u00e0 des conditions difficiles.<\/p>","protected":false},"featured_media":11087,"comment_status":"open","ping_status":"closed","template":"","meta":[],"product_cat":[430,431,451],"product_tag":[],"class_list":{"0":"post-11085","1":"product","2":"type-product","3":"status-publish","4":"has-post-thumbnail","6":"product_brand-cat","7":"product_cat-automotive-gear","8":"product_cat-camping-rv-essentials","9":"product_cat-tools-equipment","10":"product_shipping_class-class-1","12":"first","13":"instock","14":"taxable","15":"shipping-taxable","16":"purchasable","17":"product-type-simple"},"yoast_head":"<!-- This site is optimized with the Yoast SEO plugin v27.3 - https:\/\/yoast.com\/product\/yoast-seo-wordpress\/ -->\n<title>Cat\u00ae Garage 27 ft. Heavy Duty Ratchet Tie Down Straps - Ks Products<\/title>\n<meta name=\"robots\" content=\"index, follow, max-snippet:-1, max-image-preview:large, max-video-preview:-1\" \/>\n<link rel=\"canonical\" href=\"https:\/\/ksproducts.ca\/fr\/product\/sangles-darrimage-a-cliquet-robustes-de-27-pieds-pour-chat-de-garage\/\" \/>\n<meta property=\"og:locale\" content=\"fr_CA\" \/>\n<meta property=\"og:type\" content=\"article\" \/>\n<meta property=\"og:title\" content=\"Cat\u00ae Garage 27 ft. Heavy Duty Ratchet Tie Down Straps - Ks Products\" \/>\n<meta property=\"og:description\" content=\"Tackle heavy-duty hauling with confidence using the\u00a0Cat\u00ae Garage 27 ft. Heavy-Duty Ratchet Tie-Down\u00a0Straps with Double J-Hook. Engineered for strength and versatility, these ratchet tie-downs provide a remarkable 3,300-pound working strength and a 10,000-pound breaking strength, making them the perfect companion for securing everything from bulky furniture to sports gear, motorcycles, and even construction materials. The soft hook and rubber-coated J-hooks protect your cargo and vehicle from scratches, ensuring worry-free transport. The extra-long 27-foot strap and ergonomic ratchet handle offer exceptional versatility and ease of use, whether you\u2019re strapping down ATVs, surfboards, or crates. Constructed with industrial-grade polyester and PE-coated steel hooks, these Heavy-duty truck straps are designed to withstand demanding tasks and harsh conditions.\" \/>\n<meta property=\"og:url\" content=\"https:\/\/ksproducts.ca\/fr\/product\/sangles-darrimage-a-cliquet-robustes-de-27-pieds-pour-chat-de-garage\/\" \/>\n<meta property=\"og:site_name\" content=\"Ks Products\" \/>\n<meta property=\"article:modified_time\" content=\"2026-03-02T19:43:15+00:00\" \/>\n<meta property=\"og:image\" content=\"https:\/\/ksproducts.ca\/wp-content\/uploads\/2026\/02\/Screenshot-2025-06-02-150522.png\" \/>\n\t<meta property=\"og:image:width\" content=\"536\" \/>\n\t<meta property=\"og:image:height\" content=\"474\" \/>\n\t<meta property=\"og:image:type\" content=\"image\/png\" \/>\n<meta name=\"twitter:card\" content=\"summary_large_image\" \/>\n<meta name=\"twitter:label1\" content=\"Estimation du temps de lecture\" \/>\n\t<meta name=\"twitter:data1\" content=\"1 minute\" \/>\n<script type=\"application\/ld+json\" class=\"yoast-schema-graph\">{\"@context\":\"https:\\\/\\\/schema.org\",\"@graph\":[{\"@type\":\"WebPage\",\"@id\":\"https:\\\/\\\/ksproducts.ca\\\/product\\\/cat-garage-27-ft-heavy-duty-ratchet-tie-down-straps\\\/\",\"url\":\"https:\\\/\\\/ksproducts.ca\\\/product\\\/cat-garage-27-ft-heavy-duty-ratchet-tie-down-straps\\\/\",\"name\":\"Cat\u00ae Garage 27 ft. Heavy Duty Ratchet Tie Down Straps - Ks Products\",\"isPartOf\":{\"@id\":\"https:\\\/\\\/ksproducts.ca\\\/#website\"},\"primaryImageOfPage\":{\"@id\":\"https:\\\/\\\/ksproducts.ca\\\/product\\\/cat-garage-27-ft-heavy-duty-ratchet-tie-down-straps\\\/#primaryimage\"},\"image\":{\"@id\":\"https:\\\/\\\/ksproducts.ca\\\/product\\\/cat-garage-27-ft-heavy-duty-ratchet-tie-down-straps\\\/#primaryimage\"},\"thumbnailUrl\":\"https:\\\/\\\/ksproducts.ca\\\/wp-content\\\/uploads\\\/2026\\\/02\\\/Screenshot-2025-06-02-150522.png\",\"datePublished\":\"2026-02-12T20:05:54+00:00\",\"dateModified\":\"2026-03-02T19:43:15+00:00\",\"breadcrumb\":{\"@id\":\"https:\\\/\\\/ksproducts.ca\\\/product\\\/cat-garage-27-ft-heavy-duty-ratchet-tie-down-straps\\\/#breadcrumb\"},\"inLanguage\":\"fr-CA\",\"potentialAction\":[{\"@type\":\"ReadAction\",\"target\":[\"https:\\\/\\\/ksproducts.ca\\\/product\\\/cat-garage-27-ft-heavy-duty-ratchet-tie-down-straps\\\/\"]}]},{\"@type\":\"ImageObject\",\"inLanguage\":\"fr-CA\",\"@id\":\"https:\\\/\\\/ksproducts.ca\\\/product\\\/cat-garage-27-ft-heavy-duty-ratchet-tie-down-straps\\\/#primaryimage\",\"url\":\"https:\\\/\\\/ksproducts.ca\\\/wp-content\\\/uploads\\\/2026\\\/02\\\/Screenshot-2025-06-02-150522.png\",\"contentUrl\":\"https:\\\/\\\/ksproducts.ca\\\/wp-content\\\/uploads\\\/2026\\\/02\\\/Screenshot-2025-06-02-150522.png\",\"width\":536,\"height\":474,\"caption\":\"Cat\u00ae Garage 27 ft. Heavy Duty Ratchet Tie Down Straps\"},{\"@type\":\"BreadcrumbList\",\"@id\":\"https:\\\/\\\/ksproducts.ca\\\/product\\\/cat-garage-27-ft-heavy-duty-ratchet-tie-down-straps\\\/#breadcrumb\",\"itemListElement\":[{\"@type\":\"ListItem\",\"position\":1,\"name\":\"Home\",\"item\":\"https:\\\/\\\/ksproducts.ca\\\/\"},{\"@type\":\"ListItem\",\"position\":2,\"name\":\"Shop\",\"item\":\"https:\\\/\\\/ksproducts.ca\\\/shop\\\/\"},{\"@type\":\"ListItem\",\"position\":3,\"name\":\"Cat\u00ae Garage 27 ft. Heavy Duty Ratchet Tie Down Straps\"}]},{\"@type\":\"WebSite\",\"@id\":\"https:\\\/\\\/ksproducts.ca\\\/#website\",\"url\":\"https:\\\/\\\/ksproducts.ca\\\/\",\"name\":\"Ks Products\",\"description\":\"Outdoor cooking and living, made easy in Canada\",\"publisher\":{\"@id\":\"https:\\\/\\\/ksproducts.ca\\\/#organization\"},\"potentialAction\":[{\"@type\":\"SearchAction\",\"target\":{\"@type\":\"EntryPoint\",\"urlTemplate\":\"https:\\\/\\\/ksproducts.ca\\\/?s={search_term_string}\"},\"query-input\":{\"@type\":\"PropertyValueSpecification\",\"valueRequired\":true,\"valueName\":\"search_term_string\"}}],\"inLanguage\":\"fr-CA\"},{\"@type\":\"Organization\",\"@id\":\"https:\\\/\\\/ksproducts.ca\\\/#organization\",\"name\":\"Ks Products\",\"url\":\"https:\\\/\\\/ksproducts.ca\\\/\",\"logo\":{\"@type\":\"ImageObject\",\"inLanguage\":\"fr-CA\",\"@id\":\"https:\\\/\\\/ksproducts.ca\\\/#\\\/schema\\\/logo\\\/image\\\/\",\"url\":\"https:\\\/\\\/ksproducts.ca\\\/wp-content\\\/uploads\\\/2023\\\/09\\\/Kennedy-Sales-Logo-header-1.png\",\"contentUrl\":\"https:\\\/\\\/ksproducts.ca\\\/wp-content\\\/uploads\\\/2023\\\/09\\\/Kennedy-Sales-Logo-header-1.png\",\"width\":150,\"height\":77,\"caption\":\"Ks Products\"},\"image\":{\"@id\":\"https:\\\/\\\/ksproducts.ca\\\/#\\\/schema\\\/logo\\\/image\\\/\"}}]}<\/script>\n<!-- \/ Yoast SEO plugin. -->","yoast_head_json":{"title":"Sangles d'arrimage robustes Cat\u00ae Garage 27 pieds - Ks Products","robots":{"index":"index","follow":"follow","max-snippet":"max-snippet:-1","max-image-preview":"max-image-preview:large","max-video-preview":"max-video-preview:-1"},"canonical":"https:\/\/ksproducts.ca\/fr\/product\/sangles-darrimage-a-cliquet-robustes-de-27-pieds-pour-chat-de-garage\/","og_locale":"fr_CA","og_type":"article","og_title":"Cat\u00ae Garage 27 ft. Heavy Duty Ratchet Tie Down Straps - Ks Products","og_description":"Tackle heavy-duty hauling with confidence using the\u00a0Cat\u00ae Garage 27 ft. Heavy-Duty Ratchet Tie-Down\u00a0Straps with Double J-Hook. Engineered for strength and versatility, these ratchet tie-downs provide a remarkable 3,300-pound working strength and a 10,000-pound breaking strength, making them the perfect companion for securing everything from bulky furniture to sports gear, motorcycles, and even construction materials. The soft hook and rubber-coated J-hooks protect your cargo and vehicle from scratches, ensuring worry-free transport. The extra-long 27-foot strap and ergonomic ratchet handle offer exceptional versatility and ease of use, whether you\u2019re strapping down ATVs, surfboards, or crates. Constructed with industrial-grade polyester and PE-coated steel hooks, these Heavy-duty truck straps are designed to withstand demanding tasks and harsh conditions.","og_url":"https:\/\/ksproducts.ca\/fr\/product\/sangles-darrimage-a-cliquet-robustes-de-27-pieds-pour-chat-de-garage\/","og_site_name":"Ks Products","article_modified_time":"2026-03-02T19:43:15+00:00","og_image":[{"width":536,"height":474,"url":"https:\/\/ksproducts.ca\/wp-content\/uploads\/2026\/02\/Screenshot-2025-06-02-150522.png","type":"image\/png"}],"twitter_card":"summary_large_image","twitter_misc":{"Estimation du temps de lecture":"1 minute"},"schema":{"@context":"https:\/\/schema.org","@graph":[{"@type":"WebPage","@id":"https:\/\/ksproducts.ca\/product\/cat-garage-27-ft-heavy-duty-ratchet-tie-down-straps\/","url":"https:\/\/ksproducts.ca\/product\/cat-garage-27-ft-heavy-duty-ratchet-tie-down-straps\/","name":"Sangles d'arrimage robustes Cat\u00ae Garage 27 pieds - Ks Products","isPartOf":{"@id":"https:\/\/ksproducts.ca\/#website"},"primaryImageOfPage":{"@id":"https:\/\/ksproducts.ca\/product\/cat-garage-27-ft-heavy-duty-ratchet-tie-down-straps\/#primaryimage"},"image":{"@id":"https:\/\/ksproducts.ca\/product\/cat-garage-27-ft-heavy-duty-ratchet-tie-down-straps\/#primaryimage"},"thumbnailUrl":"https:\/\/ksproducts.ca\/wp-content\/uploads\/2026\/02\/Screenshot-2025-06-02-150522.png","datePublished":"2026-02-12T20:05:54+00:00","dateModified":"2026-03-02T19:43:15+00:00","breadcrumb":{"@id":"https:\/\/ksproducts.ca\/product\/cat-garage-27-ft-heavy-duty-ratchet-tie-down-straps\/#breadcrumb"},"inLanguage":"fr-CA","potentialAction":[{"@type":"ReadAction","target":["https:\/\/ksproducts.ca\/product\/cat-garage-27-ft-heavy-duty-ratchet-tie-down-straps\/"]}]},{"@type":"ImageObject","inLanguage":"fr-CA","@id":"https:\/\/ksproducts.ca\/product\/cat-garage-27-ft-heavy-duty-ratchet-tie-down-straps\/#primaryimage","url":"https:\/\/ksproducts.ca\/wp-content\/uploads\/2026\/02\/Screenshot-2025-06-02-150522.png","contentUrl":"https:\/\/ksproducts.ca\/wp-content\/uploads\/2026\/02\/Screenshot-2025-06-02-150522.png","width":536,"height":474,"caption":"Cat\u00ae Garage 27 ft. Heavy Duty Ratchet Tie Down Straps"},{"@type":"BreadcrumbList","@id":"https:\/\/ksproducts.ca\/product\/cat-garage-27-ft-heavy-duty-ratchet-tie-down-straps\/#breadcrumb","itemListElement":[{"@type":"ListItem","position":1,"name":"Home","item":"https:\/\/ksproducts.ca\/"},{"@type":"ListItem","position":2,"name":"Shop","item":"https:\/\/ksproducts.ca\/shop\/"},{"@type":"ListItem","position":3,"name":"Cat\u00ae Garage 27 ft. Heavy Duty Ratchet Tie Down Straps"}]},{"@type":"WebSite","@id":"https:\/\/ksproducts.ca\/#website","url":"https:\/\/ksproducts.ca\/","name":"Produits Ks","description":"Cuisiner et vivre en plein air, c'est facile au Canada","publisher":{"@id":"https:\/\/ksproducts.ca\/#organization"},"potentialAction":[{"@type":"SearchAction","target":{"@type":"EntryPoint","urlTemplate":"https:\/\/ksproducts.ca\/?s={search_term_string}"},"query-input":{"@type":"PropertyValueSpecification","valueRequired":true,"valueName":"search_term_string"}}],"inLanguage":"fr-CA"},{"@type":"Organization","@id":"https:\/\/ksproducts.ca\/#organization","name":"Produits Ks","url":"https:\/\/ksproducts.ca\/","logo":{"@type":"ImageObject","inLanguage":"fr-CA","@id":"https:\/\/ksproducts.ca\/#\/schema\/logo\/image\/","url":"https:\/\/ksproducts.ca\/wp-content\/uploads\/2023\/09\/Kennedy-Sales-Logo-header-1.png","contentUrl":"https:\/\/ksproducts.ca\/wp-content\/uploads\/2023\/09\/Kennedy-Sales-Logo-header-1.png","width":150,"height":77,"caption":"Ks Products"},"image":{"@id":"https:\/\/ksproducts.ca\/#\/schema\/logo\/image\/"}}]}},"_links":{"self":[{"href":"https:\/\/ksproducts.ca\/fr\/wp-json\/wp\/v2\/product\/11085","targetHints":{"allow":["GET"]}}],"collection":[{"href":"https:\/\/ksproducts.ca\/fr\/wp-json\/wp\/v2\/product"}],"about":[{"href":"https:\/\/ksproducts.ca\/fr\/wp-json\/wp\/v2\/types\/product"}],"replies":[{"embeddable":true,"href":"https:\/\/ksproducts.ca\/fr\/wp-json\/wp\/v2\/comments?post=11085"}],"version-history":[{"count":1,"href":"https:\/\/ksproducts.ca\/fr\/wp-json\/wp\/v2\/product\/11085\/revisions"}],"predecessor-version":[{"id":11086,"href":"https:\/\/ksproducts.ca\/fr\/wp-json\/wp\/v2\/product\/11085\/revisions\/11086"}],"wp:featuredmedia":[{"embeddable":true,"href":"https:\/\/ksproducts.ca\/fr\/wp-json\/wp\/v2\/media\/11087"}],"wp:attachment":[{"href":"https:\/\/ksproducts.ca\/fr\/wp-json\/wp\/v2\/media?parent=11085"}],"wp:term":[{"taxonomy":"product_cat","embeddable":true,"href":"https:\/\/ksproducts.ca\/fr\/wp-json\/wp\/v2\/product_cat?post=11085"},{"taxonomy":"product_tag","embeddable":true,"href":"https:\/\/ksproducts.ca\/fr\/wp-json\/wp\/v2\/product_tag?post=11085"}],"curies":[{"name":"wp","href":"https:\/\/api.w.org\/{rel}","templated":true}]}}