{"id":11094,"date":"2026-02-12T20:22:05","date_gmt":"2026-02-12T20:22:05","guid":{"rendered":"https:\/\/ksproducts.ca\/?post_type=product&#038;p=11094"},"modified":"2026-03-02T19:41:57","modified_gmt":"2026-03-02T19:41:57","slug":"cat-garage-2-piece-cambuckle-moving-straps-10ft","status":"publish","type":"product","link":"https:\/\/ksproducts.ca\/fr\/product\/cat-garage-2-piece-cambuckle-moving-straps-10ft\/","title":{"rendered":"Cat\u00ae Garage 2-Piece Cambuckle Moving Straps - 10ft."},"content":{"rendered":"<p><strong>Heavy-Duty Strength for Demanding Tasks<\/strong>: Built to handle tough jobs, these moving straps boast an impressive 400-pound working strength and a 1200-pound breaking strength. Whether you\u2019re securing heavy furniture, transporting motorcycles, or tying down ATVs, these straps are engineered for reliable performance under pressure.<\/p>\n<p><strong>Generous Size and Robust Design<\/strong>: Each strap measures 10 feet in length and 1 inches in width, offering ample length and coverage for various applications. Perfect as motorcycle straps, ATV tie-downs, or bicycle tie-down straps, they are versatile enough to handle a wide range of tasks, from moving household items to securing outdoor gear.<\/p>\n<p><strong>Scratch-Free Protection with Rubber-Coated Hooks<\/strong>: Safeguard your cargo and vehicle with built-in rubber-coated hooks and soft loop straps that prevent scratches, scuffs, and other damage during transport. These features ensure that both your goods and your vehicle remain in top condition, no matter the load.<\/p>\n<p><strong>Durable and Weather-Resistant Construction:\u00a0<\/strong>Made from premium UV-resistant materials, these straps are built to withstand exposure to harsh weather conditions. From blazing sunlight to damp environments, they remain tough and dependable, ensuring long-lasting use in any situation<strong>.<\/strong><\/p>\n<p><strong>Comfortable and Easy to Use:\u00a0<\/strong>Designed with a soft rubber thumb grip, these furniture straps provide added comfort and control, making them easy to handle during extended use. The ergonomic design ensures that even demanding tasks can be completed without straining your hands.<\/p>","protected":false},"excerpt":{"rendered":"<p>S\u00e9curisez votre chargement en toute simplicit\u00e9 et en toute confiance gr\u00e2ce au\u00a0\u00a0<strong>Cat\u00ae Garage sangles de d\u00e9m\u00e9nagement \u00e0 cambuckle en 2 parties<\/strong>. Con\u00e7ues pour \u00eatre solides, polyvalentes et pratiques, ces sangles d'arrimage pour VTT de 10 pieds ont une largeur robuste de 1 pouce et une r\u00e9sistance de 400 livres. Que vous transportiez une moto, un VTT, un v\u00e9lo ou m\u00eame des meubles fragiles, les crochets recouverts de caoutchouc et les sangles \u00e0 boucles souples prot\u00e8gent vos biens et votre v\u00e9hicule contre les rayures et les dommages. Parfaites pour une vari\u00e9t\u00e9 d'applications, ces sangles pour meubles excellent dans la s\u00e9curisation des planches de surf, des \u00e9quipements sportifs, des tondeuses, du bois de construction, et plus encore. La poign\u00e9e ergonomique en caoutchouc souple des sangles pour meubles facilite la manipulation et offre un grand confort d'utilisation. Fabriqu\u00e9es avec des mat\u00e9riaux de premi\u00e8re qualit\u00e9, r\u00e9sistants aux UV, ces sangles \u00e0 crochet souples supportent des conditions difficiles tout en conservant leurs performances et leur durabilit\u00e9. Les sangles de d\u00e9m\u00e9nagement de garage Cat sont un compagnon fiable pour les projets lourds. Ajoutez de la polyvalence et de l'efficacit\u00e9 \u00e0 votre bo\u00eete \u00e0 outils avec ces sangles sp\u00e9cialement con\u00e7ues.<\/p>","protected":false},"featured_media":11095,"comment_status":"open","ping_status":"closed","template":"","meta":[],"product_cat":[430,431,451],"product_tag":[],"class_list":{"0":"post-11094","1":"product","2":"type-product","3":"status-publish","4":"has-post-thumbnail","6":"product_brand-cat","7":"product_cat-automotive-gear","8":"product_cat-camping-rv-essentials","9":"product_cat-tools-equipment","10":"product_shipping_class-class-1","12":"first","13":"instock","14":"taxable","15":"shipping-taxable","16":"purchasable","17":"product-type-simple"},"yoast_head":"<!-- This site is optimized with the Yoast SEO plugin v27.3 - https:\/\/yoast.com\/product\/yoast-seo-wordpress\/ -->\n<title>Cat\u00ae Garage 2-Piece Cambuckle Moving Straps \u2013 10ft. - Ks Products<\/title>\n<meta name=\"robots\" content=\"index, follow, max-snippet:-1, max-image-preview:large, max-video-preview:-1\" \/>\n<link rel=\"canonical\" href=\"https:\/\/ksproducts.ca\/fr\/product\/cat-garage-2-piece-cambuckle-moving-straps-10ft\/\" \/>\n<meta property=\"og:locale\" content=\"fr_CA\" \/>\n<meta property=\"og:type\" content=\"article\" \/>\n<meta property=\"og:title\" content=\"Cat\u00ae Garage 2-Piece Cambuckle Moving Straps \u2013 10ft. - Ks Products\" \/>\n<meta property=\"og:description\" content=\"Secure your cargo with ease and confidence using the\u00a0\u00a0Cat\u00ae Garage 2-Piece Cambuckle Moving Straps. Crafted for strength, versatility, and convenience, these 10-foot ATV tie-down straps feature a robust 1 inch width and a working strength of 400 pounds. Whether you\u2019re transporting a motorcycle, ATV, bicycle, or even fragile furniture, the rubber-coated hooks and soft loop straps safeguard your goods and vehicle from scratches or damage. Perfect for a variety of applications, these furniture straps excel in securing surfboards, sports gear, mowers, lumber, and more. The ergonomic soft rubber thumb grip of the furniture straps makes handling easy, providing comfort during any task. Built with premium, UV-resistant materials, these soft hook straps endure challenging conditions while maintaining their performance and durability. The Cat garage moving straps are your reliable companion for heavy-duty projects. Add versatility and efficiency to your toolbox with these purpose-built straps.\" \/>\n<meta property=\"og:url\" content=\"https:\/\/ksproducts.ca\/fr\/product\/cat-garage-2-piece-cambuckle-moving-straps-10ft\/\" \/>\n<meta property=\"og:site_name\" content=\"Ks Products\" \/>\n<meta property=\"article:modified_time\" content=\"2026-03-02T19:41:57+00:00\" \/>\n<meta property=\"og:image\" content=\"https:\/\/ksproducts.ca\/wp-content\/uploads\/2026\/02\/Screenshot-2025-06-03-081121.png\" \/>\n\t<meta property=\"og:image:width\" content=\"493\" \/>\n\t<meta property=\"og:image:height\" content=\"520\" \/>\n\t<meta property=\"og:image:type\" content=\"image\/png\" \/>\n<meta name=\"twitter:card\" content=\"summary_large_image\" \/>\n<meta name=\"twitter:label1\" content=\"Estimation du temps de lecture\" \/>\n\t<meta name=\"twitter:data1\" content=\"2 minutes\" \/>\n<script type=\"application\/ld+json\" class=\"yoast-schema-graph\">{\"@context\":\"https:\\\/\\\/schema.org\",\"@graph\":[{\"@type\":\"WebPage\",\"@id\":\"https:\\\/\\\/ksproducts.ca\\\/product\\\/cat-garage-2-piece-cambuckle-moving-straps-10ft\\\/\",\"url\":\"https:\\\/\\\/ksproducts.ca\\\/product\\\/cat-garage-2-piece-cambuckle-moving-straps-10ft\\\/\",\"name\":\"Cat\u00ae Garage 2-Piece Cambuckle Moving Straps \u2013 10ft. - Ks Products\",\"isPartOf\":{\"@id\":\"https:\\\/\\\/ksproducts.ca\\\/#website\"},\"primaryImageOfPage\":{\"@id\":\"https:\\\/\\\/ksproducts.ca\\\/product\\\/cat-garage-2-piece-cambuckle-moving-straps-10ft\\\/#primaryimage\"},\"image\":{\"@id\":\"https:\\\/\\\/ksproducts.ca\\\/product\\\/cat-garage-2-piece-cambuckle-moving-straps-10ft\\\/#primaryimage\"},\"thumbnailUrl\":\"https:\\\/\\\/ksproducts.ca\\\/wp-content\\\/uploads\\\/2026\\\/02\\\/Screenshot-2025-06-03-081121.png\",\"datePublished\":\"2026-02-12T20:22:05+00:00\",\"dateModified\":\"2026-03-02T19:41:57+00:00\",\"breadcrumb\":{\"@id\":\"https:\\\/\\\/ksproducts.ca\\\/product\\\/cat-garage-2-piece-cambuckle-moving-straps-10ft\\\/#breadcrumb\"},\"inLanguage\":\"fr-CA\",\"potentialAction\":[{\"@type\":\"ReadAction\",\"target\":[\"https:\\\/\\\/ksproducts.ca\\\/product\\\/cat-garage-2-piece-cambuckle-moving-straps-10ft\\\/\"]}]},{\"@type\":\"ImageObject\",\"inLanguage\":\"fr-CA\",\"@id\":\"https:\\\/\\\/ksproducts.ca\\\/product\\\/cat-garage-2-piece-cambuckle-moving-straps-10ft\\\/#primaryimage\",\"url\":\"https:\\\/\\\/ksproducts.ca\\\/wp-content\\\/uploads\\\/2026\\\/02\\\/Screenshot-2025-06-03-081121.png\",\"contentUrl\":\"https:\\\/\\\/ksproducts.ca\\\/wp-content\\\/uploads\\\/2026\\\/02\\\/Screenshot-2025-06-03-081121.png\",\"width\":493,\"height\":520,\"caption\":\"Cat\u00ae Garage 2-Piece Cambuckle Moving Straps \u2013 10ft.\"},{\"@type\":\"BreadcrumbList\",\"@id\":\"https:\\\/\\\/ksproducts.ca\\\/product\\\/cat-garage-2-piece-cambuckle-moving-straps-10ft\\\/#breadcrumb\",\"itemListElement\":[{\"@type\":\"ListItem\",\"position\":1,\"name\":\"Home\",\"item\":\"https:\\\/\\\/ksproducts.ca\\\/\"},{\"@type\":\"ListItem\",\"position\":2,\"name\":\"Shop\",\"item\":\"https:\\\/\\\/ksproducts.ca\\\/shop\\\/\"},{\"@type\":\"ListItem\",\"position\":3,\"name\":\"Cat\u00ae Garage 2-Piece Cambuckle Moving Straps \u2013 10ft.\"}]},{\"@type\":\"WebSite\",\"@id\":\"https:\\\/\\\/ksproducts.ca\\\/#website\",\"url\":\"https:\\\/\\\/ksproducts.ca\\\/\",\"name\":\"Ks Products\",\"description\":\"Outdoor cooking and living, made easy in Canada\",\"publisher\":{\"@id\":\"https:\\\/\\\/ksproducts.ca\\\/#organization\"},\"potentialAction\":[{\"@type\":\"SearchAction\",\"target\":{\"@type\":\"EntryPoint\",\"urlTemplate\":\"https:\\\/\\\/ksproducts.ca\\\/?s={search_term_string}\"},\"query-input\":{\"@type\":\"PropertyValueSpecification\",\"valueRequired\":true,\"valueName\":\"search_term_string\"}}],\"inLanguage\":\"fr-CA\"},{\"@type\":\"Organization\",\"@id\":\"https:\\\/\\\/ksproducts.ca\\\/#organization\",\"name\":\"Ks Products\",\"url\":\"https:\\\/\\\/ksproducts.ca\\\/\",\"logo\":{\"@type\":\"ImageObject\",\"inLanguage\":\"fr-CA\",\"@id\":\"https:\\\/\\\/ksproducts.ca\\\/#\\\/schema\\\/logo\\\/image\\\/\",\"url\":\"https:\\\/\\\/ksproducts.ca\\\/wp-content\\\/uploads\\\/2023\\\/09\\\/Kennedy-Sales-Logo-header-1.png\",\"contentUrl\":\"https:\\\/\\\/ksproducts.ca\\\/wp-content\\\/uploads\\\/2023\\\/09\\\/Kennedy-Sales-Logo-header-1.png\",\"width\":150,\"height\":77,\"caption\":\"Ks Products\"},\"image\":{\"@id\":\"https:\\\/\\\/ksproducts.ca\\\/#\\\/schema\\\/logo\\\/image\\\/\"}}]}<\/script>\n<!-- \/ Yoast SEO plugin. -->","yoast_head_json":{"title":"Cat\u00ae Garage 2-Piece Cambuckle Moving Straps \u2013 10ft. - Ks Products","robots":{"index":"index","follow":"follow","max-snippet":"max-snippet:-1","max-image-preview":"max-image-preview:large","max-video-preview":"max-video-preview:-1"},"canonical":"https:\/\/ksproducts.ca\/fr\/product\/cat-garage-2-piece-cambuckle-moving-straps-10ft\/","og_locale":"fr_CA","og_type":"article","og_title":"Cat\u00ae Garage 2-Piece Cambuckle Moving Straps \u2013 10ft. - Ks Products","og_description":"Secure your cargo with ease and confidence using the\u00a0\u00a0Cat\u00ae Garage 2-Piece Cambuckle Moving Straps. Crafted for strength, versatility, and convenience, these 10-foot ATV tie-down straps feature a robust 1 inch width and a working strength of 400 pounds. Whether you\u2019re transporting a motorcycle, ATV, bicycle, or even fragile furniture, the rubber-coated hooks and soft loop straps safeguard your goods and vehicle from scratches or damage. Perfect for a variety of applications, these furniture straps excel in securing surfboards, sports gear, mowers, lumber, and more. The ergonomic soft rubber thumb grip of the furniture straps makes handling easy, providing comfort during any task. Built with premium, UV-resistant materials, these soft hook straps endure challenging conditions while maintaining their performance and durability. The Cat garage moving straps are your reliable companion for heavy-duty projects. Add versatility and efficiency to your toolbox with these purpose-built straps.","og_url":"https:\/\/ksproducts.ca\/fr\/product\/cat-garage-2-piece-cambuckle-moving-straps-10ft\/","og_site_name":"Ks Products","article_modified_time":"2026-03-02T19:41:57+00:00","og_image":[{"width":493,"height":520,"url":"https:\/\/ksproducts.ca\/wp-content\/uploads\/2026\/02\/Screenshot-2025-06-03-081121.png","type":"image\/png"}],"twitter_card":"summary_large_image","twitter_misc":{"Estimation du temps de lecture":"2 minutes"},"schema":{"@context":"https:\/\/schema.org","@graph":[{"@type":"WebPage","@id":"https:\/\/ksproducts.ca\/product\/cat-garage-2-piece-cambuckle-moving-straps-10ft\/","url":"https:\/\/ksproducts.ca\/product\/cat-garage-2-piece-cambuckle-moving-straps-10ft\/","name":"Cat\u00ae Garage 2-Piece Cambuckle Moving Straps \u2013 10ft. - Ks Products","isPartOf":{"@id":"https:\/\/ksproducts.ca\/#website"},"primaryImageOfPage":{"@id":"https:\/\/ksproducts.ca\/product\/cat-garage-2-piece-cambuckle-moving-straps-10ft\/#primaryimage"},"image":{"@id":"https:\/\/ksproducts.ca\/product\/cat-garage-2-piece-cambuckle-moving-straps-10ft\/#primaryimage"},"thumbnailUrl":"https:\/\/ksproducts.ca\/wp-content\/uploads\/2026\/02\/Screenshot-2025-06-03-081121.png","datePublished":"2026-02-12T20:22:05+00:00","dateModified":"2026-03-02T19:41:57+00:00","breadcrumb":{"@id":"https:\/\/ksproducts.ca\/product\/cat-garage-2-piece-cambuckle-moving-straps-10ft\/#breadcrumb"},"inLanguage":"fr-CA","potentialAction":[{"@type":"ReadAction","target":["https:\/\/ksproducts.ca\/product\/cat-garage-2-piece-cambuckle-moving-straps-10ft\/"]}]},{"@type":"ImageObject","inLanguage":"fr-CA","@id":"https:\/\/ksproducts.ca\/product\/cat-garage-2-piece-cambuckle-moving-straps-10ft\/#primaryimage","url":"https:\/\/ksproducts.ca\/wp-content\/uploads\/2026\/02\/Screenshot-2025-06-03-081121.png","contentUrl":"https:\/\/ksproducts.ca\/wp-content\/uploads\/2026\/02\/Screenshot-2025-06-03-081121.png","width":493,"height":520,"caption":"Cat\u00ae Garage 2-Piece Cambuckle Moving Straps \u2013 10ft."},{"@type":"BreadcrumbList","@id":"https:\/\/ksproducts.ca\/product\/cat-garage-2-piece-cambuckle-moving-straps-10ft\/#breadcrumb","itemListElement":[{"@type":"ListItem","position":1,"name":"Home","item":"https:\/\/ksproducts.ca\/"},{"@type":"ListItem","position":2,"name":"Shop","item":"https:\/\/ksproducts.ca\/shop\/"},{"@type":"ListItem","position":3,"name":"Cat\u00ae Garage 2-Piece Cambuckle Moving Straps \u2013 10ft."}]},{"@type":"WebSite","@id":"https:\/\/ksproducts.ca\/#website","url":"https:\/\/ksproducts.ca\/","name":"Produits Ks","description":"Cuisiner et vivre en plein air, c'est facile au Canada","publisher":{"@id":"https:\/\/ksproducts.ca\/#organization"},"potentialAction":[{"@type":"SearchAction","target":{"@type":"EntryPoint","urlTemplate":"https:\/\/ksproducts.ca\/?s={search_term_string}"},"query-input":{"@type":"PropertyValueSpecification","valueRequired":true,"valueName":"search_term_string"}}],"inLanguage":"fr-CA"},{"@type":"Organization","@id":"https:\/\/ksproducts.ca\/#organization","name":"Produits Ks","url":"https:\/\/ksproducts.ca\/","logo":{"@type":"ImageObject","inLanguage":"fr-CA","@id":"https:\/\/ksproducts.ca\/#\/schema\/logo\/image\/","url":"https:\/\/ksproducts.ca\/wp-content\/uploads\/2023\/09\/Kennedy-Sales-Logo-header-1.png","contentUrl":"https:\/\/ksproducts.ca\/wp-content\/uploads\/2023\/09\/Kennedy-Sales-Logo-header-1.png","width":150,"height":77,"caption":"Ks Products"},"image":{"@id":"https:\/\/ksproducts.ca\/#\/schema\/logo\/image\/"}}]}},"_links":{"self":[{"href":"https:\/\/ksproducts.ca\/fr\/wp-json\/wp\/v2\/product\/11094","targetHints":{"allow":["GET"]}}],"collection":[{"href":"https:\/\/ksproducts.ca\/fr\/wp-json\/wp\/v2\/product"}],"about":[{"href":"https:\/\/ksproducts.ca\/fr\/wp-json\/wp\/v2\/types\/product"}],"replies":[{"embeddable":true,"href":"https:\/\/ksproducts.ca\/fr\/wp-json\/wp\/v2\/comments?post=11094"}],"version-history":[{"count":1,"href":"https:\/\/ksproducts.ca\/fr\/wp-json\/wp\/v2\/product\/11094\/revisions"}],"predecessor-version":[{"id":11099,"href":"https:\/\/ksproducts.ca\/fr\/wp-json\/wp\/v2\/product\/11094\/revisions\/11099"}],"wp:featuredmedia":[{"embeddable":true,"href":"https:\/\/ksproducts.ca\/fr\/wp-json\/wp\/v2\/media\/11095"}],"wp:attachment":[{"href":"https:\/\/ksproducts.ca\/fr\/wp-json\/wp\/v2\/media?parent=11094"}],"wp:term":[{"taxonomy":"product_cat","embeddable":true,"href":"https:\/\/ksproducts.ca\/fr\/wp-json\/wp\/v2\/product_cat?post=11094"},{"taxonomy":"product_tag","embeddable":true,"href":"https:\/\/ksproducts.ca\/fr\/wp-json\/wp\/v2\/product_tag?post=11094"}],"curies":[{"name":"wp","href":"https:\/\/api.w.org\/{rel}","templated":true}]}}