{"id":11104,"date":"2026-02-12T20:54:33","date_gmt":"2026-02-12T20:54:33","guid":{"rendered":"https:\/\/ksproducts.ca\/?post_type=product&#038;p=11104"},"modified":"2026-03-02T19:32:54","modified_gmt":"2026-03-02T19:32:54","slug":"tastepure-25-tuyau-deau-potable-1-2","status":"publish","type":"product","link":"https:\/\/ksproducts.ca\/fr\/product\/tastepure-25-drinking-water-hose-1-2\/","title":{"rendered":"Camco TastePURE 25\u2032 Drinking Water Safe Hose (tuyau d'eau potable sans danger)"},"content":{"rendered":"<ul class=\"a-unordered-list a-vertical a-spacing-mini\">\n<li class=\"a-spacing-mini\"><span class=\"a-list-item\">Fabriqu\u00e9 avec un tuyau certifi\u00e9 NSF ; sans danger pour l'eau potable<\/span><\/li>\n<li class=\"a-spacing-mini\"><span class=\"a-list-item\">Renforc\u00e9 pour une r\u00e9sistance maximale aux plis<\/span><\/li>\n<li class=\"a-spacing-mini\"><span class=\"a-list-item\">25\u2032 long x 1\/2 pouceID<\/span><\/li>\n<li class=\"a-spacing-mini\"><span class=\"a-list-item\">Le tuyau est en PVC et ne contient pas de BPA.<\/span><\/li>\n<\/ul>","protected":false},"excerpt":{"rendered":"<p>Profitez d'une hydratation s\u00fbre et fiable partout o\u00f9 vous en avez besoin gr\u00e2ce \u00e0 ce tuyau d'eau potable de 25\u2032 x 1\/2\u2033 ID. Fabriqu\u00e9 en PVC sans BPA et dot\u00e9 d'un tuyau certifi\u00e9 NSF pour l'eau potable, il fournit une eau propre et au go\u00fbt frais en laquelle vous pouvez avoir confiance. Renforc\u00e9 pour une r\u00e9sistance maximale aux plis, il maintient un d\u00e9bit d'eau r\u00e9gulier tout en r\u00e9sistant \u00e0 une utilisation quotidienne - parfait pour les v\u00e9hicules de loisirs, le camping, le nautisme et les applications ext\u00e9rieures.<\/p>","protected":false},"featured_media":11105,"comment_status":"open","ping_status":"closed","template":"","meta":[],"product_cat":[431,451],"product_tag":[],"class_list":{"0":"post-11104","1":"product","2":"type-product","3":"status-publish","4":"has-post-thumbnail","6":"product_brand-camco","7":"product_cat-camping-rv-essentials","8":"product_cat-tools-equipment","9":"product_shipping_class-class-2","11":"first","12":"instock","13":"taxable","14":"shipping-taxable","15":"purchasable","16":"product-type-simple"},"yoast_head":"<!-- This site is optimized with the Yoast SEO plugin v27.3 - https:\/\/yoast.com\/product\/yoast-seo-wordpress\/ -->\n<title>Camco TastePURE 25&#039; Drinking Water Safe Hose - Ks Products<\/title>\n<meta name=\"robots\" content=\"index, follow, max-snippet:-1, max-image-preview:large, max-video-preview:-1\" \/>\n<link rel=\"canonical\" href=\"https:\/\/ksproducts.ca\/fr\/product\/tastepure-25-tuyau-deau-potable-1-2\/\" \/>\n<meta property=\"og:locale\" content=\"fr_CA\" \/>\n<meta property=\"og:type\" content=\"article\" \/>\n<meta property=\"og:title\" content=\"Camco TastePURE 25&#039; Drinking Water Safe Hose - Ks Products\" \/>\n<meta property=\"og:description\" content=\"Enjoy safe, reliable hydration wherever you need it with this 25&#039; x 1\/2&quot; ID drinking water hose. Made from BPA-free PVC and constructed with an NSF-certified, drinking water\u2013safe hose, it delivers clean, fresh-tasting water you can trust. Reinforced for maximum kink resistance, it maintains steady water flow while standing up to everyday use\u2014perfect for RVs, camping, boating, and outdoor applications.\" \/>\n<meta property=\"og:url\" content=\"https:\/\/ksproducts.ca\/fr\/product\/tastepure-25-tuyau-deau-potable-1-2\/\" \/>\n<meta property=\"og:site_name\" content=\"Ks Products\" \/>\n<meta property=\"article:modified_time\" content=\"2026-03-02T19:32:54+00:00\" \/>\n<meta property=\"og:image\" content=\"https:\/\/ksproducts.ca\/wp-content\/uploads\/2026\/02\/61Gr0WJ10JL._AC_SL1000_.jpg\" \/>\n\t<meta property=\"og:image:width\" content=\"928\" \/>\n\t<meta property=\"og:image:height\" content=\"680\" \/>\n\t<meta property=\"og:image:type\" content=\"image\/jpeg\" \/>\n<meta name=\"twitter:card\" content=\"summary_large_image\" \/>\n<meta name=\"twitter:label1\" content=\"Estimation du temps de lecture\" \/>\n\t<meta name=\"twitter:data1\" content=\"1 minute\" \/>\n<script type=\"application\/ld+json\" class=\"yoast-schema-graph\">{\"@context\":\"https:\\\/\\\/schema.org\",\"@graph\":[{\"@type\":\"WebPage\",\"@id\":\"https:\\\/\\\/ksproducts.ca\\\/product\\\/tastepure-25-drinking-water-hose-1-2\\\/\",\"url\":\"https:\\\/\\\/ksproducts.ca\\\/product\\\/tastepure-25-drinking-water-hose-1-2\\\/\",\"name\":\"Camco TastePURE 25' Drinking Water Safe Hose - Ks Products\",\"isPartOf\":{\"@id\":\"https:\\\/\\\/ksproducts.ca\\\/#website\"},\"primaryImageOfPage\":{\"@id\":\"https:\\\/\\\/ksproducts.ca\\\/product\\\/tastepure-25-drinking-water-hose-1-2\\\/#primaryimage\"},\"image\":{\"@id\":\"https:\\\/\\\/ksproducts.ca\\\/product\\\/tastepure-25-drinking-water-hose-1-2\\\/#primaryimage\"},\"thumbnailUrl\":\"https:\\\/\\\/ksproducts.ca\\\/wp-content\\\/uploads\\\/2026\\\/02\\\/61Gr0WJ10JL._AC_SL1000_.jpg\",\"datePublished\":\"2026-02-12T20:54:33+00:00\",\"dateModified\":\"2026-03-02T19:32:54+00:00\",\"breadcrumb\":{\"@id\":\"https:\\\/\\\/ksproducts.ca\\\/product\\\/tastepure-25-drinking-water-hose-1-2\\\/#breadcrumb\"},\"inLanguage\":\"fr-CA\",\"potentialAction\":[{\"@type\":\"ReadAction\",\"target\":[\"https:\\\/\\\/ksproducts.ca\\\/product\\\/tastepure-25-drinking-water-hose-1-2\\\/\"]}]},{\"@type\":\"ImageObject\",\"inLanguage\":\"fr-CA\",\"@id\":\"https:\\\/\\\/ksproducts.ca\\\/product\\\/tastepure-25-drinking-water-hose-1-2\\\/#primaryimage\",\"url\":\"https:\\\/\\\/ksproducts.ca\\\/wp-content\\\/uploads\\\/2026\\\/02\\\/61Gr0WJ10JL._AC_SL1000_.jpg\",\"contentUrl\":\"https:\\\/\\\/ksproducts.ca\\\/wp-content\\\/uploads\\\/2026\\\/02\\\/61Gr0WJ10JL._AC_SL1000_.jpg\",\"width\":928,\"height\":680,\"caption\":\"Camco TastePURE 25' Drinking Water Safe Hose\"},{\"@type\":\"BreadcrumbList\",\"@id\":\"https:\\\/\\\/ksproducts.ca\\\/product\\\/tastepure-25-drinking-water-hose-1-2\\\/#breadcrumb\",\"itemListElement\":[{\"@type\":\"ListItem\",\"position\":1,\"name\":\"Home\",\"item\":\"https:\\\/\\\/ksproducts.ca\\\/\"},{\"@type\":\"ListItem\",\"position\":2,\"name\":\"Shop\",\"item\":\"https:\\\/\\\/ksproducts.ca\\\/shop\\\/\"},{\"@type\":\"ListItem\",\"position\":3,\"name\":\"Camco TastePURE 25&#8242; Drinking Water Safe Hose\"}]},{\"@type\":\"WebSite\",\"@id\":\"https:\\\/\\\/ksproducts.ca\\\/#website\",\"url\":\"https:\\\/\\\/ksproducts.ca\\\/\",\"name\":\"Ks Products\",\"description\":\"Outdoor cooking and living, made easy in Canada\",\"publisher\":{\"@id\":\"https:\\\/\\\/ksproducts.ca\\\/#organization\"},\"potentialAction\":[{\"@type\":\"SearchAction\",\"target\":{\"@type\":\"EntryPoint\",\"urlTemplate\":\"https:\\\/\\\/ksproducts.ca\\\/?s={search_term_string}\"},\"query-input\":{\"@type\":\"PropertyValueSpecification\",\"valueRequired\":true,\"valueName\":\"search_term_string\"}}],\"inLanguage\":\"fr-CA\"},{\"@type\":\"Organization\",\"@id\":\"https:\\\/\\\/ksproducts.ca\\\/#organization\",\"name\":\"Ks Products\",\"url\":\"https:\\\/\\\/ksproducts.ca\\\/\",\"logo\":{\"@type\":\"ImageObject\",\"inLanguage\":\"fr-CA\",\"@id\":\"https:\\\/\\\/ksproducts.ca\\\/#\\\/schema\\\/logo\\\/image\\\/\",\"url\":\"https:\\\/\\\/ksproducts.ca\\\/wp-content\\\/uploads\\\/2023\\\/09\\\/Kennedy-Sales-Logo-header-1.png\",\"contentUrl\":\"https:\\\/\\\/ksproducts.ca\\\/wp-content\\\/uploads\\\/2023\\\/09\\\/Kennedy-Sales-Logo-header-1.png\",\"width\":150,\"height\":77,\"caption\":\"Ks Products\"},\"image\":{\"@id\":\"https:\\\/\\\/ksproducts.ca\\\/#\\\/schema\\\/logo\\\/image\\\/\"}}]}<\/script>\n<!-- \/ Yoast SEO plugin. -->","yoast_head_json":{"title":"Camco TastePURE 25' Drinking Water Safe Hose - Ks Products","robots":{"index":"index","follow":"follow","max-snippet":"max-snippet:-1","max-image-preview":"max-image-preview:large","max-video-preview":"max-video-preview:-1"},"canonical":"https:\/\/ksproducts.ca\/fr\/product\/tastepure-25-tuyau-deau-potable-1-2\/","og_locale":"fr_CA","og_type":"article","og_title":"Camco TastePURE 25' Drinking Water Safe Hose - Ks Products","og_description":"Enjoy safe, reliable hydration wherever you need it with this 25' x 1\/2\" ID drinking water hose. Made from BPA-free PVC and constructed with an NSF-certified, drinking water\u2013safe hose, it delivers clean, fresh-tasting water you can trust. Reinforced for maximum kink resistance, it maintains steady water flow while standing up to everyday use\u2014perfect for RVs, camping, boating, and outdoor applications.","og_url":"https:\/\/ksproducts.ca\/fr\/product\/tastepure-25-tuyau-deau-potable-1-2\/","og_site_name":"Ks Products","article_modified_time":"2026-03-02T19:32:54+00:00","og_image":[{"width":928,"height":680,"url":"https:\/\/ksproducts.ca\/wp-content\/uploads\/2026\/02\/61Gr0WJ10JL._AC_SL1000_.jpg","type":"image\/jpeg"}],"twitter_card":"summary_large_image","twitter_misc":{"Estimation du temps de lecture":"1 minute"},"schema":{"@context":"https:\/\/schema.org","@graph":[{"@type":"WebPage","@id":"https:\/\/ksproducts.ca\/product\/tastepure-25-drinking-water-hose-1-2\/","url":"https:\/\/ksproducts.ca\/product\/tastepure-25-drinking-water-hose-1-2\/","name":"Camco TastePURE 25' Drinking Water Safe Hose - Ks Products","isPartOf":{"@id":"https:\/\/ksproducts.ca\/#website"},"primaryImageOfPage":{"@id":"https:\/\/ksproducts.ca\/product\/tastepure-25-drinking-water-hose-1-2\/#primaryimage"},"image":{"@id":"https:\/\/ksproducts.ca\/product\/tastepure-25-drinking-water-hose-1-2\/#primaryimage"},"thumbnailUrl":"https:\/\/ksproducts.ca\/wp-content\/uploads\/2026\/02\/61Gr0WJ10JL._AC_SL1000_.jpg","datePublished":"2026-02-12T20:54:33+00:00","dateModified":"2026-03-02T19:32:54+00:00","breadcrumb":{"@id":"https:\/\/ksproducts.ca\/product\/tastepure-25-drinking-water-hose-1-2\/#breadcrumb"},"inLanguage":"fr-CA","potentialAction":[{"@type":"ReadAction","target":["https:\/\/ksproducts.ca\/product\/tastepure-25-drinking-water-hose-1-2\/"]}]},{"@type":"ImageObject","inLanguage":"fr-CA","@id":"https:\/\/ksproducts.ca\/product\/tastepure-25-drinking-water-hose-1-2\/#primaryimage","url":"https:\/\/ksproducts.ca\/wp-content\/uploads\/2026\/02\/61Gr0WJ10JL._AC_SL1000_.jpg","contentUrl":"https:\/\/ksproducts.ca\/wp-content\/uploads\/2026\/02\/61Gr0WJ10JL._AC_SL1000_.jpg","width":928,"height":680,"caption":"Camco TastePURE 25' Drinking Water Safe Hose"},{"@type":"BreadcrumbList","@id":"https:\/\/ksproducts.ca\/product\/tastepure-25-drinking-water-hose-1-2\/#breadcrumb","itemListElement":[{"@type":"ListItem","position":1,"name":"Home","item":"https:\/\/ksproducts.ca\/"},{"@type":"ListItem","position":2,"name":"Shop","item":"https:\/\/ksproducts.ca\/shop\/"},{"@type":"ListItem","position":3,"name":"Camco TastePURE 25&#8242; Drinking Water Safe Hose"}]},{"@type":"WebSite","@id":"https:\/\/ksproducts.ca\/#website","url":"https:\/\/ksproducts.ca\/","name":"Produits Ks","description":"Cuisiner et vivre en plein air, c'est facile au Canada","publisher":{"@id":"https:\/\/ksproducts.ca\/#organization"},"potentialAction":[{"@type":"SearchAction","target":{"@type":"EntryPoint","urlTemplate":"https:\/\/ksproducts.ca\/?s={search_term_string}"},"query-input":{"@type":"PropertyValueSpecification","valueRequired":true,"valueName":"search_term_string"}}],"inLanguage":"fr-CA"},{"@type":"Organization","@id":"https:\/\/ksproducts.ca\/#organization","name":"Produits Ks","url":"https:\/\/ksproducts.ca\/","logo":{"@type":"ImageObject","inLanguage":"fr-CA","@id":"https:\/\/ksproducts.ca\/#\/schema\/logo\/image\/","url":"https:\/\/ksproducts.ca\/wp-content\/uploads\/2023\/09\/Kennedy-Sales-Logo-header-1.png","contentUrl":"https:\/\/ksproducts.ca\/wp-content\/uploads\/2023\/09\/Kennedy-Sales-Logo-header-1.png","width":150,"height":77,"caption":"Ks Products"},"image":{"@id":"https:\/\/ksproducts.ca\/#\/schema\/logo\/image\/"}}]}},"_links":{"self":[{"href":"https:\/\/ksproducts.ca\/fr\/wp-json\/wp\/v2\/product\/11104","targetHints":{"allow":["GET"]}}],"collection":[{"href":"https:\/\/ksproducts.ca\/fr\/wp-json\/wp\/v2\/product"}],"about":[{"href":"https:\/\/ksproducts.ca\/fr\/wp-json\/wp\/v2\/types\/product"}],"replies":[{"embeddable":true,"href":"https:\/\/ksproducts.ca\/fr\/wp-json\/wp\/v2\/comments?post=11104"}],"version-history":[{"count":2,"href":"https:\/\/ksproducts.ca\/fr\/wp-json\/wp\/v2\/product\/11104\/revisions"}],"predecessor-version":[{"id":11115,"href":"https:\/\/ksproducts.ca\/fr\/wp-json\/wp\/v2\/product\/11104\/revisions\/11115"}],"wp:featuredmedia":[{"embeddable":true,"href":"https:\/\/ksproducts.ca\/fr\/wp-json\/wp\/v2\/media\/11105"}],"wp:attachment":[{"href":"https:\/\/ksproducts.ca\/fr\/wp-json\/wp\/v2\/media?parent=11104"}],"wp:term":[{"taxonomy":"product_cat","embeddable":true,"href":"https:\/\/ksproducts.ca\/fr\/wp-json\/wp\/v2\/product_cat?post=11104"},{"taxonomy":"product_tag","embeddable":true,"href":"https:\/\/ksproducts.ca\/fr\/wp-json\/wp\/v2\/product_tag?post=11104"}],"curies":[{"name":"wp","href":"https:\/\/api.w.org\/{rel}","templated":true}]}}