{"id":11113,"date":"2026-02-13T15:10:22","date_gmt":"2026-02-13T15:10:22","guid":{"rendered":"https:\/\/ksproducts.ca\/?post_type=product&#038;p=11113"},"modified":"2026-03-02T18:48:54","modified_gmt":"2026-03-02T18:48:54","slug":"tuyau-deau-potable-camco-tastepure-50-securite","status":"publish","type":"product","link":"https:\/\/ksproducts.ca\/fr\/product\/camco-tastepure-50-drinking-water-safe-hose\/","title":{"rendered":"Camco TastePURE 50\u2032 Drinking Water Safe Hose (tuyau de s\u00e9curit\u00e9 pour l'eau potable)"},"content":{"rendered":"<ul class=\"a-unordered-list a-vertical a-spacing-mini\">\n<li class=\"a-spacing-mini\"><span class=\"a-list-item\">Tuyau d'eau potable de qualit\u00e9 sup\u00e9rieure : le tuyau d'eau potable pour camping-car de qualit\u00e9 sup\u00e9rieure de Camco est construit avec un tuyau certifi\u00e9 NSF\/ANSI 61 pour l'eau potable. Sans plomb, sans BPA et sans phtalates, ce tuyau en PVC de qualit\u00e9 privil\u00e9gie votre sant\u00e9 \u00e0 chaque utilisation.<\/span><\/li>\n<li class=\"a-spacing-mini\"><span class=\"a-list-item\">Certifi\u00e9 sans plomb : Profitez du tuyau de camping-car Camco certifi\u00e9 sans plomb CSA ! Il r\u00e9pond aux normes les plus \u00e9lev\u00e9es, est certifi\u00e9 sans plomb CSA selon NSF\/ANSI 372, et est enti\u00e8rement conforme \u00e0 toutes les lois f\u00e9d\u00e9rales et \u00e9tatiques relatives au sans plomb.<\/span><\/li>\n<li class=\"a-spacing-mini\"><span class=\"a-list-item\">Applications polyvalentes : Effectuez des t\u00e2ches ext\u00e9rieures avec ce tuyau d'eau potable de 15,24 m (50 pieds), dot\u00e9 d'un diam\u00e8tre int\u00e9rieur de 1,27 cm (1\/2 pouce). Il est parfait pour le camping-car, le camping, la navigation de plaisance, le jardinage, le nettoyage des animaux, le lavage de voiture et l'entretien de la pelouse. L'attache facile \u00e0 prendre en main rend la manipulation ais\u00e9e.<\/span><\/li>\n<li class=\"a-spacing-mini\"><span class=\"a-list-item\">Renfort diamant\u00e9 r\u00e9sistant aux torsions : Fabriqu\u00e9 en PVC renforc\u00e9 de qualit\u00e9, ce tuyau d'arrosage flexible stabilis\u00e9 aux UV est con\u00e7u pour une r\u00e9sistance maximale aux torsions et une durabilit\u00e9 accrue.<\/span><\/li>\n<li class=\"a-spacing-mini\"><span class=\"a-list-item\">Fabriqu\u00e9 avec un tuyau certifi\u00e9 NSF<\/span><\/li>\n<li class=\"a-spacing-mini\"><span class=\"a-list-item\">Renforc\u00e9 pour une r\u00e9sistance maximale aux plis<\/span><\/li>\n<li class=\"a-spacing-mini\"><span class=\"a-list-item\">50 pieds L x 1\/2 pouce ID<\/span>\n<div class=\"a-row a-expander-container a-expander-inline-container\">\n<div class=\"a-expander-content a-expander-extend-content a-expander-content-expanded\" data-expanded=\"true\"><\/div>\n<\/div>\n<\/li>\n<\/ul>","protected":false},"excerpt":{"rendered":"<p>Profitez d'une hydratation s\u00fbre et fiable partout o\u00f9 vous en avez besoin gr\u00e2ce \u00e0 ce tuyau d'eau potable de 50\u2032 x 1\/2\u2033 ID. Fabriqu\u00e9 en PVC sans BPA et dot\u00e9 d'un tuyau certifi\u00e9 NSF pour l'eau potable, il fournit une eau propre et au go\u00fbt frais en laquelle vous pouvez avoir confiance. Renforc\u00e9 pour une r\u00e9sistance maximale aux plis, il maintient un d\u00e9bit d'eau r\u00e9gulier tout en r\u00e9sistant \u00e0 une utilisation quotidienne - parfait pour les v\u00e9hicules de loisirs, le camping, le nautisme et les applications ext\u00e9rieures.<\/p>","protected":false},"featured_media":11114,"comment_status":"open","ping_status":"closed","template":"","meta":[],"product_cat":[431,451],"product_tag":[],"class_list":{"0":"post-11113","1":"product","2":"type-product","3":"status-publish","4":"has-post-thumbnail","6":"product_brand-camco","7":"product_cat-camping-rv-essentials","8":"product_cat-tools-equipment","9":"product_shipping_class-class-2","11":"first","12":"instock","13":"taxable","14":"shipping-taxable","15":"purchasable","16":"product-type-simple"},"yoast_head":"<!-- This site is optimized with the Yoast SEO plugin v27.4 - https:\/\/yoast.com\/product\/yoast-seo-wordpress\/ -->\n<title>Camco TastePURE 50&#039; Drinking Water Safe Hose - Ks Products<\/title>\n<meta name=\"robots\" content=\"index, follow, max-snippet:-1, max-image-preview:large, max-video-preview:-1\" \/>\n<link rel=\"canonical\" href=\"https:\/\/ksproducts.ca\/fr\/product\/tuyau-deau-potable-camco-tastepure-50-securite\/\" \/>\n<meta property=\"og:locale\" content=\"fr_CA\" \/>\n<meta property=\"og:type\" content=\"article\" \/>\n<meta property=\"og:title\" content=\"Camco TastePURE 50&#039; Drinking Water Safe Hose - Ks Products\" \/>\n<meta property=\"og:description\" content=\"Enjoy safe, reliable hydration wherever you need it with this 50&#039; x 1\/2&quot; ID drinking water hose. Made from BPA-free PVC and constructed with an NSF-certified, drinking water\u2013safe hose, it delivers clean, fresh-tasting water you can trust. Reinforced for maximum kink resistance, it maintains steady water flow while standing up to everyday use\u2014perfect for RVs, camping, boating, and outdoor applications.\" \/>\n<meta property=\"og:url\" content=\"https:\/\/ksproducts.ca\/fr\/product\/tuyau-deau-potable-camco-tastepure-50-securite\/\" \/>\n<meta property=\"og:site_name\" content=\"Ks Products\" \/>\n<meta property=\"article:modified_time\" content=\"2026-03-02T18:48:54+00:00\" \/>\n<meta property=\"og:image\" content=\"https:\/\/ksproducts.ca\/wp-content\/uploads\/2026\/02\/71peOgyOLvL._AC_SL1500_.jpg\" \/>\n\t<meta property=\"og:image:width\" content=\"727\" \/>\n\t<meta property=\"og:image:height\" content=\"800\" \/>\n\t<meta property=\"og:image:type\" content=\"image\/jpeg\" \/>\n<meta name=\"twitter:card\" content=\"summary_large_image\" \/>\n<meta name=\"twitter:label1\" content=\"Estimation du temps de lecture\" \/>\n\t<meta name=\"twitter:data1\" content=\"1 minute\" \/>\n<script type=\"application\/ld+json\" class=\"yoast-schema-graph\">{\"@context\":\"https:\\\/\\\/schema.org\",\"@graph\":[{\"@type\":\"WebPage\",\"@id\":\"https:\\\/\\\/ksproducts.ca\\\/product\\\/camco-tastepure-50-drinking-water-safe-hose\\\/\",\"url\":\"https:\\\/\\\/ksproducts.ca\\\/product\\\/camco-tastepure-50-drinking-water-safe-hose\\\/\",\"name\":\"Camco TastePURE 50' Drinking Water Safe Hose - Ks Products\",\"isPartOf\":{\"@id\":\"https:\\\/\\\/ksproducts.ca\\\/#website\"},\"primaryImageOfPage\":{\"@id\":\"https:\\\/\\\/ksproducts.ca\\\/product\\\/camco-tastepure-50-drinking-water-safe-hose\\\/#primaryimage\"},\"image\":{\"@id\":\"https:\\\/\\\/ksproducts.ca\\\/product\\\/camco-tastepure-50-drinking-water-safe-hose\\\/#primaryimage\"},\"thumbnailUrl\":\"https:\\\/\\\/ksproducts.ca\\\/wp-content\\\/uploads\\\/2026\\\/02\\\/71peOgyOLvL._AC_SL1500_.jpg\",\"datePublished\":\"2026-02-13T15:10:22+00:00\",\"dateModified\":\"2026-03-02T18:48:54+00:00\",\"breadcrumb\":{\"@id\":\"https:\\\/\\\/ksproducts.ca\\\/product\\\/camco-tastepure-50-drinking-water-safe-hose\\\/#breadcrumb\"},\"inLanguage\":\"fr-CA\",\"potentialAction\":[{\"@type\":\"ReadAction\",\"target\":[\"https:\\\/\\\/ksproducts.ca\\\/product\\\/camco-tastepure-50-drinking-water-safe-hose\\\/\"]}]},{\"@type\":\"ImageObject\",\"inLanguage\":\"fr-CA\",\"@id\":\"https:\\\/\\\/ksproducts.ca\\\/product\\\/camco-tastepure-50-drinking-water-safe-hose\\\/#primaryimage\",\"url\":\"https:\\\/\\\/ksproducts.ca\\\/wp-content\\\/uploads\\\/2026\\\/02\\\/71peOgyOLvL._AC_SL1500_.jpg\",\"contentUrl\":\"https:\\\/\\\/ksproducts.ca\\\/wp-content\\\/uploads\\\/2026\\\/02\\\/71peOgyOLvL._AC_SL1500_.jpg\",\"width\":727,\"height\":800,\"caption\":\"Camco TastePURE 50' Drinking Water Safe Hose\"},{\"@type\":\"BreadcrumbList\",\"@id\":\"https:\\\/\\\/ksproducts.ca\\\/product\\\/camco-tastepure-50-drinking-water-safe-hose\\\/#breadcrumb\",\"itemListElement\":[{\"@type\":\"ListItem\",\"position\":1,\"name\":\"Home\",\"item\":\"https:\\\/\\\/ksproducts.ca\\\/\"},{\"@type\":\"ListItem\",\"position\":2,\"name\":\"Shop\",\"item\":\"https:\\\/\\\/ksproducts.ca\\\/shop\\\/\"},{\"@type\":\"ListItem\",\"position\":3,\"name\":\"Camco TastePURE 50&#8242; Drinking Water Safe Hose\"}]},{\"@type\":\"WebSite\",\"@id\":\"https:\\\/\\\/ksproducts.ca\\\/#website\",\"url\":\"https:\\\/\\\/ksproducts.ca\\\/\",\"name\":\"Ks Products\",\"description\":\"Outdoor cooking and living, made easy in Canada\",\"publisher\":{\"@id\":\"https:\\\/\\\/ksproducts.ca\\\/#organization\"},\"potentialAction\":[{\"@type\":\"SearchAction\",\"target\":{\"@type\":\"EntryPoint\",\"urlTemplate\":\"https:\\\/\\\/ksproducts.ca\\\/?s={search_term_string}\"},\"query-input\":{\"@type\":\"PropertyValueSpecification\",\"valueRequired\":true,\"valueName\":\"search_term_string\"}}],\"inLanguage\":\"fr-CA\"},{\"@type\":\"Organization\",\"@id\":\"https:\\\/\\\/ksproducts.ca\\\/#organization\",\"name\":\"Ks Products\",\"url\":\"https:\\\/\\\/ksproducts.ca\\\/\",\"logo\":{\"@type\":\"ImageObject\",\"inLanguage\":\"fr-CA\",\"@id\":\"https:\\\/\\\/ksproducts.ca\\\/#\\\/schema\\\/logo\\\/image\\\/\",\"url\":\"https:\\\/\\\/ksproducts.ca\\\/wp-content\\\/uploads\\\/2023\\\/09\\\/Kennedy-Sales-Logo-header-1.png\",\"contentUrl\":\"https:\\\/\\\/ksproducts.ca\\\/wp-content\\\/uploads\\\/2023\\\/09\\\/Kennedy-Sales-Logo-header-1.png\",\"width\":150,\"height\":77,\"caption\":\"Ks Products\"},\"image\":{\"@id\":\"https:\\\/\\\/ksproducts.ca\\\/#\\\/schema\\\/logo\\\/image\\\/\"}}]}<\/script>\n<!-- \/ Yoast SEO plugin. -->","yoast_head_json":{"title":"Tuyau d'eau potable Camco TastePURE 50' - Ks Products","robots":{"index":"index","follow":"follow","max-snippet":"max-snippet:-1","max-image-preview":"max-image-preview:large","max-video-preview":"max-video-preview:-1"},"canonical":"https:\/\/ksproducts.ca\/fr\/product\/tuyau-deau-potable-camco-tastepure-50-securite\/","og_locale":"fr_CA","og_type":"article","og_title":"Camco TastePURE 50' Drinking Water Safe Hose - Ks Products","og_description":"Enjoy safe, reliable hydration wherever you need it with this 50' x 1\/2\" ID drinking water hose. Made from BPA-free PVC and constructed with an NSF-certified, drinking water\u2013safe hose, it delivers clean, fresh-tasting water you can trust. Reinforced for maximum kink resistance, it maintains steady water flow while standing up to everyday use\u2014perfect for RVs, camping, boating, and outdoor applications.","og_url":"https:\/\/ksproducts.ca\/fr\/product\/tuyau-deau-potable-camco-tastepure-50-securite\/","og_site_name":"Ks Products","article_modified_time":"2026-03-02T18:48:54+00:00","og_image":[{"width":727,"height":800,"url":"https:\/\/ksproducts.ca\/wp-content\/uploads\/2026\/02\/71peOgyOLvL._AC_SL1500_.jpg","type":"image\/jpeg"}],"twitter_card":"summary_large_image","twitter_misc":{"Estimation du temps de lecture":"1 minute"},"schema":{"@context":"https:\/\/schema.org","@graph":[{"@type":"WebPage","@id":"https:\/\/ksproducts.ca\/product\/camco-tastepure-50-drinking-water-safe-hose\/","url":"https:\/\/ksproducts.ca\/product\/camco-tastepure-50-drinking-water-safe-hose\/","name":"Tuyau d'eau potable Camco TastePURE 50' - Ks Products","isPartOf":{"@id":"https:\/\/ksproducts.ca\/#website"},"primaryImageOfPage":{"@id":"https:\/\/ksproducts.ca\/product\/camco-tastepure-50-drinking-water-safe-hose\/#primaryimage"},"image":{"@id":"https:\/\/ksproducts.ca\/product\/camco-tastepure-50-drinking-water-safe-hose\/#primaryimage"},"thumbnailUrl":"https:\/\/ksproducts.ca\/wp-content\/uploads\/2026\/02\/71peOgyOLvL._AC_SL1500_.jpg","datePublished":"2026-02-13T15:10:22+00:00","dateModified":"2026-03-02T18:48:54+00:00","breadcrumb":{"@id":"https:\/\/ksproducts.ca\/product\/camco-tastepure-50-drinking-water-safe-hose\/#breadcrumb"},"inLanguage":"fr-CA","potentialAction":[{"@type":"ReadAction","target":["https:\/\/ksproducts.ca\/product\/camco-tastepure-50-drinking-water-safe-hose\/"]}]},{"@type":"ImageObject","inLanguage":"fr-CA","@id":"https:\/\/ksproducts.ca\/product\/camco-tastepure-50-drinking-water-safe-hose\/#primaryimage","url":"https:\/\/ksproducts.ca\/wp-content\/uploads\/2026\/02\/71peOgyOLvL._AC_SL1500_.jpg","contentUrl":"https:\/\/ksproducts.ca\/wp-content\/uploads\/2026\/02\/71peOgyOLvL._AC_SL1500_.jpg","width":727,"height":800,"caption":"Camco TastePURE 50' Drinking Water Safe Hose"},{"@type":"BreadcrumbList","@id":"https:\/\/ksproducts.ca\/product\/camco-tastepure-50-drinking-water-safe-hose\/#breadcrumb","itemListElement":[{"@type":"ListItem","position":1,"name":"Home","item":"https:\/\/ksproducts.ca\/"},{"@type":"ListItem","position":2,"name":"Shop","item":"https:\/\/ksproducts.ca\/shop\/"},{"@type":"ListItem","position":3,"name":"Camco TastePURE 50&#8242; Drinking Water Safe Hose"}]},{"@type":"WebSite","@id":"https:\/\/ksproducts.ca\/#website","url":"https:\/\/ksproducts.ca\/","name":"Produits Ks","description":"Cuisiner et vivre en plein air, c'est facile au Canada","publisher":{"@id":"https:\/\/ksproducts.ca\/#organization"},"potentialAction":[{"@type":"SearchAction","target":{"@type":"EntryPoint","urlTemplate":"https:\/\/ksproducts.ca\/?s={search_term_string}"},"query-input":{"@type":"PropertyValueSpecification","valueRequired":true,"valueName":"search_term_string"}}],"inLanguage":"fr-CA"},{"@type":"Organization","@id":"https:\/\/ksproducts.ca\/#organization","name":"Produits Ks","url":"https:\/\/ksproducts.ca\/","logo":{"@type":"ImageObject","inLanguage":"fr-CA","@id":"https:\/\/ksproducts.ca\/#\/schema\/logo\/image\/","url":"https:\/\/ksproducts.ca\/wp-content\/uploads\/2023\/09\/Kennedy-Sales-Logo-header-1.png","contentUrl":"https:\/\/ksproducts.ca\/wp-content\/uploads\/2023\/09\/Kennedy-Sales-Logo-header-1.png","width":150,"height":77,"caption":"Ks Products"},"image":{"@id":"https:\/\/ksproducts.ca\/#\/schema\/logo\/image\/"}}]}},"_links":{"self":[{"href":"https:\/\/ksproducts.ca\/fr\/wp-json\/wp\/v2\/product\/11113","targetHints":{"allow":["GET"]}}],"collection":[{"href":"https:\/\/ksproducts.ca\/fr\/wp-json\/wp\/v2\/product"}],"about":[{"href":"https:\/\/ksproducts.ca\/fr\/wp-json\/wp\/v2\/types\/product"}],"replies":[{"embeddable":true,"href":"https:\/\/ksproducts.ca\/fr\/wp-json\/wp\/v2\/comments?post=11113"}],"version-history":[{"count":1,"href":"https:\/\/ksproducts.ca\/fr\/wp-json\/wp\/v2\/product\/11113\/revisions"}],"predecessor-version":[{"id":11116,"href":"https:\/\/ksproducts.ca\/fr\/wp-json\/wp\/v2\/product\/11113\/revisions\/11116"}],"wp:featuredmedia":[{"embeddable":true,"href":"https:\/\/ksproducts.ca\/fr\/wp-json\/wp\/v2\/media\/11114"}],"wp:attachment":[{"href":"https:\/\/ksproducts.ca\/fr\/wp-json\/wp\/v2\/media?parent=11113"}],"wp:term":[{"taxonomy":"product_cat","embeddable":true,"href":"https:\/\/ksproducts.ca\/fr\/wp-json\/wp\/v2\/product_cat?post=11113"},{"taxonomy":"product_tag","embeddable":true,"href":"https:\/\/ksproducts.ca\/fr\/wp-json\/wp\/v2\/product_tag?post=11113"}],"curies":[{"name":"wp","href":"https:\/\/api.w.org\/{rel}","templated":true}]}}