{"id":11117,"date":"2026-02-13T15:25:09","date_gmt":"2026-02-13T15:25:09","guid":{"rendered":"https:\/\/ksproducts.ca\/?post_type=product&#038;p=11117"},"modified":"2026-02-13T15:25:09","modified_gmt":"2026-02-13T15:25:09","slug":"camco-rhino-25-clean-out-water-hose","status":"publish","type":"product","link":"https:\/\/ksproducts.ca\/fr\/product\/camco-rhino-25-clean-out-water-hose\/","title":{"rendered":"Camco Rhino 25\u2032 Clean-Out Water Hose"},"content":{"rendered":"<ul class=\"nl-features__list\" data-testid=\"features\">\n<li>\n<p class=\"nl-features__information\">Keeps contaminants separate from your drinking water hose and garden hose<\/p>\n<\/li>\n<li>\n<p class=\"nl-features__information\">Bright orange colour helps you prevent cross-contamination by keeping you from accidentally mixing it up with drinking water hoses<\/p>\n<\/li>\n<li>\n<p class=\"nl-features__information\">Length: 25&#8242; (7.6 m)<\/p>\n<\/li>\n<li>\n<p class=\"nl-features__information\">An essential accessory for any RV enthusiast to maintain hygiene on trips<\/p>\n<\/li>\n<li>\n<p class=\"nl-features__information\">Lightweight construction makes it easy to handle and transport without added bulk<\/p>\n<\/li>\n<li>\n<p class=\"nl-features__information\">Resistant to kinks and tangles, ensuring uninterrupted flow during use<\/p>\n<\/li>\n<li>\n<p class=\"nl-features__information\">Built for all seasons, maintaining performance in various weather conditions<\/p>\n<\/li>\n<\/ul>","protected":false},"excerpt":{"rendered":"<p>Si vous rincez vos r\u00e9servoirs d'eaux noires et grises ou si vous nettoyez un r\u00e9servoir de fourrage, vous devez utiliser un tuyau distinct afin de ne pas risquer une contamination crois\u00e9e avec un tuyau d'eau potable. Le tuyau d'eau grise RhinoFLEX 25-Foot de Camco est fabriqu\u00e9 en PVC durable et est orange vif pour que vous ne le confondiez pas avec vos tuyaux d'eau potable par accident. Les extr\u00e9mit\u00e9s sont compatibles avec le filetage standard des tuyaux d'arrosage.<\/p>","protected":false},"featured_media":11118,"comment_status":"open","ping_status":"closed","template":"","meta":[],"product_cat":[431,451],"product_tag":[],"class_list":{"0":"post-11117","1":"product","2":"type-product","3":"status-publish","4":"has-post-thumbnail","6":"product_brand-camco","7":"product_cat-camping-rv-essentials","8":"product_cat-tools-equipment","9":"product_shipping_class-class-2","11":"first","12":"instock","13":"taxable","14":"shipping-taxable","15":"purchasable","16":"product-type-simple"},"yoast_head":"<!-- This site is optimized with the Yoast SEO plugin v27.3 - https:\/\/yoast.com\/product\/yoast-seo-wordpress\/ -->\n<title>Camco Rhino 25&#039; Clean-Out Water Hose - Ks Products<\/title>\n<meta name=\"robots\" content=\"index, follow, max-snippet:-1, max-image-preview:large, max-video-preview:-1\" \/>\n<link rel=\"canonical\" href=\"https:\/\/ksproducts.ca\/fr\/product\/camco-rhino-25-clean-out-water-hose\/\" \/>\n<meta property=\"og:locale\" content=\"fr_CA\" \/>\n<meta property=\"og:type\" content=\"article\" \/>\n<meta property=\"og:title\" content=\"Camco Rhino 25&#039; Clean-Out Water Hose - Ks Products\" \/>\n<meta property=\"og:description\" content=\"If you are flushing your black and grey water tanks or cleaning out a tote tank, then you have to use a separate hose so that you don\u2019t risk cross-contamination with a drinking water hose. The Camco RhinoFLEX 25-Foot Grey Water Hose is made of durable PVC and is bright orange so that you don\u2019t mix it up with your drinking water hoses by accident. The ends are compatible with standard garden hose threads.\" \/>\n<meta property=\"og:url\" content=\"https:\/\/ksproducts.ca\/fr\/product\/camco-rhino-25-clean-out-water-hose\/\" \/>\n<meta property=\"og:site_name\" content=\"Ks Products\" \/>\n<meta property=\"og:image\" content=\"https:\/\/ksproducts.ca\/wp-content\/uploads\/2026\/02\/camco-rhinoflex-25-grey-black-water-hose-e2b321b4-1196-4ac3-901c-a0bb1bf8ada6-jpgrendition.jpg\" \/>\n\t<meta property=\"og:image:width\" content=\"800\" \/>\n\t<meta property=\"og:image:height\" content=\"618\" \/>\n\t<meta property=\"og:image:type\" content=\"image\/jpeg\" \/>\n<meta name=\"twitter:card\" content=\"summary_large_image\" \/>\n<meta name=\"twitter:label1\" content=\"Estimation du temps de lecture\" \/>\n\t<meta name=\"twitter:data1\" content=\"1 minute\" \/>\n<script type=\"application\/ld+json\" class=\"yoast-schema-graph\">{\"@context\":\"https:\\\/\\\/schema.org\",\"@graph\":[{\"@type\":\"WebPage\",\"@id\":\"https:\\\/\\\/ksproducts.ca\\\/product\\\/camco-rhino-25-clean-out-water-hose\\\/\",\"url\":\"https:\\\/\\\/ksproducts.ca\\\/product\\\/camco-rhino-25-clean-out-water-hose\\\/\",\"name\":\"Camco Rhino 25' Clean-Out Water Hose - Ks Products\",\"isPartOf\":{\"@id\":\"https:\\\/\\\/ksproducts.ca\\\/#website\"},\"primaryImageOfPage\":{\"@id\":\"https:\\\/\\\/ksproducts.ca\\\/product\\\/camco-rhino-25-clean-out-water-hose\\\/#primaryimage\"},\"image\":{\"@id\":\"https:\\\/\\\/ksproducts.ca\\\/product\\\/camco-rhino-25-clean-out-water-hose\\\/#primaryimage\"},\"thumbnailUrl\":\"https:\\\/\\\/ksproducts.ca\\\/wp-content\\\/uploads\\\/2026\\\/02\\\/camco-rhinoflex-25-grey-black-water-hose-e2b321b4-1196-4ac3-901c-a0bb1bf8ada6-jpgrendition.jpg\",\"datePublished\":\"2026-02-13T15:25:09+00:00\",\"breadcrumb\":{\"@id\":\"https:\\\/\\\/ksproducts.ca\\\/product\\\/camco-rhino-25-clean-out-water-hose\\\/#breadcrumb\"},\"inLanguage\":\"fr-CA\",\"potentialAction\":[{\"@type\":\"ReadAction\",\"target\":[\"https:\\\/\\\/ksproducts.ca\\\/product\\\/camco-rhino-25-clean-out-water-hose\\\/\"]}]},{\"@type\":\"ImageObject\",\"inLanguage\":\"fr-CA\",\"@id\":\"https:\\\/\\\/ksproducts.ca\\\/product\\\/camco-rhino-25-clean-out-water-hose\\\/#primaryimage\",\"url\":\"https:\\\/\\\/ksproducts.ca\\\/wp-content\\\/uploads\\\/2026\\\/02\\\/camco-rhinoflex-25-grey-black-water-hose-e2b321b4-1196-4ac3-901c-a0bb1bf8ada6-jpgrendition.jpg\",\"contentUrl\":\"https:\\\/\\\/ksproducts.ca\\\/wp-content\\\/uploads\\\/2026\\\/02\\\/camco-rhinoflex-25-grey-black-water-hose-e2b321b4-1196-4ac3-901c-a0bb1bf8ada6-jpgrendition.jpg\",\"width\":800,\"height\":618,\"caption\":\"Camco Rhino 25' Clean-Out Water Hose\"},{\"@type\":\"BreadcrumbList\",\"@id\":\"https:\\\/\\\/ksproducts.ca\\\/product\\\/camco-rhino-25-clean-out-water-hose\\\/#breadcrumb\",\"itemListElement\":[{\"@type\":\"ListItem\",\"position\":1,\"name\":\"Home\",\"item\":\"https:\\\/\\\/ksproducts.ca\\\/\"},{\"@type\":\"ListItem\",\"position\":2,\"name\":\"Shop\",\"item\":\"https:\\\/\\\/ksproducts.ca\\\/shop\\\/\"},{\"@type\":\"ListItem\",\"position\":3,\"name\":\"Camco Rhino 25&#8242; Clean-Out Water Hose\"}]},{\"@type\":\"WebSite\",\"@id\":\"https:\\\/\\\/ksproducts.ca\\\/#website\",\"url\":\"https:\\\/\\\/ksproducts.ca\\\/\",\"name\":\"Ks Products\",\"description\":\"Outdoor cooking and living, made easy in Canada\",\"publisher\":{\"@id\":\"https:\\\/\\\/ksproducts.ca\\\/#organization\"},\"potentialAction\":[{\"@type\":\"SearchAction\",\"target\":{\"@type\":\"EntryPoint\",\"urlTemplate\":\"https:\\\/\\\/ksproducts.ca\\\/?s={search_term_string}\"},\"query-input\":{\"@type\":\"PropertyValueSpecification\",\"valueRequired\":true,\"valueName\":\"search_term_string\"}}],\"inLanguage\":\"fr-CA\"},{\"@type\":\"Organization\",\"@id\":\"https:\\\/\\\/ksproducts.ca\\\/#organization\",\"name\":\"Ks Products\",\"url\":\"https:\\\/\\\/ksproducts.ca\\\/\",\"logo\":{\"@type\":\"ImageObject\",\"inLanguage\":\"fr-CA\",\"@id\":\"https:\\\/\\\/ksproducts.ca\\\/#\\\/schema\\\/logo\\\/image\\\/\",\"url\":\"https:\\\/\\\/ksproducts.ca\\\/wp-content\\\/uploads\\\/2023\\\/09\\\/Kennedy-Sales-Logo-header-1.png\",\"contentUrl\":\"https:\\\/\\\/ksproducts.ca\\\/wp-content\\\/uploads\\\/2023\\\/09\\\/Kennedy-Sales-Logo-header-1.png\",\"width\":150,\"height\":77,\"caption\":\"Ks Products\"},\"image\":{\"@id\":\"https:\\\/\\\/ksproducts.ca\\\/#\\\/schema\\\/logo\\\/image\\\/\"}}]}<\/script>\n<!-- \/ Yoast SEO plugin. -->","yoast_head_json":{"title":"Camco Rhino 25' Clean-Out Water Hose - Ks Products","robots":{"index":"index","follow":"follow","max-snippet":"max-snippet:-1","max-image-preview":"max-image-preview:large","max-video-preview":"max-video-preview:-1"},"canonical":"https:\/\/ksproducts.ca\/fr\/product\/camco-rhino-25-clean-out-water-hose\/","og_locale":"fr_CA","og_type":"article","og_title":"Camco Rhino 25' Clean-Out Water Hose - Ks Products","og_description":"If you are flushing your black and grey water tanks or cleaning out a tote tank, then you have to use a separate hose so that you don\u2019t risk cross-contamination with a drinking water hose. The Camco RhinoFLEX 25-Foot Grey Water Hose is made of durable PVC and is bright orange so that you don\u2019t mix it up with your drinking water hoses by accident. The ends are compatible with standard garden hose threads.","og_url":"https:\/\/ksproducts.ca\/fr\/product\/camco-rhino-25-clean-out-water-hose\/","og_site_name":"Ks Products","og_image":[{"width":800,"height":618,"url":"https:\/\/ksproducts.ca\/wp-content\/uploads\/2026\/02\/camco-rhinoflex-25-grey-black-water-hose-e2b321b4-1196-4ac3-901c-a0bb1bf8ada6-jpgrendition.jpg","type":"image\/jpeg"}],"twitter_card":"summary_large_image","twitter_misc":{"Estimation du temps de lecture":"1 minute"},"schema":{"@context":"https:\/\/schema.org","@graph":[{"@type":"WebPage","@id":"https:\/\/ksproducts.ca\/product\/camco-rhino-25-clean-out-water-hose\/","url":"https:\/\/ksproducts.ca\/product\/camco-rhino-25-clean-out-water-hose\/","name":"Camco Rhino 25' Clean-Out Water Hose - Ks Products","isPartOf":{"@id":"https:\/\/ksproducts.ca\/#website"},"primaryImageOfPage":{"@id":"https:\/\/ksproducts.ca\/product\/camco-rhino-25-clean-out-water-hose\/#primaryimage"},"image":{"@id":"https:\/\/ksproducts.ca\/product\/camco-rhino-25-clean-out-water-hose\/#primaryimage"},"thumbnailUrl":"https:\/\/ksproducts.ca\/wp-content\/uploads\/2026\/02\/camco-rhinoflex-25-grey-black-water-hose-e2b321b4-1196-4ac3-901c-a0bb1bf8ada6-jpgrendition.jpg","datePublished":"2026-02-13T15:25:09+00:00","breadcrumb":{"@id":"https:\/\/ksproducts.ca\/product\/camco-rhino-25-clean-out-water-hose\/#breadcrumb"},"inLanguage":"fr-CA","potentialAction":[{"@type":"ReadAction","target":["https:\/\/ksproducts.ca\/product\/camco-rhino-25-clean-out-water-hose\/"]}]},{"@type":"ImageObject","inLanguage":"fr-CA","@id":"https:\/\/ksproducts.ca\/product\/camco-rhino-25-clean-out-water-hose\/#primaryimage","url":"https:\/\/ksproducts.ca\/wp-content\/uploads\/2026\/02\/camco-rhinoflex-25-grey-black-water-hose-e2b321b4-1196-4ac3-901c-a0bb1bf8ada6-jpgrendition.jpg","contentUrl":"https:\/\/ksproducts.ca\/wp-content\/uploads\/2026\/02\/camco-rhinoflex-25-grey-black-water-hose-e2b321b4-1196-4ac3-901c-a0bb1bf8ada6-jpgrendition.jpg","width":800,"height":618,"caption":"Camco Rhino 25' Clean-Out Water Hose"},{"@type":"BreadcrumbList","@id":"https:\/\/ksproducts.ca\/product\/camco-rhino-25-clean-out-water-hose\/#breadcrumb","itemListElement":[{"@type":"ListItem","position":1,"name":"Home","item":"https:\/\/ksproducts.ca\/"},{"@type":"ListItem","position":2,"name":"Shop","item":"https:\/\/ksproducts.ca\/shop\/"},{"@type":"ListItem","position":3,"name":"Camco Rhino 25&#8242; Clean-Out Water Hose"}]},{"@type":"WebSite","@id":"https:\/\/ksproducts.ca\/#website","url":"https:\/\/ksproducts.ca\/","name":"Produits Ks","description":"Cuisiner et vivre en plein air, c'est facile au Canada","publisher":{"@id":"https:\/\/ksproducts.ca\/#organization"},"potentialAction":[{"@type":"SearchAction","target":{"@type":"EntryPoint","urlTemplate":"https:\/\/ksproducts.ca\/?s={search_term_string}"},"query-input":{"@type":"PropertyValueSpecification","valueRequired":true,"valueName":"search_term_string"}}],"inLanguage":"fr-CA"},{"@type":"Organization","@id":"https:\/\/ksproducts.ca\/#organization","name":"Produits Ks","url":"https:\/\/ksproducts.ca\/","logo":{"@type":"ImageObject","inLanguage":"fr-CA","@id":"https:\/\/ksproducts.ca\/#\/schema\/logo\/image\/","url":"https:\/\/ksproducts.ca\/wp-content\/uploads\/2023\/09\/Kennedy-Sales-Logo-header-1.png","contentUrl":"https:\/\/ksproducts.ca\/wp-content\/uploads\/2023\/09\/Kennedy-Sales-Logo-header-1.png","width":150,"height":77,"caption":"Ks Products"},"image":{"@id":"https:\/\/ksproducts.ca\/#\/schema\/logo\/image\/"}}]}},"_links":{"self":[{"href":"https:\/\/ksproducts.ca\/fr\/wp-json\/wp\/v2\/product\/11117","targetHints":{"allow":["GET"]}}],"collection":[{"href":"https:\/\/ksproducts.ca\/fr\/wp-json\/wp\/v2\/product"}],"about":[{"href":"https:\/\/ksproducts.ca\/fr\/wp-json\/wp\/v2\/types\/product"}],"replies":[{"embeddable":true,"href":"https:\/\/ksproducts.ca\/fr\/wp-json\/wp\/v2\/comments?post=11117"}],"version-history":[{"count":1,"href":"https:\/\/ksproducts.ca\/fr\/wp-json\/wp\/v2\/product\/11117\/revisions"}],"predecessor-version":[{"id":11123,"href":"https:\/\/ksproducts.ca\/fr\/wp-json\/wp\/v2\/product\/11117\/revisions\/11123"}],"wp:featuredmedia":[{"embeddable":true,"href":"https:\/\/ksproducts.ca\/fr\/wp-json\/wp\/v2\/media\/11118"}],"wp:attachment":[{"href":"https:\/\/ksproducts.ca\/fr\/wp-json\/wp\/v2\/media?parent=11117"}],"wp:term":[{"taxonomy":"product_cat","embeddable":true,"href":"https:\/\/ksproducts.ca\/fr\/wp-json\/wp\/v2\/product_cat?post=11117"},{"taxonomy":"product_tag","embeddable":true,"href":"https:\/\/ksproducts.ca\/fr\/wp-json\/wp\/v2\/product_tag?post=11117"}],"curies":[{"name":"wp","href":"https:\/\/api.w.org\/{rel}","templated":true}]}}