{"id":11132,"date":"2026-02-13T15:58:45","date_gmt":"2026-02-13T15:58:45","guid":{"rendered":"https:\/\/ksproducts.ca\/?post_type=product&#038;p=11132"},"modified":"2026-03-02T18:51:39","modified_gmt":"2026-03-02T18:51:39","slug":"camco-tst-max-30-pack-rv-toilet-treatment-drop-ins-orange-scent","status":"publish","type":"product","link":"https:\/\/ksproducts.ca\/fr\/product\/camco-tst-max-30-pack-rv-toilet-treatment-drop-ins-orange-scent\/","title":{"rendered":"Camco TST Max 30 paquets de produits de traitement des toilettes pour v\u00e9hicules de plaisance - odeur d'orange"},"content":{"rendered":"<ul class=\"a-unordered-list a-vertical\">\n<li><span class=\"a-list-item\">\u00c9limine les odeurs et aide \u00e0 d\u00e9composer les d\u00e9chets dans le r\u00e9servoir de r\u00e9tention de votre v\u00e9hicule r\u00e9cr\u00e9atif.<\/span><\/li>\n<li><span class=\"a-list-item\">Ultra-concentr\u00e9 : une seule capsule traite jusqu'\u00e0 150 litres<\/span><\/li>\n<li><span class=\"a-list-item\">Ne contient ni pesticides, ni biocides, ni allerg\u00e8nes tels que le bronopol, lib\u00e9rateur de formaldehyde.<\/span><\/li>\n<li><span class=\"a-list-item\">Approuv\u00e9 pour les VR et les bateaux; sans danger pour tous les fosses septiques<\/span><\/li>\n<li><span class=\"a-list-item\">Parfum d'orange fra\u00eeche<\/span><\/li>\n<li><span class=\"a-list-item\">30 Drop-INs\/conteneur<\/span><\/li>\n<\/ul>","protected":false},"excerpt":{"rendered":"<p>Il est essentiel de maintenir la plomberie de votre v\u00e9hicule r\u00e9cr\u00e9atif en bon \u00e9tat de fonctionnement et de r\u00e9duire les odeurs au minimum. Le traitement sanitaire de marque TST de Camco existe depuis plus de 20 ans. Il agit en d\u00e9composant les d\u00e9chets et les tissus, ce qui permet d'arr\u00eater les odeurs pendant une p\u00e9riode pouvant aller jusqu'\u00e0 sept jours. Chaque TST Drop-IN se pr\u00e9sente sous forme de granul\u00e9s \u00e0 l'int\u00e9rieur d'un sachet qui se dissout dans l'eau. Un seul suffit pour traiter un r\u00e9servoir de 40 gallons. Ils ne contiennent pas de formald\u00e9hyde, de pesticides ou de biocides nocifs. Les Drop-IN sont sans danger pour les fosses septiques.<\/p>","protected":false},"featured_media":11134,"comment_status":"open","ping_status":"closed","template":"","meta":[],"product_cat":[431],"product_tag":[],"class_list":{"0":"post-11132","1":"product","2":"type-product","3":"status-publish","4":"has-post-thumbnail","6":"product_brand-camco","7":"product_cat-camping-rv-essentials","8":"product_shipping_class-class-1","10":"first","11":"instock","12":"taxable","13":"shipping-taxable","14":"purchasable","15":"product-type-simple"},"yoast_head":"<!-- This site is optimized with the Yoast SEO plugin v27.4 - https:\/\/yoast.com\/product\/yoast-seo-wordpress\/ -->\n<title>Camco TST Max 30-pack RV Toilet Treatment Drop-ins - Orange Scent - Ks Products<\/title>\n<meta name=\"robots\" content=\"index, follow, max-snippet:-1, max-image-preview:large, max-video-preview:-1\" \/>\n<link rel=\"canonical\" href=\"https:\/\/ksproducts.ca\/fr\/product\/camco-tst-max-30-pack-rv-toilet-treatment-drop-ins-orange-scent\/\" \/>\n<meta property=\"og:locale\" content=\"fr_CA\" \/>\n<meta property=\"og:type\" content=\"article\" \/>\n<meta property=\"og:title\" content=\"Camco TST Max 30-pack RV Toilet Treatment Drop-ins - Orange Scent - Ks Products\" \/>\n<meta property=\"og:description\" content=\"It\u2019s essential to keep your RVs plumbing in working order and have odors at a minimum. Camco\u2019s TST brand sanitation treatment has been around for over 20 years. They work by breaking down waste and tissue\u2014stopping odors for up to seven days. Each TST Drop-IN is in granular form inside a pouch that dissolves in water. One is all that is needed to treat up to a 40-gallon tank. They don\u2019t contain harmful formaldehyde, pesticides or biocides. The Drop-INs are septic tank safe\" \/>\n<meta property=\"og:url\" content=\"https:\/\/ksproducts.ca\/fr\/product\/camco-tst-max-30-pack-rv-toilet-treatment-drop-ins-orange-scent\/\" \/>\n<meta property=\"og:site_name\" content=\"Ks Products\" \/>\n<meta property=\"article:modified_time\" content=\"2026-03-02T18:51:39+00:00\" \/>\n<meta property=\"og:image\" content=\"https:\/\/ksproducts.ca\/wp-content\/uploads\/2026\/02\/71KNfFh4TLL._AC_SL1500_.jpg\" \/>\n\t<meta property=\"og:image:width\" content=\"800\" \/>\n\t<meta property=\"og:image:height\" content=\"498\" \/>\n\t<meta property=\"og:image:type\" content=\"image\/jpeg\" \/>\n<meta name=\"twitter:card\" content=\"summary_large_image\" \/>\n<meta name=\"twitter:label1\" content=\"Estimation du temps de lecture\" \/>\n\t<meta name=\"twitter:data1\" content=\"1 minute\" \/>\n<script type=\"application\/ld+json\" class=\"yoast-schema-graph\">{\"@context\":\"https:\\\/\\\/schema.org\",\"@graph\":[{\"@type\":\"WebPage\",\"@id\":\"https:\\\/\\\/ksproducts.ca\\\/product\\\/camco-tst-max-30-pack-rv-toilet-treatment-drop-ins-orange-scent\\\/\",\"url\":\"https:\\\/\\\/ksproducts.ca\\\/product\\\/camco-tst-max-30-pack-rv-toilet-treatment-drop-ins-orange-scent\\\/\",\"name\":\"Camco TST Max 30-pack RV Toilet Treatment Drop-ins - Orange Scent - Ks Products\",\"isPartOf\":{\"@id\":\"https:\\\/\\\/ksproducts.ca\\\/#website\"},\"primaryImageOfPage\":{\"@id\":\"https:\\\/\\\/ksproducts.ca\\\/product\\\/camco-tst-max-30-pack-rv-toilet-treatment-drop-ins-orange-scent\\\/#primaryimage\"},\"image\":{\"@id\":\"https:\\\/\\\/ksproducts.ca\\\/product\\\/camco-tst-max-30-pack-rv-toilet-treatment-drop-ins-orange-scent\\\/#primaryimage\"},\"thumbnailUrl\":\"https:\\\/\\\/ksproducts.ca\\\/wp-content\\\/uploads\\\/2026\\\/02\\\/71KNfFh4TLL._AC_SL1500_.jpg\",\"datePublished\":\"2026-02-13T15:58:45+00:00\",\"dateModified\":\"2026-03-02T18:51:39+00:00\",\"breadcrumb\":{\"@id\":\"https:\\\/\\\/ksproducts.ca\\\/product\\\/camco-tst-max-30-pack-rv-toilet-treatment-drop-ins-orange-scent\\\/#breadcrumb\"},\"inLanguage\":\"fr-CA\",\"potentialAction\":[{\"@type\":\"ReadAction\",\"target\":[\"https:\\\/\\\/ksproducts.ca\\\/product\\\/camco-tst-max-30-pack-rv-toilet-treatment-drop-ins-orange-scent\\\/\"]}]},{\"@type\":\"ImageObject\",\"inLanguage\":\"fr-CA\",\"@id\":\"https:\\\/\\\/ksproducts.ca\\\/product\\\/camco-tst-max-30-pack-rv-toilet-treatment-drop-ins-orange-scent\\\/#primaryimage\",\"url\":\"https:\\\/\\\/ksproducts.ca\\\/wp-content\\\/uploads\\\/2026\\\/02\\\/71KNfFh4TLL._AC_SL1500_.jpg\",\"contentUrl\":\"https:\\\/\\\/ksproducts.ca\\\/wp-content\\\/uploads\\\/2026\\\/02\\\/71KNfFh4TLL._AC_SL1500_.jpg\",\"width\":800,\"height\":498,\"caption\":\"Camco TST Max 30-pack RV Toilet Treatment Drop-ins - Orange Scent\"},{\"@type\":\"BreadcrumbList\",\"@id\":\"https:\\\/\\\/ksproducts.ca\\\/product\\\/camco-tst-max-30-pack-rv-toilet-treatment-drop-ins-orange-scent\\\/#breadcrumb\",\"itemListElement\":[{\"@type\":\"ListItem\",\"position\":1,\"name\":\"Home\",\"item\":\"https:\\\/\\\/ksproducts.ca\\\/\"},{\"@type\":\"ListItem\",\"position\":2,\"name\":\"Shop\",\"item\":\"https:\\\/\\\/ksproducts.ca\\\/shop\\\/\"},{\"@type\":\"ListItem\",\"position\":3,\"name\":\"Camco TST Max 30-pack RV Toilet Treatment Drop-ins &#8211; Orange Scent\"}]},{\"@type\":\"WebSite\",\"@id\":\"https:\\\/\\\/ksproducts.ca\\\/#website\",\"url\":\"https:\\\/\\\/ksproducts.ca\\\/\",\"name\":\"Ks Products\",\"description\":\"Outdoor cooking and living, made easy in Canada\",\"publisher\":{\"@id\":\"https:\\\/\\\/ksproducts.ca\\\/#organization\"},\"potentialAction\":[{\"@type\":\"SearchAction\",\"target\":{\"@type\":\"EntryPoint\",\"urlTemplate\":\"https:\\\/\\\/ksproducts.ca\\\/?s={search_term_string}\"},\"query-input\":{\"@type\":\"PropertyValueSpecification\",\"valueRequired\":true,\"valueName\":\"search_term_string\"}}],\"inLanguage\":\"fr-CA\"},{\"@type\":\"Organization\",\"@id\":\"https:\\\/\\\/ksproducts.ca\\\/#organization\",\"name\":\"Ks Products\",\"url\":\"https:\\\/\\\/ksproducts.ca\\\/\",\"logo\":{\"@type\":\"ImageObject\",\"inLanguage\":\"fr-CA\",\"@id\":\"https:\\\/\\\/ksproducts.ca\\\/#\\\/schema\\\/logo\\\/image\\\/\",\"url\":\"https:\\\/\\\/ksproducts.ca\\\/wp-content\\\/uploads\\\/2023\\\/09\\\/Kennedy-Sales-Logo-header-1.png\",\"contentUrl\":\"https:\\\/\\\/ksproducts.ca\\\/wp-content\\\/uploads\\\/2023\\\/09\\\/Kennedy-Sales-Logo-header-1.png\",\"width\":150,\"height\":77,\"caption\":\"Ks Products\"},\"image\":{\"@id\":\"https:\\\/\\\/ksproducts.ca\\\/#\\\/schema\\\/logo\\\/image\\\/\"}}]}<\/script>\n<!-- \/ Yoast SEO plugin. -->","yoast_head_json":{"title":"Camco TST Max 30 paquets de produits de traitement des toilettes pour v\u00e9hicules de plaisance - parfum orange - Ks Products","robots":{"index":"index","follow":"follow","max-snippet":"max-snippet:-1","max-image-preview":"max-image-preview:large","max-video-preview":"max-video-preview:-1"},"canonical":"https:\/\/ksproducts.ca\/fr\/product\/camco-tst-max-30-pack-rv-toilet-treatment-drop-ins-orange-scent\/","og_locale":"fr_CA","og_type":"article","og_title":"Camco TST Max 30-pack RV Toilet Treatment Drop-ins - Orange Scent - Ks Products","og_description":"It\u2019s essential to keep your RVs plumbing in working order and have odors at a minimum. Camco\u2019s TST brand sanitation treatment has been around for over 20 years. They work by breaking down waste and tissue\u2014stopping odors for up to seven days. Each TST Drop-IN is in granular form inside a pouch that dissolves in water. One is all that is needed to treat up to a 40-gallon tank. They don\u2019t contain harmful formaldehyde, pesticides or biocides. The Drop-INs are septic tank safe","og_url":"https:\/\/ksproducts.ca\/fr\/product\/camco-tst-max-30-pack-rv-toilet-treatment-drop-ins-orange-scent\/","og_site_name":"Ks Products","article_modified_time":"2026-03-02T18:51:39+00:00","og_image":[{"width":800,"height":498,"url":"https:\/\/ksproducts.ca\/wp-content\/uploads\/2026\/02\/71KNfFh4TLL._AC_SL1500_.jpg","type":"image\/jpeg"}],"twitter_card":"summary_large_image","twitter_misc":{"Estimation du temps de lecture":"1 minute"},"schema":{"@context":"https:\/\/schema.org","@graph":[{"@type":"WebPage","@id":"https:\/\/ksproducts.ca\/product\/camco-tst-max-30-pack-rv-toilet-treatment-drop-ins-orange-scent\/","url":"https:\/\/ksproducts.ca\/product\/camco-tst-max-30-pack-rv-toilet-treatment-drop-ins-orange-scent\/","name":"Camco TST Max 30 paquets de produits de traitement des toilettes pour v\u00e9hicules de plaisance - parfum orange - Ks Products","isPartOf":{"@id":"https:\/\/ksproducts.ca\/#website"},"primaryImageOfPage":{"@id":"https:\/\/ksproducts.ca\/product\/camco-tst-max-30-pack-rv-toilet-treatment-drop-ins-orange-scent\/#primaryimage"},"image":{"@id":"https:\/\/ksproducts.ca\/product\/camco-tst-max-30-pack-rv-toilet-treatment-drop-ins-orange-scent\/#primaryimage"},"thumbnailUrl":"https:\/\/ksproducts.ca\/wp-content\/uploads\/2026\/02\/71KNfFh4TLL._AC_SL1500_.jpg","datePublished":"2026-02-13T15:58:45+00:00","dateModified":"2026-03-02T18:51:39+00:00","breadcrumb":{"@id":"https:\/\/ksproducts.ca\/product\/camco-tst-max-30-pack-rv-toilet-treatment-drop-ins-orange-scent\/#breadcrumb"},"inLanguage":"fr-CA","potentialAction":[{"@type":"ReadAction","target":["https:\/\/ksproducts.ca\/product\/camco-tst-max-30-pack-rv-toilet-treatment-drop-ins-orange-scent\/"]}]},{"@type":"ImageObject","inLanguage":"fr-CA","@id":"https:\/\/ksproducts.ca\/product\/camco-tst-max-30-pack-rv-toilet-treatment-drop-ins-orange-scent\/#primaryimage","url":"https:\/\/ksproducts.ca\/wp-content\/uploads\/2026\/02\/71KNfFh4TLL._AC_SL1500_.jpg","contentUrl":"https:\/\/ksproducts.ca\/wp-content\/uploads\/2026\/02\/71KNfFh4TLL._AC_SL1500_.jpg","width":800,"height":498,"caption":"Camco TST Max 30-pack RV Toilet Treatment Drop-ins - Orange Scent"},{"@type":"BreadcrumbList","@id":"https:\/\/ksproducts.ca\/product\/camco-tst-max-30-pack-rv-toilet-treatment-drop-ins-orange-scent\/#breadcrumb","itemListElement":[{"@type":"ListItem","position":1,"name":"Home","item":"https:\/\/ksproducts.ca\/"},{"@type":"ListItem","position":2,"name":"Shop","item":"https:\/\/ksproducts.ca\/shop\/"},{"@type":"ListItem","position":3,"name":"Camco TST Max 30-pack RV Toilet Treatment Drop-ins &#8211; Orange Scent"}]},{"@type":"WebSite","@id":"https:\/\/ksproducts.ca\/#website","url":"https:\/\/ksproducts.ca\/","name":"Produits Ks","description":"Cuisiner et vivre en plein air, c'est facile au Canada","publisher":{"@id":"https:\/\/ksproducts.ca\/#organization"},"potentialAction":[{"@type":"SearchAction","target":{"@type":"EntryPoint","urlTemplate":"https:\/\/ksproducts.ca\/?s={search_term_string}"},"query-input":{"@type":"PropertyValueSpecification","valueRequired":true,"valueName":"search_term_string"}}],"inLanguage":"fr-CA"},{"@type":"Organization","@id":"https:\/\/ksproducts.ca\/#organization","name":"Produits Ks","url":"https:\/\/ksproducts.ca\/","logo":{"@type":"ImageObject","inLanguage":"fr-CA","@id":"https:\/\/ksproducts.ca\/#\/schema\/logo\/image\/","url":"https:\/\/ksproducts.ca\/wp-content\/uploads\/2023\/09\/Kennedy-Sales-Logo-header-1.png","contentUrl":"https:\/\/ksproducts.ca\/wp-content\/uploads\/2023\/09\/Kennedy-Sales-Logo-header-1.png","width":150,"height":77,"caption":"Ks Products"},"image":{"@id":"https:\/\/ksproducts.ca\/#\/schema\/logo\/image\/"}}]}},"_links":{"self":[{"href":"https:\/\/ksproducts.ca\/fr\/wp-json\/wp\/v2\/product\/11132","targetHints":{"allow":["GET"]}}],"collection":[{"href":"https:\/\/ksproducts.ca\/fr\/wp-json\/wp\/v2\/product"}],"about":[{"href":"https:\/\/ksproducts.ca\/fr\/wp-json\/wp\/v2\/types\/product"}],"replies":[{"embeddable":true,"href":"https:\/\/ksproducts.ca\/fr\/wp-json\/wp\/v2\/comments?post=11132"}],"version-history":[{"count":1,"href":"https:\/\/ksproducts.ca\/fr\/wp-json\/wp\/v2\/product\/11132\/revisions"}],"predecessor-version":[{"id":11137,"href":"https:\/\/ksproducts.ca\/fr\/wp-json\/wp\/v2\/product\/11132\/revisions\/11137"}],"wp:featuredmedia":[{"embeddable":true,"href":"https:\/\/ksproducts.ca\/fr\/wp-json\/wp\/v2\/media\/11134"}],"wp:attachment":[{"href":"https:\/\/ksproducts.ca\/fr\/wp-json\/wp\/v2\/media?parent=11132"}],"wp:term":[{"taxonomy":"product_cat","embeddable":true,"href":"https:\/\/ksproducts.ca\/fr\/wp-json\/wp\/v2\/product_cat?post=11132"},{"taxonomy":"product_tag","embeddable":true,"href":"https:\/\/ksproducts.ca\/fr\/wp-json\/wp\/v2\/product_tag?post=11132"}],"curies":[{"name":"wp","href":"https:\/\/api.w.org\/{rel}","templated":true}]}}