{"id":11138,"date":"2026-02-13T16:02:31","date_gmt":"2026-02-13T16:02:31","guid":{"rendered":"https:\/\/ksproducts.ca\/?post_type=product&#038;p=11138"},"modified":"2026-03-02T18:52:30","modified_gmt":"2026-03-02T18:52:30","slug":"camco-tst-max-8-paquets-traitement-pour-toilettes-de-camping-car-parfum-orange","status":"publish","type":"product","link":"https:\/\/ksproducts.ca\/fr\/product\/camco-tst-max-8-pack-rv-toilet-treatment-singles-orange-scent\/","title":{"rendered":"Camco TST Max 8-pack RV Toilet Treatment Singles - Orange Scent"},"content":{"rendered":"<ul>\n<li>\u00c9limine les odeurs et d\u00e9compose les d\u00e9chets dans les r\u00e9servoirs de r\u00e9tention des VR et les cuves \u00e0 eaux noires marines<\/li>\n<li>Formule d'agrumes puissante au parfum d'agrumes frais<\/li>\n<li>Ne n\u00e9cessite aucun m\u00e9lange ou mesure, chaque bouteille traite jusqu'\u00e0 40 gallons.<\/li>\n<li>Ultra-concentr\u00e9<\/li>\n<\/ul>","protected":false},"excerpt":{"rendered":"<p>Le traitement pour toilettes Camco TST Orange Power RV aide \u00e0 d\u00e9composer les d\u00e9chets et les tissus. Un parfum frais d'agrumes a \u00e9t\u00e9 ajout\u00e9 pour aider \u00e0 contr\u00f4ler les odeurs. Ce produit ne contient pas de formald\u00e9hyde, ne tache pas et est sans danger pour les fosses septiques. Notre solution en une \u00e9tape ne n\u00e9cessite aucun m\u00e9lange ni aucune pr\u00e9paration. Ultra concentr\u00e9 - seulement 4 onces traiteront jusqu'\u00e0 80 gallons d'eau. Contient 16 traitements.<\/p>","protected":false},"featured_media":11139,"comment_status":"open","ping_status":"closed","template":"","meta":[],"product_cat":[431],"product_tag":[],"class_list":{"0":"post-11138","1":"product","2":"type-product","3":"status-publish","4":"has-post-thumbnail","6":"product_brand-camco","7":"product_cat-camping-rv-essentials","8":"product_shipping_class-class-1","10":"first","11":"instock","12":"taxable","13":"shipping-taxable","14":"purchasable","15":"product-type-simple"},"yoast_head":"<!-- This site is optimized with the Yoast SEO plugin v27.4 - https:\/\/yoast.com\/product\/yoast-seo-wordpress\/ -->\n<title>Camco TST Max 8-pack RV Toilet Treatment Singles - Orange Scent - Ks Products<\/title>\n<meta name=\"robots\" content=\"index, follow, max-snippet:-1, max-image-preview:large, max-video-preview:-1\" \/>\n<link rel=\"canonical\" href=\"https:\/\/ksproducts.ca\/fr\/product\/camco-tst-max-8-paquets-traitement-pour-toilettes-de-camping-car-parfum-orange\/\" \/>\n<meta property=\"og:locale\" content=\"fr_CA\" \/>\n<meta property=\"og:type\" content=\"article\" \/>\n<meta property=\"og:title\" content=\"Camco TST Max 8-pack RV Toilet Treatment Singles - Orange Scent - Ks Products\" \/>\n<meta property=\"og:description\" content=\"Camco TST Orange Power RV Toilet Treatment helps to break down waste and tissue. Fresh citrus fragrance has been added to help control odours. This product contains no formaldehyde, and is non-staining and safe for septic tanks. Our one step solution requires no mixing or preparation. Ultra concentrated - just 4 ounces will treat up to 80 gallons of water. Contains 16 treatments.\" \/>\n<meta property=\"og:url\" content=\"https:\/\/ksproducts.ca\/fr\/product\/camco-tst-max-8-paquets-traitement-pour-toilettes-de-camping-car-parfum-orange\/\" \/>\n<meta property=\"og:site_name\" content=\"Ks Products\" \/>\n<meta property=\"article:modified_time\" content=\"2026-03-02T18:52:30+00:00\" \/>\n<meta property=\"og:image\" content=\"https:\/\/ksproducts.ca\/wp-content\/uploads\/2026\/02\/51QJ9DIwVpL._AC_SL1000_.jpg\" \/>\n\t<meta property=\"og:image:width\" content=\"980\" \/>\n\t<meta property=\"og:image:height\" content=\"680\" \/>\n\t<meta property=\"og:image:type\" content=\"image\/jpeg\" \/>\n<meta name=\"twitter:card\" content=\"summary_large_image\" \/>\n<meta name=\"twitter:label1\" content=\"Estimation du temps de lecture\" \/>\n\t<meta name=\"twitter:data1\" content=\"1 minute\" \/>\n<script type=\"application\/ld+json\" class=\"yoast-schema-graph\">{\"@context\":\"https:\\\/\\\/schema.org\",\"@graph\":[{\"@type\":\"WebPage\",\"@id\":\"https:\\\/\\\/ksproducts.ca\\\/product\\\/camco-tst-max-8-pack-rv-toilet-treatment-singles-orange-scent\\\/\",\"url\":\"https:\\\/\\\/ksproducts.ca\\\/product\\\/camco-tst-max-8-pack-rv-toilet-treatment-singles-orange-scent\\\/\",\"name\":\"Camco TST Max 8-pack RV Toilet Treatment Singles - Orange Scent - Ks Products\",\"isPartOf\":{\"@id\":\"https:\\\/\\\/ksproducts.ca\\\/#website\"},\"primaryImageOfPage\":{\"@id\":\"https:\\\/\\\/ksproducts.ca\\\/product\\\/camco-tst-max-8-pack-rv-toilet-treatment-singles-orange-scent\\\/#primaryimage\"},\"image\":{\"@id\":\"https:\\\/\\\/ksproducts.ca\\\/product\\\/camco-tst-max-8-pack-rv-toilet-treatment-singles-orange-scent\\\/#primaryimage\"},\"thumbnailUrl\":\"https:\\\/\\\/ksproducts.ca\\\/wp-content\\\/uploads\\\/2026\\\/02\\\/51QJ9DIwVpL._AC_SL1000_.jpg\",\"datePublished\":\"2026-02-13T16:02:31+00:00\",\"dateModified\":\"2026-03-02T18:52:30+00:00\",\"breadcrumb\":{\"@id\":\"https:\\\/\\\/ksproducts.ca\\\/product\\\/camco-tst-max-8-pack-rv-toilet-treatment-singles-orange-scent\\\/#breadcrumb\"},\"inLanguage\":\"fr-CA\",\"potentialAction\":[{\"@type\":\"ReadAction\",\"target\":[\"https:\\\/\\\/ksproducts.ca\\\/product\\\/camco-tst-max-8-pack-rv-toilet-treatment-singles-orange-scent\\\/\"]}]},{\"@type\":\"ImageObject\",\"inLanguage\":\"fr-CA\",\"@id\":\"https:\\\/\\\/ksproducts.ca\\\/product\\\/camco-tst-max-8-pack-rv-toilet-treatment-singles-orange-scent\\\/#primaryimage\",\"url\":\"https:\\\/\\\/ksproducts.ca\\\/wp-content\\\/uploads\\\/2026\\\/02\\\/51QJ9DIwVpL._AC_SL1000_.jpg\",\"contentUrl\":\"https:\\\/\\\/ksproducts.ca\\\/wp-content\\\/uploads\\\/2026\\\/02\\\/51QJ9DIwVpL._AC_SL1000_.jpg\",\"width\":980,\"height\":680,\"caption\":\"Camco TST Max 8-pack RV Toilet Treatment Singles - Orange Scent\"},{\"@type\":\"BreadcrumbList\",\"@id\":\"https:\\\/\\\/ksproducts.ca\\\/product\\\/camco-tst-max-8-pack-rv-toilet-treatment-singles-orange-scent\\\/#breadcrumb\",\"itemListElement\":[{\"@type\":\"ListItem\",\"position\":1,\"name\":\"Home\",\"item\":\"https:\\\/\\\/ksproducts.ca\\\/\"},{\"@type\":\"ListItem\",\"position\":2,\"name\":\"Shop\",\"item\":\"https:\\\/\\\/ksproducts.ca\\\/shop\\\/\"},{\"@type\":\"ListItem\",\"position\":3,\"name\":\"Camco TST Max 8-pack RV Toilet Treatment Singles &#8211; Orange Scent\"}]},{\"@type\":\"WebSite\",\"@id\":\"https:\\\/\\\/ksproducts.ca\\\/#website\",\"url\":\"https:\\\/\\\/ksproducts.ca\\\/\",\"name\":\"Ks Products\",\"description\":\"Outdoor cooking and living, made easy in Canada\",\"publisher\":{\"@id\":\"https:\\\/\\\/ksproducts.ca\\\/#organization\"},\"potentialAction\":[{\"@type\":\"SearchAction\",\"target\":{\"@type\":\"EntryPoint\",\"urlTemplate\":\"https:\\\/\\\/ksproducts.ca\\\/?s={search_term_string}\"},\"query-input\":{\"@type\":\"PropertyValueSpecification\",\"valueRequired\":true,\"valueName\":\"search_term_string\"}}],\"inLanguage\":\"fr-CA\"},{\"@type\":\"Organization\",\"@id\":\"https:\\\/\\\/ksproducts.ca\\\/#organization\",\"name\":\"Ks Products\",\"url\":\"https:\\\/\\\/ksproducts.ca\\\/\",\"logo\":{\"@type\":\"ImageObject\",\"inLanguage\":\"fr-CA\",\"@id\":\"https:\\\/\\\/ksproducts.ca\\\/#\\\/schema\\\/logo\\\/image\\\/\",\"url\":\"https:\\\/\\\/ksproducts.ca\\\/wp-content\\\/uploads\\\/2023\\\/09\\\/Kennedy-Sales-Logo-header-1.png\",\"contentUrl\":\"https:\\\/\\\/ksproducts.ca\\\/wp-content\\\/uploads\\\/2023\\\/09\\\/Kennedy-Sales-Logo-header-1.png\",\"width\":150,\"height\":77,\"caption\":\"Ks Products\"},\"image\":{\"@id\":\"https:\\\/\\\/ksproducts.ca\\\/#\\\/schema\\\/logo\\\/image\\\/\"}}]}<\/script>\n<!-- \/ Yoast SEO plugin. -->","yoast_head_json":{"title":"Camco TST Max Lot de 8 dosettes pour toilette de camping-car - Parfum orange - Produits Ks","robots":{"index":"index","follow":"follow","max-snippet":"max-snippet:-1","max-image-preview":"max-image-preview:large","max-video-preview":"max-video-preview:-1"},"canonical":"https:\/\/ksproducts.ca\/fr\/product\/camco-tst-max-8-paquets-traitement-pour-toilettes-de-camping-car-parfum-orange\/","og_locale":"fr_CA","og_type":"article","og_title":"Camco TST Max 8-pack RV Toilet Treatment Singles - Orange Scent - Ks Products","og_description":"Camco TST Orange Power RV Toilet Treatment helps to break down waste and tissue. Fresh citrus fragrance has been added to help control odours. This product contains no formaldehyde, and is non-staining and safe for septic tanks. Our one step solution requires no mixing or preparation. Ultra concentrated - just 4 ounces will treat up to 80 gallons of water. Contains 16 treatments.","og_url":"https:\/\/ksproducts.ca\/fr\/product\/camco-tst-max-8-paquets-traitement-pour-toilettes-de-camping-car-parfum-orange\/","og_site_name":"Ks Products","article_modified_time":"2026-03-02T18:52:30+00:00","og_image":[{"width":980,"height":680,"url":"https:\/\/ksproducts.ca\/wp-content\/uploads\/2026\/02\/51QJ9DIwVpL._AC_SL1000_.jpg","type":"image\/jpeg"}],"twitter_card":"summary_large_image","twitter_misc":{"Estimation du temps de lecture":"1 minute"},"schema":{"@context":"https:\/\/schema.org","@graph":[{"@type":"WebPage","@id":"https:\/\/ksproducts.ca\/product\/camco-tst-max-8-pack-rv-toilet-treatment-singles-orange-scent\/","url":"https:\/\/ksproducts.ca\/product\/camco-tst-max-8-pack-rv-toilet-treatment-singles-orange-scent\/","name":"Camco TST Max Lot de 8 dosettes pour toilette de camping-car - Parfum orange - Produits Ks","isPartOf":{"@id":"https:\/\/ksproducts.ca\/#website"},"primaryImageOfPage":{"@id":"https:\/\/ksproducts.ca\/product\/camco-tst-max-8-pack-rv-toilet-treatment-singles-orange-scent\/#primaryimage"},"image":{"@id":"https:\/\/ksproducts.ca\/product\/camco-tst-max-8-pack-rv-toilet-treatment-singles-orange-scent\/#primaryimage"},"thumbnailUrl":"https:\/\/ksproducts.ca\/wp-content\/uploads\/2026\/02\/51QJ9DIwVpL._AC_SL1000_.jpg","datePublished":"2026-02-13T16:02:31+00:00","dateModified":"2026-03-02T18:52:30+00:00","breadcrumb":{"@id":"https:\/\/ksproducts.ca\/product\/camco-tst-max-8-pack-rv-toilet-treatment-singles-orange-scent\/#breadcrumb"},"inLanguage":"fr-CA","potentialAction":[{"@type":"ReadAction","target":["https:\/\/ksproducts.ca\/product\/camco-tst-max-8-pack-rv-toilet-treatment-singles-orange-scent\/"]}]},{"@type":"ImageObject","inLanguage":"fr-CA","@id":"https:\/\/ksproducts.ca\/product\/camco-tst-max-8-pack-rv-toilet-treatment-singles-orange-scent\/#primaryimage","url":"https:\/\/ksproducts.ca\/wp-content\/uploads\/2026\/02\/51QJ9DIwVpL._AC_SL1000_.jpg","contentUrl":"https:\/\/ksproducts.ca\/wp-content\/uploads\/2026\/02\/51QJ9DIwVpL._AC_SL1000_.jpg","width":980,"height":680,"caption":"Camco TST Max 8-pack RV Toilet Treatment Singles - Orange Scent"},{"@type":"BreadcrumbList","@id":"https:\/\/ksproducts.ca\/product\/camco-tst-max-8-pack-rv-toilet-treatment-singles-orange-scent\/#breadcrumb","itemListElement":[{"@type":"ListItem","position":1,"name":"Home","item":"https:\/\/ksproducts.ca\/"},{"@type":"ListItem","position":2,"name":"Shop","item":"https:\/\/ksproducts.ca\/shop\/"},{"@type":"ListItem","position":3,"name":"Camco TST Max 8-pack RV Toilet Treatment Singles &#8211; Orange Scent"}]},{"@type":"WebSite","@id":"https:\/\/ksproducts.ca\/#website","url":"https:\/\/ksproducts.ca\/","name":"Produits Ks","description":"Cuisiner et vivre en plein air, c'est facile au Canada","publisher":{"@id":"https:\/\/ksproducts.ca\/#organization"},"potentialAction":[{"@type":"SearchAction","target":{"@type":"EntryPoint","urlTemplate":"https:\/\/ksproducts.ca\/?s={search_term_string}"},"query-input":{"@type":"PropertyValueSpecification","valueRequired":true,"valueName":"search_term_string"}}],"inLanguage":"fr-CA"},{"@type":"Organization","@id":"https:\/\/ksproducts.ca\/#organization","name":"Produits Ks","url":"https:\/\/ksproducts.ca\/","logo":{"@type":"ImageObject","inLanguage":"fr-CA","@id":"https:\/\/ksproducts.ca\/#\/schema\/logo\/image\/","url":"https:\/\/ksproducts.ca\/wp-content\/uploads\/2023\/09\/Kennedy-Sales-Logo-header-1.png","contentUrl":"https:\/\/ksproducts.ca\/wp-content\/uploads\/2023\/09\/Kennedy-Sales-Logo-header-1.png","width":150,"height":77,"caption":"Ks Products"},"image":{"@id":"https:\/\/ksproducts.ca\/#\/schema\/logo\/image\/"}}]}},"_links":{"self":[{"href":"https:\/\/ksproducts.ca\/fr\/wp-json\/wp\/v2\/product\/11138","targetHints":{"allow":["GET"]}}],"collection":[{"href":"https:\/\/ksproducts.ca\/fr\/wp-json\/wp\/v2\/product"}],"about":[{"href":"https:\/\/ksproducts.ca\/fr\/wp-json\/wp\/v2\/types\/product"}],"replies":[{"embeddable":true,"href":"https:\/\/ksproducts.ca\/fr\/wp-json\/wp\/v2\/comments?post=11138"}],"version-history":[{"count":1,"href":"https:\/\/ksproducts.ca\/fr\/wp-json\/wp\/v2\/product\/11138\/revisions"}],"predecessor-version":[{"id":11140,"href":"https:\/\/ksproducts.ca\/fr\/wp-json\/wp\/v2\/product\/11138\/revisions\/11140"}],"wp:featuredmedia":[{"embeddable":true,"href":"https:\/\/ksproducts.ca\/fr\/wp-json\/wp\/v2\/media\/11139"}],"wp:attachment":[{"href":"https:\/\/ksproducts.ca\/fr\/wp-json\/wp\/v2\/media?parent=11138"}],"wp:term":[{"taxonomy":"product_cat","embeddable":true,"href":"https:\/\/ksproducts.ca\/fr\/wp-json\/wp\/v2\/product_cat?post=11138"},{"taxonomy":"product_tag","embeddable":true,"href":"https:\/\/ksproducts.ca\/fr\/wp-json\/wp\/v2\/product_tag?post=11138"}],"curies":[{"name":"wp","href":"https:\/\/api.w.org\/{rel}","templated":true}]}}