{"id":11141,"date":"2026-02-13T16:07:49","date_gmt":"2026-02-13T16:07:49","guid":{"rendered":"https:\/\/ksproducts.ca\/?post_type=product&#038;p=11141"},"modified":"2026-03-02T18:50:54","modified_gmt":"2026-03-02T18:50:54","slug":"camco-tst-max-15-pack-rv-toilet-treatment-drop-ins-lavender-scent","status":"publish","type":"product","link":"https:\/\/ksproducts.ca\/fr\/product\/camco-tst-max-15-pack-rv-toilet-treatment-drop-ins-lavender-scent\/","title":{"rendered":"Camco TST Max 15 paquets de produits de traitement des toilettes pour v\u00e9hicules de plaisance - odeur de lavande"},"content":{"rendered":"<ul class=\"a-unordered-list a-vertical a-spacing-mini\">\n<li class=\"a-spacing-mini\"><span class=\"a-list-item\">Toilet Deodorizer With Reactive Odor-Eliminating Technology: Experience a powerful RV odor eliminator that stops RV black tank odors for up to 7 days. Just (1) toilet drop in treats camper toilets with up to a 40-gallon tank.<\/span><\/li>\n<li class=\"a-spacing-mini\"><span class=\"a-list-item\">Superior Formulation, Unmatched Performance: Get exceptional results with TST MAX RV tank treatments. The advanced chemistry is safe for septic systems.<\/span><\/li>\n<li class=\"a-spacing-mini\"><span class=\"a-list-item\">Powerful RV Black Tank Treatment: Eliminate clogs &amp; odors in your camper\/marine black water tank with TST MAX. This powerful solution breaks down waste &amp; RV toilet paper, while also aiding in waste digestion for optimal sensor performance.<\/span><\/li>\n<li class=\"a-spacing-mini\"><span class=\"a-list-item\">Multi-Purpose: This RV accessory is great for boating, full-time\/occasional camping, boondocking, &amp; portable camping toilets. Be sure to have this camper must-have with the rest of your camping supplies<\/span><\/li>\n<\/ul>","protected":false},"excerpt":{"rendered":"<p>Gardez votre r\u00e9servoir noir frais et propre avec les produits TST MAX Lavender Drop-IN de Camco. Ces dosettes sont sp\u00e9cialement con\u00e7ues pour \u00e9liminer les odeurs, d\u00e9composer les d\u00e9chets et assurer un rendement optimal dans les r\u00e9servoirs des v\u00e9hicules de plaisance et des bateaux. Les dosettes de toilette TST Max pour v\u00e9hicules de plaisance sont con\u00e7ues pour \u00eatre sans danger pour votre fosse septique et l'environnement. La formule ultra-concentr\u00e9e offre une solution durable pour vos besoins en mati\u00e8re de traitement des toilettes. Pratique et puissant, chaque dosette traite jusqu'\u00e0 un r\u00e9servoir de 40 gallons pour sept jours de pr\u00e9vention des odeurs avec une seule application. Faites confiance aux Drop-IN TST MAX Lavender de Camco, fabriqu\u00e9s aux \u00c9tats-Unis, pour un r\u00e9servoir frais et sans odeurs lors de tous vos voyages.<\/p>","protected":false},"featured_media":11143,"comment_status":"open","ping_status":"closed","template":"","meta":[],"product_cat":[431],"product_tag":[],"class_list":{"0":"post-11141","1":"product","2":"type-product","3":"status-publish","4":"has-post-thumbnail","6":"product_brand-camco","7":"product_cat-camping-rv-essentials","8":"product_shipping_class-class-1","10":"first","11":"instock","12":"taxable","13":"shipping-taxable","14":"purchasable","15":"product-type-simple"},"yoast_head":"<!-- This site is optimized with the Yoast SEO plugin v27.3 - https:\/\/yoast.com\/product\/yoast-seo-wordpress\/ -->\n<title>Camco TST Max 15-pack RV Toilet Treatment Drop-ins - Lavender Scent - Ks Products<\/title>\n<meta name=\"robots\" content=\"index, follow, max-snippet:-1, max-image-preview:large, max-video-preview:-1\" \/>\n<link rel=\"canonical\" href=\"https:\/\/ksproducts.ca\/fr\/product\/camco-tst-max-15-pack-rv-toilet-treatment-drop-ins-lavender-scent\/\" \/>\n<meta property=\"og:locale\" content=\"fr_CA\" \/>\n<meta property=\"og:type\" content=\"article\" \/>\n<meta property=\"og:title\" content=\"Camco TST Max 15-pack RV Toilet Treatment Drop-ins - Lavender Scent - Ks Products\" \/>\n<meta property=\"og:description\" content=\"Keep your black tank fresh and clean with Camco&#039;s TST MAX Lavender Drop-INs. These Drop-INs are specially designed to eliminate odors, break down waste, and ensure top performance in RV and marine tanks. TST Max RV toilet pods are designed to be safe for your septic tank and the environment. The ultra-concentrated formula offers a sustainable solution for your toilet treatment needs. Convenient and powerful, each Drop-IN treats up to a 40-gallon tank for seven days of odor prevention with just one application. Trust Camco&#039;s USA-made TST MAX Lavender Drop-INs for a fresh and odor-free tank on all your travels.\" \/>\n<meta property=\"og:url\" content=\"https:\/\/ksproducts.ca\/fr\/product\/camco-tst-max-15-pack-rv-toilet-treatment-drop-ins-lavender-scent\/\" \/>\n<meta property=\"og:site_name\" content=\"Ks Products\" \/>\n<meta property=\"article:modified_time\" content=\"2026-03-02T18:50:54+00:00\" \/>\n<meta property=\"og:image\" content=\"https:\/\/ksproducts.ca\/wp-content\/uploads\/2026\/02\/71qgv6z13bL._AC_SL1500_.jpg\" \/>\n\t<meta property=\"og:image:width\" content=\"800\" \/>\n\t<meta property=\"og:image:height\" content=\"481\" \/>\n\t<meta property=\"og:image:type\" content=\"image\/jpeg\" \/>\n<meta name=\"twitter:card\" content=\"summary_large_image\" \/>\n<meta name=\"twitter:label1\" content=\"Estimation du temps de lecture\" \/>\n\t<meta name=\"twitter:data1\" content=\"1 minute\" \/>\n<script type=\"application\/ld+json\" class=\"yoast-schema-graph\">{\"@context\":\"https:\\\/\\\/schema.org\",\"@graph\":[{\"@type\":\"WebPage\",\"@id\":\"https:\\\/\\\/ksproducts.ca\\\/product\\\/camco-tst-max-15-pack-rv-toilet-treatment-drop-ins-lavender-scent\\\/\",\"url\":\"https:\\\/\\\/ksproducts.ca\\\/product\\\/camco-tst-max-15-pack-rv-toilet-treatment-drop-ins-lavender-scent\\\/\",\"name\":\"Camco TST Max 15-pack RV Toilet Treatment Drop-ins - Lavender Scent - Ks Products\",\"isPartOf\":{\"@id\":\"https:\\\/\\\/ksproducts.ca\\\/#website\"},\"primaryImageOfPage\":{\"@id\":\"https:\\\/\\\/ksproducts.ca\\\/product\\\/camco-tst-max-15-pack-rv-toilet-treatment-drop-ins-lavender-scent\\\/#primaryimage\"},\"image\":{\"@id\":\"https:\\\/\\\/ksproducts.ca\\\/product\\\/camco-tst-max-15-pack-rv-toilet-treatment-drop-ins-lavender-scent\\\/#primaryimage\"},\"thumbnailUrl\":\"https:\\\/\\\/ksproducts.ca\\\/wp-content\\\/uploads\\\/2026\\\/02\\\/71qgv6z13bL._AC_SL1500_.jpg\",\"datePublished\":\"2026-02-13T16:07:49+00:00\",\"dateModified\":\"2026-03-02T18:50:54+00:00\",\"breadcrumb\":{\"@id\":\"https:\\\/\\\/ksproducts.ca\\\/product\\\/camco-tst-max-15-pack-rv-toilet-treatment-drop-ins-lavender-scent\\\/#breadcrumb\"},\"inLanguage\":\"fr-CA\",\"potentialAction\":[{\"@type\":\"ReadAction\",\"target\":[\"https:\\\/\\\/ksproducts.ca\\\/product\\\/camco-tst-max-15-pack-rv-toilet-treatment-drop-ins-lavender-scent\\\/\"]}]},{\"@type\":\"ImageObject\",\"inLanguage\":\"fr-CA\",\"@id\":\"https:\\\/\\\/ksproducts.ca\\\/product\\\/camco-tst-max-15-pack-rv-toilet-treatment-drop-ins-lavender-scent\\\/#primaryimage\",\"url\":\"https:\\\/\\\/ksproducts.ca\\\/wp-content\\\/uploads\\\/2026\\\/02\\\/71qgv6z13bL._AC_SL1500_.jpg\",\"contentUrl\":\"https:\\\/\\\/ksproducts.ca\\\/wp-content\\\/uploads\\\/2026\\\/02\\\/71qgv6z13bL._AC_SL1500_.jpg\",\"width\":800,\"height\":481,\"caption\":\"Camco TST Max 15-pack RV Toilet Treatment Drop-ins - Lavender Scent\"},{\"@type\":\"BreadcrumbList\",\"@id\":\"https:\\\/\\\/ksproducts.ca\\\/product\\\/camco-tst-max-15-pack-rv-toilet-treatment-drop-ins-lavender-scent\\\/#breadcrumb\",\"itemListElement\":[{\"@type\":\"ListItem\",\"position\":1,\"name\":\"Home\",\"item\":\"https:\\\/\\\/ksproducts.ca\\\/\"},{\"@type\":\"ListItem\",\"position\":2,\"name\":\"Shop\",\"item\":\"https:\\\/\\\/ksproducts.ca\\\/shop\\\/\"},{\"@type\":\"ListItem\",\"position\":3,\"name\":\"Camco TST Max 15-pack RV Toilet Treatment Drop-ins &#8211; Lavender Scent\"}]},{\"@type\":\"WebSite\",\"@id\":\"https:\\\/\\\/ksproducts.ca\\\/#website\",\"url\":\"https:\\\/\\\/ksproducts.ca\\\/\",\"name\":\"Ks Products\",\"description\":\"Outdoor cooking and living, made easy in Canada\",\"publisher\":{\"@id\":\"https:\\\/\\\/ksproducts.ca\\\/#organization\"},\"potentialAction\":[{\"@type\":\"SearchAction\",\"target\":{\"@type\":\"EntryPoint\",\"urlTemplate\":\"https:\\\/\\\/ksproducts.ca\\\/?s={search_term_string}\"},\"query-input\":{\"@type\":\"PropertyValueSpecification\",\"valueRequired\":true,\"valueName\":\"search_term_string\"}}],\"inLanguage\":\"fr-CA\"},{\"@type\":\"Organization\",\"@id\":\"https:\\\/\\\/ksproducts.ca\\\/#organization\",\"name\":\"Ks Products\",\"url\":\"https:\\\/\\\/ksproducts.ca\\\/\",\"logo\":{\"@type\":\"ImageObject\",\"inLanguage\":\"fr-CA\",\"@id\":\"https:\\\/\\\/ksproducts.ca\\\/#\\\/schema\\\/logo\\\/image\\\/\",\"url\":\"https:\\\/\\\/ksproducts.ca\\\/wp-content\\\/uploads\\\/2023\\\/09\\\/Kennedy-Sales-Logo-header-1.png\",\"contentUrl\":\"https:\\\/\\\/ksproducts.ca\\\/wp-content\\\/uploads\\\/2023\\\/09\\\/Kennedy-Sales-Logo-header-1.png\",\"width\":150,\"height\":77,\"caption\":\"Ks Products\"},\"image\":{\"@id\":\"https:\\\/\\\/ksproducts.ca\\\/#\\\/schema\\\/logo\\\/image\\\/\"}}]}<\/script>\n<!-- \/ Yoast SEO plugin. -->","yoast_head_json":{"title":"Camco TST Max 15-pack RV Toilet Treatment Drop-ins - Lavender Scent - Ks Products","robots":{"index":"index","follow":"follow","max-snippet":"max-snippet:-1","max-image-preview":"max-image-preview:large","max-video-preview":"max-video-preview:-1"},"canonical":"https:\/\/ksproducts.ca\/fr\/product\/camco-tst-max-15-pack-rv-toilet-treatment-drop-ins-lavender-scent\/","og_locale":"fr_CA","og_type":"article","og_title":"Camco TST Max 15-pack RV Toilet Treatment Drop-ins - Lavender Scent - Ks Products","og_description":"Keep your black tank fresh and clean with Camco's TST MAX Lavender Drop-INs. These Drop-INs are specially designed to eliminate odors, break down waste, and ensure top performance in RV and marine tanks. TST Max RV toilet pods are designed to be safe for your septic tank and the environment. The ultra-concentrated formula offers a sustainable solution for your toilet treatment needs. Convenient and powerful, each Drop-IN treats up to a 40-gallon tank for seven days of odor prevention with just one application. Trust Camco's USA-made TST MAX Lavender Drop-INs for a fresh and odor-free tank on all your travels.","og_url":"https:\/\/ksproducts.ca\/fr\/product\/camco-tst-max-15-pack-rv-toilet-treatment-drop-ins-lavender-scent\/","og_site_name":"Ks Products","article_modified_time":"2026-03-02T18:50:54+00:00","og_image":[{"width":800,"height":481,"url":"https:\/\/ksproducts.ca\/wp-content\/uploads\/2026\/02\/71qgv6z13bL._AC_SL1500_.jpg","type":"image\/jpeg"}],"twitter_card":"summary_large_image","twitter_misc":{"Estimation du temps de lecture":"1 minute"},"schema":{"@context":"https:\/\/schema.org","@graph":[{"@type":"WebPage","@id":"https:\/\/ksproducts.ca\/product\/camco-tst-max-15-pack-rv-toilet-treatment-drop-ins-lavender-scent\/","url":"https:\/\/ksproducts.ca\/product\/camco-tst-max-15-pack-rv-toilet-treatment-drop-ins-lavender-scent\/","name":"Camco TST Max 15-pack RV Toilet Treatment Drop-ins - Lavender Scent - Ks Products","isPartOf":{"@id":"https:\/\/ksproducts.ca\/#website"},"primaryImageOfPage":{"@id":"https:\/\/ksproducts.ca\/product\/camco-tst-max-15-pack-rv-toilet-treatment-drop-ins-lavender-scent\/#primaryimage"},"image":{"@id":"https:\/\/ksproducts.ca\/product\/camco-tst-max-15-pack-rv-toilet-treatment-drop-ins-lavender-scent\/#primaryimage"},"thumbnailUrl":"https:\/\/ksproducts.ca\/wp-content\/uploads\/2026\/02\/71qgv6z13bL._AC_SL1500_.jpg","datePublished":"2026-02-13T16:07:49+00:00","dateModified":"2026-03-02T18:50:54+00:00","breadcrumb":{"@id":"https:\/\/ksproducts.ca\/product\/camco-tst-max-15-pack-rv-toilet-treatment-drop-ins-lavender-scent\/#breadcrumb"},"inLanguage":"fr-CA","potentialAction":[{"@type":"ReadAction","target":["https:\/\/ksproducts.ca\/product\/camco-tst-max-15-pack-rv-toilet-treatment-drop-ins-lavender-scent\/"]}]},{"@type":"ImageObject","inLanguage":"fr-CA","@id":"https:\/\/ksproducts.ca\/product\/camco-tst-max-15-pack-rv-toilet-treatment-drop-ins-lavender-scent\/#primaryimage","url":"https:\/\/ksproducts.ca\/wp-content\/uploads\/2026\/02\/71qgv6z13bL._AC_SL1500_.jpg","contentUrl":"https:\/\/ksproducts.ca\/wp-content\/uploads\/2026\/02\/71qgv6z13bL._AC_SL1500_.jpg","width":800,"height":481,"caption":"Camco TST Max 15-pack RV Toilet Treatment Drop-ins - Lavender Scent"},{"@type":"BreadcrumbList","@id":"https:\/\/ksproducts.ca\/product\/camco-tst-max-15-pack-rv-toilet-treatment-drop-ins-lavender-scent\/#breadcrumb","itemListElement":[{"@type":"ListItem","position":1,"name":"Home","item":"https:\/\/ksproducts.ca\/"},{"@type":"ListItem","position":2,"name":"Shop","item":"https:\/\/ksproducts.ca\/shop\/"},{"@type":"ListItem","position":3,"name":"Camco TST Max 15-pack RV Toilet Treatment Drop-ins &#8211; Lavender Scent"}]},{"@type":"WebSite","@id":"https:\/\/ksproducts.ca\/#website","url":"https:\/\/ksproducts.ca\/","name":"Produits Ks","description":"Cuisiner et vivre en plein air, c'est facile au Canada","publisher":{"@id":"https:\/\/ksproducts.ca\/#organization"},"potentialAction":[{"@type":"SearchAction","target":{"@type":"EntryPoint","urlTemplate":"https:\/\/ksproducts.ca\/?s={search_term_string}"},"query-input":{"@type":"PropertyValueSpecification","valueRequired":true,"valueName":"search_term_string"}}],"inLanguage":"fr-CA"},{"@type":"Organization","@id":"https:\/\/ksproducts.ca\/#organization","name":"Produits Ks","url":"https:\/\/ksproducts.ca\/","logo":{"@type":"ImageObject","inLanguage":"fr-CA","@id":"https:\/\/ksproducts.ca\/#\/schema\/logo\/image\/","url":"https:\/\/ksproducts.ca\/wp-content\/uploads\/2023\/09\/Kennedy-Sales-Logo-header-1.png","contentUrl":"https:\/\/ksproducts.ca\/wp-content\/uploads\/2023\/09\/Kennedy-Sales-Logo-header-1.png","width":150,"height":77,"caption":"Ks Products"},"image":{"@id":"https:\/\/ksproducts.ca\/#\/schema\/logo\/image\/"}}]}},"_links":{"self":[{"href":"https:\/\/ksproducts.ca\/fr\/wp-json\/wp\/v2\/product\/11141","targetHints":{"allow":["GET"]}}],"collection":[{"href":"https:\/\/ksproducts.ca\/fr\/wp-json\/wp\/v2\/product"}],"about":[{"href":"https:\/\/ksproducts.ca\/fr\/wp-json\/wp\/v2\/types\/product"}],"replies":[{"embeddable":true,"href":"https:\/\/ksproducts.ca\/fr\/wp-json\/wp\/v2\/comments?post=11141"}],"version-history":[{"count":1,"href":"https:\/\/ksproducts.ca\/fr\/wp-json\/wp\/v2\/product\/11141\/revisions"}],"predecessor-version":[{"id":11144,"href":"https:\/\/ksproducts.ca\/fr\/wp-json\/wp\/v2\/product\/11141\/revisions\/11144"}],"wp:featuredmedia":[{"embeddable":true,"href":"https:\/\/ksproducts.ca\/fr\/wp-json\/wp\/v2\/media\/11143"}],"wp:attachment":[{"href":"https:\/\/ksproducts.ca\/fr\/wp-json\/wp\/v2\/media?parent=11141"}],"wp:term":[{"taxonomy":"product_cat","embeddable":true,"href":"https:\/\/ksproducts.ca\/fr\/wp-json\/wp\/v2\/product_cat?post=11141"},{"taxonomy":"product_tag","embeddable":true,"href":"https:\/\/ksproducts.ca\/fr\/wp-json\/wp\/v2\/product_tag?post=11141"}],"curies":[{"name":"wp","href":"https:\/\/api.w.org\/{rel}","templated":true}]}}