{"id":11145,"date":"2026-02-13T16:12:11","date_gmt":"2026-02-13T16:12:11","guid":{"rendered":"https:\/\/ksproducts.ca\/?post_type=product&#038;p=11145"},"modified":"2026-03-02T18:50:08","modified_gmt":"2026-03-02T18:50:08","slug":"camco-tst-max-15-pack-rv-toilet-treatment-drop-ins-hibiscus-breeze-scent","status":"publish","type":"product","link":"https:\/\/ksproducts.ca\/fr\/product\/camco-tst-max-15-pack-rv-toilet-treatment-drop-ins-hibiscus-breeze-scent\/","title":{"rendered":"Camco TST Max 15 paquets de produits de traitement des toilettes pour v\u00e9hicules de plaisance - Parfum de brise d'hibiscus"},"content":{"rendered":"<ul>\n<li>Eliminates odours and helps break down waste in the RV holding tank<\/li>\n<li>Just one drop-in treats up to a 40-gallon tank<\/li>\n<li>Does not contain the toxic, formaldehyde-releasing ingredient bronopol<\/li>\n<\/ul>","protected":false},"excerpt":{"rendered":"<p>Les gouttes TST Hibiscus Breeze de Camco aident \u00e0 contr\u00f4ler les odeurs ind\u00e9sirables et \u00e0 d\u00e9composer les d\u00e9chets et les tissus dans votre r\u00e9servoir d'eaux noires. Ces gouttes faciles \u00e0 utiliser contiennent un m\u00e9lange d'huiles surfactantes parfum\u00e9es \u00e0 la brise d'hibiscus qui emprisonnent les odeurs ind\u00e9sirables dans votre r\u00e9servoir, ce qui rend votre exp\u00e9rience de camping plus agr\u00e9able. TST Hibiscus Breeze est approuv\u00e9 pour les v\u00e9hicules de plaisance et les bateaux, ne contient pas de formald\u00e9hyde et est sans danger pour toutes les fosses septiques - il est m\u00eame parfait pour les toilettes de camping portables !<\/p>\n<p>&nbsp;<\/p>","protected":false},"featured_media":11146,"comment_status":"open","ping_status":"closed","template":"","meta":[],"product_cat":[431],"product_tag":[],"class_list":{"0":"post-11145","1":"product","2":"type-product","3":"status-publish","4":"has-post-thumbnail","6":"product_brand-camco","7":"product_cat-camping-rv-essentials","8":"product_shipping_class-class-1","10":"first","11":"instock","12":"taxable","13":"shipping-taxable","14":"purchasable","15":"product-type-simple"},"yoast_head":"<!-- This site is optimized with the Yoast SEO plugin v27.3 - https:\/\/yoast.com\/product\/yoast-seo-wordpress\/ -->\n<title>Camco TST Max 15-pack RV Toilet Treatment Drop-ins - Hibiscus Breeze Scent - Ks Products<\/title>\n<meta name=\"robots\" content=\"index, follow, max-snippet:-1, max-image-preview:large, max-video-preview:-1\" \/>\n<link rel=\"canonical\" href=\"https:\/\/ksproducts.ca\/fr\/product\/camco-tst-max-15-pack-rv-toilet-treatment-drop-ins-hibiscus-breeze-scent\/\" \/>\n<meta property=\"og:locale\" content=\"fr_CA\" \/>\n<meta property=\"og:type\" content=\"article\" \/>\n<meta property=\"og:title\" content=\"Camco TST Max 15-pack RV Toilet Treatment Drop-ins - Hibiscus Breeze Scent - Ks Products\" \/>\n<meta property=\"og:description\" content=\"Camco\u2019s TST Hibiscus Breeze Drop-Ins help control unwanted odours and break down waste and tissue in your black water holding tank. These easy-to-use drop-Ins contain a blend of hibiscus breeze-scented surfactant oils that trap unwanted odours in your tank, making your camping experience more enjoyable. TST Hibiscus Breeze is RV and marine approved, does not contain formaldehyde and is safe for all septic tanks\u2014it&#039;s even great for portable camping toilets!  &nbsp;\" \/>\n<meta property=\"og:url\" content=\"https:\/\/ksproducts.ca\/fr\/product\/camco-tst-max-15-pack-rv-toilet-treatment-drop-ins-hibiscus-breeze-scent\/\" \/>\n<meta property=\"og:site_name\" content=\"Ks Products\" \/>\n<meta property=\"article:modified_time\" content=\"2026-03-02T18:50:08+00:00\" \/>\n<meta property=\"og:image\" content=\"https:\/\/ksproducts.ca\/wp-content\/uploads\/2026\/02\/ec50d024-6ebc-4d39-9465-0d372e843163__51714.jpg\" \/>\n\t<meta property=\"og:image:width\" content=\"800\" \/>\n\t<meta property=\"og:image:height\" content=\"639\" \/>\n\t<meta property=\"og:image:type\" content=\"image\/jpeg\" \/>\n<meta name=\"twitter:card\" content=\"summary_large_image\" \/>\n<meta name=\"twitter:label1\" content=\"Estimation du temps de lecture\" \/>\n\t<meta name=\"twitter:data1\" content=\"1 minute\" \/>\n<script type=\"application\/ld+json\" class=\"yoast-schema-graph\">{\"@context\":\"https:\\\/\\\/schema.org\",\"@graph\":[{\"@type\":\"WebPage\",\"@id\":\"https:\\\/\\\/ksproducts.ca\\\/product\\\/camco-tst-max-15-pack-rv-toilet-treatment-drop-ins-hibiscus-breeze-scent\\\/\",\"url\":\"https:\\\/\\\/ksproducts.ca\\\/product\\\/camco-tst-max-15-pack-rv-toilet-treatment-drop-ins-hibiscus-breeze-scent\\\/\",\"name\":\"Camco TST Max 15-pack RV Toilet Treatment Drop-ins - Hibiscus Breeze Scent - Ks Products\",\"isPartOf\":{\"@id\":\"https:\\\/\\\/ksproducts.ca\\\/#website\"},\"primaryImageOfPage\":{\"@id\":\"https:\\\/\\\/ksproducts.ca\\\/product\\\/camco-tst-max-15-pack-rv-toilet-treatment-drop-ins-hibiscus-breeze-scent\\\/#primaryimage\"},\"image\":{\"@id\":\"https:\\\/\\\/ksproducts.ca\\\/product\\\/camco-tst-max-15-pack-rv-toilet-treatment-drop-ins-hibiscus-breeze-scent\\\/#primaryimage\"},\"thumbnailUrl\":\"https:\\\/\\\/ksproducts.ca\\\/wp-content\\\/uploads\\\/2026\\\/02\\\/ec50d024-6ebc-4d39-9465-0d372e843163__51714.jpg\",\"datePublished\":\"2026-02-13T16:12:11+00:00\",\"dateModified\":\"2026-03-02T18:50:08+00:00\",\"breadcrumb\":{\"@id\":\"https:\\\/\\\/ksproducts.ca\\\/product\\\/camco-tst-max-15-pack-rv-toilet-treatment-drop-ins-hibiscus-breeze-scent\\\/#breadcrumb\"},\"inLanguage\":\"fr-CA\",\"potentialAction\":[{\"@type\":\"ReadAction\",\"target\":[\"https:\\\/\\\/ksproducts.ca\\\/product\\\/camco-tst-max-15-pack-rv-toilet-treatment-drop-ins-hibiscus-breeze-scent\\\/\"]}]},{\"@type\":\"ImageObject\",\"inLanguage\":\"fr-CA\",\"@id\":\"https:\\\/\\\/ksproducts.ca\\\/product\\\/camco-tst-max-15-pack-rv-toilet-treatment-drop-ins-hibiscus-breeze-scent\\\/#primaryimage\",\"url\":\"https:\\\/\\\/ksproducts.ca\\\/wp-content\\\/uploads\\\/2026\\\/02\\\/ec50d024-6ebc-4d39-9465-0d372e843163__51714.jpg\",\"contentUrl\":\"https:\\\/\\\/ksproducts.ca\\\/wp-content\\\/uploads\\\/2026\\\/02\\\/ec50d024-6ebc-4d39-9465-0d372e843163__51714.jpg\",\"width\":800,\"height\":639,\"caption\":\"Camco TST Max 15-pack RV Toilet Treatment Drop-ins - Hibiscus Breeze Scent\"},{\"@type\":\"BreadcrumbList\",\"@id\":\"https:\\\/\\\/ksproducts.ca\\\/product\\\/camco-tst-max-15-pack-rv-toilet-treatment-drop-ins-hibiscus-breeze-scent\\\/#breadcrumb\",\"itemListElement\":[{\"@type\":\"ListItem\",\"position\":1,\"name\":\"Home\",\"item\":\"https:\\\/\\\/ksproducts.ca\\\/\"},{\"@type\":\"ListItem\",\"position\":2,\"name\":\"Shop\",\"item\":\"https:\\\/\\\/ksproducts.ca\\\/shop\\\/\"},{\"@type\":\"ListItem\",\"position\":3,\"name\":\"Camco TST Max 15-pack RV Toilet Treatment Drop-ins &#8211; Hibiscus Breeze Scent\"}]},{\"@type\":\"WebSite\",\"@id\":\"https:\\\/\\\/ksproducts.ca\\\/#website\",\"url\":\"https:\\\/\\\/ksproducts.ca\\\/\",\"name\":\"Ks Products\",\"description\":\"Outdoor cooking and living, made easy in Canada\",\"publisher\":{\"@id\":\"https:\\\/\\\/ksproducts.ca\\\/#organization\"},\"potentialAction\":[{\"@type\":\"SearchAction\",\"target\":{\"@type\":\"EntryPoint\",\"urlTemplate\":\"https:\\\/\\\/ksproducts.ca\\\/?s={search_term_string}\"},\"query-input\":{\"@type\":\"PropertyValueSpecification\",\"valueRequired\":true,\"valueName\":\"search_term_string\"}}],\"inLanguage\":\"fr-CA\"},{\"@type\":\"Organization\",\"@id\":\"https:\\\/\\\/ksproducts.ca\\\/#organization\",\"name\":\"Ks Products\",\"url\":\"https:\\\/\\\/ksproducts.ca\\\/\",\"logo\":{\"@type\":\"ImageObject\",\"inLanguage\":\"fr-CA\",\"@id\":\"https:\\\/\\\/ksproducts.ca\\\/#\\\/schema\\\/logo\\\/image\\\/\",\"url\":\"https:\\\/\\\/ksproducts.ca\\\/wp-content\\\/uploads\\\/2023\\\/09\\\/Kennedy-Sales-Logo-header-1.png\",\"contentUrl\":\"https:\\\/\\\/ksproducts.ca\\\/wp-content\\\/uploads\\\/2023\\\/09\\\/Kennedy-Sales-Logo-header-1.png\",\"width\":150,\"height\":77,\"caption\":\"Ks Products\"},\"image\":{\"@id\":\"https:\\\/\\\/ksproducts.ca\\\/#\\\/schema\\\/logo\\\/image\\\/\"}}]}<\/script>\n<!-- \/ Yoast SEO plugin. -->","yoast_head_json":{"title":"Camco TST Max 15-pack RV Toilet Treatment Drop-ins - Hibiscus Breeze Scent - Ks Products","robots":{"index":"index","follow":"follow","max-snippet":"max-snippet:-1","max-image-preview":"max-image-preview:large","max-video-preview":"max-video-preview:-1"},"canonical":"https:\/\/ksproducts.ca\/fr\/product\/camco-tst-max-15-pack-rv-toilet-treatment-drop-ins-hibiscus-breeze-scent\/","og_locale":"fr_CA","og_type":"article","og_title":"Camco TST Max 15-pack RV Toilet Treatment Drop-ins - Hibiscus Breeze Scent - Ks Products","og_description":"Camco\u2019s TST Hibiscus Breeze Drop-Ins help control unwanted odours and break down waste and tissue in your black water holding tank. These easy-to-use drop-Ins contain a blend of hibiscus breeze-scented surfactant oils that trap unwanted odours in your tank, making your camping experience more enjoyable. TST Hibiscus Breeze is RV and marine approved, does not contain formaldehyde and is safe for all septic tanks\u2014it's even great for portable camping toilets!  &nbsp;","og_url":"https:\/\/ksproducts.ca\/fr\/product\/camco-tst-max-15-pack-rv-toilet-treatment-drop-ins-hibiscus-breeze-scent\/","og_site_name":"Ks Products","article_modified_time":"2026-03-02T18:50:08+00:00","og_image":[{"width":800,"height":639,"url":"https:\/\/ksproducts.ca\/wp-content\/uploads\/2026\/02\/ec50d024-6ebc-4d39-9465-0d372e843163__51714.jpg","type":"image\/jpeg"}],"twitter_card":"summary_large_image","twitter_misc":{"Estimation du temps de lecture":"1 minute"},"schema":{"@context":"https:\/\/schema.org","@graph":[{"@type":"WebPage","@id":"https:\/\/ksproducts.ca\/product\/camco-tst-max-15-pack-rv-toilet-treatment-drop-ins-hibiscus-breeze-scent\/","url":"https:\/\/ksproducts.ca\/product\/camco-tst-max-15-pack-rv-toilet-treatment-drop-ins-hibiscus-breeze-scent\/","name":"Camco TST Max 15-pack RV Toilet Treatment Drop-ins - Hibiscus Breeze Scent - Ks Products","isPartOf":{"@id":"https:\/\/ksproducts.ca\/#website"},"primaryImageOfPage":{"@id":"https:\/\/ksproducts.ca\/product\/camco-tst-max-15-pack-rv-toilet-treatment-drop-ins-hibiscus-breeze-scent\/#primaryimage"},"image":{"@id":"https:\/\/ksproducts.ca\/product\/camco-tst-max-15-pack-rv-toilet-treatment-drop-ins-hibiscus-breeze-scent\/#primaryimage"},"thumbnailUrl":"https:\/\/ksproducts.ca\/wp-content\/uploads\/2026\/02\/ec50d024-6ebc-4d39-9465-0d372e843163__51714.jpg","datePublished":"2026-02-13T16:12:11+00:00","dateModified":"2026-03-02T18:50:08+00:00","breadcrumb":{"@id":"https:\/\/ksproducts.ca\/product\/camco-tst-max-15-pack-rv-toilet-treatment-drop-ins-hibiscus-breeze-scent\/#breadcrumb"},"inLanguage":"fr-CA","potentialAction":[{"@type":"ReadAction","target":["https:\/\/ksproducts.ca\/product\/camco-tst-max-15-pack-rv-toilet-treatment-drop-ins-hibiscus-breeze-scent\/"]}]},{"@type":"ImageObject","inLanguage":"fr-CA","@id":"https:\/\/ksproducts.ca\/product\/camco-tst-max-15-pack-rv-toilet-treatment-drop-ins-hibiscus-breeze-scent\/#primaryimage","url":"https:\/\/ksproducts.ca\/wp-content\/uploads\/2026\/02\/ec50d024-6ebc-4d39-9465-0d372e843163__51714.jpg","contentUrl":"https:\/\/ksproducts.ca\/wp-content\/uploads\/2026\/02\/ec50d024-6ebc-4d39-9465-0d372e843163__51714.jpg","width":800,"height":639,"caption":"Camco TST Max 15-pack RV Toilet Treatment Drop-ins - Hibiscus Breeze Scent"},{"@type":"BreadcrumbList","@id":"https:\/\/ksproducts.ca\/product\/camco-tst-max-15-pack-rv-toilet-treatment-drop-ins-hibiscus-breeze-scent\/#breadcrumb","itemListElement":[{"@type":"ListItem","position":1,"name":"Home","item":"https:\/\/ksproducts.ca\/"},{"@type":"ListItem","position":2,"name":"Shop","item":"https:\/\/ksproducts.ca\/shop\/"},{"@type":"ListItem","position":3,"name":"Camco TST Max 15-pack RV Toilet Treatment Drop-ins &#8211; Hibiscus Breeze Scent"}]},{"@type":"WebSite","@id":"https:\/\/ksproducts.ca\/#website","url":"https:\/\/ksproducts.ca\/","name":"Produits Ks","description":"Cuisiner et vivre en plein air, c'est facile au Canada","publisher":{"@id":"https:\/\/ksproducts.ca\/#organization"},"potentialAction":[{"@type":"SearchAction","target":{"@type":"EntryPoint","urlTemplate":"https:\/\/ksproducts.ca\/?s={search_term_string}"},"query-input":{"@type":"PropertyValueSpecification","valueRequired":true,"valueName":"search_term_string"}}],"inLanguage":"fr-CA"},{"@type":"Organization","@id":"https:\/\/ksproducts.ca\/#organization","name":"Produits Ks","url":"https:\/\/ksproducts.ca\/","logo":{"@type":"ImageObject","inLanguage":"fr-CA","@id":"https:\/\/ksproducts.ca\/#\/schema\/logo\/image\/","url":"https:\/\/ksproducts.ca\/wp-content\/uploads\/2023\/09\/Kennedy-Sales-Logo-header-1.png","contentUrl":"https:\/\/ksproducts.ca\/wp-content\/uploads\/2023\/09\/Kennedy-Sales-Logo-header-1.png","width":150,"height":77,"caption":"Ks Products"},"image":{"@id":"https:\/\/ksproducts.ca\/#\/schema\/logo\/image\/"}}]}},"_links":{"self":[{"href":"https:\/\/ksproducts.ca\/fr\/wp-json\/wp\/v2\/product\/11145","targetHints":{"allow":["GET"]}}],"collection":[{"href":"https:\/\/ksproducts.ca\/fr\/wp-json\/wp\/v2\/product"}],"about":[{"href":"https:\/\/ksproducts.ca\/fr\/wp-json\/wp\/v2\/types\/product"}],"replies":[{"embeddable":true,"href":"https:\/\/ksproducts.ca\/fr\/wp-json\/wp\/v2\/comments?post=11145"}],"version-history":[{"count":1,"href":"https:\/\/ksproducts.ca\/fr\/wp-json\/wp\/v2\/product\/11145\/revisions"}],"predecessor-version":[{"id":11147,"href":"https:\/\/ksproducts.ca\/fr\/wp-json\/wp\/v2\/product\/11145\/revisions\/11147"}],"wp:featuredmedia":[{"embeddable":true,"href":"https:\/\/ksproducts.ca\/fr\/wp-json\/wp\/v2\/media\/11146"}],"wp:attachment":[{"href":"https:\/\/ksproducts.ca\/fr\/wp-json\/wp\/v2\/media?parent=11145"}],"wp:term":[{"taxonomy":"product_cat","embeddable":true,"href":"https:\/\/ksproducts.ca\/fr\/wp-json\/wp\/v2\/product_cat?post=11145"},{"taxonomy":"product_tag","embeddable":true,"href":"https:\/\/ksproducts.ca\/fr\/wp-json\/wp\/v2\/product_tag?post=11145"}],"curies":[{"name":"wp","href":"https:\/\/api.w.org\/{rel}","templated":true}]}}