{"id":11148,"date":"2026-02-13T16:18:27","date_gmt":"2026-02-13T16:18:27","guid":{"rendered":"https:\/\/ksproducts.ca\/?post_type=product&#038;p=11148"},"modified":"2026-02-13T16:21:21","modified_gmt":"2026-02-13T16:21:21","slug":"camco-rhino-heavy-duty-15-gallon-rv-portable-waste-tank","status":"publish","type":"product","link":"https:\/\/ksproducts.ca\/fr\/product\/camco-rhino-heavy-duty-15-gallon-rv-portable-waste-tank\/","title":{"rendered":"Camco Rhino Heavy Duty 15 Gallon RV Portable Waste Tank"},"content":{"rendered":"<ul class=\"nl-features__list\" data-testid=\"features\">\n<li>\n<p class=\"nl-features__information\">Allows you to transport waste from your RV or trailer to a dump station<\/p>\n<\/li>\n<li>\n<p class=\"nl-features__information\">Large, heavy-duty, no-flat wheels with bearings make transport effortless<\/p>\n<\/li>\n<li>\n<p class=\"nl-features__information\">Removable steel tow adapter allows you to easily roll the tote tank like a suitcase, or tow it slowly behind a truck or golf cart<\/p>\n<\/li>\n<li>\n<p class=\"nl-features__information\">Constructed of extremely durable blow-moulded, UV stabilized HDPE that won\u2019t leak or deteriorate in the sun<\/p>\n<\/li>\n<li>\n<p class=\"nl-features__information\">Ideal for when you&#8217;re parked too far away for an RV sewer hose<\/p>\n<\/li>\n<li>\n<p class=\"nl-features__information\">Easy to clean: Features a drain hole that allows thorough tank emptying<\/p>\n<\/li>\n<li>\n<p class=\"nl-features__information\">Includes: (1) tote tank, (1) 3&#8242; sewer hose with swivel fittings, (1) 15\u2033 female\/female grey water hose, (1) clear elbow with 4-in-1 adapter, (1) clear double bayonet elbow, (3) storage caps, (2) caps with lanyards, &amp; (1) steel tow adapter<\/p>\n<\/li>\n<li>\n<p class=\"nl-features__information\">Can hold up to 15 gallons of waste<\/p>\n<\/li>\n<\/ul>","protected":false},"excerpt":{"rendered":"<p>Am\u00e9liorez la gestion des d\u00e9chets de votre VR avec le r\u00e9servoir \u00e0 d\u00e9chets portable Camco Rhino de 15 gallons. Ce produit durable et facile \u00e0 utiliser simplifie l'\u00e9limination des d\u00e9chets dans les stations de vidange, ce qui rend vos aventures en plein air sans tracas. Construit pour r\u00e9sister aux voyages et \u00e0 divers environnements, cet essentiel du camping assure une performance optimale o\u00f9 que vous alliez. Le nettoyage et l'entretien sont un jeu d'enfant gr\u00e2ce \u00e0 sa conception bien pens\u00e9e. Faites l'exp\u00e9rience d'une nouvelle norme en mati\u00e8re de fonctionnalit\u00e9 des r\u00e9servoirs \u00e0 mati\u00e8res gr\u00e2ce \u00e0 ce produit indispensable pour les v\u00e9hicules r\u00e9cr\u00e9atifs. Procurez-vous le r\u00e9servoir \u00e0 d\u00e9chets Camco pour des aventures en plein air am\u00e9lior\u00e9es !<\/p>","protected":false},"featured_media":11149,"comment_status":"open","ping_status":"closed","template":"","meta":[],"product_cat":[431],"product_tag":[],"class_list":{"0":"post-11148","1":"product","2":"type-product","3":"status-publish","4":"has-post-thumbnail","6":"product_brand-camco","7":"product_cat-camping-rv-essentials","8":"product_shipping_class-class-3","10":"first","11":"outofstock","12":"taxable","13":"shipping-taxable","14":"purchasable","15":"product-type-simple"},"yoast_head":"<!-- This site is optimized with the Yoast SEO plugin v27.3 - https:\/\/yoast.com\/product\/yoast-seo-wordpress\/ -->\n<title>Camco Rhino Heavy Duty 15 Gallon RV Portable Waste Tank - Ks Products<\/title>\n<meta name=\"robots\" content=\"index, follow, max-snippet:-1, max-image-preview:large, max-video-preview:-1\" \/>\n<link rel=\"canonical\" href=\"https:\/\/ksproducts.ca\/fr\/product\/camco-rhino-heavy-duty-15-gallon-rv-portable-waste-tank\/\" \/>\n<meta property=\"og:locale\" content=\"fr_CA\" \/>\n<meta property=\"og:type\" content=\"article\" \/>\n<meta property=\"og:title\" content=\"Camco Rhino Heavy Duty 15 Gallon RV Portable Waste Tank - Ks Products\" \/>\n<meta property=\"og:description\" content=\"Upgrade your RV waste management with the Camco Rhino 15-Gallon RV portable waste tank. This durable and easy-to-use camper must-have simplifies waste disposal at dump stations, making your outdoor adventures hassle-free. Built to withstand travel and various environments, this camping essential ensures optimal performance wherever you roam. Cleaning and maintenance are a breeze thanks to its thoughtful design. Experience a new standard in waste tank functionality with this RV must-have. Get Camco&#039;s waste tank for enhanced outdoor adventures!\" \/>\n<meta property=\"og:url\" content=\"https:\/\/ksproducts.ca\/fr\/product\/camco-rhino-heavy-duty-15-gallon-rv-portable-waste-tank\/\" \/>\n<meta property=\"og:site_name\" content=\"Ks Products\" \/>\n<meta property=\"article:modified_time\" content=\"2026-02-13T16:21:21+00:00\" \/>\n<meta property=\"og:image\" content=\"https:\/\/ksproducts.ca\/wp-content\/uploads\/2026\/02\/rhino-tote-tank-15-gallon-b14b74a7-a276-4d7f-ade5-5bb704bcc0f7-jpgrendition.jpg\" \/>\n\t<meta property=\"og:image:width\" content=\"800\" \/>\n\t<meta property=\"og:image:height\" content=\"533\" \/>\n\t<meta property=\"og:image:type\" content=\"image\/jpeg\" \/>\n<meta name=\"twitter:card\" content=\"summary_large_image\" \/>\n<meta name=\"twitter:label1\" content=\"Estimation du temps de lecture\" \/>\n\t<meta name=\"twitter:data1\" content=\"1 minute\" \/>\n<script type=\"application\/ld+json\" class=\"yoast-schema-graph\">{\"@context\":\"https:\\\/\\\/schema.org\",\"@graph\":[{\"@type\":\"WebPage\",\"@id\":\"https:\\\/\\\/ksproducts.ca\\\/product\\\/camco-rhino-heavy-duty-15-gallon-rv-portable-waste-tank\\\/\",\"url\":\"https:\\\/\\\/ksproducts.ca\\\/product\\\/camco-rhino-heavy-duty-15-gallon-rv-portable-waste-tank\\\/\",\"name\":\"Camco Rhino Heavy Duty 15 Gallon RV Portable Waste Tank - Ks Products\",\"isPartOf\":{\"@id\":\"https:\\\/\\\/ksproducts.ca\\\/#website\"},\"primaryImageOfPage\":{\"@id\":\"https:\\\/\\\/ksproducts.ca\\\/product\\\/camco-rhino-heavy-duty-15-gallon-rv-portable-waste-tank\\\/#primaryimage\"},\"image\":{\"@id\":\"https:\\\/\\\/ksproducts.ca\\\/product\\\/camco-rhino-heavy-duty-15-gallon-rv-portable-waste-tank\\\/#primaryimage\"},\"thumbnailUrl\":\"https:\\\/\\\/ksproducts.ca\\\/wp-content\\\/uploads\\\/2026\\\/02\\\/rhino-tote-tank-15-gallon-b14b74a7-a276-4d7f-ade5-5bb704bcc0f7-jpgrendition.jpg\",\"datePublished\":\"2026-02-13T16:18:27+00:00\",\"dateModified\":\"2026-02-13T16:21:21+00:00\",\"breadcrumb\":{\"@id\":\"https:\\\/\\\/ksproducts.ca\\\/product\\\/camco-rhino-heavy-duty-15-gallon-rv-portable-waste-tank\\\/#breadcrumb\"},\"inLanguage\":\"fr-CA\",\"potentialAction\":[{\"@type\":\"ReadAction\",\"target\":[\"https:\\\/\\\/ksproducts.ca\\\/product\\\/camco-rhino-heavy-duty-15-gallon-rv-portable-waste-tank\\\/\"]}]},{\"@type\":\"ImageObject\",\"inLanguage\":\"fr-CA\",\"@id\":\"https:\\\/\\\/ksproducts.ca\\\/product\\\/camco-rhino-heavy-duty-15-gallon-rv-portable-waste-tank\\\/#primaryimage\",\"url\":\"https:\\\/\\\/ksproducts.ca\\\/wp-content\\\/uploads\\\/2026\\\/02\\\/rhino-tote-tank-15-gallon-b14b74a7-a276-4d7f-ade5-5bb704bcc0f7-jpgrendition.jpg\",\"contentUrl\":\"https:\\\/\\\/ksproducts.ca\\\/wp-content\\\/uploads\\\/2026\\\/02\\\/rhino-tote-tank-15-gallon-b14b74a7-a276-4d7f-ade5-5bb704bcc0f7-jpgrendition.jpg\",\"width\":800,\"height\":533,\"caption\":\"Camco Rhino Heavy Duty 15 Gallon RV Portable Waste Tank\"},{\"@type\":\"BreadcrumbList\",\"@id\":\"https:\\\/\\\/ksproducts.ca\\\/product\\\/camco-rhino-heavy-duty-15-gallon-rv-portable-waste-tank\\\/#breadcrumb\",\"itemListElement\":[{\"@type\":\"ListItem\",\"position\":1,\"name\":\"Home\",\"item\":\"https:\\\/\\\/ksproducts.ca\\\/\"},{\"@type\":\"ListItem\",\"position\":2,\"name\":\"Shop\",\"item\":\"https:\\\/\\\/ksproducts.ca\\\/shop\\\/\"},{\"@type\":\"ListItem\",\"position\":3,\"name\":\"Camco Rhino Heavy Duty 15 Gallon RV Portable Waste Tank\"}]},{\"@type\":\"WebSite\",\"@id\":\"https:\\\/\\\/ksproducts.ca\\\/#website\",\"url\":\"https:\\\/\\\/ksproducts.ca\\\/\",\"name\":\"Ks Products\",\"description\":\"Outdoor cooking and living, made easy in Canada\",\"publisher\":{\"@id\":\"https:\\\/\\\/ksproducts.ca\\\/#organization\"},\"potentialAction\":[{\"@type\":\"SearchAction\",\"target\":{\"@type\":\"EntryPoint\",\"urlTemplate\":\"https:\\\/\\\/ksproducts.ca\\\/?s={search_term_string}\"},\"query-input\":{\"@type\":\"PropertyValueSpecification\",\"valueRequired\":true,\"valueName\":\"search_term_string\"}}],\"inLanguage\":\"fr-CA\"},{\"@type\":\"Organization\",\"@id\":\"https:\\\/\\\/ksproducts.ca\\\/#organization\",\"name\":\"Ks Products\",\"url\":\"https:\\\/\\\/ksproducts.ca\\\/\",\"logo\":{\"@type\":\"ImageObject\",\"inLanguage\":\"fr-CA\",\"@id\":\"https:\\\/\\\/ksproducts.ca\\\/#\\\/schema\\\/logo\\\/image\\\/\",\"url\":\"https:\\\/\\\/ksproducts.ca\\\/wp-content\\\/uploads\\\/2023\\\/09\\\/Kennedy-Sales-Logo-header-1.png\",\"contentUrl\":\"https:\\\/\\\/ksproducts.ca\\\/wp-content\\\/uploads\\\/2023\\\/09\\\/Kennedy-Sales-Logo-header-1.png\",\"width\":150,\"height\":77,\"caption\":\"Ks Products\"},\"image\":{\"@id\":\"https:\\\/\\\/ksproducts.ca\\\/#\\\/schema\\\/logo\\\/image\\\/\"}}]}<\/script>\n<!-- \/ Yoast SEO plugin. -->","yoast_head_json":{"title":"Camco Rhino Heavy Duty 15 Gallon RV Portable Waste Tank - Ks Products","robots":{"index":"index","follow":"follow","max-snippet":"max-snippet:-1","max-image-preview":"max-image-preview:large","max-video-preview":"max-video-preview:-1"},"canonical":"https:\/\/ksproducts.ca\/fr\/product\/camco-rhino-heavy-duty-15-gallon-rv-portable-waste-tank\/","og_locale":"fr_CA","og_type":"article","og_title":"Camco Rhino Heavy Duty 15 Gallon RV Portable Waste Tank - Ks Products","og_description":"Upgrade your RV waste management with the Camco Rhino 15-Gallon RV portable waste tank. This durable and easy-to-use camper must-have simplifies waste disposal at dump stations, making your outdoor adventures hassle-free. Built to withstand travel and various environments, this camping essential ensures optimal performance wherever you roam. Cleaning and maintenance are a breeze thanks to its thoughtful design. Experience a new standard in waste tank functionality with this RV must-have. Get Camco's waste tank for enhanced outdoor adventures!","og_url":"https:\/\/ksproducts.ca\/fr\/product\/camco-rhino-heavy-duty-15-gallon-rv-portable-waste-tank\/","og_site_name":"Ks Products","article_modified_time":"2026-02-13T16:21:21+00:00","og_image":[{"width":800,"height":533,"url":"https:\/\/ksproducts.ca\/wp-content\/uploads\/2026\/02\/rhino-tote-tank-15-gallon-b14b74a7-a276-4d7f-ade5-5bb704bcc0f7-jpgrendition.jpg","type":"image\/jpeg"}],"twitter_card":"summary_large_image","twitter_misc":{"Estimation du temps de lecture":"1 minute"},"schema":{"@context":"https:\/\/schema.org","@graph":[{"@type":"WebPage","@id":"https:\/\/ksproducts.ca\/product\/camco-rhino-heavy-duty-15-gallon-rv-portable-waste-tank\/","url":"https:\/\/ksproducts.ca\/product\/camco-rhino-heavy-duty-15-gallon-rv-portable-waste-tank\/","name":"Camco Rhino Heavy Duty 15 Gallon RV Portable Waste Tank - Ks Products","isPartOf":{"@id":"https:\/\/ksproducts.ca\/#website"},"primaryImageOfPage":{"@id":"https:\/\/ksproducts.ca\/product\/camco-rhino-heavy-duty-15-gallon-rv-portable-waste-tank\/#primaryimage"},"image":{"@id":"https:\/\/ksproducts.ca\/product\/camco-rhino-heavy-duty-15-gallon-rv-portable-waste-tank\/#primaryimage"},"thumbnailUrl":"https:\/\/ksproducts.ca\/wp-content\/uploads\/2026\/02\/rhino-tote-tank-15-gallon-b14b74a7-a276-4d7f-ade5-5bb704bcc0f7-jpgrendition.jpg","datePublished":"2026-02-13T16:18:27+00:00","dateModified":"2026-02-13T16:21:21+00:00","breadcrumb":{"@id":"https:\/\/ksproducts.ca\/product\/camco-rhino-heavy-duty-15-gallon-rv-portable-waste-tank\/#breadcrumb"},"inLanguage":"fr-CA","potentialAction":[{"@type":"ReadAction","target":["https:\/\/ksproducts.ca\/product\/camco-rhino-heavy-duty-15-gallon-rv-portable-waste-tank\/"]}]},{"@type":"ImageObject","inLanguage":"fr-CA","@id":"https:\/\/ksproducts.ca\/product\/camco-rhino-heavy-duty-15-gallon-rv-portable-waste-tank\/#primaryimage","url":"https:\/\/ksproducts.ca\/wp-content\/uploads\/2026\/02\/rhino-tote-tank-15-gallon-b14b74a7-a276-4d7f-ade5-5bb704bcc0f7-jpgrendition.jpg","contentUrl":"https:\/\/ksproducts.ca\/wp-content\/uploads\/2026\/02\/rhino-tote-tank-15-gallon-b14b74a7-a276-4d7f-ade5-5bb704bcc0f7-jpgrendition.jpg","width":800,"height":533,"caption":"Camco Rhino Heavy Duty 15 Gallon RV Portable Waste Tank"},{"@type":"BreadcrumbList","@id":"https:\/\/ksproducts.ca\/product\/camco-rhino-heavy-duty-15-gallon-rv-portable-waste-tank\/#breadcrumb","itemListElement":[{"@type":"ListItem","position":1,"name":"Home","item":"https:\/\/ksproducts.ca\/"},{"@type":"ListItem","position":2,"name":"Shop","item":"https:\/\/ksproducts.ca\/shop\/"},{"@type":"ListItem","position":3,"name":"Camco Rhino Heavy Duty 15 Gallon RV Portable Waste Tank"}]},{"@type":"WebSite","@id":"https:\/\/ksproducts.ca\/#website","url":"https:\/\/ksproducts.ca\/","name":"Produits Ks","description":"Cuisiner et vivre en plein air, c'est facile au Canada","publisher":{"@id":"https:\/\/ksproducts.ca\/#organization"},"potentialAction":[{"@type":"SearchAction","target":{"@type":"EntryPoint","urlTemplate":"https:\/\/ksproducts.ca\/?s={search_term_string}"},"query-input":{"@type":"PropertyValueSpecification","valueRequired":true,"valueName":"search_term_string"}}],"inLanguage":"fr-CA"},{"@type":"Organization","@id":"https:\/\/ksproducts.ca\/#organization","name":"Produits Ks","url":"https:\/\/ksproducts.ca\/","logo":{"@type":"ImageObject","inLanguage":"fr-CA","@id":"https:\/\/ksproducts.ca\/#\/schema\/logo\/image\/","url":"https:\/\/ksproducts.ca\/wp-content\/uploads\/2023\/09\/Kennedy-Sales-Logo-header-1.png","contentUrl":"https:\/\/ksproducts.ca\/wp-content\/uploads\/2023\/09\/Kennedy-Sales-Logo-header-1.png","width":150,"height":77,"caption":"Ks Products"},"image":{"@id":"https:\/\/ksproducts.ca\/#\/schema\/logo\/image\/"}}]}},"_links":{"self":[{"href":"https:\/\/ksproducts.ca\/fr\/wp-json\/wp\/v2\/product\/11148","targetHints":{"allow":["GET"]}}],"collection":[{"href":"https:\/\/ksproducts.ca\/fr\/wp-json\/wp\/v2\/product"}],"about":[{"href":"https:\/\/ksproducts.ca\/fr\/wp-json\/wp\/v2\/types\/product"}],"replies":[{"embeddable":true,"href":"https:\/\/ksproducts.ca\/fr\/wp-json\/wp\/v2\/comments?post=11148"}],"version-history":[{"count":1,"href":"https:\/\/ksproducts.ca\/fr\/wp-json\/wp\/v2\/product\/11148\/revisions"}],"predecessor-version":[{"id":11155,"href":"https:\/\/ksproducts.ca\/fr\/wp-json\/wp\/v2\/product\/11148\/revisions\/11155"}],"wp:featuredmedia":[{"embeddable":true,"href":"https:\/\/ksproducts.ca\/fr\/wp-json\/wp\/v2\/media\/11149"}],"wp:attachment":[{"href":"https:\/\/ksproducts.ca\/fr\/wp-json\/wp\/v2\/media?parent=11148"}],"wp:term":[{"taxonomy":"product_cat","embeddable":true,"href":"https:\/\/ksproducts.ca\/fr\/wp-json\/wp\/v2\/product_cat?post=11148"},{"taxonomy":"product_tag","embeddable":true,"href":"https:\/\/ksproducts.ca\/fr\/wp-json\/wp\/v2\/product_tag?post=11148"}],"curies":[{"name":"wp","href":"https:\/\/api.w.org\/{rel}","templated":true}]}}