{"id":11156,"date":"2026-02-13T16:23:17","date_gmt":"2026-02-13T16:23:17","guid":{"rendered":"https:\/\/ksproducts.ca\/?post_type=product&#038;p=11156"},"modified":"2026-02-13T16:23:17","modified_gmt":"2026-02-13T16:23:17","slug":"reservoir-portatif-pour-eaux-usees-de-camping-car-robuste-camco-rhino-de-21-gallons","status":"publish","type":"product","link":"https:\/\/ksproducts.ca\/fr\/product\/camco-rhino-heavy-duty-21-gallon-rv-portable-waste-tank\/","title":{"rendered":"Camco Rhino Heavy Duty 21 Gallon RV Portable Waste Tank"},"content":{"rendered":"<ul class=\"nl-features__list\" data-testid=\"features\">\n<li>\n<p class=\"nl-features__information\">Construit en PEHD extr\u00eamement r\u00e9sistant, moul\u00e9 par soufflage et stabilis\u00e9 aux UV<\/p>\n<\/li>\n<li>\n<p class=\"nl-features__information\">Ce kit pr\u00eat \u00e0 l'emploi comprend un r\u00e9servoir de 21 gallons avec de grandes roues, un tuyau d'\u00e9vacuation RhinoEXTREME r\u00e9sistant et un syst\u00e8me de rin\u00e7age de r\u00e9servoir pratique pour un entretien facile.<\/p>\n<\/li>\n<li>\n<p class=\"nl-features__information\">Comprend les accessoires n\u00e9cessaires pour nettoyer, entretenir et ranger le r\u00e9servoir de transport lorsqu'il n'est pas utilis\u00e9<\/p>\n<\/li>\n<li>\n<p class=\"nl-features__information\">Capacit\u00e9 : 21 gallons<\/p>\n<\/li>\n<li>\n<p class=\"nl-features__information\">Crochet d'\u00e9chelle int\u00e9gr\u00e9 pour un rangement pratique sur l'\u00e9chelle d'un VR ou d'une caravane<\/p>\n<\/li>\n<li>\n<p class=\"nl-features__information\">Le corps pr\u00e9sente des rainures pour une fixation s\u00e9curis\u00e9e lors du stockage<\/p>\n<\/li>\n<li>\n<p class=\"nl-features__information\">Livr\u00e9 avec des capuchons, des cordons et une garantie de 2 ans<\/p>\n<\/li>\n<li>\n<p class=\"nl-features__information\">Rince-r\u00e9servoir int\u00e9gr\u00e9 et trou de vidange bas pour un vidage et un nettoyage faciles<\/p>\n<\/li>\n<\/ul>","protected":false},"excerpt":{"rendered":"<p>Le Camco 39002 Rhino 21-Gallon RV Portable Waste Holding Tank offre une solution id\u00e9ale pour le transport des d\u00e9chets des v\u00e9hicules r\u00e9cr\u00e9atifs lorsque vous \u00eates stationn\u00e9 loin d'un raccordement aux \u00e9gouts. Le r\u00e9servoir \u00e0 d\u00e9chets portable est con\u00e7u pour \u00e9viter les fuites et les dommages caus\u00e9s par le soleil, assurant ainsi une durabilit\u00e9 \u00e0 long terme. Les grandes roues non plates et l'adaptateur de remorquage en acier amovible facilitent le transport, tandis qu'un crochet d'\u00e9chelle int\u00e9gr\u00e9 le maintient en s\u00e9curit\u00e9 lorsqu'il n'est pas utilis\u00e9.<\/p>","protected":false},"featured_media":11149,"comment_status":"open","ping_status":"closed","template":"","meta":[],"product_cat":[431],"product_tag":[],"class_list":{"0":"post-11156","1":"product","2":"type-product","3":"status-publish","4":"has-post-thumbnail","6":"product_brand-camco","7":"product_cat-camping-rv-essentials","8":"product_shipping_class-class-3","10":"first","11":"outofstock","12":"taxable","13":"shipping-taxable","14":"purchasable","15":"product-type-simple"},"yoast_head":"<!-- This site is optimized with the Yoast SEO plugin v27.3 - https:\/\/yoast.com\/product\/yoast-seo-wordpress\/ -->\n<title>Camco Rhino Heavy Duty 21 Gallon RV Portable Waste Tank - Ks Products<\/title>\n<meta name=\"robots\" content=\"index, follow, max-snippet:-1, max-image-preview:large, max-video-preview:-1\" \/>\n<link rel=\"canonical\" href=\"https:\/\/ksproducts.ca\/fr\/product\/reservoir-portatif-pour-eaux-usees-de-camping-car-robuste-camco-rhino-de-21-gallons\/\" \/>\n<meta property=\"og:locale\" content=\"fr_CA\" \/>\n<meta property=\"og:type\" content=\"article\" \/>\n<meta property=\"og:title\" content=\"Camco Rhino Heavy Duty 21 Gallon RV Portable Waste Tank - Ks Products\" \/>\n<meta property=\"og:description\" content=\"The Camco 39002 Rhino 21-Gallon RV Portable Waste Holding Tank offers an ideal solution for RV waste transport when you\u2019re parked far from a sewer connection. The portable waste holding tank is designed to avoid leaks and sun damage, ensuring long-lasting durability. The large no-flat wheels and removable steel tow adapter make transportation smooth and easy, while an integrated ladder hook keeps it secure when not in use.\" \/>\n<meta property=\"og:url\" content=\"https:\/\/ksproducts.ca\/fr\/product\/reservoir-portatif-pour-eaux-usees-de-camping-car-robuste-camco-rhino-de-21-gallons\/\" \/>\n<meta property=\"og:site_name\" content=\"Ks Products\" \/>\n<meta property=\"og:image\" content=\"https:\/\/ksproducts.ca\/wp-content\/uploads\/2026\/02\/rhino-tote-tank-15-gallon-b14b74a7-a276-4d7f-ade5-5bb704bcc0f7-jpgrendition.jpg\" \/>\n\t<meta property=\"og:image:width\" content=\"800\" \/>\n\t<meta property=\"og:image:height\" content=\"533\" \/>\n\t<meta property=\"og:image:type\" content=\"image\/jpeg\" \/>\n<meta name=\"twitter:card\" content=\"summary_large_image\" \/>\n<meta name=\"twitter:label1\" content=\"Estimation du temps de lecture\" \/>\n\t<meta name=\"twitter:data1\" content=\"1 minute\" \/>\n<script type=\"application\/ld+json\" class=\"yoast-schema-graph\">{\"@context\":\"https:\\\/\\\/schema.org\",\"@graph\":[{\"@type\":\"WebPage\",\"@id\":\"https:\\\/\\\/ksproducts.ca\\\/product\\\/camco-rhino-heavy-duty-21-gallon-rv-portable-waste-tank\\\/\",\"url\":\"https:\\\/\\\/ksproducts.ca\\\/product\\\/camco-rhino-heavy-duty-21-gallon-rv-portable-waste-tank\\\/\",\"name\":\"Camco Rhino Heavy Duty 21 Gallon RV Portable Waste Tank - Ks Products\",\"isPartOf\":{\"@id\":\"https:\\\/\\\/ksproducts.ca\\\/#website\"},\"primaryImageOfPage\":{\"@id\":\"https:\\\/\\\/ksproducts.ca\\\/product\\\/camco-rhino-heavy-duty-21-gallon-rv-portable-waste-tank\\\/#primaryimage\"},\"image\":{\"@id\":\"https:\\\/\\\/ksproducts.ca\\\/product\\\/camco-rhino-heavy-duty-21-gallon-rv-portable-waste-tank\\\/#primaryimage\"},\"thumbnailUrl\":\"https:\\\/\\\/ksproducts.ca\\\/wp-content\\\/uploads\\\/2026\\\/02\\\/rhino-tote-tank-15-gallon-b14b74a7-a276-4d7f-ade5-5bb704bcc0f7-jpgrendition.jpg\",\"datePublished\":\"2026-02-13T16:23:17+00:00\",\"breadcrumb\":{\"@id\":\"https:\\\/\\\/ksproducts.ca\\\/product\\\/camco-rhino-heavy-duty-21-gallon-rv-portable-waste-tank\\\/#breadcrumb\"},\"inLanguage\":\"fr-CA\",\"potentialAction\":[{\"@type\":\"ReadAction\",\"target\":[\"https:\\\/\\\/ksproducts.ca\\\/product\\\/camco-rhino-heavy-duty-21-gallon-rv-portable-waste-tank\\\/\"]}]},{\"@type\":\"ImageObject\",\"inLanguage\":\"fr-CA\",\"@id\":\"https:\\\/\\\/ksproducts.ca\\\/product\\\/camco-rhino-heavy-duty-21-gallon-rv-portable-waste-tank\\\/#primaryimage\",\"url\":\"https:\\\/\\\/ksproducts.ca\\\/wp-content\\\/uploads\\\/2026\\\/02\\\/rhino-tote-tank-15-gallon-b14b74a7-a276-4d7f-ade5-5bb704bcc0f7-jpgrendition.jpg\",\"contentUrl\":\"https:\\\/\\\/ksproducts.ca\\\/wp-content\\\/uploads\\\/2026\\\/02\\\/rhino-tote-tank-15-gallon-b14b74a7-a276-4d7f-ade5-5bb704bcc0f7-jpgrendition.jpg\",\"width\":800,\"height\":533,\"caption\":\"Camco Rhino Heavy Duty 15 Gallon RV Portable Waste Tank\"},{\"@type\":\"BreadcrumbList\",\"@id\":\"https:\\\/\\\/ksproducts.ca\\\/product\\\/camco-rhino-heavy-duty-21-gallon-rv-portable-waste-tank\\\/#breadcrumb\",\"itemListElement\":[{\"@type\":\"ListItem\",\"position\":1,\"name\":\"Home\",\"item\":\"https:\\\/\\\/ksproducts.ca\\\/\"},{\"@type\":\"ListItem\",\"position\":2,\"name\":\"Shop\",\"item\":\"https:\\\/\\\/ksproducts.ca\\\/shop\\\/\"},{\"@type\":\"ListItem\",\"position\":3,\"name\":\"Camco Rhino Heavy Duty 21 Gallon RV Portable Waste Tank\"}]},{\"@type\":\"WebSite\",\"@id\":\"https:\\\/\\\/ksproducts.ca\\\/#website\",\"url\":\"https:\\\/\\\/ksproducts.ca\\\/\",\"name\":\"Ks Products\",\"description\":\"Outdoor cooking and living, made easy in Canada\",\"publisher\":{\"@id\":\"https:\\\/\\\/ksproducts.ca\\\/#organization\"},\"potentialAction\":[{\"@type\":\"SearchAction\",\"target\":{\"@type\":\"EntryPoint\",\"urlTemplate\":\"https:\\\/\\\/ksproducts.ca\\\/?s={search_term_string}\"},\"query-input\":{\"@type\":\"PropertyValueSpecification\",\"valueRequired\":true,\"valueName\":\"search_term_string\"}}],\"inLanguage\":\"fr-CA\"},{\"@type\":\"Organization\",\"@id\":\"https:\\\/\\\/ksproducts.ca\\\/#organization\",\"name\":\"Ks Products\",\"url\":\"https:\\\/\\\/ksproducts.ca\\\/\",\"logo\":{\"@type\":\"ImageObject\",\"inLanguage\":\"fr-CA\",\"@id\":\"https:\\\/\\\/ksproducts.ca\\\/#\\\/schema\\\/logo\\\/image\\\/\",\"url\":\"https:\\\/\\\/ksproducts.ca\\\/wp-content\\\/uploads\\\/2023\\\/09\\\/Kennedy-Sales-Logo-header-1.png\",\"contentUrl\":\"https:\\\/\\\/ksproducts.ca\\\/wp-content\\\/uploads\\\/2023\\\/09\\\/Kennedy-Sales-Logo-header-1.png\",\"width\":150,\"height\":77,\"caption\":\"Ks Products\"},\"image\":{\"@id\":\"https:\\\/\\\/ksproducts.ca\\\/#\\\/schema\\\/logo\\\/image\\\/\"}}]}<\/script>\n<!-- \/ Yoast SEO plugin. -->","yoast_head_json":{"title":"Camco Rhino Bac \u00e0 D\u00e9chets Portable pour VR, Robuste, 21 Gallons - Ks Products","robots":{"index":"index","follow":"follow","max-snippet":"max-snippet:-1","max-image-preview":"max-image-preview:large","max-video-preview":"max-video-preview:-1"},"canonical":"https:\/\/ksproducts.ca\/fr\/product\/reservoir-portatif-pour-eaux-usees-de-camping-car-robuste-camco-rhino-de-21-gallons\/","og_locale":"fr_CA","og_type":"article","og_title":"Camco Rhino Heavy Duty 21 Gallon RV Portable Waste Tank - Ks Products","og_description":"The Camco 39002 Rhino 21-Gallon RV Portable Waste Holding Tank offers an ideal solution for RV waste transport when you\u2019re parked far from a sewer connection. The portable waste holding tank is designed to avoid leaks and sun damage, ensuring long-lasting durability. The large no-flat wheels and removable steel tow adapter make transportation smooth and easy, while an integrated ladder hook keeps it secure when not in use.","og_url":"https:\/\/ksproducts.ca\/fr\/product\/reservoir-portatif-pour-eaux-usees-de-camping-car-robuste-camco-rhino-de-21-gallons\/","og_site_name":"Ks Products","og_image":[{"width":800,"height":533,"url":"https:\/\/ksproducts.ca\/wp-content\/uploads\/2026\/02\/rhino-tote-tank-15-gallon-b14b74a7-a276-4d7f-ade5-5bb704bcc0f7-jpgrendition.jpg","type":"image\/jpeg"}],"twitter_card":"summary_large_image","twitter_misc":{"Estimation du temps de lecture":"1 minute"},"schema":{"@context":"https:\/\/schema.org","@graph":[{"@type":"WebPage","@id":"https:\/\/ksproducts.ca\/product\/camco-rhino-heavy-duty-21-gallon-rv-portable-waste-tank\/","url":"https:\/\/ksproducts.ca\/product\/camco-rhino-heavy-duty-21-gallon-rv-portable-waste-tank\/","name":"Camco Rhino Bac \u00e0 D\u00e9chets Portable pour VR, Robuste, 21 Gallons - Ks Products","isPartOf":{"@id":"https:\/\/ksproducts.ca\/#website"},"primaryImageOfPage":{"@id":"https:\/\/ksproducts.ca\/product\/camco-rhino-heavy-duty-21-gallon-rv-portable-waste-tank\/#primaryimage"},"image":{"@id":"https:\/\/ksproducts.ca\/product\/camco-rhino-heavy-duty-21-gallon-rv-portable-waste-tank\/#primaryimage"},"thumbnailUrl":"https:\/\/ksproducts.ca\/wp-content\/uploads\/2026\/02\/rhino-tote-tank-15-gallon-b14b74a7-a276-4d7f-ade5-5bb704bcc0f7-jpgrendition.jpg","datePublished":"2026-02-13T16:23:17+00:00","breadcrumb":{"@id":"https:\/\/ksproducts.ca\/product\/camco-rhino-heavy-duty-21-gallon-rv-portable-waste-tank\/#breadcrumb"},"inLanguage":"fr-CA","potentialAction":[{"@type":"ReadAction","target":["https:\/\/ksproducts.ca\/product\/camco-rhino-heavy-duty-21-gallon-rv-portable-waste-tank\/"]}]},{"@type":"ImageObject","inLanguage":"fr-CA","@id":"https:\/\/ksproducts.ca\/product\/camco-rhino-heavy-duty-21-gallon-rv-portable-waste-tank\/#primaryimage","url":"https:\/\/ksproducts.ca\/wp-content\/uploads\/2026\/02\/rhino-tote-tank-15-gallon-b14b74a7-a276-4d7f-ade5-5bb704bcc0f7-jpgrendition.jpg","contentUrl":"https:\/\/ksproducts.ca\/wp-content\/uploads\/2026\/02\/rhino-tote-tank-15-gallon-b14b74a7-a276-4d7f-ade5-5bb704bcc0f7-jpgrendition.jpg","width":800,"height":533,"caption":"Camco Rhino Heavy Duty 15 Gallon RV Portable Waste Tank"},{"@type":"BreadcrumbList","@id":"https:\/\/ksproducts.ca\/product\/camco-rhino-heavy-duty-21-gallon-rv-portable-waste-tank\/#breadcrumb","itemListElement":[{"@type":"ListItem","position":1,"name":"Home","item":"https:\/\/ksproducts.ca\/"},{"@type":"ListItem","position":2,"name":"Shop","item":"https:\/\/ksproducts.ca\/shop\/"},{"@type":"ListItem","position":3,"name":"Camco Rhino Heavy Duty 21 Gallon RV Portable Waste Tank"}]},{"@type":"WebSite","@id":"https:\/\/ksproducts.ca\/#website","url":"https:\/\/ksproducts.ca\/","name":"Produits Ks","description":"Cuisiner et vivre en plein air, c'est facile au Canada","publisher":{"@id":"https:\/\/ksproducts.ca\/#organization"},"potentialAction":[{"@type":"SearchAction","target":{"@type":"EntryPoint","urlTemplate":"https:\/\/ksproducts.ca\/?s={search_term_string}"},"query-input":{"@type":"PropertyValueSpecification","valueRequired":true,"valueName":"search_term_string"}}],"inLanguage":"fr-CA"},{"@type":"Organization","@id":"https:\/\/ksproducts.ca\/#organization","name":"Produits Ks","url":"https:\/\/ksproducts.ca\/","logo":{"@type":"ImageObject","inLanguage":"fr-CA","@id":"https:\/\/ksproducts.ca\/#\/schema\/logo\/image\/","url":"https:\/\/ksproducts.ca\/wp-content\/uploads\/2023\/09\/Kennedy-Sales-Logo-header-1.png","contentUrl":"https:\/\/ksproducts.ca\/wp-content\/uploads\/2023\/09\/Kennedy-Sales-Logo-header-1.png","width":150,"height":77,"caption":"Ks Products"},"image":{"@id":"https:\/\/ksproducts.ca\/#\/schema\/logo\/image\/"}}]}},"_links":{"self":[{"href":"https:\/\/ksproducts.ca\/fr\/wp-json\/wp\/v2\/product\/11156","targetHints":{"allow":["GET"]}}],"collection":[{"href":"https:\/\/ksproducts.ca\/fr\/wp-json\/wp\/v2\/product"}],"about":[{"href":"https:\/\/ksproducts.ca\/fr\/wp-json\/wp\/v2\/types\/product"}],"replies":[{"embeddable":true,"href":"https:\/\/ksproducts.ca\/fr\/wp-json\/wp\/v2\/comments?post=11156"}],"version-history":[{"count":1,"href":"https:\/\/ksproducts.ca\/fr\/wp-json\/wp\/v2\/product\/11156\/revisions"}],"predecessor-version":[{"id":11161,"href":"https:\/\/ksproducts.ca\/fr\/wp-json\/wp\/v2\/product\/11156\/revisions\/11161"}],"wp:featuredmedia":[{"embeddable":true,"href":"https:\/\/ksproducts.ca\/fr\/wp-json\/wp\/v2\/media\/11149"}],"wp:attachment":[{"href":"https:\/\/ksproducts.ca\/fr\/wp-json\/wp\/v2\/media?parent=11156"}],"wp:term":[{"taxonomy":"product_cat","embeddable":true,"href":"https:\/\/ksproducts.ca\/fr\/wp-json\/wp\/v2\/product_cat?post=11156"},{"taxonomy":"product_tag","embeddable":true,"href":"https:\/\/ksproducts.ca\/fr\/wp-json\/wp\/v2\/product_tag?post=11156"}],"curies":[{"name":"wp","href":"https:\/\/api.w.org\/{rel}","templated":true}]}}