{"id":11172,"date":"2026-02-13T16:52:52","date_gmt":"2026-02-13T16:52:52","guid":{"rendered":"https:\/\/ksproducts.ca\/?post_type=product&#038;p=11172"},"modified":"2026-02-13T16:52:53","modified_gmt":"2026-02-13T16:52:53","slug":"kit-dextension-de-tuyau-devacuation-camco-rhinoflex-10-avec-raccords-pivotants-pre-assembles","status":"publish","type":"product","link":"https:\/\/ksproducts.ca\/fr\/product\/camco-rhinoflex-10-sewer-hose-extension-kit-with-pre-attached-swivel-fittings\/","title":{"rendered":"Camco RhinoFLEX 10\u2032 Kit de rallonge de tuyau d'\u00e9gout avec raccords pivotants pr\u00e9-attach\u00e9s"},"content":{"rendered":"<ul class=\"nl-features__list\" data-testid=\"features\">\n<li>\n<p class=\"nl-features__information\">Comprend des raccords pivotants et est pr\u00eat \u00e0 l'emploi<\/p>\n<\/li>\n<li>\n<p class=\"nl-features__information\">Fait partie de la ligne de tuyaux d'\u00e9gout premium Rhino Flex<\/p>\n<\/li>\n<li>\n<p class=\"nl-features__information\">Longueur : 10\u2032 (3,04 m)<\/p>\n<\/li>\n<\/ul>","protected":false},"excerpt":{"rendered":"<p>Le kit de rallonge de tuyau d'\u00e9gout RhinoFLEX de CAMCO est con\u00e7u pour \u00e9tendre facilement votre syst\u00e8me d'\u00e9limination des d\u00e9chets de votre v\u00e9hicule r\u00e9cr\u00e9atif. Fabriqu\u00e9 avec des mat\u00e9riaux durables et de haute qualit\u00e9, ce tuyau de rallonge est dot\u00e9 d'une patte pivotante pr\u00e9install\u00e9e et de raccords \u00e0 ba\u00efonnette avec une bague de verrouillage r\u00e9utilisable pour une connexion s\u00fbre et \u00e9tanche. Il est facile \u00e0 attacher \u00e0 votre tuyau RhinoFLEX existant, offrant plus de longueur et de flexibilit\u00e9. Le kit est l\u00e9ger, durable et parfait pour les voyages prolong\u00e9s en camping-car.<\/p>","protected":false},"featured_media":11173,"comment_status":"open","ping_status":"closed","template":"","meta":[],"product_cat":[431],"product_tag":[],"class_list":{"0":"post-11172","1":"product","2":"type-product","3":"status-publish","4":"has-post-thumbnail","6":"product_brand-camco","7":"product_cat-camping-rv-essentials","8":"product_shipping_class-class-2","10":"first","11":"outofstock","12":"taxable","13":"shipping-taxable","14":"purchasable","15":"product-type-simple"},"yoast_head":"<!-- This site is optimized with the Yoast SEO plugin v27.4 - https:\/\/yoast.com\/product\/yoast-seo-wordpress\/ -->\n<title>Camco RhinoFLEX 10&#039; Sewer Hose Extension Kit with Pre-Attached Swivel Fittings - Ks Products<\/title>\n<meta name=\"robots\" content=\"index, follow, max-snippet:-1, max-image-preview:large, max-video-preview:-1\" \/>\n<link rel=\"canonical\" href=\"https:\/\/ksproducts.ca\/fr\/product\/kit-dextension-de-tuyau-devacuation-camco-rhinoflex-10-avec-raccords-pivotants-pre-assembles\/\" \/>\n<meta property=\"og:locale\" content=\"fr_CA\" \/>\n<meta property=\"og:type\" content=\"article\" \/>\n<meta property=\"og:title\" content=\"Camco RhinoFLEX 10&#039; Sewer Hose Extension Kit with Pre-Attached Swivel Fittings - Ks Products\" \/>\n<meta property=\"og:description\" content=\"The CAMCO RhinoFLEX Sewer Hose Extension Kit is designed to expand your RV waste disposal system with ease. Made with durable, high-quality materials, this extension hose features a pre-attached swivel lug and bayonet fittings with a reusable locking ring for a secure, leak-proof connection. It\u2019s easy to attach to your existing RhinoFLEX hose, providing added length and flexibility. The kit is lightweight, durable, and perfect for extended RV trips.\" \/>\n<meta property=\"og:url\" content=\"https:\/\/ksproducts.ca\/fr\/product\/kit-dextension-de-tuyau-devacuation-camco-rhinoflex-10-avec-raccords-pivotants-pre-assembles\/\" \/>\n<meta property=\"og:site_name\" content=\"Ks Products\" \/>\n<meta property=\"article:modified_time\" content=\"2026-02-13T16:52:53+00:00\" \/>\n<meta property=\"og:image\" content=\"https:\/\/ksproducts.ca\/wp-content\/uploads\/2026\/02\/rhinoflex-sewer-hose-10-ft-extension-kit-9c9db5a5-6760-4a04-86ca-4932c478d174-jpgrendition.jpg\" \/>\n\t<meta property=\"og:image:width\" content=\"800\" \/>\n\t<meta property=\"og:image:height\" content=\"628\" \/>\n\t<meta property=\"og:image:type\" content=\"image\/jpeg\" \/>\n<meta name=\"twitter:card\" content=\"summary_large_image\" \/>\n<meta name=\"twitter:label1\" content=\"Estimation du temps de lecture\" \/>\n\t<meta name=\"twitter:data1\" content=\"1 minute\" \/>\n<script type=\"application\/ld+json\" class=\"yoast-schema-graph\">{\"@context\":\"https:\\\/\\\/schema.org\",\"@graph\":[{\"@type\":\"WebPage\",\"@id\":\"https:\\\/\\\/ksproducts.ca\\\/product\\\/camco-rhinoflex-10-sewer-hose-extension-kit-with-pre-attached-swivel-fittings\\\/\",\"url\":\"https:\\\/\\\/ksproducts.ca\\\/product\\\/camco-rhinoflex-10-sewer-hose-extension-kit-with-pre-attached-swivel-fittings\\\/\",\"name\":\"Camco RhinoFLEX 10' Sewer Hose Extension Kit with Pre-Attached Swivel Fittings - Ks Products\",\"isPartOf\":{\"@id\":\"https:\\\/\\\/ksproducts.ca\\\/#website\"},\"primaryImageOfPage\":{\"@id\":\"https:\\\/\\\/ksproducts.ca\\\/product\\\/camco-rhinoflex-10-sewer-hose-extension-kit-with-pre-attached-swivel-fittings\\\/#primaryimage\"},\"image\":{\"@id\":\"https:\\\/\\\/ksproducts.ca\\\/product\\\/camco-rhinoflex-10-sewer-hose-extension-kit-with-pre-attached-swivel-fittings\\\/#primaryimage\"},\"thumbnailUrl\":\"https:\\\/\\\/ksproducts.ca\\\/wp-content\\\/uploads\\\/2026\\\/02\\\/rhinoflex-sewer-hose-10-ft-extension-kit-9c9db5a5-6760-4a04-86ca-4932c478d174-jpgrendition.jpg\",\"datePublished\":\"2026-02-13T16:52:52+00:00\",\"dateModified\":\"2026-02-13T16:52:53+00:00\",\"breadcrumb\":{\"@id\":\"https:\\\/\\\/ksproducts.ca\\\/product\\\/camco-rhinoflex-10-sewer-hose-extension-kit-with-pre-attached-swivel-fittings\\\/#breadcrumb\"},\"inLanguage\":\"fr-CA\",\"potentialAction\":[{\"@type\":\"ReadAction\",\"target\":[\"https:\\\/\\\/ksproducts.ca\\\/product\\\/camco-rhinoflex-10-sewer-hose-extension-kit-with-pre-attached-swivel-fittings\\\/\"]}]},{\"@type\":\"ImageObject\",\"inLanguage\":\"fr-CA\",\"@id\":\"https:\\\/\\\/ksproducts.ca\\\/product\\\/camco-rhinoflex-10-sewer-hose-extension-kit-with-pre-attached-swivel-fittings\\\/#primaryimage\",\"url\":\"https:\\\/\\\/ksproducts.ca\\\/wp-content\\\/uploads\\\/2026\\\/02\\\/rhinoflex-sewer-hose-10-ft-extension-kit-9c9db5a5-6760-4a04-86ca-4932c478d174-jpgrendition.jpg\",\"contentUrl\":\"https:\\\/\\\/ksproducts.ca\\\/wp-content\\\/uploads\\\/2026\\\/02\\\/rhinoflex-sewer-hose-10-ft-extension-kit-9c9db5a5-6760-4a04-86ca-4932c478d174-jpgrendition.jpg\",\"width\":800,\"height\":628,\"caption\":\"Camco RhinoFLEX 10' Sewer Hose Extension Kit with Pre-Attached Swivel Fittings\"},{\"@type\":\"BreadcrumbList\",\"@id\":\"https:\\\/\\\/ksproducts.ca\\\/product\\\/camco-rhinoflex-10-sewer-hose-extension-kit-with-pre-attached-swivel-fittings\\\/#breadcrumb\",\"itemListElement\":[{\"@type\":\"ListItem\",\"position\":1,\"name\":\"Home\",\"item\":\"https:\\\/\\\/ksproducts.ca\\\/\"},{\"@type\":\"ListItem\",\"position\":2,\"name\":\"Shop\",\"item\":\"https:\\\/\\\/ksproducts.ca\\\/shop\\\/\"},{\"@type\":\"ListItem\",\"position\":3,\"name\":\"Camco RhinoFLEX 10&#8242; Sewer Hose Extension Kit with Pre-Attached Swivel Fittings\"}]},{\"@type\":\"WebSite\",\"@id\":\"https:\\\/\\\/ksproducts.ca\\\/#website\",\"url\":\"https:\\\/\\\/ksproducts.ca\\\/\",\"name\":\"Ks Products\",\"description\":\"Outdoor cooking and living, made easy in Canada\",\"publisher\":{\"@id\":\"https:\\\/\\\/ksproducts.ca\\\/#organization\"},\"potentialAction\":[{\"@type\":\"SearchAction\",\"target\":{\"@type\":\"EntryPoint\",\"urlTemplate\":\"https:\\\/\\\/ksproducts.ca\\\/?s={search_term_string}\"},\"query-input\":{\"@type\":\"PropertyValueSpecification\",\"valueRequired\":true,\"valueName\":\"search_term_string\"}}],\"inLanguage\":\"fr-CA\"},{\"@type\":\"Organization\",\"@id\":\"https:\\\/\\\/ksproducts.ca\\\/#organization\",\"name\":\"Ks Products\",\"url\":\"https:\\\/\\\/ksproducts.ca\\\/\",\"logo\":{\"@type\":\"ImageObject\",\"inLanguage\":\"fr-CA\",\"@id\":\"https:\\\/\\\/ksproducts.ca\\\/#\\\/schema\\\/logo\\\/image\\\/\",\"url\":\"https:\\\/\\\/ksproducts.ca\\\/wp-content\\\/uploads\\\/2023\\\/09\\\/Kennedy-Sales-Logo-header-1.png\",\"contentUrl\":\"https:\\\/\\\/ksproducts.ca\\\/wp-content\\\/uploads\\\/2023\\\/09\\\/Kennedy-Sales-Logo-header-1.png\",\"width\":150,\"height\":77,\"caption\":\"Ks Products\"},\"image\":{\"@id\":\"https:\\\/\\\/ksproducts.ca\\\/#\\\/schema\\\/logo\\\/image\\\/\"}}]}<\/script>\n<!-- \/ Yoast SEO plugin. -->","yoast_head_json":{"title":"Camco RhinoFLEX 10' Kit de rallonge de tuyau d'\u00e9gout avec raccords pivotants pr\u00e9-attach\u00e9s - Ks Products","robots":{"index":"index","follow":"follow","max-snippet":"max-snippet:-1","max-image-preview":"max-image-preview:large","max-video-preview":"max-video-preview:-1"},"canonical":"https:\/\/ksproducts.ca\/fr\/product\/kit-dextension-de-tuyau-devacuation-camco-rhinoflex-10-avec-raccords-pivotants-pre-assembles\/","og_locale":"fr_CA","og_type":"article","og_title":"Camco RhinoFLEX 10' Sewer Hose Extension Kit with Pre-Attached Swivel Fittings - Ks Products","og_description":"The CAMCO RhinoFLEX Sewer Hose Extension Kit is designed to expand your RV waste disposal system with ease. Made with durable, high-quality materials, this extension hose features a pre-attached swivel lug and bayonet fittings with a reusable locking ring for a secure, leak-proof connection. It\u2019s easy to attach to your existing RhinoFLEX hose, providing added length and flexibility. The kit is lightweight, durable, and perfect for extended RV trips.","og_url":"https:\/\/ksproducts.ca\/fr\/product\/kit-dextension-de-tuyau-devacuation-camco-rhinoflex-10-avec-raccords-pivotants-pre-assembles\/","og_site_name":"Ks Products","article_modified_time":"2026-02-13T16:52:53+00:00","og_image":[{"width":800,"height":628,"url":"https:\/\/ksproducts.ca\/wp-content\/uploads\/2026\/02\/rhinoflex-sewer-hose-10-ft-extension-kit-9c9db5a5-6760-4a04-86ca-4932c478d174-jpgrendition.jpg","type":"image\/jpeg"}],"twitter_card":"summary_large_image","twitter_misc":{"Estimation du temps de lecture":"1 minute"},"schema":{"@context":"https:\/\/schema.org","@graph":[{"@type":"WebPage","@id":"https:\/\/ksproducts.ca\/product\/camco-rhinoflex-10-sewer-hose-extension-kit-with-pre-attached-swivel-fittings\/","url":"https:\/\/ksproducts.ca\/product\/camco-rhinoflex-10-sewer-hose-extension-kit-with-pre-attached-swivel-fittings\/","name":"Camco RhinoFLEX 10' Kit de rallonge de tuyau d'\u00e9gout avec raccords pivotants pr\u00e9-attach\u00e9s - Ks Products","isPartOf":{"@id":"https:\/\/ksproducts.ca\/#website"},"primaryImageOfPage":{"@id":"https:\/\/ksproducts.ca\/product\/camco-rhinoflex-10-sewer-hose-extension-kit-with-pre-attached-swivel-fittings\/#primaryimage"},"image":{"@id":"https:\/\/ksproducts.ca\/product\/camco-rhinoflex-10-sewer-hose-extension-kit-with-pre-attached-swivel-fittings\/#primaryimage"},"thumbnailUrl":"https:\/\/ksproducts.ca\/wp-content\/uploads\/2026\/02\/rhinoflex-sewer-hose-10-ft-extension-kit-9c9db5a5-6760-4a04-86ca-4932c478d174-jpgrendition.jpg","datePublished":"2026-02-13T16:52:52+00:00","dateModified":"2026-02-13T16:52:53+00:00","breadcrumb":{"@id":"https:\/\/ksproducts.ca\/product\/camco-rhinoflex-10-sewer-hose-extension-kit-with-pre-attached-swivel-fittings\/#breadcrumb"},"inLanguage":"fr-CA","potentialAction":[{"@type":"ReadAction","target":["https:\/\/ksproducts.ca\/product\/camco-rhinoflex-10-sewer-hose-extension-kit-with-pre-attached-swivel-fittings\/"]}]},{"@type":"ImageObject","inLanguage":"fr-CA","@id":"https:\/\/ksproducts.ca\/product\/camco-rhinoflex-10-sewer-hose-extension-kit-with-pre-attached-swivel-fittings\/#primaryimage","url":"https:\/\/ksproducts.ca\/wp-content\/uploads\/2026\/02\/rhinoflex-sewer-hose-10-ft-extension-kit-9c9db5a5-6760-4a04-86ca-4932c478d174-jpgrendition.jpg","contentUrl":"https:\/\/ksproducts.ca\/wp-content\/uploads\/2026\/02\/rhinoflex-sewer-hose-10-ft-extension-kit-9c9db5a5-6760-4a04-86ca-4932c478d174-jpgrendition.jpg","width":800,"height":628,"caption":"Camco RhinoFLEX 10' Sewer Hose Extension Kit with Pre-Attached Swivel Fittings"},{"@type":"BreadcrumbList","@id":"https:\/\/ksproducts.ca\/product\/camco-rhinoflex-10-sewer-hose-extension-kit-with-pre-attached-swivel-fittings\/#breadcrumb","itemListElement":[{"@type":"ListItem","position":1,"name":"Home","item":"https:\/\/ksproducts.ca\/"},{"@type":"ListItem","position":2,"name":"Shop","item":"https:\/\/ksproducts.ca\/shop\/"},{"@type":"ListItem","position":3,"name":"Camco RhinoFLEX 10&#8242; Sewer Hose Extension Kit with Pre-Attached Swivel Fittings"}]},{"@type":"WebSite","@id":"https:\/\/ksproducts.ca\/#website","url":"https:\/\/ksproducts.ca\/","name":"Produits Ks","description":"Cuisiner et vivre en plein air, c'est facile au Canada","publisher":{"@id":"https:\/\/ksproducts.ca\/#organization"},"potentialAction":[{"@type":"SearchAction","target":{"@type":"EntryPoint","urlTemplate":"https:\/\/ksproducts.ca\/?s={search_term_string}"},"query-input":{"@type":"PropertyValueSpecification","valueRequired":true,"valueName":"search_term_string"}}],"inLanguage":"fr-CA"},{"@type":"Organization","@id":"https:\/\/ksproducts.ca\/#organization","name":"Produits Ks","url":"https:\/\/ksproducts.ca\/","logo":{"@type":"ImageObject","inLanguage":"fr-CA","@id":"https:\/\/ksproducts.ca\/#\/schema\/logo\/image\/","url":"https:\/\/ksproducts.ca\/wp-content\/uploads\/2023\/09\/Kennedy-Sales-Logo-header-1.png","contentUrl":"https:\/\/ksproducts.ca\/wp-content\/uploads\/2023\/09\/Kennedy-Sales-Logo-header-1.png","width":150,"height":77,"caption":"Ks Products"},"image":{"@id":"https:\/\/ksproducts.ca\/#\/schema\/logo\/image\/"}}]}},"_links":{"self":[{"href":"https:\/\/ksproducts.ca\/fr\/wp-json\/wp\/v2\/product\/11172","targetHints":{"allow":["GET"]}}],"collection":[{"href":"https:\/\/ksproducts.ca\/fr\/wp-json\/wp\/v2\/product"}],"about":[{"href":"https:\/\/ksproducts.ca\/fr\/wp-json\/wp\/v2\/types\/product"}],"replies":[{"embeddable":true,"href":"https:\/\/ksproducts.ca\/fr\/wp-json\/wp\/v2\/comments?post=11172"}],"version-history":[{"count":1,"href":"https:\/\/ksproducts.ca\/fr\/wp-json\/wp\/v2\/product\/11172\/revisions"}],"predecessor-version":[{"id":11175,"href":"https:\/\/ksproducts.ca\/fr\/wp-json\/wp\/v2\/product\/11172\/revisions\/11175"}],"wp:featuredmedia":[{"embeddable":true,"href":"https:\/\/ksproducts.ca\/fr\/wp-json\/wp\/v2\/media\/11173"}],"wp:attachment":[{"href":"https:\/\/ksproducts.ca\/fr\/wp-json\/wp\/v2\/media?parent=11172"}],"wp:term":[{"taxonomy":"product_cat","embeddable":true,"href":"https:\/\/ksproducts.ca\/fr\/wp-json\/wp\/v2\/product_cat?post=11172"},{"taxonomy":"product_tag","embeddable":true,"href":"https:\/\/ksproducts.ca\/fr\/wp-json\/wp\/v2\/product_tag?post=11172"}],"curies":[{"name":"wp","href":"https:\/\/api.w.org\/{rel}","templated":true}]}}