{"id":11187,"date":"2026-02-13T17:24:12","date_gmt":"2026-02-13T17:24:12","guid":{"rendered":"https:\/\/ksproducts.ca\/?post_type=product&#038;p=11187"},"modified":"2026-03-02T18:53:34","modified_gmt":"2026-03-02T18:53:34","slug":"cale-roue-camco-avec-corde","status":"publish","type":"product","link":"https:\/\/ksproducts.ca\/fr\/product\/camco-wheel-chock-with-rope\/","title":{"rendered":"Cale de roue Camco avec corde"},"content":{"rendered":"<ul class=\"a-unordered-list a-vertical a-spacing-mini\">\n<li class=\"a-spacing-mini\"><span class=\"a-list-item\">Maintient la remorque en place pour que vous puissiez la raccrocher en toute confiance<\/span><\/li>\n<li class=\"a-spacing-mini\"><span class=\"a-list-item\">Fabriqu\u00e9 en plastique rigide durable avec des inhibiteurs UV pour des ann\u00e9es d'utilisation<\/span><\/li>\n<li class=\"a-spacing-mini\"><span class=\"a-list-item\">Comprend une corde pour un retrait s\u00fbr et facile de la roue<\/span><\/li>\n<li class=\"a-spacing-mini\"><span class=\"a-list-item\">Pour utilisation avec des pneus jusqu'\u00e0 26\u2033 de diam\u00e8tre<\/span><\/li>\n<li class=\"a-spacing-mini\"><span class=\"a-list-item\">Pas pour un usage commercial ni avec des camions ou remorques de type commercial lourd<\/span><\/li>\n<\/ul>","protected":false},"excerpt":{"rendered":"<p>La cale de roue 44472 RV avec corde de Camco est con\u00e7ue pour maintenir votre remorque en place afin que vous puissiez la r\u00e9atteler en toute confiance. Elle est fabriqu\u00e9e en plastique dur durable avec des inhibiteurs d'UV, ce qui vous assure des ann\u00e9es d'utilisation. La corde incluse permet de retirer la cale de la roue facilement et en toute s\u00e9curit\u00e9. Con\u00e7ue pour \u00eatre utilis\u00e9e sur des pneus jusqu'\u00e0 26\u201d.<\/p>","protected":false},"featured_media":11181,"comment_status":"open","ping_status":"closed","template":"","meta":[],"product_cat":[431],"product_tag":[],"class_list":{"0":"post-11187","1":"product","2":"type-product","3":"status-publish","4":"has-post-thumbnail","6":"product_brand-camco","7":"product_cat-camping-rv-essentials","8":"product_shipping_class-class-1","10":"first","11":"instock","12":"taxable","13":"shipping-taxable","14":"purchasable","15":"product-type-simple"},"yoast_head":"<!-- This site is optimized with the Yoast SEO plugin v27.4 - https:\/\/yoast.com\/product\/yoast-seo-wordpress\/ -->\n<title>Camco Wheel Chock with Rope - Ks Products<\/title>\n<meta name=\"robots\" content=\"index, follow, max-snippet:-1, max-image-preview:large, max-video-preview:-1\" \/>\n<link rel=\"canonical\" href=\"https:\/\/ksproducts.ca\/fr\/product\/cale-roue-camco-avec-corde\/\" \/>\n<meta property=\"og:locale\" content=\"fr_CA\" \/>\n<meta property=\"og:type\" content=\"article\" \/>\n<meta property=\"og:title\" content=\"Camco Wheel Chock with Rope - Ks Products\" \/>\n<meta property=\"og:description\" content=\"Camco&#039;s 44472 RV Wheel Chock with Rope is designed to keep your trailer in place so that you can re-hitch with confidence. It is constructed of durable hard plastic with UV inhibitors giving you years of use. The included rope makes removing the chock from the wheel safe and easy. Designed to be used on tires up to 26\u201d.\" \/>\n<meta property=\"og:url\" content=\"https:\/\/ksproducts.ca\/fr\/product\/cale-roue-camco-avec-corde\/\" \/>\n<meta property=\"og:site_name\" content=\"Ks Products\" \/>\n<meta property=\"article:modified_time\" content=\"2026-03-02T18:53:34+00:00\" \/>\n<meta property=\"og:image\" content=\"https:\/\/ksproducts.ca\/wp-content\/uploads\/2026\/02\/61qwyamjioL._AC_SL1500_.jpg\" \/>\n\t<meta property=\"og:image:width\" content=\"800\" \/>\n\t<meta property=\"og:image:height\" content=\"453\" \/>\n\t<meta property=\"og:image:type\" content=\"image\/jpeg\" \/>\n<meta name=\"twitter:card\" content=\"summary_large_image\" \/>\n<meta name=\"twitter:label1\" content=\"Estimation du temps de lecture\" \/>\n\t<meta name=\"twitter:data1\" content=\"1 minute\" \/>\n<script type=\"application\/ld+json\" class=\"yoast-schema-graph\">{\"@context\":\"https:\\\/\\\/schema.org\",\"@graph\":[{\"@type\":\"WebPage\",\"@id\":\"https:\\\/\\\/ksproducts.ca\\\/product\\\/camco-wheel-chock-with-rope\\\/\",\"url\":\"https:\\\/\\\/ksproducts.ca\\\/product\\\/camco-wheel-chock-with-rope\\\/\",\"name\":\"Camco Wheel Chock with Rope - Ks Products\",\"isPartOf\":{\"@id\":\"https:\\\/\\\/ksproducts.ca\\\/#website\"},\"primaryImageOfPage\":{\"@id\":\"https:\\\/\\\/ksproducts.ca\\\/product\\\/camco-wheel-chock-with-rope\\\/#primaryimage\"},\"image\":{\"@id\":\"https:\\\/\\\/ksproducts.ca\\\/product\\\/camco-wheel-chock-with-rope\\\/#primaryimage\"},\"thumbnailUrl\":\"https:\\\/\\\/ksproducts.ca\\\/wp-content\\\/uploads\\\/2026\\\/02\\\/61qwyamjioL._AC_SL1500_.jpg\",\"datePublished\":\"2026-02-13T17:24:12+00:00\",\"dateModified\":\"2026-03-02T18:53:34+00:00\",\"breadcrumb\":{\"@id\":\"https:\\\/\\\/ksproducts.ca\\\/product\\\/camco-wheel-chock-with-rope\\\/#breadcrumb\"},\"inLanguage\":\"fr-CA\",\"potentialAction\":[{\"@type\":\"ReadAction\",\"target\":[\"https:\\\/\\\/ksproducts.ca\\\/product\\\/camco-wheel-chock-with-rope\\\/\"]}]},{\"@type\":\"ImageObject\",\"inLanguage\":\"fr-CA\",\"@id\":\"https:\\\/\\\/ksproducts.ca\\\/product\\\/camco-wheel-chock-with-rope\\\/#primaryimage\",\"url\":\"https:\\\/\\\/ksproducts.ca\\\/wp-content\\\/uploads\\\/2026\\\/02\\\/61qwyamjioL._AC_SL1500_.jpg\",\"contentUrl\":\"https:\\\/\\\/ksproducts.ca\\\/wp-content\\\/uploads\\\/2026\\\/02\\\/61qwyamjioL._AC_SL1500_.jpg\",\"width\":800,\"height\":453,\"caption\":\"Camco Super Wheel Chock with Rope\"},{\"@type\":\"BreadcrumbList\",\"@id\":\"https:\\\/\\\/ksproducts.ca\\\/product\\\/camco-wheel-chock-with-rope\\\/#breadcrumb\",\"itemListElement\":[{\"@type\":\"ListItem\",\"position\":1,\"name\":\"Home\",\"item\":\"https:\\\/\\\/ksproducts.ca\\\/\"},{\"@type\":\"ListItem\",\"position\":2,\"name\":\"Shop\",\"item\":\"https:\\\/\\\/ksproducts.ca\\\/shop\\\/\"},{\"@type\":\"ListItem\",\"position\":3,\"name\":\"Camco Wheel Chock with Rope\"}]},{\"@type\":\"WebSite\",\"@id\":\"https:\\\/\\\/ksproducts.ca\\\/#website\",\"url\":\"https:\\\/\\\/ksproducts.ca\\\/\",\"name\":\"Ks Products\",\"description\":\"Outdoor cooking and living, made easy in Canada\",\"publisher\":{\"@id\":\"https:\\\/\\\/ksproducts.ca\\\/#organization\"},\"potentialAction\":[{\"@type\":\"SearchAction\",\"target\":{\"@type\":\"EntryPoint\",\"urlTemplate\":\"https:\\\/\\\/ksproducts.ca\\\/?s={search_term_string}\"},\"query-input\":{\"@type\":\"PropertyValueSpecification\",\"valueRequired\":true,\"valueName\":\"search_term_string\"}}],\"inLanguage\":\"fr-CA\"},{\"@type\":\"Organization\",\"@id\":\"https:\\\/\\\/ksproducts.ca\\\/#organization\",\"name\":\"Ks Products\",\"url\":\"https:\\\/\\\/ksproducts.ca\\\/\",\"logo\":{\"@type\":\"ImageObject\",\"inLanguage\":\"fr-CA\",\"@id\":\"https:\\\/\\\/ksproducts.ca\\\/#\\\/schema\\\/logo\\\/image\\\/\",\"url\":\"https:\\\/\\\/ksproducts.ca\\\/wp-content\\\/uploads\\\/2023\\\/09\\\/Kennedy-Sales-Logo-header-1.png\",\"contentUrl\":\"https:\\\/\\\/ksproducts.ca\\\/wp-content\\\/uploads\\\/2023\\\/09\\\/Kennedy-Sales-Logo-header-1.png\",\"width\":150,\"height\":77,\"caption\":\"Ks Products\"},\"image\":{\"@id\":\"https:\\\/\\\/ksproducts.ca\\\/#\\\/schema\\\/logo\\\/image\\\/\"}}]}<\/script>\n<!-- \/ Yoast SEO plugin. -->","yoast_head_json":{"title":"But\u00e9e de roue Camco avec corde - Produits Ks","robots":{"index":"index","follow":"follow","max-snippet":"max-snippet:-1","max-image-preview":"max-image-preview:large","max-video-preview":"max-video-preview:-1"},"canonical":"https:\/\/ksproducts.ca\/fr\/product\/cale-roue-camco-avec-corde\/","og_locale":"fr_CA","og_type":"article","og_title":"Camco Wheel Chock with Rope - Ks Products","og_description":"Camco's 44472 RV Wheel Chock with Rope is designed to keep your trailer in place so that you can re-hitch with confidence. It is constructed of durable hard plastic with UV inhibitors giving you years of use. The included rope makes removing the chock from the wheel safe and easy. Designed to be used on tires up to 26\u201d.","og_url":"https:\/\/ksproducts.ca\/fr\/product\/cale-roue-camco-avec-corde\/","og_site_name":"Ks Products","article_modified_time":"2026-03-02T18:53:34+00:00","og_image":[{"width":800,"height":453,"url":"https:\/\/ksproducts.ca\/wp-content\/uploads\/2026\/02\/61qwyamjioL._AC_SL1500_.jpg","type":"image\/jpeg"}],"twitter_card":"summary_large_image","twitter_misc":{"Estimation du temps de lecture":"1 minute"},"schema":{"@context":"https:\/\/schema.org","@graph":[{"@type":"WebPage","@id":"https:\/\/ksproducts.ca\/product\/camco-wheel-chock-with-rope\/","url":"https:\/\/ksproducts.ca\/product\/camco-wheel-chock-with-rope\/","name":"But\u00e9e de roue Camco avec corde - Produits Ks","isPartOf":{"@id":"https:\/\/ksproducts.ca\/#website"},"primaryImageOfPage":{"@id":"https:\/\/ksproducts.ca\/product\/camco-wheel-chock-with-rope\/#primaryimage"},"image":{"@id":"https:\/\/ksproducts.ca\/product\/camco-wheel-chock-with-rope\/#primaryimage"},"thumbnailUrl":"https:\/\/ksproducts.ca\/wp-content\/uploads\/2026\/02\/61qwyamjioL._AC_SL1500_.jpg","datePublished":"2026-02-13T17:24:12+00:00","dateModified":"2026-03-02T18:53:34+00:00","breadcrumb":{"@id":"https:\/\/ksproducts.ca\/product\/camco-wheel-chock-with-rope\/#breadcrumb"},"inLanguage":"fr-CA","potentialAction":[{"@type":"ReadAction","target":["https:\/\/ksproducts.ca\/product\/camco-wheel-chock-with-rope\/"]}]},{"@type":"ImageObject","inLanguage":"fr-CA","@id":"https:\/\/ksproducts.ca\/product\/camco-wheel-chock-with-rope\/#primaryimage","url":"https:\/\/ksproducts.ca\/wp-content\/uploads\/2026\/02\/61qwyamjioL._AC_SL1500_.jpg","contentUrl":"https:\/\/ksproducts.ca\/wp-content\/uploads\/2026\/02\/61qwyamjioL._AC_SL1500_.jpg","width":800,"height":453,"caption":"Camco Super Wheel Chock with Rope"},{"@type":"BreadcrumbList","@id":"https:\/\/ksproducts.ca\/product\/camco-wheel-chock-with-rope\/#breadcrumb","itemListElement":[{"@type":"ListItem","position":1,"name":"Home","item":"https:\/\/ksproducts.ca\/"},{"@type":"ListItem","position":2,"name":"Shop","item":"https:\/\/ksproducts.ca\/shop\/"},{"@type":"ListItem","position":3,"name":"Camco Wheel Chock with Rope"}]},{"@type":"WebSite","@id":"https:\/\/ksproducts.ca\/#website","url":"https:\/\/ksproducts.ca\/","name":"Produits Ks","description":"Cuisiner et vivre en plein air, c'est facile au Canada","publisher":{"@id":"https:\/\/ksproducts.ca\/#organization"},"potentialAction":[{"@type":"SearchAction","target":{"@type":"EntryPoint","urlTemplate":"https:\/\/ksproducts.ca\/?s={search_term_string}"},"query-input":{"@type":"PropertyValueSpecification","valueRequired":true,"valueName":"search_term_string"}}],"inLanguage":"fr-CA"},{"@type":"Organization","@id":"https:\/\/ksproducts.ca\/#organization","name":"Produits Ks","url":"https:\/\/ksproducts.ca\/","logo":{"@type":"ImageObject","inLanguage":"fr-CA","@id":"https:\/\/ksproducts.ca\/#\/schema\/logo\/image\/","url":"https:\/\/ksproducts.ca\/wp-content\/uploads\/2023\/09\/Kennedy-Sales-Logo-header-1.png","contentUrl":"https:\/\/ksproducts.ca\/wp-content\/uploads\/2023\/09\/Kennedy-Sales-Logo-header-1.png","width":150,"height":77,"caption":"Ks Products"},"image":{"@id":"https:\/\/ksproducts.ca\/#\/schema\/logo\/image\/"}}]}},"_links":{"self":[{"href":"https:\/\/ksproducts.ca\/fr\/wp-json\/wp\/v2\/product\/11187","targetHints":{"allow":["GET"]}}],"collection":[{"href":"https:\/\/ksproducts.ca\/fr\/wp-json\/wp\/v2\/product"}],"about":[{"href":"https:\/\/ksproducts.ca\/fr\/wp-json\/wp\/v2\/types\/product"}],"replies":[{"embeddable":true,"href":"https:\/\/ksproducts.ca\/fr\/wp-json\/wp\/v2\/comments?post=11187"}],"version-history":[{"count":1,"href":"https:\/\/ksproducts.ca\/fr\/wp-json\/wp\/v2\/product\/11187\/revisions"}],"predecessor-version":[{"id":11188,"href":"https:\/\/ksproducts.ca\/fr\/wp-json\/wp\/v2\/product\/11187\/revisions\/11188"}],"wp:featuredmedia":[{"embeddable":true,"href":"https:\/\/ksproducts.ca\/fr\/wp-json\/wp\/v2\/media\/11181"}],"wp:attachment":[{"href":"https:\/\/ksproducts.ca\/fr\/wp-json\/wp\/v2\/media?parent=11187"}],"wp:term":[{"taxonomy":"product_cat","embeddable":true,"href":"https:\/\/ksproducts.ca\/fr\/wp-json\/wp\/v2\/product_cat?post=11187"},{"taxonomy":"product_tag","embeddable":true,"href":"https:\/\/ksproducts.ca\/fr\/wp-json\/wp\/v2\/product_tag?post=11187"}],"curies":[{"name":"wp","href":"https:\/\/api.w.org\/{rel}","templated":true}]}}