{"id":11202,"date":"2026-02-13T18:02:08","date_gmt":"2026-02-13T18:02:08","guid":{"rendered":"https:\/\/ksproducts.ca\/?post_type=product&#038;p=11202"},"modified":"2026-03-02T19:56:14","modified_gmt":"2026-03-02T19:56:14","slug":"camco-heavy-duty-rv-dogbone-electrical-adapter-50-amp-male-to-30-amp-female","status":"publish","type":"product","link":"https:\/\/ksproducts.ca\/fr\/product\/camco-heavy-duty-rv-dogbone-electrical-adapter-50-amp-male-to-30-amp-female\/","title":{"rendered":"Camco Heavy Duty RV Dogbone Electrical Adapter - 50 Amp Male to 30 Amp Female"},"content":{"rendered":"<ul class=\"acl-lheight--large acl-text-size--medium acl-list acl-list--type--bulleted acl-text-size--small\" type=\"bulleted\">\n<li class=\"acl-lheight--regular acl-my--xx-small acl-text-size--small acl-list-item\">Converts Electrical Connection Type: Designed to allow you to hookup to your campground&#8217;s power pedestal, adapting the electrical connection to fit your 30-amp RV.<\/li>\n<\/ul>\n<ul class=\"acl-lheight--large acl-text-size--medium acl-list acl-list--type--bulleted acl-text-size--small\" type=\"bulleted\">\n<li class=\"acl-lheight--regular acl-my--xx-small acl-text-size--small acl-list-item\">High Conductivity: Heavy-duty 50-amp male (NEMA 14-50P) and 30-amp female (NEMA TT-30R) electrical heads. Rated for 125 volts\/3750 watts. Constructed with 100% copper, 10\/3-gauge wires for superior conductivity.<\/li>\n<\/ul>\n<ul class=\"acl-lheight--large acl-text-size--medium acl-list acl-list--type--bulleted acl-text-size--small\" type=\"bulleted\">\n<li class=\"acl-lheight--regular acl-my--xx-small acl-text-size--small acl-list-item\">Construction flexible, s\u00fbre et durable : Le cordon adaptateur pour os de chien est extr\u00eamement flexible. Il est recouvert d'une gaine en PVC robuste, ignifuge et r\u00e9sistant \u00e0 la chaleur, qui le prot\u00e8ge de l'usure et des \u00e9l\u00e9ments ext\u00e9rieurs.<\/li>\n<\/ul>\n<ul class=\"acl-lheight--large acl-text-size--medium acl-list acl-list--type--bulleted acl-text-size--small\" type=\"bulleted\">\n<li class=\"acl-lheight--regular acl-my--xx-small acl-text-size--small acl-list-item\">La poign\u00e9e PowerGrip Plug \u00e9vite de tendre ou d'endommager l'adaptateur.<\/li>\n<\/ul>","protected":false},"excerpt":{"rendered":"<p>L'adaptateur \u00e9lectrique Camco Heavy-Duty RV Dogbone avec poign\u00e9es PowerGrip (m\u00e2le 50 amp\u00e8res \u00e0 femelle 30 amp\u00e8res, 18 pouces) est con\u00e7u pour vous permettre de vous brancher sur le socle \u00e9lectrique de votre terrain de camping, en adaptant la connexion \u00e0 votre v\u00e9hicule r\u00e9cr\u00e9atif de 30 amp\u00e8res. Extr\u00eamement flexible, le cordon est recouvert d'une gaine en PVC robuste, ignifuge et r\u00e9sistante \u00e0 la chaleur, qui sert de protection contre les \u00e9l\u00e9ments ext\u00e9rieurs, l'usure et les d\u00e9chirures. Les poign\u00e9es PowerGrip facilitent la pr\u00e9hension, le branchement et le d\u00e9branchement sans forcer ni endommager l'adaptateur. Il est dot\u00e9 d'extr\u00e9mit\u00e9s m\u00e2le (NEMA 14-50P) et femelle (NEMA TT-30R) r\u00e9sistantes de 50 amp\u00e8res et de 30 amp\u00e8res. Con\u00e7u pour 125 volts\/3750 watts, il est fabriqu\u00e9 avec des fils de cuivre 100% de calibre 10\/3 pour une conductivit\u00e9 sup\u00e9rieure.<\/p>","protected":false},"featured_media":11190,"comment_status":"open","ping_status":"closed","template":"","meta":[],"product_cat":[431],"product_tag":[],"class_list":{"0":"post-11202","1":"product","2":"type-product","3":"status-publish","4":"has-post-thumbnail","6":"product_brand-camco","7":"product_cat-camping-rv-essentials","8":"product_shipping_class-class-1","10":"first","11":"instock","12":"taxable","13":"shipping-taxable","14":"purchasable","15":"product-type-simple"},"yoast_head":"<!-- This site is optimized with the Yoast SEO plugin v27.3 - https:\/\/yoast.com\/product\/yoast-seo-wordpress\/ -->\n<title>Camco Heavy Duty RV Dogbone Electrical Adapter - 50 Amp Male to 30 Amp Female - Ks Products<\/title>\n<meta name=\"robots\" content=\"index, follow, max-snippet:-1, max-image-preview:large, max-video-preview:-1\" \/>\n<link rel=\"canonical\" href=\"https:\/\/ksproducts.ca\/fr\/product\/camco-heavy-duty-rv-dogbone-electrical-adapter-50-amp-male-to-30-amp-female\/\" \/>\n<meta property=\"og:locale\" content=\"fr_CA\" \/>\n<meta property=\"og:type\" content=\"article\" \/>\n<meta property=\"og:title\" content=\"Camco Heavy Duty RV Dogbone Electrical Adapter - 50 Amp Male to 30 Amp Female - Ks Products\" \/>\n<meta property=\"og:description\" content=\"The Camco Heavy-Duty RV Dogbone Electrical Adapter with PowerGrip Handles (50-Amp Male to 30-Amp Female, 18-Inch) is designed to allow you to hookup to your campground&#039;s power pedestal, adapting the connection to fit your 30-amp RV. Extremely flexible in design, the cord is coated with a heavy-duty flame retardant, heat-resistant PVC sheath that serves as protection from the outdoor elements, wear and tear. Hassle-free PowerGrip handles help assist in gripping, plugging and unplugging without straining or damaging the adapter. It features heavy-duty 50-amp male (NEMA 14-50P) and 30-amp female (NEMA TT-30R) ends. Rated for 125 volts\/3750 watts and constructed with 100% copper, 10\/3-guage wires for superior conductivity.\" \/>\n<meta property=\"og:url\" content=\"https:\/\/ksproducts.ca\/fr\/product\/camco-heavy-duty-rv-dogbone-electrical-adapter-50-amp-male-to-30-amp-female\/\" \/>\n<meta property=\"og:site_name\" content=\"Ks Products\" \/>\n<meta property=\"article:modified_time\" content=\"2026-03-02T19:56:14+00:00\" \/>\n<meta property=\"og:image\" content=\"https:\/\/ksproducts.ca\/wp-content\/uploads\/2026\/02\/61byWmoJAvL._AC_SL1500_.jpg\" \/>\n\t<meta property=\"og:image:width\" content=\"800\" \/>\n\t<meta property=\"og:image:height\" content=\"533\" \/>\n\t<meta property=\"og:image:type\" content=\"image\/jpeg\" \/>\n<meta name=\"twitter:card\" content=\"summary_large_image\" \/>\n<meta name=\"twitter:label1\" content=\"Estimation du temps de lecture\" \/>\n\t<meta name=\"twitter:data1\" content=\"1 minute\" \/>\n<script type=\"application\/ld+json\" class=\"yoast-schema-graph\">{\"@context\":\"https:\\\/\\\/schema.org\",\"@graph\":[{\"@type\":\"WebPage\",\"@id\":\"https:\\\/\\\/ksproducts.ca\\\/product\\\/camco-heavy-duty-rv-dogbone-electrical-adapter-50-amp-male-to-30-amp-female\\\/\",\"url\":\"https:\\\/\\\/ksproducts.ca\\\/product\\\/camco-heavy-duty-rv-dogbone-electrical-adapter-50-amp-male-to-30-amp-female\\\/\",\"name\":\"Camco Heavy Duty RV Dogbone Electrical Adapter - 50 Amp Male to 30 Amp Female - Ks Products\",\"isPartOf\":{\"@id\":\"https:\\\/\\\/ksproducts.ca\\\/#website\"},\"primaryImageOfPage\":{\"@id\":\"https:\\\/\\\/ksproducts.ca\\\/product\\\/camco-heavy-duty-rv-dogbone-electrical-adapter-50-amp-male-to-30-amp-female\\\/#primaryimage\"},\"image\":{\"@id\":\"https:\\\/\\\/ksproducts.ca\\\/product\\\/camco-heavy-duty-rv-dogbone-electrical-adapter-50-amp-male-to-30-amp-female\\\/#primaryimage\"},\"thumbnailUrl\":\"https:\\\/\\\/ksproducts.ca\\\/wp-content\\\/uploads\\\/2026\\\/02\\\/61byWmoJAvL._AC_SL1500_.jpg\",\"datePublished\":\"2026-02-13T18:02:08+00:00\",\"dateModified\":\"2026-03-02T19:56:14+00:00\",\"breadcrumb\":{\"@id\":\"https:\\\/\\\/ksproducts.ca\\\/product\\\/camco-heavy-duty-rv-dogbone-electrical-adapter-50-amp-male-to-30-amp-female\\\/#breadcrumb\"},\"inLanguage\":\"fr-CA\",\"potentialAction\":[{\"@type\":\"ReadAction\",\"target\":[\"https:\\\/\\\/ksproducts.ca\\\/product\\\/camco-heavy-duty-rv-dogbone-electrical-adapter-50-amp-male-to-30-amp-female\\\/\"]}]},{\"@type\":\"ImageObject\",\"inLanguage\":\"fr-CA\",\"@id\":\"https:\\\/\\\/ksproducts.ca\\\/product\\\/camco-heavy-duty-rv-dogbone-electrical-adapter-50-amp-male-to-30-amp-female\\\/#primaryimage\",\"url\":\"https:\\\/\\\/ksproducts.ca\\\/wp-content\\\/uploads\\\/2026\\\/02\\\/61byWmoJAvL._AC_SL1500_.jpg\",\"contentUrl\":\"https:\\\/\\\/ksproducts.ca\\\/wp-content\\\/uploads\\\/2026\\\/02\\\/61byWmoJAvL._AC_SL1500_.jpg\",\"width\":800,\"height\":533,\"caption\":\"Camco Heavy Duty RV Dogbone Electrical Adapter - 15 Amp Male to 50 Amp Female\"},{\"@type\":\"BreadcrumbList\",\"@id\":\"https:\\\/\\\/ksproducts.ca\\\/product\\\/camco-heavy-duty-rv-dogbone-electrical-adapter-50-amp-male-to-30-amp-female\\\/#breadcrumb\",\"itemListElement\":[{\"@type\":\"ListItem\",\"position\":1,\"name\":\"Home\",\"item\":\"https:\\\/\\\/ksproducts.ca\\\/\"},{\"@type\":\"ListItem\",\"position\":2,\"name\":\"Shop\",\"item\":\"https:\\\/\\\/ksproducts.ca\\\/shop\\\/\"},{\"@type\":\"ListItem\",\"position\":3,\"name\":\"Camco Heavy Duty RV Dogbone Electrical Adapter &#8211; 50 Amp Male to 30 Amp Female\"}]},{\"@type\":\"WebSite\",\"@id\":\"https:\\\/\\\/ksproducts.ca\\\/#website\",\"url\":\"https:\\\/\\\/ksproducts.ca\\\/\",\"name\":\"Ks Products\",\"description\":\"Outdoor cooking and living, made easy in Canada\",\"publisher\":{\"@id\":\"https:\\\/\\\/ksproducts.ca\\\/#organization\"},\"potentialAction\":[{\"@type\":\"SearchAction\",\"target\":{\"@type\":\"EntryPoint\",\"urlTemplate\":\"https:\\\/\\\/ksproducts.ca\\\/?s={search_term_string}\"},\"query-input\":{\"@type\":\"PropertyValueSpecification\",\"valueRequired\":true,\"valueName\":\"search_term_string\"}}],\"inLanguage\":\"fr-CA\"},{\"@type\":\"Organization\",\"@id\":\"https:\\\/\\\/ksproducts.ca\\\/#organization\",\"name\":\"Ks Products\",\"url\":\"https:\\\/\\\/ksproducts.ca\\\/\",\"logo\":{\"@type\":\"ImageObject\",\"inLanguage\":\"fr-CA\",\"@id\":\"https:\\\/\\\/ksproducts.ca\\\/#\\\/schema\\\/logo\\\/image\\\/\",\"url\":\"https:\\\/\\\/ksproducts.ca\\\/wp-content\\\/uploads\\\/2023\\\/09\\\/Kennedy-Sales-Logo-header-1.png\",\"contentUrl\":\"https:\\\/\\\/ksproducts.ca\\\/wp-content\\\/uploads\\\/2023\\\/09\\\/Kennedy-Sales-Logo-header-1.png\",\"width\":150,\"height\":77,\"caption\":\"Ks Products\"},\"image\":{\"@id\":\"https:\\\/\\\/ksproducts.ca\\\/#\\\/schema\\\/logo\\\/image\\\/\"}}]}<\/script>\n<!-- \/ Yoast SEO plugin. -->","yoast_head_json":{"title":"Camco Heavy Duty RV Dogbone Electrical Adapter - 50 Amp Male to 30 Amp Female - Ks Products","robots":{"index":"index","follow":"follow","max-snippet":"max-snippet:-1","max-image-preview":"max-image-preview:large","max-video-preview":"max-video-preview:-1"},"canonical":"https:\/\/ksproducts.ca\/fr\/product\/camco-heavy-duty-rv-dogbone-electrical-adapter-50-amp-male-to-30-amp-female\/","og_locale":"fr_CA","og_type":"article","og_title":"Camco Heavy Duty RV Dogbone Electrical Adapter - 50 Amp Male to 30 Amp Female - Ks Products","og_description":"The Camco Heavy-Duty RV Dogbone Electrical Adapter with PowerGrip Handles (50-Amp Male to 30-Amp Female, 18-Inch) is designed to allow you to hookup to your campground's power pedestal, adapting the connection to fit your 30-amp RV. Extremely flexible in design, the cord is coated with a heavy-duty flame retardant, heat-resistant PVC sheath that serves as protection from the outdoor elements, wear and tear. Hassle-free PowerGrip handles help assist in gripping, plugging and unplugging without straining or damaging the adapter. It features heavy-duty 50-amp male (NEMA 14-50P) and 30-amp female (NEMA TT-30R) ends. Rated for 125 volts\/3750 watts and constructed with 100% copper, 10\/3-guage wires for superior conductivity.","og_url":"https:\/\/ksproducts.ca\/fr\/product\/camco-heavy-duty-rv-dogbone-electrical-adapter-50-amp-male-to-30-amp-female\/","og_site_name":"Ks Products","article_modified_time":"2026-03-02T19:56:14+00:00","og_image":[{"width":800,"height":533,"url":"https:\/\/ksproducts.ca\/wp-content\/uploads\/2026\/02\/61byWmoJAvL._AC_SL1500_.jpg","type":"image\/jpeg"}],"twitter_card":"summary_large_image","twitter_misc":{"Estimation du temps de lecture":"1 minute"},"schema":{"@context":"https:\/\/schema.org","@graph":[{"@type":"WebPage","@id":"https:\/\/ksproducts.ca\/product\/camco-heavy-duty-rv-dogbone-electrical-adapter-50-amp-male-to-30-amp-female\/","url":"https:\/\/ksproducts.ca\/product\/camco-heavy-duty-rv-dogbone-electrical-adapter-50-amp-male-to-30-amp-female\/","name":"Camco Heavy Duty RV Dogbone Electrical Adapter - 50 Amp Male to 30 Amp Female - Ks Products","isPartOf":{"@id":"https:\/\/ksproducts.ca\/#website"},"primaryImageOfPage":{"@id":"https:\/\/ksproducts.ca\/product\/camco-heavy-duty-rv-dogbone-electrical-adapter-50-amp-male-to-30-amp-female\/#primaryimage"},"image":{"@id":"https:\/\/ksproducts.ca\/product\/camco-heavy-duty-rv-dogbone-electrical-adapter-50-amp-male-to-30-amp-female\/#primaryimage"},"thumbnailUrl":"https:\/\/ksproducts.ca\/wp-content\/uploads\/2026\/02\/61byWmoJAvL._AC_SL1500_.jpg","datePublished":"2026-02-13T18:02:08+00:00","dateModified":"2026-03-02T19:56:14+00:00","breadcrumb":{"@id":"https:\/\/ksproducts.ca\/product\/camco-heavy-duty-rv-dogbone-electrical-adapter-50-amp-male-to-30-amp-female\/#breadcrumb"},"inLanguage":"fr-CA","potentialAction":[{"@type":"ReadAction","target":["https:\/\/ksproducts.ca\/product\/camco-heavy-duty-rv-dogbone-electrical-adapter-50-amp-male-to-30-amp-female\/"]}]},{"@type":"ImageObject","inLanguage":"fr-CA","@id":"https:\/\/ksproducts.ca\/product\/camco-heavy-duty-rv-dogbone-electrical-adapter-50-amp-male-to-30-amp-female\/#primaryimage","url":"https:\/\/ksproducts.ca\/wp-content\/uploads\/2026\/02\/61byWmoJAvL._AC_SL1500_.jpg","contentUrl":"https:\/\/ksproducts.ca\/wp-content\/uploads\/2026\/02\/61byWmoJAvL._AC_SL1500_.jpg","width":800,"height":533,"caption":"Camco Heavy Duty RV Dogbone Electrical Adapter - 15 Amp Male to 50 Amp Female"},{"@type":"BreadcrumbList","@id":"https:\/\/ksproducts.ca\/product\/camco-heavy-duty-rv-dogbone-electrical-adapter-50-amp-male-to-30-amp-female\/#breadcrumb","itemListElement":[{"@type":"ListItem","position":1,"name":"Home","item":"https:\/\/ksproducts.ca\/"},{"@type":"ListItem","position":2,"name":"Shop","item":"https:\/\/ksproducts.ca\/shop\/"},{"@type":"ListItem","position":3,"name":"Camco Heavy Duty RV Dogbone Electrical Adapter &#8211; 50 Amp Male to 30 Amp Female"}]},{"@type":"WebSite","@id":"https:\/\/ksproducts.ca\/#website","url":"https:\/\/ksproducts.ca\/","name":"Produits Ks","description":"Cuisiner et vivre en plein air, c'est facile au Canada","publisher":{"@id":"https:\/\/ksproducts.ca\/#organization"},"potentialAction":[{"@type":"SearchAction","target":{"@type":"EntryPoint","urlTemplate":"https:\/\/ksproducts.ca\/?s={search_term_string}"},"query-input":{"@type":"PropertyValueSpecification","valueRequired":true,"valueName":"search_term_string"}}],"inLanguage":"fr-CA"},{"@type":"Organization","@id":"https:\/\/ksproducts.ca\/#organization","name":"Produits Ks","url":"https:\/\/ksproducts.ca\/","logo":{"@type":"ImageObject","inLanguage":"fr-CA","@id":"https:\/\/ksproducts.ca\/#\/schema\/logo\/image\/","url":"https:\/\/ksproducts.ca\/wp-content\/uploads\/2023\/09\/Kennedy-Sales-Logo-header-1.png","contentUrl":"https:\/\/ksproducts.ca\/wp-content\/uploads\/2023\/09\/Kennedy-Sales-Logo-header-1.png","width":150,"height":77,"caption":"Ks Products"},"image":{"@id":"https:\/\/ksproducts.ca\/#\/schema\/logo\/image\/"}}]}},"_links":{"self":[{"href":"https:\/\/ksproducts.ca\/fr\/wp-json\/wp\/v2\/product\/11202","targetHints":{"allow":["GET"]}}],"collection":[{"href":"https:\/\/ksproducts.ca\/fr\/wp-json\/wp\/v2\/product"}],"about":[{"href":"https:\/\/ksproducts.ca\/fr\/wp-json\/wp\/v2\/types\/product"}],"replies":[{"embeddable":true,"href":"https:\/\/ksproducts.ca\/fr\/wp-json\/wp\/v2\/comments?post=11202"}],"version-history":[{"count":1,"href":"https:\/\/ksproducts.ca\/fr\/wp-json\/wp\/v2\/product\/11202\/revisions"}],"predecessor-version":[{"id":11203,"href":"https:\/\/ksproducts.ca\/fr\/wp-json\/wp\/v2\/product\/11202\/revisions\/11203"}],"wp:featuredmedia":[{"embeddable":true,"href":"https:\/\/ksproducts.ca\/fr\/wp-json\/wp\/v2\/media\/11190"}],"wp:attachment":[{"href":"https:\/\/ksproducts.ca\/fr\/wp-json\/wp\/v2\/media?parent=11202"}],"wp:term":[{"taxonomy":"product_cat","embeddable":true,"href":"https:\/\/ksproducts.ca\/fr\/wp-json\/wp\/v2\/product_cat?post=11202"},{"taxonomy":"product_tag","embeddable":true,"href":"https:\/\/ksproducts.ca\/fr\/wp-json\/wp\/v2\/product_tag?post=11202"}],"curies":[{"name":"wp","href":"https:\/\/api.w.org\/{rel}","templated":true}]}}