{"id":11204,"date":"2026-02-13T18:23:59","date_gmt":"2026-02-13T18:23:59","guid":{"rendered":"https:\/\/ksproducts.ca\/?post_type=product&#038;p=11204"},"modified":"2026-03-02T19:53:09","modified_gmt":"2026-03-02T19:53:09","slug":"cable-dextension-de-camping-car-camco-powergrip-25-pieds-30-amperes","status":"publish","type":"product","link":"https:\/\/ksproducts.ca\/fr\/product\/camco-25-30-amp-powergrip-rv-extension-cord\/","title":{"rendered":"Camco 25\u2032 30 Amp PowerGrip RV Extension Cord"},"content":{"rendered":"<ul class=\"a-unordered-list a-vertical a-spacing-mini\">\n<li class=\"a-spacing-mini\"><span class=\"a-list-item\">Cordon d'extension pour VR 30 amp\u00e8res : dispose d'une fiche m\u00e2le standard 30 amp\u00e8res (NEMA TT-30P) et d'un connecteur femelle \u00e0 verrouillage 30 amp\u00e8res (NEMA TT-30R) ; tension nominale : 125\/3750 volts ; fabriqu\u00e9 en cuivre 100% et fils de calibre 10 pour une conductivit\u00e9 sup\u00e9rieure<\/span><\/li>\n<li class=\"a-spacing-mini\"><span class=\"a-list-item\">S\u00fbr et durable : le cordon RV de 30 amp\u00e8res est dot\u00e9 de fils de cuivre recouverts d'une gaine en PVC robuste, ignifuge et r\u00e9sistante \u00e0 la chaleur, qui le prot\u00e8ge des \u00e9l\u00e9ments ext\u00e9rieurs et de l'usure g\u00e9n\u00e9rale ; la bague de verrouillage filet\u00e9e cr\u00e9e une connexion \u00e9tanche.<\/span><\/li>\n<li class=\"a-spacing-mini\"><span class=\"a-list-item\">Prise PowerGrip sans effort : La poign\u00e9e brevet\u00e9e vous permet de saisir, brancher et d\u00e9brancher en toute s\u00e9curit\u00e9 et commodit\u00e9 les extr\u00e9mit\u00e9s m\u00e2le et femelle sans forcer ni endommager le cordon ; la prise coud\u00e9e \u00e0 90 degr\u00e9s r\u00e9duit la pression et le stress sur le cordon d'alimentation et sa connexion<\/span><\/li>\n<li class=\"a-spacing-mini\"><span class=\"a-list-item\">Utilisations multiples : le cordon d'alimentation pour camping-car est compatible avec la plupart des v\u00e9hicules ; il offre 25 pieds suppl\u00e9mentaires de longueur pour atteindre les prises de courant.<\/span><\/li>\n<li class=\"a-spacing-mini\"><span class=\"a-list-item\">Les poign\u00e9es facilitent le d\u00e9branchement<\/span><\/li>\n<li class=\"a-spacing-mini\"><span class=\"a-list-item\">30 AMP\u00c8RES<\/span><\/li>\n<li class=\"a-spacing-mini\"><span class=\"a-list-item\">125V\/3750Ws<\/span><\/li>\n<\/ul>\n<div class=\"a-row a-expander-container a-expander-inline-container\">\n<div class=\"a-expander-content a-expander-extend-content a-expander-content-expanded\" data-expanded=\"true\">\n<ul class=\"a-unordered-list a-vertical a-spacing-none\">\n<li class=\"a-spacing-mini\"><span class=\"a-list-item\">25 pieds<\/span><\/li>\n<li class=\"a-spacing-mini\"><span class=\"a-list-item\">Con\u00e7u pour une utilisation en ext\u00e9rieur<\/span><\/li>\n<\/ul>\n<\/div>\n<\/div>","protected":false},"excerpt":{"rendered":"<p>Le cordon d'alimentation \u00e9lectrique PowerGrip 25\u2032 30 AMP avec poign\u00e9e de Camco RV est con\u00e7u pour une plus grande commodit\u00e9 et facilit\u00e9 d'utilisation. Il est de calibre 10 avec mise \u00e0 la terre STW et comporte des poign\u00e9es de tirage aux deux extr\u00e9mit\u00e9s.<\/p>\n<h3>Du fabricant<\/h3>\n<p>Le cordon d'alimentation \u00e9lectrique PowerGrip de 25 pieds 30 AMP avec poign\u00e9e de Camco RV est con\u00e7u pour une plus grande commodit\u00e9 et facilit\u00e9 d'utilisation. Il s'agit d'un c\u00e2ble STW de calibre 10 avec mise \u00e0 la terre et poign\u00e9es de tirage aux deux extr\u00e9mit\u00e9s.<\/p>","protected":false},"featured_media":11205,"comment_status":"open","ping_status":"closed","template":"","meta":[],"product_cat":[431,451],"product_tag":[],"class_list":{"0":"post-11204","1":"product","2":"type-product","3":"status-publish","4":"has-post-thumbnail","6":"product_brand-camco","7":"product_cat-camping-rv-essentials","8":"product_cat-tools-equipment","9":"product_shipping_class-class-3","11":"first","12":"instock","13":"taxable","14":"shipping-taxable","15":"purchasable","16":"product-type-simple"},"yoast_head":"<!-- This site is optimized with the Yoast SEO plugin v27.4 - https:\/\/yoast.com\/product\/yoast-seo-wordpress\/ -->\n<title>Camco 25&#039; 30 Amp PowerGrip RV Extension Cord - Ks Products<\/title>\n<meta name=\"robots\" content=\"index, follow, max-snippet:-1, max-image-preview:large, max-video-preview:-1\" \/>\n<link rel=\"canonical\" href=\"https:\/\/ksproducts.ca\/fr\/product\/cable-dextension-de-camping-car-camco-powergrip-25-pieds-30-amperes\/\" \/>\n<meta property=\"og:locale\" content=\"fr_CA\" \/>\n<meta property=\"og:type\" content=\"article\" \/>\n<meta property=\"og:title\" content=\"Camco 25&#039; 30 Amp PowerGrip RV Extension Cord - Ks Products\" \/>\n<meta property=\"og:description\" content=\"Camco RV 25&#039; 30 AMP PowerGrip Electrical Powercord with Handle is designed for greater convenience and ease of use. It is 10 gauge grounded STW with pull handles on both ends. From the Manufacturer Camco RV 25-Feet 30 AMP PowerGrip Electrical Powercord with Handle is designed for greater convenience and ease of use. It is 10 gauge grounded STW with pull handles on both ends.\" \/>\n<meta property=\"og:url\" content=\"https:\/\/ksproducts.ca\/fr\/product\/cable-dextension-de-camping-car-camco-powergrip-25-pieds-30-amperes\/\" \/>\n<meta property=\"og:site_name\" content=\"Ks Products\" \/>\n<meta property=\"article:modified_time\" content=\"2026-03-02T19:53:09+00:00\" \/>\n<meta property=\"og:image\" content=\"https:\/\/ksproducts.ca\/wp-content\/uploads\/2026\/02\/71iFgFjQTL._AC_SL1500_.jpg\" \/>\n\t<meta property=\"og:image:width\" content=\"770\" \/>\n\t<meta property=\"og:image:height\" content=\"800\" \/>\n\t<meta property=\"og:image:type\" content=\"image\/jpeg\" \/>\n<meta name=\"twitter:card\" content=\"summary_large_image\" \/>\n<meta name=\"twitter:label1\" content=\"Estimation du temps de lecture\" \/>\n\t<meta name=\"twitter:data1\" content=\"1 minute\" \/>\n<script type=\"application\/ld+json\" class=\"yoast-schema-graph\">{\"@context\":\"https:\\\/\\\/schema.org\",\"@graph\":[{\"@type\":\"WebPage\",\"@id\":\"https:\\\/\\\/ksproducts.ca\\\/product\\\/camco-25-30-amp-powergrip-rv-extension-cord\\\/\",\"url\":\"https:\\\/\\\/ksproducts.ca\\\/product\\\/camco-25-30-amp-powergrip-rv-extension-cord\\\/\",\"name\":\"Camco 25' 30 Amp PowerGrip RV Extension Cord - Ks Products\",\"isPartOf\":{\"@id\":\"https:\\\/\\\/ksproducts.ca\\\/#website\"},\"primaryImageOfPage\":{\"@id\":\"https:\\\/\\\/ksproducts.ca\\\/product\\\/camco-25-30-amp-powergrip-rv-extension-cord\\\/#primaryimage\"},\"image\":{\"@id\":\"https:\\\/\\\/ksproducts.ca\\\/product\\\/camco-25-30-amp-powergrip-rv-extension-cord\\\/#primaryimage\"},\"thumbnailUrl\":\"https:\\\/\\\/ksproducts.ca\\\/wp-content\\\/uploads\\\/2026\\\/02\\\/71iFgFjQTL._AC_SL1500_.jpg\",\"datePublished\":\"2026-02-13T18:23:59+00:00\",\"dateModified\":\"2026-03-02T19:53:09+00:00\",\"breadcrumb\":{\"@id\":\"https:\\\/\\\/ksproducts.ca\\\/product\\\/camco-25-30-amp-powergrip-rv-extension-cord\\\/#breadcrumb\"},\"inLanguage\":\"fr-CA\",\"potentialAction\":[{\"@type\":\"ReadAction\",\"target\":[\"https:\\\/\\\/ksproducts.ca\\\/product\\\/camco-25-30-amp-powergrip-rv-extension-cord\\\/\"]}]},{\"@type\":\"ImageObject\",\"inLanguage\":\"fr-CA\",\"@id\":\"https:\\\/\\\/ksproducts.ca\\\/product\\\/camco-25-30-amp-powergrip-rv-extension-cord\\\/#primaryimage\",\"url\":\"https:\\\/\\\/ksproducts.ca\\\/wp-content\\\/uploads\\\/2026\\\/02\\\/71iFgFjQTL._AC_SL1500_.jpg\",\"contentUrl\":\"https:\\\/\\\/ksproducts.ca\\\/wp-content\\\/uploads\\\/2026\\\/02\\\/71iFgFjQTL._AC_SL1500_.jpg\",\"width\":770,\"height\":800,\"caption\":\"71i+FgFjQTL. AC SL1500\"},{\"@type\":\"BreadcrumbList\",\"@id\":\"https:\\\/\\\/ksproducts.ca\\\/product\\\/camco-25-30-amp-powergrip-rv-extension-cord\\\/#breadcrumb\",\"itemListElement\":[{\"@type\":\"ListItem\",\"position\":1,\"name\":\"Home\",\"item\":\"https:\\\/\\\/ksproducts.ca\\\/\"},{\"@type\":\"ListItem\",\"position\":2,\"name\":\"Shop\",\"item\":\"https:\\\/\\\/ksproducts.ca\\\/shop\\\/\"},{\"@type\":\"ListItem\",\"position\":3,\"name\":\"Camco 25&#8242; 30 Amp PowerGrip RV Extension Cord\"}]},{\"@type\":\"WebSite\",\"@id\":\"https:\\\/\\\/ksproducts.ca\\\/#website\",\"url\":\"https:\\\/\\\/ksproducts.ca\\\/\",\"name\":\"Ks Products\",\"description\":\"Outdoor cooking and living, made easy in Canada\",\"publisher\":{\"@id\":\"https:\\\/\\\/ksproducts.ca\\\/#organization\"},\"potentialAction\":[{\"@type\":\"SearchAction\",\"target\":{\"@type\":\"EntryPoint\",\"urlTemplate\":\"https:\\\/\\\/ksproducts.ca\\\/?s={search_term_string}\"},\"query-input\":{\"@type\":\"PropertyValueSpecification\",\"valueRequired\":true,\"valueName\":\"search_term_string\"}}],\"inLanguage\":\"fr-CA\"},{\"@type\":\"Organization\",\"@id\":\"https:\\\/\\\/ksproducts.ca\\\/#organization\",\"name\":\"Ks Products\",\"url\":\"https:\\\/\\\/ksproducts.ca\\\/\",\"logo\":{\"@type\":\"ImageObject\",\"inLanguage\":\"fr-CA\",\"@id\":\"https:\\\/\\\/ksproducts.ca\\\/#\\\/schema\\\/logo\\\/image\\\/\",\"url\":\"https:\\\/\\\/ksproducts.ca\\\/wp-content\\\/uploads\\\/2023\\\/09\\\/Kennedy-Sales-Logo-header-1.png\",\"contentUrl\":\"https:\\\/\\\/ksproducts.ca\\\/wp-content\\\/uploads\\\/2023\\\/09\\\/Kennedy-Sales-Logo-header-1.png\",\"width\":150,\"height\":77,\"caption\":\"Ks Products\"},\"image\":{\"@id\":\"https:\\\/\\\/ksproducts.ca\\\/#\\\/schema\\\/logo\\\/image\\\/\"}}]}<\/script>\n<!-- \/ Yoast SEO plugin. -->","yoast_head_json":{"title":"Camco Cordon d'extension pour VR PowerGrip 30 A de 25 pi - Ks Products","robots":{"index":"index","follow":"follow","max-snippet":"max-snippet:-1","max-image-preview":"max-image-preview:large","max-video-preview":"max-video-preview:-1"},"canonical":"https:\/\/ksproducts.ca\/fr\/product\/cable-dextension-de-camping-car-camco-powergrip-25-pieds-30-amperes\/","og_locale":"fr_CA","og_type":"article","og_title":"Camco 25' 30 Amp PowerGrip RV Extension Cord - Ks Products","og_description":"Camco RV 25' 30 AMP PowerGrip Electrical Powercord with Handle is designed for greater convenience and ease of use. It is 10 gauge grounded STW with pull handles on both ends. From the Manufacturer Camco RV 25-Feet 30 AMP PowerGrip Electrical Powercord with Handle is designed for greater convenience and ease of use. It is 10 gauge grounded STW with pull handles on both ends.","og_url":"https:\/\/ksproducts.ca\/fr\/product\/cable-dextension-de-camping-car-camco-powergrip-25-pieds-30-amperes\/","og_site_name":"Ks Products","article_modified_time":"2026-03-02T19:53:09+00:00","og_image":[{"width":770,"height":800,"url":"https:\/\/ksproducts.ca\/wp-content\/uploads\/2026\/02\/71iFgFjQTL._AC_SL1500_.jpg","type":"image\/jpeg"}],"twitter_card":"summary_large_image","twitter_misc":{"Estimation du temps de lecture":"1 minute"},"schema":{"@context":"https:\/\/schema.org","@graph":[{"@type":"WebPage","@id":"https:\/\/ksproducts.ca\/product\/camco-25-30-amp-powergrip-rv-extension-cord\/","url":"https:\/\/ksproducts.ca\/product\/camco-25-30-amp-powergrip-rv-extension-cord\/","name":"Camco Cordon d'extension pour VR PowerGrip 30 A de 25 pi - Ks Products","isPartOf":{"@id":"https:\/\/ksproducts.ca\/#website"},"primaryImageOfPage":{"@id":"https:\/\/ksproducts.ca\/product\/camco-25-30-amp-powergrip-rv-extension-cord\/#primaryimage"},"image":{"@id":"https:\/\/ksproducts.ca\/product\/camco-25-30-amp-powergrip-rv-extension-cord\/#primaryimage"},"thumbnailUrl":"https:\/\/ksproducts.ca\/wp-content\/uploads\/2026\/02\/71iFgFjQTL._AC_SL1500_.jpg","datePublished":"2026-02-13T18:23:59+00:00","dateModified":"2026-03-02T19:53:09+00:00","breadcrumb":{"@id":"https:\/\/ksproducts.ca\/product\/camco-25-30-amp-powergrip-rv-extension-cord\/#breadcrumb"},"inLanguage":"fr-CA","potentialAction":[{"@type":"ReadAction","target":["https:\/\/ksproducts.ca\/product\/camco-25-30-amp-powergrip-rv-extension-cord\/"]}]},{"@type":"ImageObject","inLanguage":"fr-CA","@id":"https:\/\/ksproducts.ca\/product\/camco-25-30-amp-powergrip-rv-extension-cord\/#primaryimage","url":"https:\/\/ksproducts.ca\/wp-content\/uploads\/2026\/02\/71iFgFjQTL._AC_SL1500_.jpg","contentUrl":"https:\/\/ksproducts.ca\/wp-content\/uploads\/2026\/02\/71iFgFjQTL._AC_SL1500_.jpg","width":770,"height":800,"caption":"71i+FgFjQTL. AC SL1500"},{"@type":"BreadcrumbList","@id":"https:\/\/ksproducts.ca\/product\/camco-25-30-amp-powergrip-rv-extension-cord\/#breadcrumb","itemListElement":[{"@type":"ListItem","position":1,"name":"Home","item":"https:\/\/ksproducts.ca\/"},{"@type":"ListItem","position":2,"name":"Shop","item":"https:\/\/ksproducts.ca\/shop\/"},{"@type":"ListItem","position":3,"name":"Camco 25&#8242; 30 Amp PowerGrip RV Extension Cord"}]},{"@type":"WebSite","@id":"https:\/\/ksproducts.ca\/#website","url":"https:\/\/ksproducts.ca\/","name":"Produits Ks","description":"Cuisiner et vivre en plein air, c'est facile au Canada","publisher":{"@id":"https:\/\/ksproducts.ca\/#organization"},"potentialAction":[{"@type":"SearchAction","target":{"@type":"EntryPoint","urlTemplate":"https:\/\/ksproducts.ca\/?s={search_term_string}"},"query-input":{"@type":"PropertyValueSpecification","valueRequired":true,"valueName":"search_term_string"}}],"inLanguage":"fr-CA"},{"@type":"Organization","@id":"https:\/\/ksproducts.ca\/#organization","name":"Produits Ks","url":"https:\/\/ksproducts.ca\/","logo":{"@type":"ImageObject","inLanguage":"fr-CA","@id":"https:\/\/ksproducts.ca\/#\/schema\/logo\/image\/","url":"https:\/\/ksproducts.ca\/wp-content\/uploads\/2023\/09\/Kennedy-Sales-Logo-header-1.png","contentUrl":"https:\/\/ksproducts.ca\/wp-content\/uploads\/2023\/09\/Kennedy-Sales-Logo-header-1.png","width":150,"height":77,"caption":"Ks Products"},"image":{"@id":"https:\/\/ksproducts.ca\/#\/schema\/logo\/image\/"}}]}},"_links":{"self":[{"href":"https:\/\/ksproducts.ca\/fr\/wp-json\/wp\/v2\/product\/11204","targetHints":{"allow":["GET"]}}],"collection":[{"href":"https:\/\/ksproducts.ca\/fr\/wp-json\/wp\/v2\/product"}],"about":[{"href":"https:\/\/ksproducts.ca\/fr\/wp-json\/wp\/v2\/types\/product"}],"replies":[{"embeddable":true,"href":"https:\/\/ksproducts.ca\/fr\/wp-json\/wp\/v2\/comments?post=11204"}],"version-history":[{"count":1,"href":"https:\/\/ksproducts.ca\/fr\/wp-json\/wp\/v2\/product\/11204\/revisions"}],"predecessor-version":[{"id":11209,"href":"https:\/\/ksproducts.ca\/fr\/wp-json\/wp\/v2\/product\/11204\/revisions\/11209"}],"wp:featuredmedia":[{"embeddable":true,"href":"https:\/\/ksproducts.ca\/fr\/wp-json\/wp\/v2\/media\/11205"}],"wp:attachment":[{"href":"https:\/\/ksproducts.ca\/fr\/wp-json\/wp\/v2\/media?parent=11204"}],"wp:term":[{"taxonomy":"product_cat","embeddable":true,"href":"https:\/\/ksproducts.ca\/fr\/wp-json\/wp\/v2\/product_cat?post=11204"},{"taxonomy":"product_tag","embeddable":true,"href":"https:\/\/ksproducts.ca\/fr\/wp-json\/wp\/v2\/product_tag?post=11204"}],"curies":[{"name":"wp","href":"https:\/\/api.w.org\/{rel}","templated":true}]}}