{"id":11210,"date":"2026-02-13T18:34:50","date_gmt":"2026-02-13T18:34:50","guid":{"rendered":"https:\/\/ksproducts.ca\/?post_type=product&#038;p=11210"},"modified":"2026-03-02T19:30:17","modified_gmt":"2026-03-02T19:30:17","slug":"cable-dextension-pour-vr-camco-15-50-amperes-powergrip","status":"publish","type":"product","link":"https:\/\/ksproducts.ca\/fr\/product\/camco-15-50-amp-powergrip-rv-extension-cord\/","title":{"rendered":"Camco 15\u2032 50 Amp PowerGrip RV Extension Cord"},"content":{"rendered":"<ul class=\"a-unordered-list a-vertical a-spacing-mini\">\n<li class=\"a-spacing-mini\"><span class=\"a-list-item\">Longueur \u00e9tendue : La rallonge mesure 15 pieds de long, fournissant la longueur n\u00e9cessaire pour alimenter votre VR.<\/span><\/li>\n<li class=\"a-spacing-mini\"><span class=\"a-list-item\">Construction Souple, S\u00fbre et Durable : Le cordon d'extension est extr\u00eamement souple. Rev\u00eatu d'une gaine en PVC robuste, ignifug\u00e9e et r\u00e9sistante \u00e0 la chaleur, qui le prot\u00e8ge de l'usure et des \u00e9l\u00e9ments ext\u00e9rieurs.<\/span><\/li>\n<li class=\"a-spacing-mini\"><span class=\"a-list-item\">Haute conductivit\u00e9 : Comprend des connecteurs m\u00e2le standard 50 A (NEMA 14-50P) et femelle 50 A (NEMA 14-50R). Class\u00e9 pour 125\/250 volts\/12500 watts. Construit avec du cuivre \u00e0 100%, des fils de calibre 6\/3 + 8\/1 pour une meilleure conductivit\u00e9.<\/span><\/li>\n<li class=\"a-spacing-mini\"><span class=\"a-list-item\">Prise \u00e0 Poign\u00e9e Puissante sans Tracas : La poign\u00e9e brevet\u00e9e Power Grip \u00e9limine la frustration en aidant les utilisateurs \u00e0 saisir, brancher et d\u00e9brancher en toute s\u00e9curit\u00e9 et commodit\u00e9 les extr\u00e9mit\u00e9s m\u00e2le et femelle sans forcer ni endommager le cordon.<\/span><\/li>\n<li class=\"a-spacing-mini\"><span class=\"a-list-item\">T\u00eates \u00e0 90 degr\u00e9s : Aident \u00e0 r\u00e9duire la pression et le stress sur le cordon d'extension et sa connexion.<\/span><\/li>\n<li class=\"a-spacing-mini\"><span class=\"a-list-item\">Cordon de 50 AMP \/ 15 pieds<\/span><\/li>\n<li class=\"a-spacing-mini\"><span class=\"a-list-item\">Inclut une sangle de transport pratique<\/span><\/li>\n<\/ul>\n<div class=\"a-row a-expander-container a-expander-inline-container\">\n<div class=\"a-expander-content a-expander-extend-content a-expander-content-expanded\" data-expanded=\"true\">\n<ul class=\"a-unordered-list a-vertical a-spacing-none\">\n<li class=\"a-spacing-mini\"><span class=\"a-list-item\">Class\u00e9 \u00e0 125V-250V\/12500W et avec un cordon 6 \/ 3+8 \/ 1 STW<\/span><\/li>\n<li class=\"a-spacing-mini\"><span class=\"a-list-item\">Poign\u00e9es Power Grip pour une utilisation facile<\/span><\/li>\n<li class=\"a-spacing-mini\"><span class=\"a-list-item\">Prises NEMA 14-50P et NEMA 14-50R<\/span><\/li>\n<\/ul>\n<\/div>\n<\/div>","protected":false},"excerpt":{"rendered":"<p>La rallonge Power Grip de 15 pieds de 50 AMP de Camco est dot\u00e9e des poign\u00e9es Power Grip brevet\u00e9es pour faciliter l'utilisation. Le cordon de 50 AMP comprend une courroie de transport pratique. Il est con\u00e7u pour 125V\/250V, 12500 W et poss\u00e8de un cordon 6\/3+8\/1 STW. La fiche est un connecteur NEMA 14-50P et la prise est un connecteur NEMA 14-50R.<\/p>","protected":false},"featured_media":11212,"comment_status":"open","ping_status":"closed","template":"","meta":[],"product_cat":[431,451],"product_tag":[],"class_list":{"0":"post-11210","1":"product","2":"type-product","3":"status-publish","4":"has-post-thumbnail","6":"product_brand-camco","7":"product_cat-camping-rv-essentials","8":"product_cat-tools-equipment","9":"product_shipping_class-class-2","11":"first","12":"instock","13":"taxable","14":"shipping-taxable","15":"purchasable","16":"product-type-simple"},"yoast_head":"<!-- This site is optimized with the Yoast SEO plugin v27.3 - https:\/\/yoast.com\/product\/yoast-seo-wordpress\/ -->\n<title>Camco 15&#039; 50 Amp PowerGrip RV Extension Cord - Ks Products<\/title>\n<meta name=\"robots\" content=\"index, follow, max-snippet:-1, max-image-preview:large, max-video-preview:-1\" \/>\n<link rel=\"canonical\" href=\"https:\/\/ksproducts.ca\/fr\/product\/cable-dextension-pour-vr-camco-15-50-amperes-powergrip\/\" \/>\n<meta property=\"og:locale\" content=\"fr_CA\" \/>\n<meta property=\"og:type\" content=\"article\" \/>\n<meta property=\"og:title\" content=\"Camco 15&#039; 50 Amp PowerGrip RV Extension Cord - Ks Products\" \/>\n<meta property=\"og:description\" content=\"Camco&#039;s 50 AMP 15-Feet Power Grip Extension Cord features the patented Power Grip handles for ease of use. The 50 AMP cord includes a convenient carrying strap. It is rated at 125V\/250V, 12500 W and has a 6\/3+8\/1 STW cord. Plug is NEMA connector 14-50P and receptacle is NEMA connector 14-50R.\" \/>\n<meta property=\"og:url\" content=\"https:\/\/ksproducts.ca\/fr\/product\/cable-dextension-pour-vr-camco-15-50-amperes-powergrip\/\" \/>\n<meta property=\"og:site_name\" content=\"Ks Products\" \/>\n<meta property=\"article:modified_time\" content=\"2026-03-02T19:30:17+00:00\" \/>\n<meta property=\"og:image\" content=\"https:\/\/ksproducts.ca\/wp-content\/uploads\/2026\/02\/71kfLcqzHLL._AC_SL1500_.jpg\" \/>\n\t<meta property=\"og:image:width\" content=\"800\" \/>\n\t<meta property=\"og:image:height\" content=\"741\" \/>\n\t<meta property=\"og:image:type\" content=\"image\/jpeg\" \/>\n<meta name=\"twitter:card\" content=\"summary_large_image\" \/>\n<meta name=\"twitter:label1\" content=\"Estimation du temps de lecture\" \/>\n\t<meta name=\"twitter:data1\" content=\"1 minute\" \/>\n<script type=\"application\/ld+json\" class=\"yoast-schema-graph\">{\"@context\":\"https:\\\/\\\/schema.org\",\"@graph\":[{\"@type\":\"WebPage\",\"@id\":\"https:\\\/\\\/ksproducts.ca\\\/product\\\/camco-15-50-amp-powergrip-rv-extension-cord\\\/\",\"url\":\"https:\\\/\\\/ksproducts.ca\\\/product\\\/camco-15-50-amp-powergrip-rv-extension-cord\\\/\",\"name\":\"Camco 15' 50 Amp PowerGrip RV Extension Cord - Ks Products\",\"isPartOf\":{\"@id\":\"https:\\\/\\\/ksproducts.ca\\\/#website\"},\"primaryImageOfPage\":{\"@id\":\"https:\\\/\\\/ksproducts.ca\\\/product\\\/camco-15-50-amp-powergrip-rv-extension-cord\\\/#primaryimage\"},\"image\":{\"@id\":\"https:\\\/\\\/ksproducts.ca\\\/product\\\/camco-15-50-amp-powergrip-rv-extension-cord\\\/#primaryimage\"},\"thumbnailUrl\":\"https:\\\/\\\/ksproducts.ca\\\/wp-content\\\/uploads\\\/2026\\\/02\\\/71kfLcqzHLL._AC_SL1500_.jpg\",\"datePublished\":\"2026-02-13T18:34:50+00:00\",\"dateModified\":\"2026-03-02T19:30:17+00:00\",\"breadcrumb\":{\"@id\":\"https:\\\/\\\/ksproducts.ca\\\/product\\\/camco-15-50-amp-powergrip-rv-extension-cord\\\/#breadcrumb\"},\"inLanguage\":\"fr-CA\",\"potentialAction\":[{\"@type\":\"ReadAction\",\"target\":[\"https:\\\/\\\/ksproducts.ca\\\/product\\\/camco-15-50-amp-powergrip-rv-extension-cord\\\/\"]}]},{\"@type\":\"ImageObject\",\"inLanguage\":\"fr-CA\",\"@id\":\"https:\\\/\\\/ksproducts.ca\\\/product\\\/camco-15-50-amp-powergrip-rv-extension-cord\\\/#primaryimage\",\"url\":\"https:\\\/\\\/ksproducts.ca\\\/wp-content\\\/uploads\\\/2026\\\/02\\\/71kfLcqzHLL._AC_SL1500_.jpg\",\"contentUrl\":\"https:\\\/\\\/ksproducts.ca\\\/wp-content\\\/uploads\\\/2026\\\/02\\\/71kfLcqzHLL._AC_SL1500_.jpg\",\"width\":800,\"height\":741,\"caption\":\"Camco 15' 50 Amp PowerGrip RV Extension Cord\"},{\"@type\":\"BreadcrumbList\",\"@id\":\"https:\\\/\\\/ksproducts.ca\\\/product\\\/camco-15-50-amp-powergrip-rv-extension-cord\\\/#breadcrumb\",\"itemListElement\":[{\"@type\":\"ListItem\",\"position\":1,\"name\":\"Home\",\"item\":\"https:\\\/\\\/ksproducts.ca\\\/\"},{\"@type\":\"ListItem\",\"position\":2,\"name\":\"Shop\",\"item\":\"https:\\\/\\\/ksproducts.ca\\\/shop\\\/\"},{\"@type\":\"ListItem\",\"position\":3,\"name\":\"Camco 15&#8242; 50 Amp PowerGrip RV Extension Cord\"}]},{\"@type\":\"WebSite\",\"@id\":\"https:\\\/\\\/ksproducts.ca\\\/#website\",\"url\":\"https:\\\/\\\/ksproducts.ca\\\/\",\"name\":\"Ks Products\",\"description\":\"Outdoor cooking and living, made easy in Canada\",\"publisher\":{\"@id\":\"https:\\\/\\\/ksproducts.ca\\\/#organization\"},\"potentialAction\":[{\"@type\":\"SearchAction\",\"target\":{\"@type\":\"EntryPoint\",\"urlTemplate\":\"https:\\\/\\\/ksproducts.ca\\\/?s={search_term_string}\"},\"query-input\":{\"@type\":\"PropertyValueSpecification\",\"valueRequired\":true,\"valueName\":\"search_term_string\"}}],\"inLanguage\":\"fr-CA\"},{\"@type\":\"Organization\",\"@id\":\"https:\\\/\\\/ksproducts.ca\\\/#organization\",\"name\":\"Ks Products\",\"url\":\"https:\\\/\\\/ksproducts.ca\\\/\",\"logo\":{\"@type\":\"ImageObject\",\"inLanguage\":\"fr-CA\",\"@id\":\"https:\\\/\\\/ksproducts.ca\\\/#\\\/schema\\\/logo\\\/image\\\/\",\"url\":\"https:\\\/\\\/ksproducts.ca\\\/wp-content\\\/uploads\\\/2023\\\/09\\\/Kennedy-Sales-Logo-header-1.png\",\"contentUrl\":\"https:\\\/\\\/ksproducts.ca\\\/wp-content\\\/uploads\\\/2023\\\/09\\\/Kennedy-Sales-Logo-header-1.png\",\"width\":150,\"height\":77,\"caption\":\"Ks Products\"},\"image\":{\"@id\":\"https:\\\/\\\/ksproducts.ca\\\/#\\\/schema\\\/logo\\\/image\\\/\"}}]}<\/script>\n<!-- \/ Yoast SEO plugin. -->","yoast_head_json":{"title":"Cordon d'extension RV Camco 15' 50 Amp PowerGrip - Produits Ks","robots":{"index":"index","follow":"follow","max-snippet":"max-snippet:-1","max-image-preview":"max-image-preview:large","max-video-preview":"max-video-preview:-1"},"canonical":"https:\/\/ksproducts.ca\/fr\/product\/cable-dextension-pour-vr-camco-15-50-amperes-powergrip\/","og_locale":"fr_CA","og_type":"article","og_title":"Camco 15' 50 Amp PowerGrip RV Extension Cord - Ks Products","og_description":"Camco's 50 AMP 15-Feet Power Grip Extension Cord features the patented Power Grip handles for ease of use. The 50 AMP cord includes a convenient carrying strap. It is rated at 125V\/250V, 12500 W and has a 6\/3+8\/1 STW cord. Plug is NEMA connector 14-50P and receptacle is NEMA connector 14-50R.","og_url":"https:\/\/ksproducts.ca\/fr\/product\/cable-dextension-pour-vr-camco-15-50-amperes-powergrip\/","og_site_name":"Ks Products","article_modified_time":"2026-03-02T19:30:17+00:00","og_image":[{"width":800,"height":741,"url":"https:\/\/ksproducts.ca\/wp-content\/uploads\/2026\/02\/71kfLcqzHLL._AC_SL1500_.jpg","type":"image\/jpeg"}],"twitter_card":"summary_large_image","twitter_misc":{"Estimation du temps de lecture":"1 minute"},"schema":{"@context":"https:\/\/schema.org","@graph":[{"@type":"WebPage","@id":"https:\/\/ksproducts.ca\/product\/camco-15-50-amp-powergrip-rv-extension-cord\/","url":"https:\/\/ksproducts.ca\/product\/camco-15-50-amp-powergrip-rv-extension-cord\/","name":"Cordon d'extension RV Camco 15' 50 Amp PowerGrip - Produits Ks","isPartOf":{"@id":"https:\/\/ksproducts.ca\/#website"},"primaryImageOfPage":{"@id":"https:\/\/ksproducts.ca\/product\/camco-15-50-amp-powergrip-rv-extension-cord\/#primaryimage"},"image":{"@id":"https:\/\/ksproducts.ca\/product\/camco-15-50-amp-powergrip-rv-extension-cord\/#primaryimage"},"thumbnailUrl":"https:\/\/ksproducts.ca\/wp-content\/uploads\/2026\/02\/71kfLcqzHLL._AC_SL1500_.jpg","datePublished":"2026-02-13T18:34:50+00:00","dateModified":"2026-03-02T19:30:17+00:00","breadcrumb":{"@id":"https:\/\/ksproducts.ca\/product\/camco-15-50-amp-powergrip-rv-extension-cord\/#breadcrumb"},"inLanguage":"fr-CA","potentialAction":[{"@type":"ReadAction","target":["https:\/\/ksproducts.ca\/product\/camco-15-50-amp-powergrip-rv-extension-cord\/"]}]},{"@type":"ImageObject","inLanguage":"fr-CA","@id":"https:\/\/ksproducts.ca\/product\/camco-15-50-amp-powergrip-rv-extension-cord\/#primaryimage","url":"https:\/\/ksproducts.ca\/wp-content\/uploads\/2026\/02\/71kfLcqzHLL._AC_SL1500_.jpg","contentUrl":"https:\/\/ksproducts.ca\/wp-content\/uploads\/2026\/02\/71kfLcqzHLL._AC_SL1500_.jpg","width":800,"height":741,"caption":"Camco 15' 50 Amp PowerGrip RV Extension Cord"},{"@type":"BreadcrumbList","@id":"https:\/\/ksproducts.ca\/product\/camco-15-50-amp-powergrip-rv-extension-cord\/#breadcrumb","itemListElement":[{"@type":"ListItem","position":1,"name":"Home","item":"https:\/\/ksproducts.ca\/"},{"@type":"ListItem","position":2,"name":"Shop","item":"https:\/\/ksproducts.ca\/shop\/"},{"@type":"ListItem","position":3,"name":"Camco 15&#8242; 50 Amp PowerGrip RV Extension Cord"}]},{"@type":"WebSite","@id":"https:\/\/ksproducts.ca\/#website","url":"https:\/\/ksproducts.ca\/","name":"Produits Ks","description":"Cuisiner et vivre en plein air, c'est facile au Canada","publisher":{"@id":"https:\/\/ksproducts.ca\/#organization"},"potentialAction":[{"@type":"SearchAction","target":{"@type":"EntryPoint","urlTemplate":"https:\/\/ksproducts.ca\/?s={search_term_string}"},"query-input":{"@type":"PropertyValueSpecification","valueRequired":true,"valueName":"search_term_string"}}],"inLanguage":"fr-CA"},{"@type":"Organization","@id":"https:\/\/ksproducts.ca\/#organization","name":"Produits Ks","url":"https:\/\/ksproducts.ca\/","logo":{"@type":"ImageObject","inLanguage":"fr-CA","@id":"https:\/\/ksproducts.ca\/#\/schema\/logo\/image\/","url":"https:\/\/ksproducts.ca\/wp-content\/uploads\/2023\/09\/Kennedy-Sales-Logo-header-1.png","contentUrl":"https:\/\/ksproducts.ca\/wp-content\/uploads\/2023\/09\/Kennedy-Sales-Logo-header-1.png","width":150,"height":77,"caption":"Ks Products"},"image":{"@id":"https:\/\/ksproducts.ca\/#\/schema\/logo\/image\/"}}]}},"_links":{"self":[{"href":"https:\/\/ksproducts.ca\/fr\/wp-json\/wp\/v2\/product\/11210","targetHints":{"allow":["GET"]}}],"collection":[{"href":"https:\/\/ksproducts.ca\/fr\/wp-json\/wp\/v2\/product"}],"about":[{"href":"https:\/\/ksproducts.ca\/fr\/wp-json\/wp\/v2\/types\/product"}],"replies":[{"embeddable":true,"href":"https:\/\/ksproducts.ca\/fr\/wp-json\/wp\/v2\/comments?post=11210"}],"version-history":[{"count":1,"href":"https:\/\/ksproducts.ca\/fr\/wp-json\/wp\/v2\/product\/11210\/revisions"}],"predecessor-version":[{"id":11213,"href":"https:\/\/ksproducts.ca\/fr\/wp-json\/wp\/v2\/product\/11210\/revisions\/11213"}],"wp:featuredmedia":[{"embeddable":true,"href":"https:\/\/ksproducts.ca\/fr\/wp-json\/wp\/v2\/media\/11212"}],"wp:attachment":[{"href":"https:\/\/ksproducts.ca\/fr\/wp-json\/wp\/v2\/media?parent=11210"}],"wp:term":[{"taxonomy":"product_cat","embeddable":true,"href":"https:\/\/ksproducts.ca\/fr\/wp-json\/wp\/v2\/product_cat?post=11210"},{"taxonomy":"product_tag","embeddable":true,"href":"https:\/\/ksproducts.ca\/fr\/wp-json\/wp\/v2\/product_tag?post=11210"}],"curies":[{"name":"wp","href":"https:\/\/api.w.org\/{rel}","templated":true}]}}