{"id":11214,"date":"2026-02-13T18:40:43","date_gmt":"2026-02-13T18:40:43","guid":{"rendered":"https:\/\/ksproducts.ca\/?post_type=product&#038;p=11214"},"modified":"2026-03-02T19:53:57","modified_gmt":"2026-03-02T19:53:57","slug":"prise-male-de-camping-car-camco-30-amperes-powergrip-de-remplacement","status":"publish","type":"product","link":"https:\/\/ksproducts.ca\/fr\/product\/camco-30-amp-powergrip-rv-male-plug-replacement\/","title":{"rendered":"Camco 30 Amp PowerGrip RV Male Plug Replacement"},"content":{"rendered":"<ul class=\"nl-features__list\" data-testid=\"features\">\n<li>\n<p class=\"nl-features__information\">Camco PowerGrip Prise m\u00e2le de remplacement remplace les fiches de cordon d'alimentation endommag\u00e9es<\/p>\n<\/li>\n<li>\n<p class=\"nl-features__information\">Dot\u00e9 d'une poign\u00e9e en plastique polyvinyle moul\u00e9 robuste pour plus de commodit\u00e9<\/p>\n<\/li>\n<li>\n<p class=\"nl-features__information\">Utiliser pour remplacer une fiche de 30 amp\u00e8res sur un cordon d'extension<\/p>\n<\/li>\n<li>\n<p class=\"nl-features__information\">Dimensions\u00a0: 4-2\/5\u2033 x 2-2\/5\u2033 x 3-4\/5\u2033 (11,1 x 6,6 x 9,6 cm)<\/p>\n<\/li>\n<li>\n<p class=\"nl-features__information\">Amp\u00e9rage : 30A<\/p>\n<\/li>\n<\/ul>","protected":false},"excerpt":{"rendered":"<p>La fiche de rechange Power Grip de Camco remplace la fiche de votre cordon d'alimentation. La poign\u00e9e Power Grip, moul\u00e9e et fabriqu\u00e9e en plastique polyvinyle robuste, la rend facile \u00e0 utiliser. \u00c0 utiliser pour remplacer une fiche de 30 amp\u00e8res sur une rallonge \u00e9lectrique.<\/p>","protected":false},"featured_media":11215,"comment_status":"open","ping_status":"closed","template":"","meta":[],"product_cat":[431],"product_tag":[],"class_list":{"0":"post-11214","1":"product","2":"type-product","3":"status-publish","4":"has-post-thumbnail","6":"product_brand-camco","7":"product_cat-camping-rv-essentials","8":"product_shipping_class-class-1","10":"first","11":"instock","12":"taxable","13":"shipping-taxable","14":"purchasable","15":"product-type-simple"},"yoast_head":"<!-- This site is optimized with the Yoast SEO plugin v27.3 - https:\/\/yoast.com\/product\/yoast-seo-wordpress\/ -->\n<title>Camco 30 Amp PowerGrip RV Male Plug Replacement - Ks Products<\/title>\n<meta name=\"robots\" content=\"index, follow, max-snippet:-1, max-image-preview:large, max-video-preview:-1\" \/>\n<link rel=\"canonical\" href=\"https:\/\/ksproducts.ca\/fr\/product\/prise-male-de-camping-car-camco-30-amperes-powergrip-de-remplacement\/\" \/>\n<meta property=\"og:locale\" content=\"fr_CA\" \/>\n<meta property=\"og:type\" content=\"article\" \/>\n<meta property=\"og:title\" content=\"Camco 30 Amp PowerGrip RV Male Plug Replacement - Ks Products\" \/>\n<meta property=\"og:description\" content=\"The Camco Power Grip Replacement Plug replaces your power cord plug. The Power Grip handle, moulded and made of heavy-duty polyvinyl plastic, makes it easy to use. Use to replace a 30-Amp plug on extension cord.\" \/>\n<meta property=\"og:url\" content=\"https:\/\/ksproducts.ca\/fr\/product\/prise-male-de-camping-car-camco-30-amperes-powergrip-de-remplacement\/\" \/>\n<meta property=\"og:site_name\" content=\"Ks Products\" \/>\n<meta property=\"article:modified_time\" content=\"2026-03-02T19:53:57+00:00\" \/>\n<meta property=\"og:image\" content=\"https:\/\/ksproducts.ca\/wp-content\/uploads\/2026\/02\/camco-powergrip-30amp-male-plug-replacement-be93286f-1a2c-4afc-b178-ea8ad71ce118-jpgrendition.jpg\" \/>\n\t<meta property=\"og:image:width\" content=\"524\" \/>\n\t<meta property=\"og:image:height\" content=\"800\" \/>\n\t<meta property=\"og:image:type\" content=\"image\/jpeg\" \/>\n<meta name=\"twitter:card\" content=\"summary_large_image\" \/>\n<meta name=\"twitter:label1\" content=\"Estimation du temps de lecture\" \/>\n\t<meta name=\"twitter:data1\" content=\"1 minute\" \/>\n<script type=\"application\/ld+json\" class=\"yoast-schema-graph\">{\"@context\":\"https:\\\/\\\/schema.org\",\"@graph\":[{\"@type\":\"WebPage\",\"@id\":\"https:\\\/\\\/ksproducts.ca\\\/product\\\/camco-30-amp-powergrip-rv-male-plug-replacement\\\/\",\"url\":\"https:\\\/\\\/ksproducts.ca\\\/product\\\/camco-30-amp-powergrip-rv-male-plug-replacement\\\/\",\"name\":\"Camco 30 Amp PowerGrip RV Male Plug Replacement - Ks Products\",\"isPartOf\":{\"@id\":\"https:\\\/\\\/ksproducts.ca\\\/#website\"},\"primaryImageOfPage\":{\"@id\":\"https:\\\/\\\/ksproducts.ca\\\/product\\\/camco-30-amp-powergrip-rv-male-plug-replacement\\\/#primaryimage\"},\"image\":{\"@id\":\"https:\\\/\\\/ksproducts.ca\\\/product\\\/camco-30-amp-powergrip-rv-male-plug-replacement\\\/#primaryimage\"},\"thumbnailUrl\":\"https:\\\/\\\/ksproducts.ca\\\/wp-content\\\/uploads\\\/2026\\\/02\\\/camco-powergrip-30amp-male-plug-replacement-be93286f-1a2c-4afc-b178-ea8ad71ce118-jpgrendition.jpg\",\"datePublished\":\"2026-02-13T18:40:43+00:00\",\"dateModified\":\"2026-03-02T19:53:57+00:00\",\"breadcrumb\":{\"@id\":\"https:\\\/\\\/ksproducts.ca\\\/product\\\/camco-30-amp-powergrip-rv-male-plug-replacement\\\/#breadcrumb\"},\"inLanguage\":\"fr-CA\",\"potentialAction\":[{\"@type\":\"ReadAction\",\"target\":[\"https:\\\/\\\/ksproducts.ca\\\/product\\\/camco-30-amp-powergrip-rv-male-plug-replacement\\\/\"]}]},{\"@type\":\"ImageObject\",\"inLanguage\":\"fr-CA\",\"@id\":\"https:\\\/\\\/ksproducts.ca\\\/product\\\/camco-30-amp-powergrip-rv-male-plug-replacement\\\/#primaryimage\",\"url\":\"https:\\\/\\\/ksproducts.ca\\\/wp-content\\\/uploads\\\/2026\\\/02\\\/camco-powergrip-30amp-male-plug-replacement-be93286f-1a2c-4afc-b178-ea8ad71ce118-jpgrendition.jpg\",\"contentUrl\":\"https:\\\/\\\/ksproducts.ca\\\/wp-content\\\/uploads\\\/2026\\\/02\\\/camco-powergrip-30amp-male-plug-replacement-be93286f-1a2c-4afc-b178-ea8ad71ce118-jpgrendition.jpg\",\"width\":524,\"height\":800,\"caption\":\"Camco 30 Amp PowerGrip RV Male Plug Replacement\"},{\"@type\":\"BreadcrumbList\",\"@id\":\"https:\\\/\\\/ksproducts.ca\\\/product\\\/camco-30-amp-powergrip-rv-male-plug-replacement\\\/#breadcrumb\",\"itemListElement\":[{\"@type\":\"ListItem\",\"position\":1,\"name\":\"Home\",\"item\":\"https:\\\/\\\/ksproducts.ca\\\/\"},{\"@type\":\"ListItem\",\"position\":2,\"name\":\"Shop\",\"item\":\"https:\\\/\\\/ksproducts.ca\\\/shop\\\/\"},{\"@type\":\"ListItem\",\"position\":3,\"name\":\"Camco 30 Amp PowerGrip RV Male Plug Replacement\"}]},{\"@type\":\"WebSite\",\"@id\":\"https:\\\/\\\/ksproducts.ca\\\/#website\",\"url\":\"https:\\\/\\\/ksproducts.ca\\\/\",\"name\":\"Ks Products\",\"description\":\"Outdoor cooking and living, made easy in Canada\",\"publisher\":{\"@id\":\"https:\\\/\\\/ksproducts.ca\\\/#organization\"},\"potentialAction\":[{\"@type\":\"SearchAction\",\"target\":{\"@type\":\"EntryPoint\",\"urlTemplate\":\"https:\\\/\\\/ksproducts.ca\\\/?s={search_term_string}\"},\"query-input\":{\"@type\":\"PropertyValueSpecification\",\"valueRequired\":true,\"valueName\":\"search_term_string\"}}],\"inLanguage\":\"fr-CA\"},{\"@type\":\"Organization\",\"@id\":\"https:\\\/\\\/ksproducts.ca\\\/#organization\",\"name\":\"Ks Products\",\"url\":\"https:\\\/\\\/ksproducts.ca\\\/\",\"logo\":{\"@type\":\"ImageObject\",\"inLanguage\":\"fr-CA\",\"@id\":\"https:\\\/\\\/ksproducts.ca\\\/#\\\/schema\\\/logo\\\/image\\\/\",\"url\":\"https:\\\/\\\/ksproducts.ca\\\/wp-content\\\/uploads\\\/2023\\\/09\\\/Kennedy-Sales-Logo-header-1.png\",\"contentUrl\":\"https:\\\/\\\/ksproducts.ca\\\/wp-content\\\/uploads\\\/2023\\\/09\\\/Kennedy-Sales-Logo-header-1.png\",\"width\":150,\"height\":77,\"caption\":\"Ks Products\"},\"image\":{\"@id\":\"https:\\\/\\\/ksproducts.ca\\\/#\\\/schema\\\/logo\\\/image\\\/\"}}]}<\/script>\n<!-- \/ Yoast SEO plugin. -->","yoast_head_json":{"title":"Camco 30 Amp PowerGrip RV Male Plug Replacement - Ks Products","robots":{"index":"index","follow":"follow","max-snippet":"max-snippet:-1","max-image-preview":"max-image-preview:large","max-video-preview":"max-video-preview:-1"},"canonical":"https:\/\/ksproducts.ca\/fr\/product\/prise-male-de-camping-car-camco-30-amperes-powergrip-de-remplacement\/","og_locale":"fr_CA","og_type":"article","og_title":"Camco 30 Amp PowerGrip RV Male Plug Replacement - Ks Products","og_description":"The Camco Power Grip Replacement Plug replaces your power cord plug. The Power Grip handle, moulded and made of heavy-duty polyvinyl plastic, makes it easy to use. Use to replace a 30-Amp plug on extension cord.","og_url":"https:\/\/ksproducts.ca\/fr\/product\/prise-male-de-camping-car-camco-30-amperes-powergrip-de-remplacement\/","og_site_name":"Ks Products","article_modified_time":"2026-03-02T19:53:57+00:00","og_image":[{"width":524,"height":800,"url":"https:\/\/ksproducts.ca\/wp-content\/uploads\/2026\/02\/camco-powergrip-30amp-male-plug-replacement-be93286f-1a2c-4afc-b178-ea8ad71ce118-jpgrendition.jpg","type":"image\/jpeg"}],"twitter_card":"summary_large_image","twitter_misc":{"Estimation du temps de lecture":"1 minute"},"schema":{"@context":"https:\/\/schema.org","@graph":[{"@type":"WebPage","@id":"https:\/\/ksproducts.ca\/product\/camco-30-amp-powergrip-rv-male-plug-replacement\/","url":"https:\/\/ksproducts.ca\/product\/camco-30-amp-powergrip-rv-male-plug-replacement\/","name":"Camco 30 Amp PowerGrip RV Male Plug Replacement - Ks Products","isPartOf":{"@id":"https:\/\/ksproducts.ca\/#website"},"primaryImageOfPage":{"@id":"https:\/\/ksproducts.ca\/product\/camco-30-amp-powergrip-rv-male-plug-replacement\/#primaryimage"},"image":{"@id":"https:\/\/ksproducts.ca\/product\/camco-30-amp-powergrip-rv-male-plug-replacement\/#primaryimage"},"thumbnailUrl":"https:\/\/ksproducts.ca\/wp-content\/uploads\/2026\/02\/camco-powergrip-30amp-male-plug-replacement-be93286f-1a2c-4afc-b178-ea8ad71ce118-jpgrendition.jpg","datePublished":"2026-02-13T18:40:43+00:00","dateModified":"2026-03-02T19:53:57+00:00","breadcrumb":{"@id":"https:\/\/ksproducts.ca\/product\/camco-30-amp-powergrip-rv-male-plug-replacement\/#breadcrumb"},"inLanguage":"fr-CA","potentialAction":[{"@type":"ReadAction","target":["https:\/\/ksproducts.ca\/product\/camco-30-amp-powergrip-rv-male-plug-replacement\/"]}]},{"@type":"ImageObject","inLanguage":"fr-CA","@id":"https:\/\/ksproducts.ca\/product\/camco-30-amp-powergrip-rv-male-plug-replacement\/#primaryimage","url":"https:\/\/ksproducts.ca\/wp-content\/uploads\/2026\/02\/camco-powergrip-30amp-male-plug-replacement-be93286f-1a2c-4afc-b178-ea8ad71ce118-jpgrendition.jpg","contentUrl":"https:\/\/ksproducts.ca\/wp-content\/uploads\/2026\/02\/camco-powergrip-30amp-male-plug-replacement-be93286f-1a2c-4afc-b178-ea8ad71ce118-jpgrendition.jpg","width":524,"height":800,"caption":"Camco 30 Amp PowerGrip RV Male Plug Replacement"},{"@type":"BreadcrumbList","@id":"https:\/\/ksproducts.ca\/product\/camco-30-amp-powergrip-rv-male-plug-replacement\/#breadcrumb","itemListElement":[{"@type":"ListItem","position":1,"name":"Home","item":"https:\/\/ksproducts.ca\/"},{"@type":"ListItem","position":2,"name":"Shop","item":"https:\/\/ksproducts.ca\/shop\/"},{"@type":"ListItem","position":3,"name":"Camco 30 Amp PowerGrip RV Male Plug Replacement"}]},{"@type":"WebSite","@id":"https:\/\/ksproducts.ca\/#website","url":"https:\/\/ksproducts.ca\/","name":"Produits Ks","description":"Cuisiner et vivre en plein air, c'est facile au Canada","publisher":{"@id":"https:\/\/ksproducts.ca\/#organization"},"potentialAction":[{"@type":"SearchAction","target":{"@type":"EntryPoint","urlTemplate":"https:\/\/ksproducts.ca\/?s={search_term_string}"},"query-input":{"@type":"PropertyValueSpecification","valueRequired":true,"valueName":"search_term_string"}}],"inLanguage":"fr-CA"},{"@type":"Organization","@id":"https:\/\/ksproducts.ca\/#organization","name":"Produits Ks","url":"https:\/\/ksproducts.ca\/","logo":{"@type":"ImageObject","inLanguage":"fr-CA","@id":"https:\/\/ksproducts.ca\/#\/schema\/logo\/image\/","url":"https:\/\/ksproducts.ca\/wp-content\/uploads\/2023\/09\/Kennedy-Sales-Logo-header-1.png","contentUrl":"https:\/\/ksproducts.ca\/wp-content\/uploads\/2023\/09\/Kennedy-Sales-Logo-header-1.png","width":150,"height":77,"caption":"Ks Products"},"image":{"@id":"https:\/\/ksproducts.ca\/#\/schema\/logo\/image\/"}}]}},"_links":{"self":[{"href":"https:\/\/ksproducts.ca\/fr\/wp-json\/wp\/v2\/product\/11214","targetHints":{"allow":["GET"]}}],"collection":[{"href":"https:\/\/ksproducts.ca\/fr\/wp-json\/wp\/v2\/product"}],"about":[{"href":"https:\/\/ksproducts.ca\/fr\/wp-json\/wp\/v2\/types\/product"}],"replies":[{"embeddable":true,"href":"https:\/\/ksproducts.ca\/fr\/wp-json\/wp\/v2\/comments?post=11214"}],"version-history":[{"count":1,"href":"https:\/\/ksproducts.ca\/fr\/wp-json\/wp\/v2\/product\/11214\/revisions"}],"predecessor-version":[{"id":11217,"href":"https:\/\/ksproducts.ca\/fr\/wp-json\/wp\/v2\/product\/11214\/revisions\/11217"}],"wp:featuredmedia":[{"embeddable":true,"href":"https:\/\/ksproducts.ca\/fr\/wp-json\/wp\/v2\/media\/11215"}],"wp:attachment":[{"href":"https:\/\/ksproducts.ca\/fr\/wp-json\/wp\/v2\/media?parent=11214"}],"wp:term":[{"taxonomy":"product_cat","embeddable":true,"href":"https:\/\/ksproducts.ca\/fr\/wp-json\/wp\/v2\/product_cat?post=11214"},{"taxonomy":"product_tag","embeddable":true,"href":"https:\/\/ksproducts.ca\/fr\/wp-json\/wp\/v2\/product_tag?post=11214"}],"curies":[{"name":"wp","href":"https:\/\/api.w.org\/{rel}","templated":true}]}}