{"id":11218,"date":"2026-02-13T18:44:56","date_gmt":"2026-02-13T18:44:56","guid":{"rendered":"https:\/\/ksproducts.ca\/?post_type=product&#038;p=11218"},"modified":"2026-03-02T19:30:46","modified_gmt":"2026-03-02T19:30:46","slug":"camco-lot-de-2-chandelles-de-levage-empilables","status":"publish","type":"product","link":"https:\/\/ksproducts.ca\/fr\/product\/camco-2-pack-stack-jack-stands\/","title":{"rendered":"Camco 2-pack Stack Jack Stands"},"content":{"rendered":"<ul class=\"a-unordered-list a-vertical a-spacing-mini\">\n<li class=\"a-spacing-mini\"><span class=\"a-list-item\">Obtenez un positionnement et une stabilit\u00e9 s\u00e9curis\u00e9s et de niveau pour votre camping-car<\/span><\/li>\n<li class=\"a-spacing-mini\"><span class=\"a-list-item\">Chaque v\u00e9rin supporte jusqu'\u00e0 6000 livres<\/span><\/li>\n<li class=\"a-spacing-mini\"><span class=\"a-list-item\">Aluminium moul\u00e9<\/span><\/li>\n<li class=\"a-spacing-mini\"><span class=\"a-list-item\">R\u00e9glable de 11 pouces \u00e0 17 pouces<\/span><\/li>\n<li class=\"a-spacing-mini\"><span class=\"a-list-item\">Ensemble de 2<\/span><\/li>\n<li class=\"a-spacing-mini\"><span class=\"a-list-item\">Obtenez un positionnement et une stabilit\u00e9 s\u00e9curis\u00e9s et de niveau pour votre camping-car<\/span><\/li>\n<li class=\"a-spacing-mini\"><span class=\"a-list-item\">Chaque cric supporte jusqu'\u00e0 6000 livres<\/span><\/li>\n<\/ul>\n<div class=\"a-row a-expander-container a-expander-inline-container\">\n<div class=\"a-expander-content a-expander-extend-content a-expander-content-expanded\" data-expanded=\"true\">\n<ul class=\"a-unordered-list a-vertical a-spacing-none\">\n<li class=\"a-spacing-mini\"><span class=\"a-list-item\">Aluminium moul\u00e9<\/span><\/li>\n<li class=\"a-spacing-mini\"><span class=\"a-list-item\">R\u00e9glable de 11 \u00e0 17 pouces<\/span><\/li>\n<li class=\"a-spacing-mini\"><span class=\"a-list-item\">Ensemble de 2<\/span><\/li>\n<\/ul>\n<\/div>\n<\/div>","protected":false},"excerpt":{"rendered":"<p>Ces chandelles de Camco sont con\u00e7ues pour s\u00e9curiser et mettre \u00e0 niveau votre v\u00e9hicule r\u00e9cr\u00e9atif. Fabriqu\u00e9s en aluminium moul\u00e9, ils peuvent supporter jusqu'\u00e0 6000 lb et offrent une grande stabilit\u00e9. Ils peuvent atteindre une hauteur de 17\u2033 et sont faciles \u00e0 utiliser.<\/p>","protected":false},"featured_media":11220,"comment_status":"open","ping_status":"closed","template":"","meta":[],"product_cat":[431,451],"product_tag":[],"class_list":{"0":"post-11218","1":"product","2":"type-product","3":"status-publish","4":"has-post-thumbnail","6":"product_brand-camco","7":"product_cat-camping-rv-essentials","8":"product_cat-tools-equipment","9":"product_shipping_class-class-2","11":"first","12":"instock","13":"taxable","14":"shipping-taxable","15":"purchasable","16":"product-type-simple"},"yoast_head":"<!-- This site is optimized with the Yoast SEO plugin v27.3 - https:\/\/yoast.com\/product\/yoast-seo-wordpress\/ -->\n<title>Camco 2-pack Stack Jack Stands - Ks Products<\/title>\n<meta name=\"robots\" content=\"index, follow, max-snippet:-1, max-image-preview:large, max-video-preview:-1\" \/>\n<link rel=\"canonical\" href=\"https:\/\/ksproducts.ca\/fr\/product\/camco-lot-de-2-chandelles-de-levage-empilables\/\" \/>\n<meta property=\"og:locale\" content=\"fr_CA\" \/>\n<meta property=\"og:type\" content=\"article\" \/>\n<meta property=\"og:title\" content=\"Camco 2-pack Stack Jack Stands - Ks Products\" \/>\n<meta property=\"og:description\" content=\"These stack jack stands by Camco are designed to secure and level your RV. Made from cast aluminum, they can support up to 6000 lb and offer great stability. They can reach 17&quot; in height and are easy to use\" \/>\n<meta property=\"og:url\" content=\"https:\/\/ksproducts.ca\/fr\/product\/camco-lot-de-2-chandelles-de-levage-empilables\/\" \/>\n<meta property=\"og:site_name\" content=\"Ks Products\" \/>\n<meta property=\"article:modified_time\" content=\"2026-03-02T19:30:46+00:00\" \/>\n<meta property=\"og:image\" content=\"https:\/\/ksproducts.ca\/wp-content\/uploads\/2026\/02\/50095035b_L.jpg\" \/>\n\t<meta property=\"og:image:width\" content=\"660\" \/>\n\t<meta property=\"og:image:height\" content=\"660\" \/>\n\t<meta property=\"og:image:type\" content=\"image\/jpeg\" \/>\n<meta name=\"twitter:card\" content=\"summary_large_image\" \/>\n<meta name=\"twitter:label1\" content=\"Estimation du temps de lecture\" \/>\n\t<meta name=\"twitter:data1\" content=\"1 minute\" \/>\n<script type=\"application\/ld+json\" class=\"yoast-schema-graph\">{\"@context\":\"https:\\\/\\\/schema.org\",\"@graph\":[{\"@type\":\"WebPage\",\"@id\":\"https:\\\/\\\/ksproducts.ca\\\/product\\\/camco-2-pack-stack-jack-stands\\\/\",\"url\":\"https:\\\/\\\/ksproducts.ca\\\/product\\\/camco-2-pack-stack-jack-stands\\\/\",\"name\":\"Camco 2-pack Stack Jack Stands - Ks Products\",\"isPartOf\":{\"@id\":\"https:\\\/\\\/ksproducts.ca\\\/#website\"},\"primaryImageOfPage\":{\"@id\":\"https:\\\/\\\/ksproducts.ca\\\/product\\\/camco-2-pack-stack-jack-stands\\\/#primaryimage\"},\"image\":{\"@id\":\"https:\\\/\\\/ksproducts.ca\\\/product\\\/camco-2-pack-stack-jack-stands\\\/#primaryimage\"},\"thumbnailUrl\":\"https:\\\/\\\/ksproducts.ca\\\/wp-content\\\/uploads\\\/2026\\\/02\\\/50095035b_L.jpg\",\"datePublished\":\"2026-02-13T18:44:56+00:00\",\"dateModified\":\"2026-03-02T19:30:46+00:00\",\"breadcrumb\":{\"@id\":\"https:\\\/\\\/ksproducts.ca\\\/product\\\/camco-2-pack-stack-jack-stands\\\/#breadcrumb\"},\"inLanguage\":\"fr-CA\",\"potentialAction\":[{\"@type\":\"ReadAction\",\"target\":[\"https:\\\/\\\/ksproducts.ca\\\/product\\\/camco-2-pack-stack-jack-stands\\\/\"]}]},{\"@type\":\"ImageObject\",\"inLanguage\":\"fr-CA\",\"@id\":\"https:\\\/\\\/ksproducts.ca\\\/product\\\/camco-2-pack-stack-jack-stands\\\/#primaryimage\",\"url\":\"https:\\\/\\\/ksproducts.ca\\\/wp-content\\\/uploads\\\/2026\\\/02\\\/50095035b_L.jpg\",\"contentUrl\":\"https:\\\/\\\/ksproducts.ca\\\/wp-content\\\/uploads\\\/2026\\\/02\\\/50095035b_L.jpg\",\"width\":660,\"height\":660,\"caption\":\"Camco 2-pack Stack Jack Stands\"},{\"@type\":\"BreadcrumbList\",\"@id\":\"https:\\\/\\\/ksproducts.ca\\\/product\\\/camco-2-pack-stack-jack-stands\\\/#breadcrumb\",\"itemListElement\":[{\"@type\":\"ListItem\",\"position\":1,\"name\":\"Home\",\"item\":\"https:\\\/\\\/ksproducts.ca\\\/\"},{\"@type\":\"ListItem\",\"position\":2,\"name\":\"Shop\",\"item\":\"https:\\\/\\\/ksproducts.ca\\\/shop\\\/\"},{\"@type\":\"ListItem\",\"position\":3,\"name\":\"Camco 2-pack Stack Jack Stands\"}]},{\"@type\":\"WebSite\",\"@id\":\"https:\\\/\\\/ksproducts.ca\\\/#website\",\"url\":\"https:\\\/\\\/ksproducts.ca\\\/\",\"name\":\"Ks Products\",\"description\":\"Outdoor cooking and living, made easy in Canada\",\"publisher\":{\"@id\":\"https:\\\/\\\/ksproducts.ca\\\/#organization\"},\"potentialAction\":[{\"@type\":\"SearchAction\",\"target\":{\"@type\":\"EntryPoint\",\"urlTemplate\":\"https:\\\/\\\/ksproducts.ca\\\/?s={search_term_string}\"},\"query-input\":{\"@type\":\"PropertyValueSpecification\",\"valueRequired\":true,\"valueName\":\"search_term_string\"}}],\"inLanguage\":\"fr-CA\"},{\"@type\":\"Organization\",\"@id\":\"https:\\\/\\\/ksproducts.ca\\\/#organization\",\"name\":\"Ks Products\",\"url\":\"https:\\\/\\\/ksproducts.ca\\\/\",\"logo\":{\"@type\":\"ImageObject\",\"inLanguage\":\"fr-CA\",\"@id\":\"https:\\\/\\\/ksproducts.ca\\\/#\\\/schema\\\/logo\\\/image\\\/\",\"url\":\"https:\\\/\\\/ksproducts.ca\\\/wp-content\\\/uploads\\\/2023\\\/09\\\/Kennedy-Sales-Logo-header-1.png\",\"contentUrl\":\"https:\\\/\\\/ksproducts.ca\\\/wp-content\\\/uploads\\\/2023\\\/09\\\/Kennedy-Sales-Logo-header-1.png\",\"width\":150,\"height\":77,\"caption\":\"Ks Products\"},\"image\":{\"@id\":\"https:\\\/\\\/ksproducts.ca\\\/#\\\/schema\\\/logo\\\/image\\\/\"}}]}<\/script>\n<!-- \/ Yoast SEO plugin. -->","yoast_head_json":{"title":"Camco Lot de 2 chandelles empilables - Produits Ks","robots":{"index":"index","follow":"follow","max-snippet":"max-snippet:-1","max-image-preview":"max-image-preview:large","max-video-preview":"max-video-preview:-1"},"canonical":"https:\/\/ksproducts.ca\/fr\/product\/camco-lot-de-2-chandelles-de-levage-empilables\/","og_locale":"fr_CA","og_type":"article","og_title":"Camco 2-pack Stack Jack Stands - Ks Products","og_description":"These stack jack stands by Camco are designed to secure and level your RV. Made from cast aluminum, they can support up to 6000 lb and offer great stability. They can reach 17\" in height and are easy to use","og_url":"https:\/\/ksproducts.ca\/fr\/product\/camco-lot-de-2-chandelles-de-levage-empilables\/","og_site_name":"Ks Products","article_modified_time":"2026-03-02T19:30:46+00:00","og_image":[{"width":660,"height":660,"url":"https:\/\/ksproducts.ca\/wp-content\/uploads\/2026\/02\/50095035b_L.jpg","type":"image\/jpeg"}],"twitter_card":"summary_large_image","twitter_misc":{"Estimation du temps de lecture":"1 minute"},"schema":{"@context":"https:\/\/schema.org","@graph":[{"@type":"WebPage","@id":"https:\/\/ksproducts.ca\/product\/camco-2-pack-stack-jack-stands\/","url":"https:\/\/ksproducts.ca\/product\/camco-2-pack-stack-jack-stands\/","name":"Camco Lot de 2 chandelles empilables - Produits Ks","isPartOf":{"@id":"https:\/\/ksproducts.ca\/#website"},"primaryImageOfPage":{"@id":"https:\/\/ksproducts.ca\/product\/camco-2-pack-stack-jack-stands\/#primaryimage"},"image":{"@id":"https:\/\/ksproducts.ca\/product\/camco-2-pack-stack-jack-stands\/#primaryimage"},"thumbnailUrl":"https:\/\/ksproducts.ca\/wp-content\/uploads\/2026\/02\/50095035b_L.jpg","datePublished":"2026-02-13T18:44:56+00:00","dateModified":"2026-03-02T19:30:46+00:00","breadcrumb":{"@id":"https:\/\/ksproducts.ca\/product\/camco-2-pack-stack-jack-stands\/#breadcrumb"},"inLanguage":"fr-CA","potentialAction":[{"@type":"ReadAction","target":["https:\/\/ksproducts.ca\/product\/camco-2-pack-stack-jack-stands\/"]}]},{"@type":"ImageObject","inLanguage":"fr-CA","@id":"https:\/\/ksproducts.ca\/product\/camco-2-pack-stack-jack-stands\/#primaryimage","url":"https:\/\/ksproducts.ca\/wp-content\/uploads\/2026\/02\/50095035b_L.jpg","contentUrl":"https:\/\/ksproducts.ca\/wp-content\/uploads\/2026\/02\/50095035b_L.jpg","width":660,"height":660,"caption":"Camco 2-pack Stack Jack Stands"},{"@type":"BreadcrumbList","@id":"https:\/\/ksproducts.ca\/product\/camco-2-pack-stack-jack-stands\/#breadcrumb","itemListElement":[{"@type":"ListItem","position":1,"name":"Home","item":"https:\/\/ksproducts.ca\/"},{"@type":"ListItem","position":2,"name":"Shop","item":"https:\/\/ksproducts.ca\/shop\/"},{"@type":"ListItem","position":3,"name":"Camco 2-pack Stack Jack Stands"}]},{"@type":"WebSite","@id":"https:\/\/ksproducts.ca\/#website","url":"https:\/\/ksproducts.ca\/","name":"Produits Ks","description":"Cuisiner et vivre en plein air, c'est facile au Canada","publisher":{"@id":"https:\/\/ksproducts.ca\/#organization"},"potentialAction":[{"@type":"SearchAction","target":{"@type":"EntryPoint","urlTemplate":"https:\/\/ksproducts.ca\/?s={search_term_string}"},"query-input":{"@type":"PropertyValueSpecification","valueRequired":true,"valueName":"search_term_string"}}],"inLanguage":"fr-CA"},{"@type":"Organization","@id":"https:\/\/ksproducts.ca\/#organization","name":"Produits Ks","url":"https:\/\/ksproducts.ca\/","logo":{"@type":"ImageObject","inLanguage":"fr-CA","@id":"https:\/\/ksproducts.ca\/#\/schema\/logo\/image\/","url":"https:\/\/ksproducts.ca\/wp-content\/uploads\/2023\/09\/Kennedy-Sales-Logo-header-1.png","contentUrl":"https:\/\/ksproducts.ca\/wp-content\/uploads\/2023\/09\/Kennedy-Sales-Logo-header-1.png","width":150,"height":77,"caption":"Ks Products"},"image":{"@id":"https:\/\/ksproducts.ca\/#\/schema\/logo\/image\/"}}]}},"_links":{"self":[{"href":"https:\/\/ksproducts.ca\/fr\/wp-json\/wp\/v2\/product\/11218","targetHints":{"allow":["GET"]}}],"collection":[{"href":"https:\/\/ksproducts.ca\/fr\/wp-json\/wp\/v2\/product"}],"about":[{"href":"https:\/\/ksproducts.ca\/fr\/wp-json\/wp\/v2\/types\/product"}],"replies":[{"embeddable":true,"href":"https:\/\/ksproducts.ca\/fr\/wp-json\/wp\/v2\/comments?post=11218"}],"version-history":[{"count":1,"href":"https:\/\/ksproducts.ca\/fr\/wp-json\/wp\/v2\/product\/11218\/revisions"}],"predecessor-version":[{"id":11221,"href":"https:\/\/ksproducts.ca\/fr\/wp-json\/wp\/v2\/product\/11218\/revisions\/11221"}],"wp:featuredmedia":[{"embeddable":true,"href":"https:\/\/ksproducts.ca\/fr\/wp-json\/wp\/v2\/media\/11220"}],"wp:attachment":[{"href":"https:\/\/ksproducts.ca\/fr\/wp-json\/wp\/v2\/media?parent=11218"}],"wp:term":[{"taxonomy":"product_cat","embeddable":true,"href":"https:\/\/ksproducts.ca\/fr\/wp-json\/wp\/v2\/product_cat?post=11218"},{"taxonomy":"product_tag","embeddable":true,"href":"https:\/\/ksproducts.ca\/fr\/wp-json\/wp\/v2\/product_tag?post=11218"}],"curies":[{"name":"wp","href":"https:\/\/api.w.org\/{rel}","templated":true}]}}