{"id":11236,"date":"2026-02-13T19:18:48","date_gmt":"2026-02-13T19:18:48","guid":{"rendered":"https:\/\/ksproducts.ca\/?post_type=product&#038;p=11236"},"modified":"2026-03-05T18:01:08","modified_gmt":"2026-03-05T18:01:08","slug":"matelas-pneumatique-rightline-gear-pour-lit-de-camion-de-taille-moyenne-avec-pompe-a-air-12-v","status":"publish","type":"product","link":"https:\/\/ksproducts.ca\/fr\/product\/rightline-gear-mid-size-truck-bed-air-mattress-with-12v-air-pump\/","title":{"rendered":"Rightline Gear Matelas pneumatique pour lit de camion de taille moyenne avec pompe \u00e0 air 12V"},"content":{"rendered":"<ul class=\"a-unordered-list a-vertical a-spacing-mini\">\n<li class=\"a-spacing-mini\"><span class=\"a-list-item\">Matelas de lit de camion : Am\u00e9liorez votre exp\u00e9rience de camping avec un matelas pneumatique de camion qui vous permet de dormir dans un confort total, hors du sol, compl\u00e8tement au sec et dans votre propre v\u00e9hicule.<\/span><\/li>\n<li class=\"a-spacing-mini\"><span class=\"a-list-item\">Design intuitif : Notre matelas gonflable pr\u00e9sente une conception entre les roues qui vous permet de ranger votre \u00e9quipement entre le matelas pneumatique et les parois de la benne du camion ; vous ne roulerez pas sur vos affaires et vos affaires ne rouleront pas sur vous.<\/span><\/li>\n<li class=\"a-spacing-mini\"><span class=\"a-list-item\">Construction de qualit\u00e9 : Fabriqu\u00e9 en PVC robuste et \u00e9quip\u00e9 d'une surface floqu\u00e9e et d'un support O-beam, notre matelas gonflable est non seulement confortable, mais aussi suffisamment r\u00e9sistant pour votre camion<\/span><\/li>\n<li class=\"a-spacing-mini\"><span class=\"a-list-item\">2 couchages : Notre matelas pneumatique de camping peut accueillir confortablement 2 adultes ; pompe \u00e0 air, kit de r\u00e9paration, sac de rangement et guide d'installation inclus<\/span><\/li>\n<li class=\"a-spacing-mini\"><span class=\"a-list-item\">Installation simple : Le matelas de camping parfait, notre matelas pneumatique autogonflant se gonfle et se d\u00e9gonfle en quelques secondes gr\u00e2ce \u00e0 une pompe \u00e0 air 12V ; Notre lit gonflable comprend \u00e9galement une valve buccale pour le gonflage manuel.<\/span><\/li>\n<\/ul>","protected":false},"excerpt":{"rendered":"<p>Voici un matelas de lit de voiture qui est assez r\u00e9sistant pour votre camion ! Le matelas gonflable Rightline Gear Truck Bed est fabriqu\u00e9 en PVC robuste avec une surface confortable floqu\u00e9e. Le support en O vous assure une bonne nuit de sommeil lorsque vous vous endormez sur ce matelas gonflable pour voiture. La pompe \u00e0 air 12V et la valve de gonflage facile vous permettent de gonfler ou de d\u00e9gonfler ce matelas portable en quelques secondes. Mieux encore, la conception entre les puits de roue permet de ranger des \u00e9quipements entre le matelas et les parois du lit. Notre matelas pneumatique de si\u00e8ge arri\u00e8re pour le camping en camion se replie dans un sac de rangement pour un stockage facile.<\/p>","protected":false},"featured_media":11234,"comment_status":"open","ping_status":"closed","template":"","meta":[],"product_cat":[451],"product_tag":[],"class_list":{"0":"post-11236","1":"product","2":"type-product","3":"status-publish","4":"has-post-thumbnail","6":"product_cat-tools-equipment","7":"product_shipping_class-class-3","9":"first","10":"outofstock","11":"taxable","12":"shipping-taxable","13":"purchasable","14":"product-type-simple"},"yoast_head":"<!-- This site is optimized with the Yoast SEO plugin v27.3 - https:\/\/yoast.com\/product\/yoast-seo-wordpress\/ -->\n<title>Rightline Gear Mid Size Truck Bed Air Mattress with 12V Air Pump - Ks Products<\/title>\n<meta name=\"robots\" content=\"index, follow, max-snippet:-1, max-image-preview:large, max-video-preview:-1\" \/>\n<link rel=\"canonical\" href=\"https:\/\/ksproducts.ca\/fr\/product\/matelas-pneumatique-rightline-gear-pour-lit-de-camion-de-taille-moyenne-avec-pompe-a-air-12-v\/\" \/>\n<meta property=\"og:locale\" content=\"fr_CA\" \/>\n<meta property=\"og:type\" content=\"article\" \/>\n<meta property=\"og:title\" content=\"Rightline Gear Mid Size Truck Bed Air Mattress with 12V Air Pump - Ks Products\" \/>\n<meta property=\"og:description\" content=\"Introducing a car bed mattress that\u2019s tough enough for your truck! The Rightline Gear Truck Bed Air Mattress is made from heavy-duty PVC with a comfortable flocked-top surface. O-beam support ensures you will get a good night\u2019s sleep while snoozing on this inflatable car mattress. The 12V air pump and easy-inflate valve let you inflate or deflate this portable mattress in seconds. Best of all, the between-the-wheel-wells design allows for gear storage between the mattress and the bed walls. Our backseat air mattress for truck camping folds up into a stuff sack for easy storage.\" \/>\n<meta property=\"og:url\" content=\"https:\/\/ksproducts.ca\/fr\/product\/matelas-pneumatique-rightline-gear-pour-lit-de-camion-de-taille-moyenne-avec-pompe-a-air-12-v\/\" \/>\n<meta property=\"og:site_name\" content=\"Ks Products\" \/>\n<meta property=\"article:modified_time\" content=\"2026-03-05T18:01:08+00:00\" \/>\n<meta property=\"og:image\" content=\"https:\/\/ksproducts.ca\/wp-content\/uploads\/2026\/02\/818Exnfs45L._AC_SL1500_.jpg\" \/>\n\t<meta property=\"og:image:width\" content=\"800\" \/>\n\t<meta property=\"og:image:height\" content=\"644\" \/>\n\t<meta property=\"og:image:type\" content=\"image\/jpeg\" \/>\n<meta name=\"twitter:card\" content=\"summary_large_image\" \/>\n<meta name=\"twitter:label1\" content=\"Estimation du temps de lecture\" \/>\n\t<meta name=\"twitter:data1\" content=\"1 minute\" \/>\n<script type=\"application\/ld+json\" class=\"yoast-schema-graph\">{\"@context\":\"https:\\\/\\\/schema.org\",\"@graph\":[{\"@type\":\"WebPage\",\"@id\":\"https:\\\/\\\/ksproducts.ca\\\/product\\\/rightline-gear-mid-size-truck-bed-air-mattress-with-12v-air-pump\\\/\",\"url\":\"https:\\\/\\\/ksproducts.ca\\\/product\\\/rightline-gear-mid-size-truck-bed-air-mattress-with-12v-air-pump\\\/\",\"name\":\"Rightline Gear Mid Size Truck Bed Air Mattress with 12V Air Pump - Ks Products\",\"isPartOf\":{\"@id\":\"https:\\\/\\\/ksproducts.ca\\\/#website\"},\"primaryImageOfPage\":{\"@id\":\"https:\\\/\\\/ksproducts.ca\\\/product\\\/rightline-gear-mid-size-truck-bed-air-mattress-with-12v-air-pump\\\/#primaryimage\"},\"image\":{\"@id\":\"https:\\\/\\\/ksproducts.ca\\\/product\\\/rightline-gear-mid-size-truck-bed-air-mattress-with-12v-air-pump\\\/#primaryimage\"},\"thumbnailUrl\":\"https:\\\/\\\/ksproducts.ca\\\/wp-content\\\/uploads\\\/2026\\\/02\\\/818Exnfs45L._AC_SL1500_.jpg\",\"datePublished\":\"2026-02-13T19:18:48+00:00\",\"dateModified\":\"2026-03-05T18:01:08+00:00\",\"breadcrumb\":{\"@id\":\"https:\\\/\\\/ksproducts.ca\\\/product\\\/rightline-gear-mid-size-truck-bed-air-mattress-with-12v-air-pump\\\/#breadcrumb\"},\"inLanguage\":\"fr-CA\",\"potentialAction\":[{\"@type\":\"ReadAction\",\"target\":[\"https:\\\/\\\/ksproducts.ca\\\/product\\\/rightline-gear-mid-size-truck-bed-air-mattress-with-12v-air-pump\\\/\"]}]},{\"@type\":\"ImageObject\",\"inLanguage\":\"fr-CA\",\"@id\":\"https:\\\/\\\/ksproducts.ca\\\/product\\\/rightline-gear-mid-size-truck-bed-air-mattress-with-12v-air-pump\\\/#primaryimage\",\"url\":\"https:\\\/\\\/ksproducts.ca\\\/wp-content\\\/uploads\\\/2026\\\/02\\\/818Exnfs45L._AC_SL1500_.jpg\",\"contentUrl\":\"https:\\\/\\\/ksproducts.ca\\\/wp-content\\\/uploads\\\/2026\\\/02\\\/818Exnfs45L._AC_SL1500_.jpg\",\"width\":800,\"height\":644,\"caption\":\"Rightline Gear Full Size Truck Bed Air Mattress with 12V Air Pump\"},{\"@type\":\"BreadcrumbList\",\"@id\":\"https:\\\/\\\/ksproducts.ca\\\/product\\\/rightline-gear-mid-size-truck-bed-air-mattress-with-12v-air-pump\\\/#breadcrumb\",\"itemListElement\":[{\"@type\":\"ListItem\",\"position\":1,\"name\":\"Home\",\"item\":\"https:\\\/\\\/ksproducts.ca\\\/\"},{\"@type\":\"ListItem\",\"position\":2,\"name\":\"Shop\",\"item\":\"https:\\\/\\\/ksproducts.ca\\\/shop\\\/\"},{\"@type\":\"ListItem\",\"position\":3,\"name\":\"Rightline Gear Mid Size Truck Bed Air Mattress with 12V Air Pump\"}]},{\"@type\":\"WebSite\",\"@id\":\"https:\\\/\\\/ksproducts.ca\\\/#website\",\"url\":\"https:\\\/\\\/ksproducts.ca\\\/\",\"name\":\"Ks Products\",\"description\":\"Outdoor cooking and living, made easy in Canada\",\"publisher\":{\"@id\":\"https:\\\/\\\/ksproducts.ca\\\/#organization\"},\"potentialAction\":[{\"@type\":\"SearchAction\",\"target\":{\"@type\":\"EntryPoint\",\"urlTemplate\":\"https:\\\/\\\/ksproducts.ca\\\/?s={search_term_string}\"},\"query-input\":{\"@type\":\"PropertyValueSpecification\",\"valueRequired\":true,\"valueName\":\"search_term_string\"}}],\"inLanguage\":\"fr-CA\"},{\"@type\":\"Organization\",\"@id\":\"https:\\\/\\\/ksproducts.ca\\\/#organization\",\"name\":\"Ks Products\",\"url\":\"https:\\\/\\\/ksproducts.ca\\\/\",\"logo\":{\"@type\":\"ImageObject\",\"inLanguage\":\"fr-CA\",\"@id\":\"https:\\\/\\\/ksproducts.ca\\\/#\\\/schema\\\/logo\\\/image\\\/\",\"url\":\"https:\\\/\\\/ksproducts.ca\\\/wp-content\\\/uploads\\\/2023\\\/09\\\/Kennedy-Sales-Logo-header-1.png\",\"contentUrl\":\"https:\\\/\\\/ksproducts.ca\\\/wp-content\\\/uploads\\\/2023\\\/09\\\/Kennedy-Sales-Logo-header-1.png\",\"width\":150,\"height\":77,\"caption\":\"Ks Products\"},\"image\":{\"@id\":\"https:\\\/\\\/ksproducts.ca\\\/#\\\/schema\\\/logo\\\/image\\\/\"}}]}<\/script>\n<!-- \/ Yoast SEO plugin. -->","yoast_head_json":{"title":"Rightline Gear Matelas pneumatique pour lit de camion de taille moyenne avec pompe \u00e0 air 12 V - Produits Ks","robots":{"index":"index","follow":"follow","max-snippet":"max-snippet:-1","max-image-preview":"max-image-preview:large","max-video-preview":"max-video-preview:-1"},"canonical":"https:\/\/ksproducts.ca\/fr\/product\/matelas-pneumatique-rightline-gear-pour-lit-de-camion-de-taille-moyenne-avec-pompe-a-air-12-v\/","og_locale":"fr_CA","og_type":"article","og_title":"Rightline Gear Mid Size Truck Bed Air Mattress with 12V Air Pump - Ks Products","og_description":"Introducing a car bed mattress that\u2019s tough enough for your truck! The Rightline Gear Truck Bed Air Mattress is made from heavy-duty PVC with a comfortable flocked-top surface. O-beam support ensures you will get a good night\u2019s sleep while snoozing on this inflatable car mattress. The 12V air pump and easy-inflate valve let you inflate or deflate this portable mattress in seconds. Best of all, the between-the-wheel-wells design allows for gear storage between the mattress and the bed walls. Our backseat air mattress for truck camping folds up into a stuff sack for easy storage.","og_url":"https:\/\/ksproducts.ca\/fr\/product\/matelas-pneumatique-rightline-gear-pour-lit-de-camion-de-taille-moyenne-avec-pompe-a-air-12-v\/","og_site_name":"Ks Products","article_modified_time":"2026-03-05T18:01:08+00:00","og_image":[{"width":800,"height":644,"url":"https:\/\/ksproducts.ca\/wp-content\/uploads\/2026\/02\/818Exnfs45L._AC_SL1500_.jpg","type":"image\/jpeg"}],"twitter_card":"summary_large_image","twitter_misc":{"Estimation du temps de lecture":"1 minute"},"schema":{"@context":"https:\/\/schema.org","@graph":[{"@type":"WebPage","@id":"https:\/\/ksproducts.ca\/product\/rightline-gear-mid-size-truck-bed-air-mattress-with-12v-air-pump\/","url":"https:\/\/ksproducts.ca\/product\/rightline-gear-mid-size-truck-bed-air-mattress-with-12v-air-pump\/","name":"Rightline Gear Matelas pneumatique pour lit de camion de taille moyenne avec pompe \u00e0 air 12 V - Produits Ks","isPartOf":{"@id":"https:\/\/ksproducts.ca\/#website"},"primaryImageOfPage":{"@id":"https:\/\/ksproducts.ca\/product\/rightline-gear-mid-size-truck-bed-air-mattress-with-12v-air-pump\/#primaryimage"},"image":{"@id":"https:\/\/ksproducts.ca\/product\/rightline-gear-mid-size-truck-bed-air-mattress-with-12v-air-pump\/#primaryimage"},"thumbnailUrl":"https:\/\/ksproducts.ca\/wp-content\/uploads\/2026\/02\/818Exnfs45L._AC_SL1500_.jpg","datePublished":"2026-02-13T19:18:48+00:00","dateModified":"2026-03-05T18:01:08+00:00","breadcrumb":{"@id":"https:\/\/ksproducts.ca\/product\/rightline-gear-mid-size-truck-bed-air-mattress-with-12v-air-pump\/#breadcrumb"},"inLanguage":"fr-CA","potentialAction":[{"@type":"ReadAction","target":["https:\/\/ksproducts.ca\/product\/rightline-gear-mid-size-truck-bed-air-mattress-with-12v-air-pump\/"]}]},{"@type":"ImageObject","inLanguage":"fr-CA","@id":"https:\/\/ksproducts.ca\/product\/rightline-gear-mid-size-truck-bed-air-mattress-with-12v-air-pump\/#primaryimage","url":"https:\/\/ksproducts.ca\/wp-content\/uploads\/2026\/02\/818Exnfs45L._AC_SL1500_.jpg","contentUrl":"https:\/\/ksproducts.ca\/wp-content\/uploads\/2026\/02\/818Exnfs45L._AC_SL1500_.jpg","width":800,"height":644,"caption":"Rightline Gear Full Size Truck Bed Air Mattress with 12V Air Pump"},{"@type":"BreadcrumbList","@id":"https:\/\/ksproducts.ca\/product\/rightline-gear-mid-size-truck-bed-air-mattress-with-12v-air-pump\/#breadcrumb","itemListElement":[{"@type":"ListItem","position":1,"name":"Home","item":"https:\/\/ksproducts.ca\/"},{"@type":"ListItem","position":2,"name":"Shop","item":"https:\/\/ksproducts.ca\/shop\/"},{"@type":"ListItem","position":3,"name":"Rightline Gear Mid Size Truck Bed Air Mattress with 12V Air Pump"}]},{"@type":"WebSite","@id":"https:\/\/ksproducts.ca\/#website","url":"https:\/\/ksproducts.ca\/","name":"Produits Ks","description":"Cuisiner et vivre en plein air, c'est facile au Canada","publisher":{"@id":"https:\/\/ksproducts.ca\/#organization"},"potentialAction":[{"@type":"SearchAction","target":{"@type":"EntryPoint","urlTemplate":"https:\/\/ksproducts.ca\/?s={search_term_string}"},"query-input":{"@type":"PropertyValueSpecification","valueRequired":true,"valueName":"search_term_string"}}],"inLanguage":"fr-CA"},{"@type":"Organization","@id":"https:\/\/ksproducts.ca\/#organization","name":"Produits Ks","url":"https:\/\/ksproducts.ca\/","logo":{"@type":"ImageObject","inLanguage":"fr-CA","@id":"https:\/\/ksproducts.ca\/#\/schema\/logo\/image\/","url":"https:\/\/ksproducts.ca\/wp-content\/uploads\/2023\/09\/Kennedy-Sales-Logo-header-1.png","contentUrl":"https:\/\/ksproducts.ca\/wp-content\/uploads\/2023\/09\/Kennedy-Sales-Logo-header-1.png","width":150,"height":77,"caption":"Ks Products"},"image":{"@id":"https:\/\/ksproducts.ca\/#\/schema\/logo\/image\/"}}]}},"_links":{"self":[{"href":"https:\/\/ksproducts.ca\/fr\/wp-json\/wp\/v2\/product\/11236","targetHints":{"allow":["GET"]}}],"collection":[{"href":"https:\/\/ksproducts.ca\/fr\/wp-json\/wp\/v2\/product"}],"about":[{"href":"https:\/\/ksproducts.ca\/fr\/wp-json\/wp\/v2\/types\/product"}],"replies":[{"embeddable":true,"href":"https:\/\/ksproducts.ca\/fr\/wp-json\/wp\/v2\/comments?post=11236"}],"version-history":[{"count":1,"href":"https:\/\/ksproducts.ca\/fr\/wp-json\/wp\/v2\/product\/11236\/revisions"}],"predecessor-version":[{"id":11237,"href":"https:\/\/ksproducts.ca\/fr\/wp-json\/wp\/v2\/product\/11236\/revisions\/11237"}],"wp:featuredmedia":[{"embeddable":true,"href":"https:\/\/ksproducts.ca\/fr\/wp-json\/wp\/v2\/media\/11234"}],"wp:attachment":[{"href":"https:\/\/ksproducts.ca\/fr\/wp-json\/wp\/v2\/media?parent=11236"}],"wp:term":[{"taxonomy":"product_cat","embeddable":true,"href":"https:\/\/ksproducts.ca\/fr\/wp-json\/wp\/v2\/product_cat?post=11236"},{"taxonomy":"product_tag","embeddable":true,"href":"https:\/\/ksproducts.ca\/fr\/wp-json\/wp\/v2\/product_tag?post=11236"}],"curies":[{"name":"wp","href":"https:\/\/api.w.org\/{rel}","templated":true}]}}