{"id":11243,"date":"2026-02-13T19:42:14","date_gmt":"2026-02-13T19:42:14","guid":{"rendered":"https:\/\/ksproducts.ca\/?post_type=product&#038;p=11243"},"modified":"2026-02-13T19:42:14","modified_gmt":"2026-02-13T19:42:14","slug":"rightline-gear-universal-fit-truck-tailgate-portable-canopy-tent","status":"publish","type":"product","link":"https:\/\/ksproducts.ca\/fr\/product\/rightline-gear-universal-fit-truck-tailgate-portable-canopy-tent\/","title":{"rendered":"Rightline Gear Tente portative pour hayon de camion \u00e0 taille universelle"},"content":{"rendered":"<ul class=\"acl-lheight--large acl-text-size--medium acl-list acl-list--type--bulleted acl-text-size--small\" type=\"bulleted\">\n<li class=\"acl-lheight--regular acl-my--xx-small acl-text-size--small acl-list-item\">Dimensions: 9.5 L x 6 W x 8.5 H<\/li>\n<\/ul>\n<ul class=\"acl-lheight--large acl-text-size--medium acl-list acl-list--type--bulleted acl-text-size--small\" type=\"bulleted\">\n<li class=\"acl-lheight--regular acl-my--xx-small acl-text-size--small acl-list-item\">Attaches to the rear of all trucks; full size, mid size, and compact<\/li>\n<\/ul>\n<ul class=\"acl-lheight--large acl-text-size--medium acl-list acl-list--type--bulleted acl-text-size--small\" type=\"bulleted\">\n<li class=\"acl-lheight--regular acl-my--xx-small acl-text-size--small acl-list-item\">Protective strapping; won&#8217;t damage truck&#8217;s finish<\/li>\n<\/ul>\n<ul class=\"acl-lheight--large acl-text-size--medium acl-list acl-list--type--bulleted acl-text-size--small\" type=\"bulleted\">\n<li class=\"acl-lheight--regular acl-my--xx-small acl-text-size--small acl-list-item\">Covers rear of truck to provide shade in bed area<\/li>\n<\/ul>\n<ul class=\"acl-lheight--large acl-text-size--medium acl-list acl-list--type--bulleted acl-text-size--small\" type=\"bulleted\">\n<li class=\"acl-lheight--regular acl-my--xx-small acl-text-size--small acl-list-item\">Water resistant fabric with tape sealed seams<\/li>\n<\/ul>\n<ul class=\"acl-lheight--large acl-text-size--medium acl-list acl-list--type--bulleted acl-text-size--small\" type=\"bulleted\">\n<li class=\"acl-lheight--regular acl-my--xx-small acl-text-size--small acl-list-item\">Includes: canopy, (6) fiberglass and (2) steel poles, (2) sandbags, and stuff sack with sewn-in set up guide<\/li>\n<\/ul>","protected":false},"excerpt":{"rendered":"<p>L'auvent Rightline Gear Truck Tailgating Canopy permet de se mettre \u00e0 l'ombre lors d'un match ou au camping. L'auvent se fixe \u00e0 la plate-forme de votre camion et s'\u00e9tend \u00e0 l'ext\u00e9rieur du v\u00e9hicule. Les sacs de sable s'attachent aux poteaux du Canopy pour les maintenir fermement au sol, m\u00eame en cas de vent fort. Les tentes E-Z Up traditionnelles sont trop grandes pour les places de parking des stades, n\u00e9cessitent un long temps de montage et s'envolent dans le vent. Faites passer votre exp\u00e9rience de tailgating au niveau sup\u00e9rieur avec le Truck Tailgating Canopy !<\/p>","protected":false},"featured_media":11244,"comment_status":"open","ping_status":"closed","template":"","meta":[],"product_cat":[430,431],"product_tag":[],"class_list":{"0":"post-11243","1":"product","2":"type-product","3":"status-publish","4":"has-post-thumbnail","6":"product_brand-rightline-gear","7":"product_cat-automotive-gear","8":"product_cat-camping-rv-essentials","9":"product_shipping_class-class-3","11":"first","12":"outofstock","13":"taxable","14":"shipping-taxable","15":"purchasable","16":"product-type-simple"},"yoast_head":"<!-- This site is optimized with the Yoast SEO plugin v27.3 - https:\/\/yoast.com\/product\/yoast-seo-wordpress\/ -->\n<title>Rightline Gear Universal-Fit Truck Tailgate Portable Canopy Tent - Ks Products<\/title>\n<meta name=\"robots\" content=\"index, follow, max-snippet:-1, max-image-preview:large, max-video-preview:-1\" \/>\n<link rel=\"canonical\" href=\"https:\/\/ksproducts.ca\/fr\/product\/rightline-gear-universal-fit-truck-tailgate-portable-canopy-tent\/\" \/>\n<meta property=\"og:locale\" content=\"fr_CA\" \/>\n<meta property=\"og:type\" content=\"article\" \/>\n<meta property=\"og:title\" content=\"Rightline Gear Universal-Fit Truck Tailgate Portable Canopy Tent - Ks Products\" \/>\n<meta property=\"og:description\" content=\"The Rightline Gear Truck Tailgating Canopy provides easy shade at the game or the campground. The Canopy attaches to your truck bed and extends out from the vehicle. The sandbags attach to the Canopys poles to keep them firmly planted to the ground, even in a strong wind. Traditional E-Z Up Tents are too large for stadium parking spaces, require a long set up time, and blow around in the wind. Take your tailgating experience to the next level with the Truck Tailgating Canopy!\" \/>\n<meta property=\"og:url\" content=\"https:\/\/ksproducts.ca\/fr\/product\/rightline-gear-universal-fit-truck-tailgate-portable-canopy-tent\/\" \/>\n<meta property=\"og:site_name\" content=\"Ks Products\" \/>\n<meta property=\"og:image\" content=\"https:\/\/ksproducts.ca\/wp-content\/uploads\/2026\/02\/81nlksRC3L._AC_SL1500_.jpg\" \/>\n\t<meta property=\"og:image:width\" content=\"800\" \/>\n\t<meta property=\"og:image:height\" content=\"648\" \/>\n\t<meta property=\"og:image:type\" content=\"image\/jpeg\" \/>\n<meta name=\"twitter:card\" content=\"summary_large_image\" \/>\n<meta name=\"twitter:label1\" content=\"Estimation du temps de lecture\" \/>\n\t<meta name=\"twitter:data1\" content=\"1 minute\" \/>\n<script type=\"application\/ld+json\" class=\"yoast-schema-graph\">{\"@context\":\"https:\\\/\\\/schema.org\",\"@graph\":[{\"@type\":\"WebPage\",\"@id\":\"https:\\\/\\\/ksproducts.ca\\\/product\\\/rightline-gear-universal-fit-truck-tailgate-portable-canopy-tent\\\/\",\"url\":\"https:\\\/\\\/ksproducts.ca\\\/product\\\/rightline-gear-universal-fit-truck-tailgate-portable-canopy-tent\\\/\",\"name\":\"Rightline Gear Universal-Fit Truck Tailgate Portable Canopy Tent - Ks Products\",\"isPartOf\":{\"@id\":\"https:\\\/\\\/ksproducts.ca\\\/#website\"},\"primaryImageOfPage\":{\"@id\":\"https:\\\/\\\/ksproducts.ca\\\/product\\\/rightline-gear-universal-fit-truck-tailgate-portable-canopy-tent\\\/#primaryimage\"},\"image\":{\"@id\":\"https:\\\/\\\/ksproducts.ca\\\/product\\\/rightline-gear-universal-fit-truck-tailgate-portable-canopy-tent\\\/#primaryimage\"},\"thumbnailUrl\":\"https:\\\/\\\/ksproducts.ca\\\/wp-content\\\/uploads\\\/2026\\\/02\\\/81nlksRC3L._AC_SL1500_.jpg\",\"datePublished\":\"2026-02-13T19:42:14+00:00\",\"breadcrumb\":{\"@id\":\"https:\\\/\\\/ksproducts.ca\\\/product\\\/rightline-gear-universal-fit-truck-tailgate-portable-canopy-tent\\\/#breadcrumb\"},\"inLanguage\":\"fr-CA\",\"potentialAction\":[{\"@type\":\"ReadAction\",\"target\":[\"https:\\\/\\\/ksproducts.ca\\\/product\\\/rightline-gear-universal-fit-truck-tailgate-portable-canopy-tent\\\/\"]}]},{\"@type\":\"ImageObject\",\"inLanguage\":\"fr-CA\",\"@id\":\"https:\\\/\\\/ksproducts.ca\\\/product\\\/rightline-gear-universal-fit-truck-tailgate-portable-canopy-tent\\\/#primaryimage\",\"url\":\"https:\\\/\\\/ksproducts.ca\\\/wp-content\\\/uploads\\\/2026\\\/02\\\/81nlksRC3L._AC_SL1500_.jpg\",\"contentUrl\":\"https:\\\/\\\/ksproducts.ca\\\/wp-content\\\/uploads\\\/2026\\\/02\\\/81nlksRC3L._AC_SL1500_.jpg\",\"width\":800,\"height\":648,\"caption\":\"Rightline Gear Universal-Fit Truck Tailgate Portable Canopy Tent\"},{\"@type\":\"BreadcrumbList\",\"@id\":\"https:\\\/\\\/ksproducts.ca\\\/product\\\/rightline-gear-universal-fit-truck-tailgate-portable-canopy-tent\\\/#breadcrumb\",\"itemListElement\":[{\"@type\":\"ListItem\",\"position\":1,\"name\":\"Home\",\"item\":\"https:\\\/\\\/ksproducts.ca\\\/\"},{\"@type\":\"ListItem\",\"position\":2,\"name\":\"Shop\",\"item\":\"https:\\\/\\\/ksproducts.ca\\\/shop\\\/\"},{\"@type\":\"ListItem\",\"position\":3,\"name\":\"Rightline Gear Universal-Fit Truck Tailgate Portable Canopy Tent\"}]},{\"@type\":\"WebSite\",\"@id\":\"https:\\\/\\\/ksproducts.ca\\\/#website\",\"url\":\"https:\\\/\\\/ksproducts.ca\\\/\",\"name\":\"Ks Products\",\"description\":\"Outdoor cooking and living, made easy in Canada\",\"publisher\":{\"@id\":\"https:\\\/\\\/ksproducts.ca\\\/#organization\"},\"potentialAction\":[{\"@type\":\"SearchAction\",\"target\":{\"@type\":\"EntryPoint\",\"urlTemplate\":\"https:\\\/\\\/ksproducts.ca\\\/?s={search_term_string}\"},\"query-input\":{\"@type\":\"PropertyValueSpecification\",\"valueRequired\":true,\"valueName\":\"search_term_string\"}}],\"inLanguage\":\"fr-CA\"},{\"@type\":\"Organization\",\"@id\":\"https:\\\/\\\/ksproducts.ca\\\/#organization\",\"name\":\"Ks Products\",\"url\":\"https:\\\/\\\/ksproducts.ca\\\/\",\"logo\":{\"@type\":\"ImageObject\",\"inLanguage\":\"fr-CA\",\"@id\":\"https:\\\/\\\/ksproducts.ca\\\/#\\\/schema\\\/logo\\\/image\\\/\",\"url\":\"https:\\\/\\\/ksproducts.ca\\\/wp-content\\\/uploads\\\/2023\\\/09\\\/Kennedy-Sales-Logo-header-1.png\",\"contentUrl\":\"https:\\\/\\\/ksproducts.ca\\\/wp-content\\\/uploads\\\/2023\\\/09\\\/Kennedy-Sales-Logo-header-1.png\",\"width\":150,\"height\":77,\"caption\":\"Ks Products\"},\"image\":{\"@id\":\"https:\\\/\\\/ksproducts.ca\\\/#\\\/schema\\\/logo\\\/image\\\/\"}}]}<\/script>\n<!-- \/ Yoast SEO plugin. -->","yoast_head_json":{"title":"Rightline Gear Universal-Fit Truck Tailgate Portable Canopy Tent - Ks Products","robots":{"index":"index","follow":"follow","max-snippet":"max-snippet:-1","max-image-preview":"max-image-preview:large","max-video-preview":"max-video-preview:-1"},"canonical":"https:\/\/ksproducts.ca\/fr\/product\/rightline-gear-universal-fit-truck-tailgate-portable-canopy-tent\/","og_locale":"fr_CA","og_type":"article","og_title":"Rightline Gear Universal-Fit Truck Tailgate Portable Canopy Tent - Ks Products","og_description":"The Rightline Gear Truck Tailgating Canopy provides easy shade at the game or the campground. The Canopy attaches to your truck bed and extends out from the vehicle. The sandbags attach to the Canopys poles to keep them firmly planted to the ground, even in a strong wind. Traditional E-Z Up Tents are too large for stadium parking spaces, require a long set up time, and blow around in the wind. Take your tailgating experience to the next level with the Truck Tailgating Canopy!","og_url":"https:\/\/ksproducts.ca\/fr\/product\/rightline-gear-universal-fit-truck-tailgate-portable-canopy-tent\/","og_site_name":"Ks Products","og_image":[{"width":800,"height":648,"url":"https:\/\/ksproducts.ca\/wp-content\/uploads\/2026\/02\/81nlksRC3L._AC_SL1500_.jpg","type":"image\/jpeg"}],"twitter_card":"summary_large_image","twitter_misc":{"Estimation du temps de lecture":"1 minute"},"schema":{"@context":"https:\/\/schema.org","@graph":[{"@type":"WebPage","@id":"https:\/\/ksproducts.ca\/product\/rightline-gear-universal-fit-truck-tailgate-portable-canopy-tent\/","url":"https:\/\/ksproducts.ca\/product\/rightline-gear-universal-fit-truck-tailgate-portable-canopy-tent\/","name":"Rightline Gear Universal-Fit Truck Tailgate Portable Canopy Tent - Ks Products","isPartOf":{"@id":"https:\/\/ksproducts.ca\/#website"},"primaryImageOfPage":{"@id":"https:\/\/ksproducts.ca\/product\/rightline-gear-universal-fit-truck-tailgate-portable-canopy-tent\/#primaryimage"},"image":{"@id":"https:\/\/ksproducts.ca\/product\/rightline-gear-universal-fit-truck-tailgate-portable-canopy-tent\/#primaryimage"},"thumbnailUrl":"https:\/\/ksproducts.ca\/wp-content\/uploads\/2026\/02\/81nlksRC3L._AC_SL1500_.jpg","datePublished":"2026-02-13T19:42:14+00:00","breadcrumb":{"@id":"https:\/\/ksproducts.ca\/product\/rightline-gear-universal-fit-truck-tailgate-portable-canopy-tent\/#breadcrumb"},"inLanguage":"fr-CA","potentialAction":[{"@type":"ReadAction","target":["https:\/\/ksproducts.ca\/product\/rightline-gear-universal-fit-truck-tailgate-portable-canopy-tent\/"]}]},{"@type":"ImageObject","inLanguage":"fr-CA","@id":"https:\/\/ksproducts.ca\/product\/rightline-gear-universal-fit-truck-tailgate-portable-canopy-tent\/#primaryimage","url":"https:\/\/ksproducts.ca\/wp-content\/uploads\/2026\/02\/81nlksRC3L._AC_SL1500_.jpg","contentUrl":"https:\/\/ksproducts.ca\/wp-content\/uploads\/2026\/02\/81nlksRC3L._AC_SL1500_.jpg","width":800,"height":648,"caption":"Rightline Gear Universal-Fit Truck Tailgate Portable Canopy Tent"},{"@type":"BreadcrumbList","@id":"https:\/\/ksproducts.ca\/product\/rightline-gear-universal-fit-truck-tailgate-portable-canopy-tent\/#breadcrumb","itemListElement":[{"@type":"ListItem","position":1,"name":"Home","item":"https:\/\/ksproducts.ca\/"},{"@type":"ListItem","position":2,"name":"Shop","item":"https:\/\/ksproducts.ca\/shop\/"},{"@type":"ListItem","position":3,"name":"Rightline Gear Universal-Fit Truck Tailgate Portable Canopy Tent"}]},{"@type":"WebSite","@id":"https:\/\/ksproducts.ca\/#website","url":"https:\/\/ksproducts.ca\/","name":"Produits Ks","description":"Cuisiner et vivre en plein air, c'est facile au Canada","publisher":{"@id":"https:\/\/ksproducts.ca\/#organization"},"potentialAction":[{"@type":"SearchAction","target":{"@type":"EntryPoint","urlTemplate":"https:\/\/ksproducts.ca\/?s={search_term_string}"},"query-input":{"@type":"PropertyValueSpecification","valueRequired":true,"valueName":"search_term_string"}}],"inLanguage":"fr-CA"},{"@type":"Organization","@id":"https:\/\/ksproducts.ca\/#organization","name":"Produits Ks","url":"https:\/\/ksproducts.ca\/","logo":{"@type":"ImageObject","inLanguage":"fr-CA","@id":"https:\/\/ksproducts.ca\/#\/schema\/logo\/image\/","url":"https:\/\/ksproducts.ca\/wp-content\/uploads\/2023\/09\/Kennedy-Sales-Logo-header-1.png","contentUrl":"https:\/\/ksproducts.ca\/wp-content\/uploads\/2023\/09\/Kennedy-Sales-Logo-header-1.png","width":150,"height":77,"caption":"Ks Products"},"image":{"@id":"https:\/\/ksproducts.ca\/#\/schema\/logo\/image\/"}}]}},"_links":{"self":[{"href":"https:\/\/ksproducts.ca\/fr\/wp-json\/wp\/v2\/product\/11243","targetHints":{"allow":["GET"]}}],"collection":[{"href":"https:\/\/ksproducts.ca\/fr\/wp-json\/wp\/v2\/product"}],"about":[{"href":"https:\/\/ksproducts.ca\/fr\/wp-json\/wp\/v2\/types\/product"}],"replies":[{"embeddable":true,"href":"https:\/\/ksproducts.ca\/fr\/wp-json\/wp\/v2\/comments?post=11243"}],"version-history":[{"count":1,"href":"https:\/\/ksproducts.ca\/fr\/wp-json\/wp\/v2\/product\/11243\/revisions"}],"predecessor-version":[{"id":11250,"href":"https:\/\/ksproducts.ca\/fr\/wp-json\/wp\/v2\/product\/11243\/revisions\/11250"}],"wp:featuredmedia":[{"embeddable":true,"href":"https:\/\/ksproducts.ca\/fr\/wp-json\/wp\/v2\/media\/11244"}],"wp:attachment":[{"href":"https:\/\/ksproducts.ca\/fr\/wp-json\/wp\/v2\/media?parent=11243"}],"wp:term":[{"taxonomy":"product_cat","embeddable":true,"href":"https:\/\/ksproducts.ca\/fr\/wp-json\/wp\/v2\/product_cat?post=11243"},{"taxonomy":"product_tag","embeddable":true,"href":"https:\/\/ksproducts.ca\/fr\/wp-json\/wp\/v2\/product_tag?post=11243"}],"curies":[{"name":"wp","href":"https:\/\/api.w.org\/{rel}","templated":true}]}}