{"id":11256,"date":"2026-02-13T19:56:59","date_gmt":"2026-02-13T19:56:59","guid":{"rendered":"https:\/\/ksproducts.ca\/?post_type=product&#038;p=11256"},"modified":"2026-03-02T19:28:16","modified_gmt":"2026-03-02T19:28:16","slug":"porte-bagages-de-toit-rightline-gear-jr-etanche-10-pi%c2%b3","status":"publish","type":"product","link":"https:\/\/ksproducts.ca\/fr\/product\/rightline-gear-range-jr-weatherproof-car-top-carrier-10cu-ft\/","title":{"rendered":"Rightline Gear Range Jr Car Top Carrier r\u00e9sistant aux intemp\u00e9ries - 10cu ft"},"content":{"rendered":"<ul>\n<li>Con\u00e7u pour s'adapter \u00e0 toutes les tailles de v\u00e9hicules, avec ou sans galerie de toit<\/li>\n<li>R\u00e9sistant aux intemp\u00e9ries gr\u00e2ce \u00e0 des coutures soud\u00e9es, une fermeture \u00e0 glissi\u00e8re recouverte d'ur\u00e9thane et un rabat \u00e0 fermeture auto-agrippante.<\/li>\n<li>Comprend : une cage de transport, 4 sangles d'attache, 4 clips pour voiture et un sac de rangement avec un guide d'installation cousu.<\/li>\n<\/ul>","protected":false},"excerpt":{"rendered":"<p>Attachez les sangles du porte-bagages Range Jr \u00e0 la galerie de toit d'un v\u00e9hicule ou utilisez les clips de voiture pour attacher les sangles \u00e0 la moulure d'\u00e9tanch\u00e9it\u00e9 du cadre de porte d'un v\u00e9hicule. Le porte-bagages est fabriqu\u00e9 \u00e0 partir d'un filet XT en PVC semi-couch\u00e9 prot\u00e9g\u00e9 contre les UV pour une durabilit\u00e9 maximale. Utilisez le porte-bagages lors de vos prochaines vacances en famille, de vos exp\u00e9ditions dans l'arri\u00e8re-pays, de vos vir\u00e9es shopping, etc.<\/p>","protected":false},"featured_media":11258,"comment_status":"open","ping_status":"closed","template":"","meta":[],"product_cat":[430,431],"product_tag":[],"class_list":{"0":"post-11256","1":"product","2":"type-product","3":"status-publish","4":"has-post-thumbnail","6":"product_brand-rightline-gear","7":"product_cat-automotive-gear","8":"product_cat-camping-rv-essentials","9":"product_shipping_class-class-3","11":"first","12":"outofstock","13":"taxable","14":"shipping-taxable","15":"purchasable","16":"product-type-simple"},"yoast_head":"<!-- This site is optimized with the Yoast SEO plugin v27.3 - https:\/\/yoast.com\/product\/yoast-seo-wordpress\/ -->\n<title>Rightline Gear Range Jr Weatherproof Car Top Carrier - 10cu ft - Ks Products<\/title>\n<meta name=\"robots\" content=\"index, follow, max-snippet:-1, max-image-preview:large, max-video-preview:-1\" \/>\n<link rel=\"canonical\" href=\"https:\/\/ksproducts.ca\/fr\/product\/porte-bagages-de-toit-rightline-gear-jr-etanche-10-pi\u00b3\/\" \/>\n<meta property=\"og:locale\" content=\"fr_CA\" \/>\n<meta property=\"og:type\" content=\"article\" \/>\n<meta property=\"og:title\" content=\"Rightline Gear Range Jr Weatherproof Car Top Carrier - 10cu ft - Ks Products\" \/>\n<meta property=\"og:description\" content=\"Attach the Range Jr carrier&#039;s straps to a vehicle\u2019s roof rack or use the car clips to attach the straps to a vehicle&#039;s door frame weather moulding. The carrier is made from UV protected PVC semi-coated mesh XT for maximum durability. Use the carrier on your next family vacation, backwoods expedition, shopping spree, and more.\" \/>\n<meta property=\"og:url\" content=\"https:\/\/ksproducts.ca\/fr\/product\/porte-bagages-de-toit-rightline-gear-jr-etanche-10-pi\u00b3\/\" \/>\n<meta property=\"og:site_name\" content=\"Ks Products\" \/>\n<meta property=\"article:modified_time\" content=\"2026-03-02T19:28:16+00:00\" \/>\n<meta property=\"og:image\" content=\"https:\/\/ksproducts.ca\/wp-content\/uploads\/2026\/02\/81i9-J4hxsL._AC_SX425_.jpg\" \/>\n\t<meta property=\"og:image:width\" content=\"425\" \/>\n\t<meta property=\"og:image:height\" content=\"328\" \/>\n\t<meta property=\"og:image:type\" content=\"image\/jpeg\" \/>\n<meta name=\"twitter:card\" content=\"summary_large_image\" \/>\n<meta name=\"twitter:label1\" content=\"Estimation du temps de lecture\" \/>\n\t<meta name=\"twitter:data1\" content=\"1 minute\" \/>\n<script type=\"application\/ld+json\" class=\"yoast-schema-graph\">{\"@context\":\"https:\\\/\\\/schema.org\",\"@graph\":[{\"@type\":\"WebPage\",\"@id\":\"https:\\\/\\\/ksproducts.ca\\\/product\\\/rightline-gear-range-jr-weatherproof-car-top-carrier-10cu-ft\\\/\",\"url\":\"https:\\\/\\\/ksproducts.ca\\\/product\\\/rightline-gear-range-jr-weatherproof-car-top-carrier-10cu-ft\\\/\",\"name\":\"Rightline Gear Range Jr Weatherproof Car Top Carrier - 10cu ft - Ks Products\",\"isPartOf\":{\"@id\":\"https:\\\/\\\/ksproducts.ca\\\/#website\"},\"primaryImageOfPage\":{\"@id\":\"https:\\\/\\\/ksproducts.ca\\\/product\\\/rightline-gear-range-jr-weatherproof-car-top-carrier-10cu-ft\\\/#primaryimage\"},\"image\":{\"@id\":\"https:\\\/\\\/ksproducts.ca\\\/product\\\/rightline-gear-range-jr-weatherproof-car-top-carrier-10cu-ft\\\/#primaryimage\"},\"thumbnailUrl\":\"https:\\\/\\\/ksproducts.ca\\\/wp-content\\\/uploads\\\/2026\\\/02\\\/81i9-J4hxsL._AC_SX425_.jpg\",\"datePublished\":\"2026-02-13T19:56:59+00:00\",\"dateModified\":\"2026-03-02T19:28:16+00:00\",\"breadcrumb\":{\"@id\":\"https:\\\/\\\/ksproducts.ca\\\/product\\\/rightline-gear-range-jr-weatherproof-car-top-carrier-10cu-ft\\\/#breadcrumb\"},\"inLanguage\":\"fr-CA\",\"potentialAction\":[{\"@type\":\"ReadAction\",\"target\":[\"https:\\\/\\\/ksproducts.ca\\\/product\\\/rightline-gear-range-jr-weatherproof-car-top-carrier-10cu-ft\\\/\"]}]},{\"@type\":\"ImageObject\",\"inLanguage\":\"fr-CA\",\"@id\":\"https:\\\/\\\/ksproducts.ca\\\/product\\\/rightline-gear-range-jr-weatherproof-car-top-carrier-10cu-ft\\\/#primaryimage\",\"url\":\"https:\\\/\\\/ksproducts.ca\\\/wp-content\\\/uploads\\\/2026\\\/02\\\/81i9-J4hxsL._AC_SX425_.jpg\",\"contentUrl\":\"https:\\\/\\\/ksproducts.ca\\\/wp-content\\\/uploads\\\/2026\\\/02\\\/81i9-J4hxsL._AC_SX425_.jpg\",\"width\":425,\"height\":328,\"caption\":\"Rightline Gear Range Jr Weatherproof Car Top Carrier - 10cu ft\"},{\"@type\":\"BreadcrumbList\",\"@id\":\"https:\\\/\\\/ksproducts.ca\\\/product\\\/rightline-gear-range-jr-weatherproof-car-top-carrier-10cu-ft\\\/#breadcrumb\",\"itemListElement\":[{\"@type\":\"ListItem\",\"position\":1,\"name\":\"Home\",\"item\":\"https:\\\/\\\/ksproducts.ca\\\/\"},{\"@type\":\"ListItem\",\"position\":2,\"name\":\"Shop\",\"item\":\"https:\\\/\\\/ksproducts.ca\\\/shop\\\/\"},{\"@type\":\"ListItem\",\"position\":3,\"name\":\"Rightline Gear Range Jr Weatherproof Car Top Carrier &#8211; 10cu ft\"}]},{\"@type\":\"WebSite\",\"@id\":\"https:\\\/\\\/ksproducts.ca\\\/#website\",\"url\":\"https:\\\/\\\/ksproducts.ca\\\/\",\"name\":\"Ks Products\",\"description\":\"Outdoor cooking and living, made easy in Canada\",\"publisher\":{\"@id\":\"https:\\\/\\\/ksproducts.ca\\\/#organization\"},\"potentialAction\":[{\"@type\":\"SearchAction\",\"target\":{\"@type\":\"EntryPoint\",\"urlTemplate\":\"https:\\\/\\\/ksproducts.ca\\\/?s={search_term_string}\"},\"query-input\":{\"@type\":\"PropertyValueSpecification\",\"valueRequired\":true,\"valueName\":\"search_term_string\"}}],\"inLanguage\":\"fr-CA\"},{\"@type\":\"Organization\",\"@id\":\"https:\\\/\\\/ksproducts.ca\\\/#organization\",\"name\":\"Ks Products\",\"url\":\"https:\\\/\\\/ksproducts.ca\\\/\",\"logo\":{\"@type\":\"ImageObject\",\"inLanguage\":\"fr-CA\",\"@id\":\"https:\\\/\\\/ksproducts.ca\\\/#\\\/schema\\\/logo\\\/image\\\/\",\"url\":\"https:\\\/\\\/ksproducts.ca\\\/wp-content\\\/uploads\\\/2023\\\/09\\\/Kennedy-Sales-Logo-header-1.png\",\"contentUrl\":\"https:\\\/\\\/ksproducts.ca\\\/wp-content\\\/uploads\\\/2023\\\/09\\\/Kennedy-Sales-Logo-header-1.png\",\"width\":150,\"height\":77,\"caption\":\"Ks Products\"},\"image\":{\"@id\":\"https:\\\/\\\/ksproducts.ca\\\/#\\\/schema\\\/logo\\\/image\\\/\"}}]}<\/script>\n<!-- \/ Yoast SEO plugin. -->","yoast_head_json":{"title":"Rightline Gear Range Jr Porte-bagages \u00e9tanche pour toit de voiture - 10 pieds cubes - Produits Ks","robots":{"index":"index","follow":"follow","max-snippet":"max-snippet:-1","max-image-preview":"max-image-preview:large","max-video-preview":"max-video-preview:-1"},"canonical":"https:\/\/ksproducts.ca\/fr\/product\/porte-bagages-de-toit-rightline-gear-jr-etanche-10-pi\u00b3\/","og_locale":"fr_CA","og_type":"article","og_title":"Rightline Gear Range Jr Weatherproof Car Top Carrier - 10cu ft - Ks Products","og_description":"Attach the Range Jr carrier's straps to a vehicle\u2019s roof rack or use the car clips to attach the straps to a vehicle's door frame weather moulding. The carrier is made from UV protected PVC semi-coated mesh XT for maximum durability. Use the carrier on your next family vacation, backwoods expedition, shopping spree, and more.","og_url":"https:\/\/ksproducts.ca\/fr\/product\/porte-bagages-de-toit-rightline-gear-jr-etanche-10-pi\u00b3\/","og_site_name":"Ks Products","article_modified_time":"2026-03-02T19:28:16+00:00","og_image":[{"width":425,"height":328,"url":"https:\/\/ksproducts.ca\/wp-content\/uploads\/2026\/02\/81i9-J4hxsL._AC_SX425_.jpg","type":"image\/jpeg"}],"twitter_card":"summary_large_image","twitter_misc":{"Estimation du temps de lecture":"1 minute"},"schema":{"@context":"https:\/\/schema.org","@graph":[{"@type":"WebPage","@id":"https:\/\/ksproducts.ca\/product\/rightline-gear-range-jr-weatherproof-car-top-carrier-10cu-ft\/","url":"https:\/\/ksproducts.ca\/product\/rightline-gear-range-jr-weatherproof-car-top-carrier-10cu-ft\/","name":"Rightline Gear Range Jr Porte-bagages \u00e9tanche pour toit de voiture - 10 pieds cubes - Produits Ks","isPartOf":{"@id":"https:\/\/ksproducts.ca\/#website"},"primaryImageOfPage":{"@id":"https:\/\/ksproducts.ca\/product\/rightline-gear-range-jr-weatherproof-car-top-carrier-10cu-ft\/#primaryimage"},"image":{"@id":"https:\/\/ksproducts.ca\/product\/rightline-gear-range-jr-weatherproof-car-top-carrier-10cu-ft\/#primaryimage"},"thumbnailUrl":"https:\/\/ksproducts.ca\/wp-content\/uploads\/2026\/02\/81i9-J4hxsL._AC_SX425_.jpg","datePublished":"2026-02-13T19:56:59+00:00","dateModified":"2026-03-02T19:28:16+00:00","breadcrumb":{"@id":"https:\/\/ksproducts.ca\/product\/rightline-gear-range-jr-weatherproof-car-top-carrier-10cu-ft\/#breadcrumb"},"inLanguage":"fr-CA","potentialAction":[{"@type":"ReadAction","target":["https:\/\/ksproducts.ca\/product\/rightline-gear-range-jr-weatherproof-car-top-carrier-10cu-ft\/"]}]},{"@type":"ImageObject","inLanguage":"fr-CA","@id":"https:\/\/ksproducts.ca\/product\/rightline-gear-range-jr-weatherproof-car-top-carrier-10cu-ft\/#primaryimage","url":"https:\/\/ksproducts.ca\/wp-content\/uploads\/2026\/02\/81i9-J4hxsL._AC_SX425_.jpg","contentUrl":"https:\/\/ksproducts.ca\/wp-content\/uploads\/2026\/02\/81i9-J4hxsL._AC_SX425_.jpg","width":425,"height":328,"caption":"Rightline Gear Range Jr Weatherproof Car Top Carrier - 10cu ft"},{"@type":"BreadcrumbList","@id":"https:\/\/ksproducts.ca\/product\/rightline-gear-range-jr-weatherproof-car-top-carrier-10cu-ft\/#breadcrumb","itemListElement":[{"@type":"ListItem","position":1,"name":"Home","item":"https:\/\/ksproducts.ca\/"},{"@type":"ListItem","position":2,"name":"Shop","item":"https:\/\/ksproducts.ca\/shop\/"},{"@type":"ListItem","position":3,"name":"Rightline Gear Range Jr Weatherproof Car Top Carrier &#8211; 10cu ft"}]},{"@type":"WebSite","@id":"https:\/\/ksproducts.ca\/#website","url":"https:\/\/ksproducts.ca\/","name":"Produits Ks","description":"Cuisiner et vivre en plein air, c'est facile au Canada","publisher":{"@id":"https:\/\/ksproducts.ca\/#organization"},"potentialAction":[{"@type":"SearchAction","target":{"@type":"EntryPoint","urlTemplate":"https:\/\/ksproducts.ca\/?s={search_term_string}"},"query-input":{"@type":"PropertyValueSpecification","valueRequired":true,"valueName":"search_term_string"}}],"inLanguage":"fr-CA"},{"@type":"Organization","@id":"https:\/\/ksproducts.ca\/#organization","name":"Produits Ks","url":"https:\/\/ksproducts.ca\/","logo":{"@type":"ImageObject","inLanguage":"fr-CA","@id":"https:\/\/ksproducts.ca\/#\/schema\/logo\/image\/","url":"https:\/\/ksproducts.ca\/wp-content\/uploads\/2023\/09\/Kennedy-Sales-Logo-header-1.png","contentUrl":"https:\/\/ksproducts.ca\/wp-content\/uploads\/2023\/09\/Kennedy-Sales-Logo-header-1.png","width":150,"height":77,"caption":"Ks Products"},"image":{"@id":"https:\/\/ksproducts.ca\/#\/schema\/logo\/image\/"}}]}},"_links":{"self":[{"href":"https:\/\/ksproducts.ca\/fr\/wp-json\/wp\/v2\/product\/11256","targetHints":{"allow":["GET"]}}],"collection":[{"href":"https:\/\/ksproducts.ca\/fr\/wp-json\/wp\/v2\/product"}],"about":[{"href":"https:\/\/ksproducts.ca\/fr\/wp-json\/wp\/v2\/types\/product"}],"replies":[{"embeddable":true,"href":"https:\/\/ksproducts.ca\/fr\/wp-json\/wp\/v2\/comments?post=11256"}],"version-history":[{"count":1,"href":"https:\/\/ksproducts.ca\/fr\/wp-json\/wp\/v2\/product\/11256\/revisions"}],"predecessor-version":[{"id":11259,"href":"https:\/\/ksproducts.ca\/fr\/wp-json\/wp\/v2\/product\/11256\/revisions\/11259"}],"wp:featuredmedia":[{"embeddable":true,"href":"https:\/\/ksproducts.ca\/fr\/wp-json\/wp\/v2\/media\/11258"}],"wp:attachment":[{"href":"https:\/\/ksproducts.ca\/fr\/wp-json\/wp\/v2\/media?parent=11256"}],"wp:term":[{"taxonomy":"product_cat","embeddable":true,"href":"https:\/\/ksproducts.ca\/fr\/wp-json\/wp\/v2\/product_cat?post=11256"},{"taxonomy":"product_tag","embeddable":true,"href":"https:\/\/ksproducts.ca\/fr\/wp-json\/wp\/v2\/product_tag?post=11256"}],"curies":[{"name":"wp","href":"https:\/\/api.w.org\/{rel}","templated":true}]}}