{"id":11268,"date":"2026-03-03T16:49:03","date_gmt":"2026-03-03T16:49:03","guid":{"rendered":"https:\/\/ksproducts.ca\/?post_type=product&#038;p=11268"},"modified":"2026-03-03T16:49:03","modified_gmt":"2026-03-03T16:49:03","slug":"blaster-metal-rescue-rust-remover-gel-500g","status":"publish","type":"product","link":"https:\/\/ksproducts.ca\/fr\/product\/blaster-metal-rescue-rust-remover-gel-500g\/","title":{"rendered":"B'laster Metal Rescue Rust Remover Gel - 500g"},"content":{"rendered":"<ul>\n<li>\u00c9liminer les taches de rouille sur le fer et l'acier<\/li>\n<li>Formule non toxique \u00e0 base d'eau<\/li>\n<li>Pas de nettoyage n\u00e9cessaire<\/li>\n<li>Application facile<\/li>\n<li>Id\u00e9al pour les voitures et les surfaces verticales<\/li>\n<\/ul>","protected":false},"excerpt":{"rendered":"<p>Le gel d\u00e9rouillant B'laster Metal Rescue est un moyen propre, s\u00fbr et facile d'\u00e9liminer la rouille sur place. Contrairement \u00e0 d'autres d\u00e9rouilleurs en gel, Metal Rescue Gel est non toxique et ne contient pas d'acides, d'alcalis ou de solvants nocifs ou corrosifs. Le gel adh\u00e8re au m\u00e9tal gr\u00e2ce \u00e0 sa formule hautement adh\u00e9sive, ce qui permet une application simple et contr\u00f4l\u00e9e.<\/p>","protected":false},"featured_media":11270,"comment_status":"open","ping_status":"closed","template":"","meta":[],"product_cat":[430],"product_tag":[],"class_list":{"0":"post-11268","1":"product","2":"type-product","3":"status-publish","4":"has-post-thumbnail","6":"product_cat-automotive-gear","7":"product_shipping_class-class-1","9":"first","10":"instock","11":"taxable","12":"shipping-taxable","13":"purchasable","14":"product-type-simple"},"yoast_head":"<!-- This site is optimized with the Yoast SEO plugin v27.4 - https:\/\/yoast.com\/product\/yoast-seo-wordpress\/ -->\n<title>B&#039;laster Metal Rescue Rust Remover Gel - 500g - Ks Products<\/title>\n<meta name=\"robots\" content=\"index, follow, max-snippet:-1, max-image-preview:large, max-video-preview:-1\" \/>\n<link rel=\"canonical\" href=\"https:\/\/ksproducts.ca\/fr\/product\/blaster-metal-rescue-rust-remover-gel-500g\/\" \/>\n<meta property=\"og:locale\" content=\"fr_CA\" \/>\n<meta property=\"og:type\" content=\"article\" \/>\n<meta property=\"og:title\" content=\"B&#039;laster Metal Rescue Rust Remover Gel - 500g - Ks Products\" \/>\n<meta property=\"og:description\" content=\"B\u2019laster Metal Rescue Rust Remover Gel is a clean, safe and easy way to remove on-the-spot rust. Unlike other gel-based rust removers, Metal Rescue Gel is non-toxic and contains no harmful or corrosive acids, alkalis or solvents. The gel clings to metal with its highly-adhesive formula, allowing for simple and controlled application.\" \/>\n<meta property=\"og:url\" content=\"https:\/\/ksproducts.ca\/fr\/product\/blaster-metal-rescue-rust-remover-gel-500g\/\" \/>\n<meta property=\"og:site_name\" content=\"Ks Products\" \/>\n<meta property=\"og:image\" content=\"https:\/\/ksproducts.ca\/wp-content\/uploads\/2026\/03\/17-MRG-CND_main.png\" \/>\n\t<meta property=\"og:image:width\" content=\"440\" \/>\n\t<meta property=\"og:image:height\" content=\"440\" \/>\n\t<meta property=\"og:image:type\" content=\"image\/png\" \/>\n<meta name=\"twitter:card\" content=\"summary_large_image\" \/>\n<meta name=\"twitter:label1\" content=\"Estimation du temps de lecture\" \/>\n\t<meta name=\"twitter:data1\" content=\"1 minute\" \/>\n<script type=\"application\/ld+json\" class=\"yoast-schema-graph\">{\"@context\":\"https:\\\/\\\/schema.org\",\"@graph\":[{\"@type\":\"WebPage\",\"@id\":\"https:\\\/\\\/ksproducts.ca\\\/product\\\/blaster-metal-rescue-rust-remover-gel-500g\\\/\",\"url\":\"https:\\\/\\\/ksproducts.ca\\\/product\\\/blaster-metal-rescue-rust-remover-gel-500g\\\/\",\"name\":\"B'laster Metal Rescue Rust Remover Gel - 500g - Ks Products\",\"isPartOf\":{\"@id\":\"https:\\\/\\\/ksproducts.ca\\\/#website\"},\"primaryImageOfPage\":{\"@id\":\"https:\\\/\\\/ksproducts.ca\\\/product\\\/blaster-metal-rescue-rust-remover-gel-500g\\\/#primaryimage\"},\"image\":{\"@id\":\"https:\\\/\\\/ksproducts.ca\\\/product\\\/blaster-metal-rescue-rust-remover-gel-500g\\\/#primaryimage\"},\"thumbnailUrl\":\"https:\\\/\\\/ksproducts.ca\\\/wp-content\\\/uploads\\\/2026\\\/03\\\/17-MRG-CND_main.png\",\"datePublished\":\"2026-03-03T16:49:03+00:00\",\"breadcrumb\":{\"@id\":\"https:\\\/\\\/ksproducts.ca\\\/product\\\/blaster-metal-rescue-rust-remover-gel-500g\\\/#breadcrumb\"},\"inLanguage\":\"fr-CA\",\"potentialAction\":[{\"@type\":\"ReadAction\",\"target\":[\"https:\\\/\\\/ksproducts.ca\\\/product\\\/blaster-metal-rescue-rust-remover-gel-500g\\\/\"]}]},{\"@type\":\"ImageObject\",\"inLanguage\":\"fr-CA\",\"@id\":\"https:\\\/\\\/ksproducts.ca\\\/product\\\/blaster-metal-rescue-rust-remover-gel-500g\\\/#primaryimage\",\"url\":\"https:\\\/\\\/ksproducts.ca\\\/wp-content\\\/uploads\\\/2026\\\/03\\\/17-MRG-CND_main.png\",\"contentUrl\":\"https:\\\/\\\/ksproducts.ca\\\/wp-content\\\/uploads\\\/2026\\\/03\\\/17-MRG-CND_main.png\",\"width\":440,\"height\":440,\"caption\":\"B'laster Metal Rescue Rust Remover Gel - 500g\"},{\"@type\":\"BreadcrumbList\",\"@id\":\"https:\\\/\\\/ksproducts.ca\\\/product\\\/blaster-metal-rescue-rust-remover-gel-500g\\\/#breadcrumb\",\"itemListElement\":[{\"@type\":\"ListItem\",\"position\":1,\"name\":\"Home\",\"item\":\"https:\\\/\\\/ksproducts.ca\\\/\"},{\"@type\":\"ListItem\",\"position\":2,\"name\":\"Shop\",\"item\":\"https:\\\/\\\/ksproducts.ca\\\/shop\\\/\"},{\"@type\":\"ListItem\",\"position\":3,\"name\":\"B&#8217;laster Metal Rescue Rust Remover Gel &#8211; 500g\"}]},{\"@type\":\"WebSite\",\"@id\":\"https:\\\/\\\/ksproducts.ca\\\/#website\",\"url\":\"https:\\\/\\\/ksproducts.ca\\\/\",\"name\":\"Ks Products\",\"description\":\"Outdoor cooking and living, made easy in Canada\",\"publisher\":{\"@id\":\"https:\\\/\\\/ksproducts.ca\\\/#organization\"},\"potentialAction\":[{\"@type\":\"SearchAction\",\"target\":{\"@type\":\"EntryPoint\",\"urlTemplate\":\"https:\\\/\\\/ksproducts.ca\\\/?s={search_term_string}\"},\"query-input\":{\"@type\":\"PropertyValueSpecification\",\"valueRequired\":true,\"valueName\":\"search_term_string\"}}],\"inLanguage\":\"fr-CA\"},{\"@type\":\"Organization\",\"@id\":\"https:\\\/\\\/ksproducts.ca\\\/#organization\",\"name\":\"Ks Products\",\"url\":\"https:\\\/\\\/ksproducts.ca\\\/\",\"logo\":{\"@type\":\"ImageObject\",\"inLanguage\":\"fr-CA\",\"@id\":\"https:\\\/\\\/ksproducts.ca\\\/#\\\/schema\\\/logo\\\/image\\\/\",\"url\":\"https:\\\/\\\/ksproducts.ca\\\/wp-content\\\/uploads\\\/2023\\\/09\\\/Kennedy-Sales-Logo-header-1.png\",\"contentUrl\":\"https:\\\/\\\/ksproducts.ca\\\/wp-content\\\/uploads\\\/2023\\\/09\\\/Kennedy-Sales-Logo-header-1.png\",\"width\":150,\"height\":77,\"caption\":\"Ks Products\"},\"image\":{\"@id\":\"https:\\\/\\\/ksproducts.ca\\\/#\\\/schema\\\/logo\\\/image\\\/\"}}]}<\/script>\n<!-- \/ Yoast SEO plugin. -->","yoast_head_json":{"title":"B'laster Metal Rescue Rust Remover Gel - 500g - Ks Products","robots":{"index":"index","follow":"follow","max-snippet":"max-snippet:-1","max-image-preview":"max-image-preview:large","max-video-preview":"max-video-preview:-1"},"canonical":"https:\/\/ksproducts.ca\/fr\/product\/blaster-metal-rescue-rust-remover-gel-500g\/","og_locale":"fr_CA","og_type":"article","og_title":"B'laster Metal Rescue Rust Remover Gel - 500g - Ks Products","og_description":"B\u2019laster Metal Rescue Rust Remover Gel is a clean, safe and easy way to remove on-the-spot rust. Unlike other gel-based rust removers, Metal Rescue Gel is non-toxic and contains no harmful or corrosive acids, alkalis or solvents. The gel clings to metal with its highly-adhesive formula, allowing for simple and controlled application.","og_url":"https:\/\/ksproducts.ca\/fr\/product\/blaster-metal-rescue-rust-remover-gel-500g\/","og_site_name":"Ks Products","og_image":[{"width":440,"height":440,"url":"https:\/\/ksproducts.ca\/wp-content\/uploads\/2026\/03\/17-MRG-CND_main.png","type":"image\/png"}],"twitter_card":"summary_large_image","twitter_misc":{"Estimation du temps de lecture":"1 minute"},"schema":{"@context":"https:\/\/schema.org","@graph":[{"@type":"WebPage","@id":"https:\/\/ksproducts.ca\/product\/blaster-metal-rescue-rust-remover-gel-500g\/","url":"https:\/\/ksproducts.ca\/product\/blaster-metal-rescue-rust-remover-gel-500g\/","name":"B'laster Metal Rescue Rust Remover Gel - 500g - Ks Products","isPartOf":{"@id":"https:\/\/ksproducts.ca\/#website"},"primaryImageOfPage":{"@id":"https:\/\/ksproducts.ca\/product\/blaster-metal-rescue-rust-remover-gel-500g\/#primaryimage"},"image":{"@id":"https:\/\/ksproducts.ca\/product\/blaster-metal-rescue-rust-remover-gel-500g\/#primaryimage"},"thumbnailUrl":"https:\/\/ksproducts.ca\/wp-content\/uploads\/2026\/03\/17-MRG-CND_main.png","datePublished":"2026-03-03T16:49:03+00:00","breadcrumb":{"@id":"https:\/\/ksproducts.ca\/product\/blaster-metal-rescue-rust-remover-gel-500g\/#breadcrumb"},"inLanguage":"fr-CA","potentialAction":[{"@type":"ReadAction","target":["https:\/\/ksproducts.ca\/product\/blaster-metal-rescue-rust-remover-gel-500g\/"]}]},{"@type":"ImageObject","inLanguage":"fr-CA","@id":"https:\/\/ksproducts.ca\/product\/blaster-metal-rescue-rust-remover-gel-500g\/#primaryimage","url":"https:\/\/ksproducts.ca\/wp-content\/uploads\/2026\/03\/17-MRG-CND_main.png","contentUrl":"https:\/\/ksproducts.ca\/wp-content\/uploads\/2026\/03\/17-MRG-CND_main.png","width":440,"height":440,"caption":"B'laster Metal Rescue Rust Remover Gel - 500g"},{"@type":"BreadcrumbList","@id":"https:\/\/ksproducts.ca\/product\/blaster-metal-rescue-rust-remover-gel-500g\/#breadcrumb","itemListElement":[{"@type":"ListItem","position":1,"name":"Home","item":"https:\/\/ksproducts.ca\/"},{"@type":"ListItem","position":2,"name":"Shop","item":"https:\/\/ksproducts.ca\/shop\/"},{"@type":"ListItem","position":3,"name":"B&#8217;laster Metal Rescue Rust Remover Gel &#8211; 500g"}]},{"@type":"WebSite","@id":"https:\/\/ksproducts.ca\/#website","url":"https:\/\/ksproducts.ca\/","name":"Produits Ks","description":"Cuisiner et vivre en plein air, c'est facile au Canada","publisher":{"@id":"https:\/\/ksproducts.ca\/#organization"},"potentialAction":[{"@type":"SearchAction","target":{"@type":"EntryPoint","urlTemplate":"https:\/\/ksproducts.ca\/?s={search_term_string}"},"query-input":{"@type":"PropertyValueSpecification","valueRequired":true,"valueName":"search_term_string"}}],"inLanguage":"fr-CA"},{"@type":"Organization","@id":"https:\/\/ksproducts.ca\/#organization","name":"Produits Ks","url":"https:\/\/ksproducts.ca\/","logo":{"@type":"ImageObject","inLanguage":"fr-CA","@id":"https:\/\/ksproducts.ca\/#\/schema\/logo\/image\/","url":"https:\/\/ksproducts.ca\/wp-content\/uploads\/2023\/09\/Kennedy-Sales-Logo-header-1.png","contentUrl":"https:\/\/ksproducts.ca\/wp-content\/uploads\/2023\/09\/Kennedy-Sales-Logo-header-1.png","width":150,"height":77,"caption":"Ks Products"},"image":{"@id":"https:\/\/ksproducts.ca\/#\/schema\/logo\/image\/"}}]}},"_links":{"self":[{"href":"https:\/\/ksproducts.ca\/fr\/wp-json\/wp\/v2\/product\/11268","targetHints":{"allow":["GET"]}}],"collection":[{"href":"https:\/\/ksproducts.ca\/fr\/wp-json\/wp\/v2\/product"}],"about":[{"href":"https:\/\/ksproducts.ca\/fr\/wp-json\/wp\/v2\/types\/product"}],"replies":[{"embeddable":true,"href":"https:\/\/ksproducts.ca\/fr\/wp-json\/wp\/v2\/comments?post=11268"}],"version-history":[{"count":2,"href":"https:\/\/ksproducts.ca\/fr\/wp-json\/wp\/v2\/product\/11268\/revisions"}],"predecessor-version":[{"id":11271,"href":"https:\/\/ksproducts.ca\/fr\/wp-json\/wp\/v2\/product\/11268\/revisions\/11271"}],"wp:featuredmedia":[{"embeddable":true,"href":"https:\/\/ksproducts.ca\/fr\/wp-json\/wp\/v2\/media\/11270"}],"wp:attachment":[{"href":"https:\/\/ksproducts.ca\/fr\/wp-json\/wp\/v2\/media?parent=11268"}],"wp:term":[{"taxonomy":"product_cat","embeddable":true,"href":"https:\/\/ksproducts.ca\/fr\/wp-json\/wp\/v2\/product_cat?post=11268"},{"taxonomy":"product_tag","embeddable":true,"href":"https:\/\/ksproducts.ca\/fr\/wp-json\/wp\/v2\/product_tag?post=11268"}],"curies":[{"name":"wp","href":"https:\/\/api.w.org\/{rel}","templated":true}]}}