{"id":11272,"date":"2026-03-03T17:10:14","date_gmt":"2026-03-03T17:10:14","guid":{"rendered":"https:\/\/ksproducts.ca\/?post_type=product&#038;p=11272"},"modified":"2026-03-03T17:39:31","modified_gmt":"2026-03-03T17:39:31","slug":"klymit-cedar-mesa-lit-de-repos-facile-a-assembler","status":"publish","type":"product","link":"https:\/\/ksproducts.ca\/fr\/product\/klymit-cedar-mesa-easy-to-assemble-sleeping-cot\/","title":{"rendered":"Klymit Cedar Mesa Lit de couchage facile \u00e0 assembler"},"content":{"rendered":"<ul>\n<li>La conception intuitive assure une configuration pr\u00e9cise et facile.<\/li>\n<li>La structure trap\u00e9zo\u00efdale en aluminium et le profil ovale unique du tube assurent une r\u00e9sistance optimale et une tension de tissu confortable pour un excellent soutien.<\/li>\n<li>Le syst\u00e8me de verrouillage Easy Lever Lock, en instance de brevet, rend l'assemblage et la mise sous tension du lit de camp simples et faciles.<\/li>\n<li>La technologie Collapse and Compact\u2122 simplifie le d\u00e9montage en repliant sans effort le lit de camp surdimensionn\u00e9 et durable pour qu'il tienne dans une petite mallette.<\/li>\n<li>De grands pieds arrondis prot\u00e8gent le sol de la tente et maintiennent fermement votre lit de camp en place<\/li>\n<li>Poche d'\u00e9quipement facile d'acc\u00e8s pour les petits accessoires<\/li>\n<\/ul>","protected":false},"excerpt":{"rendered":"<div>\n<div>\n<div>Laissez derri\u00e8re vous les rochers et dormez confortablement sur le sol avec le lit de camp Cedar Mesa. Le Cedar Mesa Cot est un lit de camp facile \u00e0 assembler et durable, con\u00e7u pour soutenir confortablement votre corps. La conception intuitive et intelligente du Cedar Mesa Cot permet un montage et un d\u00e9montage simples.<\/div>\n<div>Associez votre lit Cedar Mesa Cot \u00e0 l'un des matelas de couchage Klymit pour un confort encore plus \u00e9lev\u00e9.<\/div>\n<\/div>\n<\/div>","protected":false},"featured_media":11273,"comment_status":"open","ping_status":"closed","template":"","meta":[],"product_cat":[431],"product_tag":[],"class_list":{"0":"post-11272","1":"product","2":"type-product","3":"status-publish","4":"has-post-thumbnail","6":"product_cat-camping-rv-essentials","7":"product_shipping_class-class-3","9":"first","10":"instock","11":"taxable","12":"shipping-taxable","13":"purchasable","14":"product-type-simple"},"yoast_head":"<!-- This site is optimized with the Yoast SEO plugin v27.4 - https:\/\/yoast.com\/product\/yoast-seo-wordpress\/ -->\n<title>Klymit Cedar Mesa Easy-to-Assemble Sleeping Cot - Ks Products<\/title>\n<meta name=\"robots\" content=\"index, follow, max-snippet:-1, max-image-preview:large, max-video-preview:-1\" \/>\n<link rel=\"canonical\" href=\"https:\/\/ksproducts.ca\/fr\/product\/klymit-cedar-mesa-lit-de-repos-facile-a-assembler\/\" \/>\n<meta property=\"og:locale\" content=\"fr_CA\" \/>\n<meta property=\"og:type\" content=\"article\" \/>\n<meta property=\"og:title\" content=\"Klymit Cedar Mesa Easy-to-Assemble Sleeping Cot - Ks Products\" \/>\n<meta property=\"og:description\" content=\"Leave behind rocks and sleep off the ground comfortably with the Cedar Mesa Cot. The Cedar Mesa Cot is an easy-to-assemble, durable cot designed to comfortably support your body. The intuitive and intelligent design of the Cedar Mesa Cot delivers a straightforward set up and take down experience. Pair your Cedar Mesa Cot with one of Klymit\u2019s sleeping pads for even more elevated comfort.\" \/>\n<meta property=\"og:url\" content=\"https:\/\/ksproducts.ca\/fr\/product\/klymit-cedar-mesa-lit-de-repos-facile-a-assembler\/\" \/>\n<meta property=\"og:site_name\" content=\"Ks Products\" \/>\n<meta property=\"article:modified_time\" content=\"2026-03-03T17:39:31+00:00\" \/>\n<meta property=\"og:image\" content=\"https:\/\/ksproducts.ca\/wp-content\/uploads\/2026\/03\/Klymit-Cedar-Mesa-Easy-to-Assemble-Sleeping-Cot.jpg\" \/>\n\t<meta property=\"og:image:width\" content=\"800\" \/>\n\t<meta property=\"og:image:height\" content=\"800\" \/>\n\t<meta property=\"og:image:type\" content=\"image\/jpeg\" \/>\n<meta name=\"twitter:card\" content=\"summary_large_image\" \/>\n<meta name=\"twitter:label1\" content=\"Estimation du temps de lecture\" \/>\n\t<meta name=\"twitter:data1\" content=\"1 minute\" \/>\n<script type=\"application\/ld+json\" class=\"yoast-schema-graph\">{\"@context\":\"https:\\\/\\\/schema.org\",\"@graph\":[{\"@type\":\"WebPage\",\"@id\":\"https:\\\/\\\/ksproducts.ca\\\/product\\\/klymit-cedar-mesa-easy-to-assemble-sleeping-cot\\\/\",\"url\":\"https:\\\/\\\/ksproducts.ca\\\/product\\\/klymit-cedar-mesa-easy-to-assemble-sleeping-cot\\\/\",\"name\":\"Klymit Cedar Mesa Easy-to-Assemble Sleeping Cot - Ks Products\",\"isPartOf\":{\"@id\":\"https:\\\/\\\/ksproducts.ca\\\/#website\"},\"primaryImageOfPage\":{\"@id\":\"https:\\\/\\\/ksproducts.ca\\\/product\\\/klymit-cedar-mesa-easy-to-assemble-sleeping-cot\\\/#primaryimage\"},\"image\":{\"@id\":\"https:\\\/\\\/ksproducts.ca\\\/product\\\/klymit-cedar-mesa-easy-to-assemble-sleeping-cot\\\/#primaryimage\"},\"thumbnailUrl\":\"https:\\\/\\\/ksproducts.ca\\\/wp-content\\\/uploads\\\/2026\\\/03\\\/Klymit-Cedar-Mesa-Easy-to-Assemble-Sleeping-Cot.jpg\",\"datePublished\":\"2026-03-03T17:10:14+00:00\",\"dateModified\":\"2026-03-03T17:39:31+00:00\",\"breadcrumb\":{\"@id\":\"https:\\\/\\\/ksproducts.ca\\\/product\\\/klymit-cedar-mesa-easy-to-assemble-sleeping-cot\\\/#breadcrumb\"},\"inLanguage\":\"fr-CA\",\"potentialAction\":[{\"@type\":\"ReadAction\",\"target\":[\"https:\\\/\\\/ksproducts.ca\\\/product\\\/klymit-cedar-mesa-easy-to-assemble-sleeping-cot\\\/\"]}]},{\"@type\":\"ImageObject\",\"inLanguage\":\"fr-CA\",\"@id\":\"https:\\\/\\\/ksproducts.ca\\\/product\\\/klymit-cedar-mesa-easy-to-assemble-sleeping-cot\\\/#primaryimage\",\"url\":\"https:\\\/\\\/ksproducts.ca\\\/wp-content\\\/uploads\\\/2026\\\/03\\\/Klymit-Cedar-Mesa-Easy-to-Assemble-Sleeping-Cot.jpg\",\"contentUrl\":\"https:\\\/\\\/ksproducts.ca\\\/wp-content\\\/uploads\\\/2026\\\/03\\\/Klymit-Cedar-Mesa-Easy-to-Assemble-Sleeping-Cot.jpg\",\"width\":800,\"height\":800,\"caption\":\"Klymit Cedar Mesa Easy to Assemble Sleeping Cot\"},{\"@type\":\"BreadcrumbList\",\"@id\":\"https:\\\/\\\/ksproducts.ca\\\/product\\\/klymit-cedar-mesa-easy-to-assemble-sleeping-cot\\\/#breadcrumb\",\"itemListElement\":[{\"@type\":\"ListItem\",\"position\":1,\"name\":\"Home\",\"item\":\"https:\\\/\\\/ksproducts.ca\\\/\"},{\"@type\":\"ListItem\",\"position\":2,\"name\":\"Shop\",\"item\":\"https:\\\/\\\/ksproducts.ca\\\/shop\\\/\"},{\"@type\":\"ListItem\",\"position\":3,\"name\":\"Klymit Cedar Mesa Easy-to-Assemble Sleeping Cot\"}]},{\"@type\":\"WebSite\",\"@id\":\"https:\\\/\\\/ksproducts.ca\\\/#website\",\"url\":\"https:\\\/\\\/ksproducts.ca\\\/\",\"name\":\"Ks Products\",\"description\":\"Outdoor cooking and living, made easy in Canada\",\"publisher\":{\"@id\":\"https:\\\/\\\/ksproducts.ca\\\/#organization\"},\"potentialAction\":[{\"@type\":\"SearchAction\",\"target\":{\"@type\":\"EntryPoint\",\"urlTemplate\":\"https:\\\/\\\/ksproducts.ca\\\/?s={search_term_string}\"},\"query-input\":{\"@type\":\"PropertyValueSpecification\",\"valueRequired\":true,\"valueName\":\"search_term_string\"}}],\"inLanguage\":\"fr-CA\"},{\"@type\":\"Organization\",\"@id\":\"https:\\\/\\\/ksproducts.ca\\\/#organization\",\"name\":\"Ks Products\",\"url\":\"https:\\\/\\\/ksproducts.ca\\\/\",\"logo\":{\"@type\":\"ImageObject\",\"inLanguage\":\"fr-CA\",\"@id\":\"https:\\\/\\\/ksproducts.ca\\\/#\\\/schema\\\/logo\\\/image\\\/\",\"url\":\"https:\\\/\\\/ksproducts.ca\\\/wp-content\\\/uploads\\\/2023\\\/09\\\/Kennedy-Sales-Logo-header-1.png\",\"contentUrl\":\"https:\\\/\\\/ksproducts.ca\\\/wp-content\\\/uploads\\\/2023\\\/09\\\/Kennedy-Sales-Logo-header-1.png\",\"width\":150,\"height\":77,\"caption\":\"Ks Products\"},\"image\":{\"@id\":\"https:\\\/\\\/ksproducts.ca\\\/#\\\/schema\\\/logo\\\/image\\\/\"}}]}<\/script>\n<!-- \/ Yoast SEO plugin. -->","yoast_head_json":{"title":"Klymit Cedar Mesa Lit de Camp Facile \u00e0 Assembler - Ks Products","robots":{"index":"index","follow":"follow","max-snippet":"max-snippet:-1","max-image-preview":"max-image-preview:large","max-video-preview":"max-video-preview:-1"},"canonical":"https:\/\/ksproducts.ca\/fr\/product\/klymit-cedar-mesa-lit-de-repos-facile-a-assembler\/","og_locale":"fr_CA","og_type":"article","og_title":"Klymit Cedar Mesa Easy-to-Assemble Sleeping Cot - Ks Products","og_description":"Leave behind rocks and sleep off the ground comfortably with the Cedar Mesa Cot. The Cedar Mesa Cot is an easy-to-assemble, durable cot designed to comfortably support your body. The intuitive and intelligent design of the Cedar Mesa Cot delivers a straightforward set up and take down experience. Pair your Cedar Mesa Cot with one of Klymit\u2019s sleeping pads for even more elevated comfort.","og_url":"https:\/\/ksproducts.ca\/fr\/product\/klymit-cedar-mesa-lit-de-repos-facile-a-assembler\/","og_site_name":"Ks Products","article_modified_time":"2026-03-03T17:39:31+00:00","og_image":[{"width":800,"height":800,"url":"https:\/\/ksproducts.ca\/wp-content\/uploads\/2026\/03\/Klymit-Cedar-Mesa-Easy-to-Assemble-Sleeping-Cot.jpg","type":"image\/jpeg"}],"twitter_card":"summary_large_image","twitter_misc":{"Estimation du temps de lecture":"1 minute"},"schema":{"@context":"https:\/\/schema.org","@graph":[{"@type":"WebPage","@id":"https:\/\/ksproducts.ca\/product\/klymit-cedar-mesa-easy-to-assemble-sleeping-cot\/","url":"https:\/\/ksproducts.ca\/product\/klymit-cedar-mesa-easy-to-assemble-sleeping-cot\/","name":"Klymit Cedar Mesa Lit de Camp Facile \u00e0 Assembler - Ks Products","isPartOf":{"@id":"https:\/\/ksproducts.ca\/#website"},"primaryImageOfPage":{"@id":"https:\/\/ksproducts.ca\/product\/klymit-cedar-mesa-easy-to-assemble-sleeping-cot\/#primaryimage"},"image":{"@id":"https:\/\/ksproducts.ca\/product\/klymit-cedar-mesa-easy-to-assemble-sleeping-cot\/#primaryimage"},"thumbnailUrl":"https:\/\/ksproducts.ca\/wp-content\/uploads\/2026\/03\/Klymit-Cedar-Mesa-Easy-to-Assemble-Sleeping-Cot.jpg","datePublished":"2026-03-03T17:10:14+00:00","dateModified":"2026-03-03T17:39:31+00:00","breadcrumb":{"@id":"https:\/\/ksproducts.ca\/product\/klymit-cedar-mesa-easy-to-assemble-sleeping-cot\/#breadcrumb"},"inLanguage":"fr-CA","potentialAction":[{"@type":"ReadAction","target":["https:\/\/ksproducts.ca\/product\/klymit-cedar-mesa-easy-to-assemble-sleeping-cot\/"]}]},{"@type":"ImageObject","inLanguage":"fr-CA","@id":"https:\/\/ksproducts.ca\/product\/klymit-cedar-mesa-easy-to-assemble-sleeping-cot\/#primaryimage","url":"https:\/\/ksproducts.ca\/wp-content\/uploads\/2026\/03\/Klymit-Cedar-Mesa-Easy-to-Assemble-Sleeping-Cot.jpg","contentUrl":"https:\/\/ksproducts.ca\/wp-content\/uploads\/2026\/03\/Klymit-Cedar-Mesa-Easy-to-Assemble-Sleeping-Cot.jpg","width":800,"height":800,"caption":"Klymit Cedar Mesa Easy to Assemble Sleeping Cot"},{"@type":"BreadcrumbList","@id":"https:\/\/ksproducts.ca\/product\/klymit-cedar-mesa-easy-to-assemble-sleeping-cot\/#breadcrumb","itemListElement":[{"@type":"ListItem","position":1,"name":"Home","item":"https:\/\/ksproducts.ca\/"},{"@type":"ListItem","position":2,"name":"Shop","item":"https:\/\/ksproducts.ca\/shop\/"},{"@type":"ListItem","position":3,"name":"Klymit Cedar Mesa Easy-to-Assemble Sleeping Cot"}]},{"@type":"WebSite","@id":"https:\/\/ksproducts.ca\/#website","url":"https:\/\/ksproducts.ca\/","name":"Produits Ks","description":"Cuisiner et vivre en plein air, c'est facile au Canada","publisher":{"@id":"https:\/\/ksproducts.ca\/#organization"},"potentialAction":[{"@type":"SearchAction","target":{"@type":"EntryPoint","urlTemplate":"https:\/\/ksproducts.ca\/?s={search_term_string}"},"query-input":{"@type":"PropertyValueSpecification","valueRequired":true,"valueName":"search_term_string"}}],"inLanguage":"fr-CA"},{"@type":"Organization","@id":"https:\/\/ksproducts.ca\/#organization","name":"Produits Ks","url":"https:\/\/ksproducts.ca\/","logo":{"@type":"ImageObject","inLanguage":"fr-CA","@id":"https:\/\/ksproducts.ca\/#\/schema\/logo\/image\/","url":"https:\/\/ksproducts.ca\/wp-content\/uploads\/2023\/09\/Kennedy-Sales-Logo-header-1.png","contentUrl":"https:\/\/ksproducts.ca\/wp-content\/uploads\/2023\/09\/Kennedy-Sales-Logo-header-1.png","width":150,"height":77,"caption":"Ks Products"},"image":{"@id":"https:\/\/ksproducts.ca\/#\/schema\/logo\/image\/"}}]}},"_links":{"self":[{"href":"https:\/\/ksproducts.ca\/fr\/wp-json\/wp\/v2\/product\/11272","targetHints":{"allow":["GET"]}}],"collection":[{"href":"https:\/\/ksproducts.ca\/fr\/wp-json\/wp\/v2\/product"}],"about":[{"href":"https:\/\/ksproducts.ca\/fr\/wp-json\/wp\/v2\/types\/product"}],"replies":[{"embeddable":true,"href":"https:\/\/ksproducts.ca\/fr\/wp-json\/wp\/v2\/comments?post=11272"}],"version-history":[{"count":1,"href":"https:\/\/ksproducts.ca\/fr\/wp-json\/wp\/v2\/product\/11272\/revisions"}],"predecessor-version":[{"id":11274,"href":"https:\/\/ksproducts.ca\/fr\/wp-json\/wp\/v2\/product\/11272\/revisions\/11274"}],"wp:featuredmedia":[{"embeddable":true,"href":"https:\/\/ksproducts.ca\/fr\/wp-json\/wp\/v2\/media\/11273"}],"wp:attachment":[{"href":"https:\/\/ksproducts.ca\/fr\/wp-json\/wp\/v2\/media?parent=11272"}],"wp:term":[{"taxonomy":"product_cat","embeddable":true,"href":"https:\/\/ksproducts.ca\/fr\/wp-json\/wp\/v2\/product_cat?post=11272"},{"taxonomy":"product_tag","embeddable":true,"href":"https:\/\/ksproducts.ca\/fr\/wp-json\/wp\/v2\/product_tag?post=11272"}],"curies":[{"name":"wp","href":"https:\/\/api.w.org\/{rel}","templated":true}]}}