{"id":11285,"date":"2026-03-03T17:51:31","date_gmt":"2026-03-03T17:51:31","guid":{"rendered":"https:\/\/ksproducts.ca\/?post_type=product&#038;p=11285"},"modified":"2026-03-03T18:45:56","modified_gmt":"2026-03-03T18:45:56","slug":"blaster-rust-neutralizer-311g","status":"publish","type":"product","link":"https:\/\/ksproducts.ca\/fr\/product\/blaster-rust-neutralizer-311g\/","title":{"rendered":"B'laster Neutralisant de rouille - 311g"},"content":{"rendered":"<ul>\n<li>Transforme la rouille en une surface immacul\u00e9e, pr\u00eate \u00e0 \u00eatre peinte.<\/li>\n<li>Emp\u00eache la rouille ancienne de se propager et stoppe la formation de rouille nouvelle<\/li>\n<li>Prot\u00e8ge contre la d\u00e9coloration due \u00e0 la rouille, garantissant une protection durable.<\/li>\n<li>Tr\u00e8s efficace pour convertir la rouille superficielle l\u00e9g\u00e8re<\/li>\n<li>Formule \u00e0 s\u00e9chage rapide pour une r\u00e9alisation rapide du projet<\/li>\n<li>D\u00e9voile une surface en polym\u00e8re durable<\/li>\n<li>R\u00e9siste \u00e0 l'\u00e9caillage, \u00e0 la fissuration et \u00e0 l'\u00e9caillage<\/li>\n<li>Se fixe en seulement 20 minutes par couche, maximisant ainsi l'efficacit\u00e9 et la productivit\u00e9.<\/li>\n<li>Application polyvalente pour une protection compl\u00e8te contre la rouille, de l'automobile aux articles m\u00e9nagers.<\/li>\n<\/ul>","protected":false},"excerpt":{"rendered":"<p>Le neutralisant de rouille \u00e0 s\u00e9chage rapide B'laster est le convertisseur de rouille et l'appr\u00eat ultime en un seul produit, formul\u00e9 pour redonner vie aux surfaces m\u00e9talliques rouill\u00e9es. Ce convertisseur de rouille en une seule \u00e9tape, \u00e0 s\u00e9chage rapide, agit comme un formidable appr\u00eat, transformant la rouille en une surface neutre pr\u00eate \u00e0 \u00eatre recouverte de peinture. Polyvalent et efficace, c'est la solution id\u00e9ale pour prot\u00e9ger les surfaces m\u00e9talliques.<\/p>","protected":false},"featured_media":11294,"comment_status":"open","ping_status":"closed","template":"","meta":[],"product_cat":[430],"product_tag":[],"class_list":{"0":"post-11285","1":"product","2":"type-product","3":"status-publish","4":"has-post-thumbnail","6":"product_cat-automotive-gear","7":"product_shipping_class-class-1","9":"first","10":"instock","11":"taxable","12":"shipping-taxable","13":"purchasable","14":"product-type-simple"},"yoast_head":"<!-- This site is optimized with the Yoast SEO plugin v27.4 - https:\/\/yoast.com\/product\/yoast-seo-wordpress\/ -->\n<title>B&#039;laster Rust Neutralizer - 311g - Ks Products<\/title>\n<meta name=\"robots\" content=\"index, follow, max-snippet:-1, max-image-preview:large, max-video-preview:-1\" \/>\n<link rel=\"canonical\" href=\"https:\/\/ksproducts.ca\/fr\/product\/blaster-rust-neutralizer-311g\/\" \/>\n<meta property=\"og:locale\" content=\"fr_CA\" \/>\n<meta property=\"og:type\" content=\"article\" \/>\n<meta property=\"og:title\" content=\"B&#039;laster Rust Neutralizer - 311g - Ks Products\" \/>\n<meta property=\"og:description\" content=\"B&#039;laster Quick Drying Rust Neutralizer is the ultimate rust converter and primer in one, formulated to breathe new life into rusted metal surfaces. This fast-drying, one-step rust converter coating acts as a formidable primer, converting rust to a neutral surface ready to paint over. Versatile and efficient, it&#039;s the ideal solution for protecting metal surfaces. \u200b\" \/>\n<meta property=\"og:url\" content=\"https:\/\/ksproducts.ca\/fr\/product\/blaster-rust-neutralizer-311g\/\" \/>\n<meta property=\"og:site_name\" content=\"Ks Products\" \/>\n<meta property=\"article:modified_time\" content=\"2026-03-03T18:45:56+00:00\" \/>\n<meta property=\"og:image\" content=\"https:\/\/ksproducts.ca\/wp-content\/uploads\/2026\/03\/16-RN-CND.webp\" \/>\n\t<meta property=\"og:image:width\" content=\"208\" \/>\n\t<meta property=\"og:image:height\" content=\"642\" \/>\n\t<meta property=\"og:image:type\" content=\"image\/webp\" \/>\n<meta name=\"twitter:card\" content=\"summary_large_image\" \/>\n<meta name=\"twitter:label1\" content=\"Estimation du temps de lecture\" \/>\n\t<meta name=\"twitter:data1\" content=\"1 minute\" \/>\n<script type=\"application\/ld+json\" class=\"yoast-schema-graph\">{\"@context\":\"https:\\\/\\\/schema.org\",\"@graph\":[{\"@type\":\"WebPage\",\"@id\":\"https:\\\/\\\/ksproducts.ca\\\/product\\\/blaster-rust-neutralizer-311g\\\/\",\"url\":\"https:\\\/\\\/ksproducts.ca\\\/product\\\/blaster-rust-neutralizer-311g\\\/\",\"name\":\"B'laster Rust Neutralizer - 311g - Ks Products\",\"isPartOf\":{\"@id\":\"https:\\\/\\\/ksproducts.ca\\\/#website\"},\"primaryImageOfPage\":{\"@id\":\"https:\\\/\\\/ksproducts.ca\\\/product\\\/blaster-rust-neutralizer-311g\\\/#primaryimage\"},\"image\":{\"@id\":\"https:\\\/\\\/ksproducts.ca\\\/product\\\/blaster-rust-neutralizer-311g\\\/#primaryimage\"},\"thumbnailUrl\":\"https:\\\/\\\/ksproducts.ca\\\/wp-content\\\/uploads\\\/2026\\\/03\\\/16-RN-CND.webp\",\"datePublished\":\"2026-03-03T17:51:31+00:00\",\"dateModified\":\"2026-03-03T18:45:56+00:00\",\"breadcrumb\":{\"@id\":\"https:\\\/\\\/ksproducts.ca\\\/product\\\/blaster-rust-neutralizer-311g\\\/#breadcrumb\"},\"inLanguage\":\"fr-CA\",\"potentialAction\":[{\"@type\":\"ReadAction\",\"target\":[\"https:\\\/\\\/ksproducts.ca\\\/product\\\/blaster-rust-neutralizer-311g\\\/\"]}]},{\"@type\":\"ImageObject\",\"inLanguage\":\"fr-CA\",\"@id\":\"https:\\\/\\\/ksproducts.ca\\\/product\\\/blaster-rust-neutralizer-311g\\\/#primaryimage\",\"url\":\"https:\\\/\\\/ksproducts.ca\\\/wp-content\\\/uploads\\\/2026\\\/03\\\/16-RN-CND.webp\",\"contentUrl\":\"https:\\\/\\\/ksproducts.ca\\\/wp-content\\\/uploads\\\/2026\\\/03\\\/16-RN-CND.webp\",\"width\":208,\"height\":642,\"caption\":\"B'laster Rust Neutralizer - 311g\"},{\"@type\":\"BreadcrumbList\",\"@id\":\"https:\\\/\\\/ksproducts.ca\\\/product\\\/blaster-rust-neutralizer-311g\\\/#breadcrumb\",\"itemListElement\":[{\"@type\":\"ListItem\",\"position\":1,\"name\":\"Home\",\"item\":\"https:\\\/\\\/ksproducts.ca\\\/\"},{\"@type\":\"ListItem\",\"position\":2,\"name\":\"Shop\",\"item\":\"https:\\\/\\\/ksproducts.ca\\\/shop\\\/\"},{\"@type\":\"ListItem\",\"position\":3,\"name\":\"B&#8217;laster Rust Neutralizer &#8211; 311g\"}]},{\"@type\":\"WebSite\",\"@id\":\"https:\\\/\\\/ksproducts.ca\\\/#website\",\"url\":\"https:\\\/\\\/ksproducts.ca\\\/\",\"name\":\"Ks Products\",\"description\":\"Outdoor cooking and living, made easy in Canada\",\"publisher\":{\"@id\":\"https:\\\/\\\/ksproducts.ca\\\/#organization\"},\"potentialAction\":[{\"@type\":\"SearchAction\",\"target\":{\"@type\":\"EntryPoint\",\"urlTemplate\":\"https:\\\/\\\/ksproducts.ca\\\/?s={search_term_string}\"},\"query-input\":{\"@type\":\"PropertyValueSpecification\",\"valueRequired\":true,\"valueName\":\"search_term_string\"}}],\"inLanguage\":\"fr-CA\"},{\"@type\":\"Organization\",\"@id\":\"https:\\\/\\\/ksproducts.ca\\\/#organization\",\"name\":\"Ks Products\",\"url\":\"https:\\\/\\\/ksproducts.ca\\\/\",\"logo\":{\"@type\":\"ImageObject\",\"inLanguage\":\"fr-CA\",\"@id\":\"https:\\\/\\\/ksproducts.ca\\\/#\\\/schema\\\/logo\\\/image\\\/\",\"url\":\"https:\\\/\\\/ksproducts.ca\\\/wp-content\\\/uploads\\\/2023\\\/09\\\/Kennedy-Sales-Logo-header-1.png\",\"contentUrl\":\"https:\\\/\\\/ksproducts.ca\\\/wp-content\\\/uploads\\\/2023\\\/09\\\/Kennedy-Sales-Logo-header-1.png\",\"width\":150,\"height\":77,\"caption\":\"Ks Products\"},\"image\":{\"@id\":\"https:\\\/\\\/ksproducts.ca\\\/#\\\/schema\\\/logo\\\/image\\\/\"}}]}<\/script>\n<!-- \/ Yoast SEO plugin. -->","yoast_head_json":{"title":"B'laster Neutralisant de rouille - 311g - Ks Products","robots":{"index":"index","follow":"follow","max-snippet":"max-snippet:-1","max-image-preview":"max-image-preview:large","max-video-preview":"max-video-preview:-1"},"canonical":"https:\/\/ksproducts.ca\/fr\/product\/blaster-rust-neutralizer-311g\/","og_locale":"fr_CA","og_type":"article","og_title":"B'laster Rust Neutralizer - 311g - Ks Products","og_description":"B'laster Quick Drying Rust Neutralizer is the ultimate rust converter and primer in one, formulated to breathe new life into rusted metal surfaces. This fast-drying, one-step rust converter coating acts as a formidable primer, converting rust to a neutral surface ready to paint over. Versatile and efficient, it's the ideal solution for protecting metal surfaces. \u200b","og_url":"https:\/\/ksproducts.ca\/fr\/product\/blaster-rust-neutralizer-311g\/","og_site_name":"Ks Products","article_modified_time":"2026-03-03T18:45:56+00:00","og_image":[{"width":208,"height":642,"url":"https:\/\/ksproducts.ca\/wp-content\/uploads\/2026\/03\/16-RN-CND.webp","type":"image\/webp"}],"twitter_card":"summary_large_image","twitter_misc":{"Estimation du temps de lecture":"1 minute"},"schema":{"@context":"https:\/\/schema.org","@graph":[{"@type":"WebPage","@id":"https:\/\/ksproducts.ca\/product\/blaster-rust-neutralizer-311g\/","url":"https:\/\/ksproducts.ca\/product\/blaster-rust-neutralizer-311g\/","name":"B'laster Neutralisant de rouille - 311g - Ks Products","isPartOf":{"@id":"https:\/\/ksproducts.ca\/#website"},"primaryImageOfPage":{"@id":"https:\/\/ksproducts.ca\/product\/blaster-rust-neutralizer-311g\/#primaryimage"},"image":{"@id":"https:\/\/ksproducts.ca\/product\/blaster-rust-neutralizer-311g\/#primaryimage"},"thumbnailUrl":"https:\/\/ksproducts.ca\/wp-content\/uploads\/2026\/03\/16-RN-CND.webp","datePublished":"2026-03-03T17:51:31+00:00","dateModified":"2026-03-03T18:45:56+00:00","breadcrumb":{"@id":"https:\/\/ksproducts.ca\/product\/blaster-rust-neutralizer-311g\/#breadcrumb"},"inLanguage":"fr-CA","potentialAction":[{"@type":"ReadAction","target":["https:\/\/ksproducts.ca\/product\/blaster-rust-neutralizer-311g\/"]}]},{"@type":"ImageObject","inLanguage":"fr-CA","@id":"https:\/\/ksproducts.ca\/product\/blaster-rust-neutralizer-311g\/#primaryimage","url":"https:\/\/ksproducts.ca\/wp-content\/uploads\/2026\/03\/16-RN-CND.webp","contentUrl":"https:\/\/ksproducts.ca\/wp-content\/uploads\/2026\/03\/16-RN-CND.webp","width":208,"height":642,"caption":"B'laster Rust Neutralizer - 311g"},{"@type":"BreadcrumbList","@id":"https:\/\/ksproducts.ca\/product\/blaster-rust-neutralizer-311g\/#breadcrumb","itemListElement":[{"@type":"ListItem","position":1,"name":"Home","item":"https:\/\/ksproducts.ca\/"},{"@type":"ListItem","position":2,"name":"Shop","item":"https:\/\/ksproducts.ca\/shop\/"},{"@type":"ListItem","position":3,"name":"B&#8217;laster Rust Neutralizer &#8211; 311g"}]},{"@type":"WebSite","@id":"https:\/\/ksproducts.ca\/#website","url":"https:\/\/ksproducts.ca\/","name":"Produits Ks","description":"Cuisiner et vivre en plein air, c'est facile au Canada","publisher":{"@id":"https:\/\/ksproducts.ca\/#organization"},"potentialAction":[{"@type":"SearchAction","target":{"@type":"EntryPoint","urlTemplate":"https:\/\/ksproducts.ca\/?s={search_term_string}"},"query-input":{"@type":"PropertyValueSpecification","valueRequired":true,"valueName":"search_term_string"}}],"inLanguage":"fr-CA"},{"@type":"Organization","@id":"https:\/\/ksproducts.ca\/#organization","name":"Produits Ks","url":"https:\/\/ksproducts.ca\/","logo":{"@type":"ImageObject","inLanguage":"fr-CA","@id":"https:\/\/ksproducts.ca\/#\/schema\/logo\/image\/","url":"https:\/\/ksproducts.ca\/wp-content\/uploads\/2023\/09\/Kennedy-Sales-Logo-header-1.png","contentUrl":"https:\/\/ksproducts.ca\/wp-content\/uploads\/2023\/09\/Kennedy-Sales-Logo-header-1.png","width":150,"height":77,"caption":"Ks Products"},"image":{"@id":"https:\/\/ksproducts.ca\/#\/schema\/logo\/image\/"}}]}},"_links":{"self":[{"href":"https:\/\/ksproducts.ca\/fr\/wp-json\/wp\/v2\/product\/11285","targetHints":{"allow":["GET"]}}],"collection":[{"href":"https:\/\/ksproducts.ca\/fr\/wp-json\/wp\/v2\/product"}],"about":[{"href":"https:\/\/ksproducts.ca\/fr\/wp-json\/wp\/v2\/types\/product"}],"replies":[{"embeddable":true,"href":"https:\/\/ksproducts.ca\/fr\/wp-json\/wp\/v2\/comments?post=11285"}],"version-history":[{"count":3,"href":"https:\/\/ksproducts.ca\/fr\/wp-json\/wp\/v2\/product\/11285\/revisions"}],"predecessor-version":[{"id":11296,"href":"https:\/\/ksproducts.ca\/fr\/wp-json\/wp\/v2\/product\/11285\/revisions\/11296"}],"wp:featuredmedia":[{"embeddable":true,"href":"https:\/\/ksproducts.ca\/fr\/wp-json\/wp\/v2\/media\/11294"}],"wp:attachment":[{"href":"https:\/\/ksproducts.ca\/fr\/wp-json\/wp\/v2\/media?parent=11285"}],"wp:term":[{"taxonomy":"product_cat","embeddable":true,"href":"https:\/\/ksproducts.ca\/fr\/wp-json\/wp\/v2\/product_cat?post=11285"},{"taxonomy":"product_tag","embeddable":true,"href":"https:\/\/ksproducts.ca\/fr\/wp-json\/wp\/v2\/product_tag?post=11285"}],"curies":[{"name":"wp","href":"https:\/\/api.w.org\/{rel}","templated":true}]}}