{"id":11299,"date":"2026-03-03T18:58:16","date_gmt":"2026-03-03T18:58:16","guid":{"rendered":"https:\/\/ksproducts.ca\/?post_type=product&#038;p=11299"},"modified":"2026-03-03T18:58:16","modified_gmt":"2026-03-03T18:58:16","slug":"blaster-high-performance-white-lithium-grease-311g","status":"publish","type":"product","link":"https:\/\/ksproducts.ca\/fr\/product\/blaster-high-performance-white-lithium-grease-311g\/","title":{"rendered":"B'laster Graisse blanche au lithium haute performance - 311g"},"content":{"rendered":"<ul class=\"acl-lheight--large acl-text-size--medium acl-list acl-list--type--bulleted acl-text-size--small\" type=\"bulleted\">\n<li class=\"acl-lheight--regular acl-my--xx-small acl-text-size--small acl-list-item\">Maintenir les surfaces lubrifi\u00e9es en cas de temp\u00e9ratures extr\u00eames<\/li>\n<\/ul>\n<ul class=\"acl-lheight--large acl-text-size--medium acl-list acl-list--type--bulleted acl-text-size--small\" type=\"bulleted\">\n<li class=\"acl-lheight--regular acl-my--xx-small acl-text-size--small acl-list-item\">Prot\u00e8ge contre l'humidit\u00e9 et l'oxydation<\/li>\n<\/ul>\n<ul class=\"acl-lheight--large acl-text-size--medium acl-list acl-list--type--bulleted acl-text-size--small\" type=\"bulleted\">\n<li class=\"acl-lheight--regular acl-my--xx-small acl-text-size--small acl-list-item\">Laisse une \u00e9paisse couche de graisse<\/li>\n<\/ul>","protected":false},"excerpt":{"rendered":"<p>La graisse blanche au lithium B'laster est une graisse blanche, propre et \u00e0 faible odeur qui lubrifie en cr\u00e9ant une barri\u00e8re protectrice. Elle prot\u00e8ge contre l'humidit\u00e9 et l'oxydation et convient \u00e0 une large gamme d'applications. Elle assure une lubrification \u00e0 faible frottement et une protection robuste.<\/p>","protected":false},"featured_media":11300,"comment_status":"open","ping_status":"closed","template":"","meta":[],"product_cat":[430],"product_tag":[],"class_list":{"0":"post-11299","1":"product","2":"type-product","3":"status-publish","4":"has-post-thumbnail","6":"product_cat-automotive-gear","7":"product_shipping_class-class-1","9":"first","10":"instock","11":"taxable","12":"shipping-taxable","13":"purchasable","14":"product-type-simple"},"yoast_head":"<!-- This site is optimized with the Yoast SEO plugin v27.4 - https:\/\/yoast.com\/product\/yoast-seo-wordpress\/ -->\n<title>B&#039;laster High-Performance White Lithium Grease - 311g - Ks Products<\/title>\n<meta name=\"robots\" content=\"index, follow, max-snippet:-1, max-image-preview:large, max-video-preview:-1\" \/>\n<link rel=\"canonical\" href=\"https:\/\/ksproducts.ca\/fr\/product\/blaster-high-performance-white-lithium-grease-311g\/\" \/>\n<meta property=\"og:locale\" content=\"fr_CA\" \/>\n<meta property=\"og:type\" content=\"article\" \/>\n<meta property=\"og:title\" content=\"B&#039;laster High-Performance White Lithium Grease - 311g - Ks Products\" \/>\n<meta property=\"og:description\" content=\"B&#039;laster White Lithium Grease is low-odor, clean, white grease that lubricates by creating a protective barrier. It protects against moisture and oxidation and is safe for a wide range of applications. It provides low-friction lubrication and heavy-duty protection.\" \/>\n<meta property=\"og:url\" content=\"https:\/\/ksproducts.ca\/fr\/product\/blaster-high-performance-white-lithium-grease-311g\/\" \/>\n<meta property=\"og:site_name\" content=\"Ks Products\" \/>\n<meta property=\"og:image\" content=\"https:\/\/ksproducts.ca\/wp-content\/uploads\/2026\/03\/16-LG-CND.png\" \/>\n\t<meta property=\"og:image:width\" content=\"440\" \/>\n\t<meta property=\"og:image:height\" content=\"440\" \/>\n\t<meta property=\"og:image:type\" content=\"image\/png\" \/>\n<meta name=\"twitter:card\" content=\"summary_large_image\" \/>\n<meta name=\"twitter:label1\" content=\"Estimation du temps de lecture\" \/>\n\t<meta name=\"twitter:data1\" content=\"1 minute\" \/>\n<script type=\"application\/ld+json\" class=\"yoast-schema-graph\">{\"@context\":\"https:\\\/\\\/schema.org\",\"@graph\":[{\"@type\":\"WebPage\",\"@id\":\"https:\\\/\\\/ksproducts.ca\\\/product\\\/blaster-high-performance-white-lithium-grease-311g\\\/\",\"url\":\"https:\\\/\\\/ksproducts.ca\\\/product\\\/blaster-high-performance-white-lithium-grease-311g\\\/\",\"name\":\"B'laster High-Performance White Lithium Grease - 311g - Ks Products\",\"isPartOf\":{\"@id\":\"https:\\\/\\\/ksproducts.ca\\\/#website\"},\"primaryImageOfPage\":{\"@id\":\"https:\\\/\\\/ksproducts.ca\\\/product\\\/blaster-high-performance-white-lithium-grease-311g\\\/#primaryimage\"},\"image\":{\"@id\":\"https:\\\/\\\/ksproducts.ca\\\/product\\\/blaster-high-performance-white-lithium-grease-311g\\\/#primaryimage\"},\"thumbnailUrl\":\"https:\\\/\\\/ksproducts.ca\\\/wp-content\\\/uploads\\\/2026\\\/03\\\/16-LG-CND.png\",\"datePublished\":\"2026-03-03T18:58:16+00:00\",\"breadcrumb\":{\"@id\":\"https:\\\/\\\/ksproducts.ca\\\/product\\\/blaster-high-performance-white-lithium-grease-311g\\\/#breadcrumb\"},\"inLanguage\":\"fr-CA\",\"potentialAction\":[{\"@type\":\"ReadAction\",\"target\":[\"https:\\\/\\\/ksproducts.ca\\\/product\\\/blaster-high-performance-white-lithium-grease-311g\\\/\"]}]},{\"@type\":\"ImageObject\",\"inLanguage\":\"fr-CA\",\"@id\":\"https:\\\/\\\/ksproducts.ca\\\/product\\\/blaster-high-performance-white-lithium-grease-311g\\\/#primaryimage\",\"url\":\"https:\\\/\\\/ksproducts.ca\\\/wp-content\\\/uploads\\\/2026\\\/03\\\/16-LG-CND.png\",\"contentUrl\":\"https:\\\/\\\/ksproducts.ca\\\/wp-content\\\/uploads\\\/2026\\\/03\\\/16-LG-CND.png\",\"width\":440,\"height\":440,\"caption\":\"B'laster High-Performance White Lithium Grease - 311g\"},{\"@type\":\"BreadcrumbList\",\"@id\":\"https:\\\/\\\/ksproducts.ca\\\/product\\\/blaster-high-performance-white-lithium-grease-311g\\\/#breadcrumb\",\"itemListElement\":[{\"@type\":\"ListItem\",\"position\":1,\"name\":\"Home\",\"item\":\"https:\\\/\\\/ksproducts.ca\\\/\"},{\"@type\":\"ListItem\",\"position\":2,\"name\":\"Shop\",\"item\":\"https:\\\/\\\/ksproducts.ca\\\/shop\\\/\"},{\"@type\":\"ListItem\",\"position\":3,\"name\":\"B&#8217;laster High-Performance White Lithium Grease &#8211; 311g\"}]},{\"@type\":\"WebSite\",\"@id\":\"https:\\\/\\\/ksproducts.ca\\\/#website\",\"url\":\"https:\\\/\\\/ksproducts.ca\\\/\",\"name\":\"Ks Products\",\"description\":\"Outdoor cooking and living, made easy in Canada\",\"publisher\":{\"@id\":\"https:\\\/\\\/ksproducts.ca\\\/#organization\"},\"potentialAction\":[{\"@type\":\"SearchAction\",\"target\":{\"@type\":\"EntryPoint\",\"urlTemplate\":\"https:\\\/\\\/ksproducts.ca\\\/?s={search_term_string}\"},\"query-input\":{\"@type\":\"PropertyValueSpecification\",\"valueRequired\":true,\"valueName\":\"search_term_string\"}}],\"inLanguage\":\"fr-CA\"},{\"@type\":\"Organization\",\"@id\":\"https:\\\/\\\/ksproducts.ca\\\/#organization\",\"name\":\"Ks Products\",\"url\":\"https:\\\/\\\/ksproducts.ca\\\/\",\"logo\":{\"@type\":\"ImageObject\",\"inLanguage\":\"fr-CA\",\"@id\":\"https:\\\/\\\/ksproducts.ca\\\/#\\\/schema\\\/logo\\\/image\\\/\",\"url\":\"https:\\\/\\\/ksproducts.ca\\\/wp-content\\\/uploads\\\/2023\\\/09\\\/Kennedy-Sales-Logo-header-1.png\",\"contentUrl\":\"https:\\\/\\\/ksproducts.ca\\\/wp-content\\\/uploads\\\/2023\\\/09\\\/Kennedy-Sales-Logo-header-1.png\",\"width\":150,\"height\":77,\"caption\":\"Ks Products\"},\"image\":{\"@id\":\"https:\\\/\\\/ksproducts.ca\\\/#\\\/schema\\\/logo\\\/image\\\/\"}}]}<\/script>\n<!-- \/ Yoast SEO plugin. -->","yoast_head_json":{"title":"B'laster Graisse blanche au lithium haute performance - 311g - Ks Products","robots":{"index":"index","follow":"follow","max-snippet":"max-snippet:-1","max-image-preview":"max-image-preview:large","max-video-preview":"max-video-preview:-1"},"canonical":"https:\/\/ksproducts.ca\/fr\/product\/blaster-high-performance-white-lithium-grease-311g\/","og_locale":"fr_CA","og_type":"article","og_title":"B'laster High-Performance White Lithium Grease - 311g - Ks Products","og_description":"B'laster White Lithium Grease is low-odor, clean, white grease that lubricates by creating a protective barrier. It protects against moisture and oxidation and is safe for a wide range of applications. It provides low-friction lubrication and heavy-duty protection.","og_url":"https:\/\/ksproducts.ca\/fr\/product\/blaster-high-performance-white-lithium-grease-311g\/","og_site_name":"Ks Products","og_image":[{"width":440,"height":440,"url":"https:\/\/ksproducts.ca\/wp-content\/uploads\/2026\/03\/16-LG-CND.png","type":"image\/png"}],"twitter_card":"summary_large_image","twitter_misc":{"Estimation du temps de lecture":"1 minute"},"schema":{"@context":"https:\/\/schema.org","@graph":[{"@type":"WebPage","@id":"https:\/\/ksproducts.ca\/product\/blaster-high-performance-white-lithium-grease-311g\/","url":"https:\/\/ksproducts.ca\/product\/blaster-high-performance-white-lithium-grease-311g\/","name":"B'laster Graisse blanche au lithium haute performance - 311g - Ks Products","isPartOf":{"@id":"https:\/\/ksproducts.ca\/#website"},"primaryImageOfPage":{"@id":"https:\/\/ksproducts.ca\/product\/blaster-high-performance-white-lithium-grease-311g\/#primaryimage"},"image":{"@id":"https:\/\/ksproducts.ca\/product\/blaster-high-performance-white-lithium-grease-311g\/#primaryimage"},"thumbnailUrl":"https:\/\/ksproducts.ca\/wp-content\/uploads\/2026\/03\/16-LG-CND.png","datePublished":"2026-03-03T18:58:16+00:00","breadcrumb":{"@id":"https:\/\/ksproducts.ca\/product\/blaster-high-performance-white-lithium-grease-311g\/#breadcrumb"},"inLanguage":"fr-CA","potentialAction":[{"@type":"ReadAction","target":["https:\/\/ksproducts.ca\/product\/blaster-high-performance-white-lithium-grease-311g\/"]}]},{"@type":"ImageObject","inLanguage":"fr-CA","@id":"https:\/\/ksproducts.ca\/product\/blaster-high-performance-white-lithium-grease-311g\/#primaryimage","url":"https:\/\/ksproducts.ca\/wp-content\/uploads\/2026\/03\/16-LG-CND.png","contentUrl":"https:\/\/ksproducts.ca\/wp-content\/uploads\/2026\/03\/16-LG-CND.png","width":440,"height":440,"caption":"B'laster High-Performance White Lithium Grease - 311g"},{"@type":"BreadcrumbList","@id":"https:\/\/ksproducts.ca\/product\/blaster-high-performance-white-lithium-grease-311g\/#breadcrumb","itemListElement":[{"@type":"ListItem","position":1,"name":"Home","item":"https:\/\/ksproducts.ca\/"},{"@type":"ListItem","position":2,"name":"Shop","item":"https:\/\/ksproducts.ca\/shop\/"},{"@type":"ListItem","position":3,"name":"B&#8217;laster High-Performance White Lithium Grease &#8211; 311g"}]},{"@type":"WebSite","@id":"https:\/\/ksproducts.ca\/#website","url":"https:\/\/ksproducts.ca\/","name":"Produits Ks","description":"Cuisiner et vivre en plein air, c'est facile au Canada","publisher":{"@id":"https:\/\/ksproducts.ca\/#organization"},"potentialAction":[{"@type":"SearchAction","target":{"@type":"EntryPoint","urlTemplate":"https:\/\/ksproducts.ca\/?s={search_term_string}"},"query-input":{"@type":"PropertyValueSpecification","valueRequired":true,"valueName":"search_term_string"}}],"inLanguage":"fr-CA"},{"@type":"Organization","@id":"https:\/\/ksproducts.ca\/#organization","name":"Produits Ks","url":"https:\/\/ksproducts.ca\/","logo":{"@type":"ImageObject","inLanguage":"fr-CA","@id":"https:\/\/ksproducts.ca\/#\/schema\/logo\/image\/","url":"https:\/\/ksproducts.ca\/wp-content\/uploads\/2023\/09\/Kennedy-Sales-Logo-header-1.png","contentUrl":"https:\/\/ksproducts.ca\/wp-content\/uploads\/2023\/09\/Kennedy-Sales-Logo-header-1.png","width":150,"height":77,"caption":"Ks Products"},"image":{"@id":"https:\/\/ksproducts.ca\/#\/schema\/logo\/image\/"}}]}},"_links":{"self":[{"href":"https:\/\/ksproducts.ca\/fr\/wp-json\/wp\/v2\/product\/11299","targetHints":{"allow":["GET"]}}],"collection":[{"href":"https:\/\/ksproducts.ca\/fr\/wp-json\/wp\/v2\/product"}],"about":[{"href":"https:\/\/ksproducts.ca\/fr\/wp-json\/wp\/v2\/types\/product"}],"replies":[{"embeddable":true,"href":"https:\/\/ksproducts.ca\/fr\/wp-json\/wp\/v2\/comments?post=11299"}],"version-history":[{"count":1,"href":"https:\/\/ksproducts.ca\/fr\/wp-json\/wp\/v2\/product\/11299\/revisions"}],"predecessor-version":[{"id":11301,"href":"https:\/\/ksproducts.ca\/fr\/wp-json\/wp\/v2\/product\/11299\/revisions\/11301"}],"wp:featuredmedia":[{"embeddable":true,"href":"https:\/\/ksproducts.ca\/fr\/wp-json\/wp\/v2\/media\/11300"}],"wp:attachment":[{"href":"https:\/\/ksproducts.ca\/fr\/wp-json\/wp\/v2\/media?parent=11299"}],"wp:term":[{"taxonomy":"product_cat","embeddable":true,"href":"https:\/\/ksproducts.ca\/fr\/wp-json\/wp\/v2\/product_cat?post=11299"},{"taxonomy":"product_tag","embeddable":true,"href":"https:\/\/ksproducts.ca\/fr\/wp-json\/wp\/v2\/product_tag?post=11299"}],"curies":[{"name":"wp","href":"https:\/\/api.w.org\/{rel}","templated":true}]}}