{"id":11302,"date":"2026-03-03T19:00:58","date_gmt":"2026-03-03T19:00:58","guid":{"rendered":"https:\/\/ksproducts.ca\/?post_type=product&#038;p=11302"},"modified":"2026-03-13T14:22:39","modified_gmt":"2026-03-13T14:22:39","slug":"blaster-premium-silicone-garage-door-lubricant-spray-264g","status":"publish","type":"product","link":"https:\/\/ksproducts.ca\/fr\/product\/blaster-premium-silicone-garage-door-lubricant-spray-264g\/","title":{"rendered":"B'laster Premium Silicone Garage Door Lubricant Spray - 264g"},"content":{"rendered":"<ul>\n<li>R\u00e9duit le frottement et l'usure<\/li>\n<li>N'accumule pas la poussi\u00e8re et la salet\u00e9<\/li>\n<li>Fonctionnement silencieux<\/li>\n<\/ul>","protected":false},"excerpt":{"rendered":"<p>Le lubrifiant pour portes de garage B'laster est un lubrifiant \u00e0 base de silicone qui laisse un film non collant qui n'accumule pas la poussi\u00e8re et la salet\u00e9. Dans certains cas, ses agents d'extr\u00eame pression lui permettent de remplacer la graisse. Il aide efficacement \u00e0 arr\u00eater les grincements associ\u00e9s aux portes de garage et aux m\u00e9canismes.<\/p>","protected":false},"featured_media":12638,"comment_status":"open","ping_status":"closed","template":"","meta":[],"product_cat":[430],"product_tag":[],"class_list":{"0":"post-11302","1":"product","2":"type-product","3":"status-publish","4":"has-post-thumbnail","6":"product_cat-automotive-gear","7":"product_shipping_class-class-1","9":"first","10":"instock","11":"taxable","12":"shipping-taxable","13":"purchasable","14":"product-type-simple"},"yoast_head":"<!-- This site is optimized with the Yoast SEO plugin v27.3 - https:\/\/yoast.com\/product\/yoast-seo-wordpress\/ -->\n<title>B&#039;laster Premium Silicone Garage Door Lubricant Spray - 264g - Ks Products<\/title>\n<meta name=\"robots\" content=\"index, follow, max-snippet:-1, max-image-preview:large, max-video-preview:-1\" \/>\n<link rel=\"canonical\" href=\"https:\/\/ksproducts.ca\/fr\/product\/blaster-premium-silicone-garage-door-lubricant-spray-264g\/\" \/>\n<meta property=\"og:locale\" content=\"fr_CA\" \/>\n<meta property=\"og:type\" content=\"article\" \/>\n<meta property=\"og:title\" content=\"B&#039;laster Premium Silicone Garage Door Lubricant Spray - 264g - Ks Products\" \/>\n<meta property=\"og:description\" content=\"B&#039;laster Garage Door Lubricant is a silicone-based lubricant that leaves a tack-free film that won&#039;t accumulate dust and dirt. In some instances, its extreme pressure agents make it a suitable replacement for grease. It effectively helps stop squeaks associated with garage doors and mechanisms.\" \/>\n<meta property=\"og:url\" content=\"https:\/\/ksproducts.ca\/fr\/product\/blaster-premium-silicone-garage-door-lubricant-spray-264g\/\" \/>\n<meta property=\"og:site_name\" content=\"Ks Products\" \/>\n<meta property=\"article:modified_time\" content=\"2026-03-13T14:22:39+00:00\" \/>\n<meta property=\"og:image\" content=\"https:\/\/ksproducts.ca\/wp-content\/uploads\/2026\/03\/Blaster-Premium-Silicone-Garage-Door-Lubricant-Spray-264g-1.jpg\" \/>\n\t<meta property=\"og:image:width\" content=\"620\" \/>\n\t<meta property=\"og:image:height\" content=\"800\" \/>\n\t<meta property=\"og:image:type\" content=\"image\/jpeg\" \/>\n<meta name=\"twitter:card\" content=\"summary_large_image\" \/>\n<meta name=\"twitter:label1\" content=\"Estimation du temps de lecture\" \/>\n\t<meta name=\"twitter:data1\" content=\"1 minute\" \/>\n<script type=\"application\/ld+json\" class=\"yoast-schema-graph\">{\"@context\":\"https:\\\/\\\/schema.org\",\"@graph\":[{\"@type\":\"WebPage\",\"@id\":\"https:\\\/\\\/ksproducts.ca\\\/product\\\/blaster-premium-silicone-garage-door-lubricant-spray-264g\\\/\",\"url\":\"https:\\\/\\\/ksproducts.ca\\\/product\\\/blaster-premium-silicone-garage-door-lubricant-spray-264g\\\/\",\"name\":\"B'laster Premium Silicone Garage Door Lubricant Spray - 264g - Ks Products\",\"isPartOf\":{\"@id\":\"https:\\\/\\\/ksproducts.ca\\\/#website\"},\"primaryImageOfPage\":{\"@id\":\"https:\\\/\\\/ksproducts.ca\\\/product\\\/blaster-premium-silicone-garage-door-lubricant-spray-264g\\\/#primaryimage\"},\"image\":{\"@id\":\"https:\\\/\\\/ksproducts.ca\\\/product\\\/blaster-premium-silicone-garage-door-lubricant-spray-264g\\\/#primaryimage\"},\"thumbnailUrl\":\"https:\\\/\\\/ksproducts.ca\\\/wp-content\\\/uploads\\\/2026\\\/03\\\/Blaster-Premium-Silicone-Garage-Door-Lubricant-Spray-264g-1.jpg\",\"datePublished\":\"2026-03-03T19:00:58+00:00\",\"dateModified\":\"2026-03-13T14:22:39+00:00\",\"breadcrumb\":{\"@id\":\"https:\\\/\\\/ksproducts.ca\\\/product\\\/blaster-premium-silicone-garage-door-lubricant-spray-264g\\\/#breadcrumb\"},\"inLanguage\":\"fr-CA\",\"potentialAction\":[{\"@type\":\"ReadAction\",\"target\":[\"https:\\\/\\\/ksproducts.ca\\\/product\\\/blaster-premium-silicone-garage-door-lubricant-spray-264g\\\/\"]}]},{\"@type\":\"ImageObject\",\"inLanguage\":\"fr-CA\",\"@id\":\"https:\\\/\\\/ksproducts.ca\\\/product\\\/blaster-premium-silicone-garage-door-lubricant-spray-264g\\\/#primaryimage\",\"url\":\"https:\\\/\\\/ksproducts.ca\\\/wp-content\\\/uploads\\\/2026\\\/03\\\/Blaster-Premium-Silicone-Garage-Door-Lubricant-Spray-264g-1.jpg\",\"contentUrl\":\"https:\\\/\\\/ksproducts.ca\\\/wp-content\\\/uploads\\\/2026\\\/03\\\/Blaster-Premium-Silicone-Garage-Door-Lubricant-Spray-264g-1.jpg\",\"width\":620,\"height\":800,\"caption\":\"B'laster Premium Silicone Garage Door Lubricant Spray 264g\"},{\"@type\":\"BreadcrumbList\",\"@id\":\"https:\\\/\\\/ksproducts.ca\\\/product\\\/blaster-premium-silicone-garage-door-lubricant-spray-264g\\\/#breadcrumb\",\"itemListElement\":[{\"@type\":\"ListItem\",\"position\":1,\"name\":\"Home\",\"item\":\"https:\\\/\\\/ksproducts.ca\\\/\"},{\"@type\":\"ListItem\",\"position\":2,\"name\":\"Shop\",\"item\":\"https:\\\/\\\/ksproducts.ca\\\/shop\\\/\"},{\"@type\":\"ListItem\",\"position\":3,\"name\":\"B&#8217;laster Premium Silicone Garage Door Lubricant Spray &#8211; 264g\"}]},{\"@type\":\"WebSite\",\"@id\":\"https:\\\/\\\/ksproducts.ca\\\/#website\",\"url\":\"https:\\\/\\\/ksproducts.ca\\\/\",\"name\":\"Ks Products\",\"description\":\"Outdoor cooking and living, made easy in Canada\",\"publisher\":{\"@id\":\"https:\\\/\\\/ksproducts.ca\\\/#organization\"},\"potentialAction\":[{\"@type\":\"SearchAction\",\"target\":{\"@type\":\"EntryPoint\",\"urlTemplate\":\"https:\\\/\\\/ksproducts.ca\\\/?s={search_term_string}\"},\"query-input\":{\"@type\":\"PropertyValueSpecification\",\"valueRequired\":true,\"valueName\":\"search_term_string\"}}],\"inLanguage\":\"fr-CA\"},{\"@type\":\"Organization\",\"@id\":\"https:\\\/\\\/ksproducts.ca\\\/#organization\",\"name\":\"Ks Products\",\"url\":\"https:\\\/\\\/ksproducts.ca\\\/\",\"logo\":{\"@type\":\"ImageObject\",\"inLanguage\":\"fr-CA\",\"@id\":\"https:\\\/\\\/ksproducts.ca\\\/#\\\/schema\\\/logo\\\/image\\\/\",\"url\":\"https:\\\/\\\/ksproducts.ca\\\/wp-content\\\/uploads\\\/2023\\\/09\\\/Kennedy-Sales-Logo-header-1.png\",\"contentUrl\":\"https:\\\/\\\/ksproducts.ca\\\/wp-content\\\/uploads\\\/2023\\\/09\\\/Kennedy-Sales-Logo-header-1.png\",\"width\":150,\"height\":77,\"caption\":\"Ks Products\"},\"image\":{\"@id\":\"https:\\\/\\\/ksproducts.ca\\\/#\\\/schema\\\/logo\\\/image\\\/\"}}]}<\/script>\n<!-- \/ Yoast SEO plugin. -->","yoast_head_json":{"title":"B'laster Premium Silicone Garage Door Lubricant Spray - 264g - Ks Products","robots":{"index":"index","follow":"follow","max-snippet":"max-snippet:-1","max-image-preview":"max-image-preview:large","max-video-preview":"max-video-preview:-1"},"canonical":"https:\/\/ksproducts.ca\/fr\/product\/blaster-premium-silicone-garage-door-lubricant-spray-264g\/","og_locale":"fr_CA","og_type":"article","og_title":"B'laster Premium Silicone Garage Door Lubricant Spray - 264g - Ks Products","og_description":"B'laster Garage Door Lubricant is a silicone-based lubricant that leaves a tack-free film that won't accumulate dust and dirt. In some instances, its extreme pressure agents make it a suitable replacement for grease. It effectively helps stop squeaks associated with garage doors and mechanisms.","og_url":"https:\/\/ksproducts.ca\/fr\/product\/blaster-premium-silicone-garage-door-lubricant-spray-264g\/","og_site_name":"Ks Products","article_modified_time":"2026-03-13T14:22:39+00:00","og_image":[{"width":620,"height":800,"url":"https:\/\/ksproducts.ca\/wp-content\/uploads\/2026\/03\/Blaster-Premium-Silicone-Garage-Door-Lubricant-Spray-264g-1.jpg","type":"image\/jpeg"}],"twitter_card":"summary_large_image","twitter_misc":{"Estimation du temps de lecture":"1 minute"},"schema":{"@context":"https:\/\/schema.org","@graph":[{"@type":"WebPage","@id":"https:\/\/ksproducts.ca\/product\/blaster-premium-silicone-garage-door-lubricant-spray-264g\/","url":"https:\/\/ksproducts.ca\/product\/blaster-premium-silicone-garage-door-lubricant-spray-264g\/","name":"B'laster Premium Silicone Garage Door Lubricant Spray - 264g - Ks Products","isPartOf":{"@id":"https:\/\/ksproducts.ca\/#website"},"primaryImageOfPage":{"@id":"https:\/\/ksproducts.ca\/product\/blaster-premium-silicone-garage-door-lubricant-spray-264g\/#primaryimage"},"image":{"@id":"https:\/\/ksproducts.ca\/product\/blaster-premium-silicone-garage-door-lubricant-spray-264g\/#primaryimage"},"thumbnailUrl":"https:\/\/ksproducts.ca\/wp-content\/uploads\/2026\/03\/Blaster-Premium-Silicone-Garage-Door-Lubricant-Spray-264g-1.jpg","datePublished":"2026-03-03T19:00:58+00:00","dateModified":"2026-03-13T14:22:39+00:00","breadcrumb":{"@id":"https:\/\/ksproducts.ca\/product\/blaster-premium-silicone-garage-door-lubricant-spray-264g\/#breadcrumb"},"inLanguage":"fr-CA","potentialAction":[{"@type":"ReadAction","target":["https:\/\/ksproducts.ca\/product\/blaster-premium-silicone-garage-door-lubricant-spray-264g\/"]}]},{"@type":"ImageObject","inLanguage":"fr-CA","@id":"https:\/\/ksproducts.ca\/product\/blaster-premium-silicone-garage-door-lubricant-spray-264g\/#primaryimage","url":"https:\/\/ksproducts.ca\/wp-content\/uploads\/2026\/03\/Blaster-Premium-Silicone-Garage-Door-Lubricant-Spray-264g-1.jpg","contentUrl":"https:\/\/ksproducts.ca\/wp-content\/uploads\/2026\/03\/Blaster-Premium-Silicone-Garage-Door-Lubricant-Spray-264g-1.jpg","width":620,"height":800,"caption":"B'laster Premium Silicone Garage Door Lubricant Spray 264g"},{"@type":"BreadcrumbList","@id":"https:\/\/ksproducts.ca\/product\/blaster-premium-silicone-garage-door-lubricant-spray-264g\/#breadcrumb","itemListElement":[{"@type":"ListItem","position":1,"name":"Home","item":"https:\/\/ksproducts.ca\/"},{"@type":"ListItem","position":2,"name":"Shop","item":"https:\/\/ksproducts.ca\/shop\/"},{"@type":"ListItem","position":3,"name":"B&#8217;laster Premium Silicone Garage Door Lubricant Spray &#8211; 264g"}]},{"@type":"WebSite","@id":"https:\/\/ksproducts.ca\/#website","url":"https:\/\/ksproducts.ca\/","name":"Produits Ks","description":"Cuisiner et vivre en plein air, c'est facile au Canada","publisher":{"@id":"https:\/\/ksproducts.ca\/#organization"},"potentialAction":[{"@type":"SearchAction","target":{"@type":"EntryPoint","urlTemplate":"https:\/\/ksproducts.ca\/?s={search_term_string}"},"query-input":{"@type":"PropertyValueSpecification","valueRequired":true,"valueName":"search_term_string"}}],"inLanguage":"fr-CA"},{"@type":"Organization","@id":"https:\/\/ksproducts.ca\/#organization","name":"Produits Ks","url":"https:\/\/ksproducts.ca\/","logo":{"@type":"ImageObject","inLanguage":"fr-CA","@id":"https:\/\/ksproducts.ca\/#\/schema\/logo\/image\/","url":"https:\/\/ksproducts.ca\/wp-content\/uploads\/2023\/09\/Kennedy-Sales-Logo-header-1.png","contentUrl":"https:\/\/ksproducts.ca\/wp-content\/uploads\/2023\/09\/Kennedy-Sales-Logo-header-1.png","width":150,"height":77,"caption":"Ks Products"},"image":{"@id":"https:\/\/ksproducts.ca\/#\/schema\/logo\/image\/"}}]}},"_links":{"self":[{"href":"https:\/\/ksproducts.ca\/fr\/wp-json\/wp\/v2\/product\/11302","targetHints":{"allow":["GET"]}}],"collection":[{"href":"https:\/\/ksproducts.ca\/fr\/wp-json\/wp\/v2\/product"}],"about":[{"href":"https:\/\/ksproducts.ca\/fr\/wp-json\/wp\/v2\/types\/product"}],"replies":[{"embeddable":true,"href":"https:\/\/ksproducts.ca\/fr\/wp-json\/wp\/v2\/comments?post=11302"}],"version-history":[{"count":1,"href":"https:\/\/ksproducts.ca\/fr\/wp-json\/wp\/v2\/product\/11302\/revisions"}],"predecessor-version":[{"id":11304,"href":"https:\/\/ksproducts.ca\/fr\/wp-json\/wp\/v2\/product\/11302\/revisions\/11304"}],"wp:featuredmedia":[{"embeddable":true,"href":"https:\/\/ksproducts.ca\/fr\/wp-json\/wp\/v2\/media\/12638"}],"wp:attachment":[{"href":"https:\/\/ksproducts.ca\/fr\/wp-json\/wp\/v2\/media?parent=11302"}],"wp:term":[{"taxonomy":"product_cat","embeddable":true,"href":"https:\/\/ksproducts.ca\/fr\/wp-json\/wp\/v2\/product_cat?post=11302"},{"taxonomy":"product_tag","embeddable":true,"href":"https:\/\/ksproducts.ca\/fr\/wp-json\/wp\/v2\/product_tag?post=11302"}],"curies":[{"name":"wp","href":"https:\/\/api.w.org\/{rel}","templated":true}]}}