{"id":11308,"date":"2026-03-03T19:09:11","date_gmt":"2026-03-03T19:09:11","guid":{"rendered":"https:\/\/ksproducts.ca\/?post_type=product&#038;p=11308"},"modified":"2026-03-03T19:09:12","modified_gmt":"2026-03-03T19:09:12","slug":"blaster-puissant-degraissant-a-base-dagrumes-311g","status":"publish","type":"product","link":"https:\/\/ksproducts.ca\/fr\/product\/blaster-powerful-citrus-based-degreaser-311g\/","title":{"rendered":"B'laster D\u00e9graissant puissant \u00e0 base d'agrumes - 311g"},"content":{"rendered":"<section class=\"page-product__section page-product__section--top page-product__section--bordered\" data-track-section-name=\"description\">\n<div class=\"row\">\n<div class=\"col-xs-12\">\n<div class=\"page-product__description\">\n<ul>\n<li>Formule \u00e0 action rapide qui se rince \u00e0 l'eau<\/li>\n<li>Vaporiser et essuyer les graisses tenaces<\/li>\n<li>Nettoie l'acier inoxydable en toute s\u00e9curit\u00e9<\/li>\n<\/ul>\n<\/div>\n<div class=\"page-product__section__icons\"><\/div>\n<\/div>\n<\/div>\n<\/section>","protected":false},"excerpt":{"rendered":"<p>Le d\u00e9graissant \u00e0 base d'agrumes B'laster \u00e9limine le goudron, la graisse, l'huile, la r\u00e9sine et l'adh\u00e9sif de pratiquement toutes les surfaces. L'un des produits les plus polyvalents de B'laster, le d\u00e9graissant \u00e0 base d'agrumes a d'innombrables applications. Il agit rapidement, est facile \u00e0 utiliser en le vaporisant et en l'essuyant, et se rince \u00e0 l'eau.<\/p>","protected":false},"featured_media":11309,"comment_status":"open","ping_status":"closed","template":"","meta":[],"product_cat":[430],"product_tag":[],"class_list":{"0":"post-11308","1":"product","2":"type-product","3":"status-publish","4":"has-post-thumbnail","6":"product_cat-automotive-gear","7":"product_shipping_class-class-1","9":"first","10":"instock","11":"taxable","12":"shipping-taxable","13":"purchasable","14":"product-type-simple"},"yoast_head":"<!-- This site is optimized with the Yoast SEO plugin v27.4 - https:\/\/yoast.com\/product\/yoast-seo-wordpress\/ -->\n<title>B&#039;laster Powerful Citrus-Based Degreaser - 311g - Ks Products<\/title>\n<meta name=\"robots\" content=\"index, follow, max-snippet:-1, max-image-preview:large, max-video-preview:-1\" \/>\n<link rel=\"canonical\" href=\"https:\/\/ksproducts.ca\/fr\/product\/blaster-puissant-degraissant-a-base-dagrumes-311g\/\" \/>\n<meta property=\"og:locale\" content=\"fr_CA\" \/>\n<meta property=\"og:type\" content=\"article\" \/>\n<meta property=\"og:title\" content=\"B&#039;laster Powerful Citrus-Based Degreaser - 311g - Ks Products\" \/>\n<meta property=\"og:description\" content=\"B&#039;laster Citrus Based Degreaser removes tar, grease, oil, resin and adhesive from virtually any surface. As one of B&#039;laster&#039;s most versatile products, Citrus Based Degreaser has countless applications. It is fast acting, easy to use by spraying on and wiping off and rinses clean with water.\" \/>\n<meta property=\"og:url\" content=\"https:\/\/ksproducts.ca\/fr\/product\/blaster-puissant-degraissant-a-base-dagrumes-311g\/\" \/>\n<meta property=\"og:site_name\" content=\"Ks Products\" \/>\n<meta property=\"article:modified_time\" content=\"2026-03-03T19:09:12+00:00\" \/>\n<meta property=\"og:image\" content=\"https:\/\/ksproducts.ca\/wp-content\/uploads\/2026\/03\/16-CBD.jpg\" \/>\n\t<meta property=\"og:image:width\" content=\"600\" \/>\n\t<meta property=\"og:image:height\" content=\"600\" \/>\n\t<meta property=\"og:image:type\" content=\"image\/jpeg\" \/>\n<meta name=\"twitter:card\" content=\"summary_large_image\" \/>\n<meta name=\"twitter:label1\" content=\"Estimation du temps de lecture\" \/>\n\t<meta name=\"twitter:data1\" content=\"1 minute\" \/>\n<script type=\"application\/ld+json\" class=\"yoast-schema-graph\">{\"@context\":\"https:\\\/\\\/schema.org\",\"@graph\":[{\"@type\":\"WebPage\",\"@id\":\"https:\\\/\\\/ksproducts.ca\\\/product\\\/blaster-powerful-citrus-based-degreaser-311g\\\/\",\"url\":\"https:\\\/\\\/ksproducts.ca\\\/product\\\/blaster-powerful-citrus-based-degreaser-311g\\\/\",\"name\":\"B'laster Powerful Citrus-Based Degreaser - 311g - Ks Products\",\"isPartOf\":{\"@id\":\"https:\\\/\\\/ksproducts.ca\\\/#website\"},\"primaryImageOfPage\":{\"@id\":\"https:\\\/\\\/ksproducts.ca\\\/product\\\/blaster-powerful-citrus-based-degreaser-311g\\\/#primaryimage\"},\"image\":{\"@id\":\"https:\\\/\\\/ksproducts.ca\\\/product\\\/blaster-powerful-citrus-based-degreaser-311g\\\/#primaryimage\"},\"thumbnailUrl\":\"https:\\\/\\\/ksproducts.ca\\\/wp-content\\\/uploads\\\/2026\\\/03\\\/16-CBD.jpg\",\"datePublished\":\"2026-03-03T19:09:11+00:00\",\"dateModified\":\"2026-03-03T19:09:12+00:00\",\"breadcrumb\":{\"@id\":\"https:\\\/\\\/ksproducts.ca\\\/product\\\/blaster-powerful-citrus-based-degreaser-311g\\\/#breadcrumb\"},\"inLanguage\":\"fr-CA\",\"potentialAction\":[{\"@type\":\"ReadAction\",\"target\":[\"https:\\\/\\\/ksproducts.ca\\\/product\\\/blaster-powerful-citrus-based-degreaser-311g\\\/\"]}]},{\"@type\":\"ImageObject\",\"inLanguage\":\"fr-CA\",\"@id\":\"https:\\\/\\\/ksproducts.ca\\\/product\\\/blaster-powerful-citrus-based-degreaser-311g\\\/#primaryimage\",\"url\":\"https:\\\/\\\/ksproducts.ca\\\/wp-content\\\/uploads\\\/2026\\\/03\\\/16-CBD.jpg\",\"contentUrl\":\"https:\\\/\\\/ksproducts.ca\\\/wp-content\\\/uploads\\\/2026\\\/03\\\/16-CBD.jpg\",\"width\":600,\"height\":600,\"caption\":\"B'laster Powerful Citrus-Based Degreaser - 311g\"},{\"@type\":\"BreadcrumbList\",\"@id\":\"https:\\\/\\\/ksproducts.ca\\\/product\\\/blaster-powerful-citrus-based-degreaser-311g\\\/#breadcrumb\",\"itemListElement\":[{\"@type\":\"ListItem\",\"position\":1,\"name\":\"Home\",\"item\":\"https:\\\/\\\/ksproducts.ca\\\/\"},{\"@type\":\"ListItem\",\"position\":2,\"name\":\"Shop\",\"item\":\"https:\\\/\\\/ksproducts.ca\\\/shop\\\/\"},{\"@type\":\"ListItem\",\"position\":3,\"name\":\"B&#8217;laster Powerful Citrus-Based Degreaser &#8211; 311g\"}]},{\"@type\":\"WebSite\",\"@id\":\"https:\\\/\\\/ksproducts.ca\\\/#website\",\"url\":\"https:\\\/\\\/ksproducts.ca\\\/\",\"name\":\"Ks Products\",\"description\":\"Outdoor cooking and living, made easy in Canada\",\"publisher\":{\"@id\":\"https:\\\/\\\/ksproducts.ca\\\/#organization\"},\"potentialAction\":[{\"@type\":\"SearchAction\",\"target\":{\"@type\":\"EntryPoint\",\"urlTemplate\":\"https:\\\/\\\/ksproducts.ca\\\/?s={search_term_string}\"},\"query-input\":{\"@type\":\"PropertyValueSpecification\",\"valueRequired\":true,\"valueName\":\"search_term_string\"}}],\"inLanguage\":\"fr-CA\"},{\"@type\":\"Organization\",\"@id\":\"https:\\\/\\\/ksproducts.ca\\\/#organization\",\"name\":\"Ks Products\",\"url\":\"https:\\\/\\\/ksproducts.ca\\\/\",\"logo\":{\"@type\":\"ImageObject\",\"inLanguage\":\"fr-CA\",\"@id\":\"https:\\\/\\\/ksproducts.ca\\\/#\\\/schema\\\/logo\\\/image\\\/\",\"url\":\"https:\\\/\\\/ksproducts.ca\\\/wp-content\\\/uploads\\\/2023\\\/09\\\/Kennedy-Sales-Logo-header-1.png\",\"contentUrl\":\"https:\\\/\\\/ksproducts.ca\\\/wp-content\\\/uploads\\\/2023\\\/09\\\/Kennedy-Sales-Logo-header-1.png\",\"width\":150,\"height\":77,\"caption\":\"Ks Products\"},\"image\":{\"@id\":\"https:\\\/\\\/ksproducts.ca\\\/#\\\/schema\\\/logo\\\/image\\\/\"}}]}<\/script>\n<!-- \/ Yoast SEO plugin. -->","yoast_head_json":{"title":"B'laster D\u00e9graissant puissant \u00e0 base d'agrumes - 311g - Ks Products","robots":{"index":"index","follow":"follow","max-snippet":"max-snippet:-1","max-image-preview":"max-image-preview:large","max-video-preview":"max-video-preview:-1"},"canonical":"https:\/\/ksproducts.ca\/fr\/product\/blaster-puissant-degraissant-a-base-dagrumes-311g\/","og_locale":"fr_CA","og_type":"article","og_title":"B'laster Powerful Citrus-Based Degreaser - 311g - Ks Products","og_description":"B'laster Citrus Based Degreaser removes tar, grease, oil, resin and adhesive from virtually any surface. As one of B'laster's most versatile products, Citrus Based Degreaser has countless applications. It is fast acting, easy to use by spraying on and wiping off and rinses clean with water.","og_url":"https:\/\/ksproducts.ca\/fr\/product\/blaster-puissant-degraissant-a-base-dagrumes-311g\/","og_site_name":"Ks Products","article_modified_time":"2026-03-03T19:09:12+00:00","og_image":[{"width":600,"height":600,"url":"https:\/\/ksproducts.ca\/wp-content\/uploads\/2026\/03\/16-CBD.jpg","type":"image\/jpeg"}],"twitter_card":"summary_large_image","twitter_misc":{"Estimation du temps de lecture":"1 minute"},"schema":{"@context":"https:\/\/schema.org","@graph":[{"@type":"WebPage","@id":"https:\/\/ksproducts.ca\/product\/blaster-powerful-citrus-based-degreaser-311g\/","url":"https:\/\/ksproducts.ca\/product\/blaster-powerful-citrus-based-degreaser-311g\/","name":"B'laster D\u00e9graissant puissant \u00e0 base d'agrumes - 311g - Ks Products","isPartOf":{"@id":"https:\/\/ksproducts.ca\/#website"},"primaryImageOfPage":{"@id":"https:\/\/ksproducts.ca\/product\/blaster-powerful-citrus-based-degreaser-311g\/#primaryimage"},"image":{"@id":"https:\/\/ksproducts.ca\/product\/blaster-powerful-citrus-based-degreaser-311g\/#primaryimage"},"thumbnailUrl":"https:\/\/ksproducts.ca\/wp-content\/uploads\/2026\/03\/16-CBD.jpg","datePublished":"2026-03-03T19:09:11+00:00","dateModified":"2026-03-03T19:09:12+00:00","breadcrumb":{"@id":"https:\/\/ksproducts.ca\/product\/blaster-powerful-citrus-based-degreaser-311g\/#breadcrumb"},"inLanguage":"fr-CA","potentialAction":[{"@type":"ReadAction","target":["https:\/\/ksproducts.ca\/product\/blaster-powerful-citrus-based-degreaser-311g\/"]}]},{"@type":"ImageObject","inLanguage":"fr-CA","@id":"https:\/\/ksproducts.ca\/product\/blaster-powerful-citrus-based-degreaser-311g\/#primaryimage","url":"https:\/\/ksproducts.ca\/wp-content\/uploads\/2026\/03\/16-CBD.jpg","contentUrl":"https:\/\/ksproducts.ca\/wp-content\/uploads\/2026\/03\/16-CBD.jpg","width":600,"height":600,"caption":"B'laster Powerful Citrus-Based Degreaser - 311g"},{"@type":"BreadcrumbList","@id":"https:\/\/ksproducts.ca\/product\/blaster-powerful-citrus-based-degreaser-311g\/#breadcrumb","itemListElement":[{"@type":"ListItem","position":1,"name":"Home","item":"https:\/\/ksproducts.ca\/"},{"@type":"ListItem","position":2,"name":"Shop","item":"https:\/\/ksproducts.ca\/shop\/"},{"@type":"ListItem","position":3,"name":"B&#8217;laster Powerful Citrus-Based Degreaser &#8211; 311g"}]},{"@type":"WebSite","@id":"https:\/\/ksproducts.ca\/#website","url":"https:\/\/ksproducts.ca\/","name":"Produits Ks","description":"Cuisiner et vivre en plein air, c'est facile au Canada","publisher":{"@id":"https:\/\/ksproducts.ca\/#organization"},"potentialAction":[{"@type":"SearchAction","target":{"@type":"EntryPoint","urlTemplate":"https:\/\/ksproducts.ca\/?s={search_term_string}"},"query-input":{"@type":"PropertyValueSpecification","valueRequired":true,"valueName":"search_term_string"}}],"inLanguage":"fr-CA"},{"@type":"Organization","@id":"https:\/\/ksproducts.ca\/#organization","name":"Produits Ks","url":"https:\/\/ksproducts.ca\/","logo":{"@type":"ImageObject","inLanguage":"fr-CA","@id":"https:\/\/ksproducts.ca\/#\/schema\/logo\/image\/","url":"https:\/\/ksproducts.ca\/wp-content\/uploads\/2023\/09\/Kennedy-Sales-Logo-header-1.png","contentUrl":"https:\/\/ksproducts.ca\/wp-content\/uploads\/2023\/09\/Kennedy-Sales-Logo-header-1.png","width":150,"height":77,"caption":"Ks Products"},"image":{"@id":"https:\/\/ksproducts.ca\/#\/schema\/logo\/image\/"}}]}},"_links":{"self":[{"href":"https:\/\/ksproducts.ca\/fr\/wp-json\/wp\/v2\/product\/11308","targetHints":{"allow":["GET"]}}],"collection":[{"href":"https:\/\/ksproducts.ca\/fr\/wp-json\/wp\/v2\/product"}],"about":[{"href":"https:\/\/ksproducts.ca\/fr\/wp-json\/wp\/v2\/types\/product"}],"replies":[{"embeddable":true,"href":"https:\/\/ksproducts.ca\/fr\/wp-json\/wp\/v2\/comments?post=11308"}],"version-history":[{"count":1,"href":"https:\/\/ksproducts.ca\/fr\/wp-json\/wp\/v2\/product\/11308\/revisions"}],"predecessor-version":[{"id":11310,"href":"https:\/\/ksproducts.ca\/fr\/wp-json\/wp\/v2\/product\/11308\/revisions\/11310"}],"wp:featuredmedia":[{"embeddable":true,"href":"https:\/\/ksproducts.ca\/fr\/wp-json\/wp\/v2\/media\/11309"}],"wp:attachment":[{"href":"https:\/\/ksproducts.ca\/fr\/wp-json\/wp\/v2\/media?parent=11308"}],"wp:term":[{"taxonomy":"product_cat","embeddable":true,"href":"https:\/\/ksproducts.ca\/fr\/wp-json\/wp\/v2\/product_cat?post=11308"},{"taxonomy":"product_tag","embeddable":true,"href":"https:\/\/ksproducts.ca\/fr\/wp-json\/wp\/v2\/product_tag?post=11308"}],"curies":[{"name":"wp","href":"https:\/\/api.w.org\/{rel}","templated":true}]}}