{"id":11311,"date":"2026-03-03T19:15:13","date_gmt":"2026-03-03T19:15:13","guid":{"rendered":"https:\/\/ksproducts.ca\/?post_type=product&#038;p=11311"},"modified":"2026-03-03T19:15:14","modified_gmt":"2026-03-03T19:15:14","slug":"blackstone-44inch-original-series-5-burner-griddle-cooking-station-with-hard-cover","status":"publish","type":"product","link":"https:\/\/ksproducts.ca\/fr\/product\/blackstone-44inch-original-series-5-burner-griddle-cooking-station-with-hard-cover\/","title":{"rendered":"Blackstone 44inch Original Series 5-Burner Griddle Cooking Station with Hard Cover (Station de cuisson grillag\u00e9e \u00e0 5 br\u00fbleurs avec couvercle rigide)"},"content":{"rendered":"<ul class=\"title-block_features__oR3xh\" data-testid=\"product-features\">\n<li>Couverture rigide : La couverture robuste prot\u00e8ge votre dessus de plancha des intemp\u00e9ries.<\/li>\n<li>49 000 BTU avec cinq zones de chaleur contr\u00f4lables ind\u00e9pendamment : Cuisinez vos plats principaux et d'accompagnement simultan\u00e9ment \u00e0 diff\u00e9rentes temp\u00e9ratures.<\/li>\n<li>Deux \u00e9tag\u00e8res lat\u00e9rales pliantes avec crochets : Espace de pr\u00e9paration suppl\u00e9mentaire avec un rangement pratique et compact, et un acc\u00e8s facile \u00e0 vos outils de cuisine gr\u00e2ce aux crochets des \u00e9tag\u00e8res lat\u00e9rales.<\/li>\n<li>Barre d'outils magn\u00e9tique : Gardez spatules, grattoirs et autres ustensiles \u00e0 port\u00e9e de main.<\/li>\n<li>Allumage \u00e9lectronique par bouton-poussoir : Syst\u00e8me d'allumage pratique et fiable fonctionnant avec une seule pile AA (non fournie).<\/li>\n<li>Syst\u00e8me brevet\u00e9 de gestion de la graisse arri\u00e8re : Poussez le graisse et les d\u00e9bris alimentaires vers l'arri\u00e8re de la plaque de cuisson pour un nettoyage facile.<\/li>\n<li>Quatre roulettes pivotantes avec frein : Assurez-vous que la plancha peut rester en place ou se d\u00e9placer facilement sur votre patio.<\/li>\n<\/ul>","protected":false},"excerpt":{"rendered":"<p>La plaque de gril Blackstone 44\u201d Omnivore avec couvercle rigide est parfaite pour servir des montagnes de nourriture \u00e0 votre famille ou \u00e0 tout autre \u00e9v\u00e9nement. \u00c9quip\u00e9e de la plaque de gril Omnivore pour une meilleure r\u00e9partition de la chaleur et un meilleur rendement \u00e9nerg\u00e9tique, ainsi que de cinq zones de chaleur contr\u00f4l\u00e9es ind\u00e9pendamment, vous pourrez pr\u00e9parer le petit-d\u00e9jeuner, le d\u00e9jeuner et le d\u00eener pour tout le voisinage. Avec les tablettes lat\u00e9rales rabattables pour un espace de pr\u00e9paration suppl\u00e9mentaire sans sacrifier l'espace de rangement et la barre d'outils magn\u00e9tique pour ranger votre mat\u00e9riel de gril, vous aurez tout ce dont vous avez besoin pour n'importe quel repas. Compl\u00e9tez votre cuisine d'arri\u00e8re-cour avec la plaque de gril Omnivore 44\u2033 avec couvercle rigide ! Les temps de pr\u00e9chauffage et de r\u00e9cup\u00e9ration sont plus rapides, la r\u00e9partition de la chaleur est uniforme, le rendement \u00e9nerg\u00e9tique est plus \u00e9lev\u00e9 avec moins de BTU requis pour des temp\u00e9ratures de cuisson optimales, et les pare-vent int\u00e9gr\u00e9s gardent l'air chaud \u00e0 l'int\u00e9rieur et l'air frais \u00e0 l'ext\u00e9rieur.<\/p>","protected":false},"featured_media":11312,"comment_status":"open","ping_status":"closed","template":"","meta":[],"product_cat":[402,394,428],"product_tag":[],"class_list":{"0":"post-11311","1":"product","2":"type-product","3":"status-publish","4":"has-post-thumbnail","6":"product_cat-36-inch-griddle","7":"product_cat-griddles-2","8":"product_cat-outdoor-cooking","9":"product_shipping_class-class-4","11":"first","12":"instock","13":"taxable","14":"shipping-taxable","15":"purchasable","16":"product-type-simple"},"yoast_head":"<!-- This site is optimized with the Yoast SEO plugin v27.4 - https:\/\/yoast.com\/product\/yoast-seo-wordpress\/ -->\n<title>Blackstone 44inch Original Series 5-Burner Griddle Cooking Station with Hard Cover - Ks Products<\/title>\n<meta name=\"robots\" content=\"index, follow, max-snippet:-1, max-image-preview:large, max-video-preview:-1\" \/>\n<link rel=\"canonical\" href=\"https:\/\/ksproducts.ca\/fr\/product\/blackstone-44inch-original-series-5-burner-griddle-cooking-station-with-hard-cover\/\" \/>\n<meta property=\"og:locale\" content=\"fr_CA\" \/>\n<meta property=\"og:type\" content=\"article\" \/>\n<meta property=\"og:title\" content=\"Blackstone 44inch Original Series 5-Burner Griddle Cooking Station with Hard Cover - Ks Products\" \/>\n<meta property=\"og:description\" content=\"The Blackstone 44\u201d Omnivore Griddle with Hard Cover is perfect for serving mountains of food for your family or for any event. Equipped with the Omnivore Griddle Plate for better heat distribution and fuel efficiency and five independently controlled heat zones, you\u2019ll be cooking breakfast, lunch, and dinner for the entire neighborhood. With folding side shelves for extra prep space without sacrificing storage space and the magnetic toolbar for holding your griddle gear, you\u2019ll have everything you need for any meal. Complete your backyard kitchen with the 44\u2033 Omnivore Griddle with Hard Cover!Omnivore Griddle Plate Technology: Quicker preheat and recovery times, even heat distribution, higher fuel efficiency with fewer BTUs required for optimal cooking temperatures, and built-in wind guards keep the hot air in and the cool air out.\" \/>\n<meta property=\"og:url\" content=\"https:\/\/ksproducts.ca\/fr\/product\/blackstone-44inch-original-series-5-burner-griddle-cooking-station-with-hard-cover\/\" \/>\n<meta property=\"og:site_name\" content=\"Ks Products\" \/>\n<meta property=\"article:modified_time\" content=\"2026-03-03T19:15:14+00:00\" \/>\n<meta property=\"og:image\" content=\"https:\/\/ksproducts.ca\/wp-content\/uploads\/2026\/03\/1568NA.jpg\" \/>\n\t<meta property=\"og:image:width\" content=\"640\" \/>\n\t<meta property=\"og:image:height\" content=\"495\" \/>\n\t<meta property=\"og:image:type\" content=\"image\/jpeg\" \/>\n<meta name=\"twitter:card\" content=\"summary_large_image\" \/>\n<meta name=\"twitter:label1\" content=\"Estimation du temps de lecture\" \/>\n\t<meta name=\"twitter:data1\" content=\"1 minute\" \/>\n<script type=\"application\/ld+json\" class=\"yoast-schema-graph\">{\"@context\":\"https:\\\/\\\/schema.org\",\"@graph\":[{\"@type\":\"WebPage\",\"@id\":\"https:\\\/\\\/ksproducts.ca\\\/product\\\/blackstone-44inch-original-series-5-burner-griddle-cooking-station-with-hard-cover\\\/\",\"url\":\"https:\\\/\\\/ksproducts.ca\\\/product\\\/blackstone-44inch-original-series-5-burner-griddle-cooking-station-with-hard-cover\\\/\",\"name\":\"Blackstone 44inch Original Series 5-Burner Griddle Cooking Station with Hard Cover - Ks Products\",\"isPartOf\":{\"@id\":\"https:\\\/\\\/ksproducts.ca\\\/#website\"},\"primaryImageOfPage\":{\"@id\":\"https:\\\/\\\/ksproducts.ca\\\/product\\\/blackstone-44inch-original-series-5-burner-griddle-cooking-station-with-hard-cover\\\/#primaryimage\"},\"image\":{\"@id\":\"https:\\\/\\\/ksproducts.ca\\\/product\\\/blackstone-44inch-original-series-5-burner-griddle-cooking-station-with-hard-cover\\\/#primaryimage\"},\"thumbnailUrl\":\"https:\\\/\\\/ksproducts.ca\\\/wp-content\\\/uploads\\\/2026\\\/03\\\/1568NA.jpg\",\"datePublished\":\"2026-03-03T19:15:13+00:00\",\"dateModified\":\"2026-03-03T19:15:14+00:00\",\"breadcrumb\":{\"@id\":\"https:\\\/\\\/ksproducts.ca\\\/product\\\/blackstone-44inch-original-series-5-burner-griddle-cooking-station-with-hard-cover\\\/#breadcrumb\"},\"inLanguage\":\"fr-CA\",\"potentialAction\":[{\"@type\":\"ReadAction\",\"target\":[\"https:\\\/\\\/ksproducts.ca\\\/product\\\/blackstone-44inch-original-series-5-burner-griddle-cooking-station-with-hard-cover\\\/\"]}]},{\"@type\":\"ImageObject\",\"inLanguage\":\"fr-CA\",\"@id\":\"https:\\\/\\\/ksproducts.ca\\\/product\\\/blackstone-44inch-original-series-5-burner-griddle-cooking-station-with-hard-cover\\\/#primaryimage\",\"url\":\"https:\\\/\\\/ksproducts.ca\\\/wp-content\\\/uploads\\\/2026\\\/03\\\/1568NA.jpg\",\"contentUrl\":\"https:\\\/\\\/ksproducts.ca\\\/wp-content\\\/uploads\\\/2026\\\/03\\\/1568NA.jpg\",\"width\":640,\"height\":495,\"caption\":\"Blackstone 44inch Original Series 5-Burner Griddle Cooking Station with Hard Cover\"},{\"@type\":\"BreadcrumbList\",\"@id\":\"https:\\\/\\\/ksproducts.ca\\\/product\\\/blackstone-44inch-original-series-5-burner-griddle-cooking-station-with-hard-cover\\\/#breadcrumb\",\"itemListElement\":[{\"@type\":\"ListItem\",\"position\":1,\"name\":\"Home\",\"item\":\"https:\\\/\\\/ksproducts.ca\\\/\"},{\"@type\":\"ListItem\",\"position\":2,\"name\":\"Shop\",\"item\":\"https:\\\/\\\/ksproducts.ca\\\/shop\\\/\"},{\"@type\":\"ListItem\",\"position\":3,\"name\":\"Blackstone 44inch Original Series 5-Burner Griddle Cooking Station with Hard Cover\"}]},{\"@type\":\"WebSite\",\"@id\":\"https:\\\/\\\/ksproducts.ca\\\/#website\",\"url\":\"https:\\\/\\\/ksproducts.ca\\\/\",\"name\":\"Ks Products\",\"description\":\"Outdoor cooking and living, made easy in Canada\",\"publisher\":{\"@id\":\"https:\\\/\\\/ksproducts.ca\\\/#organization\"},\"potentialAction\":[{\"@type\":\"SearchAction\",\"target\":{\"@type\":\"EntryPoint\",\"urlTemplate\":\"https:\\\/\\\/ksproducts.ca\\\/?s={search_term_string}\"},\"query-input\":{\"@type\":\"PropertyValueSpecification\",\"valueRequired\":true,\"valueName\":\"search_term_string\"}}],\"inLanguage\":\"fr-CA\"},{\"@type\":\"Organization\",\"@id\":\"https:\\\/\\\/ksproducts.ca\\\/#organization\",\"name\":\"Ks Products\",\"url\":\"https:\\\/\\\/ksproducts.ca\\\/\",\"logo\":{\"@type\":\"ImageObject\",\"inLanguage\":\"fr-CA\",\"@id\":\"https:\\\/\\\/ksproducts.ca\\\/#\\\/schema\\\/logo\\\/image\\\/\",\"url\":\"https:\\\/\\\/ksproducts.ca\\\/wp-content\\\/uploads\\\/2023\\\/09\\\/Kennedy-Sales-Logo-header-1.png\",\"contentUrl\":\"https:\\\/\\\/ksproducts.ca\\\/wp-content\\\/uploads\\\/2023\\\/09\\\/Kennedy-Sales-Logo-header-1.png\",\"width\":150,\"height\":77,\"caption\":\"Ks Products\"},\"image\":{\"@id\":\"https:\\\/\\\/ksproducts.ca\\\/#\\\/schema\\\/logo\\\/image\\\/\"}}]}<\/script>\n<!-- \/ Yoast SEO plugin. -->","yoast_head_json":{"title":"Plancha Blackstone Original Series 44 pouces 5 br\u00fbleurs avec couvercle rigide - Ks Products","robots":{"index":"index","follow":"follow","max-snippet":"max-snippet:-1","max-image-preview":"max-image-preview:large","max-video-preview":"max-video-preview:-1"},"canonical":"https:\/\/ksproducts.ca\/fr\/product\/blackstone-44inch-original-series-5-burner-griddle-cooking-station-with-hard-cover\/","og_locale":"fr_CA","og_type":"article","og_title":"Blackstone 44inch Original Series 5-Burner Griddle Cooking Station with Hard Cover - Ks Products","og_description":"The Blackstone 44\u201d Omnivore Griddle with Hard Cover is perfect for serving mountains of food for your family or for any event. Equipped with the Omnivore Griddle Plate for better heat distribution and fuel efficiency and five independently controlled heat zones, you\u2019ll be cooking breakfast, lunch, and dinner for the entire neighborhood. With folding side shelves for extra prep space without sacrificing storage space and the magnetic toolbar for holding your griddle gear, you\u2019ll have everything you need for any meal. Complete your backyard kitchen with the 44\u2033 Omnivore Griddle with Hard Cover!Omnivore Griddle Plate Technology: Quicker preheat and recovery times, even heat distribution, higher fuel efficiency with fewer BTUs required for optimal cooking temperatures, and built-in wind guards keep the hot air in and the cool air out.","og_url":"https:\/\/ksproducts.ca\/fr\/product\/blackstone-44inch-original-series-5-burner-griddle-cooking-station-with-hard-cover\/","og_site_name":"Ks Products","article_modified_time":"2026-03-03T19:15:14+00:00","og_image":[{"width":640,"height":495,"url":"https:\/\/ksproducts.ca\/wp-content\/uploads\/2026\/03\/1568NA.jpg","type":"image\/jpeg"}],"twitter_card":"summary_large_image","twitter_misc":{"Estimation du temps de lecture":"1 minute"},"schema":{"@context":"https:\/\/schema.org","@graph":[{"@type":"WebPage","@id":"https:\/\/ksproducts.ca\/product\/blackstone-44inch-original-series-5-burner-griddle-cooking-station-with-hard-cover\/","url":"https:\/\/ksproducts.ca\/product\/blackstone-44inch-original-series-5-burner-griddle-cooking-station-with-hard-cover\/","name":"Plancha Blackstone Original Series 44 pouces 5 br\u00fbleurs avec couvercle rigide - Ks Products","isPartOf":{"@id":"https:\/\/ksproducts.ca\/#website"},"primaryImageOfPage":{"@id":"https:\/\/ksproducts.ca\/product\/blackstone-44inch-original-series-5-burner-griddle-cooking-station-with-hard-cover\/#primaryimage"},"image":{"@id":"https:\/\/ksproducts.ca\/product\/blackstone-44inch-original-series-5-burner-griddle-cooking-station-with-hard-cover\/#primaryimage"},"thumbnailUrl":"https:\/\/ksproducts.ca\/wp-content\/uploads\/2026\/03\/1568NA.jpg","datePublished":"2026-03-03T19:15:13+00:00","dateModified":"2026-03-03T19:15:14+00:00","breadcrumb":{"@id":"https:\/\/ksproducts.ca\/product\/blackstone-44inch-original-series-5-burner-griddle-cooking-station-with-hard-cover\/#breadcrumb"},"inLanguage":"fr-CA","potentialAction":[{"@type":"ReadAction","target":["https:\/\/ksproducts.ca\/product\/blackstone-44inch-original-series-5-burner-griddle-cooking-station-with-hard-cover\/"]}]},{"@type":"ImageObject","inLanguage":"fr-CA","@id":"https:\/\/ksproducts.ca\/product\/blackstone-44inch-original-series-5-burner-griddle-cooking-station-with-hard-cover\/#primaryimage","url":"https:\/\/ksproducts.ca\/wp-content\/uploads\/2026\/03\/1568NA.jpg","contentUrl":"https:\/\/ksproducts.ca\/wp-content\/uploads\/2026\/03\/1568NA.jpg","width":640,"height":495,"caption":"Blackstone 44inch Original Series 5-Burner Griddle Cooking Station with Hard Cover"},{"@type":"BreadcrumbList","@id":"https:\/\/ksproducts.ca\/product\/blackstone-44inch-original-series-5-burner-griddle-cooking-station-with-hard-cover\/#breadcrumb","itemListElement":[{"@type":"ListItem","position":1,"name":"Home","item":"https:\/\/ksproducts.ca\/"},{"@type":"ListItem","position":2,"name":"Shop","item":"https:\/\/ksproducts.ca\/shop\/"},{"@type":"ListItem","position":3,"name":"Blackstone 44inch Original Series 5-Burner Griddle Cooking Station with Hard Cover"}]},{"@type":"WebSite","@id":"https:\/\/ksproducts.ca\/#website","url":"https:\/\/ksproducts.ca\/","name":"Produits Ks","description":"Cuisiner et vivre en plein air, c'est facile au Canada","publisher":{"@id":"https:\/\/ksproducts.ca\/#organization"},"potentialAction":[{"@type":"SearchAction","target":{"@type":"EntryPoint","urlTemplate":"https:\/\/ksproducts.ca\/?s={search_term_string}"},"query-input":{"@type":"PropertyValueSpecification","valueRequired":true,"valueName":"search_term_string"}}],"inLanguage":"fr-CA"},{"@type":"Organization","@id":"https:\/\/ksproducts.ca\/#organization","name":"Produits Ks","url":"https:\/\/ksproducts.ca\/","logo":{"@type":"ImageObject","inLanguage":"fr-CA","@id":"https:\/\/ksproducts.ca\/#\/schema\/logo\/image\/","url":"https:\/\/ksproducts.ca\/wp-content\/uploads\/2023\/09\/Kennedy-Sales-Logo-header-1.png","contentUrl":"https:\/\/ksproducts.ca\/wp-content\/uploads\/2023\/09\/Kennedy-Sales-Logo-header-1.png","width":150,"height":77,"caption":"Ks Products"},"image":{"@id":"https:\/\/ksproducts.ca\/#\/schema\/logo\/image\/"}}]}},"_links":{"self":[{"href":"https:\/\/ksproducts.ca\/fr\/wp-json\/wp\/v2\/product\/11311","targetHints":{"allow":["GET"]}}],"collection":[{"href":"https:\/\/ksproducts.ca\/fr\/wp-json\/wp\/v2\/product"}],"about":[{"href":"https:\/\/ksproducts.ca\/fr\/wp-json\/wp\/v2\/types\/product"}],"replies":[{"embeddable":true,"href":"https:\/\/ksproducts.ca\/fr\/wp-json\/wp\/v2\/comments?post=11311"}],"version-history":[{"count":2,"href":"https:\/\/ksproducts.ca\/fr\/wp-json\/wp\/v2\/product\/11311\/revisions"}],"predecessor-version":[{"id":11315,"href":"https:\/\/ksproducts.ca\/fr\/wp-json\/wp\/v2\/product\/11311\/revisions\/11315"}],"wp:featuredmedia":[{"embeddable":true,"href":"https:\/\/ksproducts.ca\/fr\/wp-json\/wp\/v2\/media\/11312"}],"wp:attachment":[{"href":"https:\/\/ksproducts.ca\/fr\/wp-json\/wp\/v2\/media?parent=11311"}],"wp:term":[{"taxonomy":"product_cat","embeddable":true,"href":"https:\/\/ksproducts.ca\/fr\/wp-json\/wp\/v2\/product_cat?post=11311"},{"taxonomy":"product_tag","embeddable":true,"href":"https:\/\/ksproducts.ca\/fr\/wp-json\/wp\/v2\/product_tag?post=11311"}],"curies":[{"name":"wp","href":"https:\/\/api.w.org\/{rel}","templated":true}]}}