{"id":11318,"date":"2026-03-03T19:32:08","date_gmt":"2026-03-03T19:32:08","guid":{"rendered":"https:\/\/ksproducts.ca\/?post_type=product&#038;p=11318"},"modified":"2026-03-03T19:32:08","modified_gmt":"2026-03-03T19:32:08","slug":"sac-de-couchage-rectangle-klymit-wild-aspen-4-saisons","status":"publish","type":"product","link":"https:\/\/ksproducts.ca\/fr\/product\/klymit-wild-aspen-rectangle-4-season-sleeping-bag\/","title":{"rendered":"Sac de couchage 4 saisons Klymit Wild Aspen Rectangle"},"content":{"rendered":"<ul>\n<li>La conception rectangulaire permet amplement d'espace pour s'\u00e9tirer<\/li>\n<li>L'isolant synth\u00e9tique offre un rapport chaleur-poids exceptionnel<\/li>\n<li>Doublure en polyester respirant et doux au toucher<\/li>\n<li>Tissu fiable et trait\u00e9 d\u00e9perlant<\/li>\n<li>Zippez ensemble avec un deuxi\u00e8me sac de couchage pour cr\u00e9er de la place pour deux personnes<\/li>\n<li>Se compacte facilement avec son sac de compression inclus<\/li>\n<\/ul>","protected":false},"excerpt":{"rendered":"<p>Le Wild Aspen 0 a \u00e9t\u00e9 con\u00e7u pour un confort quatre saisons. Le sac est dot\u00e9 d'une isolation synth\u00e9tique pour un rapport chaleur\/poids exceptionnel. L'enveloppe en micro-polyester, l\u00e9g\u00e8re et durable, est r\u00e9sistante \u00e0 l'eau et \u00e0 l'abrasion, tandis que la doublure int\u00e9rieure est con\u00e7ue pour conserver la chaleur. Le sac Wild Aspen 0 est de forme rectangulaire pour un maximum d'espace et de confort. Notre tube de tirage \u00e0 fermeture \u00e9clair emp\u00eache l'air froid d'entrer pour que vous puissiez dormir en toute s\u00e9r\u00e9nit\u00e9 toute la nuit.<\/p>","protected":false},"featured_media":11319,"comment_status":"open","ping_status":"closed","template":"","meta":[],"product_cat":[431],"product_tag":[],"class_list":{"0":"post-11318","1":"product","2":"type-product","3":"status-publish","4":"has-post-thumbnail","6":"product_cat-camping-rv-essentials","7":"product_shipping_class-class-1","9":"first","10":"instock","11":"taxable","12":"shipping-taxable","13":"purchasable","14":"product-type-simple"},"yoast_head":"<!-- This site is optimized with the Yoast SEO plugin v27.4 - https:\/\/yoast.com\/product\/yoast-seo-wordpress\/ -->\n<title>Klymit Wild Aspen Rectangle 4-Season Sleeping Bag - Ks Products<\/title>\n<meta name=\"robots\" content=\"index, follow, max-snippet:-1, max-image-preview:large, max-video-preview:-1\" \/>\n<link rel=\"canonical\" href=\"https:\/\/ksproducts.ca\/fr\/product\/sac-de-couchage-rectangle-klymit-wild-aspen-4-saisons\/\" \/>\n<meta property=\"og:locale\" content=\"fr_CA\" \/>\n<meta property=\"og:type\" content=\"article\" \/>\n<meta property=\"og:title\" content=\"Klymit Wild Aspen Rectangle 4-Season Sleeping Bag - Ks Products\" \/>\n<meta property=\"og:description\" content=\"The Wild Aspen 0 is thoughtfully designed for four-season comfort. The bag features synthetic insulation for an exceptional warmth-to-weight ratio. Lightweight and durable micro polyester shell is water and abrasion resistant, while the inner liner is designed to retain warmth. The Wild Aspen 0 features a rectangular design for plenty of room and extra comfort. Our zipper draft tube keeps the cold air out so you sleep soundly all through the night.\" \/>\n<meta property=\"og:url\" content=\"https:\/\/ksproducts.ca\/fr\/product\/sac-de-couchage-rectangle-klymit-wild-aspen-4-saisons\/\" \/>\n<meta property=\"og:site_name\" content=\"Ks Products\" \/>\n<meta property=\"og:image\" content=\"https:\/\/ksproducts.ca\/wp-content\/uploads\/2026\/03\/13WRYL00D.webp\" \/>\n\t<meta property=\"og:image:width\" content=\"800\" \/>\n\t<meta property=\"og:image:height\" content=\"800\" \/>\n\t<meta property=\"og:image:type\" content=\"image\/webp\" \/>\n<meta name=\"twitter:card\" content=\"summary_large_image\" \/>\n<meta name=\"twitter:label1\" content=\"Estimation du temps de lecture\" \/>\n\t<meta name=\"twitter:data1\" content=\"1 minute\" \/>\n<script type=\"application\/ld+json\" class=\"yoast-schema-graph\">{\"@context\":\"https:\\\/\\\/schema.org\",\"@graph\":[{\"@type\":\"WebPage\",\"@id\":\"https:\\\/\\\/ksproducts.ca\\\/product\\\/klymit-wild-aspen-rectangle-4-season-sleeping-bag\\\/\",\"url\":\"https:\\\/\\\/ksproducts.ca\\\/product\\\/klymit-wild-aspen-rectangle-4-season-sleeping-bag\\\/\",\"name\":\"Klymit Wild Aspen Rectangle 4-Season Sleeping Bag - Ks Products\",\"isPartOf\":{\"@id\":\"https:\\\/\\\/ksproducts.ca\\\/#website\"},\"primaryImageOfPage\":{\"@id\":\"https:\\\/\\\/ksproducts.ca\\\/product\\\/klymit-wild-aspen-rectangle-4-season-sleeping-bag\\\/#primaryimage\"},\"image\":{\"@id\":\"https:\\\/\\\/ksproducts.ca\\\/product\\\/klymit-wild-aspen-rectangle-4-season-sleeping-bag\\\/#primaryimage\"},\"thumbnailUrl\":\"https:\\\/\\\/ksproducts.ca\\\/wp-content\\\/uploads\\\/2026\\\/03\\\/13WRYL00D.webp\",\"datePublished\":\"2026-03-03T19:32:08+00:00\",\"breadcrumb\":{\"@id\":\"https:\\\/\\\/ksproducts.ca\\\/product\\\/klymit-wild-aspen-rectangle-4-season-sleeping-bag\\\/#breadcrumb\"},\"inLanguage\":\"fr-CA\",\"potentialAction\":[{\"@type\":\"ReadAction\",\"target\":[\"https:\\\/\\\/ksproducts.ca\\\/product\\\/klymit-wild-aspen-rectangle-4-season-sleeping-bag\\\/\"]}]},{\"@type\":\"ImageObject\",\"inLanguage\":\"fr-CA\",\"@id\":\"https:\\\/\\\/ksproducts.ca\\\/product\\\/klymit-wild-aspen-rectangle-4-season-sleeping-bag\\\/#primaryimage\",\"url\":\"https:\\\/\\\/ksproducts.ca\\\/wp-content\\\/uploads\\\/2026\\\/03\\\/13WRYL00D.webp\",\"contentUrl\":\"https:\\\/\\\/ksproducts.ca\\\/wp-content\\\/uploads\\\/2026\\\/03\\\/13WRYL00D.webp\",\"width\":800,\"height\":800,\"caption\":\"Klymit Wild Aspen Rectangle 4-Season Sleeping Bag\"},{\"@type\":\"BreadcrumbList\",\"@id\":\"https:\\\/\\\/ksproducts.ca\\\/product\\\/klymit-wild-aspen-rectangle-4-season-sleeping-bag\\\/#breadcrumb\",\"itemListElement\":[{\"@type\":\"ListItem\",\"position\":1,\"name\":\"Home\",\"item\":\"https:\\\/\\\/ksproducts.ca\\\/\"},{\"@type\":\"ListItem\",\"position\":2,\"name\":\"Shop\",\"item\":\"https:\\\/\\\/ksproducts.ca\\\/shop\\\/\"},{\"@type\":\"ListItem\",\"position\":3,\"name\":\"Klymit Wild Aspen Rectangle 4-Season Sleeping Bag\"}]},{\"@type\":\"WebSite\",\"@id\":\"https:\\\/\\\/ksproducts.ca\\\/#website\",\"url\":\"https:\\\/\\\/ksproducts.ca\\\/\",\"name\":\"Ks Products\",\"description\":\"Outdoor cooking and living, made easy in Canada\",\"publisher\":{\"@id\":\"https:\\\/\\\/ksproducts.ca\\\/#organization\"},\"potentialAction\":[{\"@type\":\"SearchAction\",\"target\":{\"@type\":\"EntryPoint\",\"urlTemplate\":\"https:\\\/\\\/ksproducts.ca\\\/?s={search_term_string}\"},\"query-input\":{\"@type\":\"PropertyValueSpecification\",\"valueRequired\":true,\"valueName\":\"search_term_string\"}}],\"inLanguage\":\"fr-CA\"},{\"@type\":\"Organization\",\"@id\":\"https:\\\/\\\/ksproducts.ca\\\/#organization\",\"name\":\"Ks Products\",\"url\":\"https:\\\/\\\/ksproducts.ca\\\/\",\"logo\":{\"@type\":\"ImageObject\",\"inLanguage\":\"fr-CA\",\"@id\":\"https:\\\/\\\/ksproducts.ca\\\/#\\\/schema\\\/logo\\\/image\\\/\",\"url\":\"https:\\\/\\\/ksproducts.ca\\\/wp-content\\\/uploads\\\/2023\\\/09\\\/Kennedy-Sales-Logo-header-1.png\",\"contentUrl\":\"https:\\\/\\\/ksproducts.ca\\\/wp-content\\\/uploads\\\/2023\\\/09\\\/Kennedy-Sales-Logo-header-1.png\",\"width\":150,\"height\":77,\"caption\":\"Ks Products\"},\"image\":{\"@id\":\"https:\\\/\\\/ksproducts.ca\\\/#\\\/schema\\\/logo\\\/image\\\/\"}}]}<\/script>\n<!-- \/ Yoast SEO plugin. -->","yoast_head_json":{"title":"Klymit Sac de couchage rectangle Wild Aspen 4 saisons - Produits Ks","robots":{"index":"index","follow":"follow","max-snippet":"max-snippet:-1","max-image-preview":"max-image-preview:large","max-video-preview":"max-video-preview:-1"},"canonical":"https:\/\/ksproducts.ca\/fr\/product\/sac-de-couchage-rectangle-klymit-wild-aspen-4-saisons\/","og_locale":"fr_CA","og_type":"article","og_title":"Klymit Wild Aspen Rectangle 4-Season Sleeping Bag - Ks Products","og_description":"The Wild Aspen 0 is thoughtfully designed for four-season comfort. The bag features synthetic insulation for an exceptional warmth-to-weight ratio. Lightweight and durable micro polyester shell is water and abrasion resistant, while the inner liner is designed to retain warmth. The Wild Aspen 0 features a rectangular design for plenty of room and extra comfort. Our zipper draft tube keeps the cold air out so you sleep soundly all through the night.","og_url":"https:\/\/ksproducts.ca\/fr\/product\/sac-de-couchage-rectangle-klymit-wild-aspen-4-saisons\/","og_site_name":"Ks Products","og_image":[{"width":800,"height":800,"url":"https:\/\/ksproducts.ca\/wp-content\/uploads\/2026\/03\/13WRYL00D.webp","type":"image\/webp"}],"twitter_card":"summary_large_image","twitter_misc":{"Estimation du temps de lecture":"1 minute"},"schema":{"@context":"https:\/\/schema.org","@graph":[{"@type":"WebPage","@id":"https:\/\/ksproducts.ca\/product\/klymit-wild-aspen-rectangle-4-season-sleeping-bag\/","url":"https:\/\/ksproducts.ca\/product\/klymit-wild-aspen-rectangle-4-season-sleeping-bag\/","name":"Klymit Sac de couchage rectangle Wild Aspen 4 saisons - Produits Ks","isPartOf":{"@id":"https:\/\/ksproducts.ca\/#website"},"primaryImageOfPage":{"@id":"https:\/\/ksproducts.ca\/product\/klymit-wild-aspen-rectangle-4-season-sleeping-bag\/#primaryimage"},"image":{"@id":"https:\/\/ksproducts.ca\/product\/klymit-wild-aspen-rectangle-4-season-sleeping-bag\/#primaryimage"},"thumbnailUrl":"https:\/\/ksproducts.ca\/wp-content\/uploads\/2026\/03\/13WRYL00D.webp","datePublished":"2026-03-03T19:32:08+00:00","breadcrumb":{"@id":"https:\/\/ksproducts.ca\/product\/klymit-wild-aspen-rectangle-4-season-sleeping-bag\/#breadcrumb"},"inLanguage":"fr-CA","potentialAction":[{"@type":"ReadAction","target":["https:\/\/ksproducts.ca\/product\/klymit-wild-aspen-rectangle-4-season-sleeping-bag\/"]}]},{"@type":"ImageObject","inLanguage":"fr-CA","@id":"https:\/\/ksproducts.ca\/product\/klymit-wild-aspen-rectangle-4-season-sleeping-bag\/#primaryimage","url":"https:\/\/ksproducts.ca\/wp-content\/uploads\/2026\/03\/13WRYL00D.webp","contentUrl":"https:\/\/ksproducts.ca\/wp-content\/uploads\/2026\/03\/13WRYL00D.webp","width":800,"height":800,"caption":"Klymit Wild Aspen Rectangle 4-Season Sleeping Bag"},{"@type":"BreadcrumbList","@id":"https:\/\/ksproducts.ca\/product\/klymit-wild-aspen-rectangle-4-season-sleeping-bag\/#breadcrumb","itemListElement":[{"@type":"ListItem","position":1,"name":"Home","item":"https:\/\/ksproducts.ca\/"},{"@type":"ListItem","position":2,"name":"Shop","item":"https:\/\/ksproducts.ca\/shop\/"},{"@type":"ListItem","position":3,"name":"Klymit Wild Aspen Rectangle 4-Season Sleeping Bag"}]},{"@type":"WebSite","@id":"https:\/\/ksproducts.ca\/#website","url":"https:\/\/ksproducts.ca\/","name":"Produits Ks","description":"Cuisiner et vivre en plein air, c'est facile au Canada","publisher":{"@id":"https:\/\/ksproducts.ca\/#organization"},"potentialAction":[{"@type":"SearchAction","target":{"@type":"EntryPoint","urlTemplate":"https:\/\/ksproducts.ca\/?s={search_term_string}"},"query-input":{"@type":"PropertyValueSpecification","valueRequired":true,"valueName":"search_term_string"}}],"inLanguage":"fr-CA"},{"@type":"Organization","@id":"https:\/\/ksproducts.ca\/#organization","name":"Produits Ks","url":"https:\/\/ksproducts.ca\/","logo":{"@type":"ImageObject","inLanguage":"fr-CA","@id":"https:\/\/ksproducts.ca\/#\/schema\/logo\/image\/","url":"https:\/\/ksproducts.ca\/wp-content\/uploads\/2023\/09\/Kennedy-Sales-Logo-header-1.png","contentUrl":"https:\/\/ksproducts.ca\/wp-content\/uploads\/2023\/09\/Kennedy-Sales-Logo-header-1.png","width":150,"height":77,"caption":"Ks Products"},"image":{"@id":"https:\/\/ksproducts.ca\/#\/schema\/logo\/image\/"}}]}},"_links":{"self":[{"href":"https:\/\/ksproducts.ca\/fr\/wp-json\/wp\/v2\/product\/11318","targetHints":{"allow":["GET"]}}],"collection":[{"href":"https:\/\/ksproducts.ca\/fr\/wp-json\/wp\/v2\/product"}],"about":[{"href":"https:\/\/ksproducts.ca\/fr\/wp-json\/wp\/v2\/types\/product"}],"replies":[{"embeddable":true,"href":"https:\/\/ksproducts.ca\/fr\/wp-json\/wp\/v2\/comments?post=11318"}],"version-history":[{"count":1,"href":"https:\/\/ksproducts.ca\/fr\/wp-json\/wp\/v2\/product\/11318\/revisions"}],"predecessor-version":[{"id":11320,"href":"https:\/\/ksproducts.ca\/fr\/wp-json\/wp\/v2\/product\/11318\/revisions\/11320"}],"wp:featuredmedia":[{"embeddable":true,"href":"https:\/\/ksproducts.ca\/fr\/wp-json\/wp\/v2\/media\/11319"}],"wp:attachment":[{"href":"https:\/\/ksproducts.ca\/fr\/wp-json\/wp\/v2\/media?parent=11318"}],"wp:term":[{"taxonomy":"product_cat","embeddable":true,"href":"https:\/\/ksproducts.ca\/fr\/wp-json\/wp\/v2\/product_cat?post=11318"},{"taxonomy":"product_tag","embeddable":true,"href":"https:\/\/ksproducts.ca\/fr\/wp-json\/wp\/v2\/product_tag?post=11318"}],"curies":[{"name":"wp","href":"https:\/\/api.w.org\/{rel}","templated":true}]}}