{"id":11321,"date":"2026-03-03T19:37:33","date_gmt":"2026-03-03T19:37:33","guid":{"rendered":"https:\/\/ksproducts.ca\/?post_type=product&#038;p=11321"},"modified":"2026-03-03T19:37:34","modified_gmt":"2026-03-03T19:37:34","slug":"couverture-de-camping-klymit-versa-luxe-en-polaire-a-haut-loft-taille-grand-format","status":"publish","type":"product","link":"https:\/\/ksproducts.ca\/fr\/product\/klymit-versa-luxe-high-loft-fleece-camp-blanket-full-size\/","title":{"rendered":"Klymit Versa Luxe High-Loft Fleece Camp Blanket - Full Size"},"content":{"rendered":"<ul>\n<li>Polaire dense \u00e0 l'int\u00e9rieur, ext\u00e9rieur en polyester ripstop doux au toucher<\/li>\n<li>Isolation synth\u00e9tique avec gonflant Klymalite\u2122<\/li>\n<li>Se range facilement dans le compartiment des pieds, cr\u00e9ant l'oreiller de voyage id\u00e9al<\/li>\n<li>La sangle d'angle, l'enroulement d'\u00e9paule et la bo\u00eete \u00e0 pieds cr\u00e9ent le syst\u00e8me de couchage id\u00e9al pour temps chaud<\/li>\n<\/ul>","protected":false},"excerpt":{"rendered":"<p>Tout ce que vous aimez dans la couverture Versa prim\u00e9e, maintenant avec une polaire technique \u00e0 haut pouvoir gonflant \u00e0 l'int\u00e9rieur. La couverture se range facilement dans la bo\u00eete \u00e0 pieds, cr\u00e9ant ainsi l'oreiller parfait. En tant que couverture de 58 x 80 pouces, elle peut entourer compl\u00e8tement une personne ou \u00eatre partag\u00e9e avec un ami. Des boutons-pression dans les coins, un cordon de serrage \u00e0 une extr\u00e9mit\u00e9 et une bo\u00eete \u00e0 pieds \u00e0 l'autre extr\u00e9mit\u00e9 permettent de cr\u00e9er un syst\u00e8me de sommeil. Con\u00e7ue pour \u00eatre polyvalente. L'ext\u00e9rieur en ripstop doux au toucher sert de barri\u00e8re contre les \u00e9l\u00e9ments, tandis que le molleton doux vous garde au chaud et bien au chaud.<\/p>","protected":false},"featured_media":11322,"comment_status":"open","ping_status":"closed","template":"","meta":[],"product_cat":[431],"product_tag":[],"class_list":{"0":"post-11321","1":"product","2":"type-product","3":"status-publish","4":"has-post-thumbnail","6":"product_cat-camping-rv-essentials","7":"product_shipping_class-class-1","9":"first","10":"instock","11":"taxable","12":"shipping-taxable","13":"purchasable","14":"product-type-simple"},"yoast_head":"<!-- This site is optimized with the Yoast SEO plugin v27.4 - https:\/\/yoast.com\/product\/yoast-seo-wordpress\/ -->\n<title>Klymit Versa Luxe High-Loft Fleece Camp Blanket - Full Size - Ks Products<\/title>\n<meta name=\"robots\" content=\"index, follow, max-snippet:-1, max-image-preview:large, max-video-preview:-1\" \/>\n<link rel=\"canonical\" href=\"https:\/\/ksproducts.ca\/fr\/product\/couverture-de-camping-klymit-versa-luxe-en-polaire-a-haut-loft-taille-grand-format\/\" \/>\n<meta property=\"og:locale\" content=\"fr_CA\" \/>\n<meta property=\"og:type\" content=\"article\" \/>\n<meta property=\"og:title\" content=\"Klymit Versa Luxe High-Loft Fleece Camp Blanket - Full Size - Ks Products\" \/>\n<meta property=\"og:description\" content=\"Everything you love about the award-winning Versa Blanket, now with a technical high-loft fleece inside. The blanket stores easily in the foot box, creating the perfect pillow. As a 58 x 80 inch blanket, it can completely surround one person, or be shared with a friend. Corner snaps, a cinch cord on one end and foot box on the other create a sleep system. Engineered for versatility. The outside soft touch ripstop serves as a barrier for the elements, while the soft fleece keeps you warm and cozy.\" \/>\n<meta property=\"og:url\" content=\"https:\/\/ksproducts.ca\/fr\/product\/couverture-de-camping-klymit-versa-luxe-en-polaire-a-haut-loft-taille-grand-format\/\" \/>\n<meta property=\"og:site_name\" content=\"Ks Products\" \/>\n<meta property=\"article:modified_time\" content=\"2026-03-03T19:37:34+00:00\" \/>\n<meta property=\"og:image\" content=\"https:\/\/ksproducts.ca\/wp-content\/uploads\/2026\/03\/13VLBL01C.webp\" \/>\n\t<meta property=\"og:image:width\" content=\"411\" \/>\n\t<meta property=\"og:image:height\" content=\"545\" \/>\n\t<meta property=\"og:image:type\" content=\"image\/webp\" \/>\n<meta name=\"twitter:card\" content=\"summary_large_image\" \/>\n<meta name=\"twitter:label1\" content=\"Estimation du temps de lecture\" \/>\n\t<meta name=\"twitter:data1\" content=\"1 minute\" \/>\n<script type=\"application\/ld+json\" class=\"yoast-schema-graph\">{\"@context\":\"https:\\\/\\\/schema.org\",\"@graph\":[{\"@type\":\"WebPage\",\"@id\":\"https:\\\/\\\/ksproducts.ca\\\/product\\\/klymit-versa-luxe-high-loft-fleece-camp-blanket-full-size\\\/\",\"url\":\"https:\\\/\\\/ksproducts.ca\\\/product\\\/klymit-versa-luxe-high-loft-fleece-camp-blanket-full-size\\\/\",\"name\":\"Klymit Versa Luxe High-Loft Fleece Camp Blanket - Full Size - Ks Products\",\"isPartOf\":{\"@id\":\"https:\\\/\\\/ksproducts.ca\\\/#website\"},\"primaryImageOfPage\":{\"@id\":\"https:\\\/\\\/ksproducts.ca\\\/product\\\/klymit-versa-luxe-high-loft-fleece-camp-blanket-full-size\\\/#primaryimage\"},\"image\":{\"@id\":\"https:\\\/\\\/ksproducts.ca\\\/product\\\/klymit-versa-luxe-high-loft-fleece-camp-blanket-full-size\\\/#primaryimage\"},\"thumbnailUrl\":\"https:\\\/\\\/ksproducts.ca\\\/wp-content\\\/uploads\\\/2026\\\/03\\\/13VLBL01C.webp\",\"datePublished\":\"2026-03-03T19:37:33+00:00\",\"dateModified\":\"2026-03-03T19:37:34+00:00\",\"breadcrumb\":{\"@id\":\"https:\\\/\\\/ksproducts.ca\\\/product\\\/klymit-versa-luxe-high-loft-fleece-camp-blanket-full-size\\\/#breadcrumb\"},\"inLanguage\":\"fr-CA\",\"potentialAction\":[{\"@type\":\"ReadAction\",\"target\":[\"https:\\\/\\\/ksproducts.ca\\\/product\\\/klymit-versa-luxe-high-loft-fleece-camp-blanket-full-size\\\/\"]}]},{\"@type\":\"ImageObject\",\"inLanguage\":\"fr-CA\",\"@id\":\"https:\\\/\\\/ksproducts.ca\\\/product\\\/klymit-versa-luxe-high-loft-fleece-camp-blanket-full-size\\\/#primaryimage\",\"url\":\"https:\\\/\\\/ksproducts.ca\\\/wp-content\\\/uploads\\\/2026\\\/03\\\/13VLBL01C.webp\",\"contentUrl\":\"https:\\\/\\\/ksproducts.ca\\\/wp-content\\\/uploads\\\/2026\\\/03\\\/13VLBL01C.webp\",\"width\":411,\"height\":545,\"caption\":\"Klymit Versa Luxe High-Loft Fleece Camp Blanket - Full Size\"},{\"@type\":\"BreadcrumbList\",\"@id\":\"https:\\\/\\\/ksproducts.ca\\\/product\\\/klymit-versa-luxe-high-loft-fleece-camp-blanket-full-size\\\/#breadcrumb\",\"itemListElement\":[{\"@type\":\"ListItem\",\"position\":1,\"name\":\"Home\",\"item\":\"https:\\\/\\\/ksproducts.ca\\\/\"},{\"@type\":\"ListItem\",\"position\":2,\"name\":\"Shop\",\"item\":\"https:\\\/\\\/ksproducts.ca\\\/shop\\\/\"},{\"@type\":\"ListItem\",\"position\":3,\"name\":\"Klymit Versa Luxe High-Loft Fleece Camp Blanket &#8211; Full Size\"}]},{\"@type\":\"WebSite\",\"@id\":\"https:\\\/\\\/ksproducts.ca\\\/#website\",\"url\":\"https:\\\/\\\/ksproducts.ca\\\/\",\"name\":\"Ks Products\",\"description\":\"Outdoor cooking and living, made easy in Canada\",\"publisher\":{\"@id\":\"https:\\\/\\\/ksproducts.ca\\\/#organization\"},\"potentialAction\":[{\"@type\":\"SearchAction\",\"target\":{\"@type\":\"EntryPoint\",\"urlTemplate\":\"https:\\\/\\\/ksproducts.ca\\\/?s={search_term_string}\"},\"query-input\":{\"@type\":\"PropertyValueSpecification\",\"valueRequired\":true,\"valueName\":\"search_term_string\"}}],\"inLanguage\":\"fr-CA\"},{\"@type\":\"Organization\",\"@id\":\"https:\\\/\\\/ksproducts.ca\\\/#organization\",\"name\":\"Ks Products\",\"url\":\"https:\\\/\\\/ksproducts.ca\\\/\",\"logo\":{\"@type\":\"ImageObject\",\"inLanguage\":\"fr-CA\",\"@id\":\"https:\\\/\\\/ksproducts.ca\\\/#\\\/schema\\\/logo\\\/image\\\/\",\"url\":\"https:\\\/\\\/ksproducts.ca\\\/wp-content\\\/uploads\\\/2023\\\/09\\\/Kennedy-Sales-Logo-header-1.png\",\"contentUrl\":\"https:\\\/\\\/ksproducts.ca\\\/wp-content\\\/uploads\\\/2023\\\/09\\\/Kennedy-Sales-Logo-header-1.png\",\"width\":150,\"height\":77,\"caption\":\"Ks Products\"},\"image\":{\"@id\":\"https:\\\/\\\/ksproducts.ca\\\/#\\\/schema\\\/logo\\\/image\\\/\"}}]}<\/script>\n<!-- \/ Yoast SEO plugin. -->","yoast_head_json":{"title":"Couverture de camping Klymit Versa Luxe en polaire \u00e9paisse - Taille unique - Produits Ks","robots":{"index":"index","follow":"follow","max-snippet":"max-snippet:-1","max-image-preview":"max-image-preview:large","max-video-preview":"max-video-preview:-1"},"canonical":"https:\/\/ksproducts.ca\/fr\/product\/couverture-de-camping-klymit-versa-luxe-en-polaire-a-haut-loft-taille-grand-format\/","og_locale":"fr_CA","og_type":"article","og_title":"Klymit Versa Luxe High-Loft Fleece Camp Blanket - Full Size - Ks Products","og_description":"Everything you love about the award-winning Versa Blanket, now with a technical high-loft fleece inside. The blanket stores easily in the foot box, creating the perfect pillow. As a 58 x 80 inch blanket, it can completely surround one person, or be shared with a friend. Corner snaps, a cinch cord on one end and foot box on the other create a sleep system. Engineered for versatility. The outside soft touch ripstop serves as a barrier for the elements, while the soft fleece keeps you warm and cozy.","og_url":"https:\/\/ksproducts.ca\/fr\/product\/couverture-de-camping-klymit-versa-luxe-en-polaire-a-haut-loft-taille-grand-format\/","og_site_name":"Ks Products","article_modified_time":"2026-03-03T19:37:34+00:00","og_image":[{"width":411,"height":545,"url":"https:\/\/ksproducts.ca\/wp-content\/uploads\/2026\/03\/13VLBL01C.webp","type":"image\/webp"}],"twitter_card":"summary_large_image","twitter_misc":{"Estimation du temps de lecture":"1 minute"},"schema":{"@context":"https:\/\/schema.org","@graph":[{"@type":"WebPage","@id":"https:\/\/ksproducts.ca\/product\/klymit-versa-luxe-high-loft-fleece-camp-blanket-full-size\/","url":"https:\/\/ksproducts.ca\/product\/klymit-versa-luxe-high-loft-fleece-camp-blanket-full-size\/","name":"Couverture de camping Klymit Versa Luxe en polaire \u00e9paisse - Taille unique - Produits Ks","isPartOf":{"@id":"https:\/\/ksproducts.ca\/#website"},"primaryImageOfPage":{"@id":"https:\/\/ksproducts.ca\/product\/klymit-versa-luxe-high-loft-fleece-camp-blanket-full-size\/#primaryimage"},"image":{"@id":"https:\/\/ksproducts.ca\/product\/klymit-versa-luxe-high-loft-fleece-camp-blanket-full-size\/#primaryimage"},"thumbnailUrl":"https:\/\/ksproducts.ca\/wp-content\/uploads\/2026\/03\/13VLBL01C.webp","datePublished":"2026-03-03T19:37:33+00:00","dateModified":"2026-03-03T19:37:34+00:00","breadcrumb":{"@id":"https:\/\/ksproducts.ca\/product\/klymit-versa-luxe-high-loft-fleece-camp-blanket-full-size\/#breadcrumb"},"inLanguage":"fr-CA","potentialAction":[{"@type":"ReadAction","target":["https:\/\/ksproducts.ca\/product\/klymit-versa-luxe-high-loft-fleece-camp-blanket-full-size\/"]}]},{"@type":"ImageObject","inLanguage":"fr-CA","@id":"https:\/\/ksproducts.ca\/product\/klymit-versa-luxe-high-loft-fleece-camp-blanket-full-size\/#primaryimage","url":"https:\/\/ksproducts.ca\/wp-content\/uploads\/2026\/03\/13VLBL01C.webp","contentUrl":"https:\/\/ksproducts.ca\/wp-content\/uploads\/2026\/03\/13VLBL01C.webp","width":411,"height":545,"caption":"Klymit Versa Luxe High-Loft Fleece Camp Blanket - Full Size"},{"@type":"BreadcrumbList","@id":"https:\/\/ksproducts.ca\/product\/klymit-versa-luxe-high-loft-fleece-camp-blanket-full-size\/#breadcrumb","itemListElement":[{"@type":"ListItem","position":1,"name":"Home","item":"https:\/\/ksproducts.ca\/"},{"@type":"ListItem","position":2,"name":"Shop","item":"https:\/\/ksproducts.ca\/shop\/"},{"@type":"ListItem","position":3,"name":"Klymit Versa Luxe High-Loft Fleece Camp Blanket &#8211; Full Size"}]},{"@type":"WebSite","@id":"https:\/\/ksproducts.ca\/#website","url":"https:\/\/ksproducts.ca\/","name":"Produits Ks","description":"Cuisiner et vivre en plein air, c'est facile au Canada","publisher":{"@id":"https:\/\/ksproducts.ca\/#organization"},"potentialAction":[{"@type":"SearchAction","target":{"@type":"EntryPoint","urlTemplate":"https:\/\/ksproducts.ca\/?s={search_term_string}"},"query-input":{"@type":"PropertyValueSpecification","valueRequired":true,"valueName":"search_term_string"}}],"inLanguage":"fr-CA"},{"@type":"Organization","@id":"https:\/\/ksproducts.ca\/#organization","name":"Produits Ks","url":"https:\/\/ksproducts.ca\/","logo":{"@type":"ImageObject","inLanguage":"fr-CA","@id":"https:\/\/ksproducts.ca\/#\/schema\/logo\/image\/","url":"https:\/\/ksproducts.ca\/wp-content\/uploads\/2023\/09\/Kennedy-Sales-Logo-header-1.png","contentUrl":"https:\/\/ksproducts.ca\/wp-content\/uploads\/2023\/09\/Kennedy-Sales-Logo-header-1.png","width":150,"height":77,"caption":"Ks Products"},"image":{"@id":"https:\/\/ksproducts.ca\/#\/schema\/logo\/image\/"}}]}},"_links":{"self":[{"href":"https:\/\/ksproducts.ca\/fr\/wp-json\/wp\/v2\/product\/11321","targetHints":{"allow":["GET"]}}],"collection":[{"href":"https:\/\/ksproducts.ca\/fr\/wp-json\/wp\/v2\/product"}],"about":[{"href":"https:\/\/ksproducts.ca\/fr\/wp-json\/wp\/v2\/types\/product"}],"replies":[{"embeddable":true,"href":"https:\/\/ksproducts.ca\/fr\/wp-json\/wp\/v2\/comments?post=11321"}],"version-history":[{"count":1,"href":"https:\/\/ksproducts.ca\/fr\/wp-json\/wp\/v2\/product\/11321\/revisions"}],"predecessor-version":[{"id":11323,"href":"https:\/\/ksproducts.ca\/fr\/wp-json\/wp\/v2\/product\/11321\/revisions\/11323"}],"wp:featuredmedia":[{"embeddable":true,"href":"https:\/\/ksproducts.ca\/fr\/wp-json\/wp\/v2\/media\/11322"}],"wp:attachment":[{"href":"https:\/\/ksproducts.ca\/fr\/wp-json\/wp\/v2\/media?parent=11321"}],"wp:term":[{"taxonomy":"product_cat","embeddable":true,"href":"https:\/\/ksproducts.ca\/fr\/wp-json\/wp\/v2\/product_cat?post=11321"},{"taxonomy":"product_tag","embeddable":true,"href":"https:\/\/ksproducts.ca\/fr\/wp-json\/wp\/v2\/product_tag?post=11321"}],"curies":[{"name":"wp","href":"https:\/\/api.w.org\/{rel}","templated":true}]}}