{"id":11324,"date":"2026-03-03T19:47:18","date_gmt":"2026-03-03T19:47:18","guid":{"rendered":"https:\/\/ksproducts.ca\/?post_type=product&#038;p=11324"},"modified":"2026-03-03T19:51:50","modified_gmt":"2026-03-03T19:51:50","slug":"sac-de-couchage-klymit-outdoor-vitals-summit-3-saisons-hybride-plume-momie","status":"publish","type":"product","link":"https:\/\/ksproducts.ca\/fr\/product\/klymit-outdoor-vitals-summit-3-season-down-hybrid-mummy-sleeping-bag\/","title":{"rendered":"Klymit Outdoor Vitals Summit 3-Season Down-Hybrid Mummy Sleeping Bag"},"content":{"rendered":"<p>Sac de couchage r\u00e9sistant \u00e0 l'eau<\/p>","protected":false},"excerpt":{"rendered":"<p>Le sac de couchage hybride Klymit KSB 20, avec son garnissage en duvet 650 et son garnissage synth\u00e9tique, offre un rapport chaleur-poids exceptionnel. Les baffles extensibles flexibles maintiennent la bourre pr\u00e8s de votre corps et s'\u00e9tirent lorsque vous bougez, tandis que le verrouillage de la longueur vous permet d'ajuster le sac \u00e0 votre taille, cr\u00e9ant ainsi un cocon confortable de bourre autour de vos pieds. De plus, la fermeture \u00e0 glissi\u00e8re bidirectionnelle YKK anti-snag, s'ouvre par le bas ou par le haut pour contr\u00f4ler facilement le flux d'air.<\/p>","protected":false},"featured_media":11325,"comment_status":"open","ping_status":"closed","template":"","meta":[],"product_cat":[431],"product_tag":[],"class_list":{"0":"post-11324","1":"product","2":"type-product","3":"status-publish","4":"has-post-thumbnail","6":"product_cat-camping-rv-essentials","7":"product_shipping_class-class-1","9":"first","10":"instock","11":"taxable","12":"shipping-taxable","13":"purchasable","14":"product-type-simple"},"yoast_head":"<!-- This site is optimized with the Yoast SEO plugin v27.4 - https:\/\/yoast.com\/product\/yoast-seo-wordpress\/ -->\n<title>Klymit Outdoor Vitals Summit 3-Season Down-Hybrid Mummy Sleeping Bag - Ks Products<\/title>\n<meta name=\"robots\" content=\"index, follow, max-snippet:-1, max-image-preview:large, max-video-preview:-1\" \/>\n<link rel=\"canonical\" href=\"https:\/\/ksproducts.ca\/fr\/product\/sac-de-couchage-klymit-outdoor-vitals-summit-3-saisons-hybride-plume-momie\/\" \/>\n<meta property=\"og:locale\" content=\"fr_CA\" \/>\n<meta property=\"og:type\" content=\"article\" \/>\n<meta property=\"og:title\" content=\"Klymit Outdoor Vitals Summit 3-Season Down-Hybrid Mummy Sleeping Bag - Ks Products\" \/>\n<meta property=\"og:description\" content=\"The Klymit KSB 20 Hybrid Sleeping Bag with 650 fill power down top and synthetic fill bottom provide an exceptional warmth-to-weight ratio. Flexible Stretch Baffles keep fill next to your body and stretch when you move, while Length Lock allows you to adjust the bag to your height, creating a comfortable cocoon of fill around your feet. Additionally, anti-snag, two-way YKK zipper opens from the bottom or top to easily control the flow of air.\" \/>\n<meta property=\"og:url\" content=\"https:\/\/ksproducts.ca\/fr\/product\/sac-de-couchage-klymit-outdoor-vitals-summit-3-saisons-hybride-plume-momie\/\" \/>\n<meta property=\"og:site_name\" content=\"Ks Products\" \/>\n<meta property=\"article:modified_time\" content=\"2026-03-03T19:51:50+00:00\" \/>\n<meta property=\"og:image\" content=\"https:\/\/ksproducts.ca\/wp-content\/uploads\/2026\/03\/13KHRU20C.webp\" \/>\n\t<meta property=\"og:image:width\" content=\"333\" \/>\n\t<meta property=\"og:image:height\" content=\"646\" \/>\n\t<meta property=\"og:image:type\" content=\"image\/webp\" \/>\n<meta name=\"twitter:card\" content=\"summary_large_image\" \/>\n<meta name=\"twitter:label1\" content=\"Estimation du temps de lecture\" \/>\n\t<meta name=\"twitter:data1\" content=\"1 minute\" \/>\n<script type=\"application\/ld+json\" class=\"yoast-schema-graph\">{\"@context\":\"https:\\\/\\\/schema.org\",\"@graph\":[{\"@type\":\"WebPage\",\"@id\":\"https:\\\/\\\/ksproducts.ca\\\/product\\\/klymit-outdoor-vitals-summit-3-season-down-hybrid-mummy-sleeping-bag\\\/\",\"url\":\"https:\\\/\\\/ksproducts.ca\\\/product\\\/klymit-outdoor-vitals-summit-3-season-down-hybrid-mummy-sleeping-bag\\\/\",\"name\":\"Klymit Outdoor Vitals Summit 3-Season Down-Hybrid Mummy Sleeping Bag - Ks Products\",\"isPartOf\":{\"@id\":\"https:\\\/\\\/ksproducts.ca\\\/#website\"},\"primaryImageOfPage\":{\"@id\":\"https:\\\/\\\/ksproducts.ca\\\/product\\\/klymit-outdoor-vitals-summit-3-season-down-hybrid-mummy-sleeping-bag\\\/#primaryimage\"},\"image\":{\"@id\":\"https:\\\/\\\/ksproducts.ca\\\/product\\\/klymit-outdoor-vitals-summit-3-season-down-hybrid-mummy-sleeping-bag\\\/#primaryimage\"},\"thumbnailUrl\":\"https:\\\/\\\/ksproducts.ca\\\/wp-content\\\/uploads\\\/2026\\\/03\\\/13KHRU20C.webp\",\"datePublished\":\"2026-03-03T19:47:18+00:00\",\"dateModified\":\"2026-03-03T19:51:50+00:00\",\"breadcrumb\":{\"@id\":\"https:\\\/\\\/ksproducts.ca\\\/product\\\/klymit-outdoor-vitals-summit-3-season-down-hybrid-mummy-sleeping-bag\\\/#breadcrumb\"},\"inLanguage\":\"fr-CA\",\"potentialAction\":[{\"@type\":\"ReadAction\",\"target\":[\"https:\\\/\\\/ksproducts.ca\\\/product\\\/klymit-outdoor-vitals-summit-3-season-down-hybrid-mummy-sleeping-bag\\\/\"]}]},{\"@type\":\"ImageObject\",\"inLanguage\":\"fr-CA\",\"@id\":\"https:\\\/\\\/ksproducts.ca\\\/product\\\/klymit-outdoor-vitals-summit-3-season-down-hybrid-mummy-sleeping-bag\\\/#primaryimage\",\"url\":\"https:\\\/\\\/ksproducts.ca\\\/wp-content\\\/uploads\\\/2026\\\/03\\\/13KHRU20C.webp\",\"contentUrl\":\"https:\\\/\\\/ksproducts.ca\\\/wp-content\\\/uploads\\\/2026\\\/03\\\/13KHRU20C.webp\",\"width\":333,\"height\":646,\"caption\":\"Klymit Outdoor Vitals Summit 3-Season Down-Hybrid Mummy Sleeping Bag\"},{\"@type\":\"BreadcrumbList\",\"@id\":\"https:\\\/\\\/ksproducts.ca\\\/product\\\/klymit-outdoor-vitals-summit-3-season-down-hybrid-mummy-sleeping-bag\\\/#breadcrumb\",\"itemListElement\":[{\"@type\":\"ListItem\",\"position\":1,\"name\":\"Home\",\"item\":\"https:\\\/\\\/ksproducts.ca\\\/\"},{\"@type\":\"ListItem\",\"position\":2,\"name\":\"Shop\",\"item\":\"https:\\\/\\\/ksproducts.ca\\\/shop\\\/\"},{\"@type\":\"ListItem\",\"position\":3,\"name\":\"Klymit Outdoor Vitals Summit 3-Season Down-Hybrid Mummy Sleeping Bag\"}]},{\"@type\":\"WebSite\",\"@id\":\"https:\\\/\\\/ksproducts.ca\\\/#website\",\"url\":\"https:\\\/\\\/ksproducts.ca\\\/\",\"name\":\"Ks Products\",\"description\":\"Outdoor cooking and living, made easy in Canada\",\"publisher\":{\"@id\":\"https:\\\/\\\/ksproducts.ca\\\/#organization\"},\"potentialAction\":[{\"@type\":\"SearchAction\",\"target\":{\"@type\":\"EntryPoint\",\"urlTemplate\":\"https:\\\/\\\/ksproducts.ca\\\/?s={search_term_string}\"},\"query-input\":{\"@type\":\"PropertyValueSpecification\",\"valueRequired\":true,\"valueName\":\"search_term_string\"}}],\"inLanguage\":\"fr-CA\"},{\"@type\":\"Organization\",\"@id\":\"https:\\\/\\\/ksproducts.ca\\\/#organization\",\"name\":\"Ks Products\",\"url\":\"https:\\\/\\\/ksproducts.ca\\\/\",\"logo\":{\"@type\":\"ImageObject\",\"inLanguage\":\"fr-CA\",\"@id\":\"https:\\\/\\\/ksproducts.ca\\\/#\\\/schema\\\/logo\\\/image\\\/\",\"url\":\"https:\\\/\\\/ksproducts.ca\\\/wp-content\\\/uploads\\\/2023\\\/09\\\/Kennedy-Sales-Logo-header-1.png\",\"contentUrl\":\"https:\\\/\\\/ksproducts.ca\\\/wp-content\\\/uploads\\\/2023\\\/09\\\/Kennedy-Sales-Logo-header-1.png\",\"width\":150,\"height\":77,\"caption\":\"Ks Products\"},\"image\":{\"@id\":\"https:\\\/\\\/ksproducts.ca\\\/#\\\/schema\\\/logo\\\/image\\\/\"}}]}<\/script>\n<!-- \/ Yoast SEO plugin. -->","yoast_head_json":{"title":"Sac de couchage momie Klymit Outdoor Vitals Summit hybride duvet 3 saisons - Ks Products","robots":{"index":"index","follow":"follow","max-snippet":"max-snippet:-1","max-image-preview":"max-image-preview:large","max-video-preview":"max-video-preview:-1"},"canonical":"https:\/\/ksproducts.ca\/fr\/product\/sac-de-couchage-klymit-outdoor-vitals-summit-3-saisons-hybride-plume-momie\/","og_locale":"fr_CA","og_type":"article","og_title":"Klymit Outdoor Vitals Summit 3-Season Down-Hybrid Mummy Sleeping Bag - Ks Products","og_description":"The Klymit KSB 20 Hybrid Sleeping Bag with 650 fill power down top and synthetic fill bottom provide an exceptional warmth-to-weight ratio. Flexible Stretch Baffles keep fill next to your body and stretch when you move, while Length Lock allows you to adjust the bag to your height, creating a comfortable cocoon of fill around your feet. Additionally, anti-snag, two-way YKK zipper opens from the bottom or top to easily control the flow of air.","og_url":"https:\/\/ksproducts.ca\/fr\/product\/sac-de-couchage-klymit-outdoor-vitals-summit-3-saisons-hybride-plume-momie\/","og_site_name":"Ks Products","article_modified_time":"2026-03-03T19:51:50+00:00","og_image":[{"width":333,"height":646,"url":"https:\/\/ksproducts.ca\/wp-content\/uploads\/2026\/03\/13KHRU20C.webp","type":"image\/webp"}],"twitter_card":"summary_large_image","twitter_misc":{"Estimation du temps de lecture":"1 minute"},"schema":{"@context":"https:\/\/schema.org","@graph":[{"@type":"WebPage","@id":"https:\/\/ksproducts.ca\/product\/klymit-outdoor-vitals-summit-3-season-down-hybrid-mummy-sleeping-bag\/","url":"https:\/\/ksproducts.ca\/product\/klymit-outdoor-vitals-summit-3-season-down-hybrid-mummy-sleeping-bag\/","name":"Sac de couchage momie Klymit Outdoor Vitals Summit hybride duvet 3 saisons - Ks Products","isPartOf":{"@id":"https:\/\/ksproducts.ca\/#website"},"primaryImageOfPage":{"@id":"https:\/\/ksproducts.ca\/product\/klymit-outdoor-vitals-summit-3-season-down-hybrid-mummy-sleeping-bag\/#primaryimage"},"image":{"@id":"https:\/\/ksproducts.ca\/product\/klymit-outdoor-vitals-summit-3-season-down-hybrid-mummy-sleeping-bag\/#primaryimage"},"thumbnailUrl":"https:\/\/ksproducts.ca\/wp-content\/uploads\/2026\/03\/13KHRU20C.webp","datePublished":"2026-03-03T19:47:18+00:00","dateModified":"2026-03-03T19:51:50+00:00","breadcrumb":{"@id":"https:\/\/ksproducts.ca\/product\/klymit-outdoor-vitals-summit-3-season-down-hybrid-mummy-sleeping-bag\/#breadcrumb"},"inLanguage":"fr-CA","potentialAction":[{"@type":"ReadAction","target":["https:\/\/ksproducts.ca\/product\/klymit-outdoor-vitals-summit-3-season-down-hybrid-mummy-sleeping-bag\/"]}]},{"@type":"ImageObject","inLanguage":"fr-CA","@id":"https:\/\/ksproducts.ca\/product\/klymit-outdoor-vitals-summit-3-season-down-hybrid-mummy-sleeping-bag\/#primaryimage","url":"https:\/\/ksproducts.ca\/wp-content\/uploads\/2026\/03\/13KHRU20C.webp","contentUrl":"https:\/\/ksproducts.ca\/wp-content\/uploads\/2026\/03\/13KHRU20C.webp","width":333,"height":646,"caption":"Klymit Outdoor Vitals Summit 3-Season Down-Hybrid Mummy Sleeping Bag"},{"@type":"BreadcrumbList","@id":"https:\/\/ksproducts.ca\/product\/klymit-outdoor-vitals-summit-3-season-down-hybrid-mummy-sleeping-bag\/#breadcrumb","itemListElement":[{"@type":"ListItem","position":1,"name":"Home","item":"https:\/\/ksproducts.ca\/"},{"@type":"ListItem","position":2,"name":"Shop","item":"https:\/\/ksproducts.ca\/shop\/"},{"@type":"ListItem","position":3,"name":"Klymit Outdoor Vitals Summit 3-Season Down-Hybrid Mummy Sleeping Bag"}]},{"@type":"WebSite","@id":"https:\/\/ksproducts.ca\/#website","url":"https:\/\/ksproducts.ca\/","name":"Produits Ks","description":"Cuisiner et vivre en plein air, c'est facile au Canada","publisher":{"@id":"https:\/\/ksproducts.ca\/#organization"},"potentialAction":[{"@type":"SearchAction","target":{"@type":"EntryPoint","urlTemplate":"https:\/\/ksproducts.ca\/?s={search_term_string}"},"query-input":{"@type":"PropertyValueSpecification","valueRequired":true,"valueName":"search_term_string"}}],"inLanguage":"fr-CA"},{"@type":"Organization","@id":"https:\/\/ksproducts.ca\/#organization","name":"Produits Ks","url":"https:\/\/ksproducts.ca\/","logo":{"@type":"ImageObject","inLanguage":"fr-CA","@id":"https:\/\/ksproducts.ca\/#\/schema\/logo\/image\/","url":"https:\/\/ksproducts.ca\/wp-content\/uploads\/2023\/09\/Kennedy-Sales-Logo-header-1.png","contentUrl":"https:\/\/ksproducts.ca\/wp-content\/uploads\/2023\/09\/Kennedy-Sales-Logo-header-1.png","width":150,"height":77,"caption":"Ks Products"},"image":{"@id":"https:\/\/ksproducts.ca\/#\/schema\/logo\/image\/"}}]}},"_links":{"self":[{"href":"https:\/\/ksproducts.ca\/fr\/wp-json\/wp\/v2\/product\/11324","targetHints":{"allow":["GET"]}}],"collection":[{"href":"https:\/\/ksproducts.ca\/fr\/wp-json\/wp\/v2\/product"}],"about":[{"href":"https:\/\/ksproducts.ca\/fr\/wp-json\/wp\/v2\/types\/product"}],"replies":[{"embeddable":true,"href":"https:\/\/ksproducts.ca\/fr\/wp-json\/wp\/v2\/comments?post=11324"}],"version-history":[{"count":1,"href":"https:\/\/ksproducts.ca\/fr\/wp-json\/wp\/v2\/product\/11324\/revisions"}],"predecessor-version":[{"id":11326,"href":"https:\/\/ksproducts.ca\/fr\/wp-json\/wp\/v2\/product\/11324\/revisions\/11326"}],"wp:featuredmedia":[{"embeddable":true,"href":"https:\/\/ksproducts.ca\/fr\/wp-json\/wp\/v2\/media\/11325"}],"wp:attachment":[{"href":"https:\/\/ksproducts.ca\/fr\/wp-json\/wp\/v2\/media?parent=11324"}],"wp:term":[{"taxonomy":"product_cat","embeddable":true,"href":"https:\/\/ksproducts.ca\/fr\/wp-json\/wp\/v2\/product_cat?post=11324"},{"taxonomy":"product_tag","embeddable":true,"href":"https:\/\/ksproducts.ca\/fr\/wp-json\/wp\/v2\/product_tag?post=11324"}],"curies":[{"name":"wp","href":"https:\/\/api.w.org\/{rel}","templated":true}]}}