{"id":11327,"date":"2026-03-03T19:55:49","date_gmt":"2026-03-03T19:55:49","guid":{"rendered":"https:\/\/ksproducts.ca\/?post_type=product&#038;p=11327"},"modified":"2026-03-03T19:55:49","modified_gmt":"2026-03-03T19:55:49","slug":"coussin-de-siege-de-camping-gonflable-leger-klymit-v-seat","status":"publish","type":"product","link":"https:\/\/ksproducts.ca\/fr\/product\/klymit-v-seat-lightweight-inflatable-camp-seat-cushion\/","title":{"rendered":"Klymit V Seat Coussin de si\u00e8ge de camping l\u00e9ger et gonflable"},"content":{"rendered":"<ul>\n<li><strong>Poids :\u00a0<\/strong>2,6 onces \/ 74 g<\/li>\n<li><strong>Dimensions :\u00a0<\/strong>14 po x 14 po x 1 po \/ 35,5 cm x 35,5 cm x 2,5 cm<\/li>\n<li><strong>Inflation :\u00a0<\/strong>1-2 Inspirations<\/li>\n<li><strong>Taille du paquet :\u00a0<\/strong>3,5 pouces x 1,5 pouce \/ 8,9 cm \/ 3,8 cm<\/li>\n<li><strong>Tissu :\u00a0<\/strong>Polyester 75D<\/li>\n<\/ul>","protected":false},"excerpt":{"rendered":"<p>Compact et l\u00e9ger, le V-Seat offre un rembourrage simple et efficace partout. Suffisamment durable pour une utilisation en ext\u00e9rieur dans l'arri\u00e8re-pays et en camping, il est \u00e9galement id\u00e9al pour les longs vols, les gradins froids ou au bureau pour un rembourrage suppl\u00e9mentaire de votre chaise de bureau.<\/p>","protected":false},"featured_media":11328,"comment_status":"open","ping_status":"closed","template":"","meta":[],"product_cat":[431],"product_tag":[],"class_list":{"0":"post-11327","1":"product","2":"type-product","3":"status-publish","4":"has-post-thumbnail","6":"product_cat-camping-rv-essentials","7":"product_shipping_class-class-1","9":"first","10":"instock","11":"taxable","12":"shipping-taxable","13":"purchasable","14":"product-type-simple"},"yoast_head":"<!-- This site is optimized with the Yoast SEO plugin v27.4 - https:\/\/yoast.com\/product\/yoast-seo-wordpress\/ -->\n<title>Klymit V Seat Lightweight Inflatable Camp Seat Cushion - Ks Products<\/title>\n<meta name=\"robots\" content=\"index, follow, max-snippet:-1, max-image-preview:large, max-video-preview:-1\" \/>\n<link rel=\"canonical\" href=\"https:\/\/ksproducts.ca\/fr\/product\/coussin-de-siege-de-camping-gonflable-leger-klymit-v-seat\/\" \/>\n<meta property=\"og:locale\" content=\"fr_CA\" \/>\n<meta property=\"og:type\" content=\"article\" \/>\n<meta property=\"og:title\" content=\"Klymit V Seat Lightweight Inflatable Camp Seat Cushion - Ks Products\" \/>\n<meta property=\"og:description\" content=\"Compact and light, the V-Seat provides a simple effective padding anywhere. Durable enough for outdoor use in the backcountry and camping, yet also great for long flights, cold bleachers, or use it in the office for extra padding on your office chair.\" \/>\n<meta property=\"og:url\" content=\"https:\/\/ksproducts.ca\/fr\/product\/coussin-de-siege-de-camping-gonflable-leger-klymit-v-seat\/\" \/>\n<meta property=\"og:site_name\" content=\"Ks Products\" \/>\n<meta property=\"og:image\" content=\"https:\/\/ksproducts.ca\/wp-content\/uploads\/2026\/03\/12VSGR01B.webp\" \/>\n\t<meta property=\"og:image:width\" content=\"800\" \/>\n\t<meta property=\"og:image:height\" content=\"800\" \/>\n\t<meta property=\"og:image:type\" content=\"image\/webp\" \/>\n<meta name=\"twitter:card\" content=\"summary_large_image\" \/>\n<meta name=\"twitter:label1\" content=\"Estimation du temps de lecture\" \/>\n\t<meta name=\"twitter:data1\" content=\"1 minute\" \/>\n<script type=\"application\/ld+json\" class=\"yoast-schema-graph\">{\"@context\":\"https:\\\/\\\/schema.org\",\"@graph\":[{\"@type\":\"WebPage\",\"@id\":\"https:\\\/\\\/ksproducts.ca\\\/product\\\/klymit-v-seat-lightweight-inflatable-camp-seat-cushion\\\/\",\"url\":\"https:\\\/\\\/ksproducts.ca\\\/product\\\/klymit-v-seat-lightweight-inflatable-camp-seat-cushion\\\/\",\"name\":\"Klymit V Seat Lightweight Inflatable Camp Seat Cushion - Ks Products\",\"isPartOf\":{\"@id\":\"https:\\\/\\\/ksproducts.ca\\\/#website\"},\"primaryImageOfPage\":{\"@id\":\"https:\\\/\\\/ksproducts.ca\\\/product\\\/klymit-v-seat-lightweight-inflatable-camp-seat-cushion\\\/#primaryimage\"},\"image\":{\"@id\":\"https:\\\/\\\/ksproducts.ca\\\/product\\\/klymit-v-seat-lightweight-inflatable-camp-seat-cushion\\\/#primaryimage\"},\"thumbnailUrl\":\"https:\\\/\\\/ksproducts.ca\\\/wp-content\\\/uploads\\\/2026\\\/03\\\/12VSGR01B.webp\",\"datePublished\":\"2026-03-03T19:55:49+00:00\",\"breadcrumb\":{\"@id\":\"https:\\\/\\\/ksproducts.ca\\\/product\\\/klymit-v-seat-lightweight-inflatable-camp-seat-cushion\\\/#breadcrumb\"},\"inLanguage\":\"fr-CA\",\"potentialAction\":[{\"@type\":\"ReadAction\",\"target\":[\"https:\\\/\\\/ksproducts.ca\\\/product\\\/klymit-v-seat-lightweight-inflatable-camp-seat-cushion\\\/\"]}]},{\"@type\":\"ImageObject\",\"inLanguage\":\"fr-CA\",\"@id\":\"https:\\\/\\\/ksproducts.ca\\\/product\\\/klymit-v-seat-lightweight-inflatable-camp-seat-cushion\\\/#primaryimage\",\"url\":\"https:\\\/\\\/ksproducts.ca\\\/wp-content\\\/uploads\\\/2026\\\/03\\\/12VSGR01B.webp\",\"contentUrl\":\"https:\\\/\\\/ksproducts.ca\\\/wp-content\\\/uploads\\\/2026\\\/03\\\/12VSGR01B.webp\",\"width\":800,\"height\":800,\"caption\":\"Klymit V Seat Lightweight Inflatable Camp Seat Cushion\"},{\"@type\":\"BreadcrumbList\",\"@id\":\"https:\\\/\\\/ksproducts.ca\\\/product\\\/klymit-v-seat-lightweight-inflatable-camp-seat-cushion\\\/#breadcrumb\",\"itemListElement\":[{\"@type\":\"ListItem\",\"position\":1,\"name\":\"Home\",\"item\":\"https:\\\/\\\/ksproducts.ca\\\/\"},{\"@type\":\"ListItem\",\"position\":2,\"name\":\"Shop\",\"item\":\"https:\\\/\\\/ksproducts.ca\\\/shop\\\/\"},{\"@type\":\"ListItem\",\"position\":3,\"name\":\"Klymit V Seat Lightweight Inflatable Camp Seat Cushion\"}]},{\"@type\":\"WebSite\",\"@id\":\"https:\\\/\\\/ksproducts.ca\\\/#website\",\"url\":\"https:\\\/\\\/ksproducts.ca\\\/\",\"name\":\"Ks Products\",\"description\":\"Outdoor cooking and living, made easy in Canada\",\"publisher\":{\"@id\":\"https:\\\/\\\/ksproducts.ca\\\/#organization\"},\"potentialAction\":[{\"@type\":\"SearchAction\",\"target\":{\"@type\":\"EntryPoint\",\"urlTemplate\":\"https:\\\/\\\/ksproducts.ca\\\/?s={search_term_string}\"},\"query-input\":{\"@type\":\"PropertyValueSpecification\",\"valueRequired\":true,\"valueName\":\"search_term_string\"}}],\"inLanguage\":\"fr-CA\"},{\"@type\":\"Organization\",\"@id\":\"https:\\\/\\\/ksproducts.ca\\\/#organization\",\"name\":\"Ks Products\",\"url\":\"https:\\\/\\\/ksproducts.ca\\\/\",\"logo\":{\"@type\":\"ImageObject\",\"inLanguage\":\"fr-CA\",\"@id\":\"https:\\\/\\\/ksproducts.ca\\\/#\\\/schema\\\/logo\\\/image\\\/\",\"url\":\"https:\\\/\\\/ksproducts.ca\\\/wp-content\\\/uploads\\\/2023\\\/09\\\/Kennedy-Sales-Logo-header-1.png\",\"contentUrl\":\"https:\\\/\\\/ksproducts.ca\\\/wp-content\\\/uploads\\\/2023\\\/09\\\/Kennedy-Sales-Logo-header-1.png\",\"width\":150,\"height\":77,\"caption\":\"Ks Products\"},\"image\":{\"@id\":\"https:\\\/\\\/ksproducts.ca\\\/#\\\/schema\\\/logo\\\/image\\\/\"}}]}<\/script>\n<!-- \/ Yoast SEO plugin. -->","yoast_head_json":{"title":"Klymit V Seat Si\u00e8ge de camping gonflable l\u00e9ger - Produits Ks","robots":{"index":"index","follow":"follow","max-snippet":"max-snippet:-1","max-image-preview":"max-image-preview:large","max-video-preview":"max-video-preview:-1"},"canonical":"https:\/\/ksproducts.ca\/fr\/product\/coussin-de-siege-de-camping-gonflable-leger-klymit-v-seat\/","og_locale":"fr_CA","og_type":"article","og_title":"Klymit V Seat Lightweight Inflatable Camp Seat Cushion - Ks Products","og_description":"Compact and light, the V-Seat provides a simple effective padding anywhere. Durable enough for outdoor use in the backcountry and camping, yet also great for long flights, cold bleachers, or use it in the office for extra padding on your office chair.","og_url":"https:\/\/ksproducts.ca\/fr\/product\/coussin-de-siege-de-camping-gonflable-leger-klymit-v-seat\/","og_site_name":"Ks Products","og_image":[{"width":800,"height":800,"url":"https:\/\/ksproducts.ca\/wp-content\/uploads\/2026\/03\/12VSGR01B.webp","type":"image\/webp"}],"twitter_card":"summary_large_image","twitter_misc":{"Estimation du temps de lecture":"1 minute"},"schema":{"@context":"https:\/\/schema.org","@graph":[{"@type":"WebPage","@id":"https:\/\/ksproducts.ca\/product\/klymit-v-seat-lightweight-inflatable-camp-seat-cushion\/","url":"https:\/\/ksproducts.ca\/product\/klymit-v-seat-lightweight-inflatable-camp-seat-cushion\/","name":"Klymit V Seat Si\u00e8ge de camping gonflable l\u00e9ger - Produits Ks","isPartOf":{"@id":"https:\/\/ksproducts.ca\/#website"},"primaryImageOfPage":{"@id":"https:\/\/ksproducts.ca\/product\/klymit-v-seat-lightweight-inflatable-camp-seat-cushion\/#primaryimage"},"image":{"@id":"https:\/\/ksproducts.ca\/product\/klymit-v-seat-lightweight-inflatable-camp-seat-cushion\/#primaryimage"},"thumbnailUrl":"https:\/\/ksproducts.ca\/wp-content\/uploads\/2026\/03\/12VSGR01B.webp","datePublished":"2026-03-03T19:55:49+00:00","breadcrumb":{"@id":"https:\/\/ksproducts.ca\/product\/klymit-v-seat-lightweight-inflatable-camp-seat-cushion\/#breadcrumb"},"inLanguage":"fr-CA","potentialAction":[{"@type":"ReadAction","target":["https:\/\/ksproducts.ca\/product\/klymit-v-seat-lightweight-inflatable-camp-seat-cushion\/"]}]},{"@type":"ImageObject","inLanguage":"fr-CA","@id":"https:\/\/ksproducts.ca\/product\/klymit-v-seat-lightweight-inflatable-camp-seat-cushion\/#primaryimage","url":"https:\/\/ksproducts.ca\/wp-content\/uploads\/2026\/03\/12VSGR01B.webp","contentUrl":"https:\/\/ksproducts.ca\/wp-content\/uploads\/2026\/03\/12VSGR01B.webp","width":800,"height":800,"caption":"Klymit V Seat Lightweight Inflatable Camp Seat Cushion"},{"@type":"BreadcrumbList","@id":"https:\/\/ksproducts.ca\/product\/klymit-v-seat-lightweight-inflatable-camp-seat-cushion\/#breadcrumb","itemListElement":[{"@type":"ListItem","position":1,"name":"Home","item":"https:\/\/ksproducts.ca\/"},{"@type":"ListItem","position":2,"name":"Shop","item":"https:\/\/ksproducts.ca\/shop\/"},{"@type":"ListItem","position":3,"name":"Klymit V Seat Lightweight Inflatable Camp Seat Cushion"}]},{"@type":"WebSite","@id":"https:\/\/ksproducts.ca\/#website","url":"https:\/\/ksproducts.ca\/","name":"Produits Ks","description":"Cuisiner et vivre en plein air, c'est facile au Canada","publisher":{"@id":"https:\/\/ksproducts.ca\/#organization"},"potentialAction":[{"@type":"SearchAction","target":{"@type":"EntryPoint","urlTemplate":"https:\/\/ksproducts.ca\/?s={search_term_string}"},"query-input":{"@type":"PropertyValueSpecification","valueRequired":true,"valueName":"search_term_string"}}],"inLanguage":"fr-CA"},{"@type":"Organization","@id":"https:\/\/ksproducts.ca\/#organization","name":"Produits Ks","url":"https:\/\/ksproducts.ca\/","logo":{"@type":"ImageObject","inLanguage":"fr-CA","@id":"https:\/\/ksproducts.ca\/#\/schema\/logo\/image\/","url":"https:\/\/ksproducts.ca\/wp-content\/uploads\/2023\/09\/Kennedy-Sales-Logo-header-1.png","contentUrl":"https:\/\/ksproducts.ca\/wp-content\/uploads\/2023\/09\/Kennedy-Sales-Logo-header-1.png","width":150,"height":77,"caption":"Ks Products"},"image":{"@id":"https:\/\/ksproducts.ca\/#\/schema\/logo\/image\/"}}]}},"_links":{"self":[{"href":"https:\/\/ksproducts.ca\/fr\/wp-json\/wp\/v2\/product\/11327","targetHints":{"allow":["GET"]}}],"collection":[{"href":"https:\/\/ksproducts.ca\/fr\/wp-json\/wp\/v2\/product"}],"about":[{"href":"https:\/\/ksproducts.ca\/fr\/wp-json\/wp\/v2\/types\/product"}],"replies":[{"embeddable":true,"href":"https:\/\/ksproducts.ca\/fr\/wp-json\/wp\/v2\/comments?post=11327"}],"version-history":[{"count":1,"href":"https:\/\/ksproducts.ca\/fr\/wp-json\/wp\/v2\/product\/11327\/revisions"}],"predecessor-version":[{"id":11329,"href":"https:\/\/ksproducts.ca\/fr\/wp-json\/wp\/v2\/product\/11327\/revisions\/11329"}],"wp:featuredmedia":[{"embeddable":true,"href":"https:\/\/ksproducts.ca\/fr\/wp-json\/wp\/v2\/media\/11328"}],"wp:attachment":[{"href":"https:\/\/ksproducts.ca\/fr\/wp-json\/wp\/v2\/media?parent=11327"}],"wp:term":[{"taxonomy":"product_cat","embeddable":true,"href":"https:\/\/ksproducts.ca\/fr\/wp-json\/wp\/v2\/product_cat?post=11327"},{"taxonomy":"product_tag","embeddable":true,"href":"https:\/\/ksproducts.ca\/fr\/wp-json\/wp\/v2\/product_tag?post=11327"}],"curies":[{"name":"wp","href":"https:\/\/api.w.org\/{rel}","templated":true}]}}