{"id":11330,"date":"2026-03-03T20:01:26","date_gmt":"2026-03-03T20:01:26","guid":{"rendered":"https:\/\/ksproducts.ca\/?post_type=product&#038;p=11330"},"modified":"2026-03-03T20:01:27","modified_gmt":"2026-03-03T20:01:27","slug":"klymit-oreiller-x-oreiller-de-camping-gonflable-leger-regulier","status":"publish","type":"product","link":"https:\/\/ksproducts.ca\/fr\/product\/klymit-pillow-x-lightweight-inflatable-camp-pillow-regular\/","title":{"rendered":"Klymit Pillow X Oreiller de camp gonflable l\u00e9ger - Regular"},"content":{"rendered":"<ul>\n<li><strong>Auto-centrage X Conception :<\/strong>\u00a0Le motif de soudure bien con\u00e7u aide \u00e0 centrer et \u00e0 stabiliser votre t\u00eate pour maintenir un contact confortable avec la surface de l'oreiller.<\/li>\n<li><strong>Hauteur et pression r\u00e9glables :<\/strong>\u00a0Il suffit d'ajouter ou de lib\u00e9rer de l'air pour augmenter ou diminuer la hauteur de l'oreiller et ajuster la fermet\u00e9 pour un confort personnalis\u00e9.<\/li>\n<li><strong>Compatible avec les sacs de couchage :\u00a0<\/strong>Con\u00e7u intelligemment pour s'adapter \u00e0 la capuche d'un sac de couchage mummy pour un confort s\u00e9curis\u00e9<\/li>\n<li><strong>Mat\u00e9riau robuste :\u00a0<\/strong>La construction hybride associe un dessus en polyester 30D exceptionnellement l\u00e9ger \u00e0 un dessous en polyester 75D pour une r\u00e9sistance sup\u00e9rieure \u00e0 la d\u00e9chirure, \u00e0 la perforation et \u00e0 l'abrasion l\u00e0 o\u00f9 c'est n\u00e9cessaire.<\/li>\n<li><strong>Sac de rangement<\/strong>\u00a0Un sac de rangement de 4,5 x 2,5 pouces x 1 pouce, sp\u00e9cialement dimensionn\u00e9 pour votre oreiller, est inclus pour maintenir la compacit\u00e9 et assurer une protection pendant le voyage<\/li>\n<\/ul>","protected":false},"excerpt":{"rendered":"<p>Support\u00e9 et ultral\u00e9ger, durable et incroyablement confortable, l'oreiller X est une n\u00e9cessit\u00e9 pour le sommeil dans l'arri\u00e8re-pays et pourrait bien \u00eatre l'oreiller le plus techniquement avanc\u00e9 jamais d\u00e9velopp\u00e9. Le design X avanc\u00e9 et auto-centrant positionne et berce votre t\u00eate pour un confort soutenu et stable. Le tissu durable 75D \u00e0 la base r\u00e9siste \u00e0 l'abrasion et aux perforations, et le tissu plus l\u00e9ger 30D \u00e0 la partie sup\u00e9rieure permet d'\u00e9conomiser des grammes et d'augmenter la douceur. Pesant \u00e0 peine deux onces et se r\u00e9duisant \u00e0 la taille d'un briquet, il s'agit d'une n\u00e9cessit\u00e9 luxueuse qui trouvera toujours sa place dans votre sac.<\/p>","protected":false},"featured_media":11331,"comment_status":"open","ping_status":"closed","template":"","meta":[],"product_cat":[431],"product_tag":[],"class_list":{"0":"post-11330","1":"product","2":"type-product","3":"status-publish","4":"has-post-thumbnail","6":"product_cat-camping-rv-essentials","7":"product_shipping_class-class-1","9":"first","10":"instock","11":"taxable","12":"shipping-taxable","13":"purchasable","14":"product-type-simple"},"yoast_head":"<!-- This site is optimized with the Yoast SEO plugin v27.4 - https:\/\/yoast.com\/product\/yoast-seo-wordpress\/ -->\n<title>Klymit Pillow X Lightweight Inflatable Camp Pillow - Regular - Ks Products<\/title>\n<meta name=\"robots\" content=\"index, follow, max-snippet:-1, max-image-preview:large, max-video-preview:-1\" \/>\n<link rel=\"canonical\" href=\"https:\/\/ksproducts.ca\/fr\/product\/klymit-oreiller-x-oreiller-de-camping-gonflable-leger-regulier\/\" \/>\n<meta property=\"og:locale\" content=\"fr_CA\" \/>\n<meta property=\"og:type\" content=\"article\" \/>\n<meta property=\"og:title\" content=\"Klymit Pillow X Lightweight Inflatable Camp Pillow - Regular - Ks Products\" \/>\n<meta property=\"og:description\" content=\"Supportive and ultralight, durable and incredibly comfortable, the Pillow X is a backcountry sleep necessity and may be the most technically advanced pillow ever developed. The advanced, self-centering X design positions and cradles your head for supportive, stable comfort. Durable 75D at the bottom resists abrasion and punctures, and the lighter 30D top sheds grams and ups softness. Weighing a scant two ounces and packing down to the size of a lighter, this is a luxurious necessity that always fits in your pack.\" \/>\n<meta property=\"og:url\" content=\"https:\/\/ksproducts.ca\/fr\/product\/klymit-oreiller-x-oreiller-de-camping-gonflable-leger-regulier\/\" \/>\n<meta property=\"og:site_name\" content=\"Ks Products\" \/>\n<meta property=\"article:modified_time\" content=\"2026-03-03T20:01:27+00:00\" \/>\n<meta property=\"og:image\" content=\"https:\/\/ksproducts.ca\/wp-content\/uploads\/2026\/03\/pillow-x.webp\" \/>\n\t<meta property=\"og:image:width\" content=\"800\" \/>\n\t<meta property=\"og:image:height\" content=\"800\" \/>\n\t<meta property=\"og:image:type\" content=\"image\/webp\" \/>\n<meta name=\"twitter:card\" content=\"summary_large_image\" \/>\n<meta name=\"twitter:label1\" content=\"Estimation du temps de lecture\" \/>\n\t<meta name=\"twitter:data1\" content=\"1 minute\" \/>\n<script type=\"application\/ld+json\" class=\"yoast-schema-graph\">{\"@context\":\"https:\\\/\\\/schema.org\",\"@graph\":[{\"@type\":\"WebPage\",\"@id\":\"https:\\\/\\\/ksproducts.ca\\\/product\\\/klymit-pillow-x-lightweight-inflatable-camp-pillow-regular\\\/\",\"url\":\"https:\\\/\\\/ksproducts.ca\\\/product\\\/klymit-pillow-x-lightweight-inflatable-camp-pillow-regular\\\/\",\"name\":\"Klymit Pillow X Lightweight Inflatable Camp Pillow - Regular - Ks Products\",\"isPartOf\":{\"@id\":\"https:\\\/\\\/ksproducts.ca\\\/#website\"},\"primaryImageOfPage\":{\"@id\":\"https:\\\/\\\/ksproducts.ca\\\/product\\\/klymit-pillow-x-lightweight-inflatable-camp-pillow-regular\\\/#primaryimage\"},\"image\":{\"@id\":\"https:\\\/\\\/ksproducts.ca\\\/product\\\/klymit-pillow-x-lightweight-inflatable-camp-pillow-regular\\\/#primaryimage\"},\"thumbnailUrl\":\"https:\\\/\\\/ksproducts.ca\\\/wp-content\\\/uploads\\\/2026\\\/03\\\/pillow-x.webp\",\"datePublished\":\"2026-03-03T20:01:26+00:00\",\"dateModified\":\"2026-03-03T20:01:27+00:00\",\"breadcrumb\":{\"@id\":\"https:\\\/\\\/ksproducts.ca\\\/product\\\/klymit-pillow-x-lightweight-inflatable-camp-pillow-regular\\\/#breadcrumb\"},\"inLanguage\":\"fr-CA\",\"potentialAction\":[{\"@type\":\"ReadAction\",\"target\":[\"https:\\\/\\\/ksproducts.ca\\\/product\\\/klymit-pillow-x-lightweight-inflatable-camp-pillow-regular\\\/\"]}]},{\"@type\":\"ImageObject\",\"inLanguage\":\"fr-CA\",\"@id\":\"https:\\\/\\\/ksproducts.ca\\\/product\\\/klymit-pillow-x-lightweight-inflatable-camp-pillow-regular\\\/#primaryimage\",\"url\":\"https:\\\/\\\/ksproducts.ca\\\/wp-content\\\/uploads\\\/2026\\\/03\\\/pillow-x.webp\",\"contentUrl\":\"https:\\\/\\\/ksproducts.ca\\\/wp-content\\\/uploads\\\/2026\\\/03\\\/pillow-x.webp\",\"width\":800,\"height\":800,\"caption\":\"Klymit Pillow X Lightweight Inflatable Camp Pillow - Regular\"},{\"@type\":\"BreadcrumbList\",\"@id\":\"https:\\\/\\\/ksproducts.ca\\\/product\\\/klymit-pillow-x-lightweight-inflatable-camp-pillow-regular\\\/#breadcrumb\",\"itemListElement\":[{\"@type\":\"ListItem\",\"position\":1,\"name\":\"Home\",\"item\":\"https:\\\/\\\/ksproducts.ca\\\/\"},{\"@type\":\"ListItem\",\"position\":2,\"name\":\"Shop\",\"item\":\"https:\\\/\\\/ksproducts.ca\\\/shop\\\/\"},{\"@type\":\"ListItem\",\"position\":3,\"name\":\"Klymit Pillow X Lightweight Inflatable Camp Pillow &#8211; Regular\"}]},{\"@type\":\"WebSite\",\"@id\":\"https:\\\/\\\/ksproducts.ca\\\/#website\",\"url\":\"https:\\\/\\\/ksproducts.ca\\\/\",\"name\":\"Ks Products\",\"description\":\"Outdoor cooking and living, made easy in Canada\",\"publisher\":{\"@id\":\"https:\\\/\\\/ksproducts.ca\\\/#organization\"},\"potentialAction\":[{\"@type\":\"SearchAction\",\"target\":{\"@type\":\"EntryPoint\",\"urlTemplate\":\"https:\\\/\\\/ksproducts.ca\\\/?s={search_term_string}\"},\"query-input\":{\"@type\":\"PropertyValueSpecification\",\"valueRequired\":true,\"valueName\":\"search_term_string\"}}],\"inLanguage\":\"fr-CA\"},{\"@type\":\"Organization\",\"@id\":\"https:\\\/\\\/ksproducts.ca\\\/#organization\",\"name\":\"Ks Products\",\"url\":\"https:\\\/\\\/ksproducts.ca\\\/\",\"logo\":{\"@type\":\"ImageObject\",\"inLanguage\":\"fr-CA\",\"@id\":\"https:\\\/\\\/ksproducts.ca\\\/#\\\/schema\\\/logo\\\/image\\\/\",\"url\":\"https:\\\/\\\/ksproducts.ca\\\/wp-content\\\/uploads\\\/2023\\\/09\\\/Kennedy-Sales-Logo-header-1.png\",\"contentUrl\":\"https:\\\/\\\/ksproducts.ca\\\/wp-content\\\/uploads\\\/2023\\\/09\\\/Kennedy-Sales-Logo-header-1.png\",\"width\":150,\"height\":77,\"caption\":\"Ks Products\"},\"image\":{\"@id\":\"https:\\\/\\\/ksproducts.ca\\\/#\\\/schema\\\/logo\\\/image\\\/\"}}]}<\/script>\n<!-- \/ Yoast SEO plugin. -->","yoast_head_json":{"title":"Klymit Pillow X Gonflable L\u00e9ger Oreiller de Camping - R\u00e9gulier - Ks Products","robots":{"index":"index","follow":"follow","max-snippet":"max-snippet:-1","max-image-preview":"max-image-preview:large","max-video-preview":"max-video-preview:-1"},"canonical":"https:\/\/ksproducts.ca\/fr\/product\/klymit-oreiller-x-oreiller-de-camping-gonflable-leger-regulier\/","og_locale":"fr_CA","og_type":"article","og_title":"Klymit Pillow X Lightweight Inflatable Camp Pillow - Regular - Ks Products","og_description":"Supportive and ultralight, durable and incredibly comfortable, the Pillow X is a backcountry sleep necessity and may be the most technically advanced pillow ever developed. The advanced, self-centering X design positions and cradles your head for supportive, stable comfort. Durable 75D at the bottom resists abrasion and punctures, and the lighter 30D top sheds grams and ups softness. Weighing a scant two ounces and packing down to the size of a lighter, this is a luxurious necessity that always fits in your pack.","og_url":"https:\/\/ksproducts.ca\/fr\/product\/klymit-oreiller-x-oreiller-de-camping-gonflable-leger-regulier\/","og_site_name":"Ks Products","article_modified_time":"2026-03-03T20:01:27+00:00","og_image":[{"width":800,"height":800,"url":"https:\/\/ksproducts.ca\/wp-content\/uploads\/2026\/03\/pillow-x.webp","type":"image\/webp"}],"twitter_card":"summary_large_image","twitter_misc":{"Estimation du temps de lecture":"1 minute"},"schema":{"@context":"https:\/\/schema.org","@graph":[{"@type":"WebPage","@id":"https:\/\/ksproducts.ca\/product\/klymit-pillow-x-lightweight-inflatable-camp-pillow-regular\/","url":"https:\/\/ksproducts.ca\/product\/klymit-pillow-x-lightweight-inflatable-camp-pillow-regular\/","name":"Klymit Pillow X Gonflable L\u00e9ger Oreiller de Camping - R\u00e9gulier - Ks Products","isPartOf":{"@id":"https:\/\/ksproducts.ca\/#website"},"primaryImageOfPage":{"@id":"https:\/\/ksproducts.ca\/product\/klymit-pillow-x-lightweight-inflatable-camp-pillow-regular\/#primaryimage"},"image":{"@id":"https:\/\/ksproducts.ca\/product\/klymit-pillow-x-lightweight-inflatable-camp-pillow-regular\/#primaryimage"},"thumbnailUrl":"https:\/\/ksproducts.ca\/wp-content\/uploads\/2026\/03\/pillow-x.webp","datePublished":"2026-03-03T20:01:26+00:00","dateModified":"2026-03-03T20:01:27+00:00","breadcrumb":{"@id":"https:\/\/ksproducts.ca\/product\/klymit-pillow-x-lightweight-inflatable-camp-pillow-regular\/#breadcrumb"},"inLanguage":"fr-CA","potentialAction":[{"@type":"ReadAction","target":["https:\/\/ksproducts.ca\/product\/klymit-pillow-x-lightweight-inflatable-camp-pillow-regular\/"]}]},{"@type":"ImageObject","inLanguage":"fr-CA","@id":"https:\/\/ksproducts.ca\/product\/klymit-pillow-x-lightweight-inflatable-camp-pillow-regular\/#primaryimage","url":"https:\/\/ksproducts.ca\/wp-content\/uploads\/2026\/03\/pillow-x.webp","contentUrl":"https:\/\/ksproducts.ca\/wp-content\/uploads\/2026\/03\/pillow-x.webp","width":800,"height":800,"caption":"Klymit Pillow X Lightweight Inflatable Camp Pillow - Regular"},{"@type":"BreadcrumbList","@id":"https:\/\/ksproducts.ca\/product\/klymit-pillow-x-lightweight-inflatable-camp-pillow-regular\/#breadcrumb","itemListElement":[{"@type":"ListItem","position":1,"name":"Home","item":"https:\/\/ksproducts.ca\/"},{"@type":"ListItem","position":2,"name":"Shop","item":"https:\/\/ksproducts.ca\/shop\/"},{"@type":"ListItem","position":3,"name":"Klymit Pillow X Lightweight Inflatable Camp Pillow &#8211; Regular"}]},{"@type":"WebSite","@id":"https:\/\/ksproducts.ca\/#website","url":"https:\/\/ksproducts.ca\/","name":"Produits Ks","description":"Cuisiner et vivre en plein air, c'est facile au Canada","publisher":{"@id":"https:\/\/ksproducts.ca\/#organization"},"potentialAction":[{"@type":"SearchAction","target":{"@type":"EntryPoint","urlTemplate":"https:\/\/ksproducts.ca\/?s={search_term_string}"},"query-input":{"@type":"PropertyValueSpecification","valueRequired":true,"valueName":"search_term_string"}}],"inLanguage":"fr-CA"},{"@type":"Organization","@id":"https:\/\/ksproducts.ca\/#organization","name":"Produits Ks","url":"https:\/\/ksproducts.ca\/","logo":{"@type":"ImageObject","inLanguage":"fr-CA","@id":"https:\/\/ksproducts.ca\/#\/schema\/logo\/image\/","url":"https:\/\/ksproducts.ca\/wp-content\/uploads\/2023\/09\/Kennedy-Sales-Logo-header-1.png","contentUrl":"https:\/\/ksproducts.ca\/wp-content\/uploads\/2023\/09\/Kennedy-Sales-Logo-header-1.png","width":150,"height":77,"caption":"Ks Products"},"image":{"@id":"https:\/\/ksproducts.ca\/#\/schema\/logo\/image\/"}}]}},"_links":{"self":[{"href":"https:\/\/ksproducts.ca\/fr\/wp-json\/wp\/v2\/product\/11330","targetHints":{"allow":["GET"]}}],"collection":[{"href":"https:\/\/ksproducts.ca\/fr\/wp-json\/wp\/v2\/product"}],"about":[{"href":"https:\/\/ksproducts.ca\/fr\/wp-json\/wp\/v2\/types\/product"}],"replies":[{"embeddable":true,"href":"https:\/\/ksproducts.ca\/fr\/wp-json\/wp\/v2\/comments?post=11330"}],"version-history":[{"count":1,"href":"https:\/\/ksproducts.ca\/fr\/wp-json\/wp\/v2\/product\/11330\/revisions"}],"predecessor-version":[{"id":11332,"href":"https:\/\/ksproducts.ca\/fr\/wp-json\/wp\/v2\/product\/11330\/revisions\/11332"}],"wp:featuredmedia":[{"embeddable":true,"href":"https:\/\/ksproducts.ca\/fr\/wp-json\/wp\/v2\/media\/11331"}],"wp:attachment":[{"href":"https:\/\/ksproducts.ca\/fr\/wp-json\/wp\/v2\/media?parent=11330"}],"wp:term":[{"taxonomy":"product_cat","embeddable":true,"href":"https:\/\/ksproducts.ca\/fr\/wp-json\/wp\/v2\/product_cat?post=11330"},{"taxonomy":"product_tag","embeddable":true,"href":"https:\/\/ksproducts.ca\/fr\/wp-json\/wp\/v2\/product_tag?post=11330"}],"curies":[{"name":"wp","href":"https:\/\/api.w.org\/{rel}","templated":true}]}}