{"id":11333,"date":"2026-03-03T20:04:56","date_gmt":"2026-03-03T20:04:56","guid":{"rendered":"https:\/\/ksproducts.ca\/?post_type=product&#038;p=11333"},"modified":"2026-03-03T20:04:56","modified_gmt":"2026-03-03T20:04:56","slug":"klymit-pillow-x-oreiller-de-camping-leger-gonflable-grand-format","status":"publish","type":"product","link":"https:\/\/ksproducts.ca\/fr\/product\/klymit-pillow-x-lightweight-inflatable-camp-pillow-large\/","title":{"rendered":"Klymit Pillow X Oreiller de camp gonflable l\u00e9ger - Large"},"content":{"rendered":"<ul>\n<li><strong>Amorti am\u00e9lior\u00e9:<\/strong>\u00a0Sa configuration plus large et plus \u00e9paisse et ses mat\u00e9riaux plus souples en font une alternative plus confortable au Pillow X ultral\u00e9ger.<\/li>\n<li><strong>Auto-centrage X Conception :\u00a0<\/strong>Le motif de soudure bien con\u00e7u aide \u00e0 centrer et \u00e0 stabiliser votre t\u00eate pour maintenir un contact confortable avec la surface de l'oreiller.<\/li>\n<li><strong>Hauteur et pression r\u00e9glables :<\/strong>\u00a0Il suffit d'ajouter ou de lib\u00e9rer de l'air pour augmenter ou diminuer la hauteur de l'oreiller et ajuster la fermet\u00e9 pour un confort personnalis\u00e9.<\/li>\n<li><strong>Compatible avec les sacs de couchage :<\/strong>\u00a0Con\u00e7u intelligemment pour s'adapter \u00e0 la capuche d'un sac de couchage mummy pour un confort s\u00e9curis\u00e9<\/li>\n<\/ul>","protected":false},"excerpt":{"rendered":"<p>La conception avanc\u00e9e en X \u00e0 centrage automatique positionne et berce votre t\u00eate pour un confort stable. Pesant \u00e0 peine 3,2 onces et se r\u00e9duisant \u00e0 la taille d'un portefeuille, cet oreiller techniquement avanc\u00e9 est une n\u00e9cessit\u00e9 luxueuse pour les voyages dans l'arri\u00e8re-pays - et il est \u00e9galement parfait pour le camping en voiture.<\/p>","protected":false},"featured_media":11334,"comment_status":"open","ping_status":"closed","template":"","meta":[],"product_cat":[431],"product_tag":[],"class_list":{"0":"post-11333","1":"product","2":"type-product","3":"status-publish","4":"has-post-thumbnail","6":"product_cat-camping-rv-essentials","7":"product_shipping_class-class-1","9":"first","10":"instock","11":"taxable","12":"shipping-taxable","13":"purchasable","14":"product-type-simple"},"yoast_head":"<!-- This site is optimized with the Yoast SEO plugin v27.4 - https:\/\/yoast.com\/product\/yoast-seo-wordpress\/ -->\n<title>Klymit Pillow X Lightweight Inflatable Camp Pillow - Large - Ks Products<\/title>\n<meta name=\"robots\" content=\"index, follow, max-snippet:-1, max-image-preview:large, max-video-preview:-1\" \/>\n<link rel=\"canonical\" href=\"https:\/\/ksproducts.ca\/fr\/product\/klymit-pillow-x-oreiller-de-camping-leger-gonflable-grand-format\/\" \/>\n<meta property=\"og:locale\" content=\"fr_CA\" \/>\n<meta property=\"og:type\" content=\"article\" \/>\n<meta property=\"og:title\" content=\"Klymit Pillow X Lightweight Inflatable Camp Pillow - Large - Ks Products\" \/>\n<meta property=\"og:description\" content=\"The advanced, self-centering X design positions and cradles your head for supportive, stable comfort. Weighing just 3.2 ounces, and packing down to the size of a wallet, this technically advanced pillow is a luxurious necessity for backcountry travel \u2013 and it\u2019s great for car camping, too.\" \/>\n<meta property=\"og:url\" content=\"https:\/\/ksproducts.ca\/fr\/product\/klymit-pillow-x-oreiller-de-camping-leger-gonflable-grand-format\/\" \/>\n<meta property=\"og:site_name\" content=\"Ks Products\" \/>\n<meta property=\"og:image\" content=\"https:\/\/ksproducts.ca\/wp-content\/uploads\/2026\/03\/12PLTL01D.jpg\" \/>\n\t<meta property=\"og:image:width\" content=\"800\" \/>\n\t<meta property=\"og:image:height\" content=\"800\" \/>\n\t<meta property=\"og:image:type\" content=\"image\/jpeg\" \/>\n<meta name=\"twitter:card\" content=\"summary_large_image\" \/>\n<meta name=\"twitter:label1\" content=\"Estimation du temps de lecture\" \/>\n\t<meta name=\"twitter:data1\" content=\"1 minute\" \/>\n<script type=\"application\/ld+json\" class=\"yoast-schema-graph\">{\"@context\":\"https:\\\/\\\/schema.org\",\"@graph\":[{\"@type\":\"WebPage\",\"@id\":\"https:\\\/\\\/ksproducts.ca\\\/product\\\/klymit-pillow-x-lightweight-inflatable-camp-pillow-large\\\/\",\"url\":\"https:\\\/\\\/ksproducts.ca\\\/product\\\/klymit-pillow-x-lightweight-inflatable-camp-pillow-large\\\/\",\"name\":\"Klymit Pillow X Lightweight Inflatable Camp Pillow - Large - Ks Products\",\"isPartOf\":{\"@id\":\"https:\\\/\\\/ksproducts.ca\\\/#website\"},\"primaryImageOfPage\":{\"@id\":\"https:\\\/\\\/ksproducts.ca\\\/product\\\/klymit-pillow-x-lightweight-inflatable-camp-pillow-large\\\/#primaryimage\"},\"image\":{\"@id\":\"https:\\\/\\\/ksproducts.ca\\\/product\\\/klymit-pillow-x-lightweight-inflatable-camp-pillow-large\\\/#primaryimage\"},\"thumbnailUrl\":\"https:\\\/\\\/ksproducts.ca\\\/wp-content\\\/uploads\\\/2026\\\/03\\\/12PLTL01D.jpg\",\"datePublished\":\"2026-03-03T20:04:56+00:00\",\"breadcrumb\":{\"@id\":\"https:\\\/\\\/ksproducts.ca\\\/product\\\/klymit-pillow-x-lightweight-inflatable-camp-pillow-large\\\/#breadcrumb\"},\"inLanguage\":\"fr-CA\",\"potentialAction\":[{\"@type\":\"ReadAction\",\"target\":[\"https:\\\/\\\/ksproducts.ca\\\/product\\\/klymit-pillow-x-lightweight-inflatable-camp-pillow-large\\\/\"]}]},{\"@type\":\"ImageObject\",\"inLanguage\":\"fr-CA\",\"@id\":\"https:\\\/\\\/ksproducts.ca\\\/product\\\/klymit-pillow-x-lightweight-inflatable-camp-pillow-large\\\/#primaryimage\",\"url\":\"https:\\\/\\\/ksproducts.ca\\\/wp-content\\\/uploads\\\/2026\\\/03\\\/12PLTL01D.jpg\",\"contentUrl\":\"https:\\\/\\\/ksproducts.ca\\\/wp-content\\\/uploads\\\/2026\\\/03\\\/12PLTL01D.jpg\",\"width\":800,\"height\":800,\"caption\":\"Klymit Pillow X Lightweight Inflatable Camp Pillow - Large\"},{\"@type\":\"BreadcrumbList\",\"@id\":\"https:\\\/\\\/ksproducts.ca\\\/product\\\/klymit-pillow-x-lightweight-inflatable-camp-pillow-large\\\/#breadcrumb\",\"itemListElement\":[{\"@type\":\"ListItem\",\"position\":1,\"name\":\"Home\",\"item\":\"https:\\\/\\\/ksproducts.ca\\\/\"},{\"@type\":\"ListItem\",\"position\":2,\"name\":\"Shop\",\"item\":\"https:\\\/\\\/ksproducts.ca\\\/shop\\\/\"},{\"@type\":\"ListItem\",\"position\":3,\"name\":\"Klymit Pillow X Lightweight Inflatable Camp Pillow &#8211; Large\"}]},{\"@type\":\"WebSite\",\"@id\":\"https:\\\/\\\/ksproducts.ca\\\/#website\",\"url\":\"https:\\\/\\\/ksproducts.ca\\\/\",\"name\":\"Ks Products\",\"description\":\"Outdoor cooking and living, made easy in Canada\",\"publisher\":{\"@id\":\"https:\\\/\\\/ksproducts.ca\\\/#organization\"},\"potentialAction\":[{\"@type\":\"SearchAction\",\"target\":{\"@type\":\"EntryPoint\",\"urlTemplate\":\"https:\\\/\\\/ksproducts.ca\\\/?s={search_term_string}\"},\"query-input\":{\"@type\":\"PropertyValueSpecification\",\"valueRequired\":true,\"valueName\":\"search_term_string\"}}],\"inLanguage\":\"fr-CA\"},{\"@type\":\"Organization\",\"@id\":\"https:\\\/\\\/ksproducts.ca\\\/#organization\",\"name\":\"Ks Products\",\"url\":\"https:\\\/\\\/ksproducts.ca\\\/\",\"logo\":{\"@type\":\"ImageObject\",\"inLanguage\":\"fr-CA\",\"@id\":\"https:\\\/\\\/ksproducts.ca\\\/#\\\/schema\\\/logo\\\/image\\\/\",\"url\":\"https:\\\/\\\/ksproducts.ca\\\/wp-content\\\/uploads\\\/2023\\\/09\\\/Kennedy-Sales-Logo-header-1.png\",\"contentUrl\":\"https:\\\/\\\/ksproducts.ca\\\/wp-content\\\/uploads\\\/2023\\\/09\\\/Kennedy-Sales-Logo-header-1.png\",\"width\":150,\"height\":77,\"caption\":\"Ks Products\"},\"image\":{\"@id\":\"https:\\\/\\\/ksproducts.ca\\\/#\\\/schema\\\/logo\\\/image\\\/\"}}]}<\/script>\n<!-- \/ Yoast SEO plugin. -->","yoast_head_json":{"title":"Klymit Pillow X l\u00e9ger gonflable pour camping - Grand mod\u00e8le - Ks Products","robots":{"index":"index","follow":"follow","max-snippet":"max-snippet:-1","max-image-preview":"max-image-preview:large","max-video-preview":"max-video-preview:-1"},"canonical":"https:\/\/ksproducts.ca\/fr\/product\/klymit-pillow-x-oreiller-de-camping-leger-gonflable-grand-format\/","og_locale":"fr_CA","og_type":"article","og_title":"Klymit Pillow X Lightweight Inflatable Camp Pillow - Large - Ks Products","og_description":"The advanced, self-centering X design positions and cradles your head for supportive, stable comfort. Weighing just 3.2 ounces, and packing down to the size of a wallet, this technically advanced pillow is a luxurious necessity for backcountry travel \u2013 and it\u2019s great for car camping, too.","og_url":"https:\/\/ksproducts.ca\/fr\/product\/klymit-pillow-x-oreiller-de-camping-leger-gonflable-grand-format\/","og_site_name":"Ks Products","og_image":[{"width":800,"height":800,"url":"https:\/\/ksproducts.ca\/wp-content\/uploads\/2026\/03\/12PLTL01D.jpg","type":"image\/jpeg"}],"twitter_card":"summary_large_image","twitter_misc":{"Estimation du temps de lecture":"1 minute"},"schema":{"@context":"https:\/\/schema.org","@graph":[{"@type":"WebPage","@id":"https:\/\/ksproducts.ca\/product\/klymit-pillow-x-lightweight-inflatable-camp-pillow-large\/","url":"https:\/\/ksproducts.ca\/product\/klymit-pillow-x-lightweight-inflatable-camp-pillow-large\/","name":"Klymit Pillow X l\u00e9ger gonflable pour camping - Grand mod\u00e8le - Ks Products","isPartOf":{"@id":"https:\/\/ksproducts.ca\/#website"},"primaryImageOfPage":{"@id":"https:\/\/ksproducts.ca\/product\/klymit-pillow-x-lightweight-inflatable-camp-pillow-large\/#primaryimage"},"image":{"@id":"https:\/\/ksproducts.ca\/product\/klymit-pillow-x-lightweight-inflatable-camp-pillow-large\/#primaryimage"},"thumbnailUrl":"https:\/\/ksproducts.ca\/wp-content\/uploads\/2026\/03\/12PLTL01D.jpg","datePublished":"2026-03-03T20:04:56+00:00","breadcrumb":{"@id":"https:\/\/ksproducts.ca\/product\/klymit-pillow-x-lightweight-inflatable-camp-pillow-large\/#breadcrumb"},"inLanguage":"fr-CA","potentialAction":[{"@type":"ReadAction","target":["https:\/\/ksproducts.ca\/product\/klymit-pillow-x-lightweight-inflatable-camp-pillow-large\/"]}]},{"@type":"ImageObject","inLanguage":"fr-CA","@id":"https:\/\/ksproducts.ca\/product\/klymit-pillow-x-lightweight-inflatable-camp-pillow-large\/#primaryimage","url":"https:\/\/ksproducts.ca\/wp-content\/uploads\/2026\/03\/12PLTL01D.jpg","contentUrl":"https:\/\/ksproducts.ca\/wp-content\/uploads\/2026\/03\/12PLTL01D.jpg","width":800,"height":800,"caption":"Klymit Pillow X Lightweight Inflatable Camp Pillow - Large"},{"@type":"BreadcrumbList","@id":"https:\/\/ksproducts.ca\/product\/klymit-pillow-x-lightweight-inflatable-camp-pillow-large\/#breadcrumb","itemListElement":[{"@type":"ListItem","position":1,"name":"Home","item":"https:\/\/ksproducts.ca\/"},{"@type":"ListItem","position":2,"name":"Shop","item":"https:\/\/ksproducts.ca\/shop\/"},{"@type":"ListItem","position":3,"name":"Klymit Pillow X Lightweight Inflatable Camp Pillow &#8211; Large"}]},{"@type":"WebSite","@id":"https:\/\/ksproducts.ca\/#website","url":"https:\/\/ksproducts.ca\/","name":"Produits Ks","description":"Cuisiner et vivre en plein air, c'est facile au Canada","publisher":{"@id":"https:\/\/ksproducts.ca\/#organization"},"potentialAction":[{"@type":"SearchAction","target":{"@type":"EntryPoint","urlTemplate":"https:\/\/ksproducts.ca\/?s={search_term_string}"},"query-input":{"@type":"PropertyValueSpecification","valueRequired":true,"valueName":"search_term_string"}}],"inLanguage":"fr-CA"},{"@type":"Organization","@id":"https:\/\/ksproducts.ca\/#organization","name":"Produits Ks","url":"https:\/\/ksproducts.ca\/","logo":{"@type":"ImageObject","inLanguage":"fr-CA","@id":"https:\/\/ksproducts.ca\/#\/schema\/logo\/image\/","url":"https:\/\/ksproducts.ca\/wp-content\/uploads\/2023\/09\/Kennedy-Sales-Logo-header-1.png","contentUrl":"https:\/\/ksproducts.ca\/wp-content\/uploads\/2023\/09\/Kennedy-Sales-Logo-header-1.png","width":150,"height":77,"caption":"Ks Products"},"image":{"@id":"https:\/\/ksproducts.ca\/#\/schema\/logo\/image\/"}}]}},"_links":{"self":[{"href":"https:\/\/ksproducts.ca\/fr\/wp-json\/wp\/v2\/product\/11333","targetHints":{"allow":["GET"]}}],"collection":[{"href":"https:\/\/ksproducts.ca\/fr\/wp-json\/wp\/v2\/product"}],"about":[{"href":"https:\/\/ksproducts.ca\/fr\/wp-json\/wp\/v2\/types\/product"}],"replies":[{"embeddable":true,"href":"https:\/\/ksproducts.ca\/fr\/wp-json\/wp\/v2\/comments?post=11333"}],"version-history":[{"count":1,"href":"https:\/\/ksproducts.ca\/fr\/wp-json\/wp\/v2\/product\/11333\/revisions"}],"predecessor-version":[{"id":11335,"href":"https:\/\/ksproducts.ca\/fr\/wp-json\/wp\/v2\/product\/11333\/revisions\/11335"}],"wp:featuredmedia":[{"embeddable":true,"href":"https:\/\/ksproducts.ca\/fr\/wp-json\/wp\/v2\/media\/11334"}],"wp:attachment":[{"href":"https:\/\/ksproducts.ca\/fr\/wp-json\/wp\/v2\/media?parent=11333"}],"wp:term":[{"taxonomy":"product_cat","embeddable":true,"href":"https:\/\/ksproducts.ca\/fr\/wp-json\/wp\/v2\/product_cat?post=11333"},{"taxonomy":"product_tag","embeddable":true,"href":"https:\/\/ksproducts.ca\/fr\/wp-json\/wp\/v2\/product_tag?post=11333"}],"curies":[{"name":"wp","href":"https:\/\/api.w.org\/{rel}","templated":true}]}}