{"id":11336,"date":"2026-03-03T20:10:59","date_gmt":"2026-03-03T20:10:59","guid":{"rendered":"https:\/\/ksproducts.ca\/?post_type=product&#038;p=11336"},"modified":"2026-03-03T20:10:59","modified_gmt":"2026-03-03T20:10:59","slug":"klymit-drift-oreiller-de-camping-leger-en-mousse-a-memoire-de-forme-dechiquetee","status":"publish","type":"product","link":"https:\/\/ksproducts.ca\/fr\/product\/klymit-drift-lightweight-shredded-memory-foam-camp-pillow\/","title":{"rendered":"Klymit Drift Oreiller de camp l\u00e9ger en mousse \u00e0 m\u00e9moire de forme d\u00e9chiquet\u00e9e"},"content":{"rendered":"<ul>\n<li>Oreiller<\/li>\n<li>Coque ext\u00e9rieure durable, facile \u00e0 nettoyer et r\u00e9sistante \u00e0 l'eau<\/li>\n<li>Taie int\u00e9rieure confortable en coton jersey<\/li>\n<li>La mousse \u00e0 m\u00e9moire de forme d\u00e9chiquet\u00e9e trouve l'\u00e9quilibre entre soutien et confort<\/li>\n<li>La coque est amovible et lavable en machine<\/li>\n<li>Se compacte facilement pour voyager<\/li>\n<\/ul>","protected":false},"excerpt":{"rendered":"<p>Laissez-le tomber dans la terre, renversez-le, tra\u00eenez-le sur le sol... PAS DE SINISTRE ! Il suffit de le retourner, de le rouler et de le ranger pour d\u00e9couvrir la douce enveloppe en coton Jersey. L'oreiller Drift est dot\u00e9 d'une enveloppe ext\u00e9rieure durable, facile \u00e0 nettoyer et r\u00e9sistante \u00e0 l'eau pour les voyages.<\/p>","protected":false},"featured_media":11337,"comment_status":"open","ping_status":"closed","template":"","meta":[],"product_cat":[431],"product_tag":[],"class_list":{"0":"post-11336","1":"product","2":"type-product","3":"status-publish","4":"has-post-thumbnail","6":"product_cat-camping-rv-essentials","7":"product_shipping_class-class-1","9":"first","10":"instock","11":"taxable","12":"shipping-taxable","13":"purchasable","14":"product-type-simple"},"yoast_head":"<!-- This site is optimized with the Yoast SEO plugin v27.4 - https:\/\/yoast.com\/product\/yoast-seo-wordpress\/ -->\n<title>Klymit Drift Lightweight Shredded Memory Foam Camp Pillow - Ks Products<\/title>\n<meta name=\"robots\" content=\"index, follow, max-snippet:-1, max-image-preview:large, max-video-preview:-1\" \/>\n<link rel=\"canonical\" href=\"https:\/\/ksproducts.ca\/fr\/product\/klymit-drift-oreiller-de-camping-leger-en-mousse-a-memoire-de-forme-dechiquetee\/\" \/>\n<meta property=\"og:locale\" content=\"fr_CA\" \/>\n<meta property=\"og:type\" content=\"article\" \/>\n<meta property=\"og:title\" content=\"Klymit Drift Lightweight Shredded Memory Foam Camp Pillow - Ks Products\" \/>\n<meta property=\"og:description\" content=\"Drop it in the dirt, spill on it, drag it on the ground...NO WORRIES! Just flip, roll, and stow to reveal the soft Jersey cotton shell. The Drift Pillow features a durable, easy-to-clean, water resistant outer shell for travel.\" \/>\n<meta property=\"og:url\" content=\"https:\/\/ksproducts.ca\/fr\/product\/klymit-drift-oreiller-de-camping-leger-en-mousse-a-memoire-de-forme-dechiquetee\/\" \/>\n<meta property=\"og:site_name\" content=\"Ks Products\" \/>\n<meta property=\"og:image\" content=\"https:\/\/ksproducts.ca\/wp-content\/uploads\/2026\/03\/12DRGR01C.webp\" \/>\n\t<meta property=\"og:image:width\" content=\"750\" \/>\n\t<meta property=\"og:image:height\" content=\"750\" \/>\n\t<meta property=\"og:image:type\" content=\"image\/webp\" \/>\n<meta name=\"twitter:card\" content=\"summary_large_image\" \/>\n<meta name=\"twitter:label1\" content=\"Estimation du temps de lecture\" \/>\n\t<meta name=\"twitter:data1\" content=\"1 minute\" \/>\n<script type=\"application\/ld+json\" class=\"yoast-schema-graph\">{\"@context\":\"https:\\\/\\\/schema.org\",\"@graph\":[{\"@type\":\"WebPage\",\"@id\":\"https:\\\/\\\/ksproducts.ca\\\/product\\\/klymit-drift-lightweight-shredded-memory-foam-camp-pillow\\\/\",\"url\":\"https:\\\/\\\/ksproducts.ca\\\/product\\\/klymit-drift-lightweight-shredded-memory-foam-camp-pillow\\\/\",\"name\":\"Klymit Drift Lightweight Shredded Memory Foam Camp Pillow - Ks Products\",\"isPartOf\":{\"@id\":\"https:\\\/\\\/ksproducts.ca\\\/#website\"},\"primaryImageOfPage\":{\"@id\":\"https:\\\/\\\/ksproducts.ca\\\/product\\\/klymit-drift-lightweight-shredded-memory-foam-camp-pillow\\\/#primaryimage\"},\"image\":{\"@id\":\"https:\\\/\\\/ksproducts.ca\\\/product\\\/klymit-drift-lightweight-shredded-memory-foam-camp-pillow\\\/#primaryimage\"},\"thumbnailUrl\":\"https:\\\/\\\/ksproducts.ca\\\/wp-content\\\/uploads\\\/2026\\\/03\\\/12DRGR01C.webp\",\"datePublished\":\"2026-03-03T20:10:59+00:00\",\"breadcrumb\":{\"@id\":\"https:\\\/\\\/ksproducts.ca\\\/product\\\/klymit-drift-lightweight-shredded-memory-foam-camp-pillow\\\/#breadcrumb\"},\"inLanguage\":\"fr-CA\",\"potentialAction\":[{\"@type\":\"ReadAction\",\"target\":[\"https:\\\/\\\/ksproducts.ca\\\/product\\\/klymit-drift-lightweight-shredded-memory-foam-camp-pillow\\\/\"]}]},{\"@type\":\"ImageObject\",\"inLanguage\":\"fr-CA\",\"@id\":\"https:\\\/\\\/ksproducts.ca\\\/product\\\/klymit-drift-lightweight-shredded-memory-foam-camp-pillow\\\/#primaryimage\",\"url\":\"https:\\\/\\\/ksproducts.ca\\\/wp-content\\\/uploads\\\/2026\\\/03\\\/12DRGR01C.webp\",\"contentUrl\":\"https:\\\/\\\/ksproducts.ca\\\/wp-content\\\/uploads\\\/2026\\\/03\\\/12DRGR01C.webp\",\"width\":750,\"height\":750,\"caption\":\"Klymit Drift Lightweight Shredded Memory Foam Camp Pillow\"},{\"@type\":\"BreadcrumbList\",\"@id\":\"https:\\\/\\\/ksproducts.ca\\\/product\\\/klymit-drift-lightweight-shredded-memory-foam-camp-pillow\\\/#breadcrumb\",\"itemListElement\":[{\"@type\":\"ListItem\",\"position\":1,\"name\":\"Home\",\"item\":\"https:\\\/\\\/ksproducts.ca\\\/\"},{\"@type\":\"ListItem\",\"position\":2,\"name\":\"Shop\",\"item\":\"https:\\\/\\\/ksproducts.ca\\\/shop\\\/\"},{\"@type\":\"ListItem\",\"position\":3,\"name\":\"Klymit Drift Lightweight Shredded Memory Foam Camp Pillow\"}]},{\"@type\":\"WebSite\",\"@id\":\"https:\\\/\\\/ksproducts.ca\\\/#website\",\"url\":\"https:\\\/\\\/ksproducts.ca\\\/\",\"name\":\"Ks Products\",\"description\":\"Outdoor cooking and living, made easy in Canada\",\"publisher\":{\"@id\":\"https:\\\/\\\/ksproducts.ca\\\/#organization\"},\"potentialAction\":[{\"@type\":\"SearchAction\",\"target\":{\"@type\":\"EntryPoint\",\"urlTemplate\":\"https:\\\/\\\/ksproducts.ca\\\/?s={search_term_string}\"},\"query-input\":{\"@type\":\"PropertyValueSpecification\",\"valueRequired\":true,\"valueName\":\"search_term_string\"}}],\"inLanguage\":\"fr-CA\"},{\"@type\":\"Organization\",\"@id\":\"https:\\\/\\\/ksproducts.ca\\\/#organization\",\"name\":\"Ks Products\",\"url\":\"https:\\\/\\\/ksproducts.ca\\\/\",\"logo\":{\"@type\":\"ImageObject\",\"inLanguage\":\"fr-CA\",\"@id\":\"https:\\\/\\\/ksproducts.ca\\\/#\\\/schema\\\/logo\\\/image\\\/\",\"url\":\"https:\\\/\\\/ksproducts.ca\\\/wp-content\\\/uploads\\\/2023\\\/09\\\/Kennedy-Sales-Logo-header-1.png\",\"contentUrl\":\"https:\\\/\\\/ksproducts.ca\\\/wp-content\\\/uploads\\\/2023\\\/09\\\/Kennedy-Sales-Logo-header-1.png\",\"width\":150,\"height\":77,\"caption\":\"Ks Products\"},\"image\":{\"@id\":\"https:\\\/\\\/ksproducts.ca\\\/#\\\/schema\\\/logo\\\/image\\\/\"}}]}<\/script>\n<!-- \/ Yoast SEO plugin. -->","yoast_head_json":{"title":"Klymit Drift Oreiller de camping l\u00e9ger en mousse \u00e0 m\u00e9moire de forme d\u00e9chiquet\u00e9e - Produits Ks","robots":{"index":"index","follow":"follow","max-snippet":"max-snippet:-1","max-image-preview":"max-image-preview:large","max-video-preview":"max-video-preview:-1"},"canonical":"https:\/\/ksproducts.ca\/fr\/product\/klymit-drift-oreiller-de-camping-leger-en-mousse-a-memoire-de-forme-dechiquetee\/","og_locale":"fr_CA","og_type":"article","og_title":"Klymit Drift Lightweight Shredded Memory Foam Camp Pillow - Ks Products","og_description":"Drop it in the dirt, spill on it, drag it on the ground...NO WORRIES! Just flip, roll, and stow to reveal the soft Jersey cotton shell. The Drift Pillow features a durable, easy-to-clean, water resistant outer shell for travel.","og_url":"https:\/\/ksproducts.ca\/fr\/product\/klymit-drift-oreiller-de-camping-leger-en-mousse-a-memoire-de-forme-dechiquetee\/","og_site_name":"Ks Products","og_image":[{"width":750,"height":750,"url":"https:\/\/ksproducts.ca\/wp-content\/uploads\/2026\/03\/12DRGR01C.webp","type":"image\/webp"}],"twitter_card":"summary_large_image","twitter_misc":{"Estimation du temps de lecture":"1 minute"},"schema":{"@context":"https:\/\/schema.org","@graph":[{"@type":"WebPage","@id":"https:\/\/ksproducts.ca\/product\/klymit-drift-lightweight-shredded-memory-foam-camp-pillow\/","url":"https:\/\/ksproducts.ca\/product\/klymit-drift-lightweight-shredded-memory-foam-camp-pillow\/","name":"Klymit Drift Oreiller de camping l\u00e9ger en mousse \u00e0 m\u00e9moire de forme d\u00e9chiquet\u00e9e - Produits Ks","isPartOf":{"@id":"https:\/\/ksproducts.ca\/#website"},"primaryImageOfPage":{"@id":"https:\/\/ksproducts.ca\/product\/klymit-drift-lightweight-shredded-memory-foam-camp-pillow\/#primaryimage"},"image":{"@id":"https:\/\/ksproducts.ca\/product\/klymit-drift-lightweight-shredded-memory-foam-camp-pillow\/#primaryimage"},"thumbnailUrl":"https:\/\/ksproducts.ca\/wp-content\/uploads\/2026\/03\/12DRGR01C.webp","datePublished":"2026-03-03T20:10:59+00:00","breadcrumb":{"@id":"https:\/\/ksproducts.ca\/product\/klymit-drift-lightweight-shredded-memory-foam-camp-pillow\/#breadcrumb"},"inLanguage":"fr-CA","potentialAction":[{"@type":"ReadAction","target":["https:\/\/ksproducts.ca\/product\/klymit-drift-lightweight-shredded-memory-foam-camp-pillow\/"]}]},{"@type":"ImageObject","inLanguage":"fr-CA","@id":"https:\/\/ksproducts.ca\/product\/klymit-drift-lightweight-shredded-memory-foam-camp-pillow\/#primaryimage","url":"https:\/\/ksproducts.ca\/wp-content\/uploads\/2026\/03\/12DRGR01C.webp","contentUrl":"https:\/\/ksproducts.ca\/wp-content\/uploads\/2026\/03\/12DRGR01C.webp","width":750,"height":750,"caption":"Klymit Drift Lightweight Shredded Memory Foam Camp Pillow"},{"@type":"BreadcrumbList","@id":"https:\/\/ksproducts.ca\/product\/klymit-drift-lightweight-shredded-memory-foam-camp-pillow\/#breadcrumb","itemListElement":[{"@type":"ListItem","position":1,"name":"Home","item":"https:\/\/ksproducts.ca\/"},{"@type":"ListItem","position":2,"name":"Shop","item":"https:\/\/ksproducts.ca\/shop\/"},{"@type":"ListItem","position":3,"name":"Klymit Drift Lightweight Shredded Memory Foam Camp Pillow"}]},{"@type":"WebSite","@id":"https:\/\/ksproducts.ca\/#website","url":"https:\/\/ksproducts.ca\/","name":"Produits Ks","description":"Cuisiner et vivre en plein air, c'est facile au Canada","publisher":{"@id":"https:\/\/ksproducts.ca\/#organization"},"potentialAction":[{"@type":"SearchAction","target":{"@type":"EntryPoint","urlTemplate":"https:\/\/ksproducts.ca\/?s={search_term_string}"},"query-input":{"@type":"PropertyValueSpecification","valueRequired":true,"valueName":"search_term_string"}}],"inLanguage":"fr-CA"},{"@type":"Organization","@id":"https:\/\/ksproducts.ca\/#organization","name":"Produits Ks","url":"https:\/\/ksproducts.ca\/","logo":{"@type":"ImageObject","inLanguage":"fr-CA","@id":"https:\/\/ksproducts.ca\/#\/schema\/logo\/image\/","url":"https:\/\/ksproducts.ca\/wp-content\/uploads\/2023\/09\/Kennedy-Sales-Logo-header-1.png","contentUrl":"https:\/\/ksproducts.ca\/wp-content\/uploads\/2023\/09\/Kennedy-Sales-Logo-header-1.png","width":150,"height":77,"caption":"Ks Products"},"image":{"@id":"https:\/\/ksproducts.ca\/#\/schema\/logo\/image\/"}}]}},"_links":{"self":[{"href":"https:\/\/ksproducts.ca\/fr\/wp-json\/wp\/v2\/product\/11336","targetHints":{"allow":["GET"]}}],"collection":[{"href":"https:\/\/ksproducts.ca\/fr\/wp-json\/wp\/v2\/product"}],"about":[{"href":"https:\/\/ksproducts.ca\/fr\/wp-json\/wp\/v2\/types\/product"}],"replies":[{"embeddable":true,"href":"https:\/\/ksproducts.ca\/fr\/wp-json\/wp\/v2\/comments?post=11336"}],"version-history":[{"count":1,"href":"https:\/\/ksproducts.ca\/fr\/wp-json\/wp\/v2\/product\/11336\/revisions"}],"predecessor-version":[{"id":11338,"href":"https:\/\/ksproducts.ca\/fr\/wp-json\/wp\/v2\/product\/11336\/revisions\/11338"}],"wp:featuredmedia":[{"embeddable":true,"href":"https:\/\/ksproducts.ca\/fr\/wp-json\/wp\/v2\/media\/11337"}],"wp:attachment":[{"href":"https:\/\/ksproducts.ca\/fr\/wp-json\/wp\/v2\/media?parent=11336"}],"wp:term":[{"taxonomy":"product_cat","embeddable":true,"href":"https:\/\/ksproducts.ca\/fr\/wp-json\/wp\/v2\/product_cat?post=11336"},{"taxonomy":"product_tag","embeddable":true,"href":"https:\/\/ksproducts.ca\/fr\/wp-json\/wp\/v2\/product_tag?post=11336"}],"curies":[{"name":"wp","href":"https:\/\/api.w.org\/{rel}","templated":true}]}}